











{"id":114708,"date":"2026-02-05T13:52:44","date_gmt":"2026-02-05T13:52:44","guid":{"rendered":"https:\/\/ses-creative.com\/?post_type=product&#038;p=114708"},"modified":"2026-02-06T09:51:40","modified_gmt":"2026-02-06T09:51:40","slug":"blow-airbrush-pens-welpen-surprise-3x","status":"publish","type":"product","link":"https:\/\/ses-creative.com\/de\/produkt\/blow-airbrush-pens-welpen-surprise-3x\/","title":{"rendered":"Blow airbrush Pens &#8211; Welpen surprise 3x"},"content":{"rendered":"<p>Mit dem Blow Airbrush Puppies Surprise Set von SES Creative entdecken Kinder drei \u00dcberraschungs-Welpen, die sie selbst dekorieren k\u00f6nnen. Mithilfe der vier farbigen Blasstifte (Rosa, Blau, Orange, Gelb) wird jede Figur zu einer lebendigen Leinwand f\u00fcr kreative Gestaltung. Die Kinder nutzen ihren Atem, um spielerische Airbrush-Effekte zu erzeugen, ganz ohne direkten Kontakt mit der Tinte. Die Welpen sind weich, abwaschbar und unendlich oft dekorierbar \u2013 ein einfaches Absp\u00fclen mit Wasser gen\u00fcgt, um das Spiel von Neuem zu beginnen. Dieses Set st\u00e4rkt die Hand-Auge-Koordination, die Atemkontrolle und die Feinmotorik, w\u00e4hrend es gleichzeitig Autonomie und Kreativit\u00e4t f\u00f6rdert. Hergestellt in der SES Creative Fabrik in Enschede, entspricht es den strengsten Standards: sicher, abwaschbar, hypoallergen und 100 % CO\u2082-neutral. Eine originelle, wiederverwendbare und saubere Bastelaktivit\u00e4t \u2013 perfekt f\u00fcr junge Tierfreunde und kreative K\u00f6pfe ab 5 Jahren.<\/p>\n","protected":false},"excerpt":{"rendered":"<p>Mit dem Blow Airbrush Puppies Surprise Set von SES Creative entdecken Kinder drei \u00dcberraschungs-Welpen, die sie selbst dekorieren k\u00f6nnen. Mithilfe der vier farbigen Blasstifte (Rosa, Blau, Orange, Gelb) wird jede Figur zu einer lebendigen Leinwand f\u00fcr kreative Gestaltung. Die Kinder nutzen ihren Atem, um spielerische Airbrush-Effekte zu erzeugen, ganz ohne direkten Kontakt mit der Tinte. [&hellip;]<\/p>\n","protected":false},"featured_media":102716,"comment_status":"closed","ping_status":"closed","template":"","meta":{"_acf_changed":false},"product_brand":[],"product_cat":[115],"product_tag":[],"class_list":{"0":"post-114708","1":"product","2":"type-product","3":"status-publish","4":"has-post-thumbnail","6":"product_cat-basteln","7":"pa_collecties-blow-airbrush-pens","8":"pa_leeftijd-filter-4-6-jahre","9":"pa_meest-populair-bij-maedchen","11":"first","12":"instock","13":"shipping-taxable","14":"product-type-simple"},"acf":[],"yoast_head":"<!-- This site is optimized with the Yoast SEO plugin v27.2 - https:\/\/yoast.com\/product\/yoast-seo-wordpress\/ -->\n<title>Blow airbrush Pens - Welpen surprise 3x - SES Creative<\/title>\n<meta name=\"robots\" content=\"index, follow, max-snippet:-1, max-image-preview:large, max-video-preview:-1\" \/>\n<link rel=\"canonical\" href=\"https:\/\/ses-creative.com\/de\/produkt\/blow-airbrush-pens-welpen-surprise-3x\/\" \/>\n<meta property=\"og:locale\" content=\"de_DE\" \/>\n<meta property=\"og:type\" content=\"article\" \/>\n<meta property=\"og:title\" content=\"Blow airbrush Pens - Welpen surprise 3x - SES Creative\" \/>\n<meta property=\"og:description\" content=\"Mit dem Blow Airbrush Puppies Surprise Set von SES Creative entdecken Kinder drei \u00dcberraschungs-Welpen, die sie selbst dekorieren k\u00f6nnen. Mithilfe der vier farbigen Blasstifte (Rosa, Blau, Orange, Gelb) wird jede Figur zu einer lebendigen Leinwand f\u00fcr kreative Gestaltung. Die Kinder nutzen ihren Atem, um spielerische Airbrush-Effekte zu erzeugen, ganz ohne direkten Kontakt mit der Tinte. [&hellip;]\" \/>\n<meta property=\"og:url\" content=\"https:\/\/ses-creative.com\/de\/produkt\/blow-airbrush-pens-welpen-surprise-3x\/\" \/>\n<meta property=\"og:site_name\" content=\"SES Creative\" \/>\n<meta property=\"article:modified_time\" content=\"2026-02-06T09:51:40+00:00\" \/>\n<meta name=\"twitter:card\" content=\"summary_large_image\" \/>\n<meta name=\"twitter:label1\" content=\"Gesch\u00e4tzte Lesezeit\" \/>\n\t<meta name=\"twitter:data1\" content=\"1\u00a0Minute\" \/>\n<script type=\"application\/ld+json\" class=\"yoast-schema-graph\">{\"@context\":\"https:\/\/schema.org\",\"@graph\":[{\"@type\":\"WebPage\",\"@id\":\"https:\/\/ses-creative.com\/de\/produkt\/blow-airbrush-pens-welpen-surprise-3x\/\",\"url\":\"https:\/\/ses-creative.com\/de\/produkt\/blow-airbrush-pens-welpen-surprise-3x\/\",\"name\":\"Blow airbrush Pens - Welpen surprise 3x - SES Creative\",\"isPartOf\":{\"@id\":\"https:\/\/ses-creative.com\/#website\"},\"primaryImageOfPage\":{\"@id\":\"https:\/\/ses-creative.com\/de\/produkt\/blow-airbrush-pens-welpen-surprise-3x\/#primaryimage\"},\"image\":{\"@id\":\"https:\/\/ses-creative.com\/de\/produkt\/blow-airbrush-pens-welpen-surprise-3x\/#primaryimage\"},\"thumbnailUrl\":\"https:\/\/ses-creative.com\/wp-content\/uploads\/2026\/01\/143331.jpg\",\"datePublished\":\"2026-02-05T13:52:44+00:00\",\"dateModified\":\"2026-02-06T09:51:40+00:00\",\"breadcrumb\":{\"@id\":\"https:\/\/ses-creative.com\/de\/produkt\/blow-airbrush-pens-welpen-surprise-3x\/#breadcrumb\"},\"inLanguage\":\"de\",\"potentialAction\":[{\"@type\":\"ReadAction\",\"target\":[\"https:\/\/ses-creative.com\/de\/produkt\/blow-airbrush-pens-welpen-surprise-3x\/\"]}]},{\"@type\":\"ImageObject\",\"inLanguage\":\"de\",\"@id\":\"https:\/\/ses-creative.com\/de\/produkt\/blow-airbrush-pens-welpen-surprise-3x\/#primaryimage\",\"url\":\"https:\/\/ses-creative.com\/wp-content\/uploads\/2026\/01\/143331.jpg\",\"contentUrl\":\"https:\/\/ses-creative.com\/wp-content\/uploads\/2026\/01\/143331.jpg\",\"width\":1000,\"height\":1000},{\"@type\":\"BreadcrumbList\",\"@id\":\"https:\/\/ses-creative.com\/de\/produkt\/blow-airbrush-pens-welpen-surprise-3x\/#breadcrumb\",\"itemListElement\":[{\"@type\":\"ListItem\",\"position\":1,\"name\":\"Shop\",\"item\":\"https:\/\/ses-creative.com\/de\/shop\/\"},{\"@type\":\"ListItem\",\"position\":2,\"name\":\"Basteln\",\"item\":\"https:\/\/ses-creative.com\/de\/product-categorie\/basteln\/\"},{\"@type\":\"ListItem\",\"position\":3,\"name\":\"Blow airbrush Pens &#8211; Welpen surprise 3x\"}]},{\"@type\":\"WebSite\",\"@id\":\"https:\/\/ses-creative.com\/#website\",\"url\":\"https:\/\/ses-creative.com\/\",\"name\":\"SES Creative\",\"description\":\"\",\"publisher\":{\"@id\":\"https:\/\/ses-creative.com\/#organization\"},\"potentialAction\":[{\"@type\":\"SearchAction\",\"target\":{\"@type\":\"EntryPoint\",\"urlTemplate\":\"https:\/\/ses-creative.com\/?s={search_term_string}\"},\"query-input\":{\"@type\":\"PropertyValueSpecification\",\"valueRequired\":true,\"valueName\":\"search_term_string\"}}],\"inLanguage\":\"de\"},{\"@type\":\"Organization\",\"@id\":\"https:\/\/ses-creative.com\/#organization\",\"name\":\"SES Creative\",\"url\":\"https:\/\/ses-creative.com\/\",\"logo\":{\"@type\":\"ImageObject\",\"inLanguage\":\"de\",\"@id\":\"https:\/\/ses-creative.com\/#\/schema\/logo\/image\/\",\"url\":\"https:\/\/ses-creative.com\/wp-content\/uploads\/2025\/10\/ses-creative-logo.jpg\",\"contentUrl\":\"https:\/\/ses-creative.com\/wp-content\/uploads\/2025\/10\/ses-creative-logo.jpg\",\"width\":2037,\"height\":2037,\"caption\":\"SES Creative\"},\"image\":{\"@id\":\"https:\/\/ses-creative.com\/#\/schema\/logo\/image\/\"}}]}<\/script>\n<!-- \/ Yoast SEO plugin. -->","yoast_head_json":{"title":"Blow airbrush Pens - Welpen surprise 3x - SES Creative","robots":{"index":"index","follow":"follow","max-snippet":"max-snippet:-1","max-image-preview":"max-image-preview:large","max-video-preview":"max-video-preview:-1"},"canonical":"https:\/\/ses-creative.com\/de\/produkt\/blow-airbrush-pens-welpen-surprise-3x\/","og_locale":"de_DE","og_type":"article","og_title":"Blow airbrush Pens - Welpen surprise 3x - SES Creative","og_description":"Mit dem Blow Airbrush Puppies Surprise Set von SES Creative entdecken Kinder drei \u00dcberraschungs-Welpen, die sie selbst dekorieren k\u00f6nnen. Mithilfe der vier farbigen Blasstifte (Rosa, Blau, Orange, Gelb) wird jede Figur zu einer lebendigen Leinwand f\u00fcr kreative Gestaltung. Die Kinder nutzen ihren Atem, um spielerische Airbrush-Effekte zu erzeugen, ganz ohne direkten Kontakt mit der Tinte. [&hellip;]","og_url":"https:\/\/ses-creative.com\/de\/produkt\/blow-airbrush-pens-welpen-surprise-3x\/","og_site_name":"SES Creative","article_modified_time":"2026-02-06T09:51:40+00:00","twitter_card":"summary_large_image","twitter_misc":{"Gesch\u00e4tzte Lesezeit":"1\u00a0Minute"},"schema":{"@context":"https:\/\/schema.org","@graph":[{"@type":"WebPage","@id":"https:\/\/ses-creative.com\/de\/produkt\/blow-airbrush-pens-welpen-surprise-3x\/","url":"https:\/\/ses-creative.com\/de\/produkt\/blow-airbrush-pens-welpen-surprise-3x\/","name":"Blow airbrush Pens - Welpen surprise 3x - SES Creative","isPartOf":{"@id":"https:\/\/ses-creative.com\/#website"},"primaryImageOfPage":{"@id":"https:\/\/ses-creative.com\/de\/produkt\/blow-airbrush-pens-welpen-surprise-3x\/#primaryimage"},"image":{"@id":"https:\/\/ses-creative.com\/de\/produkt\/blow-airbrush-pens-welpen-surprise-3x\/#primaryimage"},"thumbnailUrl":"https:\/\/ses-creative.com\/wp-content\/uploads\/2026\/01\/143331.jpg","datePublished":"2026-02-05T13:52:44+00:00","dateModified":"2026-02-06T09:51:40+00:00","breadcrumb":{"@id":"https:\/\/ses-creative.com\/de\/produkt\/blow-airbrush-pens-welpen-surprise-3x\/#breadcrumb"},"inLanguage":"de","potentialAction":[{"@type":"ReadAction","target":["https:\/\/ses-creative.com\/de\/produkt\/blow-airbrush-pens-welpen-surprise-3x\/"]}]},{"@type":"ImageObject","inLanguage":"de","@id":"https:\/\/ses-creative.com\/de\/produkt\/blow-airbrush-pens-welpen-surprise-3x\/#primaryimage","url":"https:\/\/ses-creative.com\/wp-content\/uploads\/2026\/01\/143331.jpg","contentUrl":"https:\/\/ses-creative.com\/wp-content\/uploads\/2026\/01\/143331.jpg","width":1000,"height":1000},{"@type":"BreadcrumbList","@id":"https:\/\/ses-creative.com\/de\/produkt\/blow-airbrush-pens-welpen-surprise-3x\/#breadcrumb","itemListElement":[{"@type":"ListItem","position":1,"name":"Shop","item":"https:\/\/ses-creative.com\/de\/shop\/"},{"@type":"ListItem","position":2,"name":"Basteln","item":"https:\/\/ses-creative.com\/de\/product-categorie\/basteln\/"},{"@type":"ListItem","position":3,"name":"Blow airbrush Pens &#8211; Welpen surprise 3x"}]},{"@type":"WebSite","@id":"https:\/\/ses-creative.com\/#website","url":"https:\/\/ses-creative.com\/","name":"SES Creative","description":"","publisher":{"@id":"https:\/\/ses-creative.com\/#organization"},"potentialAction":[{"@type":"SearchAction","target":{"@type":"EntryPoint","urlTemplate":"https:\/\/ses-creative.com\/?s={search_term_string}"},"query-input":{"@type":"PropertyValueSpecification","valueRequired":true,"valueName":"search_term_string"}}],"inLanguage":"de"},{"@type":"Organization","@id":"https:\/\/ses-creative.com\/#organization","name":"SES Creative","url":"https:\/\/ses-creative.com\/","logo":{"@type":"ImageObject","inLanguage":"de","@id":"https:\/\/ses-creative.com\/#\/schema\/logo\/image\/","url":"https:\/\/ses-creative.com\/wp-content\/uploads\/2025\/10\/ses-creative-logo.jpg","contentUrl":"https:\/\/ses-creative.com\/wp-content\/uploads\/2025\/10\/ses-creative-logo.jpg","width":2037,"height":2037,"caption":"SES Creative"},"image":{"@id":"https:\/\/ses-creative.com\/#\/schema\/logo\/image\/"}}]}},"_links":{"self":[{"href":"https:\/\/ses-creative.com\/de\/wp-json\/wp\/v2\/product\/114708","targetHints":{"allow":["GET"]}}],"collection":[{"href":"https:\/\/ses-creative.com\/de\/wp-json\/wp\/v2\/product"}],"about":[{"href":"https:\/\/ses-creative.com\/de\/wp-json\/wp\/v2\/types\/product"}],"replies":[{"embeddable":true,"href":"https:\/\/ses-creative.com\/de\/wp-json\/wp\/v2\/comments?post=114708"}],"wp:featuredmedia":[{"embeddable":true,"href":"https:\/\/ses-creative.com\/de\/wp-json\/wp\/v2\/media\/102716"}],"wp:attachment":[{"href":"https:\/\/ses-creative.com\/de\/wp-json\/wp\/v2\/media?parent=114708"}],"wp:term":[{"taxonomy":"product_brand","embeddable":true,"href":"https:\/\/ses-creative.com\/de\/wp-json\/wp\/v2\/product_brand?post=114708"},{"taxonomy":"product_cat","embeddable":true,"href":"https:\/\/ses-creative.com\/de\/wp-json\/wp\/v2\/product_cat?post=114708"},{"taxonomy":"product_tag","embeddable":true,"href":"https:\/\/ses-creative.com\/de\/wp-json\/wp\/v2\/product_tag?post=114708"}],"curies":[{"name":"wp","href":"https:\/\/api.w.org\/{rel}","templated":true}]}}