











{"id":114707,"date":"2026-02-05T13:52:44","date_gmt":"2026-02-05T13:52:44","guid":{"rendered":"https:\/\/ses-creative.com\/?post_type=product&#038;p=114707"},"modified":"2026-02-06T09:51:40","modified_gmt":"2026-02-06T09:51:40","slug":"gruselige-seifen-giessen","status":"publish","type":"product","link":"https:\/\/ses-creative.com\/de\/produkt\/gruselige-seifen-giessen\/","title":{"rendered":"Gruselige Seifen gie\u00dfen"},"content":{"rendered":"<p>Stelle deine eigenen gruseligen Seifen her!<\/p>\n<p>Mit diesem Set kannst du bunte Seifen in verschiedenen Formen herstellen. Mische Farben, gie\u00dfe sie in Formen und entdecke deine eigene Seifenkunst.<\/p>\n<p>Inhalt der Verpackung<\/p>\n<p>Schmelzbare Seife<\/p>\n<p>Farbstoffe (rot, blau, gelb)<\/p>\n<p>Gie\u00dfform mit verschiedenen Formen<\/p>\n<p>Pipette<\/p>\n<p>Anleitung<\/p>\n<p>Einzigartige Eigenschaften<\/p>\n<p>Kreatives STEM-Spielzeug<\/p>\n<p>Kosmetisch unbedenklich<\/p>\n<p>F\u00f6rdert das Farbverst\u00e4ndnis und die Kreativit\u00e4t<\/p>\n<p>Geeignet ab 5 Jahren<\/p>\n<p>Zeigen Sie Ihre Kreativit\u00e4t<br \/>\nStelle einzigartige und gruselige Seifen f\u00fcr Badespa\u00df oder als Geschenk her.<\/p>\n<p>Fang noch heute an!<br \/>\nEntdecken Sie den Spa\u00df am Seifenherstellen und kreativen Farbmischen.<\/p>\n","protected":false},"excerpt":{"rendered":"<p>Stelle deine eigenen gruseligen Seifen her! Mit diesem Set kannst du bunte Seifen in verschiedenen Formen herstellen. Mische Farben, gie\u00dfe sie in Formen und entdecke deine eigene Seifenkunst. Inhalt der Verpackung Schmelzbare Seife Farbstoffe (rot, blau, gelb) Gie\u00dfform mit verschiedenen Formen Pipette Anleitung Einzigartige Eigenschaften Kreatives STEM-Spielzeug Kosmetisch unbedenklich F\u00f6rdert das Farbverst\u00e4ndnis und die Kreativit\u00e4t [&hellip;]<\/p>\n","protected":false},"featured_media":102696,"comment_status":"closed","ping_status":"closed","template":"","meta":{"_acf_changed":false},"product_brand":[],"product_cat":[115],"product_tag":[],"class_list":{"0":"post-114707","1":"product","2":"type-product","3":"status-publish","4":"has-post-thumbnail","6":"product_cat-basteln","7":"pa_leeftijd-filter-6-jahre","8":"pa_meest-populair-bij-jungen","10":"first","11":"instock","12":"shipping-taxable","13":"product-type-simple"},"acf":[],"yoast_head":"<!-- This site is optimized with the Yoast SEO plugin v27.2 - https:\/\/yoast.com\/product\/yoast-seo-wordpress\/ -->\n<title>Gruselige Seifen gie\u00dfen - SES Creative<\/title>\n<meta name=\"robots\" content=\"index, follow, max-snippet:-1, max-image-preview:large, max-video-preview:-1\" \/>\n<link rel=\"canonical\" href=\"https:\/\/ses-creative.com\/de\/produkt\/gruselige-seifen-giessen\/\" \/>\n<meta property=\"og:locale\" content=\"de_DE\" \/>\n<meta property=\"og:type\" content=\"article\" \/>\n<meta property=\"og:title\" content=\"Gruselige Seifen gie\u00dfen - SES Creative\" \/>\n<meta property=\"og:description\" content=\"Stelle deine eigenen gruseligen Seifen her! Mit diesem Set kannst du bunte Seifen in verschiedenen Formen herstellen. Mische Farben, gie\u00dfe sie in Formen und entdecke deine eigene Seifenkunst. Inhalt der Verpackung Schmelzbare Seife Farbstoffe (rot, blau, gelb) Gie\u00dfform mit verschiedenen Formen Pipette Anleitung Einzigartige Eigenschaften Kreatives STEM-Spielzeug Kosmetisch unbedenklich F\u00f6rdert das Farbverst\u00e4ndnis und die Kreativit\u00e4t [&hellip;]\" \/>\n<meta property=\"og:url\" content=\"https:\/\/ses-creative.com\/de\/produkt\/gruselige-seifen-giessen\/\" \/>\n<meta property=\"og:site_name\" content=\"SES Creative\" \/>\n<meta property=\"article:modified_time\" content=\"2026-02-06T09:51:40+00:00\" \/>\n<meta name=\"twitter:card\" content=\"summary_large_image\" \/>\n<script type=\"application\/ld+json\" class=\"yoast-schema-graph\">{\"@context\":\"https:\/\/schema.org\",\"@graph\":[{\"@type\":\"WebPage\",\"@id\":\"https:\/\/ses-creative.com\/de\/produkt\/gruselige-seifen-giessen\/\",\"url\":\"https:\/\/ses-creative.com\/de\/produkt\/gruselige-seifen-giessen\/\",\"name\":\"Gruselige Seifen gie\u00dfen - SES Creative\",\"isPartOf\":{\"@id\":\"https:\/\/ses-creative.com\/#website\"},\"primaryImageOfPage\":{\"@id\":\"https:\/\/ses-creative.com\/de\/produkt\/gruselige-seifen-giessen\/#primaryimage\"},\"image\":{\"@id\":\"https:\/\/ses-creative.com\/de\/produkt\/gruselige-seifen-giessen\/#primaryimage\"},\"thumbnailUrl\":\"https:\/\/ses-creative.com\/wp-content\/uploads\/2026\/01\/143111.jpg\",\"datePublished\":\"2026-02-05T13:52:44+00:00\",\"dateModified\":\"2026-02-06T09:51:40+00:00\",\"breadcrumb\":{\"@id\":\"https:\/\/ses-creative.com\/de\/produkt\/gruselige-seifen-giessen\/#breadcrumb\"},\"inLanguage\":\"de\",\"potentialAction\":[{\"@type\":\"ReadAction\",\"target\":[\"https:\/\/ses-creative.com\/de\/produkt\/gruselige-seifen-giessen\/\"]}]},{\"@type\":\"ImageObject\",\"inLanguage\":\"de\",\"@id\":\"https:\/\/ses-creative.com\/de\/produkt\/gruselige-seifen-giessen\/#primaryimage\",\"url\":\"https:\/\/ses-creative.com\/wp-content\/uploads\/2026\/01\/143111.jpg\",\"contentUrl\":\"https:\/\/ses-creative.com\/wp-content\/uploads\/2026\/01\/143111.jpg\",\"width\":1000,\"height\":1000},{\"@type\":\"BreadcrumbList\",\"@id\":\"https:\/\/ses-creative.com\/de\/produkt\/gruselige-seifen-giessen\/#breadcrumb\",\"itemListElement\":[{\"@type\":\"ListItem\",\"position\":1,\"name\":\"Shop\",\"item\":\"https:\/\/ses-creative.com\/de\/shop\/\"},{\"@type\":\"ListItem\",\"position\":2,\"name\":\"Basteln\",\"item\":\"https:\/\/ses-creative.com\/de\/product-categorie\/basteln\/\"},{\"@type\":\"ListItem\",\"position\":3,\"name\":\"Gruselige Seifen gie\u00dfen\"}]},{\"@type\":\"WebSite\",\"@id\":\"https:\/\/ses-creative.com\/#website\",\"url\":\"https:\/\/ses-creative.com\/\",\"name\":\"SES Creative\",\"description\":\"\",\"publisher\":{\"@id\":\"https:\/\/ses-creative.com\/#organization\"},\"potentialAction\":[{\"@type\":\"SearchAction\",\"target\":{\"@type\":\"EntryPoint\",\"urlTemplate\":\"https:\/\/ses-creative.com\/?s={search_term_string}\"},\"query-input\":{\"@type\":\"PropertyValueSpecification\",\"valueRequired\":true,\"valueName\":\"search_term_string\"}}],\"inLanguage\":\"de\"},{\"@type\":\"Organization\",\"@id\":\"https:\/\/ses-creative.com\/#organization\",\"name\":\"SES Creative\",\"url\":\"https:\/\/ses-creative.com\/\",\"logo\":{\"@type\":\"ImageObject\",\"inLanguage\":\"de\",\"@id\":\"https:\/\/ses-creative.com\/#\/schema\/logo\/image\/\",\"url\":\"https:\/\/ses-creative.com\/wp-content\/uploads\/2025\/10\/ses-creative-logo.jpg\",\"contentUrl\":\"https:\/\/ses-creative.com\/wp-content\/uploads\/2025\/10\/ses-creative-logo.jpg\",\"width\":2037,\"height\":2037,\"caption\":\"SES Creative\"},\"image\":{\"@id\":\"https:\/\/ses-creative.com\/#\/schema\/logo\/image\/\"}}]}<\/script>\n<!-- \/ Yoast SEO plugin. -->","yoast_head_json":{"title":"Gruselige Seifen gie\u00dfen - SES Creative","robots":{"index":"index","follow":"follow","max-snippet":"max-snippet:-1","max-image-preview":"max-image-preview:large","max-video-preview":"max-video-preview:-1"},"canonical":"https:\/\/ses-creative.com\/de\/produkt\/gruselige-seifen-giessen\/","og_locale":"de_DE","og_type":"article","og_title":"Gruselige Seifen gie\u00dfen - SES Creative","og_description":"Stelle deine eigenen gruseligen Seifen her! Mit diesem Set kannst du bunte Seifen in verschiedenen Formen herstellen. Mische Farben, gie\u00dfe sie in Formen und entdecke deine eigene Seifenkunst. Inhalt der Verpackung Schmelzbare Seife Farbstoffe (rot, blau, gelb) Gie\u00dfform mit verschiedenen Formen Pipette Anleitung Einzigartige Eigenschaften Kreatives STEM-Spielzeug Kosmetisch unbedenklich F\u00f6rdert das Farbverst\u00e4ndnis und die Kreativit\u00e4t [&hellip;]","og_url":"https:\/\/ses-creative.com\/de\/produkt\/gruselige-seifen-giessen\/","og_site_name":"SES Creative","article_modified_time":"2026-02-06T09:51:40+00:00","twitter_card":"summary_large_image","schema":{"@context":"https:\/\/schema.org","@graph":[{"@type":"WebPage","@id":"https:\/\/ses-creative.com\/de\/produkt\/gruselige-seifen-giessen\/","url":"https:\/\/ses-creative.com\/de\/produkt\/gruselige-seifen-giessen\/","name":"Gruselige Seifen gie\u00dfen - SES Creative","isPartOf":{"@id":"https:\/\/ses-creative.com\/#website"},"primaryImageOfPage":{"@id":"https:\/\/ses-creative.com\/de\/produkt\/gruselige-seifen-giessen\/#primaryimage"},"image":{"@id":"https:\/\/ses-creative.com\/de\/produkt\/gruselige-seifen-giessen\/#primaryimage"},"thumbnailUrl":"https:\/\/ses-creative.com\/wp-content\/uploads\/2026\/01\/143111.jpg","datePublished":"2026-02-05T13:52:44+00:00","dateModified":"2026-02-06T09:51:40+00:00","breadcrumb":{"@id":"https:\/\/ses-creative.com\/de\/produkt\/gruselige-seifen-giessen\/#breadcrumb"},"inLanguage":"de","potentialAction":[{"@type":"ReadAction","target":["https:\/\/ses-creative.com\/de\/produkt\/gruselige-seifen-giessen\/"]}]},{"@type":"ImageObject","inLanguage":"de","@id":"https:\/\/ses-creative.com\/de\/produkt\/gruselige-seifen-giessen\/#primaryimage","url":"https:\/\/ses-creative.com\/wp-content\/uploads\/2026\/01\/143111.jpg","contentUrl":"https:\/\/ses-creative.com\/wp-content\/uploads\/2026\/01\/143111.jpg","width":1000,"height":1000},{"@type":"BreadcrumbList","@id":"https:\/\/ses-creative.com\/de\/produkt\/gruselige-seifen-giessen\/#breadcrumb","itemListElement":[{"@type":"ListItem","position":1,"name":"Shop","item":"https:\/\/ses-creative.com\/de\/shop\/"},{"@type":"ListItem","position":2,"name":"Basteln","item":"https:\/\/ses-creative.com\/de\/product-categorie\/basteln\/"},{"@type":"ListItem","position":3,"name":"Gruselige Seifen gie\u00dfen"}]},{"@type":"WebSite","@id":"https:\/\/ses-creative.com\/#website","url":"https:\/\/ses-creative.com\/","name":"SES Creative","description":"","publisher":{"@id":"https:\/\/ses-creative.com\/#organization"},"potentialAction":[{"@type":"SearchAction","target":{"@type":"EntryPoint","urlTemplate":"https:\/\/ses-creative.com\/?s={search_term_string}"},"query-input":{"@type":"PropertyValueSpecification","valueRequired":true,"valueName":"search_term_string"}}],"inLanguage":"de"},{"@type":"Organization","@id":"https:\/\/ses-creative.com\/#organization","name":"SES Creative","url":"https:\/\/ses-creative.com\/","logo":{"@type":"ImageObject","inLanguage":"de","@id":"https:\/\/ses-creative.com\/#\/schema\/logo\/image\/","url":"https:\/\/ses-creative.com\/wp-content\/uploads\/2025\/10\/ses-creative-logo.jpg","contentUrl":"https:\/\/ses-creative.com\/wp-content\/uploads\/2025\/10\/ses-creative-logo.jpg","width":2037,"height":2037,"caption":"SES Creative"},"image":{"@id":"https:\/\/ses-creative.com\/#\/schema\/logo\/image\/"}}]}},"_links":{"self":[{"href":"https:\/\/ses-creative.com\/de\/wp-json\/wp\/v2\/product\/114707","targetHints":{"allow":["GET"]}}],"collection":[{"href":"https:\/\/ses-creative.com\/de\/wp-json\/wp\/v2\/product"}],"about":[{"href":"https:\/\/ses-creative.com\/de\/wp-json\/wp\/v2\/types\/product"}],"replies":[{"embeddable":true,"href":"https:\/\/ses-creative.com\/de\/wp-json\/wp\/v2\/comments?post=114707"}],"wp:featuredmedia":[{"embeddable":true,"href":"https:\/\/ses-creative.com\/de\/wp-json\/wp\/v2\/media\/102696"}],"wp:attachment":[{"href":"https:\/\/ses-creative.com\/de\/wp-json\/wp\/v2\/media?parent=114707"}],"wp:term":[{"taxonomy":"product_brand","embeddable":true,"href":"https:\/\/ses-creative.com\/de\/wp-json\/wp\/v2\/product_brand?post=114707"},{"taxonomy":"product_cat","embeddable":true,"href":"https:\/\/ses-creative.com\/de\/wp-json\/wp\/v2\/product_cat?post=114707"},{"taxonomy":"product_tag","embeddable":true,"href":"https:\/\/ses-creative.com\/de\/wp-json\/wp\/v2\/product_tag?post=114707"}],"curies":[{"name":"wp","href":"https:\/\/api.w.org\/{rel}","templated":true}]}}