











{"id":114706,"date":"2026-02-05T13:52:44","date_gmt":"2026-02-05T13:52:44","guid":{"rendered":"https:\/\/ses-creative.com\/?post_type=product&#038;p=114706"},"modified":"2026-02-06T09:51:40","modified_gmt":"2026-02-06T09:51:40","slug":"foil-art-forest-wonders","status":"publish","type":"product","link":"https:\/\/ses-creative.com\/de\/produkt\/foil-art-forest-wonders\/","title":{"rendered":"Foil art &#8211; Forest wonders"},"content":{"rendered":"<p>Foil Art \u2013 Wunder des Waldes<\/p>\n<p>Mit diesem funkelnden Bastelset k\u00f6nnen Kinder ab 5 Jahren bezaubernde Waldfiguren selbst gestalten. Durch das Abziehen von Teilen der Stickerkarten, das Auflegen der Folie und sanftes Reiben mit dem Finger entstehen glanzvolle Kunstwerke, die zum Leben erwachen.<\/p>\n<p>Warum dieses Set gro\u00dfartig ist<\/p>\n<p>Schimmernde Kunstwerke mit Waldfiguren und Folie gestalten.<\/p>\n<p>Vier verschiedene Foliensorten f\u00fcr einen magischen Effekt.<\/p>\n<p>Kein Chaos: peel off, rub on.<\/p>\n<p>Dank vorgedruckter Fl\u00e4chen immer ein tolles Ergebnis.<\/p>\n<p>Keine zus\u00e4tzlichen Werkzeuge n\u00f6tig \u2013 nur die Finger.<\/p>\n<p>Waldmagie auf dem Tisch<br \/>\nFoil Art \u2013 Wunder des Waldes bringt einen Hauch Natur und Magie in jeden Bastelmoment. Das einfache Abziehen, Auflegen und Reiben ist entspannend und macht Spa\u00df, und die gl\u00e4nzende Folie macht jedes Bild besonders. Ideal f\u00fcr einen kreativen Nachmittag oder als wundersch\u00f6nes Geschenk f\u00fcr junge Bastelfreunde.<\/p>\n<p>Inhalt des Sets<\/p>\n<p>6 bedruckte Stickerkarten<\/p>\n<p>Rub on Folie Gold Glitter<\/p>\n<p>Rub on Folie Metallic Pink<\/p>\n<p>Rub on Folie Metallic Lila<\/p>\n<p>Rub on Folie Metallic Gr\u00fcn<\/p>\n<p>Warum SES Creative w\u00e4hlen<br \/>\nBei SES Creative ist Sicherheit sehr wichtig. Deshalb werden die Produkte in unserer Fabrik in den Niederlanden hergestellt und nach den strengsten europ\u00e4ischen Sicherheitsnormen gepr\u00fcft. SES Creative Spielzeug macht Spa\u00df und ist so gestaltet, dass Kinder stolz auf ihre Arbeiten sein k\u00f6nnen, was Kreativit\u00e4t und Entwicklung f\u00f6rdert.<\/p>\n<p>Lassen Sie die Wunder des Waldes mit funkelnden Folienkreationen erstrahlen!<\/p>\n","protected":false},"excerpt":{"rendered":"<p>Foil Art \u2013 Wunder des Waldes Mit diesem funkelnden Bastelset k\u00f6nnen Kinder ab 5 Jahren bezaubernde Waldfiguren selbst gestalten. Durch das Abziehen von Teilen der Stickerkarten, das Auflegen der Folie und sanftes Reiben mit dem Finger entstehen glanzvolle Kunstwerke, die zum Leben erwachen. Warum dieses Set gro\u00dfartig ist Schimmernde Kunstwerke mit Waldfiguren und Folie gestalten. [&hellip;]<\/p>\n","protected":false},"featured_media":107523,"comment_status":"closed","ping_status":"closed","template":"","meta":{"_acf_changed":false},"product_brand":[],"product_cat":[115],"product_tag":[],"class_list":{"0":"post-114706","1":"product","2":"type-product","3":"status-publish","4":"has-post-thumbnail","6":"product_cat-basteln","7":"pa_collecties-foil-art","8":"pa_leeftijd-filter-4-6-jahre","9":"pa_meest-populair-bij-jungen-maedchen","11":"first","12":"instock","13":"shipping-taxable","14":"product-type-simple"},"acf":[],"yoast_head":"<!-- This site is optimized with the Yoast SEO plugin v27.2 - https:\/\/yoast.com\/product\/yoast-seo-wordpress\/ -->\n<title>Foil art - Forest wonders - SES Creative<\/title>\n<meta name=\"robots\" content=\"index, follow, max-snippet:-1, max-image-preview:large, max-video-preview:-1\" \/>\n<link rel=\"canonical\" href=\"https:\/\/ses-creative.com\/de\/produkt\/foil-art-forest-wonders\/\" \/>\n<meta property=\"og:locale\" content=\"de_DE\" \/>\n<meta property=\"og:type\" content=\"article\" \/>\n<meta property=\"og:title\" content=\"Foil art - Forest wonders - SES Creative\" \/>\n<meta property=\"og:description\" content=\"Foil Art \u2013 Wunder des Waldes Mit diesem funkelnden Bastelset k\u00f6nnen Kinder ab 5 Jahren bezaubernde Waldfiguren selbst gestalten. Durch das Abziehen von Teilen der Stickerkarten, das Auflegen der Folie und sanftes Reiben mit dem Finger entstehen glanzvolle Kunstwerke, die zum Leben erwachen. Warum dieses Set gro\u00dfartig ist Schimmernde Kunstwerke mit Waldfiguren und Folie gestalten. [&hellip;]\" \/>\n<meta property=\"og:url\" content=\"https:\/\/ses-creative.com\/de\/produkt\/foil-art-forest-wonders\/\" \/>\n<meta property=\"og:site_name\" content=\"SES Creative\" \/>\n<meta property=\"article:modified_time\" content=\"2026-02-06T09:51:40+00:00\" \/>\n<meta name=\"twitter:card\" content=\"summary_large_image\" \/>\n<meta name=\"twitter:label1\" content=\"Gesch\u00e4tzte Lesezeit\" \/>\n\t<meta name=\"twitter:data1\" content=\"1\u00a0Minute\" \/>\n<script type=\"application\/ld+json\" class=\"yoast-schema-graph\">{\"@context\":\"https:\/\/schema.org\",\"@graph\":[{\"@type\":\"WebPage\",\"@id\":\"https:\/\/ses-creative.com\/de\/produkt\/foil-art-forest-wonders\/\",\"url\":\"https:\/\/ses-creative.com\/de\/produkt\/foil-art-forest-wonders\/\",\"name\":\"Foil art - Forest wonders - SES Creative\",\"isPartOf\":{\"@id\":\"https:\/\/ses-creative.com\/#website\"},\"primaryImageOfPage\":{\"@id\":\"https:\/\/ses-creative.com\/de\/produkt\/foil-art-forest-wonders\/#primaryimage\"},\"image\":{\"@id\":\"https:\/\/ses-creative.com\/de\/produkt\/foil-art-forest-wonders\/#primaryimage\"},\"thumbnailUrl\":\"https:\/\/ses-creative.com\/wp-content\/uploads\/2026\/01\/143031-1.jpg\",\"datePublished\":\"2026-02-05T13:52:44+00:00\",\"dateModified\":\"2026-02-06T09:51:40+00:00\",\"breadcrumb\":{\"@id\":\"https:\/\/ses-creative.com\/de\/produkt\/foil-art-forest-wonders\/#breadcrumb\"},\"inLanguage\":\"de\",\"potentialAction\":[{\"@type\":\"ReadAction\",\"target\":[\"https:\/\/ses-creative.com\/de\/produkt\/foil-art-forest-wonders\/\"]}]},{\"@type\":\"ImageObject\",\"inLanguage\":\"de\",\"@id\":\"https:\/\/ses-creative.com\/de\/produkt\/foil-art-forest-wonders\/#primaryimage\",\"url\":\"https:\/\/ses-creative.com\/wp-content\/uploads\/2026\/01\/143031-1.jpg\",\"contentUrl\":\"https:\/\/ses-creative.com\/wp-content\/uploads\/2026\/01\/143031-1.jpg\",\"width\":1000,\"height\":1000},{\"@type\":\"BreadcrumbList\",\"@id\":\"https:\/\/ses-creative.com\/de\/produkt\/foil-art-forest-wonders\/#breadcrumb\",\"itemListElement\":[{\"@type\":\"ListItem\",\"position\":1,\"name\":\"Shop\",\"item\":\"https:\/\/ses-creative.com\/de\/shop\/\"},{\"@type\":\"ListItem\",\"position\":2,\"name\":\"Basteln\",\"item\":\"https:\/\/ses-creative.com\/de\/product-categorie\/basteln\/\"},{\"@type\":\"ListItem\",\"position\":3,\"name\":\"Foil art &#8211; Forest wonders\"}]},{\"@type\":\"WebSite\",\"@id\":\"https:\/\/ses-creative.com\/#website\",\"url\":\"https:\/\/ses-creative.com\/\",\"name\":\"SES Creative\",\"description\":\"\",\"publisher\":{\"@id\":\"https:\/\/ses-creative.com\/#organization\"},\"potentialAction\":[{\"@type\":\"SearchAction\",\"target\":{\"@type\":\"EntryPoint\",\"urlTemplate\":\"https:\/\/ses-creative.com\/?s={search_term_string}\"},\"query-input\":{\"@type\":\"PropertyValueSpecification\",\"valueRequired\":true,\"valueName\":\"search_term_string\"}}],\"inLanguage\":\"de\"},{\"@type\":\"Organization\",\"@id\":\"https:\/\/ses-creative.com\/#organization\",\"name\":\"SES Creative\",\"url\":\"https:\/\/ses-creative.com\/\",\"logo\":{\"@type\":\"ImageObject\",\"inLanguage\":\"de\",\"@id\":\"https:\/\/ses-creative.com\/#\/schema\/logo\/image\/\",\"url\":\"https:\/\/ses-creative.com\/wp-content\/uploads\/2025\/10\/ses-creative-logo.jpg\",\"contentUrl\":\"https:\/\/ses-creative.com\/wp-content\/uploads\/2025\/10\/ses-creative-logo.jpg\",\"width\":2037,\"height\":2037,\"caption\":\"SES Creative\"},\"image\":{\"@id\":\"https:\/\/ses-creative.com\/#\/schema\/logo\/image\/\"}}]}<\/script>\n<!-- \/ Yoast SEO plugin. -->","yoast_head_json":{"title":"Foil art - Forest wonders - SES Creative","robots":{"index":"index","follow":"follow","max-snippet":"max-snippet:-1","max-image-preview":"max-image-preview:large","max-video-preview":"max-video-preview:-1"},"canonical":"https:\/\/ses-creative.com\/de\/produkt\/foil-art-forest-wonders\/","og_locale":"de_DE","og_type":"article","og_title":"Foil art - Forest wonders - SES Creative","og_description":"Foil Art \u2013 Wunder des Waldes Mit diesem funkelnden Bastelset k\u00f6nnen Kinder ab 5 Jahren bezaubernde Waldfiguren selbst gestalten. Durch das Abziehen von Teilen der Stickerkarten, das Auflegen der Folie und sanftes Reiben mit dem Finger entstehen glanzvolle Kunstwerke, die zum Leben erwachen. Warum dieses Set gro\u00dfartig ist Schimmernde Kunstwerke mit Waldfiguren und Folie gestalten. [&hellip;]","og_url":"https:\/\/ses-creative.com\/de\/produkt\/foil-art-forest-wonders\/","og_site_name":"SES Creative","article_modified_time":"2026-02-06T09:51:40+00:00","twitter_card":"summary_large_image","twitter_misc":{"Gesch\u00e4tzte Lesezeit":"1\u00a0Minute"},"schema":{"@context":"https:\/\/schema.org","@graph":[{"@type":"WebPage","@id":"https:\/\/ses-creative.com\/de\/produkt\/foil-art-forest-wonders\/","url":"https:\/\/ses-creative.com\/de\/produkt\/foil-art-forest-wonders\/","name":"Foil art - Forest wonders - SES Creative","isPartOf":{"@id":"https:\/\/ses-creative.com\/#website"},"primaryImageOfPage":{"@id":"https:\/\/ses-creative.com\/de\/produkt\/foil-art-forest-wonders\/#primaryimage"},"image":{"@id":"https:\/\/ses-creative.com\/de\/produkt\/foil-art-forest-wonders\/#primaryimage"},"thumbnailUrl":"https:\/\/ses-creative.com\/wp-content\/uploads\/2026\/01\/143031-1.jpg","datePublished":"2026-02-05T13:52:44+00:00","dateModified":"2026-02-06T09:51:40+00:00","breadcrumb":{"@id":"https:\/\/ses-creative.com\/de\/produkt\/foil-art-forest-wonders\/#breadcrumb"},"inLanguage":"de","potentialAction":[{"@type":"ReadAction","target":["https:\/\/ses-creative.com\/de\/produkt\/foil-art-forest-wonders\/"]}]},{"@type":"ImageObject","inLanguage":"de","@id":"https:\/\/ses-creative.com\/de\/produkt\/foil-art-forest-wonders\/#primaryimage","url":"https:\/\/ses-creative.com\/wp-content\/uploads\/2026\/01\/143031-1.jpg","contentUrl":"https:\/\/ses-creative.com\/wp-content\/uploads\/2026\/01\/143031-1.jpg","width":1000,"height":1000},{"@type":"BreadcrumbList","@id":"https:\/\/ses-creative.com\/de\/produkt\/foil-art-forest-wonders\/#breadcrumb","itemListElement":[{"@type":"ListItem","position":1,"name":"Shop","item":"https:\/\/ses-creative.com\/de\/shop\/"},{"@type":"ListItem","position":2,"name":"Basteln","item":"https:\/\/ses-creative.com\/de\/product-categorie\/basteln\/"},{"@type":"ListItem","position":3,"name":"Foil art &#8211; Forest wonders"}]},{"@type":"WebSite","@id":"https:\/\/ses-creative.com\/#website","url":"https:\/\/ses-creative.com\/","name":"SES Creative","description":"","publisher":{"@id":"https:\/\/ses-creative.com\/#organization"},"potentialAction":[{"@type":"SearchAction","target":{"@type":"EntryPoint","urlTemplate":"https:\/\/ses-creative.com\/?s={search_term_string}"},"query-input":{"@type":"PropertyValueSpecification","valueRequired":true,"valueName":"search_term_string"}}],"inLanguage":"de"},{"@type":"Organization","@id":"https:\/\/ses-creative.com\/#organization","name":"SES Creative","url":"https:\/\/ses-creative.com\/","logo":{"@type":"ImageObject","inLanguage":"de","@id":"https:\/\/ses-creative.com\/#\/schema\/logo\/image\/","url":"https:\/\/ses-creative.com\/wp-content\/uploads\/2025\/10\/ses-creative-logo.jpg","contentUrl":"https:\/\/ses-creative.com\/wp-content\/uploads\/2025\/10\/ses-creative-logo.jpg","width":2037,"height":2037,"caption":"SES Creative"},"image":{"@id":"https:\/\/ses-creative.com\/#\/schema\/logo\/image\/"}}]}},"_links":{"self":[{"href":"https:\/\/ses-creative.com\/de\/wp-json\/wp\/v2\/product\/114706","targetHints":{"allow":["GET"]}}],"collection":[{"href":"https:\/\/ses-creative.com\/de\/wp-json\/wp\/v2\/product"}],"about":[{"href":"https:\/\/ses-creative.com\/de\/wp-json\/wp\/v2\/types\/product"}],"replies":[{"embeddable":true,"href":"https:\/\/ses-creative.com\/de\/wp-json\/wp\/v2\/comments?post=114706"}],"wp:featuredmedia":[{"embeddable":true,"href":"https:\/\/ses-creative.com\/de\/wp-json\/wp\/v2\/media\/107523"}],"wp:attachment":[{"href":"https:\/\/ses-creative.com\/de\/wp-json\/wp\/v2\/media?parent=114706"}],"wp:term":[{"taxonomy":"product_brand","embeddable":true,"href":"https:\/\/ses-creative.com\/de\/wp-json\/wp\/v2\/product_brand?post=114706"},{"taxonomy":"product_cat","embeddable":true,"href":"https:\/\/ses-creative.com\/de\/wp-json\/wp\/v2\/product_cat?post=114706"},{"taxonomy":"product_tag","embeddable":true,"href":"https:\/\/ses-creative.com\/de\/wp-json\/wp\/v2\/product_tag?post=114706"}],"curies":[{"name":"wp","href":"https:\/\/api.w.org\/{rel}","templated":true}]}}