











{"id":114703,"date":"2026-02-05T13:52:43","date_gmt":"2026-02-05T13:52:43","guid":{"rendered":"https:\/\/ses-creative.com\/?post_type=product&#038;p=114703"},"modified":"2026-02-06T09:51:40","modified_gmt":"2026-02-06T09:51:40","slug":"drachen-mit-metallic-effekt","status":"publish","type":"product","link":"https:\/\/ses-creative.com\/de\/produkt\/drachen-mit-metallic-effekt\/","title":{"rendered":"Drachen mit metallic Effekt"},"content":{"rendered":"<p>Baue und dekoriere magische Drachen!<\/p>\n<p>Mit dem Bastelset \u201eMetall-Drachen\u201c von SES Creative k\u00f6nnen Kinder zwei beeindruckende Drachen aus Papierbauteilen basteln und mit Metallic-Aufklebern verzieren.<\/p>\n<p>Inhalt der Verpackung<\/p>\n<p>Papierdrachenkonstruktionen<\/p>\n<p>414 gl\u00e4nzende Aufkleber<\/p>\n<p>54 orangefarbene Metallic-Schaumstoffteile<\/p>\n<p>54 Diamantaufkleber<\/p>\n<p>Einzigartige Eigenschaften<\/p>\n<p>Einfach zu montieren und zu dekorieren<\/p>\n<p>F\u00f6rdert Kreativit\u00e4t, Feinmotorik und probleml\u00f6sendes Denken<\/p>\n<p>Geeignet ab 5 Jahren<\/p>\n<p>Zeige deine Kreativit\u00e4t<br \/>\nErstelle einzigartige Drachen, indem du Sticker und Schaumstoffteile kombinierst.<\/p>\n<p>Leg noch heute los!<br \/>\nLassen Sie die Fantasie Ihres Kindes mit diesen magischen Drachen fliegen.<\/p>\n","protected":false},"excerpt":{"rendered":"<p>Baue und dekoriere magische Drachen! Mit dem Bastelset \u201eMetall-Drachen\u201c von SES Creative k\u00f6nnen Kinder zwei beeindruckende Drachen aus Papierbauteilen basteln und mit Metallic-Aufklebern verzieren. Inhalt der Verpackung Papierdrachenkonstruktionen 414 gl\u00e4nzende Aufkleber 54 orangefarbene Metallic-Schaumstoffteile 54 Diamantaufkleber Einzigartige Eigenschaften Einfach zu montieren und zu dekorieren F\u00f6rdert Kreativit\u00e4t, Feinmotorik und probleml\u00f6sendes Denken Geeignet ab 5 Jahren Zeige [&hellip;]<\/p>\n","protected":false},"featured_media":95376,"comment_status":"closed","ping_status":"closed","template":"","meta":{"_acf_changed":false},"product_brand":[],"product_cat":[115],"product_tag":[],"class_list":{"0":"post-114703","1":"product","2":"type-product","3":"status-publish","4":"has-post-thumbnail","6":"product_cat-basteln","7":"pa_leeftijd-filter-4-6-jahre","8":"pa_meest-populair-bij-jungen","10":"first","11":"instock","12":"shipping-taxable","13":"product-type-simple"},"acf":[],"yoast_head":"<!-- This site is optimized with the Yoast SEO plugin v27.2 - https:\/\/yoast.com\/product\/yoast-seo-wordpress\/ -->\n<title>Drachen mit metallic Effekt - SES Creative<\/title>\n<meta name=\"robots\" content=\"index, follow, max-snippet:-1, max-image-preview:large, max-video-preview:-1\" \/>\n<link rel=\"canonical\" href=\"https:\/\/ses-creative.com\/de\/produkt\/drachen-mit-metallic-effekt\/\" \/>\n<meta property=\"og:locale\" content=\"de_DE\" \/>\n<meta property=\"og:type\" content=\"article\" \/>\n<meta property=\"og:title\" content=\"Drachen mit metallic Effekt - SES Creative\" \/>\n<meta property=\"og:description\" content=\"Baue und dekoriere magische Drachen! Mit dem Bastelset \u201eMetall-Drachen\u201c von SES Creative k\u00f6nnen Kinder zwei beeindruckende Drachen aus Papierbauteilen basteln und mit Metallic-Aufklebern verzieren. Inhalt der Verpackung Papierdrachenkonstruktionen 414 gl\u00e4nzende Aufkleber 54 orangefarbene Metallic-Schaumstoffteile 54 Diamantaufkleber Einzigartige Eigenschaften Einfach zu montieren und zu dekorieren F\u00f6rdert Kreativit\u00e4t, Feinmotorik und probleml\u00f6sendes Denken Geeignet ab 5 Jahren Zeige [&hellip;]\" \/>\n<meta property=\"og:url\" content=\"https:\/\/ses-creative.com\/de\/produkt\/drachen-mit-metallic-effekt\/\" \/>\n<meta property=\"og:site_name\" content=\"SES Creative\" \/>\n<meta property=\"article:modified_time\" content=\"2026-02-06T09:51:40+00:00\" \/>\n<meta name=\"twitter:card\" content=\"summary_large_image\" \/>\n<script type=\"application\/ld+json\" class=\"yoast-schema-graph\">{\"@context\":\"https:\/\/schema.org\",\"@graph\":[{\"@type\":\"WebPage\",\"@id\":\"https:\/\/ses-creative.com\/de\/produkt\/drachen-mit-metallic-effekt\/\",\"url\":\"https:\/\/ses-creative.com\/de\/produkt\/drachen-mit-metallic-effekt\/\",\"name\":\"Drachen mit metallic Effekt - SES Creative\",\"isPartOf\":{\"@id\":\"https:\/\/ses-creative.com\/#website\"},\"primaryImageOfPage\":{\"@id\":\"https:\/\/ses-creative.com\/de\/produkt\/drachen-mit-metallic-effekt\/#primaryimage\"},\"image\":{\"@id\":\"https:\/\/ses-creative.com\/de\/produkt\/drachen-mit-metallic-effekt\/#primaryimage\"},\"thumbnailUrl\":\"https:\/\/ses-creative.com\/wp-content\/uploads\/2026\/01\/142961.jpg\",\"datePublished\":\"2026-02-05T13:52:43+00:00\",\"dateModified\":\"2026-02-06T09:51:40+00:00\",\"breadcrumb\":{\"@id\":\"https:\/\/ses-creative.com\/de\/produkt\/drachen-mit-metallic-effekt\/#breadcrumb\"},\"inLanguage\":\"de\",\"potentialAction\":[{\"@type\":\"ReadAction\",\"target\":[\"https:\/\/ses-creative.com\/de\/produkt\/drachen-mit-metallic-effekt\/\"]}]},{\"@type\":\"ImageObject\",\"inLanguage\":\"de\",\"@id\":\"https:\/\/ses-creative.com\/de\/produkt\/drachen-mit-metallic-effekt\/#primaryimage\",\"url\":\"https:\/\/ses-creative.com\/wp-content\/uploads\/2026\/01\/142961.jpg\",\"contentUrl\":\"https:\/\/ses-creative.com\/wp-content\/uploads\/2026\/01\/142961.jpg\",\"width\":1000,\"height\":1000},{\"@type\":\"BreadcrumbList\",\"@id\":\"https:\/\/ses-creative.com\/de\/produkt\/drachen-mit-metallic-effekt\/#breadcrumb\",\"itemListElement\":[{\"@type\":\"ListItem\",\"position\":1,\"name\":\"Shop\",\"item\":\"https:\/\/ses-creative.com\/de\/shop\/\"},{\"@type\":\"ListItem\",\"position\":2,\"name\":\"Basteln\",\"item\":\"https:\/\/ses-creative.com\/de\/product-categorie\/basteln\/\"},{\"@type\":\"ListItem\",\"position\":3,\"name\":\"Drachen mit metallic Effekt\"}]},{\"@type\":\"WebSite\",\"@id\":\"https:\/\/ses-creative.com\/#website\",\"url\":\"https:\/\/ses-creative.com\/\",\"name\":\"SES Creative\",\"description\":\"\",\"publisher\":{\"@id\":\"https:\/\/ses-creative.com\/#organization\"},\"potentialAction\":[{\"@type\":\"SearchAction\",\"target\":{\"@type\":\"EntryPoint\",\"urlTemplate\":\"https:\/\/ses-creative.com\/?s={search_term_string}\"},\"query-input\":{\"@type\":\"PropertyValueSpecification\",\"valueRequired\":true,\"valueName\":\"search_term_string\"}}],\"inLanguage\":\"de\"},{\"@type\":\"Organization\",\"@id\":\"https:\/\/ses-creative.com\/#organization\",\"name\":\"SES Creative\",\"url\":\"https:\/\/ses-creative.com\/\",\"logo\":{\"@type\":\"ImageObject\",\"inLanguage\":\"de\",\"@id\":\"https:\/\/ses-creative.com\/#\/schema\/logo\/image\/\",\"url\":\"https:\/\/ses-creative.com\/wp-content\/uploads\/2025\/10\/ses-creative-logo.jpg\",\"contentUrl\":\"https:\/\/ses-creative.com\/wp-content\/uploads\/2025\/10\/ses-creative-logo.jpg\",\"width\":2037,\"height\":2037,\"caption\":\"SES Creative\"},\"image\":{\"@id\":\"https:\/\/ses-creative.com\/#\/schema\/logo\/image\/\"}}]}<\/script>\n<!-- \/ Yoast SEO plugin. -->","yoast_head_json":{"title":"Drachen mit metallic Effekt - SES Creative","robots":{"index":"index","follow":"follow","max-snippet":"max-snippet:-1","max-image-preview":"max-image-preview:large","max-video-preview":"max-video-preview:-1"},"canonical":"https:\/\/ses-creative.com\/de\/produkt\/drachen-mit-metallic-effekt\/","og_locale":"de_DE","og_type":"article","og_title":"Drachen mit metallic Effekt - SES Creative","og_description":"Baue und dekoriere magische Drachen! Mit dem Bastelset \u201eMetall-Drachen\u201c von SES Creative k\u00f6nnen Kinder zwei beeindruckende Drachen aus Papierbauteilen basteln und mit Metallic-Aufklebern verzieren. Inhalt der Verpackung Papierdrachenkonstruktionen 414 gl\u00e4nzende Aufkleber 54 orangefarbene Metallic-Schaumstoffteile 54 Diamantaufkleber Einzigartige Eigenschaften Einfach zu montieren und zu dekorieren F\u00f6rdert Kreativit\u00e4t, Feinmotorik und probleml\u00f6sendes Denken Geeignet ab 5 Jahren Zeige [&hellip;]","og_url":"https:\/\/ses-creative.com\/de\/produkt\/drachen-mit-metallic-effekt\/","og_site_name":"SES Creative","article_modified_time":"2026-02-06T09:51:40+00:00","twitter_card":"summary_large_image","schema":{"@context":"https:\/\/schema.org","@graph":[{"@type":"WebPage","@id":"https:\/\/ses-creative.com\/de\/produkt\/drachen-mit-metallic-effekt\/","url":"https:\/\/ses-creative.com\/de\/produkt\/drachen-mit-metallic-effekt\/","name":"Drachen mit metallic Effekt - SES Creative","isPartOf":{"@id":"https:\/\/ses-creative.com\/#website"},"primaryImageOfPage":{"@id":"https:\/\/ses-creative.com\/de\/produkt\/drachen-mit-metallic-effekt\/#primaryimage"},"image":{"@id":"https:\/\/ses-creative.com\/de\/produkt\/drachen-mit-metallic-effekt\/#primaryimage"},"thumbnailUrl":"https:\/\/ses-creative.com\/wp-content\/uploads\/2026\/01\/142961.jpg","datePublished":"2026-02-05T13:52:43+00:00","dateModified":"2026-02-06T09:51:40+00:00","breadcrumb":{"@id":"https:\/\/ses-creative.com\/de\/produkt\/drachen-mit-metallic-effekt\/#breadcrumb"},"inLanguage":"de","potentialAction":[{"@type":"ReadAction","target":["https:\/\/ses-creative.com\/de\/produkt\/drachen-mit-metallic-effekt\/"]}]},{"@type":"ImageObject","inLanguage":"de","@id":"https:\/\/ses-creative.com\/de\/produkt\/drachen-mit-metallic-effekt\/#primaryimage","url":"https:\/\/ses-creative.com\/wp-content\/uploads\/2026\/01\/142961.jpg","contentUrl":"https:\/\/ses-creative.com\/wp-content\/uploads\/2026\/01\/142961.jpg","width":1000,"height":1000},{"@type":"BreadcrumbList","@id":"https:\/\/ses-creative.com\/de\/produkt\/drachen-mit-metallic-effekt\/#breadcrumb","itemListElement":[{"@type":"ListItem","position":1,"name":"Shop","item":"https:\/\/ses-creative.com\/de\/shop\/"},{"@type":"ListItem","position":2,"name":"Basteln","item":"https:\/\/ses-creative.com\/de\/product-categorie\/basteln\/"},{"@type":"ListItem","position":3,"name":"Drachen mit metallic Effekt"}]},{"@type":"WebSite","@id":"https:\/\/ses-creative.com\/#website","url":"https:\/\/ses-creative.com\/","name":"SES Creative","description":"","publisher":{"@id":"https:\/\/ses-creative.com\/#organization"},"potentialAction":[{"@type":"SearchAction","target":{"@type":"EntryPoint","urlTemplate":"https:\/\/ses-creative.com\/?s={search_term_string}"},"query-input":{"@type":"PropertyValueSpecification","valueRequired":true,"valueName":"search_term_string"}}],"inLanguage":"de"},{"@type":"Organization","@id":"https:\/\/ses-creative.com\/#organization","name":"SES Creative","url":"https:\/\/ses-creative.com\/","logo":{"@type":"ImageObject","inLanguage":"de","@id":"https:\/\/ses-creative.com\/#\/schema\/logo\/image\/","url":"https:\/\/ses-creative.com\/wp-content\/uploads\/2025\/10\/ses-creative-logo.jpg","contentUrl":"https:\/\/ses-creative.com\/wp-content\/uploads\/2025\/10\/ses-creative-logo.jpg","width":2037,"height":2037,"caption":"SES Creative"},"image":{"@id":"https:\/\/ses-creative.com\/#\/schema\/logo\/image\/"}}]}},"_links":{"self":[{"href":"https:\/\/ses-creative.com\/de\/wp-json\/wp\/v2\/product\/114703","targetHints":{"allow":["GET"]}}],"collection":[{"href":"https:\/\/ses-creative.com\/de\/wp-json\/wp\/v2\/product"}],"about":[{"href":"https:\/\/ses-creative.com\/de\/wp-json\/wp\/v2\/types\/product"}],"replies":[{"embeddable":true,"href":"https:\/\/ses-creative.com\/de\/wp-json\/wp\/v2\/comments?post=114703"}],"wp:featuredmedia":[{"embeddable":true,"href":"https:\/\/ses-creative.com\/de\/wp-json\/wp\/v2\/media\/95376"}],"wp:attachment":[{"href":"https:\/\/ses-creative.com\/de\/wp-json\/wp\/v2\/media?parent=114703"}],"wp:term":[{"taxonomy":"product_brand","embeddable":true,"href":"https:\/\/ses-creative.com\/de\/wp-json\/wp\/v2\/product_brand?post=114703"},{"taxonomy":"product_cat","embeddable":true,"href":"https:\/\/ses-creative.com\/de\/wp-json\/wp\/v2\/product_cat?post=114703"},{"taxonomy":"product_tag","embeddable":true,"href":"https:\/\/ses-creative.com\/de\/wp-json\/wp\/v2\/product_tag?post=114703"}],"curies":[{"name":"wp","href":"https:\/\/api.w.org\/{rel}","templated":true}]}}