











{"id":114702,"date":"2026-02-05T13:52:43","date_gmt":"2026-02-05T13:52:43","guid":{"rendered":"https:\/\/ses-creative.com\/?post_type=product&#038;p=114702"},"modified":"2026-02-06T09:51:40","modified_gmt":"2026-02-06T09:51:40","slug":"blow-airbrush-pens-dino-3x","status":"publish","type":"product","link":"https:\/\/ses-creative.com\/de\/produkt\/blow-airbrush-pens-dino-3x\/","title":{"rendered":"Blow Airbrush Pens &#8211; Dino 3x"},"content":{"rendered":"<p>Erwecke deine Dinosaurier mit Blasstiften zum Leben!<\/p>\n<p>Mit dem Blas-Airbrush-Stifte-Set \u2013 Dinosaurier k\u00f6nnen Kinder ihre Dinos mit leuchtenden Farben und wundersch\u00f6nen Spr\u00fcheffekten verzieren. Die Stifte sind abwaschbar und wiederverwendbar und sorgen f\u00fcr endlosen Spa\u00df.<\/p>\n<p>Inhalt der Verpackung<\/p>\n<p>3 Dinosaurierfiguren (T-Rex, Stegosaurus, Triceratops)<\/p>\n<p>4 Airbrush-Stifte (t\u00fcrkis, gelb, orange, lila)<\/p>\n<p>Schwamm zum Reinigen<\/p>\n<p>Einzigartige Eigenschaften<\/p>\n<p>Wundersch\u00f6ne Farb\u00fcberg\u00e4nge und Airbrush-Effekt<\/p>\n<p>Waschbar und wiederverwendbar<\/p>\n<p>F\u00f6rdert Kreativit\u00e4t und Feinmotorik<\/p>\n<p>Geeignet ab 5 Jahren<\/p>\n<p>Zeige deine Kreativit\u00e4t<br \/>\nDekoriere deinen Dinosaurier und entdecke unendliche Kombinationen von Farben und Mustern.<\/p>\n<p>Leg noch heute los!<br \/>\nErschaffe deine eigenen farbenfrohen Dino-Meisterwerke.<\/p>\n","protected":false},"excerpt":{"rendered":"<p>Erwecke deine Dinosaurier mit Blasstiften zum Leben! Mit dem Blas-Airbrush-Stifte-Set \u2013 Dinosaurier k\u00f6nnen Kinder ihre Dinos mit leuchtenden Farben und wundersch\u00f6nen Spr\u00fcheffekten verzieren. Die Stifte sind abwaschbar und wiederverwendbar und sorgen f\u00fcr endlosen Spa\u00df. Inhalt der Verpackung 3 Dinosaurierfiguren (T-Rex, Stegosaurus, Triceratops) 4 Airbrush-Stifte (t\u00fcrkis, gelb, orange, lila) Schwamm zum Reinigen Einzigartige Eigenschaften Wundersch\u00f6ne Farb\u00fcberg\u00e4nge [&hellip;]<\/p>\n","protected":false},"featured_media":102616,"comment_status":"closed","ping_status":"closed","template":"","meta":{"_acf_changed":false},"product_brand":[],"product_cat":[115],"product_tag":[],"class_list":{"0":"post-114702","1":"product","2":"type-product","3":"status-publish","4":"has-post-thumbnail","6":"product_cat-basteln","7":"pa_collecties-blow-airbrush-pens","8":"pa_leeftijd-filter-4-6-jahre","9":"pa_meest-populair-bij-jungen","11":"first","12":"instock","13":"shipping-taxable","14":"product-type-simple"},"acf":[],"yoast_head":"<!-- This site is optimized with the Yoast SEO plugin v27.2 - https:\/\/yoast.com\/product\/yoast-seo-wordpress\/ -->\n<title>Blow Airbrush Pens - Dino 3x - SES Creative<\/title>\n<meta name=\"robots\" content=\"index, follow, max-snippet:-1, max-image-preview:large, max-video-preview:-1\" \/>\n<link rel=\"canonical\" href=\"https:\/\/ses-creative.com\/de\/produkt\/blow-airbrush-pens-dino-3x\/\" \/>\n<meta property=\"og:locale\" content=\"de_DE\" \/>\n<meta property=\"og:type\" content=\"article\" \/>\n<meta property=\"og:title\" content=\"Blow Airbrush Pens - Dino 3x - SES Creative\" \/>\n<meta property=\"og:description\" content=\"Erwecke deine Dinosaurier mit Blasstiften zum Leben! Mit dem Blas-Airbrush-Stifte-Set \u2013 Dinosaurier k\u00f6nnen Kinder ihre Dinos mit leuchtenden Farben und wundersch\u00f6nen Spr\u00fcheffekten verzieren. Die Stifte sind abwaschbar und wiederverwendbar und sorgen f\u00fcr endlosen Spa\u00df. Inhalt der Verpackung 3 Dinosaurierfiguren (T-Rex, Stegosaurus, Triceratops) 4 Airbrush-Stifte (t\u00fcrkis, gelb, orange, lila) Schwamm zum Reinigen Einzigartige Eigenschaften Wundersch\u00f6ne Farb\u00fcberg\u00e4nge [&hellip;]\" \/>\n<meta property=\"og:url\" content=\"https:\/\/ses-creative.com\/de\/produkt\/blow-airbrush-pens-dino-3x\/\" \/>\n<meta property=\"og:site_name\" content=\"SES Creative\" \/>\n<meta property=\"article:modified_time\" content=\"2026-02-06T09:51:40+00:00\" \/>\n<meta name=\"twitter:card\" content=\"summary_large_image\" \/>\n<script type=\"application\/ld+json\" class=\"yoast-schema-graph\">{\"@context\":\"https:\/\/schema.org\",\"@graph\":[{\"@type\":\"WebPage\",\"@id\":\"https:\/\/ses-creative.com\/de\/produkt\/blow-airbrush-pens-dino-3x\/\",\"url\":\"https:\/\/ses-creative.com\/de\/produkt\/blow-airbrush-pens-dino-3x\/\",\"name\":\"Blow Airbrush Pens - Dino 3x - SES Creative\",\"isPartOf\":{\"@id\":\"https:\/\/ses-creative.com\/#website\"},\"primaryImageOfPage\":{\"@id\":\"https:\/\/ses-creative.com\/de\/produkt\/blow-airbrush-pens-dino-3x\/#primaryimage\"},\"image\":{\"@id\":\"https:\/\/ses-creative.com\/de\/produkt\/blow-airbrush-pens-dino-3x\/#primaryimage\"},\"thumbnailUrl\":\"https:\/\/ses-creative.com\/wp-content\/uploads\/2026\/01\/142951.jpg\",\"datePublished\":\"2026-02-05T13:52:43+00:00\",\"dateModified\":\"2026-02-06T09:51:40+00:00\",\"breadcrumb\":{\"@id\":\"https:\/\/ses-creative.com\/de\/produkt\/blow-airbrush-pens-dino-3x\/#breadcrumb\"},\"inLanguage\":\"de\",\"potentialAction\":[{\"@type\":\"ReadAction\",\"target\":[\"https:\/\/ses-creative.com\/de\/produkt\/blow-airbrush-pens-dino-3x\/\"]}]},{\"@type\":\"ImageObject\",\"inLanguage\":\"de\",\"@id\":\"https:\/\/ses-creative.com\/de\/produkt\/blow-airbrush-pens-dino-3x\/#primaryimage\",\"url\":\"https:\/\/ses-creative.com\/wp-content\/uploads\/2026\/01\/142951.jpg\",\"contentUrl\":\"https:\/\/ses-creative.com\/wp-content\/uploads\/2026\/01\/142951.jpg\",\"width\":1000,\"height\":1000},{\"@type\":\"BreadcrumbList\",\"@id\":\"https:\/\/ses-creative.com\/de\/produkt\/blow-airbrush-pens-dino-3x\/#breadcrumb\",\"itemListElement\":[{\"@type\":\"ListItem\",\"position\":1,\"name\":\"Shop\",\"item\":\"https:\/\/ses-creative.com\/de\/shop\/\"},{\"@type\":\"ListItem\",\"position\":2,\"name\":\"Basteln\",\"item\":\"https:\/\/ses-creative.com\/de\/product-categorie\/basteln\/\"},{\"@type\":\"ListItem\",\"position\":3,\"name\":\"Blow Airbrush Pens &#8211; Dino 3x\"}]},{\"@type\":\"WebSite\",\"@id\":\"https:\/\/ses-creative.com\/#website\",\"url\":\"https:\/\/ses-creative.com\/\",\"name\":\"SES Creative\",\"description\":\"\",\"publisher\":{\"@id\":\"https:\/\/ses-creative.com\/#organization\"},\"potentialAction\":[{\"@type\":\"SearchAction\",\"target\":{\"@type\":\"EntryPoint\",\"urlTemplate\":\"https:\/\/ses-creative.com\/?s={search_term_string}\"},\"query-input\":{\"@type\":\"PropertyValueSpecification\",\"valueRequired\":true,\"valueName\":\"search_term_string\"}}],\"inLanguage\":\"de\"},{\"@type\":\"Organization\",\"@id\":\"https:\/\/ses-creative.com\/#organization\",\"name\":\"SES Creative\",\"url\":\"https:\/\/ses-creative.com\/\",\"logo\":{\"@type\":\"ImageObject\",\"inLanguage\":\"de\",\"@id\":\"https:\/\/ses-creative.com\/#\/schema\/logo\/image\/\",\"url\":\"https:\/\/ses-creative.com\/wp-content\/uploads\/2025\/10\/ses-creative-logo.jpg\",\"contentUrl\":\"https:\/\/ses-creative.com\/wp-content\/uploads\/2025\/10\/ses-creative-logo.jpg\",\"width\":2037,\"height\":2037,\"caption\":\"SES Creative\"},\"image\":{\"@id\":\"https:\/\/ses-creative.com\/#\/schema\/logo\/image\/\"}}]}<\/script>\n<!-- \/ Yoast SEO plugin. -->","yoast_head_json":{"title":"Blow Airbrush Pens - Dino 3x - SES Creative","robots":{"index":"index","follow":"follow","max-snippet":"max-snippet:-1","max-image-preview":"max-image-preview:large","max-video-preview":"max-video-preview:-1"},"canonical":"https:\/\/ses-creative.com\/de\/produkt\/blow-airbrush-pens-dino-3x\/","og_locale":"de_DE","og_type":"article","og_title":"Blow Airbrush Pens - Dino 3x - SES Creative","og_description":"Erwecke deine Dinosaurier mit Blasstiften zum Leben! Mit dem Blas-Airbrush-Stifte-Set \u2013 Dinosaurier k\u00f6nnen Kinder ihre Dinos mit leuchtenden Farben und wundersch\u00f6nen Spr\u00fcheffekten verzieren. Die Stifte sind abwaschbar und wiederverwendbar und sorgen f\u00fcr endlosen Spa\u00df. Inhalt der Verpackung 3 Dinosaurierfiguren (T-Rex, Stegosaurus, Triceratops) 4 Airbrush-Stifte (t\u00fcrkis, gelb, orange, lila) Schwamm zum Reinigen Einzigartige Eigenschaften Wundersch\u00f6ne Farb\u00fcberg\u00e4nge [&hellip;]","og_url":"https:\/\/ses-creative.com\/de\/produkt\/blow-airbrush-pens-dino-3x\/","og_site_name":"SES Creative","article_modified_time":"2026-02-06T09:51:40+00:00","twitter_card":"summary_large_image","schema":{"@context":"https:\/\/schema.org","@graph":[{"@type":"WebPage","@id":"https:\/\/ses-creative.com\/de\/produkt\/blow-airbrush-pens-dino-3x\/","url":"https:\/\/ses-creative.com\/de\/produkt\/blow-airbrush-pens-dino-3x\/","name":"Blow Airbrush Pens - Dino 3x - SES Creative","isPartOf":{"@id":"https:\/\/ses-creative.com\/#website"},"primaryImageOfPage":{"@id":"https:\/\/ses-creative.com\/de\/produkt\/blow-airbrush-pens-dino-3x\/#primaryimage"},"image":{"@id":"https:\/\/ses-creative.com\/de\/produkt\/blow-airbrush-pens-dino-3x\/#primaryimage"},"thumbnailUrl":"https:\/\/ses-creative.com\/wp-content\/uploads\/2026\/01\/142951.jpg","datePublished":"2026-02-05T13:52:43+00:00","dateModified":"2026-02-06T09:51:40+00:00","breadcrumb":{"@id":"https:\/\/ses-creative.com\/de\/produkt\/blow-airbrush-pens-dino-3x\/#breadcrumb"},"inLanguage":"de","potentialAction":[{"@type":"ReadAction","target":["https:\/\/ses-creative.com\/de\/produkt\/blow-airbrush-pens-dino-3x\/"]}]},{"@type":"ImageObject","inLanguage":"de","@id":"https:\/\/ses-creative.com\/de\/produkt\/blow-airbrush-pens-dino-3x\/#primaryimage","url":"https:\/\/ses-creative.com\/wp-content\/uploads\/2026\/01\/142951.jpg","contentUrl":"https:\/\/ses-creative.com\/wp-content\/uploads\/2026\/01\/142951.jpg","width":1000,"height":1000},{"@type":"BreadcrumbList","@id":"https:\/\/ses-creative.com\/de\/produkt\/blow-airbrush-pens-dino-3x\/#breadcrumb","itemListElement":[{"@type":"ListItem","position":1,"name":"Shop","item":"https:\/\/ses-creative.com\/de\/shop\/"},{"@type":"ListItem","position":2,"name":"Basteln","item":"https:\/\/ses-creative.com\/de\/product-categorie\/basteln\/"},{"@type":"ListItem","position":3,"name":"Blow Airbrush Pens &#8211; Dino 3x"}]},{"@type":"WebSite","@id":"https:\/\/ses-creative.com\/#website","url":"https:\/\/ses-creative.com\/","name":"SES Creative","description":"","publisher":{"@id":"https:\/\/ses-creative.com\/#organization"},"potentialAction":[{"@type":"SearchAction","target":{"@type":"EntryPoint","urlTemplate":"https:\/\/ses-creative.com\/?s={search_term_string}"},"query-input":{"@type":"PropertyValueSpecification","valueRequired":true,"valueName":"search_term_string"}}],"inLanguage":"de"},{"@type":"Organization","@id":"https:\/\/ses-creative.com\/#organization","name":"SES Creative","url":"https:\/\/ses-creative.com\/","logo":{"@type":"ImageObject","inLanguage":"de","@id":"https:\/\/ses-creative.com\/#\/schema\/logo\/image\/","url":"https:\/\/ses-creative.com\/wp-content\/uploads\/2025\/10\/ses-creative-logo.jpg","contentUrl":"https:\/\/ses-creative.com\/wp-content\/uploads\/2025\/10\/ses-creative-logo.jpg","width":2037,"height":2037,"caption":"SES Creative"},"image":{"@id":"https:\/\/ses-creative.com\/#\/schema\/logo\/image\/"}}]}},"_links":{"self":[{"href":"https:\/\/ses-creative.com\/de\/wp-json\/wp\/v2\/product\/114702","targetHints":{"allow":["GET"]}}],"collection":[{"href":"https:\/\/ses-creative.com\/de\/wp-json\/wp\/v2\/product"}],"about":[{"href":"https:\/\/ses-creative.com\/de\/wp-json\/wp\/v2\/types\/product"}],"replies":[{"embeddable":true,"href":"https:\/\/ses-creative.com\/de\/wp-json\/wp\/v2\/comments?post=114702"}],"wp:featuredmedia":[{"embeddable":true,"href":"https:\/\/ses-creative.com\/de\/wp-json\/wp\/v2\/media\/102616"}],"wp:attachment":[{"href":"https:\/\/ses-creative.com\/de\/wp-json\/wp\/v2\/media?parent=114702"}],"wp:term":[{"taxonomy":"product_brand","embeddable":true,"href":"https:\/\/ses-creative.com\/de\/wp-json\/wp\/v2\/product_brand?post=114702"},{"taxonomy":"product_cat","embeddable":true,"href":"https:\/\/ses-creative.com\/de\/wp-json\/wp\/v2\/product_cat?post=114702"},{"taxonomy":"product_tag","embeddable":true,"href":"https:\/\/ses-creative.com\/de\/wp-json\/wp\/v2\/product_tag?post=114702"}],"curies":[{"name":"wp","href":"https:\/\/api.w.org\/{rel}","templated":true}]}}