











{"id":114701,"date":"2026-02-05T13:52:43","date_gmt":"2026-02-05T13:52:43","guid":{"rendered":"https:\/\/ses-creative.com\/?post_type=product&#038;p=114701"},"modified":"2026-02-06T09:51:40","modified_gmt":"2026-02-06T09:51:40","slug":"schrumpffolie-dino-schluesselanhaenger","status":"publish","type":"product","link":"https:\/\/ses-creative.com\/de\/produkt\/schrumpffolie-dino-schluesselanhaenger\/","title":{"rendered":"Schrumpffolie &#8211; Dino-Schl\u00fcsselanh\u00e4nger"},"content":{"rendered":"<p>Erstellen Sie magische Dino-Schl\u00fcsselanh\u00e4nger!<\/p>\n<p>Mit dem Schrumpffolien-Dino-Schl\u00fcsselanh\u00e4nger-Set von SES Creative kannst du deine eigenen Dinosaurier-Schl\u00fcsselanh\u00e4nger gestalten. Bemale sie, backe sie und lass sie zu stabilen Schl\u00fcsselanh\u00e4ngern schrumpfen.<\/p>\n<p>Inhalt der Verpackung<\/p>\n<p>3 B\u00f6gen Schrumpffolie<\/p>\n<p>8 Buntstifte<\/p>\n<p>6 Schl\u00fcsselanh\u00e4nger-Clips<\/p>\n<p>Blaues Band<\/p>\n<p>Schablonen<\/p>\n<p>Einzigartige Eigenschaften<\/p>\n<p>Schrumpffolie f\u00fcr kreative Verwandlung<\/p>\n<p>F\u00f6rdert die Feinmotorik und fantasievolles Spielen<\/p>\n<p>Geeignet ab 5 Jahren<\/p>\n<p>Perfekt zum Basteln allein oder gemeinsam<\/p>\n<p>Zeigen Sie Ihre Kreativit\u00e4t<br \/>\nGestalte einzigartige Dinosaurier-Schl\u00fcsselanh\u00e4nger und personalisiere sie ganz nach deinen W\u00fcnschen.<\/p>\n<p>Fang noch heute an!<br \/>\nLassen Sie Ihrer Fantasie freien Lauf und entdecken Sie den Spa\u00df am kreativen Spielen.<\/p>\n","protected":false},"excerpt":{"rendered":"<p>Erstellen Sie magische Dino-Schl\u00fcsselanh\u00e4nger! Mit dem Schrumpffolien-Dino-Schl\u00fcsselanh\u00e4nger-Set von SES Creative kannst du deine eigenen Dinosaurier-Schl\u00fcsselanh\u00e4nger gestalten. Bemale sie, backe sie und lass sie zu stabilen Schl\u00fcsselanh\u00e4ngern schrumpfen. Inhalt der Verpackung 3 B\u00f6gen Schrumpffolie 8 Buntstifte 6 Schl\u00fcsselanh\u00e4nger-Clips Blaues Band Schablonen Einzigartige Eigenschaften Schrumpffolie f\u00fcr kreative Verwandlung F\u00f6rdert die Feinmotorik und fantasievolles Spielen Geeignet ab 5 [&hellip;]<\/p>\n","protected":false},"featured_media":102596,"comment_status":"closed","ping_status":"closed","template":"","meta":{"_acf_changed":false},"product_brand":[],"product_cat":[115],"product_tag":[],"class_list":{"0":"post-114701","1":"product","2":"type-product","3":"status-publish","4":"has-post-thumbnail","6":"product_cat-basteln","7":"pa_leeftijd-filter-4-6-jahre","8":"pa_meest-populair-bij-jungen","10":"first","11":"instock","12":"shipping-taxable","13":"product-type-simple"},"acf":[],"yoast_head":"<!-- This site is optimized with the Yoast SEO plugin v27.2 - https:\/\/yoast.com\/product\/yoast-seo-wordpress\/ -->\n<title>Schrumpffolie - Dino-Schl\u00fcsselanh\u00e4nger - SES Creative<\/title>\n<meta name=\"robots\" content=\"index, follow, max-snippet:-1, max-image-preview:large, max-video-preview:-1\" \/>\n<link rel=\"canonical\" href=\"https:\/\/ses-creative.com\/de\/produkt\/schrumpffolie-dino-schluesselanhaenger\/\" \/>\n<meta property=\"og:locale\" content=\"de_DE\" \/>\n<meta property=\"og:type\" content=\"article\" \/>\n<meta property=\"og:title\" content=\"Schrumpffolie - Dino-Schl\u00fcsselanh\u00e4nger - SES Creative\" \/>\n<meta property=\"og:description\" content=\"Erstellen Sie magische Dino-Schl\u00fcsselanh\u00e4nger! Mit dem Schrumpffolien-Dino-Schl\u00fcsselanh\u00e4nger-Set von SES Creative kannst du deine eigenen Dinosaurier-Schl\u00fcsselanh\u00e4nger gestalten. Bemale sie, backe sie und lass sie zu stabilen Schl\u00fcsselanh\u00e4ngern schrumpfen. Inhalt der Verpackung 3 B\u00f6gen Schrumpffolie 8 Buntstifte 6 Schl\u00fcsselanh\u00e4nger-Clips Blaues Band Schablonen Einzigartige Eigenschaften Schrumpffolie f\u00fcr kreative Verwandlung F\u00f6rdert die Feinmotorik und fantasievolles Spielen Geeignet ab 5 [&hellip;]\" \/>\n<meta property=\"og:url\" content=\"https:\/\/ses-creative.com\/de\/produkt\/schrumpffolie-dino-schluesselanhaenger\/\" \/>\n<meta property=\"og:site_name\" content=\"SES Creative\" \/>\n<meta property=\"article:modified_time\" content=\"2026-02-06T09:51:40+00:00\" \/>\n<meta name=\"twitter:card\" content=\"summary_large_image\" \/>\n<meta name=\"twitter:label1\" content=\"Gesch\u00e4tzte Lesezeit\" \/>\n\t<meta name=\"twitter:data1\" content=\"1\u00a0Minute\" \/>\n<script type=\"application\/ld+json\" class=\"yoast-schema-graph\">{\"@context\":\"https:\/\/schema.org\",\"@graph\":[{\"@type\":\"WebPage\",\"@id\":\"https:\/\/ses-creative.com\/de\/produkt\/schrumpffolie-dino-schluesselanhaenger\/\",\"url\":\"https:\/\/ses-creative.com\/de\/produkt\/schrumpffolie-dino-schluesselanhaenger\/\",\"name\":\"Schrumpffolie - Dino-Schl\u00fcsselanh\u00e4nger - SES Creative\",\"isPartOf\":{\"@id\":\"https:\/\/ses-creative.com\/#website\"},\"primaryImageOfPage\":{\"@id\":\"https:\/\/ses-creative.com\/de\/produkt\/schrumpffolie-dino-schluesselanhaenger\/#primaryimage\"},\"image\":{\"@id\":\"https:\/\/ses-creative.com\/de\/produkt\/schrumpffolie-dino-schluesselanhaenger\/#primaryimage\"},\"thumbnailUrl\":\"https:\/\/ses-creative.com\/wp-content\/uploads\/2026\/01\/142941.jpg\",\"datePublished\":\"2026-02-05T13:52:43+00:00\",\"dateModified\":\"2026-02-06T09:51:40+00:00\",\"breadcrumb\":{\"@id\":\"https:\/\/ses-creative.com\/de\/produkt\/schrumpffolie-dino-schluesselanhaenger\/#breadcrumb\"},\"inLanguage\":\"de\",\"potentialAction\":[{\"@type\":\"ReadAction\",\"target\":[\"https:\/\/ses-creative.com\/de\/produkt\/schrumpffolie-dino-schluesselanhaenger\/\"]}]},{\"@type\":\"ImageObject\",\"inLanguage\":\"de\",\"@id\":\"https:\/\/ses-creative.com\/de\/produkt\/schrumpffolie-dino-schluesselanhaenger\/#primaryimage\",\"url\":\"https:\/\/ses-creative.com\/wp-content\/uploads\/2026\/01\/142941.jpg\",\"contentUrl\":\"https:\/\/ses-creative.com\/wp-content\/uploads\/2026\/01\/142941.jpg\",\"width\":1000,\"height\":1000},{\"@type\":\"BreadcrumbList\",\"@id\":\"https:\/\/ses-creative.com\/de\/produkt\/schrumpffolie-dino-schluesselanhaenger\/#breadcrumb\",\"itemListElement\":[{\"@type\":\"ListItem\",\"position\":1,\"name\":\"Shop\",\"item\":\"https:\/\/ses-creative.com\/de\/shop\/\"},{\"@type\":\"ListItem\",\"position\":2,\"name\":\"Basteln\",\"item\":\"https:\/\/ses-creative.com\/de\/product-categorie\/basteln\/\"},{\"@type\":\"ListItem\",\"position\":3,\"name\":\"Schrumpffolie &#8211; Dino-Schl\u00fcsselanh\u00e4nger\"}]},{\"@type\":\"WebSite\",\"@id\":\"https:\/\/ses-creative.com\/#website\",\"url\":\"https:\/\/ses-creative.com\/\",\"name\":\"SES Creative\",\"description\":\"\",\"publisher\":{\"@id\":\"https:\/\/ses-creative.com\/#organization\"},\"potentialAction\":[{\"@type\":\"SearchAction\",\"target\":{\"@type\":\"EntryPoint\",\"urlTemplate\":\"https:\/\/ses-creative.com\/?s={search_term_string}\"},\"query-input\":{\"@type\":\"PropertyValueSpecification\",\"valueRequired\":true,\"valueName\":\"search_term_string\"}}],\"inLanguage\":\"de\"},{\"@type\":\"Organization\",\"@id\":\"https:\/\/ses-creative.com\/#organization\",\"name\":\"SES Creative\",\"url\":\"https:\/\/ses-creative.com\/\",\"logo\":{\"@type\":\"ImageObject\",\"inLanguage\":\"de\",\"@id\":\"https:\/\/ses-creative.com\/#\/schema\/logo\/image\/\",\"url\":\"https:\/\/ses-creative.com\/wp-content\/uploads\/2025\/10\/ses-creative-logo.jpg\",\"contentUrl\":\"https:\/\/ses-creative.com\/wp-content\/uploads\/2025\/10\/ses-creative-logo.jpg\",\"width\":2037,\"height\":2037,\"caption\":\"SES Creative\"},\"image\":{\"@id\":\"https:\/\/ses-creative.com\/#\/schema\/logo\/image\/\"}}]}<\/script>\n<!-- \/ Yoast SEO plugin. -->","yoast_head_json":{"title":"Schrumpffolie - Dino-Schl\u00fcsselanh\u00e4nger - SES Creative","robots":{"index":"index","follow":"follow","max-snippet":"max-snippet:-1","max-image-preview":"max-image-preview:large","max-video-preview":"max-video-preview:-1"},"canonical":"https:\/\/ses-creative.com\/de\/produkt\/schrumpffolie-dino-schluesselanhaenger\/","og_locale":"de_DE","og_type":"article","og_title":"Schrumpffolie - Dino-Schl\u00fcsselanh\u00e4nger - SES Creative","og_description":"Erstellen Sie magische Dino-Schl\u00fcsselanh\u00e4nger! Mit dem Schrumpffolien-Dino-Schl\u00fcsselanh\u00e4nger-Set von SES Creative kannst du deine eigenen Dinosaurier-Schl\u00fcsselanh\u00e4nger gestalten. Bemale sie, backe sie und lass sie zu stabilen Schl\u00fcsselanh\u00e4ngern schrumpfen. Inhalt der Verpackung 3 B\u00f6gen Schrumpffolie 8 Buntstifte 6 Schl\u00fcsselanh\u00e4nger-Clips Blaues Band Schablonen Einzigartige Eigenschaften Schrumpffolie f\u00fcr kreative Verwandlung F\u00f6rdert die Feinmotorik und fantasievolles Spielen Geeignet ab 5 [&hellip;]","og_url":"https:\/\/ses-creative.com\/de\/produkt\/schrumpffolie-dino-schluesselanhaenger\/","og_site_name":"SES Creative","article_modified_time":"2026-02-06T09:51:40+00:00","twitter_card":"summary_large_image","twitter_misc":{"Gesch\u00e4tzte Lesezeit":"1\u00a0Minute"},"schema":{"@context":"https:\/\/schema.org","@graph":[{"@type":"WebPage","@id":"https:\/\/ses-creative.com\/de\/produkt\/schrumpffolie-dino-schluesselanhaenger\/","url":"https:\/\/ses-creative.com\/de\/produkt\/schrumpffolie-dino-schluesselanhaenger\/","name":"Schrumpffolie - Dino-Schl\u00fcsselanh\u00e4nger - SES Creative","isPartOf":{"@id":"https:\/\/ses-creative.com\/#website"},"primaryImageOfPage":{"@id":"https:\/\/ses-creative.com\/de\/produkt\/schrumpffolie-dino-schluesselanhaenger\/#primaryimage"},"image":{"@id":"https:\/\/ses-creative.com\/de\/produkt\/schrumpffolie-dino-schluesselanhaenger\/#primaryimage"},"thumbnailUrl":"https:\/\/ses-creative.com\/wp-content\/uploads\/2026\/01\/142941.jpg","datePublished":"2026-02-05T13:52:43+00:00","dateModified":"2026-02-06T09:51:40+00:00","breadcrumb":{"@id":"https:\/\/ses-creative.com\/de\/produkt\/schrumpffolie-dino-schluesselanhaenger\/#breadcrumb"},"inLanguage":"de","potentialAction":[{"@type":"ReadAction","target":["https:\/\/ses-creative.com\/de\/produkt\/schrumpffolie-dino-schluesselanhaenger\/"]}]},{"@type":"ImageObject","inLanguage":"de","@id":"https:\/\/ses-creative.com\/de\/produkt\/schrumpffolie-dino-schluesselanhaenger\/#primaryimage","url":"https:\/\/ses-creative.com\/wp-content\/uploads\/2026\/01\/142941.jpg","contentUrl":"https:\/\/ses-creative.com\/wp-content\/uploads\/2026\/01\/142941.jpg","width":1000,"height":1000},{"@type":"BreadcrumbList","@id":"https:\/\/ses-creative.com\/de\/produkt\/schrumpffolie-dino-schluesselanhaenger\/#breadcrumb","itemListElement":[{"@type":"ListItem","position":1,"name":"Shop","item":"https:\/\/ses-creative.com\/de\/shop\/"},{"@type":"ListItem","position":2,"name":"Basteln","item":"https:\/\/ses-creative.com\/de\/product-categorie\/basteln\/"},{"@type":"ListItem","position":3,"name":"Schrumpffolie &#8211; Dino-Schl\u00fcsselanh\u00e4nger"}]},{"@type":"WebSite","@id":"https:\/\/ses-creative.com\/#website","url":"https:\/\/ses-creative.com\/","name":"SES Creative","description":"","publisher":{"@id":"https:\/\/ses-creative.com\/#organization"},"potentialAction":[{"@type":"SearchAction","target":{"@type":"EntryPoint","urlTemplate":"https:\/\/ses-creative.com\/?s={search_term_string}"},"query-input":{"@type":"PropertyValueSpecification","valueRequired":true,"valueName":"search_term_string"}}],"inLanguage":"de"},{"@type":"Organization","@id":"https:\/\/ses-creative.com\/#organization","name":"SES Creative","url":"https:\/\/ses-creative.com\/","logo":{"@type":"ImageObject","inLanguage":"de","@id":"https:\/\/ses-creative.com\/#\/schema\/logo\/image\/","url":"https:\/\/ses-creative.com\/wp-content\/uploads\/2025\/10\/ses-creative-logo.jpg","contentUrl":"https:\/\/ses-creative.com\/wp-content\/uploads\/2025\/10\/ses-creative-logo.jpg","width":2037,"height":2037,"caption":"SES Creative"},"image":{"@id":"https:\/\/ses-creative.com\/#\/schema\/logo\/image\/"}}]}},"_links":{"self":[{"href":"https:\/\/ses-creative.com\/de\/wp-json\/wp\/v2\/product\/114701","targetHints":{"allow":["GET"]}}],"collection":[{"href":"https:\/\/ses-creative.com\/de\/wp-json\/wp\/v2\/product"}],"about":[{"href":"https:\/\/ses-creative.com\/de\/wp-json\/wp\/v2\/types\/product"}],"replies":[{"embeddable":true,"href":"https:\/\/ses-creative.com\/de\/wp-json\/wp\/v2\/comments?post=114701"}],"wp:featuredmedia":[{"embeddable":true,"href":"https:\/\/ses-creative.com\/de\/wp-json\/wp\/v2\/media\/102596"}],"wp:attachment":[{"href":"https:\/\/ses-creative.com\/de\/wp-json\/wp\/v2\/media?parent=114701"}],"wp:term":[{"taxonomy":"product_brand","embeddable":true,"href":"https:\/\/ses-creative.com\/de\/wp-json\/wp\/v2\/product_brand?post=114701"},{"taxonomy":"product_cat","embeddable":true,"href":"https:\/\/ses-creative.com\/de\/wp-json\/wp\/v2\/product_cat?post=114701"},{"taxonomy":"product_tag","embeddable":true,"href":"https:\/\/ses-creative.com\/de\/wp-json\/wp\/v2\/product_tag?post=114701"}],"curies":[{"name":"wp","href":"https:\/\/api.w.org\/{rel}","templated":true}]}}