











{"id":114700,"date":"2026-02-05T13:52:43","date_gmt":"2026-02-05T13:52:43","guid":{"rendered":"https:\/\/ses-creative.com\/?post_type=product&#038;p=114700"},"modified":"2026-02-06T09:51:40","modified_gmt":"2026-02-06T09:51:40","slug":"fahrzeuge-schraubkonstruktionen","status":"publish","type":"product","link":"https:\/\/ses-creative.com\/de\/produkt\/fahrzeuge-schraubkonstruktionen\/","title":{"rendered":"Fahrzeuge Schraubkonstruktionen"},"content":{"rendered":"<p>Fahrzeuge Schraubkonstruktionen: Bauen, schrauben und entdecken Sie endlosen Spa\u00df!<\/p>\n<p>Mit dem Fahrzeug-Schraubkonstruktionsset von SES Creative bauen Kinder ihre eigenen coolen Fahrzeuge. Verwenden Sie den sicheren Kunststoffschraubendreher, um die Teile fest anzuziehen, und entdecken Sie, wie der Hubschrauber und der Gel\u00e4ndewagen Schritt f\u00fcr Schritt zum Leben erweckt werden. Fertig mit Spielen? Schrauben Sie alles wieder auseinander und fangen Sie einfach von vorne an. Dieses Set bietet endlosen Spiel- und Lernspa\u00df f\u00fcr kleine Baumeister mit gro\u00dfen Ideen.<\/p>\n<p>Was dieses Set so toll macht<\/p>\n<p>Die Teile k\u00f6nnen immer wieder auseinander- und zusammengesetzt werden und sorgen so f\u00fcr endlosen Spielspa\u00df.<\/p>\n<p>F\u00f6rdert das probleml\u00f6sende Denken und logische Schlussfolgern<\/p>\n<p>F\u00f6rdert die Entwicklung der Feinmotorik und der Hand-Augen-Koordination<\/p>\n<p>Enth\u00e4lt sich sichere Kunststoffschrauben und einen kindgerechten Schraubendreher<\/p>\n<p>Inklusive zwei coolen Fahrzeugen: einem Hubschrauber und einem Gel\u00e4ndewagen<\/p>\n<p>Bauen, lernen und neu beginnen<\/p>\n<p>Das Fahrzeug-Schraubenset l\u00e4sst Kinder spielerisch entdecken, wie Dinge funktionieren. Durch Schrauben, Bauen und Experimentieren entwickeln sie technische F\u00e4higkeiten und lernen durch Ausprobieren. Jede Bausession ist ein neues Abenteuer, denn die Fahrzeuge k\u00f6nnen immer wieder neu gebaut werden.<\/p>\n<p>Inhalt des Sets<\/p>\n<p>Hubschrauber und Gel\u00e4ndewagen (20 Teile)<\/p>\n<p>13 Kunststoffschrauben<\/p>\n<p>Kunststoff-Schraubendreher<\/p>\n<p>Anleitung<\/p>\n<p>Warum SES Creative w\u00e4hlen?<\/p>\n<p>Bei SES Creative legen wir gro\u00dfen Wert auf Sicherheit und Qualit\u00e4t. Alle unsere Produkte werden mit Sorgfalt entwickelt und in unserer eigenen Fabrik in den Niederlanden gem\u00e4\u00df den strengsten europ\u00e4ischen Sicherheitsnormen getestet. SES Creative steht f\u00fcr Kreativit\u00e4t, Spa\u00df und Entwicklung, damit Kinder stolz auf das sein k\u00f6nnen, was sie herstellen.<\/p>\n<p>Immer wieder neu bauen<\/p>\n<p>Entdecken Sie, wie viel Spa\u00df es macht, mit dem Fahrzeug-Schraubbausatz von SES Creative selbst zu bauen. Schrauben, spielen und Fahrzeuge bauen: ganz allein!<\/p>\n","protected":false},"excerpt":{"rendered":"<p>Fahrzeuge Schraubkonstruktionen: Bauen, schrauben und entdecken Sie endlosen Spa\u00df! Mit dem Fahrzeug-Schraubkonstruktionsset von SES Creative bauen Kinder ihre eigenen coolen Fahrzeuge. Verwenden Sie den sicheren Kunststoffschraubendreher, um die Teile fest anzuziehen, und entdecken Sie, wie der Hubschrauber und der Gel\u00e4ndewagen Schritt f\u00fcr Schritt zum Leben erweckt werden. Fertig mit Spielen? Schrauben Sie alles wieder auseinander [&hellip;]<\/p>\n","protected":false},"featured_media":107508,"comment_status":"closed","ping_status":"closed","template":"","meta":{"_acf_changed":false},"product_brand":[],"product_cat":[115],"product_tag":[],"class_list":{"0":"post-114700","1":"product","2":"type-product","3":"status-publish","4":"has-post-thumbnail","6":"product_cat-basteln","7":"pa_leeftijd-filter-4-6-jahre","8":"pa_meest-populair-bij-jungen","10":"first","11":"instock","12":"shipping-taxable","13":"product-type-simple"},"acf":[],"yoast_head":"<!-- This site is optimized with the Yoast SEO plugin v27.2 - https:\/\/yoast.com\/product\/yoast-seo-wordpress\/ -->\n<title>Fahrzeuge Schraubkonstruktionen - SES Creative<\/title>\n<meta name=\"robots\" content=\"index, follow, max-snippet:-1, max-image-preview:large, max-video-preview:-1\" \/>\n<link rel=\"canonical\" href=\"https:\/\/ses-creative.com\/de\/produkt\/fahrzeuge-schraubkonstruktionen\/\" \/>\n<meta property=\"og:locale\" content=\"de_DE\" \/>\n<meta property=\"og:type\" content=\"article\" \/>\n<meta property=\"og:title\" content=\"Fahrzeuge Schraubkonstruktionen - SES Creative\" \/>\n<meta property=\"og:description\" content=\"Fahrzeuge Schraubkonstruktionen: Bauen, schrauben und entdecken Sie endlosen Spa\u00df! Mit dem Fahrzeug-Schraubkonstruktionsset von SES Creative bauen Kinder ihre eigenen coolen Fahrzeuge. Verwenden Sie den sicheren Kunststoffschraubendreher, um die Teile fest anzuziehen, und entdecken Sie, wie der Hubschrauber und der Gel\u00e4ndewagen Schritt f\u00fcr Schritt zum Leben erweckt werden. Fertig mit Spielen? Schrauben Sie alles wieder auseinander [&hellip;]\" \/>\n<meta property=\"og:url\" content=\"https:\/\/ses-creative.com\/de\/produkt\/fahrzeuge-schraubkonstruktionen\/\" \/>\n<meta property=\"og:site_name\" content=\"SES Creative\" \/>\n<meta property=\"article:modified_time\" content=\"2026-02-06T09:51:40+00:00\" \/>\n<meta name=\"twitter:card\" content=\"summary_large_image\" \/>\n<meta name=\"twitter:label1\" content=\"Gesch\u00e4tzte Lesezeit\" \/>\n\t<meta name=\"twitter:data1\" content=\"1\u00a0Minute\" \/>\n<script type=\"application\/ld+json\" class=\"yoast-schema-graph\">{\"@context\":\"https:\/\/schema.org\",\"@graph\":[{\"@type\":\"WebPage\",\"@id\":\"https:\/\/ses-creative.com\/de\/produkt\/fahrzeuge-schraubkonstruktionen\/\",\"url\":\"https:\/\/ses-creative.com\/de\/produkt\/fahrzeuge-schraubkonstruktionen\/\",\"name\":\"Fahrzeuge Schraubkonstruktionen - SES Creative\",\"isPartOf\":{\"@id\":\"https:\/\/ses-creative.com\/#website\"},\"primaryImageOfPage\":{\"@id\":\"https:\/\/ses-creative.com\/de\/produkt\/fahrzeuge-schraubkonstruktionen\/#primaryimage\"},\"image\":{\"@id\":\"https:\/\/ses-creative.com\/de\/produkt\/fahrzeuge-schraubkonstruktionen\/#primaryimage\"},\"thumbnailUrl\":\"https:\/\/ses-creative.com\/wp-content\/uploads\/2026\/01\/142921-1.jpg\",\"datePublished\":\"2026-02-05T13:52:43+00:00\",\"dateModified\":\"2026-02-06T09:51:40+00:00\",\"breadcrumb\":{\"@id\":\"https:\/\/ses-creative.com\/de\/produkt\/fahrzeuge-schraubkonstruktionen\/#breadcrumb\"},\"inLanguage\":\"de\",\"potentialAction\":[{\"@type\":\"ReadAction\",\"target\":[\"https:\/\/ses-creative.com\/de\/produkt\/fahrzeuge-schraubkonstruktionen\/\"]}]},{\"@type\":\"ImageObject\",\"inLanguage\":\"de\",\"@id\":\"https:\/\/ses-creative.com\/de\/produkt\/fahrzeuge-schraubkonstruktionen\/#primaryimage\",\"url\":\"https:\/\/ses-creative.com\/wp-content\/uploads\/2026\/01\/142921-1.jpg\",\"contentUrl\":\"https:\/\/ses-creative.com\/wp-content\/uploads\/2026\/01\/142921-1.jpg\",\"width\":1000,\"height\":1000},{\"@type\":\"BreadcrumbList\",\"@id\":\"https:\/\/ses-creative.com\/de\/produkt\/fahrzeuge-schraubkonstruktionen\/#breadcrumb\",\"itemListElement\":[{\"@type\":\"ListItem\",\"position\":1,\"name\":\"Shop\",\"item\":\"https:\/\/ses-creative.com\/de\/shop\/\"},{\"@type\":\"ListItem\",\"position\":2,\"name\":\"Basteln\",\"item\":\"https:\/\/ses-creative.com\/de\/product-categorie\/basteln\/\"},{\"@type\":\"ListItem\",\"position\":3,\"name\":\"Fahrzeuge Schraubkonstruktionen\"}]},{\"@type\":\"WebSite\",\"@id\":\"https:\/\/ses-creative.com\/#website\",\"url\":\"https:\/\/ses-creative.com\/\",\"name\":\"SES Creative\",\"description\":\"\",\"publisher\":{\"@id\":\"https:\/\/ses-creative.com\/#organization\"},\"potentialAction\":[{\"@type\":\"SearchAction\",\"target\":{\"@type\":\"EntryPoint\",\"urlTemplate\":\"https:\/\/ses-creative.com\/?s={search_term_string}\"},\"query-input\":{\"@type\":\"PropertyValueSpecification\",\"valueRequired\":true,\"valueName\":\"search_term_string\"}}],\"inLanguage\":\"de\"},{\"@type\":\"Organization\",\"@id\":\"https:\/\/ses-creative.com\/#organization\",\"name\":\"SES Creative\",\"url\":\"https:\/\/ses-creative.com\/\",\"logo\":{\"@type\":\"ImageObject\",\"inLanguage\":\"de\",\"@id\":\"https:\/\/ses-creative.com\/#\/schema\/logo\/image\/\",\"url\":\"https:\/\/ses-creative.com\/wp-content\/uploads\/2025\/10\/ses-creative-logo.jpg\",\"contentUrl\":\"https:\/\/ses-creative.com\/wp-content\/uploads\/2025\/10\/ses-creative-logo.jpg\",\"width\":2037,\"height\":2037,\"caption\":\"SES Creative\"},\"image\":{\"@id\":\"https:\/\/ses-creative.com\/#\/schema\/logo\/image\/\"}}]}<\/script>\n<!-- \/ Yoast SEO plugin. -->","yoast_head_json":{"title":"Fahrzeuge Schraubkonstruktionen - SES Creative","robots":{"index":"index","follow":"follow","max-snippet":"max-snippet:-1","max-image-preview":"max-image-preview:large","max-video-preview":"max-video-preview:-1"},"canonical":"https:\/\/ses-creative.com\/de\/produkt\/fahrzeuge-schraubkonstruktionen\/","og_locale":"de_DE","og_type":"article","og_title":"Fahrzeuge Schraubkonstruktionen - SES Creative","og_description":"Fahrzeuge Schraubkonstruktionen: Bauen, schrauben und entdecken Sie endlosen Spa\u00df! Mit dem Fahrzeug-Schraubkonstruktionsset von SES Creative bauen Kinder ihre eigenen coolen Fahrzeuge. Verwenden Sie den sicheren Kunststoffschraubendreher, um die Teile fest anzuziehen, und entdecken Sie, wie der Hubschrauber und der Gel\u00e4ndewagen Schritt f\u00fcr Schritt zum Leben erweckt werden. Fertig mit Spielen? Schrauben Sie alles wieder auseinander [&hellip;]","og_url":"https:\/\/ses-creative.com\/de\/produkt\/fahrzeuge-schraubkonstruktionen\/","og_site_name":"SES Creative","article_modified_time":"2026-02-06T09:51:40+00:00","twitter_card":"summary_large_image","twitter_misc":{"Gesch\u00e4tzte Lesezeit":"1\u00a0Minute"},"schema":{"@context":"https:\/\/schema.org","@graph":[{"@type":"WebPage","@id":"https:\/\/ses-creative.com\/de\/produkt\/fahrzeuge-schraubkonstruktionen\/","url":"https:\/\/ses-creative.com\/de\/produkt\/fahrzeuge-schraubkonstruktionen\/","name":"Fahrzeuge Schraubkonstruktionen - SES Creative","isPartOf":{"@id":"https:\/\/ses-creative.com\/#website"},"primaryImageOfPage":{"@id":"https:\/\/ses-creative.com\/de\/produkt\/fahrzeuge-schraubkonstruktionen\/#primaryimage"},"image":{"@id":"https:\/\/ses-creative.com\/de\/produkt\/fahrzeuge-schraubkonstruktionen\/#primaryimage"},"thumbnailUrl":"https:\/\/ses-creative.com\/wp-content\/uploads\/2026\/01\/142921-1.jpg","datePublished":"2026-02-05T13:52:43+00:00","dateModified":"2026-02-06T09:51:40+00:00","breadcrumb":{"@id":"https:\/\/ses-creative.com\/de\/produkt\/fahrzeuge-schraubkonstruktionen\/#breadcrumb"},"inLanguage":"de","potentialAction":[{"@type":"ReadAction","target":["https:\/\/ses-creative.com\/de\/produkt\/fahrzeuge-schraubkonstruktionen\/"]}]},{"@type":"ImageObject","inLanguage":"de","@id":"https:\/\/ses-creative.com\/de\/produkt\/fahrzeuge-schraubkonstruktionen\/#primaryimage","url":"https:\/\/ses-creative.com\/wp-content\/uploads\/2026\/01\/142921-1.jpg","contentUrl":"https:\/\/ses-creative.com\/wp-content\/uploads\/2026\/01\/142921-1.jpg","width":1000,"height":1000},{"@type":"BreadcrumbList","@id":"https:\/\/ses-creative.com\/de\/produkt\/fahrzeuge-schraubkonstruktionen\/#breadcrumb","itemListElement":[{"@type":"ListItem","position":1,"name":"Shop","item":"https:\/\/ses-creative.com\/de\/shop\/"},{"@type":"ListItem","position":2,"name":"Basteln","item":"https:\/\/ses-creative.com\/de\/product-categorie\/basteln\/"},{"@type":"ListItem","position":3,"name":"Fahrzeuge Schraubkonstruktionen"}]},{"@type":"WebSite","@id":"https:\/\/ses-creative.com\/#website","url":"https:\/\/ses-creative.com\/","name":"SES Creative","description":"","publisher":{"@id":"https:\/\/ses-creative.com\/#organization"},"potentialAction":[{"@type":"SearchAction","target":{"@type":"EntryPoint","urlTemplate":"https:\/\/ses-creative.com\/?s={search_term_string}"},"query-input":{"@type":"PropertyValueSpecification","valueRequired":true,"valueName":"search_term_string"}}],"inLanguage":"de"},{"@type":"Organization","@id":"https:\/\/ses-creative.com\/#organization","name":"SES Creative","url":"https:\/\/ses-creative.com\/","logo":{"@type":"ImageObject","inLanguage":"de","@id":"https:\/\/ses-creative.com\/#\/schema\/logo\/image\/","url":"https:\/\/ses-creative.com\/wp-content\/uploads\/2025\/10\/ses-creative-logo.jpg","contentUrl":"https:\/\/ses-creative.com\/wp-content\/uploads\/2025\/10\/ses-creative-logo.jpg","width":2037,"height":2037,"caption":"SES Creative"},"image":{"@id":"https:\/\/ses-creative.com\/#\/schema\/logo\/image\/"}}]}},"_links":{"self":[{"href":"https:\/\/ses-creative.com\/de\/wp-json\/wp\/v2\/product\/114700","targetHints":{"allow":["GET"]}}],"collection":[{"href":"https:\/\/ses-creative.com\/de\/wp-json\/wp\/v2\/product"}],"about":[{"href":"https:\/\/ses-creative.com\/de\/wp-json\/wp\/v2\/types\/product"}],"replies":[{"embeddable":true,"href":"https:\/\/ses-creative.com\/de\/wp-json\/wp\/v2\/comments?post=114700"}],"wp:featuredmedia":[{"embeddable":true,"href":"https:\/\/ses-creative.com\/de\/wp-json\/wp\/v2\/media\/107508"}],"wp:attachment":[{"href":"https:\/\/ses-creative.com\/de\/wp-json\/wp\/v2\/media?parent=114700"}],"wp:term":[{"taxonomy":"product_brand","embeddable":true,"href":"https:\/\/ses-creative.com\/de\/wp-json\/wp\/v2\/product_brand?post=114700"},{"taxonomy":"product_cat","embeddable":true,"href":"https:\/\/ses-creative.com\/de\/wp-json\/wp\/v2\/product_cat?post=114700"},{"taxonomy":"product_tag","embeddable":true,"href":"https:\/\/ses-creative.com\/de\/wp-json\/wp\/v2\/product_tag?post=114700"}],"curies":[{"name":"wp","href":"https:\/\/api.w.org\/{rel}","templated":true}]}}