











{"id":114699,"date":"2026-02-05T13:52:43","date_gmt":"2026-02-05T13:52:43","guid":{"rendered":"https:\/\/ses-creative.com\/?post_type=product&#038;p=114699"},"modified":"2026-02-06T09:51:40","modified_gmt":"2026-02-06T09:51:40","slug":"dino-schrauben-konstruktionsset","status":"publish","type":"product","link":"https:\/\/ses-creative.com\/de\/produkt\/dino-schrauben-konstruktionsset\/","title":{"rendered":"Dino Schrauben Konstruktionsset"},"content":{"rendered":"<p>Baue deinen eigenen T-Rex und Triceratops!<\/p>\n<p>Mit dem Dino-Schraubkonstruktionen-Set von SES Creative kombinierst du Bauen mit Dinosauriern. Schraube die Teile zusammen und entwirf immer wieder neue Designs.<\/p>\n<p>Inhalt der Verpackung<\/p>\n<p>35 bunte Dinosaurierteile<\/p>\n<p>20 Schrauben<\/p>\n<p>Kinderfreundlicher Schraubendreher<\/p>\n<p>Einzigartige Eigenschaften<\/p>\n<p>Bauen und umbauen f\u00fcr endlosen Spielspa\u00df<\/p>\n<p>F\u00f6rdert das probleml\u00f6sende Denken und die Feinmotorik<\/p>\n<p>Langlebige, wiederverwendbare Teile<\/p>\n<p>Geeignet ab 5 Jahren<\/p>\n<p>Zeige deine Kreativit\u00e4t<br \/>\nEntwirf und baue deine eigenen Dinosaurier immer wieder neu und entwickle deine technischen F\u00e4higkeiten.<\/p>\n<p>Leg noch heute los!<br \/>\nWerde zum kleinen Ingenieur und erlebe ein br\u00fcllendes Abenteuer mit deinen Dinosauriern.<\/p>\n","protected":false},"excerpt":{"rendered":"<p>Baue deinen eigenen T-Rex und Triceratops! Mit dem Dino-Schraubkonstruktionen-Set von SES Creative kombinierst du Bauen mit Dinosauriern. Schraube die Teile zusammen und entwirf immer wieder neue Designs. Inhalt der Verpackung 35 bunte Dinosaurierteile 20 Schrauben Kinderfreundlicher Schraubendreher Einzigartige Eigenschaften Bauen und umbauen f\u00fcr endlosen Spielspa\u00df F\u00f6rdert das probleml\u00f6sende Denken und die Feinmotorik Langlebige, wiederverwendbare Teile [&hellip;]<\/p>\n","protected":false},"featured_media":102556,"comment_status":"closed","ping_status":"closed","template":"","meta":{"_acf_changed":false},"product_brand":[],"product_cat":[115],"product_tag":[],"class_list":{"0":"post-114699","1":"product","2":"type-product","3":"status-publish","4":"has-post-thumbnail","6":"product_cat-basteln","7":"pa_leeftijd-filter-4-6-jahre","8":"pa_meest-populair-bij-jungen","10":"first","11":"instock","12":"shipping-taxable","13":"product-type-simple"},"acf":[],"yoast_head":"<!-- This site is optimized with the Yoast SEO plugin v27.2 - https:\/\/yoast.com\/product\/yoast-seo-wordpress\/ -->\n<title>Dino Schrauben Konstruktionsset - SES Creative<\/title>\n<meta name=\"robots\" content=\"index, follow, max-snippet:-1, max-image-preview:large, max-video-preview:-1\" \/>\n<link rel=\"canonical\" href=\"https:\/\/ses-creative.com\/de\/produkt\/dino-schrauben-konstruktionsset\/\" \/>\n<meta property=\"og:locale\" content=\"de_DE\" \/>\n<meta property=\"og:type\" content=\"article\" \/>\n<meta property=\"og:title\" content=\"Dino Schrauben Konstruktionsset - SES Creative\" \/>\n<meta property=\"og:description\" content=\"Baue deinen eigenen T-Rex und Triceratops! Mit dem Dino-Schraubkonstruktionen-Set von SES Creative kombinierst du Bauen mit Dinosauriern. Schraube die Teile zusammen und entwirf immer wieder neue Designs. Inhalt der Verpackung 35 bunte Dinosaurierteile 20 Schrauben Kinderfreundlicher Schraubendreher Einzigartige Eigenschaften Bauen und umbauen f\u00fcr endlosen Spielspa\u00df F\u00f6rdert das probleml\u00f6sende Denken und die Feinmotorik Langlebige, wiederverwendbare Teile [&hellip;]\" \/>\n<meta property=\"og:url\" content=\"https:\/\/ses-creative.com\/de\/produkt\/dino-schrauben-konstruktionsset\/\" \/>\n<meta property=\"og:site_name\" content=\"SES Creative\" \/>\n<meta property=\"article:modified_time\" content=\"2026-02-06T09:51:40+00:00\" \/>\n<meta name=\"twitter:card\" content=\"summary_large_image\" \/>\n<script type=\"application\/ld+json\" class=\"yoast-schema-graph\">{\"@context\":\"https:\/\/schema.org\",\"@graph\":[{\"@type\":\"WebPage\",\"@id\":\"https:\/\/ses-creative.com\/de\/produkt\/dino-schrauben-konstruktionsset\/\",\"url\":\"https:\/\/ses-creative.com\/de\/produkt\/dino-schrauben-konstruktionsset\/\",\"name\":\"Dino Schrauben Konstruktionsset - SES Creative\",\"isPartOf\":{\"@id\":\"https:\/\/ses-creative.com\/#website\"},\"primaryImageOfPage\":{\"@id\":\"https:\/\/ses-creative.com\/de\/produkt\/dino-schrauben-konstruktionsset\/#primaryimage\"},\"image\":{\"@id\":\"https:\/\/ses-creative.com\/de\/produkt\/dino-schrauben-konstruktionsset\/#primaryimage\"},\"thumbnailUrl\":\"https:\/\/ses-creative.com\/wp-content\/uploads\/2026\/01\/142911.jpg\",\"datePublished\":\"2026-02-05T13:52:43+00:00\",\"dateModified\":\"2026-02-06T09:51:40+00:00\",\"breadcrumb\":{\"@id\":\"https:\/\/ses-creative.com\/de\/produkt\/dino-schrauben-konstruktionsset\/#breadcrumb\"},\"inLanguage\":\"de\",\"potentialAction\":[{\"@type\":\"ReadAction\",\"target\":[\"https:\/\/ses-creative.com\/de\/produkt\/dino-schrauben-konstruktionsset\/\"]}]},{\"@type\":\"ImageObject\",\"inLanguage\":\"de\",\"@id\":\"https:\/\/ses-creative.com\/de\/produkt\/dino-schrauben-konstruktionsset\/#primaryimage\",\"url\":\"https:\/\/ses-creative.com\/wp-content\/uploads\/2026\/01\/142911.jpg\",\"contentUrl\":\"https:\/\/ses-creative.com\/wp-content\/uploads\/2026\/01\/142911.jpg\",\"width\":1000,\"height\":1000},{\"@type\":\"BreadcrumbList\",\"@id\":\"https:\/\/ses-creative.com\/de\/produkt\/dino-schrauben-konstruktionsset\/#breadcrumb\",\"itemListElement\":[{\"@type\":\"ListItem\",\"position\":1,\"name\":\"Shop\",\"item\":\"https:\/\/ses-creative.com\/de\/shop\/\"},{\"@type\":\"ListItem\",\"position\":2,\"name\":\"Basteln\",\"item\":\"https:\/\/ses-creative.com\/de\/product-categorie\/basteln\/\"},{\"@type\":\"ListItem\",\"position\":3,\"name\":\"Dino Schrauben Konstruktionsset\"}]},{\"@type\":\"WebSite\",\"@id\":\"https:\/\/ses-creative.com\/#website\",\"url\":\"https:\/\/ses-creative.com\/\",\"name\":\"SES Creative\",\"description\":\"\",\"publisher\":{\"@id\":\"https:\/\/ses-creative.com\/#organization\"},\"potentialAction\":[{\"@type\":\"SearchAction\",\"target\":{\"@type\":\"EntryPoint\",\"urlTemplate\":\"https:\/\/ses-creative.com\/?s={search_term_string}\"},\"query-input\":{\"@type\":\"PropertyValueSpecification\",\"valueRequired\":true,\"valueName\":\"search_term_string\"}}],\"inLanguage\":\"de\"},{\"@type\":\"Organization\",\"@id\":\"https:\/\/ses-creative.com\/#organization\",\"name\":\"SES Creative\",\"url\":\"https:\/\/ses-creative.com\/\",\"logo\":{\"@type\":\"ImageObject\",\"inLanguage\":\"de\",\"@id\":\"https:\/\/ses-creative.com\/#\/schema\/logo\/image\/\",\"url\":\"https:\/\/ses-creative.com\/wp-content\/uploads\/2025\/10\/ses-creative-logo.jpg\",\"contentUrl\":\"https:\/\/ses-creative.com\/wp-content\/uploads\/2025\/10\/ses-creative-logo.jpg\",\"width\":2037,\"height\":2037,\"caption\":\"SES Creative\"},\"image\":{\"@id\":\"https:\/\/ses-creative.com\/#\/schema\/logo\/image\/\"}}]}<\/script>\n<!-- \/ Yoast SEO plugin. -->","yoast_head_json":{"title":"Dino Schrauben Konstruktionsset - SES Creative","robots":{"index":"index","follow":"follow","max-snippet":"max-snippet:-1","max-image-preview":"max-image-preview:large","max-video-preview":"max-video-preview:-1"},"canonical":"https:\/\/ses-creative.com\/de\/produkt\/dino-schrauben-konstruktionsset\/","og_locale":"de_DE","og_type":"article","og_title":"Dino Schrauben Konstruktionsset - SES Creative","og_description":"Baue deinen eigenen T-Rex und Triceratops! Mit dem Dino-Schraubkonstruktionen-Set von SES Creative kombinierst du Bauen mit Dinosauriern. Schraube die Teile zusammen und entwirf immer wieder neue Designs. Inhalt der Verpackung 35 bunte Dinosaurierteile 20 Schrauben Kinderfreundlicher Schraubendreher Einzigartige Eigenschaften Bauen und umbauen f\u00fcr endlosen Spielspa\u00df F\u00f6rdert das probleml\u00f6sende Denken und die Feinmotorik Langlebige, wiederverwendbare Teile [&hellip;]","og_url":"https:\/\/ses-creative.com\/de\/produkt\/dino-schrauben-konstruktionsset\/","og_site_name":"SES Creative","article_modified_time":"2026-02-06T09:51:40+00:00","twitter_card":"summary_large_image","schema":{"@context":"https:\/\/schema.org","@graph":[{"@type":"WebPage","@id":"https:\/\/ses-creative.com\/de\/produkt\/dino-schrauben-konstruktionsset\/","url":"https:\/\/ses-creative.com\/de\/produkt\/dino-schrauben-konstruktionsset\/","name":"Dino Schrauben Konstruktionsset - SES Creative","isPartOf":{"@id":"https:\/\/ses-creative.com\/#website"},"primaryImageOfPage":{"@id":"https:\/\/ses-creative.com\/de\/produkt\/dino-schrauben-konstruktionsset\/#primaryimage"},"image":{"@id":"https:\/\/ses-creative.com\/de\/produkt\/dino-schrauben-konstruktionsset\/#primaryimage"},"thumbnailUrl":"https:\/\/ses-creative.com\/wp-content\/uploads\/2026\/01\/142911.jpg","datePublished":"2026-02-05T13:52:43+00:00","dateModified":"2026-02-06T09:51:40+00:00","breadcrumb":{"@id":"https:\/\/ses-creative.com\/de\/produkt\/dino-schrauben-konstruktionsset\/#breadcrumb"},"inLanguage":"de","potentialAction":[{"@type":"ReadAction","target":["https:\/\/ses-creative.com\/de\/produkt\/dino-schrauben-konstruktionsset\/"]}]},{"@type":"ImageObject","inLanguage":"de","@id":"https:\/\/ses-creative.com\/de\/produkt\/dino-schrauben-konstruktionsset\/#primaryimage","url":"https:\/\/ses-creative.com\/wp-content\/uploads\/2026\/01\/142911.jpg","contentUrl":"https:\/\/ses-creative.com\/wp-content\/uploads\/2026\/01\/142911.jpg","width":1000,"height":1000},{"@type":"BreadcrumbList","@id":"https:\/\/ses-creative.com\/de\/produkt\/dino-schrauben-konstruktionsset\/#breadcrumb","itemListElement":[{"@type":"ListItem","position":1,"name":"Shop","item":"https:\/\/ses-creative.com\/de\/shop\/"},{"@type":"ListItem","position":2,"name":"Basteln","item":"https:\/\/ses-creative.com\/de\/product-categorie\/basteln\/"},{"@type":"ListItem","position":3,"name":"Dino Schrauben Konstruktionsset"}]},{"@type":"WebSite","@id":"https:\/\/ses-creative.com\/#website","url":"https:\/\/ses-creative.com\/","name":"SES Creative","description":"","publisher":{"@id":"https:\/\/ses-creative.com\/#organization"},"potentialAction":[{"@type":"SearchAction","target":{"@type":"EntryPoint","urlTemplate":"https:\/\/ses-creative.com\/?s={search_term_string}"},"query-input":{"@type":"PropertyValueSpecification","valueRequired":true,"valueName":"search_term_string"}}],"inLanguage":"de"},{"@type":"Organization","@id":"https:\/\/ses-creative.com\/#organization","name":"SES Creative","url":"https:\/\/ses-creative.com\/","logo":{"@type":"ImageObject","inLanguage":"de","@id":"https:\/\/ses-creative.com\/#\/schema\/logo\/image\/","url":"https:\/\/ses-creative.com\/wp-content\/uploads\/2025\/10\/ses-creative-logo.jpg","contentUrl":"https:\/\/ses-creative.com\/wp-content\/uploads\/2025\/10\/ses-creative-logo.jpg","width":2037,"height":2037,"caption":"SES Creative"},"image":{"@id":"https:\/\/ses-creative.com\/#\/schema\/logo\/image\/"}}]}},"_links":{"self":[{"href":"https:\/\/ses-creative.com\/de\/wp-json\/wp\/v2\/product\/114699","targetHints":{"allow":["GET"]}}],"collection":[{"href":"https:\/\/ses-creative.com\/de\/wp-json\/wp\/v2\/product"}],"about":[{"href":"https:\/\/ses-creative.com\/de\/wp-json\/wp\/v2\/types\/product"}],"replies":[{"embeddable":true,"href":"https:\/\/ses-creative.com\/de\/wp-json\/wp\/v2\/comments?post=114699"}],"wp:featuredmedia":[{"embeddable":true,"href":"https:\/\/ses-creative.com\/de\/wp-json\/wp\/v2\/media\/102556"}],"wp:attachment":[{"href":"https:\/\/ses-creative.com\/de\/wp-json\/wp\/v2\/media?parent=114699"}],"wp:term":[{"taxonomy":"product_brand","embeddable":true,"href":"https:\/\/ses-creative.com\/de\/wp-json\/wp\/v2\/product_brand?post=114699"},{"taxonomy":"product_cat","embeddable":true,"href":"https:\/\/ses-creative.com\/de\/wp-json\/wp\/v2\/product_cat?post=114699"},{"taxonomy":"product_tag","embeddable":true,"href":"https:\/\/ses-creative.com\/de\/wp-json\/wp\/v2\/product_tag?post=114699"}],"curies":[{"name":"wp","href":"https:\/\/api.w.org\/{rel}","templated":true}]}}