











{"id":114698,"date":"2026-02-05T13:52:43","date_gmt":"2026-02-05T13:52:43","guid":{"rendered":"https:\/\/ses-creative.com\/?post_type=product&#038;p=114698"},"modified":"2026-02-06T09:51:40","modified_gmt":"2026-02-06T09:51:40","slug":"steine-bemalen-mit-transferaufklebern","status":"publish","type":"product","link":"https:\/\/ses-creative.com\/de\/produkt\/steine-bemalen-mit-transferaufklebern\/","title":{"rendered":"Steine bemalen mit Transferaufklebern"},"content":{"rendered":"<p>Gestalten Sie wundersch\u00f6ne Kunstwerke auf Steinen!<\/p>\n<p>Mit dem Rubbelstein-Malset von SES Creative k\u00f6nnen Kinder Steine bemalen und mit Rubbelbildern verzieren. Kreieren Sie einzigartige Kunstwerke mit professionellem Ergebnis.<\/p>\n<p>Inhalt der Verpackung<\/p>\n<p>5 Steine<\/p>\n<p>6 Farben Farbe<\/p>\n<p>Pinsel<\/p>\n<p>Rubbelbilder<\/p>\n<p>Einzigartige Eigenschaften<\/p>\n<p>Rubbelbilder f\u00fcr einfaches Anbringen<\/p>\n<p>F\u00f6rdert Kreativit\u00e4t und Feinmotorik<\/p>\n<p>Geeignet f\u00fcr Kinder ab 5 Jahren<\/p>\n<p>Perfekt f\u00fcr pers\u00f6nliche Kunstwerke<\/p>\n<p>Zeige deine Kreativit\u00e4t<br \/>\nBemale deine Steine in deinen Lieblingsfarben und f\u00fcge mit den Transfers besondere Designs hinzu.<\/p>\n<p>Fangen Sie noch heute an!<br \/>\nErstellen Sie einzigartige, farbenfrohe Steinkunstwerke f\u00fcr sich selbst oder zum Verschenken.<\/p>\n","protected":false},"excerpt":{"rendered":"<p>Gestalten Sie wundersch\u00f6ne Kunstwerke auf Steinen! Mit dem Rubbelstein-Malset von SES Creative k\u00f6nnen Kinder Steine bemalen und mit Rubbelbildern verzieren. Kreieren Sie einzigartige Kunstwerke mit professionellem Ergebnis. Inhalt der Verpackung 5 Steine 6 Farben Farbe Pinsel Rubbelbilder Einzigartige Eigenschaften Rubbelbilder f\u00fcr einfaches Anbringen F\u00f6rdert Kreativit\u00e4t und Feinmotorik Geeignet f\u00fcr Kinder ab 5 Jahren Perfekt f\u00fcr [&hellip;]<\/p>\n","protected":false},"featured_media":102536,"comment_status":"closed","ping_status":"closed","template":"","meta":{"_acf_changed":false},"product_brand":[],"product_cat":[115],"product_tag":[],"class_list":{"0":"post-114698","1":"product","2":"type-product","3":"status-publish","4":"has-post-thumbnail","6":"product_cat-basteln","7":"pa_leeftijd-filter-4-6-jahre","8":"pa_meest-populair-bij-jungen","10":"first","11":"instock","12":"shipping-taxable","13":"product-type-simple"},"acf":[],"yoast_head":"<!-- This site is optimized with the Yoast SEO plugin v27.4 - https:\/\/yoast.com\/product\/yoast-seo-wordpress\/ -->\n<title>Steine bemalen mit Transferaufklebern - SES Creative<\/title>\n<meta name=\"robots\" content=\"index, follow, max-snippet:-1, max-image-preview:large, max-video-preview:-1\" \/>\n<link rel=\"canonical\" href=\"https:\/\/ses-creative.com\/de\/produkt\/steine-bemalen-mit-transferaufklebern\/\" \/>\n<meta property=\"og:locale\" content=\"de_DE\" \/>\n<meta property=\"og:type\" content=\"article\" \/>\n<meta property=\"og:title\" content=\"Steine bemalen mit Transferaufklebern - SES Creative\" \/>\n<meta property=\"og:description\" content=\"Gestalten Sie wundersch\u00f6ne Kunstwerke auf Steinen! Mit dem Rubbelstein-Malset von SES Creative k\u00f6nnen Kinder Steine bemalen und mit Rubbelbildern verzieren. Kreieren Sie einzigartige Kunstwerke mit professionellem Ergebnis. Inhalt der Verpackung 5 Steine 6 Farben Farbe Pinsel Rubbelbilder Einzigartige Eigenschaften Rubbelbilder f\u00fcr einfaches Anbringen F\u00f6rdert Kreativit\u00e4t und Feinmotorik Geeignet f\u00fcr Kinder ab 5 Jahren Perfekt f\u00fcr [&hellip;]\" \/>\n<meta property=\"og:url\" content=\"https:\/\/ses-creative.com\/de\/produkt\/steine-bemalen-mit-transferaufklebern\/\" \/>\n<meta property=\"og:site_name\" content=\"SES Creative\" \/>\n<meta property=\"article:modified_time\" content=\"2026-02-06T09:51:40+00:00\" \/>\n<meta name=\"twitter:card\" content=\"summary_large_image\" \/>\n<script type=\"application\/ld+json\" class=\"yoast-schema-graph\">{\"@context\":\"https:\\\/\\\/schema.org\",\"@graph\":[{\"@type\":\"WebPage\",\"@id\":\"https:\\\/\\\/ses-creative.com\\\/de\\\/produkt\\\/steine-bemalen-mit-transferaufklebern\\\/\",\"url\":\"https:\\\/\\\/ses-creative.com\\\/de\\\/produkt\\\/steine-bemalen-mit-transferaufklebern\\\/\",\"name\":\"Steine bemalen mit Transferaufklebern - SES Creative\",\"isPartOf\":{\"@id\":\"https:\\\/\\\/ses-creative.com\\\/#website\"},\"primaryImageOfPage\":{\"@id\":\"https:\\\/\\\/ses-creative.com\\\/de\\\/produkt\\\/steine-bemalen-mit-transferaufklebern\\\/#primaryimage\"},\"image\":{\"@id\":\"https:\\\/\\\/ses-creative.com\\\/de\\\/produkt\\\/steine-bemalen-mit-transferaufklebern\\\/#primaryimage\"},\"thumbnailUrl\":\"https:\\\/\\\/ses-creative.com\\\/wp-content\\\/uploads\\\/2026\\\/01\\\/142891.jpg\",\"datePublished\":\"2026-02-05T13:52:43+00:00\",\"dateModified\":\"2026-02-06T09:51:40+00:00\",\"breadcrumb\":{\"@id\":\"https:\\\/\\\/ses-creative.com\\\/de\\\/produkt\\\/steine-bemalen-mit-transferaufklebern\\\/#breadcrumb\"},\"inLanguage\":\"de\",\"potentialAction\":[{\"@type\":\"ReadAction\",\"target\":[\"https:\\\/\\\/ses-creative.com\\\/de\\\/produkt\\\/steine-bemalen-mit-transferaufklebern\\\/\"]}]},{\"@type\":\"ImageObject\",\"inLanguage\":\"de\",\"@id\":\"https:\\\/\\\/ses-creative.com\\\/de\\\/produkt\\\/steine-bemalen-mit-transferaufklebern\\\/#primaryimage\",\"url\":\"https:\\\/\\\/ses-creative.com\\\/wp-content\\\/uploads\\\/2026\\\/01\\\/142891.jpg\",\"contentUrl\":\"https:\\\/\\\/ses-creative.com\\\/wp-content\\\/uploads\\\/2026\\\/01\\\/142891.jpg\",\"width\":1000,\"height\":1000},{\"@type\":\"BreadcrumbList\",\"@id\":\"https:\\\/\\\/ses-creative.com\\\/de\\\/produkt\\\/steine-bemalen-mit-transferaufklebern\\\/#breadcrumb\",\"itemListElement\":[{\"@type\":\"ListItem\",\"position\":1,\"name\":\"Shop\",\"item\":\"https:\\\/\\\/ses-creative.com\\\/de\\\/shop\\\/\"},{\"@type\":\"ListItem\",\"position\":2,\"name\":\"Basteln\",\"item\":\"https:\\\/\\\/ses-creative.com\\\/de\\\/product-categorie\\\/basteln\\\/\"},{\"@type\":\"ListItem\",\"position\":3,\"name\":\"Steine bemalen mit Transferaufklebern\"}]},{\"@type\":\"WebSite\",\"@id\":\"https:\\\/\\\/ses-creative.com\\\/#website\",\"url\":\"https:\\\/\\\/ses-creative.com\\\/\",\"name\":\"SES Creative\",\"description\":\"\",\"publisher\":{\"@id\":\"https:\\\/\\\/ses-creative.com\\\/#organization\"},\"potentialAction\":[{\"@type\":\"SearchAction\",\"target\":{\"@type\":\"EntryPoint\",\"urlTemplate\":\"https:\\\/\\\/ses-creative.com\\\/?s={search_term_string}\"},\"query-input\":{\"@type\":\"PropertyValueSpecification\",\"valueRequired\":true,\"valueName\":\"search_term_string\"}}],\"inLanguage\":\"de\"},{\"@type\":\"Organization\",\"@id\":\"https:\\\/\\\/ses-creative.com\\\/#organization\",\"name\":\"SES Creative\",\"url\":\"https:\\\/\\\/ses-creative.com\\\/\",\"logo\":{\"@type\":\"ImageObject\",\"inLanguage\":\"de\",\"@id\":\"https:\\\/\\\/ses-creative.com\\\/#\\\/schema\\\/logo\\\/image\\\/\",\"url\":\"https:\\\/\\\/ses-creative.com\\\/wp-content\\\/uploads\\\/2025\\\/10\\\/ses-creative-logo.jpg\",\"contentUrl\":\"https:\\\/\\\/ses-creative.com\\\/wp-content\\\/uploads\\\/2025\\\/10\\\/ses-creative-logo.jpg\",\"width\":2037,\"height\":2037,\"caption\":\"SES Creative\"},\"image\":{\"@id\":\"https:\\\/\\\/ses-creative.com\\\/#\\\/schema\\\/logo\\\/image\\\/\"}}]}<\/script>\n<!-- \/ Yoast SEO plugin. -->","yoast_head_json":{"title":"Steine bemalen mit Transferaufklebern - SES Creative","robots":{"index":"index","follow":"follow","max-snippet":"max-snippet:-1","max-image-preview":"max-image-preview:large","max-video-preview":"max-video-preview:-1"},"canonical":"https:\/\/ses-creative.com\/de\/produkt\/steine-bemalen-mit-transferaufklebern\/","og_locale":"de_DE","og_type":"article","og_title":"Steine bemalen mit Transferaufklebern - SES Creative","og_description":"Gestalten Sie wundersch\u00f6ne Kunstwerke auf Steinen! Mit dem Rubbelstein-Malset von SES Creative k\u00f6nnen Kinder Steine bemalen und mit Rubbelbildern verzieren. Kreieren Sie einzigartige Kunstwerke mit professionellem Ergebnis. Inhalt der Verpackung 5 Steine 6 Farben Farbe Pinsel Rubbelbilder Einzigartige Eigenschaften Rubbelbilder f\u00fcr einfaches Anbringen F\u00f6rdert Kreativit\u00e4t und Feinmotorik Geeignet f\u00fcr Kinder ab 5 Jahren Perfekt f\u00fcr [&hellip;]","og_url":"https:\/\/ses-creative.com\/de\/produkt\/steine-bemalen-mit-transferaufklebern\/","og_site_name":"SES Creative","article_modified_time":"2026-02-06T09:51:40+00:00","twitter_card":"summary_large_image","schema":{"@context":"https:\/\/schema.org","@graph":[{"@type":"WebPage","@id":"https:\/\/ses-creative.com\/de\/produkt\/steine-bemalen-mit-transferaufklebern\/","url":"https:\/\/ses-creative.com\/de\/produkt\/steine-bemalen-mit-transferaufklebern\/","name":"Steine bemalen mit Transferaufklebern - SES Creative","isPartOf":{"@id":"https:\/\/ses-creative.com\/#website"},"primaryImageOfPage":{"@id":"https:\/\/ses-creative.com\/de\/produkt\/steine-bemalen-mit-transferaufklebern\/#primaryimage"},"image":{"@id":"https:\/\/ses-creative.com\/de\/produkt\/steine-bemalen-mit-transferaufklebern\/#primaryimage"},"thumbnailUrl":"https:\/\/ses-creative.com\/wp-content\/uploads\/2026\/01\/142891.jpg","datePublished":"2026-02-05T13:52:43+00:00","dateModified":"2026-02-06T09:51:40+00:00","breadcrumb":{"@id":"https:\/\/ses-creative.com\/de\/produkt\/steine-bemalen-mit-transferaufklebern\/#breadcrumb"},"inLanguage":"de","potentialAction":[{"@type":"ReadAction","target":["https:\/\/ses-creative.com\/de\/produkt\/steine-bemalen-mit-transferaufklebern\/"]}]},{"@type":"ImageObject","inLanguage":"de","@id":"https:\/\/ses-creative.com\/de\/produkt\/steine-bemalen-mit-transferaufklebern\/#primaryimage","url":"https:\/\/ses-creative.com\/wp-content\/uploads\/2026\/01\/142891.jpg","contentUrl":"https:\/\/ses-creative.com\/wp-content\/uploads\/2026\/01\/142891.jpg","width":1000,"height":1000},{"@type":"BreadcrumbList","@id":"https:\/\/ses-creative.com\/de\/produkt\/steine-bemalen-mit-transferaufklebern\/#breadcrumb","itemListElement":[{"@type":"ListItem","position":1,"name":"Shop","item":"https:\/\/ses-creative.com\/de\/shop\/"},{"@type":"ListItem","position":2,"name":"Basteln","item":"https:\/\/ses-creative.com\/de\/product-categorie\/basteln\/"},{"@type":"ListItem","position":3,"name":"Steine bemalen mit Transferaufklebern"}]},{"@type":"WebSite","@id":"https:\/\/ses-creative.com\/#website","url":"https:\/\/ses-creative.com\/","name":"SES Creative","description":"","publisher":{"@id":"https:\/\/ses-creative.com\/#organization"},"potentialAction":[{"@type":"SearchAction","target":{"@type":"EntryPoint","urlTemplate":"https:\/\/ses-creative.com\/?s={search_term_string}"},"query-input":{"@type":"PropertyValueSpecification","valueRequired":true,"valueName":"search_term_string"}}],"inLanguage":"de"},{"@type":"Organization","@id":"https:\/\/ses-creative.com\/#organization","name":"SES Creative","url":"https:\/\/ses-creative.com\/","logo":{"@type":"ImageObject","inLanguage":"de","@id":"https:\/\/ses-creative.com\/#\/schema\/logo\/image\/","url":"https:\/\/ses-creative.com\/wp-content\/uploads\/2025\/10\/ses-creative-logo.jpg","contentUrl":"https:\/\/ses-creative.com\/wp-content\/uploads\/2025\/10\/ses-creative-logo.jpg","width":2037,"height":2037,"caption":"SES Creative"},"image":{"@id":"https:\/\/ses-creative.com\/#\/schema\/logo\/image\/"}}]}},"_links":{"self":[{"href":"https:\/\/ses-creative.com\/de\/wp-json\/wp\/v2\/product\/114698","targetHints":{"allow":["GET"]}}],"collection":[{"href":"https:\/\/ses-creative.com\/de\/wp-json\/wp\/v2\/product"}],"about":[{"href":"https:\/\/ses-creative.com\/de\/wp-json\/wp\/v2\/types\/product"}],"replies":[{"embeddable":true,"href":"https:\/\/ses-creative.com\/de\/wp-json\/wp\/v2\/comments?post=114698"}],"wp:featuredmedia":[{"embeddable":true,"href":"https:\/\/ses-creative.com\/de\/wp-json\/wp\/v2\/media\/102536"}],"wp:attachment":[{"href":"https:\/\/ses-creative.com\/de\/wp-json\/wp\/v2\/media?parent=114698"}],"wp:term":[{"taxonomy":"product_brand","embeddable":true,"href":"https:\/\/ses-creative.com\/de\/wp-json\/wp\/v2\/product_brand?post=114698"},{"taxonomy":"product_cat","embeddable":true,"href":"https:\/\/ses-creative.com\/de\/wp-json\/wp\/v2\/product_cat?post=114698"},{"taxonomy":"product_tag","embeddable":true,"href":"https:\/\/ses-creative.com\/de\/wp-json\/wp\/v2\/product_tag?post=114698"}],"curies":[{"name":"wp","href":"https:\/\/api.w.org\/{rel}","templated":true}]}}