











{"id":114696,"date":"2026-02-05T13:52:42","date_gmt":"2026-02-05T13:52:42","guid":{"rendered":"https:\/\/ses-creative.com\/?post_type=product&#038;p=114696"},"modified":"2026-02-06T09:51:40","modified_gmt":"2026-02-06T09:51:40","slug":"tattoos-fuer-kinder-tier-kaempfer","status":"publish","type":"product","link":"https:\/\/ses-creative.com\/de\/produkt\/tattoos-fuer-kinder-tier-kaempfer\/","title":{"rendered":"Tattoos f\u00fcr Kinder ? Tier K\u00e4mpfer"},"content":{"rendered":"<p>Coole Tierk\u00e4mpfer auf deiner Haut!<\/p>\n<p>Mit dem Metallic Tattoos &#8211; Tierk\u00e4mpfer Set von SES Creative verwandelst du dich in einen coolen Abenteurer. Die gl\u00e4nzenden Tattoos machen jeden Look zu etwas ganz Besonderem.<\/p>\n<p>Inhalt der Verpackung<\/p>\n<p>45 Metallic-Tattoos mit Tierk\u00e4mpfern<\/p>\n<p>Einzigartige Eigenschaften<\/p>\n<p>Metallic-Effekt f\u00fcr zus\u00e4tzlichen Glanz<\/p>\n<p>Einfach aufzutragen und zu entfernen<\/p>\n<p>Hautvertr\u00e4glich, geeignet ab 3 Jahren<\/p>\n<p>Regt Fantasie und Rollenspiel an<\/p>\n<p>Zeige deine Kreativit\u00e4t<br \/>\nVerwandle dich in einen coolen Kampfhelden mit verschiedenen Tierdesigns. Perfekt f\u00fcr Partys, Spiele oder Verkleidungsaktivit\u00e4ten.<\/p>\n<p>Leg noch heute los!<br \/>\nZeig deine metallische Magie und erlebe Abenteuer wie ein echter Tierk\u00e4mpfer!<\/p>\n","protected":false},"excerpt":{"rendered":"<p>Coole Tierk\u00e4mpfer auf deiner Haut! Mit dem Metallic Tattoos &#8211; Tierk\u00e4mpfer Set von SES Creative verwandelst du dich in einen coolen Abenteurer. Die gl\u00e4nzenden Tattoos machen jeden Look zu etwas ganz Besonderem. Inhalt der Verpackung 45 Metallic-Tattoos mit Tierk\u00e4mpfern Einzigartige Eigenschaften Metallic-Effekt f\u00fcr zus\u00e4tzlichen Glanz Einfach aufzutragen und zu entfernen Hautvertr\u00e4glich, geeignet ab 3 Jahren [&hellip;]<\/p>\n","protected":false},"featured_media":95356,"comment_status":"closed","ping_status":"closed","template":"","meta":{"_acf_changed":false},"product_brand":[],"product_cat":[115],"product_tag":[],"class_list":{"0":"post-114696","1":"product","2":"type-product","3":"status-publish","4":"has-post-thumbnail","6":"product_cat-basteln","7":"pa_leeftijd-filter-3-4-jahre","8":"pa_meest-populair-bij-jungen","10":"first","11":"instock","12":"shipping-taxable","13":"product-type-simple"},"acf":[],"yoast_head":"<!-- This site is optimized with the Yoast SEO plugin v27.4 - https:\/\/yoast.com\/product\/yoast-seo-wordpress\/ -->\n<title>Tattoos f\u00fcr Kinder ? Tier K\u00e4mpfer - SES Creative<\/title>\n<meta name=\"robots\" content=\"index, follow, max-snippet:-1, max-image-preview:large, max-video-preview:-1\" \/>\n<link rel=\"canonical\" href=\"https:\/\/ses-creative.com\/de\/produkt\/tattoos-fuer-kinder-tier-kaempfer\/\" \/>\n<meta property=\"og:locale\" content=\"de_DE\" \/>\n<meta property=\"og:type\" content=\"article\" \/>\n<meta property=\"og:title\" content=\"Tattoos f\u00fcr Kinder ? Tier K\u00e4mpfer - SES Creative\" \/>\n<meta property=\"og:description\" content=\"Coole Tierk\u00e4mpfer auf deiner Haut! Mit dem Metallic Tattoos &#8211; Tierk\u00e4mpfer Set von SES Creative verwandelst du dich in einen coolen Abenteurer. Die gl\u00e4nzenden Tattoos machen jeden Look zu etwas ganz Besonderem. Inhalt der Verpackung 45 Metallic-Tattoos mit Tierk\u00e4mpfern Einzigartige Eigenschaften Metallic-Effekt f\u00fcr zus\u00e4tzlichen Glanz Einfach aufzutragen und zu entfernen Hautvertr\u00e4glich, geeignet ab 3 Jahren [&hellip;]\" \/>\n<meta property=\"og:url\" content=\"https:\/\/ses-creative.com\/de\/produkt\/tattoos-fuer-kinder-tier-kaempfer\/\" \/>\n<meta property=\"og:site_name\" content=\"SES Creative\" \/>\n<meta property=\"article:modified_time\" content=\"2026-02-06T09:51:40+00:00\" \/>\n<meta name=\"twitter:card\" content=\"summary_large_image\" \/>\n<meta name=\"twitter:label1\" content=\"Gesch\u00e4tzte Lesezeit\" \/>\n\t<meta name=\"twitter:data1\" content=\"1\u00a0Minute\" \/>\n<script type=\"application\/ld+json\" class=\"yoast-schema-graph\">{\"@context\":\"https:\\\/\\\/schema.org\",\"@graph\":[{\"@type\":\"WebPage\",\"@id\":\"https:\\\/\\\/ses-creative.com\\\/de\\\/produkt\\\/tattoos-fuer-kinder-tier-kaempfer\\\/\",\"url\":\"https:\\\/\\\/ses-creative.com\\\/de\\\/produkt\\\/tattoos-fuer-kinder-tier-kaempfer\\\/\",\"name\":\"Tattoos f\u00fcr Kinder ? Tier K\u00e4mpfer - SES Creative\",\"isPartOf\":{\"@id\":\"https:\\\/\\\/ses-creative.com\\\/#website\"},\"primaryImageOfPage\":{\"@id\":\"https:\\\/\\\/ses-creative.com\\\/de\\\/produkt\\\/tattoos-fuer-kinder-tier-kaempfer\\\/#primaryimage\"},\"image\":{\"@id\":\"https:\\\/\\\/ses-creative.com\\\/de\\\/produkt\\\/tattoos-fuer-kinder-tier-kaempfer\\\/#primaryimage\"},\"thumbnailUrl\":\"https:\\\/\\\/ses-creative.com\\\/wp-content\\\/uploads\\\/2026\\\/01\\\/142871.jpg\",\"datePublished\":\"2026-02-05T13:52:42+00:00\",\"dateModified\":\"2026-02-06T09:51:40+00:00\",\"breadcrumb\":{\"@id\":\"https:\\\/\\\/ses-creative.com\\\/de\\\/produkt\\\/tattoos-fuer-kinder-tier-kaempfer\\\/#breadcrumb\"},\"inLanguage\":\"de\",\"potentialAction\":[{\"@type\":\"ReadAction\",\"target\":[\"https:\\\/\\\/ses-creative.com\\\/de\\\/produkt\\\/tattoos-fuer-kinder-tier-kaempfer\\\/\"]}]},{\"@type\":\"ImageObject\",\"inLanguage\":\"de\",\"@id\":\"https:\\\/\\\/ses-creative.com\\\/de\\\/produkt\\\/tattoos-fuer-kinder-tier-kaempfer\\\/#primaryimage\",\"url\":\"https:\\\/\\\/ses-creative.com\\\/wp-content\\\/uploads\\\/2026\\\/01\\\/142871.jpg\",\"contentUrl\":\"https:\\\/\\\/ses-creative.com\\\/wp-content\\\/uploads\\\/2026\\\/01\\\/142871.jpg\",\"width\":1000,\"height\":1000},{\"@type\":\"BreadcrumbList\",\"@id\":\"https:\\\/\\\/ses-creative.com\\\/de\\\/produkt\\\/tattoos-fuer-kinder-tier-kaempfer\\\/#breadcrumb\",\"itemListElement\":[{\"@type\":\"ListItem\",\"position\":1,\"name\":\"Shop\",\"item\":\"https:\\\/\\\/ses-creative.com\\\/de\\\/shop\\\/\"},{\"@type\":\"ListItem\",\"position\":2,\"name\":\"Basteln\",\"item\":\"https:\\\/\\\/ses-creative.com\\\/de\\\/product-categorie\\\/basteln\\\/\"},{\"@type\":\"ListItem\",\"position\":3,\"name\":\"Tattoos f\u00fcr Kinder ? Tier K\u00e4mpfer\"}]},{\"@type\":\"WebSite\",\"@id\":\"https:\\\/\\\/ses-creative.com\\\/#website\",\"url\":\"https:\\\/\\\/ses-creative.com\\\/\",\"name\":\"SES Creative\",\"description\":\"\",\"publisher\":{\"@id\":\"https:\\\/\\\/ses-creative.com\\\/#organization\"},\"potentialAction\":[{\"@type\":\"SearchAction\",\"target\":{\"@type\":\"EntryPoint\",\"urlTemplate\":\"https:\\\/\\\/ses-creative.com\\\/?s={search_term_string}\"},\"query-input\":{\"@type\":\"PropertyValueSpecification\",\"valueRequired\":true,\"valueName\":\"search_term_string\"}}],\"inLanguage\":\"de\"},{\"@type\":\"Organization\",\"@id\":\"https:\\\/\\\/ses-creative.com\\\/#organization\",\"name\":\"SES Creative\",\"url\":\"https:\\\/\\\/ses-creative.com\\\/\",\"logo\":{\"@type\":\"ImageObject\",\"inLanguage\":\"de\",\"@id\":\"https:\\\/\\\/ses-creative.com\\\/#\\\/schema\\\/logo\\\/image\\\/\",\"url\":\"https:\\\/\\\/ses-creative.com\\\/wp-content\\\/uploads\\\/2025\\\/10\\\/ses-creative-logo.jpg\",\"contentUrl\":\"https:\\\/\\\/ses-creative.com\\\/wp-content\\\/uploads\\\/2025\\\/10\\\/ses-creative-logo.jpg\",\"width\":2037,\"height\":2037,\"caption\":\"SES Creative\"},\"image\":{\"@id\":\"https:\\\/\\\/ses-creative.com\\\/#\\\/schema\\\/logo\\\/image\\\/\"}}]}<\/script>\n<!-- \/ Yoast SEO plugin. -->","yoast_head_json":{"title":"Tattoos f\u00fcr Kinder ? Tier K\u00e4mpfer - SES Creative","robots":{"index":"index","follow":"follow","max-snippet":"max-snippet:-1","max-image-preview":"max-image-preview:large","max-video-preview":"max-video-preview:-1"},"canonical":"https:\/\/ses-creative.com\/de\/produkt\/tattoos-fuer-kinder-tier-kaempfer\/","og_locale":"de_DE","og_type":"article","og_title":"Tattoos f\u00fcr Kinder ? Tier K\u00e4mpfer - SES Creative","og_description":"Coole Tierk\u00e4mpfer auf deiner Haut! Mit dem Metallic Tattoos &#8211; Tierk\u00e4mpfer Set von SES Creative verwandelst du dich in einen coolen Abenteurer. Die gl\u00e4nzenden Tattoos machen jeden Look zu etwas ganz Besonderem. Inhalt der Verpackung 45 Metallic-Tattoos mit Tierk\u00e4mpfern Einzigartige Eigenschaften Metallic-Effekt f\u00fcr zus\u00e4tzlichen Glanz Einfach aufzutragen und zu entfernen Hautvertr\u00e4glich, geeignet ab 3 Jahren [&hellip;]","og_url":"https:\/\/ses-creative.com\/de\/produkt\/tattoos-fuer-kinder-tier-kaempfer\/","og_site_name":"SES Creative","article_modified_time":"2026-02-06T09:51:40+00:00","twitter_card":"summary_large_image","twitter_misc":{"Gesch\u00e4tzte Lesezeit":"1\u00a0Minute"},"schema":{"@context":"https:\/\/schema.org","@graph":[{"@type":"WebPage","@id":"https:\/\/ses-creative.com\/de\/produkt\/tattoos-fuer-kinder-tier-kaempfer\/","url":"https:\/\/ses-creative.com\/de\/produkt\/tattoos-fuer-kinder-tier-kaempfer\/","name":"Tattoos f\u00fcr Kinder ? Tier K\u00e4mpfer - SES Creative","isPartOf":{"@id":"https:\/\/ses-creative.com\/#website"},"primaryImageOfPage":{"@id":"https:\/\/ses-creative.com\/de\/produkt\/tattoos-fuer-kinder-tier-kaempfer\/#primaryimage"},"image":{"@id":"https:\/\/ses-creative.com\/de\/produkt\/tattoos-fuer-kinder-tier-kaempfer\/#primaryimage"},"thumbnailUrl":"https:\/\/ses-creative.com\/wp-content\/uploads\/2026\/01\/142871.jpg","datePublished":"2026-02-05T13:52:42+00:00","dateModified":"2026-02-06T09:51:40+00:00","breadcrumb":{"@id":"https:\/\/ses-creative.com\/de\/produkt\/tattoos-fuer-kinder-tier-kaempfer\/#breadcrumb"},"inLanguage":"de","potentialAction":[{"@type":"ReadAction","target":["https:\/\/ses-creative.com\/de\/produkt\/tattoos-fuer-kinder-tier-kaempfer\/"]}]},{"@type":"ImageObject","inLanguage":"de","@id":"https:\/\/ses-creative.com\/de\/produkt\/tattoos-fuer-kinder-tier-kaempfer\/#primaryimage","url":"https:\/\/ses-creative.com\/wp-content\/uploads\/2026\/01\/142871.jpg","contentUrl":"https:\/\/ses-creative.com\/wp-content\/uploads\/2026\/01\/142871.jpg","width":1000,"height":1000},{"@type":"BreadcrumbList","@id":"https:\/\/ses-creative.com\/de\/produkt\/tattoos-fuer-kinder-tier-kaempfer\/#breadcrumb","itemListElement":[{"@type":"ListItem","position":1,"name":"Shop","item":"https:\/\/ses-creative.com\/de\/shop\/"},{"@type":"ListItem","position":2,"name":"Basteln","item":"https:\/\/ses-creative.com\/de\/product-categorie\/basteln\/"},{"@type":"ListItem","position":3,"name":"Tattoos f\u00fcr Kinder ? Tier K\u00e4mpfer"}]},{"@type":"WebSite","@id":"https:\/\/ses-creative.com\/#website","url":"https:\/\/ses-creative.com\/","name":"SES Creative","description":"","publisher":{"@id":"https:\/\/ses-creative.com\/#organization"},"potentialAction":[{"@type":"SearchAction","target":{"@type":"EntryPoint","urlTemplate":"https:\/\/ses-creative.com\/?s={search_term_string}"},"query-input":{"@type":"PropertyValueSpecification","valueRequired":true,"valueName":"search_term_string"}}],"inLanguage":"de"},{"@type":"Organization","@id":"https:\/\/ses-creative.com\/#organization","name":"SES Creative","url":"https:\/\/ses-creative.com\/","logo":{"@type":"ImageObject","inLanguage":"de","@id":"https:\/\/ses-creative.com\/#\/schema\/logo\/image\/","url":"https:\/\/ses-creative.com\/wp-content\/uploads\/2025\/10\/ses-creative-logo.jpg","contentUrl":"https:\/\/ses-creative.com\/wp-content\/uploads\/2025\/10\/ses-creative-logo.jpg","width":2037,"height":2037,"caption":"SES Creative"},"image":{"@id":"https:\/\/ses-creative.com\/#\/schema\/logo\/image\/"}}]}},"_links":{"self":[{"href":"https:\/\/ses-creative.com\/de\/wp-json\/wp\/v2\/product\/114696","targetHints":{"allow":["GET"]}}],"collection":[{"href":"https:\/\/ses-creative.com\/de\/wp-json\/wp\/v2\/product"}],"about":[{"href":"https:\/\/ses-creative.com\/de\/wp-json\/wp\/v2\/types\/product"}],"replies":[{"embeddable":true,"href":"https:\/\/ses-creative.com\/de\/wp-json\/wp\/v2\/comments?post=114696"}],"wp:featuredmedia":[{"embeddable":true,"href":"https:\/\/ses-creative.com\/de\/wp-json\/wp\/v2\/media\/95356"}],"wp:attachment":[{"href":"https:\/\/ses-creative.com\/de\/wp-json\/wp\/v2\/media?parent=114696"}],"wp:term":[{"taxonomy":"product_brand","embeddable":true,"href":"https:\/\/ses-creative.com\/de\/wp-json\/wp\/v2\/product_brand?post=114696"},{"taxonomy":"product_cat","embeddable":true,"href":"https:\/\/ses-creative.com\/de\/wp-json\/wp\/v2\/product_cat?post=114696"},{"taxonomy":"product_tag","embeddable":true,"href":"https:\/\/ses-creative.com\/de\/wp-json\/wp\/v2\/product_tag?post=114696"}],"curies":[{"name":"wp","href":"https:\/\/api.w.org\/{rel}","templated":true}]}}