











{"id":114694,"date":"2026-02-05T13:52:42","date_gmt":"2026-02-05T13:52:42","guid":{"rendered":"https:\/\/ses-creative.com\/?post_type=product&#038;p=114694"},"modified":"2026-02-06T09:51:39","modified_gmt":"2026-02-06T09:51:39","slug":"blow-airbrush-pens-dinos","status":"publish","type":"product","link":"https:\/\/ses-creative.com\/de\/produkt\/blow-airbrush-pens-dinos\/","title":{"rendered":"Blow airbrush Pens &#8211; Dinos"},"content":{"rendered":"<p>Erwecke deine Dinosaurier zum Leben!<\/p>\n<p>Mit den Blow Airbrush Pens \u2013 Dinosaurier-Set von SES Creative kannst du Holz-Dinosaurierfiguren auf einzigartige Weise verzieren. Durch das Blasen mit den Stiften entstehen wundersch\u00f6ne Farb\u00fcberg\u00e4nge und Airbrush-Effekte.<\/p>\n<p>Inhalt der Verpackung<\/p>\n<p>Holz-Dino-Teile<\/p>\n<p>5 Blow-Airbrush-Stifte<\/p>\n<p>Anleitung<\/p>\n<p>Einzigartige Eigenschaften<\/p>\n<p>Echtes Holz f\u00fcr ein nat\u00fcrliches Aussehen<\/p>\n<p>Wundersch\u00f6ne Farb\u00fcberg\u00e4nge mit Airbrush-Effekt<\/p>\n<p>Abwaschbar und sicher f\u00fcr Kinder ab 5 Jahren<\/p>\n<p>F\u00f6rdert Kreativit\u00e4t und Feinmotorik<\/p>\n<p>Zeige deine Kreativit\u00e4t<br \/>\nEntwerfen Sie Ihre eigenen farbenfrohen Dinosaurier und machen Sie jedes Exemplar zu einem Unikat. Perfekt zum Basteln allein oder zusammen mit Freunden.<\/p>\n<p>Legen Sie noch heute los!<br \/>\nSchaffe deine eigenen Meisterwerke und entdecke den Spa\u00df an der Airbrush-Kunst.<\/p>\n","protected":false},"excerpt":{"rendered":"<p>Erwecke deine Dinosaurier zum Leben! Mit den Blow Airbrush Pens \u2013 Dinosaurier-Set von SES Creative kannst du Holz-Dinosaurierfiguren auf einzigartige Weise verzieren. Durch das Blasen mit den Stiften entstehen wundersch\u00f6ne Farb\u00fcberg\u00e4nge und Airbrush-Effekte. Inhalt der Verpackung Holz-Dino-Teile 5 Blow-Airbrush-Stifte Anleitung Einzigartige Eigenschaften Echtes Holz f\u00fcr ein nat\u00fcrliches Aussehen Wundersch\u00f6ne Farb\u00fcberg\u00e4nge mit Airbrush-Effekt Abwaschbar und sicher [&hellip;]<\/p>\n","protected":false},"featured_media":102476,"comment_status":"closed","ping_status":"closed","template":"","meta":{"_acf_changed":false},"product_brand":[],"product_cat":[115],"product_tag":[],"class_list":{"0":"post-114694","1":"product","2":"type-product","3":"status-publish","4":"has-post-thumbnail","6":"product_cat-basteln","7":"pa_collecties-blow-airbrush-pens","8":"pa_leeftijd-filter-4-6-jahre","9":"pa_meest-populair-bij-jungen","11":"first","12":"instock","13":"shipping-taxable","14":"product-type-simple"},"acf":[],"yoast_head":"<!-- This site is optimized with the Yoast SEO plugin v27.2 - https:\/\/yoast.com\/product\/yoast-seo-wordpress\/ -->\n<title>Blow airbrush Pens - Dinos - SES Creative<\/title>\n<meta name=\"robots\" content=\"index, follow, max-snippet:-1, max-image-preview:large, max-video-preview:-1\" \/>\n<link rel=\"canonical\" href=\"https:\/\/ses-creative.com\/de\/produkt\/blow-airbrush-pens-dinos\/\" \/>\n<meta property=\"og:locale\" content=\"de_DE\" \/>\n<meta property=\"og:type\" content=\"article\" \/>\n<meta property=\"og:title\" content=\"Blow airbrush Pens - Dinos - SES Creative\" \/>\n<meta property=\"og:description\" content=\"Erwecke deine Dinosaurier zum Leben! Mit den Blow Airbrush Pens \u2013 Dinosaurier-Set von SES Creative kannst du Holz-Dinosaurierfiguren auf einzigartige Weise verzieren. Durch das Blasen mit den Stiften entstehen wundersch\u00f6ne Farb\u00fcberg\u00e4nge und Airbrush-Effekte. Inhalt der Verpackung Holz-Dino-Teile 5 Blow-Airbrush-Stifte Anleitung Einzigartige Eigenschaften Echtes Holz f\u00fcr ein nat\u00fcrliches Aussehen Wundersch\u00f6ne Farb\u00fcberg\u00e4nge mit Airbrush-Effekt Abwaschbar und sicher [&hellip;]\" \/>\n<meta property=\"og:url\" content=\"https:\/\/ses-creative.com\/de\/produkt\/blow-airbrush-pens-dinos\/\" \/>\n<meta property=\"og:site_name\" content=\"SES Creative\" \/>\n<meta property=\"article:modified_time\" content=\"2026-02-06T09:51:39+00:00\" \/>\n<meta name=\"twitter:card\" content=\"summary_large_image\" \/>\n<meta name=\"twitter:label1\" content=\"Gesch\u00e4tzte Lesezeit\" \/>\n\t<meta name=\"twitter:data1\" content=\"1\u00a0Minute\" \/>\n<script type=\"application\/ld+json\" class=\"yoast-schema-graph\">{\"@context\":\"https:\/\/schema.org\",\"@graph\":[{\"@type\":\"WebPage\",\"@id\":\"https:\/\/ses-creative.com\/de\/produkt\/blow-airbrush-pens-dinos\/\",\"url\":\"https:\/\/ses-creative.com\/de\/produkt\/blow-airbrush-pens-dinos\/\",\"name\":\"Blow airbrush Pens - Dinos - SES Creative\",\"isPartOf\":{\"@id\":\"https:\/\/ses-creative.com\/#website\"},\"primaryImageOfPage\":{\"@id\":\"https:\/\/ses-creative.com\/de\/produkt\/blow-airbrush-pens-dinos\/#primaryimage\"},\"image\":{\"@id\":\"https:\/\/ses-creative.com\/de\/produkt\/blow-airbrush-pens-dinos\/#primaryimage\"},\"thumbnailUrl\":\"https:\/\/ses-creative.com\/wp-content\/uploads\/2026\/01\/142841.jpg\",\"datePublished\":\"2026-02-05T13:52:42+00:00\",\"dateModified\":\"2026-02-06T09:51:39+00:00\",\"breadcrumb\":{\"@id\":\"https:\/\/ses-creative.com\/de\/produkt\/blow-airbrush-pens-dinos\/#breadcrumb\"},\"inLanguage\":\"de\",\"potentialAction\":[{\"@type\":\"ReadAction\",\"target\":[\"https:\/\/ses-creative.com\/de\/produkt\/blow-airbrush-pens-dinos\/\"]}]},{\"@type\":\"ImageObject\",\"inLanguage\":\"de\",\"@id\":\"https:\/\/ses-creative.com\/de\/produkt\/blow-airbrush-pens-dinos\/#primaryimage\",\"url\":\"https:\/\/ses-creative.com\/wp-content\/uploads\/2026\/01\/142841.jpg\",\"contentUrl\":\"https:\/\/ses-creative.com\/wp-content\/uploads\/2026\/01\/142841.jpg\",\"width\":1000,\"height\":1000},{\"@type\":\"BreadcrumbList\",\"@id\":\"https:\/\/ses-creative.com\/de\/produkt\/blow-airbrush-pens-dinos\/#breadcrumb\",\"itemListElement\":[{\"@type\":\"ListItem\",\"position\":1,\"name\":\"Shop\",\"item\":\"https:\/\/ses-creative.com\/de\/shop\/\"},{\"@type\":\"ListItem\",\"position\":2,\"name\":\"Basteln\",\"item\":\"https:\/\/ses-creative.com\/de\/product-categorie\/basteln\/\"},{\"@type\":\"ListItem\",\"position\":3,\"name\":\"Blow airbrush Pens &#8211; Dinos\"}]},{\"@type\":\"WebSite\",\"@id\":\"https:\/\/ses-creative.com\/#website\",\"url\":\"https:\/\/ses-creative.com\/\",\"name\":\"SES Creative\",\"description\":\"\",\"publisher\":{\"@id\":\"https:\/\/ses-creative.com\/#organization\"},\"potentialAction\":[{\"@type\":\"SearchAction\",\"target\":{\"@type\":\"EntryPoint\",\"urlTemplate\":\"https:\/\/ses-creative.com\/?s={search_term_string}\"},\"query-input\":{\"@type\":\"PropertyValueSpecification\",\"valueRequired\":true,\"valueName\":\"search_term_string\"}}],\"inLanguage\":\"de\"},{\"@type\":\"Organization\",\"@id\":\"https:\/\/ses-creative.com\/#organization\",\"name\":\"SES Creative\",\"url\":\"https:\/\/ses-creative.com\/\",\"logo\":{\"@type\":\"ImageObject\",\"inLanguage\":\"de\",\"@id\":\"https:\/\/ses-creative.com\/#\/schema\/logo\/image\/\",\"url\":\"https:\/\/ses-creative.com\/wp-content\/uploads\/2025\/10\/ses-creative-logo.jpg\",\"contentUrl\":\"https:\/\/ses-creative.com\/wp-content\/uploads\/2025\/10\/ses-creative-logo.jpg\",\"width\":2037,\"height\":2037,\"caption\":\"SES Creative\"},\"image\":{\"@id\":\"https:\/\/ses-creative.com\/#\/schema\/logo\/image\/\"}}]}<\/script>\n<!-- \/ Yoast SEO plugin. -->","yoast_head_json":{"title":"Blow airbrush Pens - Dinos - SES Creative","robots":{"index":"index","follow":"follow","max-snippet":"max-snippet:-1","max-image-preview":"max-image-preview:large","max-video-preview":"max-video-preview:-1"},"canonical":"https:\/\/ses-creative.com\/de\/produkt\/blow-airbrush-pens-dinos\/","og_locale":"de_DE","og_type":"article","og_title":"Blow airbrush Pens - Dinos - SES Creative","og_description":"Erwecke deine Dinosaurier zum Leben! Mit den Blow Airbrush Pens \u2013 Dinosaurier-Set von SES Creative kannst du Holz-Dinosaurierfiguren auf einzigartige Weise verzieren. Durch das Blasen mit den Stiften entstehen wundersch\u00f6ne Farb\u00fcberg\u00e4nge und Airbrush-Effekte. Inhalt der Verpackung Holz-Dino-Teile 5 Blow-Airbrush-Stifte Anleitung Einzigartige Eigenschaften Echtes Holz f\u00fcr ein nat\u00fcrliches Aussehen Wundersch\u00f6ne Farb\u00fcberg\u00e4nge mit Airbrush-Effekt Abwaschbar und sicher [&hellip;]","og_url":"https:\/\/ses-creative.com\/de\/produkt\/blow-airbrush-pens-dinos\/","og_site_name":"SES Creative","article_modified_time":"2026-02-06T09:51:39+00:00","twitter_card":"summary_large_image","twitter_misc":{"Gesch\u00e4tzte Lesezeit":"1\u00a0Minute"},"schema":{"@context":"https:\/\/schema.org","@graph":[{"@type":"WebPage","@id":"https:\/\/ses-creative.com\/de\/produkt\/blow-airbrush-pens-dinos\/","url":"https:\/\/ses-creative.com\/de\/produkt\/blow-airbrush-pens-dinos\/","name":"Blow airbrush Pens - Dinos - SES Creative","isPartOf":{"@id":"https:\/\/ses-creative.com\/#website"},"primaryImageOfPage":{"@id":"https:\/\/ses-creative.com\/de\/produkt\/blow-airbrush-pens-dinos\/#primaryimage"},"image":{"@id":"https:\/\/ses-creative.com\/de\/produkt\/blow-airbrush-pens-dinos\/#primaryimage"},"thumbnailUrl":"https:\/\/ses-creative.com\/wp-content\/uploads\/2026\/01\/142841.jpg","datePublished":"2026-02-05T13:52:42+00:00","dateModified":"2026-02-06T09:51:39+00:00","breadcrumb":{"@id":"https:\/\/ses-creative.com\/de\/produkt\/blow-airbrush-pens-dinos\/#breadcrumb"},"inLanguage":"de","potentialAction":[{"@type":"ReadAction","target":["https:\/\/ses-creative.com\/de\/produkt\/blow-airbrush-pens-dinos\/"]}]},{"@type":"ImageObject","inLanguage":"de","@id":"https:\/\/ses-creative.com\/de\/produkt\/blow-airbrush-pens-dinos\/#primaryimage","url":"https:\/\/ses-creative.com\/wp-content\/uploads\/2026\/01\/142841.jpg","contentUrl":"https:\/\/ses-creative.com\/wp-content\/uploads\/2026\/01\/142841.jpg","width":1000,"height":1000},{"@type":"BreadcrumbList","@id":"https:\/\/ses-creative.com\/de\/produkt\/blow-airbrush-pens-dinos\/#breadcrumb","itemListElement":[{"@type":"ListItem","position":1,"name":"Shop","item":"https:\/\/ses-creative.com\/de\/shop\/"},{"@type":"ListItem","position":2,"name":"Basteln","item":"https:\/\/ses-creative.com\/de\/product-categorie\/basteln\/"},{"@type":"ListItem","position":3,"name":"Blow airbrush Pens &#8211; Dinos"}]},{"@type":"WebSite","@id":"https:\/\/ses-creative.com\/#website","url":"https:\/\/ses-creative.com\/","name":"SES Creative","description":"","publisher":{"@id":"https:\/\/ses-creative.com\/#organization"},"potentialAction":[{"@type":"SearchAction","target":{"@type":"EntryPoint","urlTemplate":"https:\/\/ses-creative.com\/?s={search_term_string}"},"query-input":{"@type":"PropertyValueSpecification","valueRequired":true,"valueName":"search_term_string"}}],"inLanguage":"de"},{"@type":"Organization","@id":"https:\/\/ses-creative.com\/#organization","name":"SES Creative","url":"https:\/\/ses-creative.com\/","logo":{"@type":"ImageObject","inLanguage":"de","@id":"https:\/\/ses-creative.com\/#\/schema\/logo\/image\/","url":"https:\/\/ses-creative.com\/wp-content\/uploads\/2025\/10\/ses-creative-logo.jpg","contentUrl":"https:\/\/ses-creative.com\/wp-content\/uploads\/2025\/10\/ses-creative-logo.jpg","width":2037,"height":2037,"caption":"SES Creative"},"image":{"@id":"https:\/\/ses-creative.com\/#\/schema\/logo\/image\/"}}]}},"_links":{"self":[{"href":"https:\/\/ses-creative.com\/de\/wp-json\/wp\/v2\/product\/114694","targetHints":{"allow":["GET"]}}],"collection":[{"href":"https:\/\/ses-creative.com\/de\/wp-json\/wp\/v2\/product"}],"about":[{"href":"https:\/\/ses-creative.com\/de\/wp-json\/wp\/v2\/types\/product"}],"replies":[{"embeddable":true,"href":"https:\/\/ses-creative.com\/de\/wp-json\/wp\/v2\/comments?post=114694"}],"wp:featuredmedia":[{"embeddable":true,"href":"https:\/\/ses-creative.com\/de\/wp-json\/wp\/v2\/media\/102476"}],"wp:attachment":[{"href":"https:\/\/ses-creative.com\/de\/wp-json\/wp\/v2\/media?parent=114694"}],"wp:term":[{"taxonomy":"product_brand","embeddable":true,"href":"https:\/\/ses-creative.com\/de\/wp-json\/wp\/v2\/product_brand?post=114694"},{"taxonomy":"product_cat","embeddable":true,"href":"https:\/\/ses-creative.com\/de\/wp-json\/wp\/v2\/product_cat?post=114694"},{"taxonomy":"product_tag","embeddable":true,"href":"https:\/\/ses-creative.com\/de\/wp-json\/wp\/v2\/product_tag?post=114694"}],"curies":[{"name":"wp","href":"https:\/\/api.w.org\/{rel}","templated":true}]}}