











{"id":114691,"date":"2026-02-05T13:52:42","date_gmt":"2026-02-05T13:52:42","guid":{"rendered":"https:\/\/ses-creative.com\/?post_type=product&#038;p=114691"},"modified":"2026-02-06T09:51:39","modified_gmt":"2026-02-06T09:51:39","slug":"funmais-eimer-mit-800-st","status":"publish","type":"product","link":"https:\/\/ses-creative.com\/de\/produkt\/funmais-eimer-mit-800-st\/","title":{"rendered":"Funmais Eimer mit 800 St."},"content":{"rendered":"<p>Funmais 800 Stk Eimer \u2013 Buntes Bastelvergn\u00fcgen<\/p>\n<p>Mit Funmais k\u00f6nnen Kinder ab 3 Jahren die fr\u00f6hlichsten Kreationen aus bunten Maisflocken und etwas Wasser gestalten. Dieses nat\u00fcrliche und sichere Set sorgt f\u00fcr stundenlangen Bastelspa\u00df und f\u00f6rdert Kreativit\u00e4t und Feinmotorik.<\/p>\n<p>Warum dieses Set gro\u00dfartig ist<\/p>\n<p>Voller bunt gef\u00e4rbter Flocken f\u00fcr endlosen Bastelspa\u00df.<\/p>\n<p>Hergestellt aus nat\u00fcrlichem Mais und vollst\u00e4ndig biologisch abbaubar.<\/p>\n<p>Mit praktischem Schw\u00e4mmchen zum einfachen Kleben mit Wasser \u2013 kein Kleber n\u00f6tig.<\/p>\n<p>F\u00f6rdert Fantasie, Kreativit\u00e4t und Feinmotorik.<\/p>\n<p>Vegan und glutenfrei, passend zu verschiedenen Lebensstilen.<\/p>\n<p>Lass der Fantasie freien Lauf<br \/>\nOb beim Bastelnachmittag zu Hause oder bei einer kreativen Aktivit\u00e4t mit Freunden: Mit Funmais sind die M\u00f6glichkeiten grenzenlos. Kinder bauen, kleben und erschaffen ihre eigene farbenfrohe Welt. Die weichen Flocken f\u00fchlen sich angenehm an und liefern schnelle Ergebnisse, sodass sie stolz auf ihre Werke sind. Perfekt als Geschenk f\u00fcr kleine K\u00fcnstler in spe.<\/p>\n<p>Inhalt des Sets<\/p>\n<p>800 Stk Funmais in verschiedenen Farben<\/p>\n<p>Schw\u00e4mmchen<\/p>\n<p>Aufbewahrungseimer mit Deckel<\/p>\n<p>Warum SES Creative w\u00e4hlen<br \/>\nBei SES Creative steht Sicherheit an erster Stelle. Deshalb werden die Produkte in unserer Fabrik in den Niederlanden hergestellt und nach den strengsten europ\u00e4ischen Sicherheitsnormen gepr\u00fcft. Spielzeug von SES Creative sorgt f\u00fcr Spa\u00df und unterst\u00fctzt die Kreativit\u00e4t und Entwicklung der Kinder, damit sie stolz auf ihre Arbeiten sein k\u00f6nnen.<\/p>\n<p>Lassen Sie Kinder noch heute ihre eigenen bunten Kunstwerke mit diesem fr\u00f6hlichen Funmais-Eimer gestalten!<\/p>\n","protected":false},"excerpt":{"rendered":"<p>Funmais 800 Stk Eimer \u2013 Buntes Bastelvergn\u00fcgen Mit Funmais k\u00f6nnen Kinder ab 3 Jahren die fr\u00f6hlichsten Kreationen aus bunten Maisflocken und etwas Wasser gestalten. Dieses nat\u00fcrliche und sichere Set sorgt f\u00fcr stundenlangen Bastelspa\u00df und f\u00f6rdert Kreativit\u00e4t und Feinmotorik. Warum dieses Set gro\u00dfartig ist Voller bunt gef\u00e4rbter Flocken f\u00fcr endlosen Bastelspa\u00df. Hergestellt aus nat\u00fcrlichem Mais und [&hellip;]<\/p>\n","protected":false},"featured_media":107498,"comment_status":"closed","ping_status":"closed","template":"","meta":{"_acf_changed":false},"product_brand":[],"product_cat":[115],"product_tag":[],"class_list":{"0":"post-114691","1":"product","2":"type-product","3":"status-publish","4":"has-post-thumbnail","6":"product_cat-basteln","7":"pa_leeftijd-filter-3-4-jahre","8":"pa_meest-populair-bij-jungen-maedchen","10":"first","11":"instock","12":"shipping-taxable","13":"product-type-simple"},"acf":[],"yoast_head":"<!-- This site is optimized with the Yoast SEO plugin v27.2 - https:\/\/yoast.com\/product\/yoast-seo-wordpress\/ -->\n<title>Funmais Eimer mit 800 St. - SES Creative<\/title>\n<meta name=\"robots\" content=\"index, follow, max-snippet:-1, max-image-preview:large, max-video-preview:-1\" \/>\n<link rel=\"canonical\" href=\"https:\/\/ses-creative.com\/de\/produkt\/funmais-eimer-mit-800-st\/\" \/>\n<meta property=\"og:locale\" content=\"de_DE\" \/>\n<meta property=\"og:type\" content=\"article\" \/>\n<meta property=\"og:title\" content=\"Funmais Eimer mit 800 St. - SES Creative\" \/>\n<meta property=\"og:description\" content=\"Funmais 800 Stk Eimer \u2013 Buntes Bastelvergn\u00fcgen Mit Funmais k\u00f6nnen Kinder ab 3 Jahren die fr\u00f6hlichsten Kreationen aus bunten Maisflocken und etwas Wasser gestalten. Dieses nat\u00fcrliche und sichere Set sorgt f\u00fcr stundenlangen Bastelspa\u00df und f\u00f6rdert Kreativit\u00e4t und Feinmotorik. Warum dieses Set gro\u00dfartig ist Voller bunt gef\u00e4rbter Flocken f\u00fcr endlosen Bastelspa\u00df. Hergestellt aus nat\u00fcrlichem Mais und [&hellip;]\" \/>\n<meta property=\"og:url\" content=\"https:\/\/ses-creative.com\/de\/produkt\/funmais-eimer-mit-800-st\/\" \/>\n<meta property=\"og:site_name\" content=\"SES Creative\" \/>\n<meta property=\"article:modified_time\" content=\"2026-02-06T09:51:39+00:00\" \/>\n<meta name=\"twitter:card\" content=\"summary_large_image\" \/>\n<meta name=\"twitter:label1\" content=\"Gesch\u00e4tzte Lesezeit\" \/>\n\t<meta name=\"twitter:data1\" content=\"1\u00a0Minute\" \/>\n<script type=\"application\/ld+json\" class=\"yoast-schema-graph\">{\"@context\":\"https:\/\/schema.org\",\"@graph\":[{\"@type\":\"WebPage\",\"@id\":\"https:\/\/ses-creative.com\/de\/produkt\/funmais-eimer-mit-800-st\/\",\"url\":\"https:\/\/ses-creative.com\/de\/produkt\/funmais-eimer-mit-800-st\/\",\"name\":\"Funmais Eimer mit 800 St. - SES Creative\",\"isPartOf\":{\"@id\":\"https:\/\/ses-creative.com\/#website\"},\"primaryImageOfPage\":{\"@id\":\"https:\/\/ses-creative.com\/de\/produkt\/funmais-eimer-mit-800-st\/#primaryimage\"},\"image\":{\"@id\":\"https:\/\/ses-creative.com\/de\/produkt\/funmais-eimer-mit-800-st\/#primaryimage\"},\"thumbnailUrl\":\"https:\/\/ses-creative.com\/wp-content\/uploads\/2026\/01\/142201-1.jpg\",\"datePublished\":\"2026-02-05T13:52:42+00:00\",\"dateModified\":\"2026-02-06T09:51:39+00:00\",\"breadcrumb\":{\"@id\":\"https:\/\/ses-creative.com\/de\/produkt\/funmais-eimer-mit-800-st\/#breadcrumb\"},\"inLanguage\":\"de\",\"potentialAction\":[{\"@type\":\"ReadAction\",\"target\":[\"https:\/\/ses-creative.com\/de\/produkt\/funmais-eimer-mit-800-st\/\"]}]},{\"@type\":\"ImageObject\",\"inLanguage\":\"de\",\"@id\":\"https:\/\/ses-creative.com\/de\/produkt\/funmais-eimer-mit-800-st\/#primaryimage\",\"url\":\"https:\/\/ses-creative.com\/wp-content\/uploads\/2026\/01\/142201-1.jpg\",\"contentUrl\":\"https:\/\/ses-creative.com\/wp-content\/uploads\/2026\/01\/142201-1.jpg\",\"width\":1000,\"height\":1000},{\"@type\":\"BreadcrumbList\",\"@id\":\"https:\/\/ses-creative.com\/de\/produkt\/funmais-eimer-mit-800-st\/#breadcrumb\",\"itemListElement\":[{\"@type\":\"ListItem\",\"position\":1,\"name\":\"Shop\",\"item\":\"https:\/\/ses-creative.com\/de\/shop\/\"},{\"@type\":\"ListItem\",\"position\":2,\"name\":\"Basteln\",\"item\":\"https:\/\/ses-creative.com\/de\/product-categorie\/basteln\/\"},{\"@type\":\"ListItem\",\"position\":3,\"name\":\"Funmais Eimer mit 800 St.\"}]},{\"@type\":\"WebSite\",\"@id\":\"https:\/\/ses-creative.com\/#website\",\"url\":\"https:\/\/ses-creative.com\/\",\"name\":\"SES Creative\",\"description\":\"\",\"publisher\":{\"@id\":\"https:\/\/ses-creative.com\/#organization\"},\"potentialAction\":[{\"@type\":\"SearchAction\",\"target\":{\"@type\":\"EntryPoint\",\"urlTemplate\":\"https:\/\/ses-creative.com\/?s={search_term_string}\"},\"query-input\":{\"@type\":\"PropertyValueSpecification\",\"valueRequired\":true,\"valueName\":\"search_term_string\"}}],\"inLanguage\":\"de\"},{\"@type\":\"Organization\",\"@id\":\"https:\/\/ses-creative.com\/#organization\",\"name\":\"SES Creative\",\"url\":\"https:\/\/ses-creative.com\/\",\"logo\":{\"@type\":\"ImageObject\",\"inLanguage\":\"de\",\"@id\":\"https:\/\/ses-creative.com\/#\/schema\/logo\/image\/\",\"url\":\"https:\/\/ses-creative.com\/wp-content\/uploads\/2025\/10\/ses-creative-logo.jpg\",\"contentUrl\":\"https:\/\/ses-creative.com\/wp-content\/uploads\/2025\/10\/ses-creative-logo.jpg\",\"width\":2037,\"height\":2037,\"caption\":\"SES Creative\"},\"image\":{\"@id\":\"https:\/\/ses-creative.com\/#\/schema\/logo\/image\/\"}}]}<\/script>\n<!-- \/ Yoast SEO plugin. -->","yoast_head_json":{"title":"Funmais Eimer mit 800 St. - SES Creative","robots":{"index":"index","follow":"follow","max-snippet":"max-snippet:-1","max-image-preview":"max-image-preview:large","max-video-preview":"max-video-preview:-1"},"canonical":"https:\/\/ses-creative.com\/de\/produkt\/funmais-eimer-mit-800-st\/","og_locale":"de_DE","og_type":"article","og_title":"Funmais Eimer mit 800 St. - SES Creative","og_description":"Funmais 800 Stk Eimer \u2013 Buntes Bastelvergn\u00fcgen Mit Funmais k\u00f6nnen Kinder ab 3 Jahren die fr\u00f6hlichsten Kreationen aus bunten Maisflocken und etwas Wasser gestalten. Dieses nat\u00fcrliche und sichere Set sorgt f\u00fcr stundenlangen Bastelspa\u00df und f\u00f6rdert Kreativit\u00e4t und Feinmotorik. Warum dieses Set gro\u00dfartig ist Voller bunt gef\u00e4rbter Flocken f\u00fcr endlosen Bastelspa\u00df. Hergestellt aus nat\u00fcrlichem Mais und [&hellip;]","og_url":"https:\/\/ses-creative.com\/de\/produkt\/funmais-eimer-mit-800-st\/","og_site_name":"SES Creative","article_modified_time":"2026-02-06T09:51:39+00:00","twitter_card":"summary_large_image","twitter_misc":{"Gesch\u00e4tzte Lesezeit":"1\u00a0Minute"},"schema":{"@context":"https:\/\/schema.org","@graph":[{"@type":"WebPage","@id":"https:\/\/ses-creative.com\/de\/produkt\/funmais-eimer-mit-800-st\/","url":"https:\/\/ses-creative.com\/de\/produkt\/funmais-eimer-mit-800-st\/","name":"Funmais Eimer mit 800 St. - SES Creative","isPartOf":{"@id":"https:\/\/ses-creative.com\/#website"},"primaryImageOfPage":{"@id":"https:\/\/ses-creative.com\/de\/produkt\/funmais-eimer-mit-800-st\/#primaryimage"},"image":{"@id":"https:\/\/ses-creative.com\/de\/produkt\/funmais-eimer-mit-800-st\/#primaryimage"},"thumbnailUrl":"https:\/\/ses-creative.com\/wp-content\/uploads\/2026\/01\/142201-1.jpg","datePublished":"2026-02-05T13:52:42+00:00","dateModified":"2026-02-06T09:51:39+00:00","breadcrumb":{"@id":"https:\/\/ses-creative.com\/de\/produkt\/funmais-eimer-mit-800-st\/#breadcrumb"},"inLanguage":"de","potentialAction":[{"@type":"ReadAction","target":["https:\/\/ses-creative.com\/de\/produkt\/funmais-eimer-mit-800-st\/"]}]},{"@type":"ImageObject","inLanguage":"de","@id":"https:\/\/ses-creative.com\/de\/produkt\/funmais-eimer-mit-800-st\/#primaryimage","url":"https:\/\/ses-creative.com\/wp-content\/uploads\/2026\/01\/142201-1.jpg","contentUrl":"https:\/\/ses-creative.com\/wp-content\/uploads\/2026\/01\/142201-1.jpg","width":1000,"height":1000},{"@type":"BreadcrumbList","@id":"https:\/\/ses-creative.com\/de\/produkt\/funmais-eimer-mit-800-st\/#breadcrumb","itemListElement":[{"@type":"ListItem","position":1,"name":"Shop","item":"https:\/\/ses-creative.com\/de\/shop\/"},{"@type":"ListItem","position":2,"name":"Basteln","item":"https:\/\/ses-creative.com\/de\/product-categorie\/basteln\/"},{"@type":"ListItem","position":3,"name":"Funmais Eimer mit 800 St."}]},{"@type":"WebSite","@id":"https:\/\/ses-creative.com\/#website","url":"https:\/\/ses-creative.com\/","name":"SES Creative","description":"","publisher":{"@id":"https:\/\/ses-creative.com\/#organization"},"potentialAction":[{"@type":"SearchAction","target":{"@type":"EntryPoint","urlTemplate":"https:\/\/ses-creative.com\/?s={search_term_string}"},"query-input":{"@type":"PropertyValueSpecification","valueRequired":true,"valueName":"search_term_string"}}],"inLanguage":"de"},{"@type":"Organization","@id":"https:\/\/ses-creative.com\/#organization","name":"SES Creative","url":"https:\/\/ses-creative.com\/","logo":{"@type":"ImageObject","inLanguage":"de","@id":"https:\/\/ses-creative.com\/#\/schema\/logo\/image\/","url":"https:\/\/ses-creative.com\/wp-content\/uploads\/2025\/10\/ses-creative-logo.jpg","contentUrl":"https:\/\/ses-creative.com\/wp-content\/uploads\/2025\/10\/ses-creative-logo.jpg","width":2037,"height":2037,"caption":"SES Creative"},"image":{"@id":"https:\/\/ses-creative.com\/#\/schema\/logo\/image\/"}}]}},"_links":{"self":[{"href":"https:\/\/ses-creative.com\/de\/wp-json\/wp\/v2\/product\/114691","targetHints":{"allow":["GET"]}}],"collection":[{"href":"https:\/\/ses-creative.com\/de\/wp-json\/wp\/v2\/product"}],"about":[{"href":"https:\/\/ses-creative.com\/de\/wp-json\/wp\/v2\/types\/product"}],"replies":[{"embeddable":true,"href":"https:\/\/ses-creative.com\/de\/wp-json\/wp\/v2\/comments?post=114691"}],"wp:featuredmedia":[{"embeddable":true,"href":"https:\/\/ses-creative.com\/de\/wp-json\/wp\/v2\/media\/107498"}],"wp:attachment":[{"href":"https:\/\/ses-creative.com\/de\/wp-json\/wp\/v2\/media?parent=114691"}],"wp:term":[{"taxonomy":"product_brand","embeddable":true,"href":"https:\/\/ses-creative.com\/de\/wp-json\/wp\/v2\/product_brand?post=114691"},{"taxonomy":"product_cat","embeddable":true,"href":"https:\/\/ses-creative.com\/de\/wp-json\/wp\/v2\/product_cat?post=114691"},{"taxonomy":"product_tag","embeddable":true,"href":"https:\/\/ses-creative.com\/de\/wp-json\/wp\/v2\/product_tag?post=114691"}],"curies":[{"name":"wp","href":"https:\/\/api.w.org\/{rel}","templated":true}]}}