











{"id":114690,"date":"2026-02-05T13:52:42","date_gmt":"2026-02-05T13:52:42","guid":{"rendered":"https:\/\/ses-creative.com\/?post_type=product&#038;p=114690"},"modified":"2026-02-06T09:51:39","modified_gmt":"2026-02-06T09:51:39","slug":"holz-dino-glow-in-the-dark","status":"publish","type":"product","link":"https:\/\/ses-creative.com\/de\/produkt\/holz-dino-glow-in-the-dark\/","title":{"rendered":"Holz Dino glow in the dark"},"content":{"rendered":"<p>Baue deinen eigenen Glow-in-the-Dark-Dino!<\/p>\n<p>Mit dem SES Creative Holz-Dino Glow in the Dark-Set kannst du einen coolen Dinosaurier bauen, der im Dunkeln wirklich leuchtet. Die Holzteile lassen sich ganz einfach zusammenstecken, ohne dass du Kleber ben\u00f6tigst. Dekoriere deinen Dino mit der mitgelieferten Farbe, dem Pinsel und den Glow-in-the-Dark-Aufklebern und sieh zu, wie er abends zum Leben erwacht. Ein tolles Bastelset f\u00fcr kleine Dino-Fans!<\/p>\n<p>Inhalt der Verpackung<\/p>\n<p>Holz-Dino-Teile<\/p>\n<p>Glow-in-the-dark-Aufkleber<\/p>\n<p>Farbe, Pinsel und Schwamm<\/p>\n<p>Anleitung<\/p>\n<p>Einzigartige Eigenschaften<\/p>\n<p>Einfacher Aufbau mit klaren Anweisungen<\/p>\n<p>Kein Klebstoff erforderlich, Teile lassen sich zusammenstecken<\/p>\n<p>Glow-in-the-dark-Aufkleber f\u00fcr einen magischen Effekt<\/p>\n<p>F\u00f6rdert Kreativit\u00e4t und Feinmotorik<\/p>\n<p>Geeignet f\u00fcr Kinder ab 5 Jahren<\/p>\n<p>Gestalte deinen eigenen Dino und bring ihn zum Leuchten<br \/>\nMit diesem Set k\u00f6nnen Kinder ihren eigenen Dino bauen, bemalen und verzieren. Dank der einfachen Konstruktion macht das Bauen Spa\u00df und ist leicht zu lernen, und die leuchtenden Aufkleber sorgen f\u00fcr einen spektakul\u00e4ren Effekt, sobald es dunkel wird.<\/p>\n<p>Leg noch heute los!<br \/>\nMit dem Holz-Dino-Glow-in-the-Dark-Set kannst du einen Dino bauen und dekorieren, der sogar im Dunkeln leuchtet. Perfekt f\u00fcr stundenlangen kreativen Spielspa\u00df.<\/p>\n","protected":false},"excerpt":{"rendered":"<p>Baue deinen eigenen Glow-in-the-Dark-Dino! Mit dem SES Creative Holz-Dino Glow in the Dark-Set kannst du einen coolen Dinosaurier bauen, der im Dunkeln wirklich leuchtet. Die Holzteile lassen sich ganz einfach zusammenstecken, ohne dass du Kleber ben\u00f6tigst. Dekoriere deinen Dino mit der mitgelieferten Farbe, dem Pinsel und den Glow-in-the-Dark-Aufklebern und sieh zu, wie er abends zum [&hellip;]<\/p>\n","protected":false},"featured_media":102396,"comment_status":"closed","ping_status":"closed","template":"","meta":{"_acf_changed":false},"product_brand":[],"product_cat":[115],"product_tag":[],"class_list":{"0":"post-114690","1":"product","2":"type-product","3":"status-publish","4":"has-post-thumbnail","6":"product_cat-basteln","7":"pa_leeftijd-filter-4-6-jahre","8":"pa_meest-populair-bij-jungen","10":"first","11":"instock","12":"shipping-taxable","13":"product-type-simple"},"acf":[],"yoast_head":"<!-- This site is optimized with the Yoast SEO plugin v27.2 - https:\/\/yoast.com\/product\/yoast-seo-wordpress\/ -->\n<title>Holz Dino glow in the dark - SES Creative<\/title>\n<meta name=\"robots\" content=\"index, follow, max-snippet:-1, max-image-preview:large, max-video-preview:-1\" \/>\n<link rel=\"canonical\" href=\"https:\/\/ses-creative.com\/de\/produkt\/holz-dino-glow-in-the-dark\/\" \/>\n<meta property=\"og:locale\" content=\"de_DE\" \/>\n<meta property=\"og:type\" content=\"article\" \/>\n<meta property=\"og:title\" content=\"Holz Dino glow in the dark - SES Creative\" \/>\n<meta property=\"og:description\" content=\"Baue deinen eigenen Glow-in-the-Dark-Dino! Mit dem SES Creative Holz-Dino Glow in the Dark-Set kannst du einen coolen Dinosaurier bauen, der im Dunkeln wirklich leuchtet. Die Holzteile lassen sich ganz einfach zusammenstecken, ohne dass du Kleber ben\u00f6tigst. Dekoriere deinen Dino mit der mitgelieferten Farbe, dem Pinsel und den Glow-in-the-Dark-Aufklebern und sieh zu, wie er abends zum [&hellip;]\" \/>\n<meta property=\"og:url\" content=\"https:\/\/ses-creative.com\/de\/produkt\/holz-dino-glow-in-the-dark\/\" \/>\n<meta property=\"og:site_name\" content=\"SES Creative\" \/>\n<meta property=\"article:modified_time\" content=\"2026-02-06T09:51:39+00:00\" \/>\n<meta name=\"twitter:card\" content=\"summary_large_image\" \/>\n<meta name=\"twitter:label1\" content=\"Gesch\u00e4tzte Lesezeit\" \/>\n\t<meta name=\"twitter:data1\" content=\"1\u00a0Minute\" \/>\n<script type=\"application\/ld+json\" class=\"yoast-schema-graph\">{\"@context\":\"https:\/\/schema.org\",\"@graph\":[{\"@type\":\"WebPage\",\"@id\":\"https:\/\/ses-creative.com\/de\/produkt\/holz-dino-glow-in-the-dark\/\",\"url\":\"https:\/\/ses-creative.com\/de\/produkt\/holz-dino-glow-in-the-dark\/\",\"name\":\"Holz Dino glow in the dark - SES Creative\",\"isPartOf\":{\"@id\":\"https:\/\/ses-creative.com\/#website\"},\"primaryImageOfPage\":{\"@id\":\"https:\/\/ses-creative.com\/de\/produkt\/holz-dino-glow-in-the-dark\/#primaryimage\"},\"image\":{\"@id\":\"https:\/\/ses-creative.com\/de\/produkt\/holz-dino-glow-in-the-dark\/#primaryimage\"},\"thumbnailUrl\":\"https:\/\/ses-creative.com\/wp-content\/uploads\/2026\/01\/142091.jpg\",\"datePublished\":\"2026-02-05T13:52:42+00:00\",\"dateModified\":\"2026-02-06T09:51:39+00:00\",\"breadcrumb\":{\"@id\":\"https:\/\/ses-creative.com\/de\/produkt\/holz-dino-glow-in-the-dark\/#breadcrumb\"},\"inLanguage\":\"de\",\"potentialAction\":[{\"@type\":\"ReadAction\",\"target\":[\"https:\/\/ses-creative.com\/de\/produkt\/holz-dino-glow-in-the-dark\/\"]}]},{\"@type\":\"ImageObject\",\"inLanguage\":\"de\",\"@id\":\"https:\/\/ses-creative.com\/de\/produkt\/holz-dino-glow-in-the-dark\/#primaryimage\",\"url\":\"https:\/\/ses-creative.com\/wp-content\/uploads\/2026\/01\/142091.jpg\",\"contentUrl\":\"https:\/\/ses-creative.com\/wp-content\/uploads\/2026\/01\/142091.jpg\",\"width\":1000,\"height\":1000},{\"@type\":\"BreadcrumbList\",\"@id\":\"https:\/\/ses-creative.com\/de\/produkt\/holz-dino-glow-in-the-dark\/#breadcrumb\",\"itemListElement\":[{\"@type\":\"ListItem\",\"position\":1,\"name\":\"Shop\",\"item\":\"https:\/\/ses-creative.com\/de\/shop\/\"},{\"@type\":\"ListItem\",\"position\":2,\"name\":\"Basteln\",\"item\":\"https:\/\/ses-creative.com\/de\/product-categorie\/basteln\/\"},{\"@type\":\"ListItem\",\"position\":3,\"name\":\"Holz Dino glow in the dark\"}]},{\"@type\":\"WebSite\",\"@id\":\"https:\/\/ses-creative.com\/#website\",\"url\":\"https:\/\/ses-creative.com\/\",\"name\":\"SES Creative\",\"description\":\"\",\"publisher\":{\"@id\":\"https:\/\/ses-creative.com\/#organization\"},\"potentialAction\":[{\"@type\":\"SearchAction\",\"target\":{\"@type\":\"EntryPoint\",\"urlTemplate\":\"https:\/\/ses-creative.com\/?s={search_term_string}\"},\"query-input\":{\"@type\":\"PropertyValueSpecification\",\"valueRequired\":true,\"valueName\":\"search_term_string\"}}],\"inLanguage\":\"de\"},{\"@type\":\"Organization\",\"@id\":\"https:\/\/ses-creative.com\/#organization\",\"name\":\"SES Creative\",\"url\":\"https:\/\/ses-creative.com\/\",\"logo\":{\"@type\":\"ImageObject\",\"inLanguage\":\"de\",\"@id\":\"https:\/\/ses-creative.com\/#\/schema\/logo\/image\/\",\"url\":\"https:\/\/ses-creative.com\/wp-content\/uploads\/2025\/10\/ses-creative-logo.jpg\",\"contentUrl\":\"https:\/\/ses-creative.com\/wp-content\/uploads\/2025\/10\/ses-creative-logo.jpg\",\"width\":2037,\"height\":2037,\"caption\":\"SES Creative\"},\"image\":{\"@id\":\"https:\/\/ses-creative.com\/#\/schema\/logo\/image\/\"}}]}<\/script>\n<!-- \/ Yoast SEO plugin. -->","yoast_head_json":{"title":"Holz Dino glow in the dark - SES Creative","robots":{"index":"index","follow":"follow","max-snippet":"max-snippet:-1","max-image-preview":"max-image-preview:large","max-video-preview":"max-video-preview:-1"},"canonical":"https:\/\/ses-creative.com\/de\/produkt\/holz-dino-glow-in-the-dark\/","og_locale":"de_DE","og_type":"article","og_title":"Holz Dino glow in the dark - SES Creative","og_description":"Baue deinen eigenen Glow-in-the-Dark-Dino! Mit dem SES Creative Holz-Dino Glow in the Dark-Set kannst du einen coolen Dinosaurier bauen, der im Dunkeln wirklich leuchtet. Die Holzteile lassen sich ganz einfach zusammenstecken, ohne dass du Kleber ben\u00f6tigst. Dekoriere deinen Dino mit der mitgelieferten Farbe, dem Pinsel und den Glow-in-the-Dark-Aufklebern und sieh zu, wie er abends zum [&hellip;]","og_url":"https:\/\/ses-creative.com\/de\/produkt\/holz-dino-glow-in-the-dark\/","og_site_name":"SES Creative","article_modified_time":"2026-02-06T09:51:39+00:00","twitter_card":"summary_large_image","twitter_misc":{"Gesch\u00e4tzte Lesezeit":"1\u00a0Minute"},"schema":{"@context":"https:\/\/schema.org","@graph":[{"@type":"WebPage","@id":"https:\/\/ses-creative.com\/de\/produkt\/holz-dino-glow-in-the-dark\/","url":"https:\/\/ses-creative.com\/de\/produkt\/holz-dino-glow-in-the-dark\/","name":"Holz Dino glow in the dark - SES Creative","isPartOf":{"@id":"https:\/\/ses-creative.com\/#website"},"primaryImageOfPage":{"@id":"https:\/\/ses-creative.com\/de\/produkt\/holz-dino-glow-in-the-dark\/#primaryimage"},"image":{"@id":"https:\/\/ses-creative.com\/de\/produkt\/holz-dino-glow-in-the-dark\/#primaryimage"},"thumbnailUrl":"https:\/\/ses-creative.com\/wp-content\/uploads\/2026\/01\/142091.jpg","datePublished":"2026-02-05T13:52:42+00:00","dateModified":"2026-02-06T09:51:39+00:00","breadcrumb":{"@id":"https:\/\/ses-creative.com\/de\/produkt\/holz-dino-glow-in-the-dark\/#breadcrumb"},"inLanguage":"de","potentialAction":[{"@type":"ReadAction","target":["https:\/\/ses-creative.com\/de\/produkt\/holz-dino-glow-in-the-dark\/"]}]},{"@type":"ImageObject","inLanguage":"de","@id":"https:\/\/ses-creative.com\/de\/produkt\/holz-dino-glow-in-the-dark\/#primaryimage","url":"https:\/\/ses-creative.com\/wp-content\/uploads\/2026\/01\/142091.jpg","contentUrl":"https:\/\/ses-creative.com\/wp-content\/uploads\/2026\/01\/142091.jpg","width":1000,"height":1000},{"@type":"BreadcrumbList","@id":"https:\/\/ses-creative.com\/de\/produkt\/holz-dino-glow-in-the-dark\/#breadcrumb","itemListElement":[{"@type":"ListItem","position":1,"name":"Shop","item":"https:\/\/ses-creative.com\/de\/shop\/"},{"@type":"ListItem","position":2,"name":"Basteln","item":"https:\/\/ses-creative.com\/de\/product-categorie\/basteln\/"},{"@type":"ListItem","position":3,"name":"Holz Dino glow in the dark"}]},{"@type":"WebSite","@id":"https:\/\/ses-creative.com\/#website","url":"https:\/\/ses-creative.com\/","name":"SES Creative","description":"","publisher":{"@id":"https:\/\/ses-creative.com\/#organization"},"potentialAction":[{"@type":"SearchAction","target":{"@type":"EntryPoint","urlTemplate":"https:\/\/ses-creative.com\/?s={search_term_string}"},"query-input":{"@type":"PropertyValueSpecification","valueRequired":true,"valueName":"search_term_string"}}],"inLanguage":"de"},{"@type":"Organization","@id":"https:\/\/ses-creative.com\/#organization","name":"SES Creative","url":"https:\/\/ses-creative.com\/","logo":{"@type":"ImageObject","inLanguage":"de","@id":"https:\/\/ses-creative.com\/#\/schema\/logo\/image\/","url":"https:\/\/ses-creative.com\/wp-content\/uploads\/2025\/10\/ses-creative-logo.jpg","contentUrl":"https:\/\/ses-creative.com\/wp-content\/uploads\/2025\/10\/ses-creative-logo.jpg","width":2037,"height":2037,"caption":"SES Creative"},"image":{"@id":"https:\/\/ses-creative.com\/#\/schema\/logo\/image\/"}}]}},"_links":{"self":[{"href":"https:\/\/ses-creative.com\/de\/wp-json\/wp\/v2\/product\/114690","targetHints":{"allow":["GET"]}}],"collection":[{"href":"https:\/\/ses-creative.com\/de\/wp-json\/wp\/v2\/product"}],"about":[{"href":"https:\/\/ses-creative.com\/de\/wp-json\/wp\/v2\/types\/product"}],"replies":[{"embeddable":true,"href":"https:\/\/ses-creative.com\/de\/wp-json\/wp\/v2\/comments?post=114690"}],"wp:featuredmedia":[{"embeddable":true,"href":"https:\/\/ses-creative.com\/de\/wp-json\/wp\/v2\/media\/102396"}],"wp:attachment":[{"href":"https:\/\/ses-creative.com\/de\/wp-json\/wp\/v2\/media?parent=114690"}],"wp:term":[{"taxonomy":"product_brand","embeddable":true,"href":"https:\/\/ses-creative.com\/de\/wp-json\/wp\/v2\/product_brand?post=114690"},{"taxonomy":"product_cat","embeddable":true,"href":"https:\/\/ses-creative.com\/de\/wp-json\/wp\/v2\/product_cat?post=114690"},{"taxonomy":"product_tag","embeddable":true,"href":"https:\/\/ses-creative.com\/de\/wp-json\/wp\/v2\/product_tag?post=114690"}],"curies":[{"name":"wp","href":"https:\/\/api.w.org\/{rel}","templated":true}]}}