











{"id":114689,"date":"2026-02-05T13:52:42","date_gmt":"2026-02-05T13:52:42","guid":{"rendered":"https:\/\/ses-creative.com\/?post_type=product&#038;p=114689"},"modified":"2026-02-06T09:51:39","modified_gmt":"2026-02-06T09:51:39","slug":"l-o-l-amulettarmbaender","status":"publish","type":"product","link":"https:\/\/ses-creative.com\/de\/produkt\/l-o-l-amulettarmbaender\/","title":{"rendered":"L.O.L. &#8211; Amulettarmb\u00e4nder"},"content":{"rendered":"<p>L.O.L. \u2013 Charmante Armb\u00e4nder: Entwerfen Sie Ihren eigenen L.O.L.-Schmuck!<\/p>\n<p>Gestalte deine eigenen trendigen L.O.L.-Charm-Armb\u00e4nder mit diesem kreativen Bastelset von SES Creative! Verwende die bunten Perlen, Gummib\u00e4nder und niedlichen L.O.L.-Charms, um einzigartigen Schmuck zu entwerfen, der ganz deinem Stil entspricht. Perfekt f\u00fcr Kinder ab 6 Jahren, die Mode, Freundschaft und glitzernde Kreativit\u00e4t lieben.<\/p>\n<p>Was dieses Set so toll macht<\/p>\n<p>Enth\u00e4lt 8 verschiedene L.O.L. Surprise! Charms<br \/>\n4 Farben Perlen f\u00fcr endlose Kombinationsm\u00f6glichkeiten<br \/>\nElastische F\u00e4den erleichtern das Auff\u00e4deln<br \/>\nF\u00f6rdert die Feinmotorik und Selbstentfaltung<br \/>\nIdeal f\u00fcr Nachmittage mit Freundinnen, Partys oder einfach zu Hause<\/p>\n<p>Entwerfen und tragen Sie Ihren eigenen Stil<\/p>\n<p>Mit diesem Set k\u00f6nnen Kinder ihre eigenen Bettelarmb\u00e4nder herstellen, die sie stolz tragen oder verschenken k\u00f6nnen. Dank der fr\u00f6hlichen Farben und verspielten L.O.L.-Anh\u00e4nger lassen sich immer wieder neue Kombinationen kreieren. Die Armb\u00e4nder machen nicht nur Spa\u00df beim Basteln, sondern auch beim Vorzeigen!<\/p>\n<p>Inhalt des Sets<\/p>\n<p>4 farbige Perlen<br \/>\n8 Buntstifte (f\u00fcr besonders kreative Details)<br \/>\nGummib\u00e4nder<br \/>\n8 verschiedene L.O.L. Surprise! Anh\u00e4nger<\/p>\n<p>Warum SES Creative w\u00e4hlen?<\/p>\n<p>Bei SES Creative legen wir gro\u00dfen Wert auf Sicherheit. Deshalb werden die Produkte in unserem Werk in den Niederlanden nach den strengsten europ\u00e4ischen Sicherheitsnormen hergestellt und getestet. Spielzeug von SES Creative sorgt f\u00fcr Spa\u00df und soll Kindern ein Gef\u00fchl des Stolzes auf ihre Arbeit vermitteln, was ihre Kreativit\u00e4t und Entwicklung f\u00f6rdert.<\/p>\n<p>Beginnen Sie noch heute mit Ihren L.O.L.-Armb\u00e4ndern<\/p>\n<p>Schnapp dir die Perlen, w\u00e4hle deine Anh\u00e4nger aus und fertige mit diesem bezaubernden Armband-Set wundersch\u00f6nen Schmuck an. Ein perfektes Bastelprojekt f\u00fcr jede junge L.O.L.-Fan, die mit ihren eigenen Kreationen gl\u00e4nzen m\u00f6chte!<\/p>\n","protected":false},"excerpt":{"rendered":"<p>L.O.L. \u2013 Charmante Armb\u00e4nder: Entwerfen Sie Ihren eigenen L.O.L.-Schmuck! Gestalte deine eigenen trendigen L.O.L.-Charm-Armb\u00e4nder mit diesem kreativen Bastelset von SES Creative! Verwende die bunten Perlen, Gummib\u00e4nder und niedlichen L.O.L.-Charms, um einzigartigen Schmuck zu entwerfen, der ganz deinem Stil entspricht. Perfekt f\u00fcr Kinder ab 6 Jahren, die Mode, Freundschaft und glitzernde Kreativit\u00e4t lieben. Was dieses Set [&hellip;]<\/p>\n","protected":false},"featured_media":95336,"comment_status":"closed","ping_status":"closed","template":"","meta":{"_acf_changed":false},"product_brand":[],"product_cat":[115],"product_tag":[],"class_list":{"0":"post-114689","1":"product","2":"type-product","3":"status-publish","4":"has-post-thumbnail","6":"product_cat-basteln","7":"pa_collecties-l-o-l","8":"pa_leeftijd-filter-4-6-jahre","9":"pa_meest-populair-bij-maedchen","11":"first","12":"instock","13":"shipping-taxable","14":"product-type-simple"},"acf":[],"yoast_head":"<!-- This site is optimized with the Yoast SEO plugin v27.2 - https:\/\/yoast.com\/product\/yoast-seo-wordpress\/ -->\n<title>L.O.L. - Amulettarmb\u00e4nder - SES Creative<\/title>\n<meta name=\"robots\" content=\"index, follow, max-snippet:-1, max-image-preview:large, max-video-preview:-1\" \/>\n<link rel=\"canonical\" href=\"https:\/\/ses-creative.com\/de\/produkt\/l-o-l-amulettarmbaender\/\" \/>\n<meta property=\"og:locale\" content=\"de_DE\" \/>\n<meta property=\"og:type\" content=\"article\" \/>\n<meta property=\"og:title\" content=\"L.O.L. - Amulettarmb\u00e4nder - SES Creative\" \/>\n<meta property=\"og:description\" content=\"L.O.L. \u2013 Charmante Armb\u00e4nder: Entwerfen Sie Ihren eigenen L.O.L.-Schmuck! Gestalte deine eigenen trendigen L.O.L.-Charm-Armb\u00e4nder mit diesem kreativen Bastelset von SES Creative! Verwende die bunten Perlen, Gummib\u00e4nder und niedlichen L.O.L.-Charms, um einzigartigen Schmuck zu entwerfen, der ganz deinem Stil entspricht. Perfekt f\u00fcr Kinder ab 6 Jahren, die Mode, Freundschaft und glitzernde Kreativit\u00e4t lieben. Was dieses Set [&hellip;]\" \/>\n<meta property=\"og:url\" content=\"https:\/\/ses-creative.com\/de\/produkt\/l-o-l-amulettarmbaender\/\" \/>\n<meta property=\"og:site_name\" content=\"SES Creative\" \/>\n<meta property=\"article:modified_time\" content=\"2026-02-06T09:51:39+00:00\" \/>\n<meta name=\"twitter:card\" content=\"summary_large_image\" \/>\n<meta name=\"twitter:label1\" content=\"Gesch\u00e4tzte Lesezeit\" \/>\n\t<meta name=\"twitter:data1\" content=\"2\u00a0Minuten\" \/>\n<script type=\"application\/ld+json\" class=\"yoast-schema-graph\">{\"@context\":\"https:\/\/schema.org\",\"@graph\":[{\"@type\":\"WebPage\",\"@id\":\"https:\/\/ses-creative.com\/de\/produkt\/l-o-l-amulettarmbaender\/\",\"url\":\"https:\/\/ses-creative.com\/de\/produkt\/l-o-l-amulettarmbaender\/\",\"name\":\"L.O.L. - Amulettarmb\u00e4nder - SES Creative\",\"isPartOf\":{\"@id\":\"https:\/\/ses-creative.com\/#website\"},\"primaryImageOfPage\":{\"@id\":\"https:\/\/ses-creative.com\/de\/produkt\/l-o-l-amulettarmbaender\/#primaryimage\"},\"image\":{\"@id\":\"https:\/\/ses-creative.com\/de\/produkt\/l-o-l-amulettarmbaender\/#primaryimage\"},\"thumbnailUrl\":\"https:\/\/ses-creative.com\/wp-content\/uploads\/2026\/01\/141961.jpg\",\"datePublished\":\"2026-02-05T13:52:42+00:00\",\"dateModified\":\"2026-02-06T09:51:39+00:00\",\"breadcrumb\":{\"@id\":\"https:\/\/ses-creative.com\/de\/produkt\/l-o-l-amulettarmbaender\/#breadcrumb\"},\"inLanguage\":\"de\",\"potentialAction\":[{\"@type\":\"ReadAction\",\"target\":[\"https:\/\/ses-creative.com\/de\/produkt\/l-o-l-amulettarmbaender\/\"]}]},{\"@type\":\"ImageObject\",\"inLanguage\":\"de\",\"@id\":\"https:\/\/ses-creative.com\/de\/produkt\/l-o-l-amulettarmbaender\/#primaryimage\",\"url\":\"https:\/\/ses-creative.com\/wp-content\/uploads\/2026\/01\/141961.jpg\",\"contentUrl\":\"https:\/\/ses-creative.com\/wp-content\/uploads\/2026\/01\/141961.jpg\",\"width\":1000,\"height\":1000},{\"@type\":\"BreadcrumbList\",\"@id\":\"https:\/\/ses-creative.com\/de\/produkt\/l-o-l-amulettarmbaender\/#breadcrumb\",\"itemListElement\":[{\"@type\":\"ListItem\",\"position\":1,\"name\":\"Shop\",\"item\":\"https:\/\/ses-creative.com\/de\/shop\/\"},{\"@type\":\"ListItem\",\"position\":2,\"name\":\"Basteln\",\"item\":\"https:\/\/ses-creative.com\/de\/product-categorie\/basteln\/\"},{\"@type\":\"ListItem\",\"position\":3,\"name\":\"L.O.L. &#8211; Amulettarmb\u00e4nder\"}]},{\"@type\":\"WebSite\",\"@id\":\"https:\/\/ses-creative.com\/#website\",\"url\":\"https:\/\/ses-creative.com\/\",\"name\":\"SES Creative\",\"description\":\"\",\"publisher\":{\"@id\":\"https:\/\/ses-creative.com\/#organization\"},\"potentialAction\":[{\"@type\":\"SearchAction\",\"target\":{\"@type\":\"EntryPoint\",\"urlTemplate\":\"https:\/\/ses-creative.com\/?s={search_term_string}\"},\"query-input\":{\"@type\":\"PropertyValueSpecification\",\"valueRequired\":true,\"valueName\":\"search_term_string\"}}],\"inLanguage\":\"de\"},{\"@type\":\"Organization\",\"@id\":\"https:\/\/ses-creative.com\/#organization\",\"name\":\"SES Creative\",\"url\":\"https:\/\/ses-creative.com\/\",\"logo\":{\"@type\":\"ImageObject\",\"inLanguage\":\"de\",\"@id\":\"https:\/\/ses-creative.com\/#\/schema\/logo\/image\/\",\"url\":\"https:\/\/ses-creative.com\/wp-content\/uploads\/2025\/10\/ses-creative-logo.jpg\",\"contentUrl\":\"https:\/\/ses-creative.com\/wp-content\/uploads\/2025\/10\/ses-creative-logo.jpg\",\"width\":2037,\"height\":2037,\"caption\":\"SES Creative\"},\"image\":{\"@id\":\"https:\/\/ses-creative.com\/#\/schema\/logo\/image\/\"}}]}<\/script>\n<!-- \/ Yoast SEO plugin. -->","yoast_head_json":{"title":"L.O.L. - Amulettarmb\u00e4nder - SES Creative","robots":{"index":"index","follow":"follow","max-snippet":"max-snippet:-1","max-image-preview":"max-image-preview:large","max-video-preview":"max-video-preview:-1"},"canonical":"https:\/\/ses-creative.com\/de\/produkt\/l-o-l-amulettarmbaender\/","og_locale":"de_DE","og_type":"article","og_title":"L.O.L. - Amulettarmb\u00e4nder - SES Creative","og_description":"L.O.L. \u2013 Charmante Armb\u00e4nder: Entwerfen Sie Ihren eigenen L.O.L.-Schmuck! Gestalte deine eigenen trendigen L.O.L.-Charm-Armb\u00e4nder mit diesem kreativen Bastelset von SES Creative! Verwende die bunten Perlen, Gummib\u00e4nder und niedlichen L.O.L.-Charms, um einzigartigen Schmuck zu entwerfen, der ganz deinem Stil entspricht. Perfekt f\u00fcr Kinder ab 6 Jahren, die Mode, Freundschaft und glitzernde Kreativit\u00e4t lieben. Was dieses Set [&hellip;]","og_url":"https:\/\/ses-creative.com\/de\/produkt\/l-o-l-amulettarmbaender\/","og_site_name":"SES Creative","article_modified_time":"2026-02-06T09:51:39+00:00","twitter_card":"summary_large_image","twitter_misc":{"Gesch\u00e4tzte Lesezeit":"2\u00a0Minuten"},"schema":{"@context":"https:\/\/schema.org","@graph":[{"@type":"WebPage","@id":"https:\/\/ses-creative.com\/de\/produkt\/l-o-l-amulettarmbaender\/","url":"https:\/\/ses-creative.com\/de\/produkt\/l-o-l-amulettarmbaender\/","name":"L.O.L. - Amulettarmb\u00e4nder - SES Creative","isPartOf":{"@id":"https:\/\/ses-creative.com\/#website"},"primaryImageOfPage":{"@id":"https:\/\/ses-creative.com\/de\/produkt\/l-o-l-amulettarmbaender\/#primaryimage"},"image":{"@id":"https:\/\/ses-creative.com\/de\/produkt\/l-o-l-amulettarmbaender\/#primaryimage"},"thumbnailUrl":"https:\/\/ses-creative.com\/wp-content\/uploads\/2026\/01\/141961.jpg","datePublished":"2026-02-05T13:52:42+00:00","dateModified":"2026-02-06T09:51:39+00:00","breadcrumb":{"@id":"https:\/\/ses-creative.com\/de\/produkt\/l-o-l-amulettarmbaender\/#breadcrumb"},"inLanguage":"de","potentialAction":[{"@type":"ReadAction","target":["https:\/\/ses-creative.com\/de\/produkt\/l-o-l-amulettarmbaender\/"]}]},{"@type":"ImageObject","inLanguage":"de","@id":"https:\/\/ses-creative.com\/de\/produkt\/l-o-l-amulettarmbaender\/#primaryimage","url":"https:\/\/ses-creative.com\/wp-content\/uploads\/2026\/01\/141961.jpg","contentUrl":"https:\/\/ses-creative.com\/wp-content\/uploads\/2026\/01\/141961.jpg","width":1000,"height":1000},{"@type":"BreadcrumbList","@id":"https:\/\/ses-creative.com\/de\/produkt\/l-o-l-amulettarmbaender\/#breadcrumb","itemListElement":[{"@type":"ListItem","position":1,"name":"Shop","item":"https:\/\/ses-creative.com\/de\/shop\/"},{"@type":"ListItem","position":2,"name":"Basteln","item":"https:\/\/ses-creative.com\/de\/product-categorie\/basteln\/"},{"@type":"ListItem","position":3,"name":"L.O.L. &#8211; Amulettarmb\u00e4nder"}]},{"@type":"WebSite","@id":"https:\/\/ses-creative.com\/#website","url":"https:\/\/ses-creative.com\/","name":"SES Creative","description":"","publisher":{"@id":"https:\/\/ses-creative.com\/#organization"},"potentialAction":[{"@type":"SearchAction","target":{"@type":"EntryPoint","urlTemplate":"https:\/\/ses-creative.com\/?s={search_term_string}"},"query-input":{"@type":"PropertyValueSpecification","valueRequired":true,"valueName":"search_term_string"}}],"inLanguage":"de"},{"@type":"Organization","@id":"https:\/\/ses-creative.com\/#organization","name":"SES Creative","url":"https:\/\/ses-creative.com\/","logo":{"@type":"ImageObject","inLanguage":"de","@id":"https:\/\/ses-creative.com\/#\/schema\/logo\/image\/","url":"https:\/\/ses-creative.com\/wp-content\/uploads\/2025\/10\/ses-creative-logo.jpg","contentUrl":"https:\/\/ses-creative.com\/wp-content\/uploads\/2025\/10\/ses-creative-logo.jpg","width":2037,"height":2037,"caption":"SES Creative"},"image":{"@id":"https:\/\/ses-creative.com\/#\/schema\/logo\/image\/"}}]}},"_links":{"self":[{"href":"https:\/\/ses-creative.com\/de\/wp-json\/wp\/v2\/product\/114689","targetHints":{"allow":["GET"]}}],"collection":[{"href":"https:\/\/ses-creative.com\/de\/wp-json\/wp\/v2\/product"}],"about":[{"href":"https:\/\/ses-creative.com\/de\/wp-json\/wp\/v2\/types\/product"}],"replies":[{"embeddable":true,"href":"https:\/\/ses-creative.com\/de\/wp-json\/wp\/v2\/comments?post=114689"}],"wp:featuredmedia":[{"embeddable":true,"href":"https:\/\/ses-creative.com\/de\/wp-json\/wp\/v2\/media\/95336"}],"wp:attachment":[{"href":"https:\/\/ses-creative.com\/de\/wp-json\/wp\/v2\/media?parent=114689"}],"wp:term":[{"taxonomy":"product_brand","embeddable":true,"href":"https:\/\/ses-creative.com\/de\/wp-json\/wp\/v2\/product_brand?post=114689"},{"taxonomy":"product_cat","embeddable":true,"href":"https:\/\/ses-creative.com\/de\/wp-json\/wp\/v2\/product_cat?post=114689"},{"taxonomy":"product_tag","embeddable":true,"href":"https:\/\/ses-creative.com\/de\/wp-json\/wp\/v2\/product_tag?post=114689"}],"curies":[{"name":"wp","href":"https:\/\/api.w.org\/{rel}","templated":true}]}}