











{"id":114688,"date":"2026-02-05T13:52:42","date_gmt":"2026-02-05T13:52:42","guid":{"rendered":"https:\/\/ses-creative.com\/?post_type=product&#038;p=114688"},"modified":"2026-02-06T09:51:39","modified_gmt":"2026-02-06T09:51:39","slug":"l-o-l-diamantenmosaik","status":"publish","type":"product","link":"https:\/\/ses-creative.com\/de\/produkt\/l-o-l-diamantenmosaik\/","title":{"rendered":"L.O.L. &#8211; Diamantenmosaik"},"content":{"rendered":"<p>L.O.L. \u2013 Diamant-Mosaik: Lass deine Kreativit\u00e4t gl\u00e4nzen!<\/p>\n<p>Glitzer, Glamour und deine Lieblingscharaktere von L.O.L. Surprise \u2013 das bekommst du mit dem Diamant-Mosaik-Set von SES Creative! Verzieren Sie die bunten Mosaikkarten mit funkelnden Diamantstickern und erwecken Sie Ihre L.O.L.-Welt zum Leben. Perfekt f\u00fcr Kinder ab 6 Jahren, die gerne basteln und glitzernde Designs lieben.<\/p>\n<p>Was dieses Set so toll macht<\/p>\n<p>5 farbenfrohe Mosaikkarten mit L.O.L. Surprise-Motiven<br \/>\n4 Farben Diamant-Sticker f\u00fcr ein funkelndes Ergebnis<br \/>\nEinfach und ohne Kleber \u2013 Aufkleber auf die markierten Stellen kleben<br \/>\nF\u00f6rdert die Feinmotorik, Konzentration und das kreative Selbstvertrauen<br \/>\nIdeal f\u00fcr junge Fans von L.O.L. und Glitzer<\/p>\n<p>Glitzernder Bastelspa\u00df f\u00fcr jeden Moment<\/p>\n<p>Mit diesem Set k\u00f6nnen Kinder ihre eigenen funkelnden Kunstwerke schaffen. Jede Mosaikkarte ist eine Leinwand voller Farbe und Charakter \u2013 bereit, in ein gl\u00e4nzendes Meisterwerk verwandelt zu werden. Perfekt zum Teilen, Aufh\u00e4ngen oder Verschenken an einen Freund oder eine Freundin.<\/p>\n<p>Inhalt des Sets<\/p>\n<p>5 Mosaikkarten<br \/>\n4 farbige Diamantaufkleber<\/p>\n<p>Warum SES Creative w\u00e4hlen?<\/p>\n<p>Bei SES Creative legen wir gro\u00dfen Wert auf Sicherheit. Deshalb werden die Produkte in unserem Werk in den Niederlanden nach den strengsten europ\u00e4ischen Sicherheitsnormen hergestellt und getestet. Spielzeug von SES Creative sorgt f\u00fcr Spa\u00df und soll Kindern ein Gef\u00fchl des Stolzes auf ihre Arbeit vermitteln, was ihre Kreativit\u00e4t und Entwicklung f\u00f6rdert.<\/p>\n<p>Beginnen Sie noch heute mit Ihrem funkelnden L.O.L.-Mosaik<\/p>\n<p>Schnapp dir deine Diamanten, w\u00e4hle eine Karte und lass deiner Kreativit\u00e4t freien Lauf! Mit diesem Set erschaffst du eine glitzernde L.O.L.-Welt, in der deine Fantasie die Hauptrolle spielt.<\/p>\n","protected":false},"excerpt":{"rendered":"<p>L.O.L. \u2013 Diamant-Mosaik: Lass deine Kreativit\u00e4t gl\u00e4nzen! Glitzer, Glamour und deine Lieblingscharaktere von L.O.L. Surprise \u2013 das bekommst du mit dem Diamant-Mosaik-Set von SES Creative! Verzieren Sie die bunten Mosaikkarten mit funkelnden Diamantstickern und erwecken Sie Ihre L.O.L.-Welt zum Leben. Perfekt f\u00fcr Kinder ab 6 Jahren, die gerne basteln und glitzernde Designs lieben. Was dieses [&hellip;]<\/p>\n","protected":false},"featured_media":95316,"comment_status":"closed","ping_status":"closed","template":"","meta":{"_acf_changed":false},"product_brand":[],"product_cat":[115],"product_tag":[],"class_list":{"0":"post-114688","1":"product","2":"type-product","3":"status-publish","4":"has-post-thumbnail","6":"product_cat-basteln","7":"pa_collecties-l-o-l","8":"pa_leeftijd-filter-4-6-jahre","9":"pa_meest-populair-bij-maedchen","11":"first","12":"instock","13":"shipping-taxable","14":"product-type-simple"},"acf":[],"yoast_head":"<!-- This site is optimized with the Yoast SEO plugin v27.2 - https:\/\/yoast.com\/product\/yoast-seo-wordpress\/ -->\n<title>L.O.L. - Diamantenmosaik - SES Creative<\/title>\n<meta name=\"robots\" content=\"index, follow, max-snippet:-1, max-image-preview:large, max-video-preview:-1\" \/>\n<link rel=\"canonical\" href=\"https:\/\/ses-creative.com\/de\/produkt\/l-o-l-diamantenmosaik\/\" \/>\n<meta property=\"og:locale\" content=\"de_DE\" \/>\n<meta property=\"og:type\" content=\"article\" \/>\n<meta property=\"og:title\" content=\"L.O.L. - Diamantenmosaik - SES Creative\" \/>\n<meta property=\"og:description\" content=\"L.O.L. \u2013 Diamant-Mosaik: Lass deine Kreativit\u00e4t gl\u00e4nzen! Glitzer, Glamour und deine Lieblingscharaktere von L.O.L. Surprise \u2013 das bekommst du mit dem Diamant-Mosaik-Set von SES Creative! Verzieren Sie die bunten Mosaikkarten mit funkelnden Diamantstickern und erwecken Sie Ihre L.O.L.-Welt zum Leben. Perfekt f\u00fcr Kinder ab 6 Jahren, die gerne basteln und glitzernde Designs lieben. Was dieses [&hellip;]\" \/>\n<meta property=\"og:url\" content=\"https:\/\/ses-creative.com\/de\/produkt\/l-o-l-diamantenmosaik\/\" \/>\n<meta property=\"og:site_name\" content=\"SES Creative\" \/>\n<meta property=\"article:modified_time\" content=\"2026-02-06T09:51:39+00:00\" \/>\n<meta name=\"twitter:card\" content=\"summary_large_image\" \/>\n<meta name=\"twitter:label1\" content=\"Gesch\u00e4tzte Lesezeit\" \/>\n\t<meta name=\"twitter:data1\" content=\"1\u00a0Minute\" \/>\n<script type=\"application\/ld+json\" class=\"yoast-schema-graph\">{\"@context\":\"https:\/\/schema.org\",\"@graph\":[{\"@type\":\"WebPage\",\"@id\":\"https:\/\/ses-creative.com\/de\/produkt\/l-o-l-diamantenmosaik\/\",\"url\":\"https:\/\/ses-creative.com\/de\/produkt\/l-o-l-diamantenmosaik\/\",\"name\":\"L.O.L. - Diamantenmosaik - SES Creative\",\"isPartOf\":{\"@id\":\"https:\/\/ses-creative.com\/#website\"},\"primaryImageOfPage\":{\"@id\":\"https:\/\/ses-creative.com\/de\/produkt\/l-o-l-diamantenmosaik\/#primaryimage\"},\"image\":{\"@id\":\"https:\/\/ses-creative.com\/de\/produkt\/l-o-l-diamantenmosaik\/#primaryimage\"},\"thumbnailUrl\":\"https:\/\/ses-creative.com\/wp-content\/uploads\/2026\/01\/141951.jpg\",\"datePublished\":\"2026-02-05T13:52:42+00:00\",\"dateModified\":\"2026-02-06T09:51:39+00:00\",\"breadcrumb\":{\"@id\":\"https:\/\/ses-creative.com\/de\/produkt\/l-o-l-diamantenmosaik\/#breadcrumb\"},\"inLanguage\":\"de\",\"potentialAction\":[{\"@type\":\"ReadAction\",\"target\":[\"https:\/\/ses-creative.com\/de\/produkt\/l-o-l-diamantenmosaik\/\"]}]},{\"@type\":\"ImageObject\",\"inLanguage\":\"de\",\"@id\":\"https:\/\/ses-creative.com\/de\/produkt\/l-o-l-diamantenmosaik\/#primaryimage\",\"url\":\"https:\/\/ses-creative.com\/wp-content\/uploads\/2026\/01\/141951.jpg\",\"contentUrl\":\"https:\/\/ses-creative.com\/wp-content\/uploads\/2026\/01\/141951.jpg\",\"width\":1000,\"height\":1000},{\"@type\":\"BreadcrumbList\",\"@id\":\"https:\/\/ses-creative.com\/de\/produkt\/l-o-l-diamantenmosaik\/#breadcrumb\",\"itemListElement\":[{\"@type\":\"ListItem\",\"position\":1,\"name\":\"Shop\",\"item\":\"https:\/\/ses-creative.com\/de\/shop\/\"},{\"@type\":\"ListItem\",\"position\":2,\"name\":\"Basteln\",\"item\":\"https:\/\/ses-creative.com\/de\/product-categorie\/basteln\/\"},{\"@type\":\"ListItem\",\"position\":3,\"name\":\"L.O.L. &#8211; Diamantenmosaik\"}]},{\"@type\":\"WebSite\",\"@id\":\"https:\/\/ses-creative.com\/#website\",\"url\":\"https:\/\/ses-creative.com\/\",\"name\":\"SES Creative\",\"description\":\"\",\"publisher\":{\"@id\":\"https:\/\/ses-creative.com\/#organization\"},\"potentialAction\":[{\"@type\":\"SearchAction\",\"target\":{\"@type\":\"EntryPoint\",\"urlTemplate\":\"https:\/\/ses-creative.com\/?s={search_term_string}\"},\"query-input\":{\"@type\":\"PropertyValueSpecification\",\"valueRequired\":true,\"valueName\":\"search_term_string\"}}],\"inLanguage\":\"de\"},{\"@type\":\"Organization\",\"@id\":\"https:\/\/ses-creative.com\/#organization\",\"name\":\"SES Creative\",\"url\":\"https:\/\/ses-creative.com\/\",\"logo\":{\"@type\":\"ImageObject\",\"inLanguage\":\"de\",\"@id\":\"https:\/\/ses-creative.com\/#\/schema\/logo\/image\/\",\"url\":\"https:\/\/ses-creative.com\/wp-content\/uploads\/2025\/10\/ses-creative-logo.jpg\",\"contentUrl\":\"https:\/\/ses-creative.com\/wp-content\/uploads\/2025\/10\/ses-creative-logo.jpg\",\"width\":2037,\"height\":2037,\"caption\":\"SES Creative\"},\"image\":{\"@id\":\"https:\/\/ses-creative.com\/#\/schema\/logo\/image\/\"}}]}<\/script>\n<!-- \/ Yoast SEO plugin. -->","yoast_head_json":{"title":"L.O.L. - Diamantenmosaik - SES Creative","robots":{"index":"index","follow":"follow","max-snippet":"max-snippet:-1","max-image-preview":"max-image-preview:large","max-video-preview":"max-video-preview:-1"},"canonical":"https:\/\/ses-creative.com\/de\/produkt\/l-o-l-diamantenmosaik\/","og_locale":"de_DE","og_type":"article","og_title":"L.O.L. - Diamantenmosaik - SES Creative","og_description":"L.O.L. \u2013 Diamant-Mosaik: Lass deine Kreativit\u00e4t gl\u00e4nzen! Glitzer, Glamour und deine Lieblingscharaktere von L.O.L. Surprise \u2013 das bekommst du mit dem Diamant-Mosaik-Set von SES Creative! Verzieren Sie die bunten Mosaikkarten mit funkelnden Diamantstickern und erwecken Sie Ihre L.O.L.-Welt zum Leben. Perfekt f\u00fcr Kinder ab 6 Jahren, die gerne basteln und glitzernde Designs lieben. Was dieses [&hellip;]","og_url":"https:\/\/ses-creative.com\/de\/produkt\/l-o-l-diamantenmosaik\/","og_site_name":"SES Creative","article_modified_time":"2026-02-06T09:51:39+00:00","twitter_card":"summary_large_image","twitter_misc":{"Gesch\u00e4tzte Lesezeit":"1\u00a0Minute"},"schema":{"@context":"https:\/\/schema.org","@graph":[{"@type":"WebPage","@id":"https:\/\/ses-creative.com\/de\/produkt\/l-o-l-diamantenmosaik\/","url":"https:\/\/ses-creative.com\/de\/produkt\/l-o-l-diamantenmosaik\/","name":"L.O.L. - Diamantenmosaik - SES Creative","isPartOf":{"@id":"https:\/\/ses-creative.com\/#website"},"primaryImageOfPage":{"@id":"https:\/\/ses-creative.com\/de\/produkt\/l-o-l-diamantenmosaik\/#primaryimage"},"image":{"@id":"https:\/\/ses-creative.com\/de\/produkt\/l-o-l-diamantenmosaik\/#primaryimage"},"thumbnailUrl":"https:\/\/ses-creative.com\/wp-content\/uploads\/2026\/01\/141951.jpg","datePublished":"2026-02-05T13:52:42+00:00","dateModified":"2026-02-06T09:51:39+00:00","breadcrumb":{"@id":"https:\/\/ses-creative.com\/de\/produkt\/l-o-l-diamantenmosaik\/#breadcrumb"},"inLanguage":"de","potentialAction":[{"@type":"ReadAction","target":["https:\/\/ses-creative.com\/de\/produkt\/l-o-l-diamantenmosaik\/"]}]},{"@type":"ImageObject","inLanguage":"de","@id":"https:\/\/ses-creative.com\/de\/produkt\/l-o-l-diamantenmosaik\/#primaryimage","url":"https:\/\/ses-creative.com\/wp-content\/uploads\/2026\/01\/141951.jpg","contentUrl":"https:\/\/ses-creative.com\/wp-content\/uploads\/2026\/01\/141951.jpg","width":1000,"height":1000},{"@type":"BreadcrumbList","@id":"https:\/\/ses-creative.com\/de\/produkt\/l-o-l-diamantenmosaik\/#breadcrumb","itemListElement":[{"@type":"ListItem","position":1,"name":"Shop","item":"https:\/\/ses-creative.com\/de\/shop\/"},{"@type":"ListItem","position":2,"name":"Basteln","item":"https:\/\/ses-creative.com\/de\/product-categorie\/basteln\/"},{"@type":"ListItem","position":3,"name":"L.O.L. &#8211; Diamantenmosaik"}]},{"@type":"WebSite","@id":"https:\/\/ses-creative.com\/#website","url":"https:\/\/ses-creative.com\/","name":"SES Creative","description":"","publisher":{"@id":"https:\/\/ses-creative.com\/#organization"},"potentialAction":[{"@type":"SearchAction","target":{"@type":"EntryPoint","urlTemplate":"https:\/\/ses-creative.com\/?s={search_term_string}"},"query-input":{"@type":"PropertyValueSpecification","valueRequired":true,"valueName":"search_term_string"}}],"inLanguage":"de"},{"@type":"Organization","@id":"https:\/\/ses-creative.com\/#organization","name":"SES Creative","url":"https:\/\/ses-creative.com\/","logo":{"@type":"ImageObject","inLanguage":"de","@id":"https:\/\/ses-creative.com\/#\/schema\/logo\/image\/","url":"https:\/\/ses-creative.com\/wp-content\/uploads\/2025\/10\/ses-creative-logo.jpg","contentUrl":"https:\/\/ses-creative.com\/wp-content\/uploads\/2025\/10\/ses-creative-logo.jpg","width":2037,"height":2037,"caption":"SES Creative"},"image":{"@id":"https:\/\/ses-creative.com\/#\/schema\/logo\/image\/"}}]}},"_links":{"self":[{"href":"https:\/\/ses-creative.com\/de\/wp-json\/wp\/v2\/product\/114688","targetHints":{"allow":["GET"]}}],"collection":[{"href":"https:\/\/ses-creative.com\/de\/wp-json\/wp\/v2\/product"}],"about":[{"href":"https:\/\/ses-creative.com\/de\/wp-json\/wp\/v2\/types\/product"}],"replies":[{"embeddable":true,"href":"https:\/\/ses-creative.com\/de\/wp-json\/wp\/v2\/comments?post=114688"}],"wp:featuredmedia":[{"embeddable":true,"href":"https:\/\/ses-creative.com\/de\/wp-json\/wp\/v2\/media\/95316"}],"wp:attachment":[{"href":"https:\/\/ses-creative.com\/de\/wp-json\/wp\/v2\/media?parent=114688"}],"wp:term":[{"taxonomy":"product_brand","embeddable":true,"href":"https:\/\/ses-creative.com\/de\/wp-json\/wp\/v2\/product_brand?post=114688"},{"taxonomy":"product_cat","embeddable":true,"href":"https:\/\/ses-creative.com\/de\/wp-json\/wp\/v2\/product_cat?post=114688"},{"taxonomy":"product_tag","embeddable":true,"href":"https:\/\/ses-creative.com\/de\/wp-json\/wp\/v2\/product_tag?post=114688"}],"curies":[{"name":"wp","href":"https:\/\/api.w.org\/{rel}","templated":true}]}}