











{"id":114686,"date":"2026-02-05T13:52:41","date_gmt":"2026-02-05T13:52:41","guid":{"rendered":"https:\/\/ses-creative.com\/?post_type=product&#038;p=114686"},"modified":"2026-02-06T09:51:39","modified_gmt":"2026-02-06T09:51:39","slug":"l-o-l-metallische-tattoos","status":"publish","type":"product","link":"https:\/\/ses-creative.com\/de\/produkt\/l-o-l-metallische-tattoos\/","title":{"rendered":"L.O.L. &#8211; Metallische Tattoos"},"content":{"rendered":"<p>L.O.L. \u2013 Metallic-Tattoos: Lass deinen Stil gl\u00e4nzen!<\/p>\n<p>Mit den L.O.L. \u2013 Metallic Tattoos von SES Creative verleihst du deinem Look einen zus\u00e4tzlichen Hauch von Glamour! Diese tempor\u00e4ren Tattoos sind mit coolen L.O.L. Surprise-Figuren und einem gl\u00e4nzenden Metallic-Finish versehen. Perfekt f\u00fcr Kinder ab 6 Jahren, die Mode, Glitzer und ihren eigenen Stil lieben.<\/p>\n<p>Was dieses Set so toll macht<\/p>\n<p>2 Tattoo-B\u00f6gen mit metallischen L.O.L. Surprise-Motiven<br \/>\nMetallic-Finish f\u00fcr einen luxuri\u00f6sen, glitzernden Look<br \/>\nEinfach anzubringen und wieder zu entfernen<br \/>\nHautvertr\u00e4glich \u2013 ideal f\u00fcr junge Modefans<br \/>\nPerfekt f\u00fcr Partys, Verkleidungen oder einfach nur zum Spa\u00df<\/p>\n<p>Glitzern Sie mit Ihren Lieblingscharakteren von L.O.L.<\/p>\n<p>W\u00e4hle deine Lieblings-L.O.L.-Tattoos aus, bringe sie an und strahle! Kinder k\u00f6nnen ihren Stil mit farbenfrohen, gl\u00e4nzenden Tattoos ausdr\u00fccken, die zu jedem Outfit passen. Eine superlustige Art, auf einer Party oder einfach zu Hause beim Basteln zu gl\u00e4nzen.<\/p>\n<p>Inhalt des Sets<\/p>\n<p>2 Tattoo-B\u00f6gen mit metallischen L.O.L. Surprise-Tattoos<\/p>\n<p>Warum SES Creative w\u00e4hlen?<\/p>\n<p>Bei SES Creative legen wir gro\u00dfen Wert auf Sicherheit. Deshalb werden die Produkte in unserem Werk in den Niederlanden nach den strengsten europ\u00e4ischen Sicherheitsstandards hergestellt und getestet. Spielzeug von SES Creative sorgt f\u00fcr Spa\u00df und soll Kindern ein Gef\u00fchl des Stolzes auf ihre Arbeit vermitteln, was ihre Kreativit\u00e4t und Entwicklung f\u00f6rdert.<\/p>\n<p>Beginnen Sie noch heute mit Ihren Metallic-Tattoos<\/p>\n<p>Hol dir das L.O.L. \u2013 Metallic Tattoos Set, w\u00e4hle deine Lieblingsdesigns aus und lass deine Haut glitzern! Eine funkelnde Aktivit\u00e4t voller Spa\u00df, Stil und Selbstentfaltung \u2013 genau so, wie du es m\u00f6chtest.<\/p>\n","protected":false},"excerpt":{"rendered":"<p>L.O.L. \u2013 Metallic-Tattoos: Lass deinen Stil gl\u00e4nzen! Mit den L.O.L. \u2013 Metallic Tattoos von SES Creative verleihst du deinem Look einen zus\u00e4tzlichen Hauch von Glamour! Diese tempor\u00e4ren Tattoos sind mit coolen L.O.L. Surprise-Figuren und einem gl\u00e4nzenden Metallic-Finish versehen. Perfekt f\u00fcr Kinder ab 6 Jahren, die Mode, Glitzer und ihren eigenen Stil lieben. Was dieses Set [&hellip;]<\/p>\n","protected":false},"featured_media":95276,"comment_status":"closed","ping_status":"closed","template":"","meta":{"_acf_changed":false},"product_brand":[],"product_cat":[115],"product_tag":[],"class_list":{"0":"post-114686","1":"product","2":"type-product","3":"status-publish","4":"has-post-thumbnail","6":"product_cat-basteln","7":"pa_collecties-l-o-l","8":"pa_leeftijd-filter-4-6-jahre","9":"pa_meest-populair-bij-maedchen","11":"first","12":"instock","13":"shipping-taxable","14":"product-type-simple"},"acf":[],"yoast_head":"<!-- This site is optimized with the Yoast SEO plugin v27.2 - https:\/\/yoast.com\/product\/yoast-seo-wordpress\/ -->\n<title>L.O.L. - Metallische Tattoos - SES Creative<\/title>\n<meta name=\"robots\" content=\"index, follow, max-snippet:-1, max-image-preview:large, max-video-preview:-1\" \/>\n<link rel=\"canonical\" href=\"https:\/\/ses-creative.com\/de\/produkt\/l-o-l-metallische-tattoos\/\" \/>\n<meta property=\"og:locale\" content=\"de_DE\" \/>\n<meta property=\"og:type\" content=\"article\" \/>\n<meta property=\"og:title\" content=\"L.O.L. - Metallische Tattoos - SES Creative\" \/>\n<meta property=\"og:description\" content=\"L.O.L. \u2013 Metallic-Tattoos: Lass deinen Stil gl\u00e4nzen! Mit den L.O.L. \u2013 Metallic Tattoos von SES Creative verleihst du deinem Look einen zus\u00e4tzlichen Hauch von Glamour! Diese tempor\u00e4ren Tattoos sind mit coolen L.O.L. Surprise-Figuren und einem gl\u00e4nzenden Metallic-Finish versehen. Perfekt f\u00fcr Kinder ab 6 Jahren, die Mode, Glitzer und ihren eigenen Stil lieben. Was dieses Set [&hellip;]\" \/>\n<meta property=\"og:url\" content=\"https:\/\/ses-creative.com\/de\/produkt\/l-o-l-metallische-tattoos\/\" \/>\n<meta property=\"og:site_name\" content=\"SES Creative\" \/>\n<meta property=\"article:modified_time\" content=\"2026-02-06T09:51:39+00:00\" \/>\n<meta name=\"twitter:card\" content=\"summary_large_image\" \/>\n<meta name=\"twitter:label1\" content=\"Gesch\u00e4tzte Lesezeit\" \/>\n\t<meta name=\"twitter:data1\" content=\"1\u00a0Minute\" \/>\n<script type=\"application\/ld+json\" class=\"yoast-schema-graph\">{\"@context\":\"https:\/\/schema.org\",\"@graph\":[{\"@type\":\"WebPage\",\"@id\":\"https:\/\/ses-creative.com\/de\/produkt\/l-o-l-metallische-tattoos\/\",\"url\":\"https:\/\/ses-creative.com\/de\/produkt\/l-o-l-metallische-tattoos\/\",\"name\":\"L.O.L. - Metallische Tattoos - SES Creative\",\"isPartOf\":{\"@id\":\"https:\/\/ses-creative.com\/#website\"},\"primaryImageOfPage\":{\"@id\":\"https:\/\/ses-creative.com\/de\/produkt\/l-o-l-metallische-tattoos\/#primaryimage\"},\"image\":{\"@id\":\"https:\/\/ses-creative.com\/de\/produkt\/l-o-l-metallische-tattoos\/#primaryimage\"},\"thumbnailUrl\":\"https:\/\/ses-creative.com\/wp-content\/uploads\/2026\/01\/141921.jpg\",\"datePublished\":\"2026-02-05T13:52:41+00:00\",\"dateModified\":\"2026-02-06T09:51:39+00:00\",\"breadcrumb\":{\"@id\":\"https:\/\/ses-creative.com\/de\/produkt\/l-o-l-metallische-tattoos\/#breadcrumb\"},\"inLanguage\":\"de\",\"potentialAction\":[{\"@type\":\"ReadAction\",\"target\":[\"https:\/\/ses-creative.com\/de\/produkt\/l-o-l-metallische-tattoos\/\"]}]},{\"@type\":\"ImageObject\",\"inLanguage\":\"de\",\"@id\":\"https:\/\/ses-creative.com\/de\/produkt\/l-o-l-metallische-tattoos\/#primaryimage\",\"url\":\"https:\/\/ses-creative.com\/wp-content\/uploads\/2026\/01\/141921.jpg\",\"contentUrl\":\"https:\/\/ses-creative.com\/wp-content\/uploads\/2026\/01\/141921.jpg\",\"width\":1000,\"height\":1000},{\"@type\":\"BreadcrumbList\",\"@id\":\"https:\/\/ses-creative.com\/de\/produkt\/l-o-l-metallische-tattoos\/#breadcrumb\",\"itemListElement\":[{\"@type\":\"ListItem\",\"position\":1,\"name\":\"Shop\",\"item\":\"https:\/\/ses-creative.com\/de\/shop\/\"},{\"@type\":\"ListItem\",\"position\":2,\"name\":\"Basteln\",\"item\":\"https:\/\/ses-creative.com\/de\/product-categorie\/basteln\/\"},{\"@type\":\"ListItem\",\"position\":3,\"name\":\"L.O.L. &#8211; Metallische Tattoos\"}]},{\"@type\":\"WebSite\",\"@id\":\"https:\/\/ses-creative.com\/#website\",\"url\":\"https:\/\/ses-creative.com\/\",\"name\":\"SES Creative\",\"description\":\"\",\"publisher\":{\"@id\":\"https:\/\/ses-creative.com\/#organization\"},\"potentialAction\":[{\"@type\":\"SearchAction\",\"target\":{\"@type\":\"EntryPoint\",\"urlTemplate\":\"https:\/\/ses-creative.com\/?s={search_term_string}\"},\"query-input\":{\"@type\":\"PropertyValueSpecification\",\"valueRequired\":true,\"valueName\":\"search_term_string\"}}],\"inLanguage\":\"de\"},{\"@type\":\"Organization\",\"@id\":\"https:\/\/ses-creative.com\/#organization\",\"name\":\"SES Creative\",\"url\":\"https:\/\/ses-creative.com\/\",\"logo\":{\"@type\":\"ImageObject\",\"inLanguage\":\"de\",\"@id\":\"https:\/\/ses-creative.com\/#\/schema\/logo\/image\/\",\"url\":\"https:\/\/ses-creative.com\/wp-content\/uploads\/2025\/10\/ses-creative-logo.jpg\",\"contentUrl\":\"https:\/\/ses-creative.com\/wp-content\/uploads\/2025\/10\/ses-creative-logo.jpg\",\"width\":2037,\"height\":2037,\"caption\":\"SES Creative\"},\"image\":{\"@id\":\"https:\/\/ses-creative.com\/#\/schema\/logo\/image\/\"}}]}<\/script>\n<!-- \/ Yoast SEO plugin. -->","yoast_head_json":{"title":"L.O.L. - Metallische Tattoos - SES Creative","robots":{"index":"index","follow":"follow","max-snippet":"max-snippet:-1","max-image-preview":"max-image-preview:large","max-video-preview":"max-video-preview:-1"},"canonical":"https:\/\/ses-creative.com\/de\/produkt\/l-o-l-metallische-tattoos\/","og_locale":"de_DE","og_type":"article","og_title":"L.O.L. - Metallische Tattoos - SES Creative","og_description":"L.O.L. \u2013 Metallic-Tattoos: Lass deinen Stil gl\u00e4nzen! Mit den L.O.L. \u2013 Metallic Tattoos von SES Creative verleihst du deinem Look einen zus\u00e4tzlichen Hauch von Glamour! Diese tempor\u00e4ren Tattoos sind mit coolen L.O.L. Surprise-Figuren und einem gl\u00e4nzenden Metallic-Finish versehen. Perfekt f\u00fcr Kinder ab 6 Jahren, die Mode, Glitzer und ihren eigenen Stil lieben. Was dieses Set [&hellip;]","og_url":"https:\/\/ses-creative.com\/de\/produkt\/l-o-l-metallische-tattoos\/","og_site_name":"SES Creative","article_modified_time":"2026-02-06T09:51:39+00:00","twitter_card":"summary_large_image","twitter_misc":{"Gesch\u00e4tzte Lesezeit":"1\u00a0Minute"},"schema":{"@context":"https:\/\/schema.org","@graph":[{"@type":"WebPage","@id":"https:\/\/ses-creative.com\/de\/produkt\/l-o-l-metallische-tattoos\/","url":"https:\/\/ses-creative.com\/de\/produkt\/l-o-l-metallische-tattoos\/","name":"L.O.L. - Metallische Tattoos - SES Creative","isPartOf":{"@id":"https:\/\/ses-creative.com\/#website"},"primaryImageOfPage":{"@id":"https:\/\/ses-creative.com\/de\/produkt\/l-o-l-metallische-tattoos\/#primaryimage"},"image":{"@id":"https:\/\/ses-creative.com\/de\/produkt\/l-o-l-metallische-tattoos\/#primaryimage"},"thumbnailUrl":"https:\/\/ses-creative.com\/wp-content\/uploads\/2026\/01\/141921.jpg","datePublished":"2026-02-05T13:52:41+00:00","dateModified":"2026-02-06T09:51:39+00:00","breadcrumb":{"@id":"https:\/\/ses-creative.com\/de\/produkt\/l-o-l-metallische-tattoos\/#breadcrumb"},"inLanguage":"de","potentialAction":[{"@type":"ReadAction","target":["https:\/\/ses-creative.com\/de\/produkt\/l-o-l-metallische-tattoos\/"]}]},{"@type":"ImageObject","inLanguage":"de","@id":"https:\/\/ses-creative.com\/de\/produkt\/l-o-l-metallische-tattoos\/#primaryimage","url":"https:\/\/ses-creative.com\/wp-content\/uploads\/2026\/01\/141921.jpg","contentUrl":"https:\/\/ses-creative.com\/wp-content\/uploads\/2026\/01\/141921.jpg","width":1000,"height":1000},{"@type":"BreadcrumbList","@id":"https:\/\/ses-creative.com\/de\/produkt\/l-o-l-metallische-tattoos\/#breadcrumb","itemListElement":[{"@type":"ListItem","position":1,"name":"Shop","item":"https:\/\/ses-creative.com\/de\/shop\/"},{"@type":"ListItem","position":2,"name":"Basteln","item":"https:\/\/ses-creative.com\/de\/product-categorie\/basteln\/"},{"@type":"ListItem","position":3,"name":"L.O.L. &#8211; Metallische Tattoos"}]},{"@type":"WebSite","@id":"https:\/\/ses-creative.com\/#website","url":"https:\/\/ses-creative.com\/","name":"SES Creative","description":"","publisher":{"@id":"https:\/\/ses-creative.com\/#organization"},"potentialAction":[{"@type":"SearchAction","target":{"@type":"EntryPoint","urlTemplate":"https:\/\/ses-creative.com\/?s={search_term_string}"},"query-input":{"@type":"PropertyValueSpecification","valueRequired":true,"valueName":"search_term_string"}}],"inLanguage":"de"},{"@type":"Organization","@id":"https:\/\/ses-creative.com\/#organization","name":"SES Creative","url":"https:\/\/ses-creative.com\/","logo":{"@type":"ImageObject","inLanguage":"de","@id":"https:\/\/ses-creative.com\/#\/schema\/logo\/image\/","url":"https:\/\/ses-creative.com\/wp-content\/uploads\/2025\/10\/ses-creative-logo.jpg","contentUrl":"https:\/\/ses-creative.com\/wp-content\/uploads\/2025\/10\/ses-creative-logo.jpg","width":2037,"height":2037,"caption":"SES Creative"},"image":{"@id":"https:\/\/ses-creative.com\/#\/schema\/logo\/image\/"}}]}},"_links":{"self":[{"href":"https:\/\/ses-creative.com\/de\/wp-json\/wp\/v2\/product\/114686","targetHints":{"allow":["GET"]}}],"collection":[{"href":"https:\/\/ses-creative.com\/de\/wp-json\/wp\/v2\/product"}],"about":[{"href":"https:\/\/ses-creative.com\/de\/wp-json\/wp\/v2\/types\/product"}],"replies":[{"embeddable":true,"href":"https:\/\/ses-creative.com\/de\/wp-json\/wp\/v2\/comments?post=114686"}],"wp:featuredmedia":[{"embeddable":true,"href":"https:\/\/ses-creative.com\/de\/wp-json\/wp\/v2\/media\/95276"}],"wp:attachment":[{"href":"https:\/\/ses-creative.com\/de\/wp-json\/wp\/v2\/media?parent=114686"}],"wp:term":[{"taxonomy":"product_brand","embeddable":true,"href":"https:\/\/ses-creative.com\/de\/wp-json\/wp\/v2\/product_brand?post=114686"},{"taxonomy":"product_cat","embeddable":true,"href":"https:\/\/ses-creative.com\/de\/wp-json\/wp\/v2\/product_cat?post=114686"},{"taxonomy":"product_tag","embeddable":true,"href":"https:\/\/ses-creative.com\/de\/wp-json\/wp\/v2\/product_tag?post=114686"}],"curies":[{"name":"wp","href":"https:\/\/api.w.org\/{rel}","templated":true}]}}