











{"id":114685,"date":"2026-02-05T13:52:41","date_gmt":"2026-02-05T13:52:41","guid":{"rendered":"https:\/\/ses-creative.com\/?post_type=product&#038;p=114685"},"modified":"2026-02-06T09:51:39","modified_gmt":"2026-02-06T09:51:39","slug":"l-o-l-puffy-aufkleber-armbaender","status":"publish","type":"product","link":"https:\/\/ses-creative.com\/de\/produkt\/l-o-l-puffy-aufkleber-armbaender\/","title":{"rendered":"L.O.L. &#8211; Puffy Aufkleber Armb\u00e4nder"},"content":{"rendered":"<p>L.O.L. \u2013 Puffy Sticker Armb\u00e4nder: Entwerfen und tragen Sie Ihren eigenen Glitzerstil!<\/p>\n<p>Liebst du L.O.L. Surprise! und Mode? Mit dem Puffy Sticker Armb\u00e4nder Set von SES Creative kannst du selbst die sch\u00f6nsten Armb\u00e4nder voller Glitzer und Stil entwerfen. Verzieren Sie die Armb\u00e4nder mit Puffy Stickern und L.O.L. Anh\u00e4ngern und tragen Sie Ihre Kreation mit Stolz. Perfekt f\u00fcr Kinder ab 6 Jahren, die Basteln und Mode lieben.<\/p>\n<p>Was dieses Set so toll macht<\/p>\n<p>Enth\u00e4lt L.O.L. Surprise!-Anh\u00e4nger f\u00fcr zus\u00e4tzlichen Stil<\/p>\n<p>Puffy-Glitzeraufkleber f\u00fcr einen auff\u00e4lligen Effekt<\/p>\n<p>2 robuste Armb\u00e4nder zum Selbstverzieren<\/p>\n<p>Einfach zu verwenden mit Befestigungsstickern<\/p>\n<p>F\u00f6rdert die Feinmotorik und das Modebewusstsein<\/p>\n<p>Lassen Sie Ihrer Kreativit\u00e4t freien Lauf<\/p>\n<p>Basteln und eigene Schmuckst\u00fccke herstellen \u2013 was will man mehr? Mit diesem Set verwandelst du jedes Armband in ein einzigartiges Modeaccessoire. Ideal f\u00fcr einen Bastelnachmittag mit Freundinnen oder als pers\u00f6nliches Geschenk. Dein Stil, dein Armband!<\/p>\n<p>Inhalt des Sets<\/p>\n<p>Puffy-Glitzeraufkleber<\/p>\n<p>2 Armb\u00e4nder<\/p>\n<p>12 Befestigungsaufkleber<\/p>\n<p>Warum SES Creative w\u00e4hlen?<\/p>\n<p>Bei SES Creative legen wir gro\u00dfen Wert auf Sicherheit. Deshalb werden die Produkte in unserem Werk in den Niederlanden nach den strengsten europ\u00e4ischen Sicherheitsnormen hergestellt und getestet. Spielzeug von SES Creative sorgt f\u00fcr Spa\u00df und soll Kindern ein Gef\u00fchl des Stolzes auf ihre Arbeit vermitteln, was ihre Kreativit\u00e4t und Entwicklung f\u00f6rdert.<\/p>\n<p>Beginnen Sie noch heute mit Ihrem L.O.L.-Armbandstil<\/p>\n<p>Hol deine Puffy-Sticker, w\u00e4hle deine Lieblings-L.O.L.-Anh\u00e4nger und entwirf dein Traumarmband. Mit diesem Set strahlst du wie nie zuvor \u2013 lass die Mode-Queen in dir frei!<\/p>\n","protected":false},"excerpt":{"rendered":"<p>L.O.L. \u2013 Puffy Sticker Armb\u00e4nder: Entwerfen und tragen Sie Ihren eigenen Glitzerstil! Liebst du L.O.L. Surprise! und Mode? Mit dem Puffy Sticker Armb\u00e4nder Set von SES Creative kannst du selbst die sch\u00f6nsten Armb\u00e4nder voller Glitzer und Stil entwerfen. Verzieren Sie die Armb\u00e4nder mit Puffy Stickern und L.O.L. Anh\u00e4ngern und tragen Sie Ihre Kreation mit Stolz. [&hellip;]<\/p>\n","protected":false},"featured_media":95256,"comment_status":"closed","ping_status":"closed","template":"","meta":{"_acf_changed":false},"product_brand":[],"product_cat":[115],"product_tag":[],"class_list":{"0":"post-114685","1":"product","2":"type-product","3":"status-publish","4":"has-post-thumbnail","6":"product_cat-basteln","7":"pa_collecties-l-o-l","8":"pa_leeftijd-filter-4-6-jahre","9":"pa_meest-populair-bij-maedchen","11":"first","12":"instock","13":"shipping-taxable","14":"product-type-simple"},"acf":[],"yoast_head":"<!-- This site is optimized with the Yoast SEO plugin v27.2 - https:\/\/yoast.com\/product\/yoast-seo-wordpress\/ -->\n<title>L.O.L. - Puffy Aufkleber Armb\u00e4nder - SES Creative<\/title>\n<meta name=\"robots\" content=\"index, follow, max-snippet:-1, max-image-preview:large, max-video-preview:-1\" \/>\n<link rel=\"canonical\" href=\"https:\/\/ses-creative.com\/de\/produkt\/l-o-l-puffy-aufkleber-armbaender\/\" \/>\n<meta property=\"og:locale\" content=\"de_DE\" \/>\n<meta property=\"og:type\" content=\"article\" \/>\n<meta property=\"og:title\" content=\"L.O.L. - Puffy Aufkleber Armb\u00e4nder - SES Creative\" \/>\n<meta property=\"og:description\" content=\"L.O.L. \u2013 Puffy Sticker Armb\u00e4nder: Entwerfen und tragen Sie Ihren eigenen Glitzerstil! Liebst du L.O.L. Surprise! und Mode? Mit dem Puffy Sticker Armb\u00e4nder Set von SES Creative kannst du selbst die sch\u00f6nsten Armb\u00e4nder voller Glitzer und Stil entwerfen. Verzieren Sie die Armb\u00e4nder mit Puffy Stickern und L.O.L. Anh\u00e4ngern und tragen Sie Ihre Kreation mit Stolz. [&hellip;]\" \/>\n<meta property=\"og:url\" content=\"https:\/\/ses-creative.com\/de\/produkt\/l-o-l-puffy-aufkleber-armbaender\/\" \/>\n<meta property=\"og:site_name\" content=\"SES Creative\" \/>\n<meta property=\"article:modified_time\" content=\"2026-02-06T09:51:39+00:00\" \/>\n<meta name=\"twitter:card\" content=\"summary_large_image\" \/>\n<meta name=\"twitter:label1\" content=\"Gesch\u00e4tzte Lesezeit\" \/>\n\t<meta name=\"twitter:data1\" content=\"1\u00a0Minute\" \/>\n<script type=\"application\/ld+json\" class=\"yoast-schema-graph\">{\"@context\":\"https:\/\/schema.org\",\"@graph\":[{\"@type\":\"WebPage\",\"@id\":\"https:\/\/ses-creative.com\/de\/produkt\/l-o-l-puffy-aufkleber-armbaender\/\",\"url\":\"https:\/\/ses-creative.com\/de\/produkt\/l-o-l-puffy-aufkleber-armbaender\/\",\"name\":\"L.O.L. - Puffy Aufkleber Armb\u00e4nder - SES Creative\",\"isPartOf\":{\"@id\":\"https:\/\/ses-creative.com\/#website\"},\"primaryImageOfPage\":{\"@id\":\"https:\/\/ses-creative.com\/de\/produkt\/l-o-l-puffy-aufkleber-armbaender\/#primaryimage\"},\"image\":{\"@id\":\"https:\/\/ses-creative.com\/de\/produkt\/l-o-l-puffy-aufkleber-armbaender\/#primaryimage\"},\"thumbnailUrl\":\"https:\/\/ses-creative.com\/wp-content\/uploads\/2026\/01\/141901.jpg\",\"datePublished\":\"2026-02-05T13:52:41+00:00\",\"dateModified\":\"2026-02-06T09:51:39+00:00\",\"breadcrumb\":{\"@id\":\"https:\/\/ses-creative.com\/de\/produkt\/l-o-l-puffy-aufkleber-armbaender\/#breadcrumb\"},\"inLanguage\":\"de\",\"potentialAction\":[{\"@type\":\"ReadAction\",\"target\":[\"https:\/\/ses-creative.com\/de\/produkt\/l-o-l-puffy-aufkleber-armbaender\/\"]}]},{\"@type\":\"ImageObject\",\"inLanguage\":\"de\",\"@id\":\"https:\/\/ses-creative.com\/de\/produkt\/l-o-l-puffy-aufkleber-armbaender\/#primaryimage\",\"url\":\"https:\/\/ses-creative.com\/wp-content\/uploads\/2026\/01\/141901.jpg\",\"contentUrl\":\"https:\/\/ses-creative.com\/wp-content\/uploads\/2026\/01\/141901.jpg\",\"width\":1000,\"height\":1000},{\"@type\":\"BreadcrumbList\",\"@id\":\"https:\/\/ses-creative.com\/de\/produkt\/l-o-l-puffy-aufkleber-armbaender\/#breadcrumb\",\"itemListElement\":[{\"@type\":\"ListItem\",\"position\":1,\"name\":\"Shop\",\"item\":\"https:\/\/ses-creative.com\/de\/shop\/\"},{\"@type\":\"ListItem\",\"position\":2,\"name\":\"Basteln\",\"item\":\"https:\/\/ses-creative.com\/de\/product-categorie\/basteln\/\"},{\"@type\":\"ListItem\",\"position\":3,\"name\":\"L.O.L. &#8211; Puffy Aufkleber Armb\u00e4nder\"}]},{\"@type\":\"WebSite\",\"@id\":\"https:\/\/ses-creative.com\/#website\",\"url\":\"https:\/\/ses-creative.com\/\",\"name\":\"SES Creative\",\"description\":\"\",\"publisher\":{\"@id\":\"https:\/\/ses-creative.com\/#organization\"},\"potentialAction\":[{\"@type\":\"SearchAction\",\"target\":{\"@type\":\"EntryPoint\",\"urlTemplate\":\"https:\/\/ses-creative.com\/?s={search_term_string}\"},\"query-input\":{\"@type\":\"PropertyValueSpecification\",\"valueRequired\":true,\"valueName\":\"search_term_string\"}}],\"inLanguage\":\"de\"},{\"@type\":\"Organization\",\"@id\":\"https:\/\/ses-creative.com\/#organization\",\"name\":\"SES Creative\",\"url\":\"https:\/\/ses-creative.com\/\",\"logo\":{\"@type\":\"ImageObject\",\"inLanguage\":\"de\",\"@id\":\"https:\/\/ses-creative.com\/#\/schema\/logo\/image\/\",\"url\":\"https:\/\/ses-creative.com\/wp-content\/uploads\/2025\/10\/ses-creative-logo.jpg\",\"contentUrl\":\"https:\/\/ses-creative.com\/wp-content\/uploads\/2025\/10\/ses-creative-logo.jpg\",\"width\":2037,\"height\":2037,\"caption\":\"SES Creative\"},\"image\":{\"@id\":\"https:\/\/ses-creative.com\/#\/schema\/logo\/image\/\"}}]}<\/script>\n<!-- \/ Yoast SEO plugin. -->","yoast_head_json":{"title":"L.O.L. - Puffy Aufkleber Armb\u00e4nder - SES Creative","robots":{"index":"index","follow":"follow","max-snippet":"max-snippet:-1","max-image-preview":"max-image-preview:large","max-video-preview":"max-video-preview:-1"},"canonical":"https:\/\/ses-creative.com\/de\/produkt\/l-o-l-puffy-aufkleber-armbaender\/","og_locale":"de_DE","og_type":"article","og_title":"L.O.L. - Puffy Aufkleber Armb\u00e4nder - SES Creative","og_description":"L.O.L. \u2013 Puffy Sticker Armb\u00e4nder: Entwerfen und tragen Sie Ihren eigenen Glitzerstil! Liebst du L.O.L. Surprise! und Mode? Mit dem Puffy Sticker Armb\u00e4nder Set von SES Creative kannst du selbst die sch\u00f6nsten Armb\u00e4nder voller Glitzer und Stil entwerfen. Verzieren Sie die Armb\u00e4nder mit Puffy Stickern und L.O.L. Anh\u00e4ngern und tragen Sie Ihre Kreation mit Stolz. [&hellip;]","og_url":"https:\/\/ses-creative.com\/de\/produkt\/l-o-l-puffy-aufkleber-armbaender\/","og_site_name":"SES Creative","article_modified_time":"2026-02-06T09:51:39+00:00","twitter_card":"summary_large_image","twitter_misc":{"Gesch\u00e4tzte Lesezeit":"1\u00a0Minute"},"schema":{"@context":"https:\/\/schema.org","@graph":[{"@type":"WebPage","@id":"https:\/\/ses-creative.com\/de\/produkt\/l-o-l-puffy-aufkleber-armbaender\/","url":"https:\/\/ses-creative.com\/de\/produkt\/l-o-l-puffy-aufkleber-armbaender\/","name":"L.O.L. - Puffy Aufkleber Armb\u00e4nder - SES Creative","isPartOf":{"@id":"https:\/\/ses-creative.com\/#website"},"primaryImageOfPage":{"@id":"https:\/\/ses-creative.com\/de\/produkt\/l-o-l-puffy-aufkleber-armbaender\/#primaryimage"},"image":{"@id":"https:\/\/ses-creative.com\/de\/produkt\/l-o-l-puffy-aufkleber-armbaender\/#primaryimage"},"thumbnailUrl":"https:\/\/ses-creative.com\/wp-content\/uploads\/2026\/01\/141901.jpg","datePublished":"2026-02-05T13:52:41+00:00","dateModified":"2026-02-06T09:51:39+00:00","breadcrumb":{"@id":"https:\/\/ses-creative.com\/de\/produkt\/l-o-l-puffy-aufkleber-armbaender\/#breadcrumb"},"inLanguage":"de","potentialAction":[{"@type":"ReadAction","target":["https:\/\/ses-creative.com\/de\/produkt\/l-o-l-puffy-aufkleber-armbaender\/"]}]},{"@type":"ImageObject","inLanguage":"de","@id":"https:\/\/ses-creative.com\/de\/produkt\/l-o-l-puffy-aufkleber-armbaender\/#primaryimage","url":"https:\/\/ses-creative.com\/wp-content\/uploads\/2026\/01\/141901.jpg","contentUrl":"https:\/\/ses-creative.com\/wp-content\/uploads\/2026\/01\/141901.jpg","width":1000,"height":1000},{"@type":"BreadcrumbList","@id":"https:\/\/ses-creative.com\/de\/produkt\/l-o-l-puffy-aufkleber-armbaender\/#breadcrumb","itemListElement":[{"@type":"ListItem","position":1,"name":"Shop","item":"https:\/\/ses-creative.com\/de\/shop\/"},{"@type":"ListItem","position":2,"name":"Basteln","item":"https:\/\/ses-creative.com\/de\/product-categorie\/basteln\/"},{"@type":"ListItem","position":3,"name":"L.O.L. &#8211; Puffy Aufkleber Armb\u00e4nder"}]},{"@type":"WebSite","@id":"https:\/\/ses-creative.com\/#website","url":"https:\/\/ses-creative.com\/","name":"SES Creative","description":"","publisher":{"@id":"https:\/\/ses-creative.com\/#organization"},"potentialAction":[{"@type":"SearchAction","target":{"@type":"EntryPoint","urlTemplate":"https:\/\/ses-creative.com\/?s={search_term_string}"},"query-input":{"@type":"PropertyValueSpecification","valueRequired":true,"valueName":"search_term_string"}}],"inLanguage":"de"},{"@type":"Organization","@id":"https:\/\/ses-creative.com\/#organization","name":"SES Creative","url":"https:\/\/ses-creative.com\/","logo":{"@type":"ImageObject","inLanguage":"de","@id":"https:\/\/ses-creative.com\/#\/schema\/logo\/image\/","url":"https:\/\/ses-creative.com\/wp-content\/uploads\/2025\/10\/ses-creative-logo.jpg","contentUrl":"https:\/\/ses-creative.com\/wp-content\/uploads\/2025\/10\/ses-creative-logo.jpg","width":2037,"height":2037,"caption":"SES Creative"},"image":{"@id":"https:\/\/ses-creative.com\/#\/schema\/logo\/image\/"}}]}},"_links":{"self":[{"href":"https:\/\/ses-creative.com\/de\/wp-json\/wp\/v2\/product\/114685","targetHints":{"allow":["GET"]}}],"collection":[{"href":"https:\/\/ses-creative.com\/de\/wp-json\/wp\/v2\/product"}],"about":[{"href":"https:\/\/ses-creative.com\/de\/wp-json\/wp\/v2\/types\/product"}],"replies":[{"embeddable":true,"href":"https:\/\/ses-creative.com\/de\/wp-json\/wp\/v2\/comments?post=114685"}],"wp:featuredmedia":[{"embeddable":true,"href":"https:\/\/ses-creative.com\/de\/wp-json\/wp\/v2\/media\/95256"}],"wp:attachment":[{"href":"https:\/\/ses-creative.com\/de\/wp-json\/wp\/v2\/media?parent=114685"}],"wp:term":[{"taxonomy":"product_brand","embeddable":true,"href":"https:\/\/ses-creative.com\/de\/wp-json\/wp\/v2\/product_brand?post=114685"},{"taxonomy":"product_cat","embeddable":true,"href":"https:\/\/ses-creative.com\/de\/wp-json\/wp\/v2\/product_cat?post=114685"},{"taxonomy":"product_tag","embeddable":true,"href":"https:\/\/ses-creative.com\/de\/wp-json\/wp\/v2\/product_tag?post=114685"}],"curies":[{"name":"wp","href":"https:\/\/api.w.org\/{rel}","templated":true}]}}