











{"id":114681,"date":"2026-02-05T13:52:41","date_gmt":"2026-02-05T13:52:41","guid":{"rendered":"https:\/\/ses-creative.com\/?post_type=product&#038;p=114681"},"modified":"2026-02-06T09:51:39","modified_gmt":"2026-02-06T09:51:39","slug":"mini-shrinkies-charms-unicorn-sweeties","status":"publish","type":"product","link":"https:\/\/ses-creative.com\/de\/produkt\/mini-shrinkies-charms-unicorn-sweeties\/","title":{"rendered":"Mini Shrinkies &#8211; Charms Unicorn Sweeties"},"content":{"rendered":"<p>Mini Shrinkies \u2013 Charms Unicorn Sweeties: Bemalen, schrumpfen und tauschen Sie Ihre eigenen magischen Anh\u00e4nger!<\/p>\n<p>Mit den Mini Shrinkies \u2013 Charms Unicorn Sweeties von SES Creative kannst du selbst die s\u00fc\u00dfesten und sch\u00f6nsten Charms f\u00fcr dein eigenes Armband basteln. Male die vorgedruckte Schrumpffolieaus,lass sie im Backofen schrumpfen und sieh zu, wie sie sich in feste, gl\u00e4nzende Mini-Anh\u00e4nger verwandeln. Befestige sie einfach mit den praktischen Verschl\u00fcssen am trendigen mehrfarbigen Gliederarmband und kombiniere, tausche oder tausche sie mit deinen Freunden f\u00fcr endlosen Schmuck-Spa\u00df.<\/p>\n<p>Neben dieser Einhorn-Variante sind noch weitere Mini Shrinkies \u2013 Charms-Sets erh\u00e4ltlich, wie z. B. Lovely Ocean, Fast Foodies, Fashion Party und Best Friends. Sammle sie alle, stelle einzigartige Kombinationen zusammen und teile deine Kreationen mit anderen. Je mehr du sammelst, desto mehr Spa\u00df macht es!<\/p>\n<p>Was dieses Set so toll macht<\/p>\n<p>Gestalte deine eigenen zehn einzigartigen Charms f\u00fcr das sch\u00f6ne mehrfarbige Gliederarmband.<\/p>\n<p>Erh\u00e4ltlich in verschiedenen trendigen Themen: Kombinieren, sammeln und tauschen Sie mit Ihren Freunden<\/p>\n<p>Praktische Verschl\u00fcsse zum einfachen Austauschen der Anh\u00e4nger, mixen und kombinieren Sie Ihre Lieblingsfiguren<\/p>\n<p>Vorgedruckte Schrumpffolie, die sich leicht bemalen l\u00e4sst und immer ein sch\u00f6nes Endergebnis liefert<\/p>\n<p>Magischer Schrumpfeffekt und zehn Buntstifte, um eigene Designs zu kreieren<\/p>\n<p>Magischer Bastelspa\u00df zum Teilen<\/p>\n<p>Das Mini Shrinkies \u2013 Charms Unicorn Sweeties Set vereint Kreativit\u00e4t, Mode und Freundschaft. Kinder entwerfen ihren eigenen Schmuck, trainieren ihre Feinmotorik und erleben den magischen Moment, in dem ihre Zeichnungen zu echten Anh\u00e4ngern werden. Anschlie\u00dfend k\u00f6nnen sie ihre selbstgemachten Anh\u00e4nger tragen, mit ihren Freunden teilen oder tauschen \u2013 f\u00fcr endlosen Spa\u00df und gemeinsames kreatives Gestalten.<\/p>\n<p>Inhalt des Sets<\/p>\n<p>10 Buntstifte<\/p>\n<p>Mehrfarbiges Gliederarmband<\/p>\n<p>10 Verschl\u00fcsse und 10 \u00d6sen<\/p>\n<p>Bedruckte Schrumpffolie f\u00fcr 10 Anh\u00e4nger<\/p>\n<p>Anleitung<\/p>\n<p>Warum SES Creative w\u00e4hlen?<\/p>\n<p>Bei SES Creative legen wir gro\u00dfen Wert auf Sicherheit und Qualit\u00e4t. Alle unsere Produkte werden mit Sorgfalt entwickelt und in unserer eigenen Fabrik in den Niederlanden gem\u00e4\u00df den strengsten europ\u00e4ischen Sicherheitsnormen getestet. SES Creative steht f\u00fcr Kreativit\u00e4t, Spa\u00df und Entwicklung, damit Kinder stolz auf das sein k\u00f6nnen, was sie herstellen.<\/p>\n<p>F\u00e4rben, schrumpfen, kombinieren und mit Freunden tauschen<\/p>\n<p>Entdecke, wie viel Spa\u00df es macht, mit den Mini Shrinkies \u2013 Charms Unicorn Sweeties von SES Creative Schmuck zu basteln. F\u00e4rbe, schrumpfe und tausche deine magischen Einhorn-Anh\u00e4nger und erstelle gemeinsam mit deinen Freunden die sch\u00f6nste Armbandkollektion!<\/p>\n","protected":false},"excerpt":{"rendered":"<p>Mini Shrinkies \u2013 Charms Unicorn Sweeties: Bemalen, schrumpfen und tauschen Sie Ihre eigenen magischen Anh\u00e4nger! Mit den Mini Shrinkies \u2013 Charms Unicorn Sweeties von SES Creative kannst du selbst die s\u00fc\u00dfesten und sch\u00f6nsten Charms f\u00fcr dein eigenes Armband basteln. Male die vorgedruckte Schrumpffolieaus,lass sie im Backofen schrumpfen und sieh zu, wie sie sich in feste, [&hellip;]<\/p>\n","protected":false},"featured_media":107479,"comment_status":"closed","ping_status":"closed","template":"","meta":{"_acf_changed":false},"product_brand":[],"product_cat":[115],"product_tag":[],"class_list":{"0":"post-114681","1":"product","2":"type-product","3":"status-publish","4":"has-post-thumbnail","6":"product_cat-basteln","7":"pa_collecties-mini-shrinkies","8":"pa_leeftijd-filter-4-6-jahre","9":"pa_meest-populair-bij-maedchen","11":"first","12":"instock","13":"shipping-taxable","14":"product-type-simple"},"acf":[],"yoast_head":"<!-- This site is optimized with the Yoast SEO plugin v27.2 - https:\/\/yoast.com\/product\/yoast-seo-wordpress\/ -->\n<title>Mini Shrinkies - Charms Unicorn Sweeties - SES Creative<\/title>\n<meta name=\"robots\" content=\"index, follow, max-snippet:-1, max-image-preview:large, max-video-preview:-1\" \/>\n<link rel=\"canonical\" href=\"https:\/\/ses-creative.com\/de\/produkt\/mini-shrinkies-charms-unicorn-sweeties\/\" \/>\n<meta property=\"og:locale\" content=\"de_DE\" \/>\n<meta property=\"og:type\" content=\"article\" \/>\n<meta property=\"og:title\" content=\"Mini Shrinkies - Charms Unicorn Sweeties - SES Creative\" \/>\n<meta property=\"og:description\" content=\"Mini Shrinkies \u2013 Charms Unicorn Sweeties: Bemalen, schrumpfen und tauschen Sie Ihre eigenen magischen Anh\u00e4nger! Mit den Mini Shrinkies \u2013 Charms Unicorn Sweeties von SES Creative kannst du selbst die s\u00fc\u00dfesten und sch\u00f6nsten Charms f\u00fcr dein eigenes Armband basteln. Male die vorgedruckte Schrumpffolieaus,lass sie im Backofen schrumpfen und sieh zu, wie sie sich in feste, [&hellip;]\" \/>\n<meta property=\"og:url\" content=\"https:\/\/ses-creative.com\/de\/produkt\/mini-shrinkies-charms-unicorn-sweeties\/\" \/>\n<meta property=\"og:site_name\" content=\"SES Creative\" \/>\n<meta property=\"article:modified_time\" content=\"2026-02-06T09:51:39+00:00\" \/>\n<meta name=\"twitter:card\" content=\"summary_large_image\" \/>\n<meta name=\"twitter:label1\" content=\"Gesch\u00e4tzte Lesezeit\" \/>\n\t<meta name=\"twitter:data1\" content=\"2\u00a0Minuten\" \/>\n<script type=\"application\/ld+json\" class=\"yoast-schema-graph\">{\"@context\":\"https:\/\/schema.org\",\"@graph\":[{\"@type\":\"WebPage\",\"@id\":\"https:\/\/ses-creative.com\/de\/produkt\/mini-shrinkies-charms-unicorn-sweeties\/\",\"url\":\"https:\/\/ses-creative.com\/de\/produkt\/mini-shrinkies-charms-unicorn-sweeties\/\",\"name\":\"Mini Shrinkies - Charms Unicorn Sweeties - SES Creative\",\"isPartOf\":{\"@id\":\"https:\/\/ses-creative.com\/#website\"},\"primaryImageOfPage\":{\"@id\":\"https:\/\/ses-creative.com\/de\/produkt\/mini-shrinkies-charms-unicorn-sweeties\/#primaryimage\"},\"image\":{\"@id\":\"https:\/\/ses-creative.com\/de\/produkt\/mini-shrinkies-charms-unicorn-sweeties\/#primaryimage\"},\"thumbnailUrl\":\"https:\/\/ses-creative.com\/wp-content\/uploads\/2026\/01\/141721-1.jpg\",\"datePublished\":\"2026-02-05T13:52:41+00:00\",\"dateModified\":\"2026-02-06T09:51:39+00:00\",\"breadcrumb\":{\"@id\":\"https:\/\/ses-creative.com\/de\/produkt\/mini-shrinkies-charms-unicorn-sweeties\/#breadcrumb\"},\"inLanguage\":\"de\",\"potentialAction\":[{\"@type\":\"ReadAction\",\"target\":[\"https:\/\/ses-creative.com\/de\/produkt\/mini-shrinkies-charms-unicorn-sweeties\/\"]}]},{\"@type\":\"ImageObject\",\"inLanguage\":\"de\",\"@id\":\"https:\/\/ses-creative.com\/de\/produkt\/mini-shrinkies-charms-unicorn-sweeties\/#primaryimage\",\"url\":\"https:\/\/ses-creative.com\/wp-content\/uploads\/2026\/01\/141721-1.jpg\",\"contentUrl\":\"https:\/\/ses-creative.com\/wp-content\/uploads\/2026\/01\/141721-1.jpg\",\"width\":1000,\"height\":1000},{\"@type\":\"BreadcrumbList\",\"@id\":\"https:\/\/ses-creative.com\/de\/produkt\/mini-shrinkies-charms-unicorn-sweeties\/#breadcrumb\",\"itemListElement\":[{\"@type\":\"ListItem\",\"position\":1,\"name\":\"Shop\",\"item\":\"https:\/\/ses-creative.com\/de\/shop\/\"},{\"@type\":\"ListItem\",\"position\":2,\"name\":\"Basteln\",\"item\":\"https:\/\/ses-creative.com\/de\/product-categorie\/basteln\/\"},{\"@type\":\"ListItem\",\"position\":3,\"name\":\"Mini Shrinkies &#8211; Charms Unicorn Sweeties\"}]},{\"@type\":\"WebSite\",\"@id\":\"https:\/\/ses-creative.com\/#website\",\"url\":\"https:\/\/ses-creative.com\/\",\"name\":\"SES Creative\",\"description\":\"\",\"publisher\":{\"@id\":\"https:\/\/ses-creative.com\/#organization\"},\"potentialAction\":[{\"@type\":\"SearchAction\",\"target\":{\"@type\":\"EntryPoint\",\"urlTemplate\":\"https:\/\/ses-creative.com\/?s={search_term_string}\"},\"query-input\":{\"@type\":\"PropertyValueSpecification\",\"valueRequired\":true,\"valueName\":\"search_term_string\"}}],\"inLanguage\":\"de\"},{\"@type\":\"Organization\",\"@id\":\"https:\/\/ses-creative.com\/#organization\",\"name\":\"SES Creative\",\"url\":\"https:\/\/ses-creative.com\/\",\"logo\":{\"@type\":\"ImageObject\",\"inLanguage\":\"de\",\"@id\":\"https:\/\/ses-creative.com\/#\/schema\/logo\/image\/\",\"url\":\"https:\/\/ses-creative.com\/wp-content\/uploads\/2025\/10\/ses-creative-logo.jpg\",\"contentUrl\":\"https:\/\/ses-creative.com\/wp-content\/uploads\/2025\/10\/ses-creative-logo.jpg\",\"width\":2037,\"height\":2037,\"caption\":\"SES Creative\"},\"image\":{\"@id\":\"https:\/\/ses-creative.com\/#\/schema\/logo\/image\/\"}}]}<\/script>\n<!-- \/ Yoast SEO plugin. -->","yoast_head_json":{"title":"Mini Shrinkies - Charms Unicorn Sweeties - SES Creative","robots":{"index":"index","follow":"follow","max-snippet":"max-snippet:-1","max-image-preview":"max-image-preview:large","max-video-preview":"max-video-preview:-1"},"canonical":"https:\/\/ses-creative.com\/de\/produkt\/mini-shrinkies-charms-unicorn-sweeties\/","og_locale":"de_DE","og_type":"article","og_title":"Mini Shrinkies - Charms Unicorn Sweeties - SES Creative","og_description":"Mini Shrinkies \u2013 Charms Unicorn Sweeties: Bemalen, schrumpfen und tauschen Sie Ihre eigenen magischen Anh\u00e4nger! Mit den Mini Shrinkies \u2013 Charms Unicorn Sweeties von SES Creative kannst du selbst die s\u00fc\u00dfesten und sch\u00f6nsten Charms f\u00fcr dein eigenes Armband basteln. Male die vorgedruckte Schrumpffolieaus,lass sie im Backofen schrumpfen und sieh zu, wie sie sich in feste, [&hellip;]","og_url":"https:\/\/ses-creative.com\/de\/produkt\/mini-shrinkies-charms-unicorn-sweeties\/","og_site_name":"SES Creative","article_modified_time":"2026-02-06T09:51:39+00:00","twitter_card":"summary_large_image","twitter_misc":{"Gesch\u00e4tzte Lesezeit":"2\u00a0Minuten"},"schema":{"@context":"https:\/\/schema.org","@graph":[{"@type":"WebPage","@id":"https:\/\/ses-creative.com\/de\/produkt\/mini-shrinkies-charms-unicorn-sweeties\/","url":"https:\/\/ses-creative.com\/de\/produkt\/mini-shrinkies-charms-unicorn-sweeties\/","name":"Mini Shrinkies - Charms Unicorn Sweeties - SES Creative","isPartOf":{"@id":"https:\/\/ses-creative.com\/#website"},"primaryImageOfPage":{"@id":"https:\/\/ses-creative.com\/de\/produkt\/mini-shrinkies-charms-unicorn-sweeties\/#primaryimage"},"image":{"@id":"https:\/\/ses-creative.com\/de\/produkt\/mini-shrinkies-charms-unicorn-sweeties\/#primaryimage"},"thumbnailUrl":"https:\/\/ses-creative.com\/wp-content\/uploads\/2026\/01\/141721-1.jpg","datePublished":"2026-02-05T13:52:41+00:00","dateModified":"2026-02-06T09:51:39+00:00","breadcrumb":{"@id":"https:\/\/ses-creative.com\/de\/produkt\/mini-shrinkies-charms-unicorn-sweeties\/#breadcrumb"},"inLanguage":"de","potentialAction":[{"@type":"ReadAction","target":["https:\/\/ses-creative.com\/de\/produkt\/mini-shrinkies-charms-unicorn-sweeties\/"]}]},{"@type":"ImageObject","inLanguage":"de","@id":"https:\/\/ses-creative.com\/de\/produkt\/mini-shrinkies-charms-unicorn-sweeties\/#primaryimage","url":"https:\/\/ses-creative.com\/wp-content\/uploads\/2026\/01\/141721-1.jpg","contentUrl":"https:\/\/ses-creative.com\/wp-content\/uploads\/2026\/01\/141721-1.jpg","width":1000,"height":1000},{"@type":"BreadcrumbList","@id":"https:\/\/ses-creative.com\/de\/produkt\/mini-shrinkies-charms-unicorn-sweeties\/#breadcrumb","itemListElement":[{"@type":"ListItem","position":1,"name":"Shop","item":"https:\/\/ses-creative.com\/de\/shop\/"},{"@type":"ListItem","position":2,"name":"Basteln","item":"https:\/\/ses-creative.com\/de\/product-categorie\/basteln\/"},{"@type":"ListItem","position":3,"name":"Mini Shrinkies &#8211; Charms Unicorn Sweeties"}]},{"@type":"WebSite","@id":"https:\/\/ses-creative.com\/#website","url":"https:\/\/ses-creative.com\/","name":"SES Creative","description":"","publisher":{"@id":"https:\/\/ses-creative.com\/#organization"},"potentialAction":[{"@type":"SearchAction","target":{"@type":"EntryPoint","urlTemplate":"https:\/\/ses-creative.com\/?s={search_term_string}"},"query-input":{"@type":"PropertyValueSpecification","valueRequired":true,"valueName":"search_term_string"}}],"inLanguage":"de"},{"@type":"Organization","@id":"https:\/\/ses-creative.com\/#organization","name":"SES Creative","url":"https:\/\/ses-creative.com\/","logo":{"@type":"ImageObject","inLanguage":"de","@id":"https:\/\/ses-creative.com\/#\/schema\/logo\/image\/","url":"https:\/\/ses-creative.com\/wp-content\/uploads\/2025\/10\/ses-creative-logo.jpg","contentUrl":"https:\/\/ses-creative.com\/wp-content\/uploads\/2025\/10\/ses-creative-logo.jpg","width":2037,"height":2037,"caption":"SES Creative"},"image":{"@id":"https:\/\/ses-creative.com\/#\/schema\/logo\/image\/"}}]}},"_links":{"self":[{"href":"https:\/\/ses-creative.com\/de\/wp-json\/wp\/v2\/product\/114681","targetHints":{"allow":["GET"]}}],"collection":[{"href":"https:\/\/ses-creative.com\/de\/wp-json\/wp\/v2\/product"}],"about":[{"href":"https:\/\/ses-creative.com\/de\/wp-json\/wp\/v2\/types\/product"}],"replies":[{"embeddable":true,"href":"https:\/\/ses-creative.com\/de\/wp-json\/wp\/v2\/comments?post=114681"}],"wp:featuredmedia":[{"embeddable":true,"href":"https:\/\/ses-creative.com\/de\/wp-json\/wp\/v2\/media\/107479"}],"wp:attachment":[{"href":"https:\/\/ses-creative.com\/de\/wp-json\/wp\/v2\/media?parent=114681"}],"wp:term":[{"taxonomy":"product_brand","embeddable":true,"href":"https:\/\/ses-creative.com\/de\/wp-json\/wp\/v2\/product_brand?post=114681"},{"taxonomy":"product_cat","embeddable":true,"href":"https:\/\/ses-creative.com\/de\/wp-json\/wp\/v2\/product_cat?post=114681"},{"taxonomy":"product_tag","embeddable":true,"href":"https:\/\/ses-creative.com\/de\/wp-json\/wp\/v2\/product_tag?post=114681"}],"curies":[{"name":"wp","href":"https:\/\/api.w.org\/{rel}","templated":true}]}}