











{"id":114680,"date":"2026-02-05T13:52:40","date_gmt":"2026-02-05T13:52:40","guid":{"rendered":"https:\/\/ses-creative.com\/?post_type=product&#038;p=114680"},"modified":"2026-02-06T09:51:37","modified_gmt":"2026-02-06T09:51:37","slug":"mini-shrinkies-charms-lovely-ocean","status":"publish","type":"product","link":"https:\/\/ses-creative.com\/de\/produkt\/mini-shrinkies-charms-lovely-ocean\/","title":{"rendered":"Mini Shrinkies &#8211; Charms Lovely Ocean"},"content":{"rendered":"<p>Mini Shrinkies \u2013 Charms Lovely Ocean: Basteln, tragen und tauschen Sie Ihre eigenen magischen Charms!<\/p>\n<p>Mit den Mini Shrinkies \u2013 Charms Lovely Ocean von SES Creative kannst du selbst die sch\u00f6nsten Charms f\u00fcr dein eigenes Armband basteln. Male die vorgedruckte Schrumpffolieaus ,lass sie im Backofen schrumpfen und sieh zu, wie sich deine Entw\u00fcrfe in kleine, stabile Anh\u00e4nger verwandeln. Befestige sie einfach mit den praktischen Verschl\u00fcssen an dem trendigen mehrfarbigen Gliederarmband. So kannst du deine Anh\u00e4nger jederzeit austauschen, kombinieren oder sogar mit Freunden tauschen.<\/p>\n<p>Neben dieser Ozean-Variante gibt es noch weitere Mini Shrinkies \u2013 Charms-Sets, wie Unicorn Sweeties, Fast Foodies, Fashion Party und Best Friends. Sammle sie alle, tausche die sch\u00f6nsten Figuren mit deinen Freunden und erstellt gemeinsam eine einzigartige Sammlung voller Farbe und Charakter.<\/p>\n<p>Was dieses Set so toll macht<\/p>\n<p>Gestalte deine eigenen zehn einzigartigen Anh\u00e4nger f\u00fcr das sch\u00f6ne mehrfarbige Gliederarmband.<\/p>\n<p>Kombinieren und tauschen Sie Charms mit Freunden, jedes Set hat sein eigenes trendiges Thema<\/p>\n<p>Praktische Verschl\u00fcsse zum einfachen Austauschen der Charms, mixen und kombinieren Sie die trendigen Figuren<\/p>\n<p>Vorgedruckte Schrumpffolie, die sich leicht bemalen l\u00e4sst und immer ein sch\u00f6nes Endergebnis liefert<\/p>\n<p>Magischer Schrumpfeffekt und zehn Buntstifte, um deine eigenen einzigartigen Designs zu kreieren<\/p>\n<p>Basteln, tauschen und gl\u00e4nzen<\/p>\n<p>Das Mini Shrinkies \u2013 Charms Lovely Ocean Set verbindet Mode, Kreativit\u00e4t und Freundschaft. Kinder entwerfen ihren eigenen Schmuck, trainieren ihre Feinmotorik und erleben den magischen Moment, in dem sich die Folie im Ofen in echte Anh\u00e4nger verwandelt. Anschlie\u00dfend k\u00f6nnen sie ihre Kreationen tragen, teilen oder mit Freunden tauschen, sodass der Spa\u00df immer wieder von Neuem beginnt.<\/p>\n<p>Inhalt des Sets<\/p>\n<p>10 Buntstifte<\/p>\n<p>Mehrfarbiges Gliederarmband<\/p>\n<p>10 Verschl\u00fcsse und 10 \u00d6sen<\/p>\n<p>Bedruckte Schrumpffolie f\u00fcr 10 Anh\u00e4nger<\/p>\n<p>Anleitung<\/p>\n<p>Warum SES Creative w\u00e4hlen?<\/p>\n<p>Bei SES Creative legen wir gro\u00dfen Wert auf Sicherheit und Qualit\u00e4t. Alle unsere Produkte werden mit Sorgfalt entwickelt und in unserer eigenen Fabrik in den Niederlanden gem\u00e4\u00df den strengsten europ\u00e4ischen Sicherheitsnormen getestet. SES Creative steht f\u00fcr Kreativit\u00e4t, Spa\u00df und Entwicklung, damit Kinder stolz auf das sein k\u00f6nnen, was sie herstellen.<\/p>\n<p>F\u00e4rben, schrumpfen und tauschen mit deinen Freunden<\/p>\n<p>Entdecke, wie viel Spa\u00df es macht, mit den Mini Shrinkies \u2013 Charms Lovely Ocean von SES Creative deinen eigenen Schmuck zu entwerfen. Malen, schrumpfen, tragen und tauschen. Zusammen mit deinen Freunden kannst du die sch\u00f6nste und einzigartigste Sammlung zusammenstellen!<\/p>\n","protected":false},"excerpt":{"rendered":"<p>Mini Shrinkies \u2013 Charms Lovely Ocean: Basteln, tragen und tauschen Sie Ihre eigenen magischen Charms! Mit den Mini Shrinkies \u2013 Charms Lovely Ocean von SES Creative kannst du selbst die sch\u00f6nsten Charms f\u00fcr dein eigenes Armband basteln. Male die vorgedruckte Schrumpffolieaus ,lass sie im Backofen schrumpfen und sieh zu, wie sich deine Entw\u00fcrfe in kleine, [&hellip;]<\/p>\n","protected":false},"featured_media":107474,"comment_status":"closed","ping_status":"closed","template":"","meta":{"_acf_changed":false},"product_brand":[],"product_cat":[115],"product_tag":[],"class_list":{"0":"post-114680","1":"product","2":"type-product","3":"status-publish","4":"has-post-thumbnail","6":"product_cat-basteln","7":"pa_collecties-mini-shrinkies","8":"pa_leeftijd-filter-4-6-jahre","9":"pa_meest-populair-bij-maedchen","11":"first","12":"instock","13":"shipping-taxable","14":"product-type-simple"},"acf":[],"yoast_head":"<!-- This site is optimized with the Yoast SEO plugin v27.2 - https:\/\/yoast.com\/product\/yoast-seo-wordpress\/ -->\n<title>Mini Shrinkies - Charms Lovely Ocean - SES Creative<\/title>\n<meta name=\"robots\" content=\"index, follow, max-snippet:-1, max-image-preview:large, max-video-preview:-1\" \/>\n<link rel=\"canonical\" href=\"https:\/\/ses-creative.com\/de\/produkt\/mini-shrinkies-charms-lovely-ocean\/\" \/>\n<meta property=\"og:locale\" content=\"de_DE\" \/>\n<meta property=\"og:type\" content=\"article\" \/>\n<meta property=\"og:title\" content=\"Mini Shrinkies - Charms Lovely Ocean - SES Creative\" \/>\n<meta property=\"og:description\" content=\"Mini Shrinkies \u2013 Charms Lovely Ocean: Basteln, tragen und tauschen Sie Ihre eigenen magischen Charms! Mit den Mini Shrinkies \u2013 Charms Lovely Ocean von SES Creative kannst du selbst die sch\u00f6nsten Charms f\u00fcr dein eigenes Armband basteln. Male die vorgedruckte Schrumpffolieaus ,lass sie im Backofen schrumpfen und sieh zu, wie sich deine Entw\u00fcrfe in kleine, [&hellip;]\" \/>\n<meta property=\"og:url\" content=\"https:\/\/ses-creative.com\/de\/produkt\/mini-shrinkies-charms-lovely-ocean\/\" \/>\n<meta property=\"og:site_name\" content=\"SES Creative\" \/>\n<meta property=\"article:modified_time\" content=\"2026-02-06T09:51:37+00:00\" \/>\n<meta name=\"twitter:card\" content=\"summary_large_image\" \/>\n<meta name=\"twitter:label1\" content=\"Gesch\u00e4tzte Lesezeit\" \/>\n\t<meta name=\"twitter:data1\" content=\"2\u00a0Minuten\" \/>\n<script type=\"application\/ld+json\" class=\"yoast-schema-graph\">{\"@context\":\"https:\/\/schema.org\",\"@graph\":[{\"@type\":\"WebPage\",\"@id\":\"https:\/\/ses-creative.com\/de\/produkt\/mini-shrinkies-charms-lovely-ocean\/\",\"url\":\"https:\/\/ses-creative.com\/de\/produkt\/mini-shrinkies-charms-lovely-ocean\/\",\"name\":\"Mini Shrinkies - Charms Lovely Ocean - SES Creative\",\"isPartOf\":{\"@id\":\"https:\/\/ses-creative.com\/#website\"},\"primaryImageOfPage\":{\"@id\":\"https:\/\/ses-creative.com\/de\/produkt\/mini-shrinkies-charms-lovely-ocean\/#primaryimage\"},\"image\":{\"@id\":\"https:\/\/ses-creative.com\/de\/produkt\/mini-shrinkies-charms-lovely-ocean\/#primaryimage\"},\"thumbnailUrl\":\"https:\/\/ses-creative.com\/wp-content\/uploads\/2026\/01\/141711-1.jpg\",\"datePublished\":\"2026-02-05T13:52:40+00:00\",\"dateModified\":\"2026-02-06T09:51:37+00:00\",\"breadcrumb\":{\"@id\":\"https:\/\/ses-creative.com\/de\/produkt\/mini-shrinkies-charms-lovely-ocean\/#breadcrumb\"},\"inLanguage\":\"de\",\"potentialAction\":[{\"@type\":\"ReadAction\",\"target\":[\"https:\/\/ses-creative.com\/de\/produkt\/mini-shrinkies-charms-lovely-ocean\/\"]}]},{\"@type\":\"ImageObject\",\"inLanguage\":\"de\",\"@id\":\"https:\/\/ses-creative.com\/de\/produkt\/mini-shrinkies-charms-lovely-ocean\/#primaryimage\",\"url\":\"https:\/\/ses-creative.com\/wp-content\/uploads\/2026\/01\/141711-1.jpg\",\"contentUrl\":\"https:\/\/ses-creative.com\/wp-content\/uploads\/2026\/01\/141711-1.jpg\",\"width\":1000,\"height\":1000},{\"@type\":\"BreadcrumbList\",\"@id\":\"https:\/\/ses-creative.com\/de\/produkt\/mini-shrinkies-charms-lovely-ocean\/#breadcrumb\",\"itemListElement\":[{\"@type\":\"ListItem\",\"position\":1,\"name\":\"Shop\",\"item\":\"https:\/\/ses-creative.com\/de\/shop\/\"},{\"@type\":\"ListItem\",\"position\":2,\"name\":\"Basteln\",\"item\":\"https:\/\/ses-creative.com\/de\/product-categorie\/basteln\/\"},{\"@type\":\"ListItem\",\"position\":3,\"name\":\"Mini Shrinkies &#8211; Charms Lovely Ocean\"}]},{\"@type\":\"WebSite\",\"@id\":\"https:\/\/ses-creative.com\/#website\",\"url\":\"https:\/\/ses-creative.com\/\",\"name\":\"SES Creative\",\"description\":\"\",\"publisher\":{\"@id\":\"https:\/\/ses-creative.com\/#organization\"},\"potentialAction\":[{\"@type\":\"SearchAction\",\"target\":{\"@type\":\"EntryPoint\",\"urlTemplate\":\"https:\/\/ses-creative.com\/?s={search_term_string}\"},\"query-input\":{\"@type\":\"PropertyValueSpecification\",\"valueRequired\":true,\"valueName\":\"search_term_string\"}}],\"inLanguage\":\"de\"},{\"@type\":\"Organization\",\"@id\":\"https:\/\/ses-creative.com\/#organization\",\"name\":\"SES Creative\",\"url\":\"https:\/\/ses-creative.com\/\",\"logo\":{\"@type\":\"ImageObject\",\"inLanguage\":\"de\",\"@id\":\"https:\/\/ses-creative.com\/#\/schema\/logo\/image\/\",\"url\":\"https:\/\/ses-creative.com\/wp-content\/uploads\/2025\/10\/ses-creative-logo.jpg\",\"contentUrl\":\"https:\/\/ses-creative.com\/wp-content\/uploads\/2025\/10\/ses-creative-logo.jpg\",\"width\":2037,\"height\":2037,\"caption\":\"SES Creative\"},\"image\":{\"@id\":\"https:\/\/ses-creative.com\/#\/schema\/logo\/image\/\"}}]}<\/script>\n<!-- \/ Yoast SEO plugin. -->","yoast_head_json":{"title":"Mini Shrinkies - Charms Lovely Ocean - SES Creative","robots":{"index":"index","follow":"follow","max-snippet":"max-snippet:-1","max-image-preview":"max-image-preview:large","max-video-preview":"max-video-preview:-1"},"canonical":"https:\/\/ses-creative.com\/de\/produkt\/mini-shrinkies-charms-lovely-ocean\/","og_locale":"de_DE","og_type":"article","og_title":"Mini Shrinkies - Charms Lovely Ocean - SES Creative","og_description":"Mini Shrinkies \u2013 Charms Lovely Ocean: Basteln, tragen und tauschen Sie Ihre eigenen magischen Charms! Mit den Mini Shrinkies \u2013 Charms Lovely Ocean von SES Creative kannst du selbst die sch\u00f6nsten Charms f\u00fcr dein eigenes Armband basteln. Male die vorgedruckte Schrumpffolieaus ,lass sie im Backofen schrumpfen und sieh zu, wie sich deine Entw\u00fcrfe in kleine, [&hellip;]","og_url":"https:\/\/ses-creative.com\/de\/produkt\/mini-shrinkies-charms-lovely-ocean\/","og_site_name":"SES Creative","article_modified_time":"2026-02-06T09:51:37+00:00","twitter_card":"summary_large_image","twitter_misc":{"Gesch\u00e4tzte Lesezeit":"2\u00a0Minuten"},"schema":{"@context":"https:\/\/schema.org","@graph":[{"@type":"WebPage","@id":"https:\/\/ses-creative.com\/de\/produkt\/mini-shrinkies-charms-lovely-ocean\/","url":"https:\/\/ses-creative.com\/de\/produkt\/mini-shrinkies-charms-lovely-ocean\/","name":"Mini Shrinkies - Charms Lovely Ocean - SES Creative","isPartOf":{"@id":"https:\/\/ses-creative.com\/#website"},"primaryImageOfPage":{"@id":"https:\/\/ses-creative.com\/de\/produkt\/mini-shrinkies-charms-lovely-ocean\/#primaryimage"},"image":{"@id":"https:\/\/ses-creative.com\/de\/produkt\/mini-shrinkies-charms-lovely-ocean\/#primaryimage"},"thumbnailUrl":"https:\/\/ses-creative.com\/wp-content\/uploads\/2026\/01\/141711-1.jpg","datePublished":"2026-02-05T13:52:40+00:00","dateModified":"2026-02-06T09:51:37+00:00","breadcrumb":{"@id":"https:\/\/ses-creative.com\/de\/produkt\/mini-shrinkies-charms-lovely-ocean\/#breadcrumb"},"inLanguage":"de","potentialAction":[{"@type":"ReadAction","target":["https:\/\/ses-creative.com\/de\/produkt\/mini-shrinkies-charms-lovely-ocean\/"]}]},{"@type":"ImageObject","inLanguage":"de","@id":"https:\/\/ses-creative.com\/de\/produkt\/mini-shrinkies-charms-lovely-ocean\/#primaryimage","url":"https:\/\/ses-creative.com\/wp-content\/uploads\/2026\/01\/141711-1.jpg","contentUrl":"https:\/\/ses-creative.com\/wp-content\/uploads\/2026\/01\/141711-1.jpg","width":1000,"height":1000},{"@type":"BreadcrumbList","@id":"https:\/\/ses-creative.com\/de\/produkt\/mini-shrinkies-charms-lovely-ocean\/#breadcrumb","itemListElement":[{"@type":"ListItem","position":1,"name":"Shop","item":"https:\/\/ses-creative.com\/de\/shop\/"},{"@type":"ListItem","position":2,"name":"Basteln","item":"https:\/\/ses-creative.com\/de\/product-categorie\/basteln\/"},{"@type":"ListItem","position":3,"name":"Mini Shrinkies &#8211; Charms Lovely Ocean"}]},{"@type":"WebSite","@id":"https:\/\/ses-creative.com\/#website","url":"https:\/\/ses-creative.com\/","name":"SES Creative","description":"","publisher":{"@id":"https:\/\/ses-creative.com\/#organization"},"potentialAction":[{"@type":"SearchAction","target":{"@type":"EntryPoint","urlTemplate":"https:\/\/ses-creative.com\/?s={search_term_string}"},"query-input":{"@type":"PropertyValueSpecification","valueRequired":true,"valueName":"search_term_string"}}],"inLanguage":"de"},{"@type":"Organization","@id":"https:\/\/ses-creative.com\/#organization","name":"SES Creative","url":"https:\/\/ses-creative.com\/","logo":{"@type":"ImageObject","inLanguage":"de","@id":"https:\/\/ses-creative.com\/#\/schema\/logo\/image\/","url":"https:\/\/ses-creative.com\/wp-content\/uploads\/2025\/10\/ses-creative-logo.jpg","contentUrl":"https:\/\/ses-creative.com\/wp-content\/uploads\/2025\/10\/ses-creative-logo.jpg","width":2037,"height":2037,"caption":"SES Creative"},"image":{"@id":"https:\/\/ses-creative.com\/#\/schema\/logo\/image\/"}}]}},"_links":{"self":[{"href":"https:\/\/ses-creative.com\/de\/wp-json\/wp\/v2\/product\/114680","targetHints":{"allow":["GET"]}}],"collection":[{"href":"https:\/\/ses-creative.com\/de\/wp-json\/wp\/v2\/product"}],"about":[{"href":"https:\/\/ses-creative.com\/de\/wp-json\/wp\/v2\/types\/product"}],"replies":[{"embeddable":true,"href":"https:\/\/ses-creative.com\/de\/wp-json\/wp\/v2\/comments?post=114680"}],"wp:featuredmedia":[{"embeddable":true,"href":"https:\/\/ses-creative.com\/de\/wp-json\/wp\/v2\/media\/107474"}],"wp:attachment":[{"href":"https:\/\/ses-creative.com\/de\/wp-json\/wp\/v2\/media?parent=114680"}],"wp:term":[{"taxonomy":"product_brand","embeddable":true,"href":"https:\/\/ses-creative.com\/de\/wp-json\/wp\/v2\/product_brand?post=114680"},{"taxonomy":"product_cat","embeddable":true,"href":"https:\/\/ses-creative.com\/de\/wp-json\/wp\/v2\/product_cat?post=114680"},{"taxonomy":"product_tag","embeddable":true,"href":"https:\/\/ses-creative.com\/de\/wp-json\/wp\/v2\/product_tag?post=114680"}],"curies":[{"name":"wp","href":"https:\/\/api.w.org\/{rel}","templated":true}]}}