











{"id":114679,"date":"2026-02-05T13:52:40","date_gmt":"2026-02-05T13:52:40","guid":{"rendered":"https:\/\/ses-creative.com\/?post_type=product&#038;p=114679"},"modified":"2026-02-06T09:51:37","modified_gmt":"2026-02-06T09:51:37","slug":"mini-shrinkies-charms-design-studio","status":"publish","type":"product","link":"https:\/\/ses-creative.com\/de\/produkt\/mini-shrinkies-charms-design-studio\/","title":{"rendered":"Mini Shrinkies &#8211; Charms Design Studio"},"content":{"rendered":"<p>Mini Shrinkies \u2013 Charms Design Studio: Entwerfen, aufbewahren und tauschen Sie Ihren eigenen Schmuck!<\/p>\n<p>Mit den Mini Shrinkies \u2013 Charms Design Studio von SES Creative kannst du ganz alleine den sch\u00f6nsten Schmuck basteln. Verwende die magische Schrumpffolie, um einzigartige Anh\u00e4nger zu entwerfen, male sie mit den Buntstiften aus und lass sie im Backofen zu festen, gl\u00e4nzenden Charms schrumpfen. In dem praktischen Designstudio kannst du nicht nur deine Armb\u00e4nder entwerfen, sondern auch deine Anh\u00e4nger und Perlen \u00fcbersichtlich in den Sortierbeh\u00e4ltern aufbewahren.<\/p>\n<p>Das Set enth\u00e4lt au\u00dferdem trendige Buchstabenperlen, farbige Perlen und Draht, um besonders kreativen Schmuck herzustellen. Kombinieren Sie die Anh\u00e4nger, tauschen Sie sie zwischen verschiedenen Armb\u00e4ndern aus oder tauschen Sie sie mit Freunden \u2013 Ihre Sammlung wird nie gleich bleiben!<\/p>\n<p>Was dieses Set so toll macht<\/p>\n<p>Gestalte bis zu zwanzig einzigartige Anh\u00e4nger f\u00fcr dein Gliederarmband und anderen selbstgemachten Schmuck.<\/p>\n<p>Entwerfen, f\u00e4rben und bewahren Sie Ihre Kreationen im praktischen Designstudio mit Sortierf\u00e4chern auf<\/p>\n<p>Enth\u00e4lt bunte Perlen, trendige Buchstabenperlen und Garn f\u00fcr besonders viele Gestaltungsm\u00f6glichkeiten<\/p>\n<p>Vorgedruckte Schrumpffolie, die sich leicht einf\u00e4rben l\u00e4sst und f\u00fcr ein sch\u00f6nes, sauberes Endergebnis sorgt<\/p>\n<p>Magischer Schrumpfeffekt und zehn Buntstifte, um deine eigenen Designs zum Leben zu erwecken<\/p>\n<p>Kreativit\u00e4t organisiert in Ihrem eigenen Studio<\/p>\n<p>Das Mini Shrinkies \u2013 Charms Design Studio ist der kreative Traum f\u00fcr junge Schmuckdesigner. Kinder k\u00f6nnen ihre eigene Schmucklinie entwerfen, mit Farben und Materialien experimentieren und alles ordentlich f\u00fcr ihre n\u00e4chste Kreation aufbewahren. Das macht nicht nur Spa\u00df und ist lehrreich, sondern ist auch eine tolle M\u00f6glichkeit, mit Freunden Charms zu tauschen und einzigartige Kombinationen zu entwerfen.<\/p>\n<p>Inhalt des Sets<\/p>\n<p>10 Buntstifte<\/p>\n<p>Gliederarmband<\/p>\n<p>20 Verschl\u00fcsse und 20 \u00d6sen<\/p>\n<p>Rosa Glanzgarn<\/p>\n<p>Bedruckte Schrumpffolie f\u00fcr 20 Anh\u00e4nger<\/p>\n<p>Anleitung<\/p>\n<p>Warum SES Creative w\u00e4hlen?<\/p>\n<p>Bei SES Creative legen wir gro\u00dfen Wert auf Sicherheit und Qualit\u00e4t. Alle unsere Produkte werden mit Sorgfalt entwickelt und in unserer eigenen Fabrik in den Niederlanden gem\u00e4\u00df den strengsten europ\u00e4ischen Sicherheitsnormen getestet. SES Creative steht f\u00fcr Kreativit\u00e4t, Spa\u00df und Entwicklung, damit Kinder stolz auf das sein k\u00f6nnen, was sie herstellen.<\/p>\n<p>Entwerfen, mischen und bewahren Sie Ihre einzigartige Sammlung<\/p>\n<p>Mit dem Mini Shrinkies \u2013 Charms Design Studio von SES Creative k\u00f6nnen Kinder ihren eigenen Schmuck entwerfen, Anh\u00e4nger basteln, Perlen auff\u00e4deln und ihre Kreationen ordentlich aufbewahren. F\u00e4rben, schrumpfen, kombinieren und tauschen \u2013 alles, was du f\u00fcr endlosen Schmuck-Spa\u00df brauchst!<\/p>\n","protected":false},"excerpt":{"rendered":"<p>Mini Shrinkies \u2013 Charms Design Studio: Entwerfen, aufbewahren und tauschen Sie Ihren eigenen Schmuck! Mit den Mini Shrinkies \u2013 Charms Design Studio von SES Creative kannst du ganz alleine den sch\u00f6nsten Schmuck basteln. Verwende die magische Schrumpffolie, um einzigartige Anh\u00e4nger zu entwerfen, male sie mit den Buntstiften aus und lass sie im Backofen zu festen, [&hellip;]<\/p>\n","protected":false},"featured_media":107469,"comment_status":"closed","ping_status":"closed","template":"","meta":{"_acf_changed":false},"product_brand":[],"product_cat":[115],"product_tag":[],"class_list":{"0":"post-114679","1":"product","2":"type-product","3":"status-publish","4":"has-post-thumbnail","6":"product_cat-basteln","7":"pa_collecties-mini-shrinkies","8":"pa_leeftijd-filter-4-6-jahre","9":"pa_meest-populair-bij-maedchen","11":"first","12":"instock","13":"shipping-taxable","14":"product-type-simple"},"acf":[],"yoast_head":"<!-- This site is optimized with the Yoast SEO plugin v27.2 - https:\/\/yoast.com\/product\/yoast-seo-wordpress\/ -->\n<title>Mini Shrinkies - Charms Design Studio - SES Creative<\/title>\n<meta name=\"robots\" content=\"index, follow, max-snippet:-1, max-image-preview:large, max-video-preview:-1\" \/>\n<link rel=\"canonical\" href=\"https:\/\/ses-creative.com\/de\/produkt\/mini-shrinkies-charms-design-studio\/\" \/>\n<meta property=\"og:locale\" content=\"de_DE\" \/>\n<meta property=\"og:type\" content=\"article\" \/>\n<meta property=\"og:title\" content=\"Mini Shrinkies - Charms Design Studio - SES Creative\" \/>\n<meta property=\"og:description\" content=\"Mini Shrinkies \u2013 Charms Design Studio: Entwerfen, aufbewahren und tauschen Sie Ihren eigenen Schmuck! Mit den Mini Shrinkies \u2013 Charms Design Studio von SES Creative kannst du ganz alleine den sch\u00f6nsten Schmuck basteln. Verwende die magische Schrumpffolie, um einzigartige Anh\u00e4nger zu entwerfen, male sie mit den Buntstiften aus und lass sie im Backofen zu festen, [&hellip;]\" \/>\n<meta property=\"og:url\" content=\"https:\/\/ses-creative.com\/de\/produkt\/mini-shrinkies-charms-design-studio\/\" \/>\n<meta property=\"og:site_name\" content=\"SES Creative\" \/>\n<meta property=\"article:modified_time\" content=\"2026-02-06T09:51:37+00:00\" \/>\n<meta name=\"twitter:card\" content=\"summary_large_image\" \/>\n<meta name=\"twitter:label1\" content=\"Gesch\u00e4tzte Lesezeit\" \/>\n\t<meta name=\"twitter:data1\" content=\"2\u00a0Minuten\" \/>\n<script type=\"application\/ld+json\" class=\"yoast-schema-graph\">{\"@context\":\"https:\/\/schema.org\",\"@graph\":[{\"@type\":\"WebPage\",\"@id\":\"https:\/\/ses-creative.com\/de\/produkt\/mini-shrinkies-charms-design-studio\/\",\"url\":\"https:\/\/ses-creative.com\/de\/produkt\/mini-shrinkies-charms-design-studio\/\",\"name\":\"Mini Shrinkies - Charms Design Studio - SES Creative\",\"isPartOf\":{\"@id\":\"https:\/\/ses-creative.com\/#website\"},\"primaryImageOfPage\":{\"@id\":\"https:\/\/ses-creative.com\/de\/produkt\/mini-shrinkies-charms-design-studio\/#primaryimage\"},\"image\":{\"@id\":\"https:\/\/ses-creative.com\/de\/produkt\/mini-shrinkies-charms-design-studio\/#primaryimage\"},\"thumbnailUrl\":\"https:\/\/ses-creative.com\/wp-content\/uploads\/2026\/01\/141701-1.jpg\",\"datePublished\":\"2026-02-05T13:52:40+00:00\",\"dateModified\":\"2026-02-06T09:51:37+00:00\",\"breadcrumb\":{\"@id\":\"https:\/\/ses-creative.com\/de\/produkt\/mini-shrinkies-charms-design-studio\/#breadcrumb\"},\"inLanguage\":\"de\",\"potentialAction\":[{\"@type\":\"ReadAction\",\"target\":[\"https:\/\/ses-creative.com\/de\/produkt\/mini-shrinkies-charms-design-studio\/\"]}]},{\"@type\":\"ImageObject\",\"inLanguage\":\"de\",\"@id\":\"https:\/\/ses-creative.com\/de\/produkt\/mini-shrinkies-charms-design-studio\/#primaryimage\",\"url\":\"https:\/\/ses-creative.com\/wp-content\/uploads\/2026\/01\/141701-1.jpg\",\"contentUrl\":\"https:\/\/ses-creative.com\/wp-content\/uploads\/2026\/01\/141701-1.jpg\",\"width\":1000,\"height\":1000},{\"@type\":\"BreadcrumbList\",\"@id\":\"https:\/\/ses-creative.com\/de\/produkt\/mini-shrinkies-charms-design-studio\/#breadcrumb\",\"itemListElement\":[{\"@type\":\"ListItem\",\"position\":1,\"name\":\"Shop\",\"item\":\"https:\/\/ses-creative.com\/de\/shop\/\"},{\"@type\":\"ListItem\",\"position\":2,\"name\":\"Basteln\",\"item\":\"https:\/\/ses-creative.com\/de\/product-categorie\/basteln\/\"},{\"@type\":\"ListItem\",\"position\":3,\"name\":\"Mini Shrinkies &#8211; Charms Design Studio\"}]},{\"@type\":\"WebSite\",\"@id\":\"https:\/\/ses-creative.com\/#website\",\"url\":\"https:\/\/ses-creative.com\/\",\"name\":\"SES Creative\",\"description\":\"\",\"publisher\":{\"@id\":\"https:\/\/ses-creative.com\/#organization\"},\"potentialAction\":[{\"@type\":\"SearchAction\",\"target\":{\"@type\":\"EntryPoint\",\"urlTemplate\":\"https:\/\/ses-creative.com\/?s={search_term_string}\"},\"query-input\":{\"@type\":\"PropertyValueSpecification\",\"valueRequired\":true,\"valueName\":\"search_term_string\"}}],\"inLanguage\":\"de\"},{\"@type\":\"Organization\",\"@id\":\"https:\/\/ses-creative.com\/#organization\",\"name\":\"SES Creative\",\"url\":\"https:\/\/ses-creative.com\/\",\"logo\":{\"@type\":\"ImageObject\",\"inLanguage\":\"de\",\"@id\":\"https:\/\/ses-creative.com\/#\/schema\/logo\/image\/\",\"url\":\"https:\/\/ses-creative.com\/wp-content\/uploads\/2025\/10\/ses-creative-logo.jpg\",\"contentUrl\":\"https:\/\/ses-creative.com\/wp-content\/uploads\/2025\/10\/ses-creative-logo.jpg\",\"width\":2037,\"height\":2037,\"caption\":\"SES Creative\"},\"image\":{\"@id\":\"https:\/\/ses-creative.com\/#\/schema\/logo\/image\/\"}}]}<\/script>\n<!-- \/ Yoast SEO plugin. -->","yoast_head_json":{"title":"Mini Shrinkies - Charms Design Studio - SES Creative","robots":{"index":"index","follow":"follow","max-snippet":"max-snippet:-1","max-image-preview":"max-image-preview:large","max-video-preview":"max-video-preview:-1"},"canonical":"https:\/\/ses-creative.com\/de\/produkt\/mini-shrinkies-charms-design-studio\/","og_locale":"de_DE","og_type":"article","og_title":"Mini Shrinkies - Charms Design Studio - SES Creative","og_description":"Mini Shrinkies \u2013 Charms Design Studio: Entwerfen, aufbewahren und tauschen Sie Ihren eigenen Schmuck! Mit den Mini Shrinkies \u2013 Charms Design Studio von SES Creative kannst du ganz alleine den sch\u00f6nsten Schmuck basteln. Verwende die magische Schrumpffolie, um einzigartige Anh\u00e4nger zu entwerfen, male sie mit den Buntstiften aus und lass sie im Backofen zu festen, [&hellip;]","og_url":"https:\/\/ses-creative.com\/de\/produkt\/mini-shrinkies-charms-design-studio\/","og_site_name":"SES Creative","article_modified_time":"2026-02-06T09:51:37+00:00","twitter_card":"summary_large_image","twitter_misc":{"Gesch\u00e4tzte Lesezeit":"2\u00a0Minuten"},"schema":{"@context":"https:\/\/schema.org","@graph":[{"@type":"WebPage","@id":"https:\/\/ses-creative.com\/de\/produkt\/mini-shrinkies-charms-design-studio\/","url":"https:\/\/ses-creative.com\/de\/produkt\/mini-shrinkies-charms-design-studio\/","name":"Mini Shrinkies - Charms Design Studio - SES Creative","isPartOf":{"@id":"https:\/\/ses-creative.com\/#website"},"primaryImageOfPage":{"@id":"https:\/\/ses-creative.com\/de\/produkt\/mini-shrinkies-charms-design-studio\/#primaryimage"},"image":{"@id":"https:\/\/ses-creative.com\/de\/produkt\/mini-shrinkies-charms-design-studio\/#primaryimage"},"thumbnailUrl":"https:\/\/ses-creative.com\/wp-content\/uploads\/2026\/01\/141701-1.jpg","datePublished":"2026-02-05T13:52:40+00:00","dateModified":"2026-02-06T09:51:37+00:00","breadcrumb":{"@id":"https:\/\/ses-creative.com\/de\/produkt\/mini-shrinkies-charms-design-studio\/#breadcrumb"},"inLanguage":"de","potentialAction":[{"@type":"ReadAction","target":["https:\/\/ses-creative.com\/de\/produkt\/mini-shrinkies-charms-design-studio\/"]}]},{"@type":"ImageObject","inLanguage":"de","@id":"https:\/\/ses-creative.com\/de\/produkt\/mini-shrinkies-charms-design-studio\/#primaryimage","url":"https:\/\/ses-creative.com\/wp-content\/uploads\/2026\/01\/141701-1.jpg","contentUrl":"https:\/\/ses-creative.com\/wp-content\/uploads\/2026\/01\/141701-1.jpg","width":1000,"height":1000},{"@type":"BreadcrumbList","@id":"https:\/\/ses-creative.com\/de\/produkt\/mini-shrinkies-charms-design-studio\/#breadcrumb","itemListElement":[{"@type":"ListItem","position":1,"name":"Shop","item":"https:\/\/ses-creative.com\/de\/shop\/"},{"@type":"ListItem","position":2,"name":"Basteln","item":"https:\/\/ses-creative.com\/de\/product-categorie\/basteln\/"},{"@type":"ListItem","position":3,"name":"Mini Shrinkies &#8211; Charms Design Studio"}]},{"@type":"WebSite","@id":"https:\/\/ses-creative.com\/#website","url":"https:\/\/ses-creative.com\/","name":"SES Creative","description":"","publisher":{"@id":"https:\/\/ses-creative.com\/#organization"},"potentialAction":[{"@type":"SearchAction","target":{"@type":"EntryPoint","urlTemplate":"https:\/\/ses-creative.com\/?s={search_term_string}"},"query-input":{"@type":"PropertyValueSpecification","valueRequired":true,"valueName":"search_term_string"}}],"inLanguage":"de"},{"@type":"Organization","@id":"https:\/\/ses-creative.com\/#organization","name":"SES Creative","url":"https:\/\/ses-creative.com\/","logo":{"@type":"ImageObject","inLanguage":"de","@id":"https:\/\/ses-creative.com\/#\/schema\/logo\/image\/","url":"https:\/\/ses-creative.com\/wp-content\/uploads\/2025\/10\/ses-creative-logo.jpg","contentUrl":"https:\/\/ses-creative.com\/wp-content\/uploads\/2025\/10\/ses-creative-logo.jpg","width":2037,"height":2037,"caption":"SES Creative"},"image":{"@id":"https:\/\/ses-creative.com\/#\/schema\/logo\/image\/"}}]}},"_links":{"self":[{"href":"https:\/\/ses-creative.com\/de\/wp-json\/wp\/v2\/product\/114679","targetHints":{"allow":["GET"]}}],"collection":[{"href":"https:\/\/ses-creative.com\/de\/wp-json\/wp\/v2\/product"}],"about":[{"href":"https:\/\/ses-creative.com\/de\/wp-json\/wp\/v2\/types\/product"}],"replies":[{"embeddable":true,"href":"https:\/\/ses-creative.com\/de\/wp-json\/wp\/v2\/comments?post=114679"}],"wp:featuredmedia":[{"embeddable":true,"href":"https:\/\/ses-creative.com\/de\/wp-json\/wp\/v2\/media\/107469"}],"wp:attachment":[{"href":"https:\/\/ses-creative.com\/de\/wp-json\/wp\/v2\/media?parent=114679"}],"wp:term":[{"taxonomy":"product_brand","embeddable":true,"href":"https:\/\/ses-creative.com\/de\/wp-json\/wp\/v2\/product_brand?post=114679"},{"taxonomy":"product_cat","embeddable":true,"href":"https:\/\/ses-creative.com\/de\/wp-json\/wp\/v2\/product_cat?post=114679"},{"taxonomy":"product_tag","embeddable":true,"href":"https:\/\/ses-creative.com\/de\/wp-json\/wp\/v2\/product_tag?post=114679"}],"curies":[{"name":"wp","href":"https:\/\/api.w.org\/{rel}","templated":true}]}}