











{"id":114678,"date":"2026-02-05T13:52:40","date_gmt":"2026-02-05T13:52:40","guid":{"rendered":"https:\/\/ses-creative.com\/?post_type=product&#038;p=114678"},"modified":"2026-02-06T09:51:37","modified_gmt":"2026-02-06T09:51:37","slug":"nail-art-salon","status":"publish","type":"product","link":"https:\/\/ses-creative.com\/de\/produkt\/nail-art-salon\/","title":{"rendered":"Nail Art Salon"},"content":{"rendered":"<p>Nail Art Salon: Gestalte die sch\u00f6nsten N\u00e4gel in deinem eigenen Studio!<\/p>\n<p>Mit dem Nail Art Salon von SES Creative kreierst du ganz allein die sch\u00f6nsten N\u00e4gel. Lackiere deine N\u00e4gel in einer der sechs fr\u00f6hlichen Farben, trockne sie schnell mit dem speziellen Nageltrockner und verziere sie anschlie\u00dfend mit glitzernden Diamanten oder fr\u00f6hlichen Einhorn-Dekorationen. Jedes Mal entsteht ein einzigartiger Look, ganz nach deinem Geschmack. Lass deiner Fantasie freien Lauf und entdecke, wie viel Spa\u00df es macht, dein eigenes Nagelstudio zu betreiben.<\/p>\n<p>Was dieses Set so toll macht<\/p>\n<p>Inklusive batteriebetriebenem Nageltrockner (3\u00d7 AAA-Batterien nicht im Lieferumfang enthalten) f\u00fcr ein komplettes Nagelstudio-Erlebnis<\/p>\n<p>Kindernagellack ist sicher und l\u00e4sst sich ohne Entferner leicht abnehmen<\/p>\n<p>Verzieren Sie Ihre N\u00e4gel mit glitzernden Diamanten und fr\u00f6hlichen Einhornfiguren<\/p>\n<p>Mit Nagelfeile, Pinsel und Holzst\u00e4bchen f\u00fcr eine perfekte Vorbereitung und pr\u00e4zises Auftragen<\/p>\n<p>Sechs trendige Nagellackfarben, die miteinander gemischt werden k\u00f6nnen, f\u00fcr noch kreativere Beauty-Looks<\/p>\n<p>Kreativ, farbenfroh und ganz individuell<\/p>\n<p>Der Nail Art Salon vereint Mode und Kreativit\u00e4t in einem Set. Kinder k\u00f6nnen sicher mit Farben und Stilen experimentieren, ihre Feinmotorik entwickeln und stolz ihre eigenen Beauty-Kreationen genie\u00dfen. Eine sch\u00f6ne Besch\u00e4ftigung f\u00fcr allein oder zusammen mit Freundinnen, perfekt f\u00fcr einen Nachmittag voller Glitzer, Farben und Spa\u00df.<\/p>\n<p>Inhalt des Sets<\/p>\n<p>6 Farben Nagellack<\/p>\n<p>Pinsel<\/p>\n<p>Nagelfeile<\/p>\n<p>Unicorn-Nageldekorationen<\/p>\n<p>Glitzersteine in drei Farben<\/p>\n<p>Holzst\u00e4bchen zum Umr\u00fchren und Auftragen von Details<\/p>\n<p>Nageltrockner (ohne 3\u00d7 AAA-Batterien)<\/p>\n<p>Anleitung<\/p>\n<p>Warum SES Creative w\u00e4hlen?<\/p>\n<p>Bei SES Creative legen wir gro\u00dfen Wert auf Sicherheit und Qualit\u00e4t. Alle unsere Produkte werden mit Sorgfalt in unserer eigenen Fabrik in den Niederlanden entwickelt und getestet und entsprechen den strengsten europ\u00e4ischen Sicherheitsnormen. SES Creative steht f\u00fcr Kreativit\u00e4t, Spa\u00df und Entwicklung, damit Kinder stolz auf das sein k\u00f6nnen, was sie herstellen.<\/p>\n<p>Kreieren Sie Ihren eigenen Beauty-Look<\/p>\n<p>Entdecke die Magie von Farbe, Glitzer und Stil mit dem Nail Art Salon von SES Creative. Lackieren, trocknen, verzieren und gl\u00e4nzen: jeden Tag aufs Neue!<\/p>\n","protected":false},"excerpt":{"rendered":"<p>Nail Art Salon: Gestalte die sch\u00f6nsten N\u00e4gel in deinem eigenen Studio! Mit dem Nail Art Salon von SES Creative kreierst du ganz allein die sch\u00f6nsten N\u00e4gel. Lackiere deine N\u00e4gel in einer der sechs fr\u00f6hlichen Farben, trockne sie schnell mit dem speziellen Nageltrockner und verziere sie anschlie\u00dfend mit glitzernden Diamanten oder fr\u00f6hlichen Einhorn-Dekorationen. Jedes Mal entsteht [&hellip;]<\/p>\n","protected":false},"featured_media":107464,"comment_status":"closed","ping_status":"closed","template":"","meta":{"_acf_changed":false},"product_brand":[],"product_cat":[115],"product_tag":[],"class_list":{"0":"post-114678","1":"product","2":"type-product","3":"status-publish","4":"has-post-thumbnail","6":"product_cat-basteln","7":"pa_leeftijd-filter-4-6-jahre","8":"pa_meest-populair-bij-maedchen","10":"first","11":"instock","12":"shipping-taxable","13":"product-type-simple"},"acf":[],"yoast_head":"<!-- This site is optimized with the Yoast SEO plugin v27.2 - https:\/\/yoast.com\/product\/yoast-seo-wordpress\/ -->\n<title>Nail Art Salon - SES Creative<\/title>\n<meta name=\"robots\" content=\"index, follow, max-snippet:-1, max-image-preview:large, max-video-preview:-1\" \/>\n<link rel=\"canonical\" href=\"https:\/\/ses-creative.com\/de\/produkt\/nail-art-salon\/\" \/>\n<meta property=\"og:locale\" content=\"de_DE\" \/>\n<meta property=\"og:type\" content=\"article\" \/>\n<meta property=\"og:title\" content=\"Nail Art Salon - SES Creative\" \/>\n<meta property=\"og:description\" content=\"Nail Art Salon: Gestalte die sch\u00f6nsten N\u00e4gel in deinem eigenen Studio! Mit dem Nail Art Salon von SES Creative kreierst du ganz allein die sch\u00f6nsten N\u00e4gel. Lackiere deine N\u00e4gel in einer der sechs fr\u00f6hlichen Farben, trockne sie schnell mit dem speziellen Nageltrockner und verziere sie anschlie\u00dfend mit glitzernden Diamanten oder fr\u00f6hlichen Einhorn-Dekorationen. Jedes Mal entsteht [&hellip;]\" \/>\n<meta property=\"og:url\" content=\"https:\/\/ses-creative.com\/de\/produkt\/nail-art-salon\/\" \/>\n<meta property=\"og:site_name\" content=\"SES Creative\" \/>\n<meta property=\"article:modified_time\" content=\"2026-02-06T09:51:37+00:00\" \/>\n<meta name=\"twitter:card\" content=\"summary_large_image\" \/>\n<meta name=\"twitter:label1\" content=\"Gesch\u00e4tzte Lesezeit\" \/>\n\t<meta name=\"twitter:data1\" content=\"2\u00a0Minuten\" \/>\n<script type=\"application\/ld+json\" class=\"yoast-schema-graph\">{\"@context\":\"https:\/\/schema.org\",\"@graph\":[{\"@type\":\"WebPage\",\"@id\":\"https:\/\/ses-creative.com\/de\/produkt\/nail-art-salon\/\",\"url\":\"https:\/\/ses-creative.com\/de\/produkt\/nail-art-salon\/\",\"name\":\"Nail Art Salon - SES Creative\",\"isPartOf\":{\"@id\":\"https:\/\/ses-creative.com\/#website\"},\"primaryImageOfPage\":{\"@id\":\"https:\/\/ses-creative.com\/de\/produkt\/nail-art-salon\/#primaryimage\"},\"image\":{\"@id\":\"https:\/\/ses-creative.com\/de\/produkt\/nail-art-salon\/#primaryimage\"},\"thumbnailUrl\":\"https:\/\/ses-creative.com\/wp-content\/uploads\/2026\/01\/141561-1.jpg\",\"datePublished\":\"2026-02-05T13:52:40+00:00\",\"dateModified\":\"2026-02-06T09:51:37+00:00\",\"breadcrumb\":{\"@id\":\"https:\/\/ses-creative.com\/de\/produkt\/nail-art-salon\/#breadcrumb\"},\"inLanguage\":\"de\",\"potentialAction\":[{\"@type\":\"ReadAction\",\"target\":[\"https:\/\/ses-creative.com\/de\/produkt\/nail-art-salon\/\"]}]},{\"@type\":\"ImageObject\",\"inLanguage\":\"de\",\"@id\":\"https:\/\/ses-creative.com\/de\/produkt\/nail-art-salon\/#primaryimage\",\"url\":\"https:\/\/ses-creative.com\/wp-content\/uploads\/2026\/01\/141561-1.jpg\",\"contentUrl\":\"https:\/\/ses-creative.com\/wp-content\/uploads\/2026\/01\/141561-1.jpg\",\"width\":1000,\"height\":1000},{\"@type\":\"BreadcrumbList\",\"@id\":\"https:\/\/ses-creative.com\/de\/produkt\/nail-art-salon\/#breadcrumb\",\"itemListElement\":[{\"@type\":\"ListItem\",\"position\":1,\"name\":\"Shop\",\"item\":\"https:\/\/ses-creative.com\/de\/shop\/\"},{\"@type\":\"ListItem\",\"position\":2,\"name\":\"Basteln\",\"item\":\"https:\/\/ses-creative.com\/de\/product-categorie\/basteln\/\"},{\"@type\":\"ListItem\",\"position\":3,\"name\":\"Nail Art Salon\"}]},{\"@type\":\"WebSite\",\"@id\":\"https:\/\/ses-creative.com\/#website\",\"url\":\"https:\/\/ses-creative.com\/\",\"name\":\"SES Creative\",\"description\":\"\",\"publisher\":{\"@id\":\"https:\/\/ses-creative.com\/#organization\"},\"potentialAction\":[{\"@type\":\"SearchAction\",\"target\":{\"@type\":\"EntryPoint\",\"urlTemplate\":\"https:\/\/ses-creative.com\/?s={search_term_string}\"},\"query-input\":{\"@type\":\"PropertyValueSpecification\",\"valueRequired\":true,\"valueName\":\"search_term_string\"}}],\"inLanguage\":\"de\"},{\"@type\":\"Organization\",\"@id\":\"https:\/\/ses-creative.com\/#organization\",\"name\":\"SES Creative\",\"url\":\"https:\/\/ses-creative.com\/\",\"logo\":{\"@type\":\"ImageObject\",\"inLanguage\":\"de\",\"@id\":\"https:\/\/ses-creative.com\/#\/schema\/logo\/image\/\",\"url\":\"https:\/\/ses-creative.com\/wp-content\/uploads\/2025\/10\/ses-creative-logo.jpg\",\"contentUrl\":\"https:\/\/ses-creative.com\/wp-content\/uploads\/2025\/10\/ses-creative-logo.jpg\",\"width\":2037,\"height\":2037,\"caption\":\"SES Creative\"},\"image\":{\"@id\":\"https:\/\/ses-creative.com\/#\/schema\/logo\/image\/\"}}]}<\/script>\n<!-- \/ Yoast SEO plugin. -->","yoast_head_json":{"title":"Nail Art Salon - SES Creative","robots":{"index":"index","follow":"follow","max-snippet":"max-snippet:-1","max-image-preview":"max-image-preview:large","max-video-preview":"max-video-preview:-1"},"canonical":"https:\/\/ses-creative.com\/de\/produkt\/nail-art-salon\/","og_locale":"de_DE","og_type":"article","og_title":"Nail Art Salon - SES Creative","og_description":"Nail Art Salon: Gestalte die sch\u00f6nsten N\u00e4gel in deinem eigenen Studio! Mit dem Nail Art Salon von SES Creative kreierst du ganz allein die sch\u00f6nsten N\u00e4gel. Lackiere deine N\u00e4gel in einer der sechs fr\u00f6hlichen Farben, trockne sie schnell mit dem speziellen Nageltrockner und verziere sie anschlie\u00dfend mit glitzernden Diamanten oder fr\u00f6hlichen Einhorn-Dekorationen. Jedes Mal entsteht [&hellip;]","og_url":"https:\/\/ses-creative.com\/de\/produkt\/nail-art-salon\/","og_site_name":"SES Creative","article_modified_time":"2026-02-06T09:51:37+00:00","twitter_card":"summary_large_image","twitter_misc":{"Gesch\u00e4tzte Lesezeit":"2\u00a0Minuten"},"schema":{"@context":"https:\/\/schema.org","@graph":[{"@type":"WebPage","@id":"https:\/\/ses-creative.com\/de\/produkt\/nail-art-salon\/","url":"https:\/\/ses-creative.com\/de\/produkt\/nail-art-salon\/","name":"Nail Art Salon - SES Creative","isPartOf":{"@id":"https:\/\/ses-creative.com\/#website"},"primaryImageOfPage":{"@id":"https:\/\/ses-creative.com\/de\/produkt\/nail-art-salon\/#primaryimage"},"image":{"@id":"https:\/\/ses-creative.com\/de\/produkt\/nail-art-salon\/#primaryimage"},"thumbnailUrl":"https:\/\/ses-creative.com\/wp-content\/uploads\/2026\/01\/141561-1.jpg","datePublished":"2026-02-05T13:52:40+00:00","dateModified":"2026-02-06T09:51:37+00:00","breadcrumb":{"@id":"https:\/\/ses-creative.com\/de\/produkt\/nail-art-salon\/#breadcrumb"},"inLanguage":"de","potentialAction":[{"@type":"ReadAction","target":["https:\/\/ses-creative.com\/de\/produkt\/nail-art-salon\/"]}]},{"@type":"ImageObject","inLanguage":"de","@id":"https:\/\/ses-creative.com\/de\/produkt\/nail-art-salon\/#primaryimage","url":"https:\/\/ses-creative.com\/wp-content\/uploads\/2026\/01\/141561-1.jpg","contentUrl":"https:\/\/ses-creative.com\/wp-content\/uploads\/2026\/01\/141561-1.jpg","width":1000,"height":1000},{"@type":"BreadcrumbList","@id":"https:\/\/ses-creative.com\/de\/produkt\/nail-art-salon\/#breadcrumb","itemListElement":[{"@type":"ListItem","position":1,"name":"Shop","item":"https:\/\/ses-creative.com\/de\/shop\/"},{"@type":"ListItem","position":2,"name":"Basteln","item":"https:\/\/ses-creative.com\/de\/product-categorie\/basteln\/"},{"@type":"ListItem","position":3,"name":"Nail Art Salon"}]},{"@type":"WebSite","@id":"https:\/\/ses-creative.com\/#website","url":"https:\/\/ses-creative.com\/","name":"SES Creative","description":"","publisher":{"@id":"https:\/\/ses-creative.com\/#organization"},"potentialAction":[{"@type":"SearchAction","target":{"@type":"EntryPoint","urlTemplate":"https:\/\/ses-creative.com\/?s={search_term_string}"},"query-input":{"@type":"PropertyValueSpecification","valueRequired":true,"valueName":"search_term_string"}}],"inLanguage":"de"},{"@type":"Organization","@id":"https:\/\/ses-creative.com\/#organization","name":"SES Creative","url":"https:\/\/ses-creative.com\/","logo":{"@type":"ImageObject","inLanguage":"de","@id":"https:\/\/ses-creative.com\/#\/schema\/logo\/image\/","url":"https:\/\/ses-creative.com\/wp-content\/uploads\/2025\/10\/ses-creative-logo.jpg","contentUrl":"https:\/\/ses-creative.com\/wp-content\/uploads\/2025\/10\/ses-creative-logo.jpg","width":2037,"height":2037,"caption":"SES Creative"},"image":{"@id":"https:\/\/ses-creative.com\/#\/schema\/logo\/image\/"}}]}},"_links":{"self":[{"href":"https:\/\/ses-creative.com\/de\/wp-json\/wp\/v2\/product\/114678","targetHints":{"allow":["GET"]}}],"collection":[{"href":"https:\/\/ses-creative.com\/de\/wp-json\/wp\/v2\/product"}],"about":[{"href":"https:\/\/ses-creative.com\/de\/wp-json\/wp\/v2\/types\/product"}],"replies":[{"embeddable":true,"href":"https:\/\/ses-creative.com\/de\/wp-json\/wp\/v2\/comments?post=114678"}],"wp:featuredmedia":[{"embeddable":true,"href":"https:\/\/ses-creative.com\/de\/wp-json\/wp\/v2\/media\/107464"}],"wp:attachment":[{"href":"https:\/\/ses-creative.com\/de\/wp-json\/wp\/v2\/media?parent=114678"}],"wp:term":[{"taxonomy":"product_brand","embeddable":true,"href":"https:\/\/ses-creative.com\/de\/wp-json\/wp\/v2\/product_brand?post=114678"},{"taxonomy":"product_cat","embeddable":true,"href":"https:\/\/ses-creative.com\/de\/wp-json\/wp\/v2\/product_cat?post=114678"},{"taxonomy":"product_tag","embeddable":true,"href":"https:\/\/ses-creative.com\/de\/wp-json\/wp\/v2\/product_tag?post=114678"}],"curies":[{"name":"wp","href":"https:\/\/api.w.org\/{rel}","templated":true}]}}