











{"id":114677,"date":"2026-02-05T13:52:40","date_gmt":"2026-02-05T13:52:40","guid":{"rendered":"https:\/\/ses-creative.com\/?post_type=product&#038;p=114677"},"modified":"2026-02-06T09:51:37","modified_gmt":"2026-02-06T09:51:37","slug":"3-in-1-glamour-tattoos","status":"publish","type":"product","link":"https:\/\/ses-creative.com\/de\/produkt\/3-in-1-glamour-tattoos\/","title":{"rendered":"3-in-1 Glamour-Tattoos"},"content":{"rendered":"<p>Mit dem 3-in-1 Tattoo-Set Glamour von SES Creative entdecken Kinder ab 5 Jahren eine vielseitige, kreative Aktivit\u00e4t. Zur Auswahl stehen metallische Tattoos, glitzernde Sticker oder funkelnde Strassverzierungen. Dank des enthaltenen Hautklebers und der 4 Glitzerfarben kann jedes Kind einen individuellen Stil gestalten. Der beiliegende Pinsel erleichtert das pr\u00e4zise Auftragen der Dekorationen. Diese Bastelaktivit\u00e4t f\u00f6rdert Kreativit\u00e4t, Feinmotorik und das Erkennen von Formen und Farben. Die stabile Metallbox sorgt f\u00fcr ordentliche Aufbewahrung und macht das Set zu einem idealen Geschenk. Alle Komponenten sind dermatologisch getestet, hautfreundlich und abwaschbar. Hergestellt in den Niederlanden \u2013 100 % CO\u2082-neutral und im Einklang mit den hohen Qualit\u00e4ts- und Sicherheitsstandards von SES Creative seit 1972.<\/p>\n","protected":false},"excerpt":{"rendered":"<p>Mit dem 3-in-1 Tattoo-Set Glamour von SES Creative entdecken Kinder ab 5 Jahren eine vielseitige, kreative Aktivit\u00e4t. Zur Auswahl stehen metallische Tattoos, glitzernde Sticker oder funkelnde Strassverzierungen. Dank des enthaltenen Hautklebers und der 4 Glitzerfarben kann jedes Kind einen individuellen Stil gestalten. Der beiliegende Pinsel erleichtert das pr\u00e4zise Auftragen der Dekorationen. Diese Bastelaktivit\u00e4t f\u00f6rdert Kreativit\u00e4t, [&hellip;]<\/p>\n","protected":false},"featured_media":102236,"comment_status":"closed","ping_status":"closed","template":"","meta":{"_acf_changed":false},"product_brand":[],"product_cat":[115],"product_tag":[],"class_list":{"0":"post-114677","1":"product","2":"type-product","3":"status-publish","4":"has-post-thumbnail","6":"product_cat-basteln","7":"pa_leeftijd-filter-4-6-jahre","8":"pa_meest-populair-bij-maedchen","10":"first","11":"instock","12":"shipping-taxable","13":"product-type-simple"},"acf":[],"yoast_head":"<!-- This site is optimized with the Yoast SEO plugin v27.2 - https:\/\/yoast.com\/product\/yoast-seo-wordpress\/ -->\n<title>3-in-1 Glamour-Tattoos - SES Creative<\/title>\n<meta name=\"robots\" content=\"index, follow, max-snippet:-1, max-image-preview:large, max-video-preview:-1\" \/>\n<link rel=\"canonical\" href=\"https:\/\/ses-creative.com\/de\/produkt\/3-in-1-glamour-tattoos\/\" \/>\n<meta property=\"og:locale\" content=\"de_DE\" \/>\n<meta property=\"og:type\" content=\"article\" \/>\n<meta property=\"og:title\" content=\"3-in-1 Glamour-Tattoos - SES Creative\" \/>\n<meta property=\"og:description\" content=\"Mit dem 3-in-1 Tattoo-Set Glamour von SES Creative entdecken Kinder ab 5 Jahren eine vielseitige, kreative Aktivit\u00e4t. Zur Auswahl stehen metallische Tattoos, glitzernde Sticker oder funkelnde Strassverzierungen. Dank des enthaltenen Hautklebers und der 4 Glitzerfarben kann jedes Kind einen individuellen Stil gestalten. Der beiliegende Pinsel erleichtert das pr\u00e4zise Auftragen der Dekorationen. Diese Bastelaktivit\u00e4t f\u00f6rdert Kreativit\u00e4t, [&hellip;]\" \/>\n<meta property=\"og:url\" content=\"https:\/\/ses-creative.com\/de\/produkt\/3-in-1-glamour-tattoos\/\" \/>\n<meta property=\"og:site_name\" content=\"SES Creative\" \/>\n<meta property=\"article:modified_time\" content=\"2026-02-06T09:51:37+00:00\" \/>\n<meta name=\"twitter:card\" content=\"summary_large_image\" \/>\n<meta name=\"twitter:label1\" content=\"Gesch\u00e4tzte Lesezeit\" \/>\n\t<meta name=\"twitter:data1\" content=\"1\u00a0Minute\" \/>\n<script type=\"application\/ld+json\" class=\"yoast-schema-graph\">{\"@context\":\"https:\/\/schema.org\",\"@graph\":[{\"@type\":\"WebPage\",\"@id\":\"https:\/\/ses-creative.com\/de\/produkt\/3-in-1-glamour-tattoos\/\",\"url\":\"https:\/\/ses-creative.com\/de\/produkt\/3-in-1-glamour-tattoos\/\",\"name\":\"3-in-1 Glamour-Tattoos - SES Creative\",\"isPartOf\":{\"@id\":\"https:\/\/ses-creative.com\/#website\"},\"primaryImageOfPage\":{\"@id\":\"https:\/\/ses-creative.com\/de\/produkt\/3-in-1-glamour-tattoos\/#primaryimage\"},\"image\":{\"@id\":\"https:\/\/ses-creative.com\/de\/produkt\/3-in-1-glamour-tattoos\/#primaryimage\"},\"thumbnailUrl\":\"https:\/\/ses-creative.com\/wp-content\/uploads\/2026\/01\/141551.jpg\",\"datePublished\":\"2026-02-05T13:52:40+00:00\",\"dateModified\":\"2026-02-06T09:51:37+00:00\",\"breadcrumb\":{\"@id\":\"https:\/\/ses-creative.com\/de\/produkt\/3-in-1-glamour-tattoos\/#breadcrumb\"},\"inLanguage\":\"de\",\"potentialAction\":[{\"@type\":\"ReadAction\",\"target\":[\"https:\/\/ses-creative.com\/de\/produkt\/3-in-1-glamour-tattoos\/\"]}]},{\"@type\":\"ImageObject\",\"inLanguage\":\"de\",\"@id\":\"https:\/\/ses-creative.com\/de\/produkt\/3-in-1-glamour-tattoos\/#primaryimage\",\"url\":\"https:\/\/ses-creative.com\/wp-content\/uploads\/2026\/01\/141551.jpg\",\"contentUrl\":\"https:\/\/ses-creative.com\/wp-content\/uploads\/2026\/01\/141551.jpg\",\"width\":1000,\"height\":1000},{\"@type\":\"BreadcrumbList\",\"@id\":\"https:\/\/ses-creative.com\/de\/produkt\/3-in-1-glamour-tattoos\/#breadcrumb\",\"itemListElement\":[{\"@type\":\"ListItem\",\"position\":1,\"name\":\"Shop\",\"item\":\"https:\/\/ses-creative.com\/de\/shop\/\"},{\"@type\":\"ListItem\",\"position\":2,\"name\":\"Basteln\",\"item\":\"https:\/\/ses-creative.com\/de\/product-categorie\/basteln\/\"},{\"@type\":\"ListItem\",\"position\":3,\"name\":\"3-in-1 Glamour-Tattoos\"}]},{\"@type\":\"WebSite\",\"@id\":\"https:\/\/ses-creative.com\/#website\",\"url\":\"https:\/\/ses-creative.com\/\",\"name\":\"SES Creative\",\"description\":\"\",\"publisher\":{\"@id\":\"https:\/\/ses-creative.com\/#organization\"},\"potentialAction\":[{\"@type\":\"SearchAction\",\"target\":{\"@type\":\"EntryPoint\",\"urlTemplate\":\"https:\/\/ses-creative.com\/?s={search_term_string}\"},\"query-input\":{\"@type\":\"PropertyValueSpecification\",\"valueRequired\":true,\"valueName\":\"search_term_string\"}}],\"inLanguage\":\"de\"},{\"@type\":\"Organization\",\"@id\":\"https:\/\/ses-creative.com\/#organization\",\"name\":\"SES Creative\",\"url\":\"https:\/\/ses-creative.com\/\",\"logo\":{\"@type\":\"ImageObject\",\"inLanguage\":\"de\",\"@id\":\"https:\/\/ses-creative.com\/#\/schema\/logo\/image\/\",\"url\":\"https:\/\/ses-creative.com\/wp-content\/uploads\/2025\/10\/ses-creative-logo.jpg\",\"contentUrl\":\"https:\/\/ses-creative.com\/wp-content\/uploads\/2025\/10\/ses-creative-logo.jpg\",\"width\":2037,\"height\":2037,\"caption\":\"SES Creative\"},\"image\":{\"@id\":\"https:\/\/ses-creative.com\/#\/schema\/logo\/image\/\"}}]}<\/script>\n<!-- \/ Yoast SEO plugin. -->","yoast_head_json":{"title":"3-in-1 Glamour-Tattoos - SES Creative","robots":{"index":"index","follow":"follow","max-snippet":"max-snippet:-1","max-image-preview":"max-image-preview:large","max-video-preview":"max-video-preview:-1"},"canonical":"https:\/\/ses-creative.com\/de\/produkt\/3-in-1-glamour-tattoos\/","og_locale":"de_DE","og_type":"article","og_title":"3-in-1 Glamour-Tattoos - SES Creative","og_description":"Mit dem 3-in-1 Tattoo-Set Glamour von SES Creative entdecken Kinder ab 5 Jahren eine vielseitige, kreative Aktivit\u00e4t. Zur Auswahl stehen metallische Tattoos, glitzernde Sticker oder funkelnde Strassverzierungen. Dank des enthaltenen Hautklebers und der 4 Glitzerfarben kann jedes Kind einen individuellen Stil gestalten. Der beiliegende Pinsel erleichtert das pr\u00e4zise Auftragen der Dekorationen. Diese Bastelaktivit\u00e4t f\u00f6rdert Kreativit\u00e4t, [&hellip;]","og_url":"https:\/\/ses-creative.com\/de\/produkt\/3-in-1-glamour-tattoos\/","og_site_name":"SES Creative","article_modified_time":"2026-02-06T09:51:37+00:00","twitter_card":"summary_large_image","twitter_misc":{"Gesch\u00e4tzte Lesezeit":"1\u00a0Minute"},"schema":{"@context":"https:\/\/schema.org","@graph":[{"@type":"WebPage","@id":"https:\/\/ses-creative.com\/de\/produkt\/3-in-1-glamour-tattoos\/","url":"https:\/\/ses-creative.com\/de\/produkt\/3-in-1-glamour-tattoos\/","name":"3-in-1 Glamour-Tattoos - SES Creative","isPartOf":{"@id":"https:\/\/ses-creative.com\/#website"},"primaryImageOfPage":{"@id":"https:\/\/ses-creative.com\/de\/produkt\/3-in-1-glamour-tattoos\/#primaryimage"},"image":{"@id":"https:\/\/ses-creative.com\/de\/produkt\/3-in-1-glamour-tattoos\/#primaryimage"},"thumbnailUrl":"https:\/\/ses-creative.com\/wp-content\/uploads\/2026\/01\/141551.jpg","datePublished":"2026-02-05T13:52:40+00:00","dateModified":"2026-02-06T09:51:37+00:00","breadcrumb":{"@id":"https:\/\/ses-creative.com\/de\/produkt\/3-in-1-glamour-tattoos\/#breadcrumb"},"inLanguage":"de","potentialAction":[{"@type":"ReadAction","target":["https:\/\/ses-creative.com\/de\/produkt\/3-in-1-glamour-tattoos\/"]}]},{"@type":"ImageObject","inLanguage":"de","@id":"https:\/\/ses-creative.com\/de\/produkt\/3-in-1-glamour-tattoos\/#primaryimage","url":"https:\/\/ses-creative.com\/wp-content\/uploads\/2026\/01\/141551.jpg","contentUrl":"https:\/\/ses-creative.com\/wp-content\/uploads\/2026\/01\/141551.jpg","width":1000,"height":1000},{"@type":"BreadcrumbList","@id":"https:\/\/ses-creative.com\/de\/produkt\/3-in-1-glamour-tattoos\/#breadcrumb","itemListElement":[{"@type":"ListItem","position":1,"name":"Shop","item":"https:\/\/ses-creative.com\/de\/shop\/"},{"@type":"ListItem","position":2,"name":"Basteln","item":"https:\/\/ses-creative.com\/de\/product-categorie\/basteln\/"},{"@type":"ListItem","position":3,"name":"3-in-1 Glamour-Tattoos"}]},{"@type":"WebSite","@id":"https:\/\/ses-creative.com\/#website","url":"https:\/\/ses-creative.com\/","name":"SES Creative","description":"","publisher":{"@id":"https:\/\/ses-creative.com\/#organization"},"potentialAction":[{"@type":"SearchAction","target":{"@type":"EntryPoint","urlTemplate":"https:\/\/ses-creative.com\/?s={search_term_string}"},"query-input":{"@type":"PropertyValueSpecification","valueRequired":true,"valueName":"search_term_string"}}],"inLanguage":"de"},{"@type":"Organization","@id":"https:\/\/ses-creative.com\/#organization","name":"SES Creative","url":"https:\/\/ses-creative.com\/","logo":{"@type":"ImageObject","inLanguage":"de","@id":"https:\/\/ses-creative.com\/#\/schema\/logo\/image\/","url":"https:\/\/ses-creative.com\/wp-content\/uploads\/2025\/10\/ses-creative-logo.jpg","contentUrl":"https:\/\/ses-creative.com\/wp-content\/uploads\/2025\/10\/ses-creative-logo.jpg","width":2037,"height":2037,"caption":"SES Creative"},"image":{"@id":"https:\/\/ses-creative.com\/#\/schema\/logo\/image\/"}}]}},"_links":{"self":[{"href":"https:\/\/ses-creative.com\/de\/wp-json\/wp\/v2\/product\/114677","targetHints":{"allow":["GET"]}}],"collection":[{"href":"https:\/\/ses-creative.com\/de\/wp-json\/wp\/v2\/product"}],"about":[{"href":"https:\/\/ses-creative.com\/de\/wp-json\/wp\/v2\/types\/product"}],"replies":[{"embeddable":true,"href":"https:\/\/ses-creative.com\/de\/wp-json\/wp\/v2\/comments?post=114677"}],"wp:featuredmedia":[{"embeddable":true,"href":"https:\/\/ses-creative.com\/de\/wp-json\/wp\/v2\/media\/102236"}],"wp:attachment":[{"href":"https:\/\/ses-creative.com\/de\/wp-json\/wp\/v2\/media?parent=114677"}],"wp:term":[{"taxonomy":"product_brand","embeddable":true,"href":"https:\/\/ses-creative.com\/de\/wp-json\/wp\/v2\/product_brand?post=114677"},{"taxonomy":"product_cat","embeddable":true,"href":"https:\/\/ses-creative.com\/de\/wp-json\/wp\/v2\/product_cat?post=114677"},{"taxonomy":"product_tag","embeddable":true,"href":"https:\/\/ses-creative.com\/de\/wp-json\/wp\/v2\/product_tag?post=114677"}],"curies":[{"name":"wp","href":"https:\/\/api.w.org\/{rel}","templated":true}]}}