











{"id":114676,"date":"2026-02-05T13:52:40","date_gmt":"2026-02-05T13:52:40","guid":{"rendered":"https:\/\/ses-creative.com\/?post_type=product&#038;p=114676"},"modified":"2026-02-06T09:51:36","modified_gmt":"2026-02-06T09:51:36","slug":"fashion-glitter-tattoos","status":"publish","type":"product","link":"https:\/\/ses-creative.com\/de\/produkt\/fashion-glitter-tattoos\/","title":{"rendered":"Fashion glitter Tattoos"},"content":{"rendered":"<p>Hobby Pink \u2013 Fashion Glitter Tattoos: Dein Stil, dein Glitzer!<\/p>\n<p>Gestalte deine eigenen funkelnden Tattoos mit dem Fashion Glitter Tattoos Set von SES Creative! Mit doppelseitigen Tattoo-Aufklebern und bunten Glitzern entwirfst du Tattoos, die perfekt zu deinem einzigartigen Stil passen. Ein Must-have f\u00fcr Kinder ab 5 Jahren, die gerne mit etwas Besonderem gl\u00e4nzen.<\/p>\n<p>Was dieses Set so toll macht<\/p>\n<p>Doppelseitige transparente Tattoo-Sticker f\u00fcr einfache Anwendung<br \/>\n3 Glitzerfarben, die du nach deinem Geschmack kombinieren kannst<br \/>\nEinfach anzubringen und wieder zu entfernen<br \/>\nPerfekt f\u00fcr Partys, Verkleidungen oder t\u00e4glichen Glitzerspa\u00df<br \/>\nF\u00f6rdert Kreativit\u00e4t und Selbstentfaltung<\/p>\n<p>Lassen Sie Ihre Kreativit\u00e4t gl\u00e4nzen<\/p>\n<p>Mit diesem Tattoo-Set kannst du ganz du selbst sein. Ob du dich f\u00fcr dezente oder auff\u00e4llige Motive entscheidest \u2013 dein Design steht immer im Mittelpunkt. Kinder entdecken spielerisch ihren eigenen Stil, w\u00e4hrend sie glitzernde Kunstwerke auf ihrer Haut kreieren. Eine unterhaltsame Aktivit\u00e4t voller Glitzer und Charakter.<\/p>\n<p>Inhalt des Sets<\/p>\n<p>Doppelseitige transparente Tattoo-Sticker<br \/>\n3 Glitzerfarben<br \/>\nPinsel<br \/>\nAnleitung<\/p>\n<p>Warum SES Creative w\u00e4hlen?<\/p>\n<p>Bei SES Creative legen wir gro\u00dfen Wert auf Sicherheit. Deshalb werden die Produkte in unserem Werk in den Niederlanden nach den strengsten europ\u00e4ischen Sicherheitsnormen hergestellt und getestet. Spielzeug von SES Creative sorgt f\u00fcr Spa\u00df und soll Kindern ein Gef\u00fchl des Stolzes auf ihre Arbeit vermitteln, was ihre Kreativit\u00e4t und Entwicklung f\u00f6rdert.<\/p>\n<p>Beginnen Sie noch heute mit wundersch\u00f6nen Tattoos<\/p>\n<p>Holen Sie sich das Fashion Glitter Tattoos Set und entwerfen Sie Ihren eigenen glitzernden Stil. Eine festliche Bastelaktivit\u00e4t, bei der sich jedes Kind besonders f\u00fchlt. Zeit zu strahlen!<\/p>\n","protected":false},"excerpt":{"rendered":"<p>Hobby Pink \u2013 Fashion Glitter Tattoos: Dein Stil, dein Glitzer! Gestalte deine eigenen funkelnden Tattoos mit dem Fashion Glitter Tattoos Set von SES Creative! Mit doppelseitigen Tattoo-Aufklebern und bunten Glitzern entwirfst du Tattoos, die perfekt zu deinem einzigartigen Stil passen. Ein Must-have f\u00fcr Kinder ab 5 Jahren, die gerne mit etwas Besonderem gl\u00e4nzen. Was dieses [&hellip;]<\/p>\n","protected":false},"featured_media":102216,"comment_status":"closed","ping_status":"closed","template":"","meta":{"_acf_changed":false},"product_brand":[],"product_cat":[115],"product_tag":[],"class_list":{"0":"post-114676","1":"product","2":"type-product","3":"status-publish","4":"has-post-thumbnail","6":"product_cat-basteln","7":"pa_leeftijd-filter-4-6-jahre","8":"pa_meest-populair-bij-maedchen","10":"first","11":"instock","12":"shipping-taxable","13":"product-type-simple"},"acf":[],"yoast_head":"<!-- This site is optimized with the Yoast SEO plugin v27.2 - https:\/\/yoast.com\/product\/yoast-seo-wordpress\/ -->\n<title>Fashion glitter Tattoos - SES Creative<\/title>\n<meta name=\"robots\" content=\"index, follow, max-snippet:-1, max-image-preview:large, max-video-preview:-1\" \/>\n<link rel=\"canonical\" href=\"https:\/\/ses-creative.com\/de\/produkt\/fashion-glitter-tattoos\/\" \/>\n<meta property=\"og:locale\" content=\"de_DE\" \/>\n<meta property=\"og:type\" content=\"article\" \/>\n<meta property=\"og:title\" content=\"Fashion glitter Tattoos - SES Creative\" \/>\n<meta property=\"og:description\" content=\"Hobby Pink \u2013 Fashion Glitter Tattoos: Dein Stil, dein Glitzer! Gestalte deine eigenen funkelnden Tattoos mit dem Fashion Glitter Tattoos Set von SES Creative! Mit doppelseitigen Tattoo-Aufklebern und bunten Glitzern entwirfst du Tattoos, die perfekt zu deinem einzigartigen Stil passen. Ein Must-have f\u00fcr Kinder ab 5 Jahren, die gerne mit etwas Besonderem gl\u00e4nzen. Was dieses [&hellip;]\" \/>\n<meta property=\"og:url\" content=\"https:\/\/ses-creative.com\/de\/produkt\/fashion-glitter-tattoos\/\" \/>\n<meta property=\"og:site_name\" content=\"SES Creative\" \/>\n<meta property=\"article:modified_time\" content=\"2026-02-06T09:51:36+00:00\" \/>\n<meta name=\"twitter:card\" content=\"summary_large_image\" \/>\n<meta name=\"twitter:label1\" content=\"Gesch\u00e4tzte Lesezeit\" \/>\n\t<meta name=\"twitter:data1\" content=\"1\u00a0Minute\" \/>\n<script type=\"application\/ld+json\" class=\"yoast-schema-graph\">{\"@context\":\"https:\/\/schema.org\",\"@graph\":[{\"@type\":\"WebPage\",\"@id\":\"https:\/\/ses-creative.com\/de\/produkt\/fashion-glitter-tattoos\/\",\"url\":\"https:\/\/ses-creative.com\/de\/produkt\/fashion-glitter-tattoos\/\",\"name\":\"Fashion glitter Tattoos - SES Creative\",\"isPartOf\":{\"@id\":\"https:\/\/ses-creative.com\/#website\"},\"primaryImageOfPage\":{\"@id\":\"https:\/\/ses-creative.com\/de\/produkt\/fashion-glitter-tattoos\/#primaryimage\"},\"image\":{\"@id\":\"https:\/\/ses-creative.com\/de\/produkt\/fashion-glitter-tattoos\/#primaryimage\"},\"thumbnailUrl\":\"https:\/\/ses-creative.com\/wp-content\/uploads\/2026\/01\/141421.jpg\",\"datePublished\":\"2026-02-05T13:52:40+00:00\",\"dateModified\":\"2026-02-06T09:51:36+00:00\",\"breadcrumb\":{\"@id\":\"https:\/\/ses-creative.com\/de\/produkt\/fashion-glitter-tattoos\/#breadcrumb\"},\"inLanguage\":\"de\",\"potentialAction\":[{\"@type\":\"ReadAction\",\"target\":[\"https:\/\/ses-creative.com\/de\/produkt\/fashion-glitter-tattoos\/\"]}]},{\"@type\":\"ImageObject\",\"inLanguage\":\"de\",\"@id\":\"https:\/\/ses-creative.com\/de\/produkt\/fashion-glitter-tattoos\/#primaryimage\",\"url\":\"https:\/\/ses-creative.com\/wp-content\/uploads\/2026\/01\/141421.jpg\",\"contentUrl\":\"https:\/\/ses-creative.com\/wp-content\/uploads\/2026\/01\/141421.jpg\",\"width\":1000,\"height\":1000},{\"@type\":\"BreadcrumbList\",\"@id\":\"https:\/\/ses-creative.com\/de\/produkt\/fashion-glitter-tattoos\/#breadcrumb\",\"itemListElement\":[{\"@type\":\"ListItem\",\"position\":1,\"name\":\"Shop\",\"item\":\"https:\/\/ses-creative.com\/de\/shop\/\"},{\"@type\":\"ListItem\",\"position\":2,\"name\":\"Basteln\",\"item\":\"https:\/\/ses-creative.com\/de\/product-categorie\/basteln\/\"},{\"@type\":\"ListItem\",\"position\":3,\"name\":\"Fashion glitter Tattoos\"}]},{\"@type\":\"WebSite\",\"@id\":\"https:\/\/ses-creative.com\/#website\",\"url\":\"https:\/\/ses-creative.com\/\",\"name\":\"SES Creative\",\"description\":\"\",\"publisher\":{\"@id\":\"https:\/\/ses-creative.com\/#organization\"},\"potentialAction\":[{\"@type\":\"SearchAction\",\"target\":{\"@type\":\"EntryPoint\",\"urlTemplate\":\"https:\/\/ses-creative.com\/?s={search_term_string}\"},\"query-input\":{\"@type\":\"PropertyValueSpecification\",\"valueRequired\":true,\"valueName\":\"search_term_string\"}}],\"inLanguage\":\"de\"},{\"@type\":\"Organization\",\"@id\":\"https:\/\/ses-creative.com\/#organization\",\"name\":\"SES Creative\",\"url\":\"https:\/\/ses-creative.com\/\",\"logo\":{\"@type\":\"ImageObject\",\"inLanguage\":\"de\",\"@id\":\"https:\/\/ses-creative.com\/#\/schema\/logo\/image\/\",\"url\":\"https:\/\/ses-creative.com\/wp-content\/uploads\/2025\/10\/ses-creative-logo.jpg\",\"contentUrl\":\"https:\/\/ses-creative.com\/wp-content\/uploads\/2025\/10\/ses-creative-logo.jpg\",\"width\":2037,\"height\":2037,\"caption\":\"SES Creative\"},\"image\":{\"@id\":\"https:\/\/ses-creative.com\/#\/schema\/logo\/image\/\"}}]}<\/script>\n<!-- \/ Yoast SEO plugin. -->","yoast_head_json":{"title":"Fashion glitter Tattoos - SES Creative","robots":{"index":"index","follow":"follow","max-snippet":"max-snippet:-1","max-image-preview":"max-image-preview:large","max-video-preview":"max-video-preview:-1"},"canonical":"https:\/\/ses-creative.com\/de\/produkt\/fashion-glitter-tattoos\/","og_locale":"de_DE","og_type":"article","og_title":"Fashion glitter Tattoos - SES Creative","og_description":"Hobby Pink \u2013 Fashion Glitter Tattoos: Dein Stil, dein Glitzer! Gestalte deine eigenen funkelnden Tattoos mit dem Fashion Glitter Tattoos Set von SES Creative! Mit doppelseitigen Tattoo-Aufklebern und bunten Glitzern entwirfst du Tattoos, die perfekt zu deinem einzigartigen Stil passen. Ein Must-have f\u00fcr Kinder ab 5 Jahren, die gerne mit etwas Besonderem gl\u00e4nzen. Was dieses [&hellip;]","og_url":"https:\/\/ses-creative.com\/de\/produkt\/fashion-glitter-tattoos\/","og_site_name":"SES Creative","article_modified_time":"2026-02-06T09:51:36+00:00","twitter_card":"summary_large_image","twitter_misc":{"Gesch\u00e4tzte Lesezeit":"1\u00a0Minute"},"schema":{"@context":"https:\/\/schema.org","@graph":[{"@type":"WebPage","@id":"https:\/\/ses-creative.com\/de\/produkt\/fashion-glitter-tattoos\/","url":"https:\/\/ses-creative.com\/de\/produkt\/fashion-glitter-tattoos\/","name":"Fashion glitter Tattoos - SES Creative","isPartOf":{"@id":"https:\/\/ses-creative.com\/#website"},"primaryImageOfPage":{"@id":"https:\/\/ses-creative.com\/de\/produkt\/fashion-glitter-tattoos\/#primaryimage"},"image":{"@id":"https:\/\/ses-creative.com\/de\/produkt\/fashion-glitter-tattoos\/#primaryimage"},"thumbnailUrl":"https:\/\/ses-creative.com\/wp-content\/uploads\/2026\/01\/141421.jpg","datePublished":"2026-02-05T13:52:40+00:00","dateModified":"2026-02-06T09:51:36+00:00","breadcrumb":{"@id":"https:\/\/ses-creative.com\/de\/produkt\/fashion-glitter-tattoos\/#breadcrumb"},"inLanguage":"de","potentialAction":[{"@type":"ReadAction","target":["https:\/\/ses-creative.com\/de\/produkt\/fashion-glitter-tattoos\/"]}]},{"@type":"ImageObject","inLanguage":"de","@id":"https:\/\/ses-creative.com\/de\/produkt\/fashion-glitter-tattoos\/#primaryimage","url":"https:\/\/ses-creative.com\/wp-content\/uploads\/2026\/01\/141421.jpg","contentUrl":"https:\/\/ses-creative.com\/wp-content\/uploads\/2026\/01\/141421.jpg","width":1000,"height":1000},{"@type":"BreadcrumbList","@id":"https:\/\/ses-creative.com\/de\/produkt\/fashion-glitter-tattoos\/#breadcrumb","itemListElement":[{"@type":"ListItem","position":1,"name":"Shop","item":"https:\/\/ses-creative.com\/de\/shop\/"},{"@type":"ListItem","position":2,"name":"Basteln","item":"https:\/\/ses-creative.com\/de\/product-categorie\/basteln\/"},{"@type":"ListItem","position":3,"name":"Fashion glitter Tattoos"}]},{"@type":"WebSite","@id":"https:\/\/ses-creative.com\/#website","url":"https:\/\/ses-creative.com\/","name":"SES Creative","description":"","publisher":{"@id":"https:\/\/ses-creative.com\/#organization"},"potentialAction":[{"@type":"SearchAction","target":{"@type":"EntryPoint","urlTemplate":"https:\/\/ses-creative.com\/?s={search_term_string}"},"query-input":{"@type":"PropertyValueSpecification","valueRequired":true,"valueName":"search_term_string"}}],"inLanguage":"de"},{"@type":"Organization","@id":"https:\/\/ses-creative.com\/#organization","name":"SES Creative","url":"https:\/\/ses-creative.com\/","logo":{"@type":"ImageObject","inLanguage":"de","@id":"https:\/\/ses-creative.com\/#\/schema\/logo\/image\/","url":"https:\/\/ses-creative.com\/wp-content\/uploads\/2025\/10\/ses-creative-logo.jpg","contentUrl":"https:\/\/ses-creative.com\/wp-content\/uploads\/2025\/10\/ses-creative-logo.jpg","width":2037,"height":2037,"caption":"SES Creative"},"image":{"@id":"https:\/\/ses-creative.com\/#\/schema\/logo\/image\/"}}]}},"_links":{"self":[{"href":"https:\/\/ses-creative.com\/de\/wp-json\/wp\/v2\/product\/114676","targetHints":{"allow":["GET"]}}],"collection":[{"href":"https:\/\/ses-creative.com\/de\/wp-json\/wp\/v2\/product"}],"about":[{"href":"https:\/\/ses-creative.com\/de\/wp-json\/wp\/v2\/types\/product"}],"replies":[{"embeddable":true,"href":"https:\/\/ses-creative.com\/de\/wp-json\/wp\/v2\/comments?post=114676"}],"wp:featuredmedia":[{"embeddable":true,"href":"https:\/\/ses-creative.com\/de\/wp-json\/wp\/v2\/media\/102216"}],"wp:attachment":[{"href":"https:\/\/ses-creative.com\/de\/wp-json\/wp\/v2\/media?parent=114676"}],"wp:term":[{"taxonomy":"product_brand","embeddable":true,"href":"https:\/\/ses-creative.com\/de\/wp-json\/wp\/v2\/product_brand?post=114676"},{"taxonomy":"product_cat","embeddable":true,"href":"https:\/\/ses-creative.com\/de\/wp-json\/wp\/v2\/product_cat?post=114676"},{"taxonomy":"product_tag","embeddable":true,"href":"https:\/\/ses-creative.com\/de\/wp-json\/wp\/v2\/product_tag?post=114676"}],"curies":[{"name":"wp","href":"https:\/\/api.w.org\/{rel}","templated":true}]}}