











{"id":114674,"date":"2026-02-05T13:52:39","date_gmt":"2026-02-05T13:52:39","guid":{"rendered":"https:\/\/ses-creative.com\/?post_type=product&#038;p=114674"},"modified":"2026-02-06T09:51:36","modified_gmt":"2026-02-06T09:51:36","slug":"unicorn-diamond-painting-schmuckkaestchen","status":"publish","type":"product","link":"https:\/\/ses-creative.com\/de\/produkt\/unicorn-diamond-painting-schmuckkaestchen\/","title":{"rendered":"Unicorn &#8211; Diamond Painting Schmuckk\u00e4stchen"},"content":{"rendered":"<p>Mit dem Diamond Painting Einhorn Set von SES Creative k\u00f6nnen Kinder drei Schmuckschatullen aus Holz in verschiedenen Formen \u2013 Herz, Kreis und Quadrat \u2013 gestalten und personalisieren. Sie bemalen die Schachteln mit 6 deckenden Farben und verzieren sie anschlie\u00dfend mit einem Pinsel, Einhorn-Stickern, 180 selbstklebenden Diamanten und 84 Perlen f\u00fcr ein funkelndes Ergebnis. Dieses Set erm\u00f6glicht kreativen Ausdruck und f\u00f6rdert zugleich die manuelle Pr\u00e4zision, die Hand-Auge-Koordination und die Selbstst\u00e4ndigkeit. Jede Schachtel wird zu einem einzigartigen Ort f\u00fcr kleine Sch\u00e4tze oder zu einem pers\u00f6nlichen Geschenk. Entwickelt f\u00fcr Kinder ab 5 Jahren, regt dieses DIY-Set ihre Fantasie an und vermittelt die Grundlagen kreativer Dekoration. Hergestellt in der SES Creative Fabrik in Enschede (Niederlande), entspricht es den h\u00f6chsten Sicherheitsstandards: sichere, abwaschbare, hypoallergene und 100 % CO\u2082-neutrale Spielzeuge. Eine komplette und spielerische Geschenkidee f\u00fcr Kinder, die Einh\u00f6rner, Glitzer und Basteln lieben.<\/p>\n","protected":false},"excerpt":{"rendered":"<p>Mit dem Diamond Painting Einhorn Set von SES Creative k\u00f6nnen Kinder drei Schmuckschatullen aus Holz in verschiedenen Formen \u2013 Herz, Kreis und Quadrat \u2013 gestalten und personalisieren. Sie bemalen die Schachteln mit 6 deckenden Farben und verzieren sie anschlie\u00dfend mit einem Pinsel, Einhorn-Stickern, 180 selbstklebenden Diamanten und 84 Perlen f\u00fcr ein funkelndes Ergebnis. Dieses Set [&hellip;]<\/p>\n","protected":false},"featured_media":102176,"comment_status":"closed","ping_status":"closed","template":"","meta":{"_acf_changed":false},"product_brand":[],"product_cat":[115],"product_tag":[],"class_list":{"0":"post-114674","1":"product","2":"type-product","3":"status-publish","4":"has-post-thumbnail","6":"product_cat-basteln","7":"pa_collecties-unicorn","8":"pa_leeftijd-filter-4-6-jahre","9":"pa_meest-populair-bij-maedchen","11":"first","12":"instock","13":"shipping-taxable","14":"product-type-simple"},"acf":[],"yoast_head":"<!-- This site is optimized with the Yoast SEO plugin v27.4 - https:\/\/yoast.com\/product\/yoast-seo-wordpress\/ -->\n<title>Unicorn - Diamond Painting Schmuckk\u00e4stchen - SES Creative<\/title>\n<meta name=\"robots\" content=\"index, follow, max-snippet:-1, max-image-preview:large, max-video-preview:-1\" \/>\n<link rel=\"canonical\" href=\"https:\/\/ses-creative.com\/de\/produkt\/unicorn-diamond-painting-schmuckkaestchen\/\" \/>\n<meta property=\"og:locale\" content=\"de_DE\" \/>\n<meta property=\"og:type\" content=\"article\" \/>\n<meta property=\"og:title\" content=\"Unicorn - Diamond Painting Schmuckk\u00e4stchen - SES Creative\" \/>\n<meta property=\"og:description\" content=\"Mit dem Diamond Painting Einhorn Set von SES Creative k\u00f6nnen Kinder drei Schmuckschatullen aus Holz in verschiedenen Formen \u2013 Herz, Kreis und Quadrat \u2013 gestalten und personalisieren. Sie bemalen die Schachteln mit 6 deckenden Farben und verzieren sie anschlie\u00dfend mit einem Pinsel, Einhorn-Stickern, 180 selbstklebenden Diamanten und 84 Perlen f\u00fcr ein funkelndes Ergebnis. Dieses Set [&hellip;]\" \/>\n<meta property=\"og:url\" content=\"https:\/\/ses-creative.com\/de\/produkt\/unicorn-diamond-painting-schmuckkaestchen\/\" \/>\n<meta property=\"og:site_name\" content=\"SES Creative\" \/>\n<meta property=\"article:modified_time\" content=\"2026-02-06T09:51:36+00:00\" \/>\n<meta name=\"twitter:card\" content=\"summary_large_image\" \/>\n<meta name=\"twitter:label1\" content=\"Gesch\u00e4tzte Lesezeit\" \/>\n\t<meta name=\"twitter:data1\" content=\"1\u00a0Minute\" \/>\n<script type=\"application\/ld+json\" class=\"yoast-schema-graph\">{\"@context\":\"https:\\\/\\\/schema.org\",\"@graph\":[{\"@type\":\"WebPage\",\"@id\":\"https:\\\/\\\/ses-creative.com\\\/de\\\/produkt\\\/unicorn-diamond-painting-schmuckkaestchen\\\/\",\"url\":\"https:\\\/\\\/ses-creative.com\\\/de\\\/produkt\\\/unicorn-diamond-painting-schmuckkaestchen\\\/\",\"name\":\"Unicorn - Diamond Painting Schmuckk\u00e4stchen - SES Creative\",\"isPartOf\":{\"@id\":\"https:\\\/\\\/ses-creative.com\\\/#website\"},\"primaryImageOfPage\":{\"@id\":\"https:\\\/\\\/ses-creative.com\\\/de\\\/produkt\\\/unicorn-diamond-painting-schmuckkaestchen\\\/#primaryimage\"},\"image\":{\"@id\":\"https:\\\/\\\/ses-creative.com\\\/de\\\/produkt\\\/unicorn-diamond-painting-schmuckkaestchen\\\/#primaryimage\"},\"thumbnailUrl\":\"https:\\\/\\\/ses-creative.com\\\/wp-content\\\/uploads\\\/2026\\\/01\\\/141381.jpg\",\"datePublished\":\"2026-02-05T13:52:39+00:00\",\"dateModified\":\"2026-02-06T09:51:36+00:00\",\"breadcrumb\":{\"@id\":\"https:\\\/\\\/ses-creative.com\\\/de\\\/produkt\\\/unicorn-diamond-painting-schmuckkaestchen\\\/#breadcrumb\"},\"inLanguage\":\"de\",\"potentialAction\":[{\"@type\":\"ReadAction\",\"target\":[\"https:\\\/\\\/ses-creative.com\\\/de\\\/produkt\\\/unicorn-diamond-painting-schmuckkaestchen\\\/\"]}]},{\"@type\":\"ImageObject\",\"inLanguage\":\"de\",\"@id\":\"https:\\\/\\\/ses-creative.com\\\/de\\\/produkt\\\/unicorn-diamond-painting-schmuckkaestchen\\\/#primaryimage\",\"url\":\"https:\\\/\\\/ses-creative.com\\\/wp-content\\\/uploads\\\/2026\\\/01\\\/141381.jpg\",\"contentUrl\":\"https:\\\/\\\/ses-creative.com\\\/wp-content\\\/uploads\\\/2026\\\/01\\\/141381.jpg\",\"width\":1000,\"height\":1000},{\"@type\":\"BreadcrumbList\",\"@id\":\"https:\\\/\\\/ses-creative.com\\\/de\\\/produkt\\\/unicorn-diamond-painting-schmuckkaestchen\\\/#breadcrumb\",\"itemListElement\":[{\"@type\":\"ListItem\",\"position\":1,\"name\":\"Shop\",\"item\":\"https:\\\/\\\/ses-creative.com\\\/de\\\/shop\\\/\"},{\"@type\":\"ListItem\",\"position\":2,\"name\":\"Basteln\",\"item\":\"https:\\\/\\\/ses-creative.com\\\/de\\\/product-categorie\\\/basteln\\\/\"},{\"@type\":\"ListItem\",\"position\":3,\"name\":\"Unicorn &#8211; Diamond Painting Schmuckk\u00e4stchen\"}]},{\"@type\":\"WebSite\",\"@id\":\"https:\\\/\\\/ses-creative.com\\\/#website\",\"url\":\"https:\\\/\\\/ses-creative.com\\\/\",\"name\":\"SES Creative\",\"description\":\"\",\"publisher\":{\"@id\":\"https:\\\/\\\/ses-creative.com\\\/#organization\"},\"potentialAction\":[{\"@type\":\"SearchAction\",\"target\":{\"@type\":\"EntryPoint\",\"urlTemplate\":\"https:\\\/\\\/ses-creative.com\\\/?s={search_term_string}\"},\"query-input\":{\"@type\":\"PropertyValueSpecification\",\"valueRequired\":true,\"valueName\":\"search_term_string\"}}],\"inLanguage\":\"de\"},{\"@type\":\"Organization\",\"@id\":\"https:\\\/\\\/ses-creative.com\\\/#organization\",\"name\":\"SES Creative\",\"url\":\"https:\\\/\\\/ses-creative.com\\\/\",\"logo\":{\"@type\":\"ImageObject\",\"inLanguage\":\"de\",\"@id\":\"https:\\\/\\\/ses-creative.com\\\/#\\\/schema\\\/logo\\\/image\\\/\",\"url\":\"https:\\\/\\\/ses-creative.com\\\/wp-content\\\/uploads\\\/2025\\\/10\\\/ses-creative-logo.jpg\",\"contentUrl\":\"https:\\\/\\\/ses-creative.com\\\/wp-content\\\/uploads\\\/2025\\\/10\\\/ses-creative-logo.jpg\",\"width\":2037,\"height\":2037,\"caption\":\"SES Creative\"},\"image\":{\"@id\":\"https:\\\/\\\/ses-creative.com\\\/#\\\/schema\\\/logo\\\/image\\\/\"}}]}<\/script>\n<!-- \/ Yoast SEO plugin. -->","yoast_head_json":{"title":"Unicorn - Diamond Painting Schmuckk\u00e4stchen - SES Creative","robots":{"index":"index","follow":"follow","max-snippet":"max-snippet:-1","max-image-preview":"max-image-preview:large","max-video-preview":"max-video-preview:-1"},"canonical":"https:\/\/ses-creative.com\/de\/produkt\/unicorn-diamond-painting-schmuckkaestchen\/","og_locale":"de_DE","og_type":"article","og_title":"Unicorn - Diamond Painting Schmuckk\u00e4stchen - SES Creative","og_description":"Mit dem Diamond Painting Einhorn Set von SES Creative k\u00f6nnen Kinder drei Schmuckschatullen aus Holz in verschiedenen Formen \u2013 Herz, Kreis und Quadrat \u2013 gestalten und personalisieren. Sie bemalen die Schachteln mit 6 deckenden Farben und verzieren sie anschlie\u00dfend mit einem Pinsel, Einhorn-Stickern, 180 selbstklebenden Diamanten und 84 Perlen f\u00fcr ein funkelndes Ergebnis. Dieses Set [&hellip;]","og_url":"https:\/\/ses-creative.com\/de\/produkt\/unicorn-diamond-painting-schmuckkaestchen\/","og_site_name":"SES Creative","article_modified_time":"2026-02-06T09:51:36+00:00","twitter_card":"summary_large_image","twitter_misc":{"Gesch\u00e4tzte Lesezeit":"1\u00a0Minute"},"schema":{"@context":"https:\/\/schema.org","@graph":[{"@type":"WebPage","@id":"https:\/\/ses-creative.com\/de\/produkt\/unicorn-diamond-painting-schmuckkaestchen\/","url":"https:\/\/ses-creative.com\/de\/produkt\/unicorn-diamond-painting-schmuckkaestchen\/","name":"Unicorn - Diamond Painting Schmuckk\u00e4stchen - SES Creative","isPartOf":{"@id":"https:\/\/ses-creative.com\/#website"},"primaryImageOfPage":{"@id":"https:\/\/ses-creative.com\/de\/produkt\/unicorn-diamond-painting-schmuckkaestchen\/#primaryimage"},"image":{"@id":"https:\/\/ses-creative.com\/de\/produkt\/unicorn-diamond-painting-schmuckkaestchen\/#primaryimage"},"thumbnailUrl":"https:\/\/ses-creative.com\/wp-content\/uploads\/2026\/01\/141381.jpg","datePublished":"2026-02-05T13:52:39+00:00","dateModified":"2026-02-06T09:51:36+00:00","breadcrumb":{"@id":"https:\/\/ses-creative.com\/de\/produkt\/unicorn-diamond-painting-schmuckkaestchen\/#breadcrumb"},"inLanguage":"de","potentialAction":[{"@type":"ReadAction","target":["https:\/\/ses-creative.com\/de\/produkt\/unicorn-diamond-painting-schmuckkaestchen\/"]}]},{"@type":"ImageObject","inLanguage":"de","@id":"https:\/\/ses-creative.com\/de\/produkt\/unicorn-diamond-painting-schmuckkaestchen\/#primaryimage","url":"https:\/\/ses-creative.com\/wp-content\/uploads\/2026\/01\/141381.jpg","contentUrl":"https:\/\/ses-creative.com\/wp-content\/uploads\/2026\/01\/141381.jpg","width":1000,"height":1000},{"@type":"BreadcrumbList","@id":"https:\/\/ses-creative.com\/de\/produkt\/unicorn-diamond-painting-schmuckkaestchen\/#breadcrumb","itemListElement":[{"@type":"ListItem","position":1,"name":"Shop","item":"https:\/\/ses-creative.com\/de\/shop\/"},{"@type":"ListItem","position":2,"name":"Basteln","item":"https:\/\/ses-creative.com\/de\/product-categorie\/basteln\/"},{"@type":"ListItem","position":3,"name":"Unicorn &#8211; Diamond Painting Schmuckk\u00e4stchen"}]},{"@type":"WebSite","@id":"https:\/\/ses-creative.com\/#website","url":"https:\/\/ses-creative.com\/","name":"SES Creative","description":"","publisher":{"@id":"https:\/\/ses-creative.com\/#organization"},"potentialAction":[{"@type":"SearchAction","target":{"@type":"EntryPoint","urlTemplate":"https:\/\/ses-creative.com\/?s={search_term_string}"},"query-input":{"@type":"PropertyValueSpecification","valueRequired":true,"valueName":"search_term_string"}}],"inLanguage":"de"},{"@type":"Organization","@id":"https:\/\/ses-creative.com\/#organization","name":"SES Creative","url":"https:\/\/ses-creative.com\/","logo":{"@type":"ImageObject","inLanguage":"de","@id":"https:\/\/ses-creative.com\/#\/schema\/logo\/image\/","url":"https:\/\/ses-creative.com\/wp-content\/uploads\/2025\/10\/ses-creative-logo.jpg","contentUrl":"https:\/\/ses-creative.com\/wp-content\/uploads\/2025\/10\/ses-creative-logo.jpg","width":2037,"height":2037,"caption":"SES Creative"},"image":{"@id":"https:\/\/ses-creative.com\/#\/schema\/logo\/image\/"}}]}},"_links":{"self":[{"href":"https:\/\/ses-creative.com\/de\/wp-json\/wp\/v2\/product\/114674","targetHints":{"allow":["GET"]}}],"collection":[{"href":"https:\/\/ses-creative.com\/de\/wp-json\/wp\/v2\/product"}],"about":[{"href":"https:\/\/ses-creative.com\/de\/wp-json\/wp\/v2\/types\/product"}],"replies":[{"embeddable":true,"href":"https:\/\/ses-creative.com\/de\/wp-json\/wp\/v2\/comments?post=114674"}],"wp:featuredmedia":[{"embeddable":true,"href":"https:\/\/ses-creative.com\/de\/wp-json\/wp\/v2\/media\/102176"}],"wp:attachment":[{"href":"https:\/\/ses-creative.com\/de\/wp-json\/wp\/v2\/media?parent=114674"}],"wp:term":[{"taxonomy":"product_brand","embeddable":true,"href":"https:\/\/ses-creative.com\/de\/wp-json\/wp\/v2\/product_brand?post=114674"},{"taxonomy":"product_cat","embeddable":true,"href":"https:\/\/ses-creative.com\/de\/wp-json\/wp\/v2\/product_cat?post=114674"},{"taxonomy":"product_tag","embeddable":true,"href":"https:\/\/ses-creative.com\/de\/wp-json\/wp\/v2\/product_tag?post=114674"}],"curies":[{"name":"wp","href":"https:\/\/api.w.org\/{rel}","templated":true}]}}