











{"id":114673,"date":"2025-12-18T10:15:36","date_gmt":"2025-12-18T10:15:36","guid":{"rendered":"https:\/\/ses-creative.com\/?post_type=product&#038;p=114673"},"modified":"2026-02-06T09:51:36","modified_gmt":"2026-02-06T09:51:36","slug":"bunte-sandbilder-waldtiere","status":"publish","type":"product","link":"https:\/\/ses-creative.com\/de\/produkt\/bunte-sandbilder-waldtiere\/","title":{"rendered":"Bunte Sandbilder &#8211; Waldtiere"},"content":{"rendered":"<p>Das SES Creative Sand Art Set ist ein Bastelset ohne Kleber, entwickelt f\u00fcr Kinder ab 3 Jahren. Es bietet eine saubere und stimulierende Aktivit\u00e4t mit vier Karten, die Waldtiere zeigen, und f\u00fcnf Tuben mit farbigem Sand (gelb, orange, blau, t\u00fcrkis, violett). Jede Karte hat selbstklebende Bereiche, die freigelegt werden, um den Sand aufzutragen. Dank der feinen Dosierspitzen gelingt eine pr\u00e4zise Gestaltung ohne Verschmieren. Dieses Set geh\u00f6rt zu den idealen Sandaktivit\u00e4ten ab 3 Jahren, die Feinmotorik, Konzentration und Farberkennung f\u00f6rdern. Nutzbar allein oder in Gruppen, wird es mit klaren Anleitungen geliefert und ben\u00f6tigt weder Fl\u00fcssigkleber noch Pinsel.<\/p>\n","protected":false},"excerpt":{"rendered":"<p>Das SES Creative Sand Art Set ist ein Bastelset ohne Kleber, entwickelt f\u00fcr Kinder ab 3 Jahren. Es bietet eine saubere und stimulierende Aktivit\u00e4t mit vier Karten, die Waldtiere zeigen, und f\u00fcnf Tuben mit farbigem Sand (gelb, orange, blau, t\u00fcrkis, violett). Jede Karte hat selbstklebende Bereiche, die freigelegt werden, um den Sand aufzutragen. Dank der [&hellip;]<\/p>\n","protected":false},"featured_media":102159,"comment_status":"open","ping_status":"closed","template":"","meta":{"_acf_changed":false},"product_brand":[],"product_cat":[115],"product_tag":[],"class_list":{"0":"post-114673","1":"product","2":"type-product","3":"status-publish","4":"has-post-thumbnail","6":"product_cat-basteln","7":"pa_leeftijd-filter-3-4-jahre","8":"pa_meest-populair-bij-maedchen","10":"first","11":"instock","12":"shipping-taxable","13":"product-type-simple"},"acf":[],"yoast_head":"<!-- This site is optimized with the Yoast SEO plugin v27.2 - https:\/\/yoast.com\/product\/yoast-seo-wordpress\/ -->\n<title>Bunte Sandbilder - Waldtiere - SES Creative<\/title>\n<meta name=\"robots\" content=\"index, follow, max-snippet:-1, max-image-preview:large, max-video-preview:-1\" \/>\n<link rel=\"canonical\" href=\"https:\/\/ses-creative.com\/de\/produkt\/bunte-sandbilder-waldtiere\/\" \/>\n<meta property=\"og:locale\" content=\"de_DE\" \/>\n<meta property=\"og:type\" content=\"article\" \/>\n<meta property=\"og:title\" content=\"Bunte Sandbilder - Waldtiere - SES Creative\" \/>\n<meta property=\"og:description\" content=\"Das SES Creative Sand Art Set ist ein Bastelset ohne Kleber, entwickelt f\u00fcr Kinder ab 3 Jahren. Es bietet eine saubere und stimulierende Aktivit\u00e4t mit vier Karten, die Waldtiere zeigen, und f\u00fcnf Tuben mit farbigem Sand (gelb, orange, blau, t\u00fcrkis, violett). Jede Karte hat selbstklebende Bereiche, die freigelegt werden, um den Sand aufzutragen. Dank der [&hellip;]\" \/>\n<meta property=\"og:url\" content=\"https:\/\/ses-creative.com\/de\/produkt\/bunte-sandbilder-waldtiere\/\" \/>\n<meta property=\"og:site_name\" content=\"SES Creative\" \/>\n<meta property=\"article:modified_time\" content=\"2026-02-06T09:51:36+00:00\" \/>\n<meta name=\"twitter:card\" content=\"summary_large_image\" \/>\n<meta name=\"twitter:label1\" content=\"Gesch\u00e4tzte Lesezeit\" \/>\n\t<meta name=\"twitter:data1\" content=\"1\u00a0Minute\" \/>\n<script type=\"application\/ld+json\" class=\"yoast-schema-graph\">{\"@context\":\"https:\/\/schema.org\",\"@graph\":[{\"@type\":\"WebPage\",\"@id\":\"https:\/\/ses-creative.com\/de\/produkt\/bunte-sandbilder-waldtiere\/\",\"url\":\"https:\/\/ses-creative.com\/de\/produkt\/bunte-sandbilder-waldtiere\/\",\"name\":\"Bunte Sandbilder - Waldtiere - SES Creative\",\"isPartOf\":{\"@id\":\"https:\/\/ses-creative.com\/#website\"},\"primaryImageOfPage\":{\"@id\":\"https:\/\/ses-creative.com\/de\/produkt\/bunte-sandbilder-waldtiere\/#primaryimage\"},\"image\":{\"@id\":\"https:\/\/ses-creative.com\/de\/produkt\/bunte-sandbilder-waldtiere\/#primaryimage\"},\"thumbnailUrl\":\"https:\/\/ses-creative.com\/wp-content\/uploads\/2026\/01\/141361.jpg\",\"datePublished\":\"2025-12-18T10:15:36+00:00\",\"dateModified\":\"2026-02-06T09:51:36+00:00\",\"breadcrumb\":{\"@id\":\"https:\/\/ses-creative.com\/de\/produkt\/bunte-sandbilder-waldtiere\/#breadcrumb\"},\"inLanguage\":\"de\",\"potentialAction\":[{\"@type\":\"ReadAction\",\"target\":[\"https:\/\/ses-creative.com\/de\/produkt\/bunte-sandbilder-waldtiere\/\"]}]},{\"@type\":\"ImageObject\",\"inLanguage\":\"de\",\"@id\":\"https:\/\/ses-creative.com\/de\/produkt\/bunte-sandbilder-waldtiere\/#primaryimage\",\"url\":\"https:\/\/ses-creative.com\/wp-content\/uploads\/2026\/01\/141361.jpg\",\"contentUrl\":\"https:\/\/ses-creative.com\/wp-content\/uploads\/2026\/01\/141361.jpg\",\"width\":1000,\"height\":1000},{\"@type\":\"BreadcrumbList\",\"@id\":\"https:\/\/ses-creative.com\/de\/produkt\/bunte-sandbilder-waldtiere\/#breadcrumb\",\"itemListElement\":[{\"@type\":\"ListItem\",\"position\":1,\"name\":\"Shop\",\"item\":\"https:\/\/ses-creative.com\/de\/shop\/\"},{\"@type\":\"ListItem\",\"position\":2,\"name\":\"Basteln\",\"item\":\"https:\/\/ses-creative.com\/de\/product-categorie\/basteln\/\"},{\"@type\":\"ListItem\",\"position\":3,\"name\":\"Bunte Sandbilder &#8211; Waldtiere\"}]},{\"@type\":\"WebSite\",\"@id\":\"https:\/\/ses-creative.com\/#website\",\"url\":\"https:\/\/ses-creative.com\/\",\"name\":\"SES Creative\",\"description\":\"\",\"publisher\":{\"@id\":\"https:\/\/ses-creative.com\/#organization\"},\"potentialAction\":[{\"@type\":\"SearchAction\",\"target\":{\"@type\":\"EntryPoint\",\"urlTemplate\":\"https:\/\/ses-creative.com\/?s={search_term_string}\"},\"query-input\":{\"@type\":\"PropertyValueSpecification\",\"valueRequired\":true,\"valueName\":\"search_term_string\"}}],\"inLanguage\":\"de\"},{\"@type\":\"Organization\",\"@id\":\"https:\/\/ses-creative.com\/#organization\",\"name\":\"SES Creative\",\"url\":\"https:\/\/ses-creative.com\/\",\"logo\":{\"@type\":\"ImageObject\",\"inLanguage\":\"de\",\"@id\":\"https:\/\/ses-creative.com\/#\/schema\/logo\/image\/\",\"url\":\"https:\/\/ses-creative.com\/wp-content\/uploads\/2025\/10\/ses-creative-logo.jpg\",\"contentUrl\":\"https:\/\/ses-creative.com\/wp-content\/uploads\/2025\/10\/ses-creative-logo.jpg\",\"width\":2037,\"height\":2037,\"caption\":\"SES Creative\"},\"image\":{\"@id\":\"https:\/\/ses-creative.com\/#\/schema\/logo\/image\/\"}}]}<\/script>\n<!-- \/ Yoast SEO plugin. -->","yoast_head_json":{"title":"Bunte Sandbilder - Waldtiere - SES Creative","robots":{"index":"index","follow":"follow","max-snippet":"max-snippet:-1","max-image-preview":"max-image-preview:large","max-video-preview":"max-video-preview:-1"},"canonical":"https:\/\/ses-creative.com\/de\/produkt\/bunte-sandbilder-waldtiere\/","og_locale":"de_DE","og_type":"article","og_title":"Bunte Sandbilder - Waldtiere - SES Creative","og_description":"Das SES Creative Sand Art Set ist ein Bastelset ohne Kleber, entwickelt f\u00fcr Kinder ab 3 Jahren. Es bietet eine saubere und stimulierende Aktivit\u00e4t mit vier Karten, die Waldtiere zeigen, und f\u00fcnf Tuben mit farbigem Sand (gelb, orange, blau, t\u00fcrkis, violett). Jede Karte hat selbstklebende Bereiche, die freigelegt werden, um den Sand aufzutragen. Dank der [&hellip;]","og_url":"https:\/\/ses-creative.com\/de\/produkt\/bunte-sandbilder-waldtiere\/","og_site_name":"SES Creative","article_modified_time":"2026-02-06T09:51:36+00:00","twitter_card":"summary_large_image","twitter_misc":{"Gesch\u00e4tzte Lesezeit":"1\u00a0Minute"},"schema":{"@context":"https:\/\/schema.org","@graph":[{"@type":"WebPage","@id":"https:\/\/ses-creative.com\/de\/produkt\/bunte-sandbilder-waldtiere\/","url":"https:\/\/ses-creative.com\/de\/produkt\/bunte-sandbilder-waldtiere\/","name":"Bunte Sandbilder - Waldtiere - SES Creative","isPartOf":{"@id":"https:\/\/ses-creative.com\/#website"},"primaryImageOfPage":{"@id":"https:\/\/ses-creative.com\/de\/produkt\/bunte-sandbilder-waldtiere\/#primaryimage"},"image":{"@id":"https:\/\/ses-creative.com\/de\/produkt\/bunte-sandbilder-waldtiere\/#primaryimage"},"thumbnailUrl":"https:\/\/ses-creative.com\/wp-content\/uploads\/2026\/01\/141361.jpg","datePublished":"2025-12-18T10:15:36+00:00","dateModified":"2026-02-06T09:51:36+00:00","breadcrumb":{"@id":"https:\/\/ses-creative.com\/de\/produkt\/bunte-sandbilder-waldtiere\/#breadcrumb"},"inLanguage":"de","potentialAction":[{"@type":"ReadAction","target":["https:\/\/ses-creative.com\/de\/produkt\/bunte-sandbilder-waldtiere\/"]}]},{"@type":"ImageObject","inLanguage":"de","@id":"https:\/\/ses-creative.com\/de\/produkt\/bunte-sandbilder-waldtiere\/#primaryimage","url":"https:\/\/ses-creative.com\/wp-content\/uploads\/2026\/01\/141361.jpg","contentUrl":"https:\/\/ses-creative.com\/wp-content\/uploads\/2026\/01\/141361.jpg","width":1000,"height":1000},{"@type":"BreadcrumbList","@id":"https:\/\/ses-creative.com\/de\/produkt\/bunte-sandbilder-waldtiere\/#breadcrumb","itemListElement":[{"@type":"ListItem","position":1,"name":"Shop","item":"https:\/\/ses-creative.com\/de\/shop\/"},{"@type":"ListItem","position":2,"name":"Basteln","item":"https:\/\/ses-creative.com\/de\/product-categorie\/basteln\/"},{"@type":"ListItem","position":3,"name":"Bunte Sandbilder &#8211; Waldtiere"}]},{"@type":"WebSite","@id":"https:\/\/ses-creative.com\/#website","url":"https:\/\/ses-creative.com\/","name":"SES Creative","description":"","publisher":{"@id":"https:\/\/ses-creative.com\/#organization"},"potentialAction":[{"@type":"SearchAction","target":{"@type":"EntryPoint","urlTemplate":"https:\/\/ses-creative.com\/?s={search_term_string}"},"query-input":{"@type":"PropertyValueSpecification","valueRequired":true,"valueName":"search_term_string"}}],"inLanguage":"de"},{"@type":"Organization","@id":"https:\/\/ses-creative.com\/#organization","name":"SES Creative","url":"https:\/\/ses-creative.com\/","logo":{"@type":"ImageObject","inLanguage":"de","@id":"https:\/\/ses-creative.com\/#\/schema\/logo\/image\/","url":"https:\/\/ses-creative.com\/wp-content\/uploads\/2025\/10\/ses-creative-logo.jpg","contentUrl":"https:\/\/ses-creative.com\/wp-content\/uploads\/2025\/10\/ses-creative-logo.jpg","width":2037,"height":2037,"caption":"SES Creative"},"image":{"@id":"https:\/\/ses-creative.com\/#\/schema\/logo\/image\/"}}]}},"_links":{"self":[{"href":"https:\/\/ses-creative.com\/de\/wp-json\/wp\/v2\/product\/114673","targetHints":{"allow":["GET"]}}],"collection":[{"href":"https:\/\/ses-creative.com\/de\/wp-json\/wp\/v2\/product"}],"about":[{"href":"https:\/\/ses-creative.com\/de\/wp-json\/wp\/v2\/types\/product"}],"replies":[{"embeddable":true,"href":"https:\/\/ses-creative.com\/de\/wp-json\/wp\/v2\/comments?post=114673"}],"wp:featuredmedia":[{"embeddable":true,"href":"https:\/\/ses-creative.com\/de\/wp-json\/wp\/v2\/media\/102159"}],"wp:attachment":[{"href":"https:\/\/ses-creative.com\/de\/wp-json\/wp\/v2\/media?parent=114673"}],"wp:term":[{"taxonomy":"product_brand","embeddable":true,"href":"https:\/\/ses-creative.com\/de\/wp-json\/wp\/v2\/product_brand?post=114673"},{"taxonomy":"product_cat","embeddable":true,"href":"https:\/\/ses-creative.com\/de\/wp-json\/wp\/v2\/product_cat?post=114673"},{"taxonomy":"product_tag","embeddable":true,"href":"https:\/\/ses-creative.com\/de\/wp-json\/wp\/v2\/product_tag?post=114673"}],"curies":[{"name":"wp","href":"https:\/\/api.w.org\/{rel}","templated":true}]}}