











{"id":114672,"date":"2026-02-05T13:52:39","date_gmt":"2026-02-05T13:52:39","guid":{"rendered":"https:\/\/ses-creative.com\/?post_type=product&#038;p=114672"},"modified":"2026-02-06T09:51:36","modified_gmt":"2026-02-06T09:51:36","slug":"sticken-auf-tuell","status":"publish","type":"product","link":"https:\/\/ses-creative.com\/de\/produkt\/sticken-auf-tuell\/","title":{"rendered":"Sticken auf T\u00fcll"},"content":{"rendered":"<p>Hobby Pink \u2013 Katzen sticken: Einzigartige Kreationen auf transparentem T\u00fcll!<\/p>\n<p>Entdecken Sie den neuesten Kreativtrend: Sticken auf T\u00fcll! Mit dem Katzen-Stickset von SES Creative sticken Sie wundersch\u00f6ne Motive auf rosa transparentem Netzstoff in einem niedlichen Stickrahmen in Form einer Katze. Ideal f\u00fcr junge Kreative, die Handarbeiten mit modernem Touch lieben.<\/p>\n<p>Was dieses Set so toll macht<\/p>\n<p>2 Holzstickrahmen in Form einer Katze f\u00fcr einen verspielten Effekt<br \/>\nInklusive rosa T\u00fcll f\u00fcr einen modernen, transparenten Look<br \/>\n4 Farben Stickgarn f\u00fcr endlose Kombinationsm\u00f6glichkeiten<br \/>\nF\u00f6rdert die Feinmotorik, Geduld und Kreativit\u00e4t<br \/>\nGeeignet f\u00fcr Kinder ab 6 Jahren<\/p>\n<p>Stilvolles und kreatives Sticken<\/p>\n<p>Mit diesem Set k\u00f6nnen Kinder ihre eigenen Kunstwerke schaffen, die perfekt in ein trendiges Interieur passen. Der transparente T\u00fcll sorgt f\u00fcr ein luftiges und besonderes Ergebnis, ideal zum Aufh\u00e4ngen im Zimmer oder zum Verschenken. Sticken macht so nicht nur Spa\u00df, sondern ist auch etwas, worauf man stolz sein kann.<\/p>\n<p>Inhalt des Sets<\/p>\n<p>2 h\u00f6lzerne Stickrahmen in Form einer Katze<br \/>\nT\u00fcllgaze in Rosa<br \/>\n4 Farben Stickgarn<br \/>\nNadel und Faden<br \/>\nAnleitung<\/p>\n<p>Warum SES Creative w\u00e4hlen?<\/p>\n<p>Bei SES Creative legen wir gro\u00dfen Wert auf Sicherheit. Deshalb werden die Produkte in unserem Werk in den Niederlanden nach den strengsten europ\u00e4ischen Sicherheitsnormen hergestellt und getestet. Spielzeug von SES Creative macht Spa\u00df und soll Kindern ein Gef\u00fchl der Stolz auf ihre Arbeit vermitteln, was ihre Kreativit\u00e4t und Entwicklung f\u00f6rdert.<\/p>\n<p>Beginnen Sie noch heute mit dem Sticken auf T\u00fcll<\/p>\n<p>Entdecken Sie, wie viel Spa\u00df und Entspannung das Sticken machen kann. Mit diesem einzigartigen Stickset k\u00f6nnen Sie im Handumdrehen stilvolle Katzenkunstwerke schaffen, die wirklich auffallen. Zeit, loszulegen!<\/p>\n","protected":false},"excerpt":{"rendered":"<p>Hobby Pink \u2013 Katzen sticken: Einzigartige Kreationen auf transparentem T\u00fcll! Entdecken Sie den neuesten Kreativtrend: Sticken auf T\u00fcll! Mit dem Katzen-Stickset von SES Creative sticken Sie wundersch\u00f6ne Motive auf rosa transparentem Netzstoff in einem niedlichen Stickrahmen in Form einer Katze. Ideal f\u00fcr junge Kreative, die Handarbeiten mit modernem Touch lieben. Was dieses Set so toll [&hellip;]<\/p>\n","protected":false},"featured_media":95236,"comment_status":"closed","ping_status":"closed","template":"","meta":{"_acf_changed":false},"product_brand":[],"product_cat":[115],"product_tag":[],"class_list":{"0":"post-114672","1":"product","2":"type-product","3":"status-publish","4":"has-post-thumbnail","6":"product_cat-basteln","7":"pa_leeftijd-filter-4-6-jahre","8":"pa_meest-populair-bij-maedchen","10":"first","11":"instock","12":"shipping-taxable","13":"product-type-simple"},"acf":[],"yoast_head":"<!-- This site is optimized with the Yoast SEO plugin v27.4 - https:\/\/yoast.com\/product\/yoast-seo-wordpress\/ -->\n<title>Sticken auf T\u00fcll - SES Creative<\/title>\n<meta name=\"robots\" content=\"index, follow, max-snippet:-1, max-image-preview:large, max-video-preview:-1\" \/>\n<link rel=\"canonical\" href=\"https:\/\/ses-creative.com\/de\/produkt\/sticken-auf-tuell\/\" \/>\n<meta property=\"og:locale\" content=\"de_DE\" \/>\n<meta property=\"og:type\" content=\"article\" \/>\n<meta property=\"og:title\" content=\"Sticken auf T\u00fcll - SES Creative\" \/>\n<meta property=\"og:description\" content=\"Hobby Pink \u2013 Katzen sticken: Einzigartige Kreationen auf transparentem T\u00fcll! Entdecken Sie den neuesten Kreativtrend: Sticken auf T\u00fcll! Mit dem Katzen-Stickset von SES Creative sticken Sie wundersch\u00f6ne Motive auf rosa transparentem Netzstoff in einem niedlichen Stickrahmen in Form einer Katze. Ideal f\u00fcr junge Kreative, die Handarbeiten mit modernem Touch lieben. Was dieses Set so toll [&hellip;]\" \/>\n<meta property=\"og:url\" content=\"https:\/\/ses-creative.com\/de\/produkt\/sticken-auf-tuell\/\" \/>\n<meta property=\"og:site_name\" content=\"SES Creative\" \/>\n<meta property=\"article:modified_time\" content=\"2026-02-06T09:51:36+00:00\" \/>\n<meta name=\"twitter:card\" content=\"summary_large_image\" \/>\n<meta name=\"twitter:label1\" content=\"Gesch\u00e4tzte Lesezeit\" \/>\n\t<meta name=\"twitter:data1\" content=\"1\u00a0Minute\" \/>\n<script type=\"application\/ld+json\" class=\"yoast-schema-graph\">{\"@context\":\"https:\\\/\\\/schema.org\",\"@graph\":[{\"@type\":\"WebPage\",\"@id\":\"https:\\\/\\\/ses-creative.com\\\/de\\\/produkt\\\/sticken-auf-tuell\\\/\",\"url\":\"https:\\\/\\\/ses-creative.com\\\/de\\\/produkt\\\/sticken-auf-tuell\\\/\",\"name\":\"Sticken auf T\u00fcll - SES Creative\",\"isPartOf\":{\"@id\":\"https:\\\/\\\/ses-creative.com\\\/#website\"},\"primaryImageOfPage\":{\"@id\":\"https:\\\/\\\/ses-creative.com\\\/de\\\/produkt\\\/sticken-auf-tuell\\\/#primaryimage\"},\"image\":{\"@id\":\"https:\\\/\\\/ses-creative.com\\\/de\\\/produkt\\\/sticken-auf-tuell\\\/#primaryimage\"},\"thumbnailUrl\":\"https:\\\/\\\/ses-creative.com\\\/wp-content\\\/uploads\\\/2026\\\/01\\\/141351.jpg\",\"datePublished\":\"2026-02-05T13:52:39+00:00\",\"dateModified\":\"2026-02-06T09:51:36+00:00\",\"breadcrumb\":{\"@id\":\"https:\\\/\\\/ses-creative.com\\\/de\\\/produkt\\\/sticken-auf-tuell\\\/#breadcrumb\"},\"inLanguage\":\"de\",\"potentialAction\":[{\"@type\":\"ReadAction\",\"target\":[\"https:\\\/\\\/ses-creative.com\\\/de\\\/produkt\\\/sticken-auf-tuell\\\/\"]}]},{\"@type\":\"ImageObject\",\"inLanguage\":\"de\",\"@id\":\"https:\\\/\\\/ses-creative.com\\\/de\\\/produkt\\\/sticken-auf-tuell\\\/#primaryimage\",\"url\":\"https:\\\/\\\/ses-creative.com\\\/wp-content\\\/uploads\\\/2026\\\/01\\\/141351.jpg\",\"contentUrl\":\"https:\\\/\\\/ses-creative.com\\\/wp-content\\\/uploads\\\/2026\\\/01\\\/141351.jpg\",\"width\":1000,\"height\":1000},{\"@type\":\"BreadcrumbList\",\"@id\":\"https:\\\/\\\/ses-creative.com\\\/de\\\/produkt\\\/sticken-auf-tuell\\\/#breadcrumb\",\"itemListElement\":[{\"@type\":\"ListItem\",\"position\":1,\"name\":\"Shop\",\"item\":\"https:\\\/\\\/ses-creative.com\\\/de\\\/shop\\\/\"},{\"@type\":\"ListItem\",\"position\":2,\"name\":\"Basteln\",\"item\":\"https:\\\/\\\/ses-creative.com\\\/de\\\/product-categorie\\\/basteln\\\/\"},{\"@type\":\"ListItem\",\"position\":3,\"name\":\"Sticken auf T\u00fcll\"}]},{\"@type\":\"WebSite\",\"@id\":\"https:\\\/\\\/ses-creative.com\\\/#website\",\"url\":\"https:\\\/\\\/ses-creative.com\\\/\",\"name\":\"SES Creative\",\"description\":\"\",\"publisher\":{\"@id\":\"https:\\\/\\\/ses-creative.com\\\/#organization\"},\"potentialAction\":[{\"@type\":\"SearchAction\",\"target\":{\"@type\":\"EntryPoint\",\"urlTemplate\":\"https:\\\/\\\/ses-creative.com\\\/?s={search_term_string}\"},\"query-input\":{\"@type\":\"PropertyValueSpecification\",\"valueRequired\":true,\"valueName\":\"search_term_string\"}}],\"inLanguage\":\"de\"},{\"@type\":\"Organization\",\"@id\":\"https:\\\/\\\/ses-creative.com\\\/#organization\",\"name\":\"SES Creative\",\"url\":\"https:\\\/\\\/ses-creative.com\\\/\",\"logo\":{\"@type\":\"ImageObject\",\"inLanguage\":\"de\",\"@id\":\"https:\\\/\\\/ses-creative.com\\\/#\\\/schema\\\/logo\\\/image\\\/\",\"url\":\"https:\\\/\\\/ses-creative.com\\\/wp-content\\\/uploads\\\/2025\\\/10\\\/ses-creative-logo.jpg\",\"contentUrl\":\"https:\\\/\\\/ses-creative.com\\\/wp-content\\\/uploads\\\/2025\\\/10\\\/ses-creative-logo.jpg\",\"width\":2037,\"height\":2037,\"caption\":\"SES Creative\"},\"image\":{\"@id\":\"https:\\\/\\\/ses-creative.com\\\/#\\\/schema\\\/logo\\\/image\\\/\"}}]}<\/script>\n<!-- \/ Yoast SEO plugin. -->","yoast_head_json":{"title":"Sticken auf T\u00fcll - SES Creative","robots":{"index":"index","follow":"follow","max-snippet":"max-snippet:-1","max-image-preview":"max-image-preview:large","max-video-preview":"max-video-preview:-1"},"canonical":"https:\/\/ses-creative.com\/de\/produkt\/sticken-auf-tuell\/","og_locale":"de_DE","og_type":"article","og_title":"Sticken auf T\u00fcll - SES Creative","og_description":"Hobby Pink \u2013 Katzen sticken: Einzigartige Kreationen auf transparentem T\u00fcll! Entdecken Sie den neuesten Kreativtrend: Sticken auf T\u00fcll! Mit dem Katzen-Stickset von SES Creative sticken Sie wundersch\u00f6ne Motive auf rosa transparentem Netzstoff in einem niedlichen Stickrahmen in Form einer Katze. Ideal f\u00fcr junge Kreative, die Handarbeiten mit modernem Touch lieben. Was dieses Set so toll [&hellip;]","og_url":"https:\/\/ses-creative.com\/de\/produkt\/sticken-auf-tuell\/","og_site_name":"SES Creative","article_modified_time":"2026-02-06T09:51:36+00:00","twitter_card":"summary_large_image","twitter_misc":{"Gesch\u00e4tzte Lesezeit":"1\u00a0Minute"},"schema":{"@context":"https:\/\/schema.org","@graph":[{"@type":"WebPage","@id":"https:\/\/ses-creative.com\/de\/produkt\/sticken-auf-tuell\/","url":"https:\/\/ses-creative.com\/de\/produkt\/sticken-auf-tuell\/","name":"Sticken auf T\u00fcll - SES Creative","isPartOf":{"@id":"https:\/\/ses-creative.com\/#website"},"primaryImageOfPage":{"@id":"https:\/\/ses-creative.com\/de\/produkt\/sticken-auf-tuell\/#primaryimage"},"image":{"@id":"https:\/\/ses-creative.com\/de\/produkt\/sticken-auf-tuell\/#primaryimage"},"thumbnailUrl":"https:\/\/ses-creative.com\/wp-content\/uploads\/2026\/01\/141351.jpg","datePublished":"2026-02-05T13:52:39+00:00","dateModified":"2026-02-06T09:51:36+00:00","breadcrumb":{"@id":"https:\/\/ses-creative.com\/de\/produkt\/sticken-auf-tuell\/#breadcrumb"},"inLanguage":"de","potentialAction":[{"@type":"ReadAction","target":["https:\/\/ses-creative.com\/de\/produkt\/sticken-auf-tuell\/"]}]},{"@type":"ImageObject","inLanguage":"de","@id":"https:\/\/ses-creative.com\/de\/produkt\/sticken-auf-tuell\/#primaryimage","url":"https:\/\/ses-creative.com\/wp-content\/uploads\/2026\/01\/141351.jpg","contentUrl":"https:\/\/ses-creative.com\/wp-content\/uploads\/2026\/01\/141351.jpg","width":1000,"height":1000},{"@type":"BreadcrumbList","@id":"https:\/\/ses-creative.com\/de\/produkt\/sticken-auf-tuell\/#breadcrumb","itemListElement":[{"@type":"ListItem","position":1,"name":"Shop","item":"https:\/\/ses-creative.com\/de\/shop\/"},{"@type":"ListItem","position":2,"name":"Basteln","item":"https:\/\/ses-creative.com\/de\/product-categorie\/basteln\/"},{"@type":"ListItem","position":3,"name":"Sticken auf T\u00fcll"}]},{"@type":"WebSite","@id":"https:\/\/ses-creative.com\/#website","url":"https:\/\/ses-creative.com\/","name":"SES Creative","description":"","publisher":{"@id":"https:\/\/ses-creative.com\/#organization"},"potentialAction":[{"@type":"SearchAction","target":{"@type":"EntryPoint","urlTemplate":"https:\/\/ses-creative.com\/?s={search_term_string}"},"query-input":{"@type":"PropertyValueSpecification","valueRequired":true,"valueName":"search_term_string"}}],"inLanguage":"de"},{"@type":"Organization","@id":"https:\/\/ses-creative.com\/#organization","name":"SES Creative","url":"https:\/\/ses-creative.com\/","logo":{"@type":"ImageObject","inLanguage":"de","@id":"https:\/\/ses-creative.com\/#\/schema\/logo\/image\/","url":"https:\/\/ses-creative.com\/wp-content\/uploads\/2025\/10\/ses-creative-logo.jpg","contentUrl":"https:\/\/ses-creative.com\/wp-content\/uploads\/2025\/10\/ses-creative-logo.jpg","width":2037,"height":2037,"caption":"SES Creative"},"image":{"@id":"https:\/\/ses-creative.com\/#\/schema\/logo\/image\/"}}]}},"_links":{"self":[{"href":"https:\/\/ses-creative.com\/de\/wp-json\/wp\/v2\/product\/114672","targetHints":{"allow":["GET"]}}],"collection":[{"href":"https:\/\/ses-creative.com\/de\/wp-json\/wp\/v2\/product"}],"about":[{"href":"https:\/\/ses-creative.com\/de\/wp-json\/wp\/v2\/types\/product"}],"replies":[{"embeddable":true,"href":"https:\/\/ses-creative.com\/de\/wp-json\/wp\/v2\/comments?post=114672"}],"wp:featuredmedia":[{"embeddable":true,"href":"https:\/\/ses-creative.com\/de\/wp-json\/wp\/v2\/media\/95236"}],"wp:attachment":[{"href":"https:\/\/ses-creative.com\/de\/wp-json\/wp\/v2\/media?parent=114672"}],"wp:term":[{"taxonomy":"product_brand","embeddable":true,"href":"https:\/\/ses-creative.com\/de\/wp-json\/wp\/v2\/product_brand?post=114672"},{"taxonomy":"product_cat","embeddable":true,"href":"https:\/\/ses-creative.com\/de\/wp-json\/wp\/v2\/product_cat?post=114672"},{"taxonomy":"product_tag","embeddable":true,"href":"https:\/\/ses-creative.com\/de\/wp-json\/wp\/v2\/product_tag?post=114672"}],"curies":[{"name":"wp","href":"https:\/\/api.w.org\/{rel}","templated":true}]}}