











{"id":114671,"date":"2026-02-05T13:52:39","date_gmt":"2026-02-05T13:52:39","guid":{"rendered":"https:\/\/ses-creative.com\/?post_type=product&#038;p=114671"},"modified":"2026-02-06T09:51:36","modified_gmt":"2026-02-06T09:51:36","slug":"diamond-painting-3d-einhoerner","status":"publish","type":"product","link":"https:\/\/ses-creative.com\/de\/produkt\/diamond-painting-3d-einhoerner\/","title":{"rendered":"Diamond Painting &#8211; 3D-Einh\u00f6rner"},"content":{"rendered":"<p>Das Diamond Painting Einhorn 3D Bastelset von SES Creative bietet eine vollst\u00e4ndige, kindgerechte Bastelerfahrung ab 5 Jahren. Zuerst werden die Holzteile zusammengesetzt, dann bemalt und schlie\u00dflich mit 540 Diamant-Stickern und Glitzerstickern dekoriert. Enthalten sind 2 Holzeinh\u00f6rner, 6 Farben Gouache (5 ml), Pinsel, Kleber, 540 Diamanten, Glitzersticker und Anleitung. F\u00f6rdert Feinmotorik, Konzentration und Kreativit\u00e4t. SES Creative produziert seit \u00fcber 40 Jahren hochwertige Kreativsets \u2013 CO\u2082-neutral und sicher nach EU-Norm.<\/p>\n","protected":false},"excerpt":{"rendered":"<p>Das Diamond Painting Einhorn 3D Bastelset von SES Creative bietet eine vollst\u00e4ndige, kindgerechte Bastelerfahrung ab 5 Jahren. Zuerst werden die Holzteile zusammengesetzt, dann bemalt und schlie\u00dflich mit 540 Diamant-Stickern und Glitzerstickern dekoriert. Enthalten sind 2 Holzeinh\u00f6rner, 6 Farben Gouache (5 ml), Pinsel, Kleber, 540 Diamanten, Glitzersticker und Anleitung. F\u00f6rdert Feinmotorik, Konzentration und Kreativit\u00e4t. SES Creative [&hellip;]<\/p>\n","protected":false},"featured_media":102136,"comment_status":"closed","ping_status":"closed","template":"","meta":{"_acf_changed":false},"product_brand":[],"product_cat":[115],"product_tag":[],"class_list":{"0":"post-114671","1":"product","2":"type-product","3":"status-publish","4":"has-post-thumbnail","6":"product_cat-basteln","7":"pa_leeftijd-filter-4-6-jahre","8":"pa_meest-populair-bij-maedchen","10":"first","11":"instock","12":"shipping-taxable","13":"product-type-simple"},"acf":[],"yoast_head":"<!-- This site is optimized with the Yoast SEO plugin v27.2 - https:\/\/yoast.com\/product\/yoast-seo-wordpress\/ -->\n<title>Diamond Painting - 3D-Einh\u00f6rner - SES Creative<\/title>\n<meta name=\"robots\" content=\"index, follow, max-snippet:-1, max-image-preview:large, max-video-preview:-1\" \/>\n<link rel=\"canonical\" href=\"https:\/\/ses-creative.com\/de\/produkt\/diamond-painting-3d-einhoerner\/\" \/>\n<meta property=\"og:locale\" content=\"de_DE\" \/>\n<meta property=\"og:type\" content=\"article\" \/>\n<meta property=\"og:title\" content=\"Diamond Painting - 3D-Einh\u00f6rner - SES Creative\" \/>\n<meta property=\"og:description\" content=\"Das Diamond Painting Einhorn 3D Bastelset von SES Creative bietet eine vollst\u00e4ndige, kindgerechte Bastelerfahrung ab 5 Jahren. Zuerst werden die Holzteile zusammengesetzt, dann bemalt und schlie\u00dflich mit 540 Diamant-Stickern und Glitzerstickern dekoriert. Enthalten sind 2 Holzeinh\u00f6rner, 6 Farben Gouache (5 ml), Pinsel, Kleber, 540 Diamanten, Glitzersticker und Anleitung. F\u00f6rdert Feinmotorik, Konzentration und Kreativit\u00e4t. SES Creative [&hellip;]\" \/>\n<meta property=\"og:url\" content=\"https:\/\/ses-creative.com\/de\/produkt\/diamond-painting-3d-einhoerner\/\" \/>\n<meta property=\"og:site_name\" content=\"SES Creative\" \/>\n<meta property=\"article:modified_time\" content=\"2026-02-06T09:51:36+00:00\" \/>\n<meta name=\"twitter:card\" content=\"summary_large_image\" \/>\n<script type=\"application\/ld+json\" class=\"yoast-schema-graph\">{\"@context\":\"https:\/\/schema.org\",\"@graph\":[{\"@type\":\"WebPage\",\"@id\":\"https:\/\/ses-creative.com\/de\/produkt\/diamond-painting-3d-einhoerner\/\",\"url\":\"https:\/\/ses-creative.com\/de\/produkt\/diamond-painting-3d-einhoerner\/\",\"name\":\"Diamond Painting - 3D-Einh\u00f6rner - SES Creative\",\"isPartOf\":{\"@id\":\"https:\/\/ses-creative.com\/#website\"},\"primaryImageOfPage\":{\"@id\":\"https:\/\/ses-creative.com\/de\/produkt\/diamond-painting-3d-einhoerner\/#primaryimage\"},\"image\":{\"@id\":\"https:\/\/ses-creative.com\/de\/produkt\/diamond-painting-3d-einhoerner\/#primaryimage\"},\"thumbnailUrl\":\"https:\/\/ses-creative.com\/wp-content\/uploads\/2026\/01\/141341.jpg\",\"datePublished\":\"2026-02-05T13:52:39+00:00\",\"dateModified\":\"2026-02-06T09:51:36+00:00\",\"breadcrumb\":{\"@id\":\"https:\/\/ses-creative.com\/de\/produkt\/diamond-painting-3d-einhoerner\/#breadcrumb\"},\"inLanguage\":\"de\",\"potentialAction\":[{\"@type\":\"ReadAction\",\"target\":[\"https:\/\/ses-creative.com\/de\/produkt\/diamond-painting-3d-einhoerner\/\"]}]},{\"@type\":\"ImageObject\",\"inLanguage\":\"de\",\"@id\":\"https:\/\/ses-creative.com\/de\/produkt\/diamond-painting-3d-einhoerner\/#primaryimage\",\"url\":\"https:\/\/ses-creative.com\/wp-content\/uploads\/2026\/01\/141341.jpg\",\"contentUrl\":\"https:\/\/ses-creative.com\/wp-content\/uploads\/2026\/01\/141341.jpg\",\"width\":1000,\"height\":1000},{\"@type\":\"BreadcrumbList\",\"@id\":\"https:\/\/ses-creative.com\/de\/produkt\/diamond-painting-3d-einhoerner\/#breadcrumb\",\"itemListElement\":[{\"@type\":\"ListItem\",\"position\":1,\"name\":\"Shop\",\"item\":\"https:\/\/ses-creative.com\/de\/shop\/\"},{\"@type\":\"ListItem\",\"position\":2,\"name\":\"Basteln\",\"item\":\"https:\/\/ses-creative.com\/de\/product-categorie\/basteln\/\"},{\"@type\":\"ListItem\",\"position\":3,\"name\":\"Diamond Painting &#8211; 3D-Einh\u00f6rner\"}]},{\"@type\":\"WebSite\",\"@id\":\"https:\/\/ses-creative.com\/#website\",\"url\":\"https:\/\/ses-creative.com\/\",\"name\":\"SES Creative\",\"description\":\"\",\"publisher\":{\"@id\":\"https:\/\/ses-creative.com\/#organization\"},\"potentialAction\":[{\"@type\":\"SearchAction\",\"target\":{\"@type\":\"EntryPoint\",\"urlTemplate\":\"https:\/\/ses-creative.com\/?s={search_term_string}\"},\"query-input\":{\"@type\":\"PropertyValueSpecification\",\"valueRequired\":true,\"valueName\":\"search_term_string\"}}],\"inLanguage\":\"de\"},{\"@type\":\"Organization\",\"@id\":\"https:\/\/ses-creative.com\/#organization\",\"name\":\"SES Creative\",\"url\":\"https:\/\/ses-creative.com\/\",\"logo\":{\"@type\":\"ImageObject\",\"inLanguage\":\"de\",\"@id\":\"https:\/\/ses-creative.com\/#\/schema\/logo\/image\/\",\"url\":\"https:\/\/ses-creative.com\/wp-content\/uploads\/2025\/10\/ses-creative-logo.jpg\",\"contentUrl\":\"https:\/\/ses-creative.com\/wp-content\/uploads\/2025\/10\/ses-creative-logo.jpg\",\"width\":2037,\"height\":2037,\"caption\":\"SES Creative\"},\"image\":{\"@id\":\"https:\/\/ses-creative.com\/#\/schema\/logo\/image\/\"}}]}<\/script>\n<!-- \/ Yoast SEO plugin. -->","yoast_head_json":{"title":"Diamond Painting - 3D-Einh\u00f6rner - SES Creative","robots":{"index":"index","follow":"follow","max-snippet":"max-snippet:-1","max-image-preview":"max-image-preview:large","max-video-preview":"max-video-preview:-1"},"canonical":"https:\/\/ses-creative.com\/de\/produkt\/diamond-painting-3d-einhoerner\/","og_locale":"de_DE","og_type":"article","og_title":"Diamond Painting - 3D-Einh\u00f6rner - SES Creative","og_description":"Das Diamond Painting Einhorn 3D Bastelset von SES Creative bietet eine vollst\u00e4ndige, kindgerechte Bastelerfahrung ab 5 Jahren. Zuerst werden die Holzteile zusammengesetzt, dann bemalt und schlie\u00dflich mit 540 Diamant-Stickern und Glitzerstickern dekoriert. Enthalten sind 2 Holzeinh\u00f6rner, 6 Farben Gouache (5 ml), Pinsel, Kleber, 540 Diamanten, Glitzersticker und Anleitung. F\u00f6rdert Feinmotorik, Konzentration und Kreativit\u00e4t. SES Creative [&hellip;]","og_url":"https:\/\/ses-creative.com\/de\/produkt\/diamond-painting-3d-einhoerner\/","og_site_name":"SES Creative","article_modified_time":"2026-02-06T09:51:36+00:00","twitter_card":"summary_large_image","schema":{"@context":"https:\/\/schema.org","@graph":[{"@type":"WebPage","@id":"https:\/\/ses-creative.com\/de\/produkt\/diamond-painting-3d-einhoerner\/","url":"https:\/\/ses-creative.com\/de\/produkt\/diamond-painting-3d-einhoerner\/","name":"Diamond Painting - 3D-Einh\u00f6rner - SES Creative","isPartOf":{"@id":"https:\/\/ses-creative.com\/#website"},"primaryImageOfPage":{"@id":"https:\/\/ses-creative.com\/de\/produkt\/diamond-painting-3d-einhoerner\/#primaryimage"},"image":{"@id":"https:\/\/ses-creative.com\/de\/produkt\/diamond-painting-3d-einhoerner\/#primaryimage"},"thumbnailUrl":"https:\/\/ses-creative.com\/wp-content\/uploads\/2026\/01\/141341.jpg","datePublished":"2026-02-05T13:52:39+00:00","dateModified":"2026-02-06T09:51:36+00:00","breadcrumb":{"@id":"https:\/\/ses-creative.com\/de\/produkt\/diamond-painting-3d-einhoerner\/#breadcrumb"},"inLanguage":"de","potentialAction":[{"@type":"ReadAction","target":["https:\/\/ses-creative.com\/de\/produkt\/diamond-painting-3d-einhoerner\/"]}]},{"@type":"ImageObject","inLanguage":"de","@id":"https:\/\/ses-creative.com\/de\/produkt\/diamond-painting-3d-einhoerner\/#primaryimage","url":"https:\/\/ses-creative.com\/wp-content\/uploads\/2026\/01\/141341.jpg","contentUrl":"https:\/\/ses-creative.com\/wp-content\/uploads\/2026\/01\/141341.jpg","width":1000,"height":1000},{"@type":"BreadcrumbList","@id":"https:\/\/ses-creative.com\/de\/produkt\/diamond-painting-3d-einhoerner\/#breadcrumb","itemListElement":[{"@type":"ListItem","position":1,"name":"Shop","item":"https:\/\/ses-creative.com\/de\/shop\/"},{"@type":"ListItem","position":2,"name":"Basteln","item":"https:\/\/ses-creative.com\/de\/product-categorie\/basteln\/"},{"@type":"ListItem","position":3,"name":"Diamond Painting &#8211; 3D-Einh\u00f6rner"}]},{"@type":"WebSite","@id":"https:\/\/ses-creative.com\/#website","url":"https:\/\/ses-creative.com\/","name":"SES Creative","description":"","publisher":{"@id":"https:\/\/ses-creative.com\/#organization"},"potentialAction":[{"@type":"SearchAction","target":{"@type":"EntryPoint","urlTemplate":"https:\/\/ses-creative.com\/?s={search_term_string}"},"query-input":{"@type":"PropertyValueSpecification","valueRequired":true,"valueName":"search_term_string"}}],"inLanguage":"de"},{"@type":"Organization","@id":"https:\/\/ses-creative.com\/#organization","name":"SES Creative","url":"https:\/\/ses-creative.com\/","logo":{"@type":"ImageObject","inLanguage":"de","@id":"https:\/\/ses-creative.com\/#\/schema\/logo\/image\/","url":"https:\/\/ses-creative.com\/wp-content\/uploads\/2025\/10\/ses-creative-logo.jpg","contentUrl":"https:\/\/ses-creative.com\/wp-content\/uploads\/2025\/10\/ses-creative-logo.jpg","width":2037,"height":2037,"caption":"SES Creative"},"image":{"@id":"https:\/\/ses-creative.com\/#\/schema\/logo\/image\/"}}]}},"_links":{"self":[{"href":"https:\/\/ses-creative.com\/de\/wp-json\/wp\/v2\/product\/114671","targetHints":{"allow":["GET"]}}],"collection":[{"href":"https:\/\/ses-creative.com\/de\/wp-json\/wp\/v2\/product"}],"about":[{"href":"https:\/\/ses-creative.com\/de\/wp-json\/wp\/v2\/types\/product"}],"replies":[{"embeddable":true,"href":"https:\/\/ses-creative.com\/de\/wp-json\/wp\/v2\/comments?post=114671"}],"wp:featuredmedia":[{"embeddable":true,"href":"https:\/\/ses-creative.com\/de\/wp-json\/wp\/v2\/media\/102136"}],"wp:attachment":[{"href":"https:\/\/ses-creative.com\/de\/wp-json\/wp\/v2\/media?parent=114671"}],"wp:term":[{"taxonomy":"product_brand","embeddable":true,"href":"https:\/\/ses-creative.com\/de\/wp-json\/wp\/v2\/product_brand?post=114671"},{"taxonomy":"product_cat","embeddable":true,"href":"https:\/\/ses-creative.com\/de\/wp-json\/wp\/v2\/product_cat?post=114671"},{"taxonomy":"product_tag","embeddable":true,"href":"https:\/\/ses-creative.com\/de\/wp-json\/wp\/v2\/product_tag?post=114671"}],"curies":[{"name":"wp","href":"https:\/\/api.w.org\/{rel}","templated":true}]}}