











{"id":114670,"date":"2026-02-05T13:52:39","date_gmt":"2026-02-05T13:52:39","guid":{"rendered":"https:\/\/ses-creative.com\/?post_type=product&#038;p=114670"},"modified":"2026-02-06T09:51:36","modified_gmt":"2026-02-06T09:51:36","slug":"glasperlenbilder","status":"publish","type":"product","link":"https:\/\/ses-creative.com\/de\/produkt\/glasperlenbilder\/","title":{"rendered":"Glasperlenbilder"},"content":{"rendered":"<p>Hobby Pink \u2013 Glasperlen-Karten: Gestalten Sie funkelnde Kunstwerke!<\/p>\n<p>Mit den Glasperlen-Karten von SES Creative k\u00f6nnen Sie die sch\u00f6nsten Kreationen mit bunten Glasperlen gestalten. Dank der praktischen Karten mit Klebefl\u00e4che ist diese Bastelaktivit\u00e4t einfach und zauberhaft. Ideal f\u00fcr Kinder, die funkelnde Details lieben und gerne ihre eigenen Kunstwerke gestalten.<\/p>\n<p>Was dieses Set so toll macht<\/p>\n<p>Enth\u00e4lt gl\u00e4nzende Glasperlen in verschiedenen Farben<br \/>\n3 stabile Bastelkarten mit vorgedruckten Klebefl\u00e4chen<br \/>\nEinfach zu verwenden \u2013 kein Klebstoff erforderlich<br \/>\nF\u00f6rdert Kreativit\u00e4t, Feinmotorik und Konzentration<br \/>\nGeeignet f\u00fcr Kinder, die gerne detailreich basteln<\/p>\n<p>Lassen Sie Ihrer Kreativit\u00e4t freien Lauf<\/p>\n<p>Das Basteln mit Glasperlen macht nicht nur Spa\u00df, es ist auch entspannend und f\u00f6rdert die Konzentration. Kinder k\u00f6nnen Schritt f\u00fcr Schritt ihr eigenes funkelndes Meisterwerk schaffen und sowohl den Prozess als auch das Ergebnis genie\u00dfen. Jedes Kunstwerk ist einzigartig und etwas, auf das man wirklich stolz sein kann.<\/p>\n<p>Inhalt des Sets<\/p>\n<p>3 Bastelkarten mit Klebefl\u00e4che<br \/>\nMischung aus bunten Glasperlen<\/p>\n<p>Warum SES Creative w\u00e4hlen?<\/p>\n<p>Bei SES Creative legen wir gro\u00dfen Wert auf Sicherheit. Deshalb werden die Produkte in unserem Werk in den Niederlanden nach den strengsten europ\u00e4ischen Sicherheitsnormen hergestellt und getestet. Spielzeug von SES Creative macht Spa\u00df und soll Kindern ein Gef\u00fchl des Stolzes auf ihre Arbeit vermitteln, was ihre Kreativit\u00e4t und Entwicklung f\u00f6rdert.<\/p>\n<p>Erstellen Sie noch heute Ihr erstes Kunstwerk aus Glasperlen<\/p>\n<p>Holen Sie sich die Glasperlen-Karten nach Hause und entdecken Sie, wie viel Spa\u00df das Basteln mit Perlen macht. Eine wunderbare Besch\u00e4ftigung f\u00fcr jedes Kind, das gerne kreativ ist \u2013 und alles liebt, was glitzert!<\/p>\n","protected":false},"excerpt":{"rendered":"<p>Hobby Pink \u2013 Glasperlen-Karten: Gestalten Sie funkelnde Kunstwerke! Mit den Glasperlen-Karten von SES Creative k\u00f6nnen Sie die sch\u00f6nsten Kreationen mit bunten Glasperlen gestalten. Dank der praktischen Karten mit Klebefl\u00e4che ist diese Bastelaktivit\u00e4t einfach und zauberhaft. Ideal f\u00fcr Kinder, die funkelnde Details lieben und gerne ihre eigenen Kunstwerke gestalten. Was dieses Set so toll macht Enth\u00e4lt [&hellip;]<\/p>\n","protected":false},"featured_media":95216,"comment_status":"closed","ping_status":"closed","template":"","meta":{"_acf_changed":false},"product_brand":[],"product_cat":[115],"product_tag":[],"class_list":{"0":"post-114670","1":"product","2":"type-product","3":"status-publish","4":"has-post-thumbnail","6":"product_cat-basteln","7":"pa_leeftijd-filter-3-4-jahre","8":"pa_meest-populair-bij-maedchen","10":"first","11":"instock","12":"shipping-taxable","13":"product-type-simple"},"acf":[],"yoast_head":"<!-- This site is optimized with the Yoast SEO plugin v27.2 - https:\/\/yoast.com\/product\/yoast-seo-wordpress\/ -->\n<title>Glasperlenbilder - SES Creative<\/title>\n<meta name=\"robots\" content=\"index, follow, max-snippet:-1, max-image-preview:large, max-video-preview:-1\" \/>\n<link rel=\"canonical\" href=\"https:\/\/ses-creative.com\/de\/produkt\/glasperlenbilder\/\" \/>\n<meta property=\"og:locale\" content=\"de_DE\" \/>\n<meta property=\"og:type\" content=\"article\" \/>\n<meta property=\"og:title\" content=\"Glasperlenbilder - SES Creative\" \/>\n<meta property=\"og:description\" content=\"Hobby Pink \u2013 Glasperlen-Karten: Gestalten Sie funkelnde Kunstwerke! Mit den Glasperlen-Karten von SES Creative k\u00f6nnen Sie die sch\u00f6nsten Kreationen mit bunten Glasperlen gestalten. Dank der praktischen Karten mit Klebefl\u00e4che ist diese Bastelaktivit\u00e4t einfach und zauberhaft. Ideal f\u00fcr Kinder, die funkelnde Details lieben und gerne ihre eigenen Kunstwerke gestalten. Was dieses Set so toll macht Enth\u00e4lt [&hellip;]\" \/>\n<meta property=\"og:url\" content=\"https:\/\/ses-creative.com\/de\/produkt\/glasperlenbilder\/\" \/>\n<meta property=\"og:site_name\" content=\"SES Creative\" \/>\n<meta property=\"article:modified_time\" content=\"2026-02-06T09:51:36+00:00\" \/>\n<meta name=\"twitter:card\" content=\"summary_large_image\" \/>\n<meta name=\"twitter:label1\" content=\"Gesch\u00e4tzte Lesezeit\" \/>\n\t<meta name=\"twitter:data1\" content=\"1\u00a0Minute\" \/>\n<script type=\"application\/ld+json\" class=\"yoast-schema-graph\">{\"@context\":\"https:\/\/schema.org\",\"@graph\":[{\"@type\":\"WebPage\",\"@id\":\"https:\/\/ses-creative.com\/de\/produkt\/glasperlenbilder\/\",\"url\":\"https:\/\/ses-creative.com\/de\/produkt\/glasperlenbilder\/\",\"name\":\"Glasperlenbilder - SES Creative\",\"isPartOf\":{\"@id\":\"https:\/\/ses-creative.com\/#website\"},\"primaryImageOfPage\":{\"@id\":\"https:\/\/ses-creative.com\/de\/produkt\/glasperlenbilder\/#primaryimage\"},\"image\":{\"@id\":\"https:\/\/ses-creative.com\/de\/produkt\/glasperlenbilder\/#primaryimage\"},\"thumbnailUrl\":\"https:\/\/ses-creative.com\/wp-content\/uploads\/2026\/01\/141321.jpg\",\"datePublished\":\"2026-02-05T13:52:39+00:00\",\"dateModified\":\"2026-02-06T09:51:36+00:00\",\"breadcrumb\":{\"@id\":\"https:\/\/ses-creative.com\/de\/produkt\/glasperlenbilder\/#breadcrumb\"},\"inLanguage\":\"de\",\"potentialAction\":[{\"@type\":\"ReadAction\",\"target\":[\"https:\/\/ses-creative.com\/de\/produkt\/glasperlenbilder\/\"]}]},{\"@type\":\"ImageObject\",\"inLanguage\":\"de\",\"@id\":\"https:\/\/ses-creative.com\/de\/produkt\/glasperlenbilder\/#primaryimage\",\"url\":\"https:\/\/ses-creative.com\/wp-content\/uploads\/2026\/01\/141321.jpg\",\"contentUrl\":\"https:\/\/ses-creative.com\/wp-content\/uploads\/2026\/01\/141321.jpg\",\"width\":1000,\"height\":1000},{\"@type\":\"BreadcrumbList\",\"@id\":\"https:\/\/ses-creative.com\/de\/produkt\/glasperlenbilder\/#breadcrumb\",\"itemListElement\":[{\"@type\":\"ListItem\",\"position\":1,\"name\":\"Shop\",\"item\":\"https:\/\/ses-creative.com\/de\/shop\/\"},{\"@type\":\"ListItem\",\"position\":2,\"name\":\"Basteln\",\"item\":\"https:\/\/ses-creative.com\/de\/product-categorie\/basteln\/\"},{\"@type\":\"ListItem\",\"position\":3,\"name\":\"Glasperlenbilder\"}]},{\"@type\":\"WebSite\",\"@id\":\"https:\/\/ses-creative.com\/#website\",\"url\":\"https:\/\/ses-creative.com\/\",\"name\":\"SES Creative\",\"description\":\"\",\"publisher\":{\"@id\":\"https:\/\/ses-creative.com\/#organization\"},\"potentialAction\":[{\"@type\":\"SearchAction\",\"target\":{\"@type\":\"EntryPoint\",\"urlTemplate\":\"https:\/\/ses-creative.com\/?s={search_term_string}\"},\"query-input\":{\"@type\":\"PropertyValueSpecification\",\"valueRequired\":true,\"valueName\":\"search_term_string\"}}],\"inLanguage\":\"de\"},{\"@type\":\"Organization\",\"@id\":\"https:\/\/ses-creative.com\/#organization\",\"name\":\"SES Creative\",\"url\":\"https:\/\/ses-creative.com\/\",\"logo\":{\"@type\":\"ImageObject\",\"inLanguage\":\"de\",\"@id\":\"https:\/\/ses-creative.com\/#\/schema\/logo\/image\/\",\"url\":\"https:\/\/ses-creative.com\/wp-content\/uploads\/2025\/10\/ses-creative-logo.jpg\",\"contentUrl\":\"https:\/\/ses-creative.com\/wp-content\/uploads\/2025\/10\/ses-creative-logo.jpg\",\"width\":2037,\"height\":2037,\"caption\":\"SES Creative\"},\"image\":{\"@id\":\"https:\/\/ses-creative.com\/#\/schema\/logo\/image\/\"}}]}<\/script>\n<!-- \/ Yoast SEO plugin. -->","yoast_head_json":{"title":"Glasperlenbilder - SES Creative","robots":{"index":"index","follow":"follow","max-snippet":"max-snippet:-1","max-image-preview":"max-image-preview:large","max-video-preview":"max-video-preview:-1"},"canonical":"https:\/\/ses-creative.com\/de\/produkt\/glasperlenbilder\/","og_locale":"de_DE","og_type":"article","og_title":"Glasperlenbilder - SES Creative","og_description":"Hobby Pink \u2013 Glasperlen-Karten: Gestalten Sie funkelnde Kunstwerke! Mit den Glasperlen-Karten von SES Creative k\u00f6nnen Sie die sch\u00f6nsten Kreationen mit bunten Glasperlen gestalten. Dank der praktischen Karten mit Klebefl\u00e4che ist diese Bastelaktivit\u00e4t einfach und zauberhaft. Ideal f\u00fcr Kinder, die funkelnde Details lieben und gerne ihre eigenen Kunstwerke gestalten. Was dieses Set so toll macht Enth\u00e4lt [&hellip;]","og_url":"https:\/\/ses-creative.com\/de\/produkt\/glasperlenbilder\/","og_site_name":"SES Creative","article_modified_time":"2026-02-06T09:51:36+00:00","twitter_card":"summary_large_image","twitter_misc":{"Gesch\u00e4tzte Lesezeit":"1\u00a0Minute"},"schema":{"@context":"https:\/\/schema.org","@graph":[{"@type":"WebPage","@id":"https:\/\/ses-creative.com\/de\/produkt\/glasperlenbilder\/","url":"https:\/\/ses-creative.com\/de\/produkt\/glasperlenbilder\/","name":"Glasperlenbilder - SES Creative","isPartOf":{"@id":"https:\/\/ses-creative.com\/#website"},"primaryImageOfPage":{"@id":"https:\/\/ses-creative.com\/de\/produkt\/glasperlenbilder\/#primaryimage"},"image":{"@id":"https:\/\/ses-creative.com\/de\/produkt\/glasperlenbilder\/#primaryimage"},"thumbnailUrl":"https:\/\/ses-creative.com\/wp-content\/uploads\/2026\/01\/141321.jpg","datePublished":"2026-02-05T13:52:39+00:00","dateModified":"2026-02-06T09:51:36+00:00","breadcrumb":{"@id":"https:\/\/ses-creative.com\/de\/produkt\/glasperlenbilder\/#breadcrumb"},"inLanguage":"de","potentialAction":[{"@type":"ReadAction","target":["https:\/\/ses-creative.com\/de\/produkt\/glasperlenbilder\/"]}]},{"@type":"ImageObject","inLanguage":"de","@id":"https:\/\/ses-creative.com\/de\/produkt\/glasperlenbilder\/#primaryimage","url":"https:\/\/ses-creative.com\/wp-content\/uploads\/2026\/01\/141321.jpg","contentUrl":"https:\/\/ses-creative.com\/wp-content\/uploads\/2026\/01\/141321.jpg","width":1000,"height":1000},{"@type":"BreadcrumbList","@id":"https:\/\/ses-creative.com\/de\/produkt\/glasperlenbilder\/#breadcrumb","itemListElement":[{"@type":"ListItem","position":1,"name":"Shop","item":"https:\/\/ses-creative.com\/de\/shop\/"},{"@type":"ListItem","position":2,"name":"Basteln","item":"https:\/\/ses-creative.com\/de\/product-categorie\/basteln\/"},{"@type":"ListItem","position":3,"name":"Glasperlenbilder"}]},{"@type":"WebSite","@id":"https:\/\/ses-creative.com\/#website","url":"https:\/\/ses-creative.com\/","name":"SES Creative","description":"","publisher":{"@id":"https:\/\/ses-creative.com\/#organization"},"potentialAction":[{"@type":"SearchAction","target":{"@type":"EntryPoint","urlTemplate":"https:\/\/ses-creative.com\/?s={search_term_string}"},"query-input":{"@type":"PropertyValueSpecification","valueRequired":true,"valueName":"search_term_string"}}],"inLanguage":"de"},{"@type":"Organization","@id":"https:\/\/ses-creative.com\/#organization","name":"SES Creative","url":"https:\/\/ses-creative.com\/","logo":{"@type":"ImageObject","inLanguage":"de","@id":"https:\/\/ses-creative.com\/#\/schema\/logo\/image\/","url":"https:\/\/ses-creative.com\/wp-content\/uploads\/2025\/10\/ses-creative-logo.jpg","contentUrl":"https:\/\/ses-creative.com\/wp-content\/uploads\/2025\/10\/ses-creative-logo.jpg","width":2037,"height":2037,"caption":"SES Creative"},"image":{"@id":"https:\/\/ses-creative.com\/#\/schema\/logo\/image\/"}}]}},"_links":{"self":[{"href":"https:\/\/ses-creative.com\/de\/wp-json\/wp\/v2\/product\/114670","targetHints":{"allow":["GET"]}}],"collection":[{"href":"https:\/\/ses-creative.com\/de\/wp-json\/wp\/v2\/product"}],"about":[{"href":"https:\/\/ses-creative.com\/de\/wp-json\/wp\/v2\/types\/product"}],"replies":[{"embeddable":true,"href":"https:\/\/ses-creative.com\/de\/wp-json\/wp\/v2\/comments?post=114670"}],"wp:featuredmedia":[{"embeddable":true,"href":"https:\/\/ses-creative.com\/de\/wp-json\/wp\/v2\/media\/95216"}],"wp:attachment":[{"href":"https:\/\/ses-creative.com\/de\/wp-json\/wp\/v2\/media?parent=114670"}],"wp:term":[{"taxonomy":"product_brand","embeddable":true,"href":"https:\/\/ses-creative.com\/de\/wp-json\/wp\/v2\/product_brand?post=114670"},{"taxonomy":"product_cat","embeddable":true,"href":"https:\/\/ses-creative.com\/de\/wp-json\/wp\/v2\/product_cat?post=114670"},{"taxonomy":"product_tag","embeddable":true,"href":"https:\/\/ses-creative.com\/de\/wp-json\/wp\/v2\/product_tag?post=114670"}],"curies":[{"name":"wp","href":"https:\/\/api.w.org\/{rel}","templated":true}]}}