











{"id":114669,"date":"2026-02-05T13:52:39","date_gmt":"2026-02-05T13:52:39","guid":{"rendered":"https:\/\/ses-creative.com\/?post_type=product&#038;p=114669"},"modified":"2026-02-06T09:51:36","modified_gmt":"2026-02-06T09:51:36","slug":"glitzerarmbaender","status":"publish","type":"product","link":"https:\/\/ses-creative.com\/de\/produkt\/glitzerarmbaender\/","title":{"rendered":"Glitzerarmb\u00e4nder"},"content":{"rendered":"<p>Hobby Pink \u2013 Gestalte deine eigenen funkelnden Glitzerarmb\u00e4nder!<\/p>\n<p>Lass deine Kreativit\u00e4t und deinen Sinn f\u00fcr Mode mit dem Glitzerarmband-Set von SES Creative gl\u00e4nzen! Mit dem speziellen Glitzer-Gaze-Draht und den fr\u00f6hlichen Chenille-Dr\u00e4hten entwirfst du im Handumdrehen deinen eigenen, einzigartigen Schmuck. Ideal f\u00fcr kleine Stylisten ab 4 Jahren, die Glitzer und Farben lieben.<\/p>\n<p>Was dieses Set so toll macht<\/p>\n<p>Enth\u00e4lt speziellen Glitzer-Draht f\u00fcr einen funkelnden Effekt<br \/>\n4 bunte Chenille-Dr\u00e4hte f\u00fcr endlose Kombinationsm\u00f6glichkeiten<br \/>\nKeine zus\u00e4tzlichen Materialien erforderlich \u2013 alles ist im Set enthalten<br \/>\nF\u00f6rdert Kreativit\u00e4t und Feinmotorik<br \/>\nPerfekt f\u00fcr Kinder ab 4 Jahren, die Mode lieben<\/p>\n<p>Lassen Sie Ihrer Fantasie freien Lauf<\/p>\n<p>Ob f\u00fcr eine Party, als Geschenk oder einfach zum Basteln an einem regnerischen Tag \u2013 dieses Set bietet Kindern die M\u00f6glichkeit, ihren eigenen Stil zu entdecken. Jedes Armband, das sie herstellen, ist eine Kreation, auf die sie stolz sein k\u00f6nnen. Noch nie hat das Basteln von Schmuck so viel Spa\u00df gemacht und war so glitzernd!<\/p>\n<p>Inhalt des Sets<\/p>\n<p>3 Farben Glitzer-Gaze-Draht<br \/>\n4 Farben Chenille-Draht<\/p>\n<p>Warum SES Creative w\u00e4hlen?<\/p>\n<p>Bei SES Creative legen wir gro\u00dfen Wert auf Sicherheit. Deshalb werden die Produkte in unserem Werk in den Niederlanden nach den strengsten europ\u00e4ischen Sicherheitsnormen hergestellt und getestet. Spielzeug von SES Creative sorgt f\u00fcr Spa\u00df und soll Kindern ein Gef\u00fchl des Stolzes auf ihre Arbeit vermitteln, was ihre Kreativit\u00e4t und Entwicklung f\u00f6rdert.<\/p>\n<p>Beginnen Sie noch heute mit der Herstellung funkelnder Armb\u00e4nder<\/p>\n<p>Nutzen Sie Ihre Chance zu gl\u00e4nzen! Entwerfen und basteln Sie Ihre eigenen Glitzerarmb\u00e4nder mit dem kompletten Bastelset von SES Creative. Stundenlanger kreativer Spa\u00df garantiert!<\/p>\n","protected":false},"excerpt":{"rendered":"<p>Hobby Pink \u2013 Gestalte deine eigenen funkelnden Glitzerarmb\u00e4nder! Lass deine Kreativit\u00e4t und deinen Sinn f\u00fcr Mode mit dem Glitzerarmband-Set von SES Creative gl\u00e4nzen! Mit dem speziellen Glitzer-Gaze-Draht und den fr\u00f6hlichen Chenille-Dr\u00e4hten entwirfst du im Handumdrehen deinen eigenen, einzigartigen Schmuck. Ideal f\u00fcr kleine Stylisten ab 4 Jahren, die Glitzer und Farben lieben. Was dieses Set so [&hellip;]<\/p>\n","protected":false},"featured_media":102116,"comment_status":"closed","ping_status":"closed","template":"","meta":{"_acf_changed":false},"product_brand":[],"product_cat":[115],"product_tag":[],"class_list":{"0":"post-114669","1":"product","2":"type-product","3":"status-publish","4":"has-post-thumbnail","6":"product_cat-basteln","7":"pa_leeftijd-filter-4-6-jahre","8":"pa_meest-populair-bij-maedchen","10":"first","11":"instock","12":"shipping-taxable","13":"product-type-simple"},"acf":[],"yoast_head":"<!-- This site is optimized with the Yoast SEO plugin v27.2 - https:\/\/yoast.com\/product\/yoast-seo-wordpress\/ -->\n<title>Glitzerarmb\u00e4nder - SES Creative<\/title>\n<meta name=\"robots\" content=\"index, follow, max-snippet:-1, max-image-preview:large, max-video-preview:-1\" \/>\n<link rel=\"canonical\" href=\"https:\/\/ses-creative.com\/de\/produkt\/glitzerarmbaender\/\" \/>\n<meta property=\"og:locale\" content=\"de_DE\" \/>\n<meta property=\"og:type\" content=\"article\" \/>\n<meta property=\"og:title\" content=\"Glitzerarmb\u00e4nder - SES Creative\" \/>\n<meta property=\"og:description\" content=\"Hobby Pink \u2013 Gestalte deine eigenen funkelnden Glitzerarmb\u00e4nder! Lass deine Kreativit\u00e4t und deinen Sinn f\u00fcr Mode mit dem Glitzerarmband-Set von SES Creative gl\u00e4nzen! Mit dem speziellen Glitzer-Gaze-Draht und den fr\u00f6hlichen Chenille-Dr\u00e4hten entwirfst du im Handumdrehen deinen eigenen, einzigartigen Schmuck. Ideal f\u00fcr kleine Stylisten ab 4 Jahren, die Glitzer und Farben lieben. Was dieses Set so [&hellip;]\" \/>\n<meta property=\"og:url\" content=\"https:\/\/ses-creative.com\/de\/produkt\/glitzerarmbaender\/\" \/>\n<meta property=\"og:site_name\" content=\"SES Creative\" \/>\n<meta property=\"article:modified_time\" content=\"2026-02-06T09:51:36+00:00\" \/>\n<meta name=\"twitter:card\" content=\"summary_large_image\" \/>\n<meta name=\"twitter:label1\" content=\"Gesch\u00e4tzte Lesezeit\" \/>\n\t<meta name=\"twitter:data1\" content=\"1\u00a0Minute\" \/>\n<script type=\"application\/ld+json\" class=\"yoast-schema-graph\">{\"@context\":\"https:\/\/schema.org\",\"@graph\":[{\"@type\":\"WebPage\",\"@id\":\"https:\/\/ses-creative.com\/de\/produkt\/glitzerarmbaender\/\",\"url\":\"https:\/\/ses-creative.com\/de\/produkt\/glitzerarmbaender\/\",\"name\":\"Glitzerarmb\u00e4nder - SES Creative\",\"isPartOf\":{\"@id\":\"https:\/\/ses-creative.com\/#website\"},\"primaryImageOfPage\":{\"@id\":\"https:\/\/ses-creative.com\/de\/produkt\/glitzerarmbaender\/#primaryimage\"},\"image\":{\"@id\":\"https:\/\/ses-creative.com\/de\/produkt\/glitzerarmbaender\/#primaryimage\"},\"thumbnailUrl\":\"https:\/\/ses-creative.com\/wp-content\/uploads\/2026\/01\/141281.jpg\",\"datePublished\":\"2026-02-05T13:52:39+00:00\",\"dateModified\":\"2026-02-06T09:51:36+00:00\",\"breadcrumb\":{\"@id\":\"https:\/\/ses-creative.com\/de\/produkt\/glitzerarmbaender\/#breadcrumb\"},\"inLanguage\":\"de\",\"potentialAction\":[{\"@type\":\"ReadAction\",\"target\":[\"https:\/\/ses-creative.com\/de\/produkt\/glitzerarmbaender\/\"]}]},{\"@type\":\"ImageObject\",\"inLanguage\":\"de\",\"@id\":\"https:\/\/ses-creative.com\/de\/produkt\/glitzerarmbaender\/#primaryimage\",\"url\":\"https:\/\/ses-creative.com\/wp-content\/uploads\/2026\/01\/141281.jpg\",\"contentUrl\":\"https:\/\/ses-creative.com\/wp-content\/uploads\/2026\/01\/141281.jpg\",\"width\":1000,\"height\":1000},{\"@type\":\"BreadcrumbList\",\"@id\":\"https:\/\/ses-creative.com\/de\/produkt\/glitzerarmbaender\/#breadcrumb\",\"itemListElement\":[{\"@type\":\"ListItem\",\"position\":1,\"name\":\"Shop\",\"item\":\"https:\/\/ses-creative.com\/de\/shop\/\"},{\"@type\":\"ListItem\",\"position\":2,\"name\":\"Basteln\",\"item\":\"https:\/\/ses-creative.com\/de\/product-categorie\/basteln\/\"},{\"@type\":\"ListItem\",\"position\":3,\"name\":\"Glitzerarmb\u00e4nder\"}]},{\"@type\":\"WebSite\",\"@id\":\"https:\/\/ses-creative.com\/#website\",\"url\":\"https:\/\/ses-creative.com\/\",\"name\":\"SES Creative\",\"description\":\"\",\"publisher\":{\"@id\":\"https:\/\/ses-creative.com\/#organization\"},\"potentialAction\":[{\"@type\":\"SearchAction\",\"target\":{\"@type\":\"EntryPoint\",\"urlTemplate\":\"https:\/\/ses-creative.com\/?s={search_term_string}\"},\"query-input\":{\"@type\":\"PropertyValueSpecification\",\"valueRequired\":true,\"valueName\":\"search_term_string\"}}],\"inLanguage\":\"de\"},{\"@type\":\"Organization\",\"@id\":\"https:\/\/ses-creative.com\/#organization\",\"name\":\"SES Creative\",\"url\":\"https:\/\/ses-creative.com\/\",\"logo\":{\"@type\":\"ImageObject\",\"inLanguage\":\"de\",\"@id\":\"https:\/\/ses-creative.com\/#\/schema\/logo\/image\/\",\"url\":\"https:\/\/ses-creative.com\/wp-content\/uploads\/2025\/10\/ses-creative-logo.jpg\",\"contentUrl\":\"https:\/\/ses-creative.com\/wp-content\/uploads\/2025\/10\/ses-creative-logo.jpg\",\"width\":2037,\"height\":2037,\"caption\":\"SES Creative\"},\"image\":{\"@id\":\"https:\/\/ses-creative.com\/#\/schema\/logo\/image\/\"}}]}<\/script>\n<!-- \/ Yoast SEO plugin. -->","yoast_head_json":{"title":"Glitzerarmb\u00e4nder - SES Creative","robots":{"index":"index","follow":"follow","max-snippet":"max-snippet:-1","max-image-preview":"max-image-preview:large","max-video-preview":"max-video-preview:-1"},"canonical":"https:\/\/ses-creative.com\/de\/produkt\/glitzerarmbaender\/","og_locale":"de_DE","og_type":"article","og_title":"Glitzerarmb\u00e4nder - SES Creative","og_description":"Hobby Pink \u2013 Gestalte deine eigenen funkelnden Glitzerarmb\u00e4nder! Lass deine Kreativit\u00e4t und deinen Sinn f\u00fcr Mode mit dem Glitzerarmband-Set von SES Creative gl\u00e4nzen! Mit dem speziellen Glitzer-Gaze-Draht und den fr\u00f6hlichen Chenille-Dr\u00e4hten entwirfst du im Handumdrehen deinen eigenen, einzigartigen Schmuck. Ideal f\u00fcr kleine Stylisten ab 4 Jahren, die Glitzer und Farben lieben. Was dieses Set so [&hellip;]","og_url":"https:\/\/ses-creative.com\/de\/produkt\/glitzerarmbaender\/","og_site_name":"SES Creative","article_modified_time":"2026-02-06T09:51:36+00:00","twitter_card":"summary_large_image","twitter_misc":{"Gesch\u00e4tzte Lesezeit":"1\u00a0Minute"},"schema":{"@context":"https:\/\/schema.org","@graph":[{"@type":"WebPage","@id":"https:\/\/ses-creative.com\/de\/produkt\/glitzerarmbaender\/","url":"https:\/\/ses-creative.com\/de\/produkt\/glitzerarmbaender\/","name":"Glitzerarmb\u00e4nder - SES Creative","isPartOf":{"@id":"https:\/\/ses-creative.com\/#website"},"primaryImageOfPage":{"@id":"https:\/\/ses-creative.com\/de\/produkt\/glitzerarmbaender\/#primaryimage"},"image":{"@id":"https:\/\/ses-creative.com\/de\/produkt\/glitzerarmbaender\/#primaryimage"},"thumbnailUrl":"https:\/\/ses-creative.com\/wp-content\/uploads\/2026\/01\/141281.jpg","datePublished":"2026-02-05T13:52:39+00:00","dateModified":"2026-02-06T09:51:36+00:00","breadcrumb":{"@id":"https:\/\/ses-creative.com\/de\/produkt\/glitzerarmbaender\/#breadcrumb"},"inLanguage":"de","potentialAction":[{"@type":"ReadAction","target":["https:\/\/ses-creative.com\/de\/produkt\/glitzerarmbaender\/"]}]},{"@type":"ImageObject","inLanguage":"de","@id":"https:\/\/ses-creative.com\/de\/produkt\/glitzerarmbaender\/#primaryimage","url":"https:\/\/ses-creative.com\/wp-content\/uploads\/2026\/01\/141281.jpg","contentUrl":"https:\/\/ses-creative.com\/wp-content\/uploads\/2026\/01\/141281.jpg","width":1000,"height":1000},{"@type":"BreadcrumbList","@id":"https:\/\/ses-creative.com\/de\/produkt\/glitzerarmbaender\/#breadcrumb","itemListElement":[{"@type":"ListItem","position":1,"name":"Shop","item":"https:\/\/ses-creative.com\/de\/shop\/"},{"@type":"ListItem","position":2,"name":"Basteln","item":"https:\/\/ses-creative.com\/de\/product-categorie\/basteln\/"},{"@type":"ListItem","position":3,"name":"Glitzerarmb\u00e4nder"}]},{"@type":"WebSite","@id":"https:\/\/ses-creative.com\/#website","url":"https:\/\/ses-creative.com\/","name":"SES Creative","description":"","publisher":{"@id":"https:\/\/ses-creative.com\/#organization"},"potentialAction":[{"@type":"SearchAction","target":{"@type":"EntryPoint","urlTemplate":"https:\/\/ses-creative.com\/?s={search_term_string}"},"query-input":{"@type":"PropertyValueSpecification","valueRequired":true,"valueName":"search_term_string"}}],"inLanguage":"de"},{"@type":"Organization","@id":"https:\/\/ses-creative.com\/#organization","name":"SES Creative","url":"https:\/\/ses-creative.com\/","logo":{"@type":"ImageObject","inLanguage":"de","@id":"https:\/\/ses-creative.com\/#\/schema\/logo\/image\/","url":"https:\/\/ses-creative.com\/wp-content\/uploads\/2025\/10\/ses-creative-logo.jpg","contentUrl":"https:\/\/ses-creative.com\/wp-content\/uploads\/2025\/10\/ses-creative-logo.jpg","width":2037,"height":2037,"caption":"SES Creative"},"image":{"@id":"https:\/\/ses-creative.com\/#\/schema\/logo\/image\/"}}]}},"_links":{"self":[{"href":"https:\/\/ses-creative.com\/de\/wp-json\/wp\/v2\/product\/114669","targetHints":{"allow":["GET"]}}],"collection":[{"href":"https:\/\/ses-creative.com\/de\/wp-json\/wp\/v2\/product"}],"about":[{"href":"https:\/\/ses-creative.com\/de\/wp-json\/wp\/v2\/types\/product"}],"replies":[{"embeddable":true,"href":"https:\/\/ses-creative.com\/de\/wp-json\/wp\/v2\/comments?post=114669"}],"wp:featuredmedia":[{"embeddable":true,"href":"https:\/\/ses-creative.com\/de\/wp-json\/wp\/v2\/media\/102116"}],"wp:attachment":[{"href":"https:\/\/ses-creative.com\/de\/wp-json\/wp\/v2\/media?parent=114669"}],"wp:term":[{"taxonomy":"product_brand","embeddable":true,"href":"https:\/\/ses-creative.com\/de\/wp-json\/wp\/v2\/product_brand?post=114669"},{"taxonomy":"product_cat","embeddable":true,"href":"https:\/\/ses-creative.com\/de\/wp-json\/wp\/v2\/product_cat?post=114669"},{"taxonomy":"product_tag","embeddable":true,"href":"https:\/\/ses-creative.com\/de\/wp-json\/wp\/v2\/product_tag?post=114669"}],"curies":[{"name":"wp","href":"https:\/\/api.w.org\/{rel}","templated":true}]}}