











{"id":114668,"date":"2026-02-05T13:52:39","date_gmt":"2026-02-05T13:52:39","guid":{"rendered":"https:\/\/ses-creative.com\/?post_type=product&#038;p=114668"},"modified":"2026-02-06T09:51:36","modified_gmt":"2026-02-06T09:51:36","slug":"diamanten-mosaike","status":"publish","type":"product","link":"https:\/\/ses-creative.com\/de\/produkt\/diamanten-mosaike\/","title":{"rendered":"Diamanten Mosaike"},"content":{"rendered":"<p>Mit dem Diamant-Mosaik-Set von SES Creative gestalten Kinder ab 3 Jahren funkelnde, farbenfrohe Kunstwerke. Das Set enth\u00e4lt 1080 selbstklebende Strasssteine in 6 Farben sowie 8 illustrierte Karten zum kreativen Gestalten nach einfachen Vorlagen. Diese Bastelaktivit\u00e4t f\u00f6rdert Hand-Auge-Koordination, Feinmotorik, Form- und Farberkennung sowie Konzentration. Durch die einfache Anwendung k\u00f6nnen Kinder selbstst\u00e4ndig arbeiten und ihr Selbstvertrauen st\u00e4rken. Die Karten zeigen Tiere, Figuren und lustige Gegenst\u00e4nde, was zus\u00e4tzlich das Erz\u00e4hlen und die Fantasie anregt. Alle Elemente sind kindgerecht konzipiert und leicht zu handhaben \u2013 f\u00fcr frustfreies Basteln. SES Creative fertigt dieses Produkt in den Niederlanden, hypoallergen, waschbar und vollst\u00e4ndig CO\u2082-neutral. Mit \u00fcber 350 Produkten, die in mehr als 75 L\u00e4ndern vertrieben werden, steht SES Creative seit 1972 f\u00fcr Qualit\u00e4t und umweltfreundliche Spielideen.<\/p>\n","protected":false},"excerpt":{"rendered":"<p>Mit dem Diamant-Mosaik-Set von SES Creative gestalten Kinder ab 3 Jahren funkelnde, farbenfrohe Kunstwerke. Das Set enth\u00e4lt 1080 selbstklebende Strasssteine in 6 Farben sowie 8 illustrierte Karten zum kreativen Gestalten nach einfachen Vorlagen. Diese Bastelaktivit\u00e4t f\u00f6rdert Hand-Auge-Koordination, Feinmotorik, Form- und Farberkennung sowie Konzentration. Durch die einfache Anwendung k\u00f6nnen Kinder selbstst\u00e4ndig arbeiten und ihr Selbstvertrauen st\u00e4rken. [&hellip;]<\/p>\n","protected":false},"featured_media":102096,"comment_status":"closed","ping_status":"closed","template":"","meta":{"_acf_changed":false},"product_brand":[],"product_cat":[115],"product_tag":[],"class_list":{"0":"post-114668","1":"product","2":"type-product","3":"status-publish","4":"has-post-thumbnail","6":"product_cat-basteln","7":"pa_leeftijd-filter-3-4-jahre","8":"pa_meest-populair-bij-maedchen","10":"first","11":"instock","12":"shipping-taxable","13":"product-type-simple"},"acf":[],"yoast_head":"<!-- This site is optimized with the Yoast SEO plugin v27.2 - https:\/\/yoast.com\/product\/yoast-seo-wordpress\/ -->\n<title>Diamanten Mosaike - SES Creative<\/title>\n<meta name=\"robots\" content=\"index, follow, max-snippet:-1, max-image-preview:large, max-video-preview:-1\" \/>\n<link rel=\"canonical\" href=\"https:\/\/ses-creative.com\/de\/produkt\/diamanten-mosaike\/\" \/>\n<meta property=\"og:locale\" content=\"de_DE\" \/>\n<meta property=\"og:type\" content=\"article\" \/>\n<meta property=\"og:title\" content=\"Diamanten Mosaike - SES Creative\" \/>\n<meta property=\"og:description\" content=\"Mit dem Diamant-Mosaik-Set von SES Creative gestalten Kinder ab 3 Jahren funkelnde, farbenfrohe Kunstwerke. Das Set enth\u00e4lt 1080 selbstklebende Strasssteine in 6 Farben sowie 8 illustrierte Karten zum kreativen Gestalten nach einfachen Vorlagen. Diese Bastelaktivit\u00e4t f\u00f6rdert Hand-Auge-Koordination, Feinmotorik, Form- und Farberkennung sowie Konzentration. Durch die einfache Anwendung k\u00f6nnen Kinder selbstst\u00e4ndig arbeiten und ihr Selbstvertrauen st\u00e4rken. [&hellip;]\" \/>\n<meta property=\"og:url\" content=\"https:\/\/ses-creative.com\/de\/produkt\/diamanten-mosaike\/\" \/>\n<meta property=\"og:site_name\" content=\"SES Creative\" \/>\n<meta property=\"article:modified_time\" content=\"2026-02-06T09:51:36+00:00\" \/>\n<meta name=\"twitter:card\" content=\"summary_large_image\" \/>\n<meta name=\"twitter:label1\" content=\"Gesch\u00e4tzte Lesezeit\" \/>\n\t<meta name=\"twitter:data1\" content=\"1\u00a0Minute\" \/>\n<script type=\"application\/ld+json\" class=\"yoast-schema-graph\">{\"@context\":\"https:\/\/schema.org\",\"@graph\":[{\"@type\":\"WebPage\",\"@id\":\"https:\/\/ses-creative.com\/de\/produkt\/diamanten-mosaike\/\",\"url\":\"https:\/\/ses-creative.com\/de\/produkt\/diamanten-mosaike\/\",\"name\":\"Diamanten Mosaike - SES Creative\",\"isPartOf\":{\"@id\":\"https:\/\/ses-creative.com\/#website\"},\"primaryImageOfPage\":{\"@id\":\"https:\/\/ses-creative.com\/de\/produkt\/diamanten-mosaike\/#primaryimage\"},\"image\":{\"@id\":\"https:\/\/ses-creative.com\/de\/produkt\/diamanten-mosaike\/#primaryimage\"},\"thumbnailUrl\":\"https:\/\/ses-creative.com\/wp-content\/uploads\/2026\/01\/141191.jpg\",\"datePublished\":\"2026-02-05T13:52:39+00:00\",\"dateModified\":\"2026-02-06T09:51:36+00:00\",\"breadcrumb\":{\"@id\":\"https:\/\/ses-creative.com\/de\/produkt\/diamanten-mosaike\/#breadcrumb\"},\"inLanguage\":\"de\",\"potentialAction\":[{\"@type\":\"ReadAction\",\"target\":[\"https:\/\/ses-creative.com\/de\/produkt\/diamanten-mosaike\/\"]}]},{\"@type\":\"ImageObject\",\"inLanguage\":\"de\",\"@id\":\"https:\/\/ses-creative.com\/de\/produkt\/diamanten-mosaike\/#primaryimage\",\"url\":\"https:\/\/ses-creative.com\/wp-content\/uploads\/2026\/01\/141191.jpg\",\"contentUrl\":\"https:\/\/ses-creative.com\/wp-content\/uploads\/2026\/01\/141191.jpg\",\"width\":1000,\"height\":1000},{\"@type\":\"BreadcrumbList\",\"@id\":\"https:\/\/ses-creative.com\/de\/produkt\/diamanten-mosaike\/#breadcrumb\",\"itemListElement\":[{\"@type\":\"ListItem\",\"position\":1,\"name\":\"Shop\",\"item\":\"https:\/\/ses-creative.com\/de\/shop\/\"},{\"@type\":\"ListItem\",\"position\":2,\"name\":\"Basteln\",\"item\":\"https:\/\/ses-creative.com\/de\/product-categorie\/basteln\/\"},{\"@type\":\"ListItem\",\"position\":3,\"name\":\"Diamanten Mosaike\"}]},{\"@type\":\"WebSite\",\"@id\":\"https:\/\/ses-creative.com\/#website\",\"url\":\"https:\/\/ses-creative.com\/\",\"name\":\"SES Creative\",\"description\":\"\",\"publisher\":{\"@id\":\"https:\/\/ses-creative.com\/#organization\"},\"potentialAction\":[{\"@type\":\"SearchAction\",\"target\":{\"@type\":\"EntryPoint\",\"urlTemplate\":\"https:\/\/ses-creative.com\/?s={search_term_string}\"},\"query-input\":{\"@type\":\"PropertyValueSpecification\",\"valueRequired\":true,\"valueName\":\"search_term_string\"}}],\"inLanguage\":\"de\"},{\"@type\":\"Organization\",\"@id\":\"https:\/\/ses-creative.com\/#organization\",\"name\":\"SES Creative\",\"url\":\"https:\/\/ses-creative.com\/\",\"logo\":{\"@type\":\"ImageObject\",\"inLanguage\":\"de\",\"@id\":\"https:\/\/ses-creative.com\/#\/schema\/logo\/image\/\",\"url\":\"https:\/\/ses-creative.com\/wp-content\/uploads\/2025\/10\/ses-creative-logo.jpg\",\"contentUrl\":\"https:\/\/ses-creative.com\/wp-content\/uploads\/2025\/10\/ses-creative-logo.jpg\",\"width\":2037,\"height\":2037,\"caption\":\"SES Creative\"},\"image\":{\"@id\":\"https:\/\/ses-creative.com\/#\/schema\/logo\/image\/\"}}]}<\/script>\n<!-- \/ Yoast SEO plugin. -->","yoast_head_json":{"title":"Diamanten Mosaike - SES Creative","robots":{"index":"index","follow":"follow","max-snippet":"max-snippet:-1","max-image-preview":"max-image-preview:large","max-video-preview":"max-video-preview:-1"},"canonical":"https:\/\/ses-creative.com\/de\/produkt\/diamanten-mosaike\/","og_locale":"de_DE","og_type":"article","og_title":"Diamanten Mosaike - SES Creative","og_description":"Mit dem Diamant-Mosaik-Set von SES Creative gestalten Kinder ab 3 Jahren funkelnde, farbenfrohe Kunstwerke. Das Set enth\u00e4lt 1080 selbstklebende Strasssteine in 6 Farben sowie 8 illustrierte Karten zum kreativen Gestalten nach einfachen Vorlagen. Diese Bastelaktivit\u00e4t f\u00f6rdert Hand-Auge-Koordination, Feinmotorik, Form- und Farberkennung sowie Konzentration. Durch die einfache Anwendung k\u00f6nnen Kinder selbstst\u00e4ndig arbeiten und ihr Selbstvertrauen st\u00e4rken. [&hellip;]","og_url":"https:\/\/ses-creative.com\/de\/produkt\/diamanten-mosaike\/","og_site_name":"SES Creative","article_modified_time":"2026-02-06T09:51:36+00:00","twitter_card":"summary_large_image","twitter_misc":{"Gesch\u00e4tzte Lesezeit":"1\u00a0Minute"},"schema":{"@context":"https:\/\/schema.org","@graph":[{"@type":"WebPage","@id":"https:\/\/ses-creative.com\/de\/produkt\/diamanten-mosaike\/","url":"https:\/\/ses-creative.com\/de\/produkt\/diamanten-mosaike\/","name":"Diamanten Mosaike - SES Creative","isPartOf":{"@id":"https:\/\/ses-creative.com\/#website"},"primaryImageOfPage":{"@id":"https:\/\/ses-creative.com\/de\/produkt\/diamanten-mosaike\/#primaryimage"},"image":{"@id":"https:\/\/ses-creative.com\/de\/produkt\/diamanten-mosaike\/#primaryimage"},"thumbnailUrl":"https:\/\/ses-creative.com\/wp-content\/uploads\/2026\/01\/141191.jpg","datePublished":"2026-02-05T13:52:39+00:00","dateModified":"2026-02-06T09:51:36+00:00","breadcrumb":{"@id":"https:\/\/ses-creative.com\/de\/produkt\/diamanten-mosaike\/#breadcrumb"},"inLanguage":"de","potentialAction":[{"@type":"ReadAction","target":["https:\/\/ses-creative.com\/de\/produkt\/diamanten-mosaike\/"]}]},{"@type":"ImageObject","inLanguage":"de","@id":"https:\/\/ses-creative.com\/de\/produkt\/diamanten-mosaike\/#primaryimage","url":"https:\/\/ses-creative.com\/wp-content\/uploads\/2026\/01\/141191.jpg","contentUrl":"https:\/\/ses-creative.com\/wp-content\/uploads\/2026\/01\/141191.jpg","width":1000,"height":1000},{"@type":"BreadcrumbList","@id":"https:\/\/ses-creative.com\/de\/produkt\/diamanten-mosaike\/#breadcrumb","itemListElement":[{"@type":"ListItem","position":1,"name":"Shop","item":"https:\/\/ses-creative.com\/de\/shop\/"},{"@type":"ListItem","position":2,"name":"Basteln","item":"https:\/\/ses-creative.com\/de\/product-categorie\/basteln\/"},{"@type":"ListItem","position":3,"name":"Diamanten Mosaike"}]},{"@type":"WebSite","@id":"https:\/\/ses-creative.com\/#website","url":"https:\/\/ses-creative.com\/","name":"SES Creative","description":"","publisher":{"@id":"https:\/\/ses-creative.com\/#organization"},"potentialAction":[{"@type":"SearchAction","target":{"@type":"EntryPoint","urlTemplate":"https:\/\/ses-creative.com\/?s={search_term_string}"},"query-input":{"@type":"PropertyValueSpecification","valueRequired":true,"valueName":"search_term_string"}}],"inLanguage":"de"},{"@type":"Organization","@id":"https:\/\/ses-creative.com\/#organization","name":"SES Creative","url":"https:\/\/ses-creative.com\/","logo":{"@type":"ImageObject","inLanguage":"de","@id":"https:\/\/ses-creative.com\/#\/schema\/logo\/image\/","url":"https:\/\/ses-creative.com\/wp-content\/uploads\/2025\/10\/ses-creative-logo.jpg","contentUrl":"https:\/\/ses-creative.com\/wp-content\/uploads\/2025\/10\/ses-creative-logo.jpg","width":2037,"height":2037,"caption":"SES Creative"},"image":{"@id":"https:\/\/ses-creative.com\/#\/schema\/logo\/image\/"}}]}},"_links":{"self":[{"href":"https:\/\/ses-creative.com\/de\/wp-json\/wp\/v2\/product\/114668","targetHints":{"allow":["GET"]}}],"collection":[{"href":"https:\/\/ses-creative.com\/de\/wp-json\/wp\/v2\/product"}],"about":[{"href":"https:\/\/ses-creative.com\/de\/wp-json\/wp\/v2\/types\/product"}],"replies":[{"embeddable":true,"href":"https:\/\/ses-creative.com\/de\/wp-json\/wp\/v2\/comments?post=114668"}],"wp:featuredmedia":[{"embeddable":true,"href":"https:\/\/ses-creative.com\/de\/wp-json\/wp\/v2\/media\/102096"}],"wp:attachment":[{"href":"https:\/\/ses-creative.com\/de\/wp-json\/wp\/v2\/media?parent=114668"}],"wp:term":[{"taxonomy":"product_brand","embeddable":true,"href":"https:\/\/ses-creative.com\/de\/wp-json\/wp\/v2\/product_brand?post=114668"},{"taxonomy":"product_cat","embeddable":true,"href":"https:\/\/ses-creative.com\/de\/wp-json\/wp\/v2\/product_cat?post=114668"},{"taxonomy":"product_tag","embeddable":true,"href":"https:\/\/ses-creative.com\/de\/wp-json\/wp\/v2\/product_tag?post=114668"}],"curies":[{"name":"wp","href":"https:\/\/api.w.org\/{rel}","templated":true}]}}