











{"id":114667,"date":"2026-02-05T13:52:39","date_gmt":"2026-02-05T13:52:39","guid":{"rendered":"https:\/\/ses-creative.com\/?post_type=product&#038;p=114667"},"modified":"2026-02-06T09:51:36","modified_gmt":"2026-02-06T09:51:36","slug":"bluey-knet-megaset-5-x-90-g-mit-werkzeugen","status":"publish","type":"product","link":"https:\/\/ses-creative.com\/de\/produkt\/bluey-knet-megaset-5-x-90-g-mit-werkzeugen\/","title":{"rendered":"Bluey &#8211; Knet-Megaset 5 x 90 g mit Werkzeugen"},"content":{"rendered":"<p>Bluey \u2013 Mega-Set mit Werkzeugen: Spielen, rollen und gestalten mit Bluey und Bingo!<\/p>\n<p>Mit dem Bluey \u2013 Knetmasse Mega-Set von SES Creative wird Kneten zum gro\u00dfen Spa\u00df! Dieses umfangreiche Set enth\u00e4lt f\u00fcnf fr\u00f6hliche Knetfarben in den bekannten Bluey-Farbt\u00f6nen. Die helle Bluey-Farbe l\u00e4sst sich ganz einfach selbst herstellen, indem man Wei\u00df und Blau mischt. Mit den h\u00f6lzernen Bluey- und Bingo-Ausstechformen und Figuren k\u00f6nnen Kinder ihre Lieblingscharaktere zum Leben erwecken. Dank des Holzhammers und des Nudelholzes k\u00f6nnen sie die Knete bearbeiten, ausrollen und alle m\u00f6glichen lustigen Formen gestalten. So wird jede Spielstunde zu einer kreativen Entdeckungsreise.<\/p>\n<p>Was dieses Set so toll macht<\/p>\n<p>Sichere Knete in den Farben von Bluey<\/p>\n<p>Inklusive h\u00f6lzernen Bluey- und Bingo-Ausstechformen und Figuren<\/p>\n<p>Mit Holz-Nudelholz und Hammer zum Bearbeiten der Knete<\/p>\n<p>Geeignet f\u00fcr Kinder ab 3 Jahren<\/p>\n<p>Glutenfrei, abwaschbar und extra salzig, damit es nicht gegessen wird<\/p>\n<p>Kreatives Spielen mit Bluey und Bingo<\/p>\n<p>Diese Knete erweckt die Welt von Bluey zum Leben und l\u00e4sst Kinder ihre eigenen Abenteuer erfinden. Sie k\u00f6nnen Bluey und Bingo nachahmen oder sich neue Szenen ausdenken, in denen die beiden Hunde die Hauptrolle spielen. Die weiche Knete ist sicher und einfach zu verwenden, perfekt f\u00fcr kleine H\u00e4nde. Eltern k\u00f6nnen gemeinsam mit ihren Kindern kneten, was f\u00fcr gem\u00fctliche Momente voller Spa\u00df, Fantasie und Verbundenheit sorgt.<\/p>\n<p>Inhalt des Sets<\/p>\n<p>Holz-Nudelholz<\/p>\n<p>Holzhammer<\/p>\n<p>Ausstechformen aus Holz im Bluey-Design<\/p>\n<p>Knete orange (90 g)<\/p>\n<p>Ton hellblau (90 g)<\/p>\n<p>Ton gelb (90 g)<\/p>\n<p>Ton wei\u00df (90 g)<\/p>\n<p>Ton dunkelblau (90 g)<\/p>\n<p>Warum SES Creative w\u00e4hlen?<\/p>\n<p>Bei SES Creative legen wir gro\u00dfen Wert auf Sicherheit. Deshalb werden alle unsere Produkte in unserem Werk in den Niederlanden nach den strengsten europ\u00e4ischen Sicherheitsnormen hergestellt und getestet. Spielzeug von SES Creative macht Spa\u00df und lehrt Kinder, stolz auf das zu sein, was sie herstellen. So f\u00f6rdern wir Kreativit\u00e4t, Fantasie und Entwicklung, immer auf sichere Weise.<\/p>\n<p>Begeben Sie sich mit Bluey Clay auf ein Abenteuer!<\/p>\n<p>Entdecken Sie gemeinsam mit Bluey und Bingo den Spa\u00df am Kneten mit diesem Mega-Set von SES Creative. Ideal f\u00fcr kleine Bastler mit gro\u00dfen Ideen. Fangen Sie noch heute mit Rollen, Kneten und Lachen an!<\/p>\n","protected":false},"excerpt":{"rendered":"<p>Bluey \u2013 Mega-Set mit Werkzeugen: Spielen, rollen und gestalten mit Bluey und Bingo! Mit dem Bluey \u2013 Knetmasse Mega-Set von SES Creative wird Kneten zum gro\u00dfen Spa\u00df! Dieses umfangreiche Set enth\u00e4lt f\u00fcnf fr\u00f6hliche Knetfarben in den bekannten Bluey-Farbt\u00f6nen. Die helle Bluey-Farbe l\u00e4sst sich ganz einfach selbst herstellen, indem man Wei\u00df und Blau mischt. Mit den [&hellip;]<\/p>\n","protected":false},"featured_media":107459,"comment_status":"closed","ping_status":"closed","template":"","meta":{"_acf_changed":false},"product_brand":[],"product_cat":[117],"product_tag":[],"class_list":{"0":"post-114667","1":"product","2":"type-product","3":"status-publish","4":"has-post-thumbnail","6":"product_cat-knete","7":"pa_collecties-bluey","8":"pa_leeftijd-filter-3-4-jahre","9":"pa_meest-populair-bij-jungen-maedchen","11":"first","12":"instock","13":"shipping-taxable","14":"product-type-simple"},"acf":[],"yoast_head":"<!-- This site is optimized with the Yoast SEO plugin v27.4 - https:\/\/yoast.com\/product\/yoast-seo-wordpress\/ -->\n<title>Bluey - Knet-Megaset 5 x 90 g mit Werkzeugen - SES Creative<\/title>\n<meta name=\"robots\" content=\"index, follow, max-snippet:-1, max-image-preview:large, max-video-preview:-1\" \/>\n<link rel=\"canonical\" href=\"https:\/\/ses-creative.com\/de\/produkt\/bluey-knet-megaset-5-x-90-g-mit-werkzeugen\/\" \/>\n<meta property=\"og:locale\" content=\"de_DE\" \/>\n<meta property=\"og:type\" content=\"article\" \/>\n<meta property=\"og:title\" content=\"Bluey - Knet-Megaset 5 x 90 g mit Werkzeugen - SES Creative\" \/>\n<meta property=\"og:description\" content=\"Bluey \u2013 Mega-Set mit Werkzeugen: Spielen, rollen und gestalten mit Bluey und Bingo! Mit dem Bluey \u2013 Knetmasse Mega-Set von SES Creative wird Kneten zum gro\u00dfen Spa\u00df! Dieses umfangreiche Set enth\u00e4lt f\u00fcnf fr\u00f6hliche Knetfarben in den bekannten Bluey-Farbt\u00f6nen. Die helle Bluey-Farbe l\u00e4sst sich ganz einfach selbst herstellen, indem man Wei\u00df und Blau mischt. Mit den [&hellip;]\" \/>\n<meta property=\"og:url\" content=\"https:\/\/ses-creative.com\/de\/produkt\/bluey-knet-megaset-5-x-90-g-mit-werkzeugen\/\" \/>\n<meta property=\"og:site_name\" content=\"SES Creative\" \/>\n<meta property=\"article:modified_time\" content=\"2026-02-06T09:51:36+00:00\" \/>\n<meta name=\"twitter:card\" content=\"summary_large_image\" \/>\n<meta name=\"twitter:label1\" content=\"Gesch\u00e4tzte Lesezeit\" \/>\n\t<meta name=\"twitter:data1\" content=\"2\u00a0Minuten\" \/>\n<script type=\"application\/ld+json\" class=\"yoast-schema-graph\">{\"@context\":\"https:\\\/\\\/schema.org\",\"@graph\":[{\"@type\":\"WebPage\",\"@id\":\"https:\\\/\\\/ses-creative.com\\\/de\\\/produkt\\\/bluey-knet-megaset-5-x-90-g-mit-werkzeugen\\\/\",\"url\":\"https:\\\/\\\/ses-creative.com\\\/de\\\/produkt\\\/bluey-knet-megaset-5-x-90-g-mit-werkzeugen\\\/\",\"name\":\"Bluey - Knet-Megaset 5 x 90 g mit Werkzeugen - SES Creative\",\"isPartOf\":{\"@id\":\"https:\\\/\\\/ses-creative.com\\\/#website\"},\"primaryImageOfPage\":{\"@id\":\"https:\\\/\\\/ses-creative.com\\\/de\\\/produkt\\\/bluey-knet-megaset-5-x-90-g-mit-werkzeugen\\\/#primaryimage\"},\"image\":{\"@id\":\"https:\\\/\\\/ses-creative.com\\\/de\\\/produkt\\\/bluey-knet-megaset-5-x-90-g-mit-werkzeugen\\\/#primaryimage\"},\"thumbnailUrl\":\"https:\\\/\\\/ses-creative.com\\\/wp-content\\\/uploads\\\/2026\\\/01\\\/140971-1.jpg\",\"datePublished\":\"2026-02-05T13:52:39+00:00\",\"dateModified\":\"2026-02-06T09:51:36+00:00\",\"breadcrumb\":{\"@id\":\"https:\\\/\\\/ses-creative.com\\\/de\\\/produkt\\\/bluey-knet-megaset-5-x-90-g-mit-werkzeugen\\\/#breadcrumb\"},\"inLanguage\":\"de\",\"potentialAction\":[{\"@type\":\"ReadAction\",\"target\":[\"https:\\\/\\\/ses-creative.com\\\/de\\\/produkt\\\/bluey-knet-megaset-5-x-90-g-mit-werkzeugen\\\/\"]}]},{\"@type\":\"ImageObject\",\"inLanguage\":\"de\",\"@id\":\"https:\\\/\\\/ses-creative.com\\\/de\\\/produkt\\\/bluey-knet-megaset-5-x-90-g-mit-werkzeugen\\\/#primaryimage\",\"url\":\"https:\\\/\\\/ses-creative.com\\\/wp-content\\\/uploads\\\/2026\\\/01\\\/140971-1.jpg\",\"contentUrl\":\"https:\\\/\\\/ses-creative.com\\\/wp-content\\\/uploads\\\/2026\\\/01\\\/140971-1.jpg\",\"width\":1000,\"height\":1000},{\"@type\":\"BreadcrumbList\",\"@id\":\"https:\\\/\\\/ses-creative.com\\\/de\\\/produkt\\\/bluey-knet-megaset-5-x-90-g-mit-werkzeugen\\\/#breadcrumb\",\"itemListElement\":[{\"@type\":\"ListItem\",\"position\":1,\"name\":\"Shop\",\"item\":\"https:\\\/\\\/ses-creative.com\\\/de\\\/shop\\\/\"},{\"@type\":\"ListItem\",\"position\":2,\"name\":\"Knete\",\"item\":\"https:\\\/\\\/ses-creative.com\\\/de\\\/product-categorie\\\/knete\\\/\"},{\"@type\":\"ListItem\",\"position\":3,\"name\":\"Bluey &#8211; Knet-Megaset 5 x 90 g mit Werkzeugen\"}]},{\"@type\":\"WebSite\",\"@id\":\"https:\\\/\\\/ses-creative.com\\\/#website\",\"url\":\"https:\\\/\\\/ses-creative.com\\\/\",\"name\":\"SES Creative\",\"description\":\"\",\"publisher\":{\"@id\":\"https:\\\/\\\/ses-creative.com\\\/#organization\"},\"potentialAction\":[{\"@type\":\"SearchAction\",\"target\":{\"@type\":\"EntryPoint\",\"urlTemplate\":\"https:\\\/\\\/ses-creative.com\\\/?s={search_term_string}\"},\"query-input\":{\"@type\":\"PropertyValueSpecification\",\"valueRequired\":true,\"valueName\":\"search_term_string\"}}],\"inLanguage\":\"de\"},{\"@type\":\"Organization\",\"@id\":\"https:\\\/\\\/ses-creative.com\\\/#organization\",\"name\":\"SES Creative\",\"url\":\"https:\\\/\\\/ses-creative.com\\\/\",\"logo\":{\"@type\":\"ImageObject\",\"inLanguage\":\"de\",\"@id\":\"https:\\\/\\\/ses-creative.com\\\/#\\\/schema\\\/logo\\\/image\\\/\",\"url\":\"https:\\\/\\\/ses-creative.com\\\/wp-content\\\/uploads\\\/2025\\\/10\\\/ses-creative-logo.jpg\",\"contentUrl\":\"https:\\\/\\\/ses-creative.com\\\/wp-content\\\/uploads\\\/2025\\\/10\\\/ses-creative-logo.jpg\",\"width\":2037,\"height\":2037,\"caption\":\"SES Creative\"},\"image\":{\"@id\":\"https:\\\/\\\/ses-creative.com\\\/#\\\/schema\\\/logo\\\/image\\\/\"}}]}<\/script>\n<!-- \/ Yoast SEO plugin. -->","yoast_head_json":{"title":"Bluey - Knet-Megaset 5 x 90 g mit Werkzeugen - SES Creative","robots":{"index":"index","follow":"follow","max-snippet":"max-snippet:-1","max-image-preview":"max-image-preview:large","max-video-preview":"max-video-preview:-1"},"canonical":"https:\/\/ses-creative.com\/de\/produkt\/bluey-knet-megaset-5-x-90-g-mit-werkzeugen\/","og_locale":"de_DE","og_type":"article","og_title":"Bluey - Knet-Megaset 5 x 90 g mit Werkzeugen - SES Creative","og_description":"Bluey \u2013 Mega-Set mit Werkzeugen: Spielen, rollen und gestalten mit Bluey und Bingo! Mit dem Bluey \u2013 Knetmasse Mega-Set von SES Creative wird Kneten zum gro\u00dfen Spa\u00df! Dieses umfangreiche Set enth\u00e4lt f\u00fcnf fr\u00f6hliche Knetfarben in den bekannten Bluey-Farbt\u00f6nen. Die helle Bluey-Farbe l\u00e4sst sich ganz einfach selbst herstellen, indem man Wei\u00df und Blau mischt. Mit den [&hellip;]","og_url":"https:\/\/ses-creative.com\/de\/produkt\/bluey-knet-megaset-5-x-90-g-mit-werkzeugen\/","og_site_name":"SES Creative","article_modified_time":"2026-02-06T09:51:36+00:00","twitter_card":"summary_large_image","twitter_misc":{"Gesch\u00e4tzte Lesezeit":"2\u00a0Minuten"},"schema":{"@context":"https:\/\/schema.org","@graph":[{"@type":"WebPage","@id":"https:\/\/ses-creative.com\/de\/produkt\/bluey-knet-megaset-5-x-90-g-mit-werkzeugen\/","url":"https:\/\/ses-creative.com\/de\/produkt\/bluey-knet-megaset-5-x-90-g-mit-werkzeugen\/","name":"Bluey - Knet-Megaset 5 x 90 g mit Werkzeugen - SES Creative","isPartOf":{"@id":"https:\/\/ses-creative.com\/#website"},"primaryImageOfPage":{"@id":"https:\/\/ses-creative.com\/de\/produkt\/bluey-knet-megaset-5-x-90-g-mit-werkzeugen\/#primaryimage"},"image":{"@id":"https:\/\/ses-creative.com\/de\/produkt\/bluey-knet-megaset-5-x-90-g-mit-werkzeugen\/#primaryimage"},"thumbnailUrl":"https:\/\/ses-creative.com\/wp-content\/uploads\/2026\/01\/140971-1.jpg","datePublished":"2026-02-05T13:52:39+00:00","dateModified":"2026-02-06T09:51:36+00:00","breadcrumb":{"@id":"https:\/\/ses-creative.com\/de\/produkt\/bluey-knet-megaset-5-x-90-g-mit-werkzeugen\/#breadcrumb"},"inLanguage":"de","potentialAction":[{"@type":"ReadAction","target":["https:\/\/ses-creative.com\/de\/produkt\/bluey-knet-megaset-5-x-90-g-mit-werkzeugen\/"]}]},{"@type":"ImageObject","inLanguage":"de","@id":"https:\/\/ses-creative.com\/de\/produkt\/bluey-knet-megaset-5-x-90-g-mit-werkzeugen\/#primaryimage","url":"https:\/\/ses-creative.com\/wp-content\/uploads\/2026\/01\/140971-1.jpg","contentUrl":"https:\/\/ses-creative.com\/wp-content\/uploads\/2026\/01\/140971-1.jpg","width":1000,"height":1000},{"@type":"BreadcrumbList","@id":"https:\/\/ses-creative.com\/de\/produkt\/bluey-knet-megaset-5-x-90-g-mit-werkzeugen\/#breadcrumb","itemListElement":[{"@type":"ListItem","position":1,"name":"Shop","item":"https:\/\/ses-creative.com\/de\/shop\/"},{"@type":"ListItem","position":2,"name":"Knete","item":"https:\/\/ses-creative.com\/de\/product-categorie\/knete\/"},{"@type":"ListItem","position":3,"name":"Bluey &#8211; Knet-Megaset 5 x 90 g mit Werkzeugen"}]},{"@type":"WebSite","@id":"https:\/\/ses-creative.com\/#website","url":"https:\/\/ses-creative.com\/","name":"SES Creative","description":"","publisher":{"@id":"https:\/\/ses-creative.com\/#organization"},"potentialAction":[{"@type":"SearchAction","target":{"@type":"EntryPoint","urlTemplate":"https:\/\/ses-creative.com\/?s={search_term_string}"},"query-input":{"@type":"PropertyValueSpecification","valueRequired":true,"valueName":"search_term_string"}}],"inLanguage":"de"},{"@type":"Organization","@id":"https:\/\/ses-creative.com\/#organization","name":"SES Creative","url":"https:\/\/ses-creative.com\/","logo":{"@type":"ImageObject","inLanguage":"de","@id":"https:\/\/ses-creative.com\/#\/schema\/logo\/image\/","url":"https:\/\/ses-creative.com\/wp-content\/uploads\/2025\/10\/ses-creative-logo.jpg","contentUrl":"https:\/\/ses-creative.com\/wp-content\/uploads\/2025\/10\/ses-creative-logo.jpg","width":2037,"height":2037,"caption":"SES Creative"},"image":{"@id":"https:\/\/ses-creative.com\/#\/schema\/logo\/image\/"}}]}},"_links":{"self":[{"href":"https:\/\/ses-creative.com\/de\/wp-json\/wp\/v2\/product\/114667","targetHints":{"allow":["GET"]}}],"collection":[{"href":"https:\/\/ses-creative.com\/de\/wp-json\/wp\/v2\/product"}],"about":[{"href":"https:\/\/ses-creative.com\/de\/wp-json\/wp\/v2\/types\/product"}],"replies":[{"embeddable":true,"href":"https:\/\/ses-creative.com\/de\/wp-json\/wp\/v2\/comments?post=114667"}],"wp:featuredmedia":[{"embeddable":true,"href":"https:\/\/ses-creative.com\/de\/wp-json\/wp\/v2\/media\/107459"}],"wp:attachment":[{"href":"https:\/\/ses-creative.com\/de\/wp-json\/wp\/v2\/media?parent=114667"}],"wp:term":[{"taxonomy":"product_brand","embeddable":true,"href":"https:\/\/ses-creative.com\/de\/wp-json\/wp\/v2\/product_brand?post=114667"},{"taxonomy":"product_cat","embeddable":true,"href":"https:\/\/ses-creative.com\/de\/wp-json\/wp\/v2\/product_cat?post=114667"},{"taxonomy":"product_tag","embeddable":true,"href":"https:\/\/ses-creative.com\/de\/wp-json\/wp\/v2\/product_tag?post=114667"}],"curies":[{"name":"wp","href":"https:\/\/api.w.org\/{rel}","templated":true}]}}