











{"id":114666,"date":"2026-02-05T13:52:39","date_gmt":"2026-02-05T13:52:39","guid":{"rendered":"https:\/\/ses-creative.com\/?post_type=product&#038;p=114666"},"modified":"2026-02-06T09:51:36","modified_gmt":"2026-02-06T09:51:36","slug":"bluey-knete-4-x-90-g","status":"publish","type":"product","link":"https:\/\/ses-creative.com\/de\/produkt\/bluey-knete-4-x-90-g\/","title":{"rendered":"Bluey &#8211; Knete 4 x 90 g"},"content":{"rendered":"<p>Bluey \u2013 Knete: Spielen, Kneten und Fantasieren mit deinem Lieblingsfreund!<\/p>\n<p>Mit Bluey macht Kneten noch mehr Spa\u00df! Dieses fr\u00f6hliche Set enth\u00e4lt vier Farben Knetmasse in den bekannten Bluey-Farbt\u00f6nen. Die helle blaue Farbe kannst du ganz einfach selbst herstellen, indem du Wei\u00df und Blau mischst. Mit der h\u00f6lzernen Bluey-Ausstechform und der Spielfigur k\u00f6nnen Kinder ihren Lieblingshund aus Knetmasse zum Leben erwecken. So entsteht eine perfekte Kombination aus Kreativit\u00e4t und Fantasie.<\/p>\n<p>Was dieses Set so toll macht<\/p>\n<p>Sichere Knete in den Farben von Bluey<\/p>\n<p>Inklusive Bluey-Ausstechform und Figur aus Holz<\/p>\n<p>Geeignet f\u00fcr Kinder ab 3 Jahren<\/p>\n<p>F\u00f6rdert die Kreativit\u00e4t und Feinmotorik<\/p>\n<p>Glutenfrei, abwaschbar und extra gesalzen, damit es nicht gegessen wird<\/p>\n<p>Kneten mit deinem besten Freund<\/p>\n<p>Zusammen mit Bluey wird jede Spielstunde zu einem echten Abenteuer. Dieses Knet-Set regt Kinder dazu an, ihre Fantasie zu nutzen und sich eigene Geschichten auszudenken. Eltern k\u00f6nnen mitmachen und so wertvolle Momente voller Spa\u00df und Entdeckungen schaffen. Die weiche und sichere Knetmasse f\u00fchlt sich angenehm an und ist ideal f\u00fcr kleine Kinderh\u00e4nde.<\/p>\n<p>Inhalt des Sets<\/p>\n<p>Holzausstechform im Bluey-Design<\/p>\n<p>Wei\u00dfe Modelliermasse (90 g)<\/p>\n<p>Gelbe Modelliermasse (90 g)<\/p>\n<p>Ton orange (90 g)<\/p>\n<p>Ton dunkelblau (90 g)<\/p>\n<p>Warum SES Creative w\u00e4hlen?<\/p>\n<p>Bei SES Creative legen wir gro\u00dfen Wert auf Sicherheit. Deshalb werden alle unsere Produkte in unserem Werk in den Niederlanden nach den strengsten europ\u00e4ischen Sicherheitsnormen hergestellt und getestet. Spielzeug von SES Creative macht Spa\u00df und lehrt Kinder, stolz auf das zu sein, was sie herstellen. So f\u00f6rdern wir Kreativit\u00e4t, Fantasie und Entwicklung, immer auf sichere Weise.<\/p>\n<p>Lassen Sie die Fantasie mit Bluey Clay zum Leben erwecken!<\/p>\n<p>Entdecken Sie den Spa\u00df am Kneten mit Bluey von SES Creative. Dies ist das perfekte Set f\u00fcr kleine Entdecker mit gro\u00dfer Fantasie. Beginnen Sie noch heute mit Kneten, Spielen und Lachen!<\/p>\n","protected":false},"excerpt":{"rendered":"<p>Bluey \u2013 Knete: Spielen, Kneten und Fantasieren mit deinem Lieblingsfreund! Mit Bluey macht Kneten noch mehr Spa\u00df! Dieses fr\u00f6hliche Set enth\u00e4lt vier Farben Knetmasse in den bekannten Bluey-Farbt\u00f6nen. Die helle blaue Farbe kannst du ganz einfach selbst herstellen, indem du Wei\u00df und Blau mischst. Mit der h\u00f6lzernen Bluey-Ausstechform und der Spielfigur k\u00f6nnen Kinder ihren Lieblingshund [&hellip;]<\/p>\n","protected":false},"featured_media":107454,"comment_status":"closed","ping_status":"closed","template":"","meta":{"_acf_changed":false},"product_brand":[],"product_cat":[117],"product_tag":[],"class_list":{"0":"post-114666","1":"product","2":"type-product","3":"status-publish","4":"has-post-thumbnail","6":"product_cat-knete","7":"pa_collecties-bluey","8":"pa_leeftijd-filter-3-4-jahre","9":"pa_meest-populair-bij-jungen-maedchen","11":"first","12":"instock","13":"shipping-taxable","14":"product-type-simple"},"acf":[],"yoast_head":"<!-- This site is optimized with the Yoast SEO plugin v27.4 - https:\/\/yoast.com\/product\/yoast-seo-wordpress\/ -->\n<title>Bluey - Knete 4 x 90 g - SES Creative<\/title>\n<meta name=\"robots\" content=\"index, follow, max-snippet:-1, max-image-preview:large, max-video-preview:-1\" \/>\n<link rel=\"canonical\" href=\"https:\/\/ses-creative.com\/de\/produkt\/bluey-knete-4-x-90-g\/\" \/>\n<meta property=\"og:locale\" content=\"de_DE\" \/>\n<meta property=\"og:type\" content=\"article\" \/>\n<meta property=\"og:title\" content=\"Bluey - Knete 4 x 90 g - SES Creative\" \/>\n<meta property=\"og:description\" content=\"Bluey \u2013 Knete: Spielen, Kneten und Fantasieren mit deinem Lieblingsfreund! Mit Bluey macht Kneten noch mehr Spa\u00df! Dieses fr\u00f6hliche Set enth\u00e4lt vier Farben Knetmasse in den bekannten Bluey-Farbt\u00f6nen. Die helle blaue Farbe kannst du ganz einfach selbst herstellen, indem du Wei\u00df und Blau mischst. Mit der h\u00f6lzernen Bluey-Ausstechform und der Spielfigur k\u00f6nnen Kinder ihren Lieblingshund [&hellip;]\" \/>\n<meta property=\"og:url\" content=\"https:\/\/ses-creative.com\/de\/produkt\/bluey-knete-4-x-90-g\/\" \/>\n<meta property=\"og:site_name\" content=\"SES Creative\" \/>\n<meta property=\"article:modified_time\" content=\"2026-02-06T09:51:36+00:00\" \/>\n<meta name=\"twitter:card\" content=\"summary_large_image\" \/>\n<meta name=\"twitter:label1\" content=\"Gesch\u00e4tzte Lesezeit\" \/>\n\t<meta name=\"twitter:data1\" content=\"2\u00a0Minuten\" \/>\n<script type=\"application\/ld+json\" class=\"yoast-schema-graph\">{\"@context\":\"https:\\\/\\\/schema.org\",\"@graph\":[{\"@type\":\"WebPage\",\"@id\":\"https:\\\/\\\/ses-creative.com\\\/de\\\/produkt\\\/bluey-knete-4-x-90-g\\\/\",\"url\":\"https:\\\/\\\/ses-creative.com\\\/de\\\/produkt\\\/bluey-knete-4-x-90-g\\\/\",\"name\":\"Bluey - Knete 4 x 90 g - SES Creative\",\"isPartOf\":{\"@id\":\"https:\\\/\\\/ses-creative.com\\\/#website\"},\"primaryImageOfPage\":{\"@id\":\"https:\\\/\\\/ses-creative.com\\\/de\\\/produkt\\\/bluey-knete-4-x-90-g\\\/#primaryimage\"},\"image\":{\"@id\":\"https:\\\/\\\/ses-creative.com\\\/de\\\/produkt\\\/bluey-knete-4-x-90-g\\\/#primaryimage\"},\"thumbnailUrl\":\"https:\\\/\\\/ses-creative.com\\\/wp-content\\\/uploads\\\/2026\\\/01\\\/140961-1.jpg\",\"datePublished\":\"2026-02-05T13:52:39+00:00\",\"dateModified\":\"2026-02-06T09:51:36+00:00\",\"breadcrumb\":{\"@id\":\"https:\\\/\\\/ses-creative.com\\\/de\\\/produkt\\\/bluey-knete-4-x-90-g\\\/#breadcrumb\"},\"inLanguage\":\"de\",\"potentialAction\":[{\"@type\":\"ReadAction\",\"target\":[\"https:\\\/\\\/ses-creative.com\\\/de\\\/produkt\\\/bluey-knete-4-x-90-g\\\/\"]}]},{\"@type\":\"ImageObject\",\"inLanguage\":\"de\",\"@id\":\"https:\\\/\\\/ses-creative.com\\\/de\\\/produkt\\\/bluey-knete-4-x-90-g\\\/#primaryimage\",\"url\":\"https:\\\/\\\/ses-creative.com\\\/wp-content\\\/uploads\\\/2026\\\/01\\\/140961-1.jpg\",\"contentUrl\":\"https:\\\/\\\/ses-creative.com\\\/wp-content\\\/uploads\\\/2026\\\/01\\\/140961-1.jpg\",\"width\":1000,\"height\":1000},{\"@type\":\"BreadcrumbList\",\"@id\":\"https:\\\/\\\/ses-creative.com\\\/de\\\/produkt\\\/bluey-knete-4-x-90-g\\\/#breadcrumb\",\"itemListElement\":[{\"@type\":\"ListItem\",\"position\":1,\"name\":\"Shop\",\"item\":\"https:\\\/\\\/ses-creative.com\\\/de\\\/shop\\\/\"},{\"@type\":\"ListItem\",\"position\":2,\"name\":\"Knete\",\"item\":\"https:\\\/\\\/ses-creative.com\\\/de\\\/product-categorie\\\/knete\\\/\"},{\"@type\":\"ListItem\",\"position\":3,\"name\":\"Bluey &#8211; Knete 4 x 90 g\"}]},{\"@type\":\"WebSite\",\"@id\":\"https:\\\/\\\/ses-creative.com\\\/#website\",\"url\":\"https:\\\/\\\/ses-creative.com\\\/\",\"name\":\"SES Creative\",\"description\":\"\",\"publisher\":{\"@id\":\"https:\\\/\\\/ses-creative.com\\\/#organization\"},\"potentialAction\":[{\"@type\":\"SearchAction\",\"target\":{\"@type\":\"EntryPoint\",\"urlTemplate\":\"https:\\\/\\\/ses-creative.com\\\/?s={search_term_string}\"},\"query-input\":{\"@type\":\"PropertyValueSpecification\",\"valueRequired\":true,\"valueName\":\"search_term_string\"}}],\"inLanguage\":\"de\"},{\"@type\":\"Organization\",\"@id\":\"https:\\\/\\\/ses-creative.com\\\/#organization\",\"name\":\"SES Creative\",\"url\":\"https:\\\/\\\/ses-creative.com\\\/\",\"logo\":{\"@type\":\"ImageObject\",\"inLanguage\":\"de\",\"@id\":\"https:\\\/\\\/ses-creative.com\\\/#\\\/schema\\\/logo\\\/image\\\/\",\"url\":\"https:\\\/\\\/ses-creative.com\\\/wp-content\\\/uploads\\\/2025\\\/10\\\/ses-creative-logo.jpg\",\"contentUrl\":\"https:\\\/\\\/ses-creative.com\\\/wp-content\\\/uploads\\\/2025\\\/10\\\/ses-creative-logo.jpg\",\"width\":2037,\"height\":2037,\"caption\":\"SES Creative\"},\"image\":{\"@id\":\"https:\\\/\\\/ses-creative.com\\\/#\\\/schema\\\/logo\\\/image\\\/\"}}]}<\/script>\n<!-- \/ Yoast SEO plugin. -->","yoast_head_json":{"title":"Bluey - Knete 4 x 90 g - SES Creative","robots":{"index":"index","follow":"follow","max-snippet":"max-snippet:-1","max-image-preview":"max-image-preview:large","max-video-preview":"max-video-preview:-1"},"canonical":"https:\/\/ses-creative.com\/de\/produkt\/bluey-knete-4-x-90-g\/","og_locale":"de_DE","og_type":"article","og_title":"Bluey - Knete 4 x 90 g - SES Creative","og_description":"Bluey \u2013 Knete: Spielen, Kneten und Fantasieren mit deinem Lieblingsfreund! Mit Bluey macht Kneten noch mehr Spa\u00df! Dieses fr\u00f6hliche Set enth\u00e4lt vier Farben Knetmasse in den bekannten Bluey-Farbt\u00f6nen. Die helle blaue Farbe kannst du ganz einfach selbst herstellen, indem du Wei\u00df und Blau mischst. Mit der h\u00f6lzernen Bluey-Ausstechform und der Spielfigur k\u00f6nnen Kinder ihren Lieblingshund [&hellip;]","og_url":"https:\/\/ses-creative.com\/de\/produkt\/bluey-knete-4-x-90-g\/","og_site_name":"SES Creative","article_modified_time":"2026-02-06T09:51:36+00:00","twitter_card":"summary_large_image","twitter_misc":{"Gesch\u00e4tzte Lesezeit":"2\u00a0Minuten"},"schema":{"@context":"https:\/\/schema.org","@graph":[{"@type":"WebPage","@id":"https:\/\/ses-creative.com\/de\/produkt\/bluey-knete-4-x-90-g\/","url":"https:\/\/ses-creative.com\/de\/produkt\/bluey-knete-4-x-90-g\/","name":"Bluey - Knete 4 x 90 g - SES Creative","isPartOf":{"@id":"https:\/\/ses-creative.com\/#website"},"primaryImageOfPage":{"@id":"https:\/\/ses-creative.com\/de\/produkt\/bluey-knete-4-x-90-g\/#primaryimage"},"image":{"@id":"https:\/\/ses-creative.com\/de\/produkt\/bluey-knete-4-x-90-g\/#primaryimage"},"thumbnailUrl":"https:\/\/ses-creative.com\/wp-content\/uploads\/2026\/01\/140961-1.jpg","datePublished":"2026-02-05T13:52:39+00:00","dateModified":"2026-02-06T09:51:36+00:00","breadcrumb":{"@id":"https:\/\/ses-creative.com\/de\/produkt\/bluey-knete-4-x-90-g\/#breadcrumb"},"inLanguage":"de","potentialAction":[{"@type":"ReadAction","target":["https:\/\/ses-creative.com\/de\/produkt\/bluey-knete-4-x-90-g\/"]}]},{"@type":"ImageObject","inLanguage":"de","@id":"https:\/\/ses-creative.com\/de\/produkt\/bluey-knete-4-x-90-g\/#primaryimage","url":"https:\/\/ses-creative.com\/wp-content\/uploads\/2026\/01\/140961-1.jpg","contentUrl":"https:\/\/ses-creative.com\/wp-content\/uploads\/2026\/01\/140961-1.jpg","width":1000,"height":1000},{"@type":"BreadcrumbList","@id":"https:\/\/ses-creative.com\/de\/produkt\/bluey-knete-4-x-90-g\/#breadcrumb","itemListElement":[{"@type":"ListItem","position":1,"name":"Shop","item":"https:\/\/ses-creative.com\/de\/shop\/"},{"@type":"ListItem","position":2,"name":"Knete","item":"https:\/\/ses-creative.com\/de\/product-categorie\/knete\/"},{"@type":"ListItem","position":3,"name":"Bluey &#8211; Knete 4 x 90 g"}]},{"@type":"WebSite","@id":"https:\/\/ses-creative.com\/#website","url":"https:\/\/ses-creative.com\/","name":"SES Creative","description":"","publisher":{"@id":"https:\/\/ses-creative.com\/#organization"},"potentialAction":[{"@type":"SearchAction","target":{"@type":"EntryPoint","urlTemplate":"https:\/\/ses-creative.com\/?s={search_term_string}"},"query-input":{"@type":"PropertyValueSpecification","valueRequired":true,"valueName":"search_term_string"}}],"inLanguage":"de"},{"@type":"Organization","@id":"https:\/\/ses-creative.com\/#organization","name":"SES Creative","url":"https:\/\/ses-creative.com\/","logo":{"@type":"ImageObject","inLanguage":"de","@id":"https:\/\/ses-creative.com\/#\/schema\/logo\/image\/","url":"https:\/\/ses-creative.com\/wp-content\/uploads\/2025\/10\/ses-creative-logo.jpg","contentUrl":"https:\/\/ses-creative.com\/wp-content\/uploads\/2025\/10\/ses-creative-logo.jpg","width":2037,"height":2037,"caption":"SES Creative"},"image":{"@id":"https:\/\/ses-creative.com\/#\/schema\/logo\/image\/"}}]}},"_links":{"self":[{"href":"https:\/\/ses-creative.com\/de\/wp-json\/wp\/v2\/product\/114666","targetHints":{"allow":["GET"]}}],"collection":[{"href":"https:\/\/ses-creative.com\/de\/wp-json\/wp\/v2\/product"}],"about":[{"href":"https:\/\/ses-creative.com\/de\/wp-json\/wp\/v2\/types\/product"}],"replies":[{"embeddable":true,"href":"https:\/\/ses-creative.com\/de\/wp-json\/wp\/v2\/comments?post=114666"}],"wp:featuredmedia":[{"embeddable":true,"href":"https:\/\/ses-creative.com\/de\/wp-json\/wp\/v2\/media\/107454"}],"wp:attachment":[{"href":"https:\/\/ses-creative.com\/de\/wp-json\/wp\/v2\/media?parent=114666"}],"wp:term":[{"taxonomy":"product_brand","embeddable":true,"href":"https:\/\/ses-creative.com\/de\/wp-json\/wp\/v2\/product_brand?post=114666"},{"taxonomy":"product_cat","embeddable":true,"href":"https:\/\/ses-creative.com\/de\/wp-json\/wp\/v2\/product_cat?post=114666"},{"taxonomy":"product_tag","embeddable":true,"href":"https:\/\/ses-creative.com\/de\/wp-json\/wp\/v2\/product_tag?post=114666"}],"curies":[{"name":"wp","href":"https:\/\/api.w.org\/{rel}","templated":true}]}}