











{"id":114664,"date":"2026-02-05T13:52:38","date_gmt":"2026-02-05T13:52:38","guid":{"rendered":"https:\/\/ses-creative.com\/?post_type=product&#038;p=114664"},"modified":"2026-02-06T09:51:36","modified_gmt":"2026-02-06T09:51:36","slug":"bluey-haemmerchen-tick","status":"publish","type":"product","link":"https:\/\/ses-creative.com\/de\/produkt\/bluey-haemmerchen-tick\/","title":{"rendered":"Bluey &#8211; H\u00e4mmerchen Tick"},"content":{"rendered":"<p>Entdecke deine Kreativit\u00e4t und lerne H\u00e4mmern mit SES Creative \u2013 H\u00e4mmerchen Tick mit Bluey! Mit fr\u00f6hlichen Holzformen und Bluey-Figuren k\u00f6nnen Kinder ab 3 Jahren die lustigsten Kreationen erschaffen. Das Set f\u00f6rdert die Feinmotorik, die Hand-Auge-Koordination und die Formerkennung. Dank der wiederverwendbaren Teile ist der Spa\u00df endlos und Kinder k\u00f6nnen immer wieder neue Kreationen erschaffen. Inklusive Holzhammer, Korkmatte und N\u00e4geln f\u00fcr ein echtes Bastelerlebnis. Perfekt f\u00fcr kleine Bluey-Fans!<\/p>\n","protected":false},"excerpt":{"rendered":"<p>Entdecke deine Kreativit\u00e4t und lerne H\u00e4mmern mit SES Creative \u2013 H\u00e4mmerchen Tick mit Bluey! Mit fr\u00f6hlichen Holzformen und Bluey-Figuren k\u00f6nnen Kinder ab 3 Jahren die lustigsten Kreationen erschaffen. Das Set f\u00f6rdert die Feinmotorik, die Hand-Auge-Koordination und die Formerkennung. Dank der wiederverwendbaren Teile ist der Spa\u00df endlos und Kinder k\u00f6nnen immer wieder neue Kreationen erschaffen. Inklusive [&hellip;]<\/p>\n","protected":false},"featured_media":102016,"comment_status":"closed","ping_status":"closed","template":"","meta":{"_acf_changed":false},"product_brand":[],"product_cat":[115],"product_tag":[],"class_list":{"0":"post-114664","1":"product","2":"type-product","3":"status-publish","4":"has-post-thumbnail","6":"product_cat-basteln","7":"pa_collecties-bluey","8":"pa_leeftijd-filter-3-4-jahre","9":"pa_meest-populair-bij-jungen-maedchen","11":"first","12":"instock","13":"shipping-taxable","14":"product-type-simple"},"acf":[],"yoast_head":"<!-- This site is optimized with the Yoast SEO plugin v27.2 - https:\/\/yoast.com\/product\/yoast-seo-wordpress\/ -->\n<title>Bluey - H\u00e4mmerchen Tick - SES Creative<\/title>\n<meta name=\"robots\" content=\"index, follow, max-snippet:-1, max-image-preview:large, max-video-preview:-1\" \/>\n<link rel=\"canonical\" href=\"https:\/\/ses-creative.com\/de\/produkt\/bluey-haemmerchen-tick\/\" \/>\n<meta property=\"og:locale\" content=\"de_DE\" \/>\n<meta property=\"og:type\" content=\"article\" \/>\n<meta property=\"og:title\" content=\"Bluey - H\u00e4mmerchen Tick - SES Creative\" \/>\n<meta property=\"og:description\" content=\"Entdecke deine Kreativit\u00e4t und lerne H\u00e4mmern mit SES Creative \u2013 H\u00e4mmerchen Tick mit Bluey! Mit fr\u00f6hlichen Holzformen und Bluey-Figuren k\u00f6nnen Kinder ab 3 Jahren die lustigsten Kreationen erschaffen. Das Set f\u00f6rdert die Feinmotorik, die Hand-Auge-Koordination und die Formerkennung. Dank der wiederverwendbaren Teile ist der Spa\u00df endlos und Kinder k\u00f6nnen immer wieder neue Kreationen erschaffen. Inklusive [&hellip;]\" \/>\n<meta property=\"og:url\" content=\"https:\/\/ses-creative.com\/de\/produkt\/bluey-haemmerchen-tick\/\" \/>\n<meta property=\"og:site_name\" content=\"SES Creative\" \/>\n<meta property=\"article:modified_time\" content=\"2026-02-06T09:51:36+00:00\" \/>\n<meta name=\"twitter:card\" content=\"summary_large_image\" \/>\n<script type=\"application\/ld+json\" class=\"yoast-schema-graph\">{\"@context\":\"https:\/\/schema.org\",\"@graph\":[{\"@type\":\"WebPage\",\"@id\":\"https:\/\/ses-creative.com\/de\/produkt\/bluey-haemmerchen-tick\/\",\"url\":\"https:\/\/ses-creative.com\/de\/produkt\/bluey-haemmerchen-tick\/\",\"name\":\"Bluey - H\u00e4mmerchen Tick - SES Creative\",\"isPartOf\":{\"@id\":\"https:\/\/ses-creative.com\/#website\"},\"primaryImageOfPage\":{\"@id\":\"https:\/\/ses-creative.com\/de\/produkt\/bluey-haemmerchen-tick\/#primaryimage\"},\"image\":{\"@id\":\"https:\/\/ses-creative.com\/de\/produkt\/bluey-haemmerchen-tick\/#primaryimage\"},\"thumbnailUrl\":\"https:\/\/ses-creative.com\/wp-content\/uploads\/2026\/01\/140941.jpg\",\"datePublished\":\"2026-02-05T13:52:38+00:00\",\"dateModified\":\"2026-02-06T09:51:36+00:00\",\"breadcrumb\":{\"@id\":\"https:\/\/ses-creative.com\/de\/produkt\/bluey-haemmerchen-tick\/#breadcrumb\"},\"inLanguage\":\"de\",\"potentialAction\":[{\"@type\":\"ReadAction\",\"target\":[\"https:\/\/ses-creative.com\/de\/produkt\/bluey-haemmerchen-tick\/\"]}]},{\"@type\":\"ImageObject\",\"inLanguage\":\"de\",\"@id\":\"https:\/\/ses-creative.com\/de\/produkt\/bluey-haemmerchen-tick\/#primaryimage\",\"url\":\"https:\/\/ses-creative.com\/wp-content\/uploads\/2026\/01\/140941.jpg\",\"contentUrl\":\"https:\/\/ses-creative.com\/wp-content\/uploads\/2026\/01\/140941.jpg\",\"width\":1000,\"height\":1000},{\"@type\":\"BreadcrumbList\",\"@id\":\"https:\/\/ses-creative.com\/de\/produkt\/bluey-haemmerchen-tick\/#breadcrumb\",\"itemListElement\":[{\"@type\":\"ListItem\",\"position\":1,\"name\":\"Shop\",\"item\":\"https:\/\/ses-creative.com\/de\/shop\/\"},{\"@type\":\"ListItem\",\"position\":2,\"name\":\"Basteln\",\"item\":\"https:\/\/ses-creative.com\/de\/product-categorie\/basteln\/\"},{\"@type\":\"ListItem\",\"position\":3,\"name\":\"Bluey &#8211; H\u00e4mmerchen Tick\"}]},{\"@type\":\"WebSite\",\"@id\":\"https:\/\/ses-creative.com\/#website\",\"url\":\"https:\/\/ses-creative.com\/\",\"name\":\"SES Creative\",\"description\":\"\",\"publisher\":{\"@id\":\"https:\/\/ses-creative.com\/#organization\"},\"potentialAction\":[{\"@type\":\"SearchAction\",\"target\":{\"@type\":\"EntryPoint\",\"urlTemplate\":\"https:\/\/ses-creative.com\/?s={search_term_string}\"},\"query-input\":{\"@type\":\"PropertyValueSpecification\",\"valueRequired\":true,\"valueName\":\"search_term_string\"}}],\"inLanguage\":\"de\"},{\"@type\":\"Organization\",\"@id\":\"https:\/\/ses-creative.com\/#organization\",\"name\":\"SES Creative\",\"url\":\"https:\/\/ses-creative.com\/\",\"logo\":{\"@type\":\"ImageObject\",\"inLanguage\":\"de\",\"@id\":\"https:\/\/ses-creative.com\/#\/schema\/logo\/image\/\",\"url\":\"https:\/\/ses-creative.com\/wp-content\/uploads\/2025\/10\/ses-creative-logo.jpg\",\"contentUrl\":\"https:\/\/ses-creative.com\/wp-content\/uploads\/2025\/10\/ses-creative-logo.jpg\",\"width\":2037,\"height\":2037,\"caption\":\"SES Creative\"},\"image\":{\"@id\":\"https:\/\/ses-creative.com\/#\/schema\/logo\/image\/\"}}]}<\/script>\n<!-- \/ Yoast SEO plugin. -->","yoast_head_json":{"title":"Bluey - H\u00e4mmerchen Tick - SES Creative","robots":{"index":"index","follow":"follow","max-snippet":"max-snippet:-1","max-image-preview":"max-image-preview:large","max-video-preview":"max-video-preview:-1"},"canonical":"https:\/\/ses-creative.com\/de\/produkt\/bluey-haemmerchen-tick\/","og_locale":"de_DE","og_type":"article","og_title":"Bluey - H\u00e4mmerchen Tick - SES Creative","og_description":"Entdecke deine Kreativit\u00e4t und lerne H\u00e4mmern mit SES Creative \u2013 H\u00e4mmerchen Tick mit Bluey! Mit fr\u00f6hlichen Holzformen und Bluey-Figuren k\u00f6nnen Kinder ab 3 Jahren die lustigsten Kreationen erschaffen. Das Set f\u00f6rdert die Feinmotorik, die Hand-Auge-Koordination und die Formerkennung. Dank der wiederverwendbaren Teile ist der Spa\u00df endlos und Kinder k\u00f6nnen immer wieder neue Kreationen erschaffen. Inklusive [&hellip;]","og_url":"https:\/\/ses-creative.com\/de\/produkt\/bluey-haemmerchen-tick\/","og_site_name":"SES Creative","article_modified_time":"2026-02-06T09:51:36+00:00","twitter_card":"summary_large_image","schema":{"@context":"https:\/\/schema.org","@graph":[{"@type":"WebPage","@id":"https:\/\/ses-creative.com\/de\/produkt\/bluey-haemmerchen-tick\/","url":"https:\/\/ses-creative.com\/de\/produkt\/bluey-haemmerchen-tick\/","name":"Bluey - H\u00e4mmerchen Tick - SES Creative","isPartOf":{"@id":"https:\/\/ses-creative.com\/#website"},"primaryImageOfPage":{"@id":"https:\/\/ses-creative.com\/de\/produkt\/bluey-haemmerchen-tick\/#primaryimage"},"image":{"@id":"https:\/\/ses-creative.com\/de\/produkt\/bluey-haemmerchen-tick\/#primaryimage"},"thumbnailUrl":"https:\/\/ses-creative.com\/wp-content\/uploads\/2026\/01\/140941.jpg","datePublished":"2026-02-05T13:52:38+00:00","dateModified":"2026-02-06T09:51:36+00:00","breadcrumb":{"@id":"https:\/\/ses-creative.com\/de\/produkt\/bluey-haemmerchen-tick\/#breadcrumb"},"inLanguage":"de","potentialAction":[{"@type":"ReadAction","target":["https:\/\/ses-creative.com\/de\/produkt\/bluey-haemmerchen-tick\/"]}]},{"@type":"ImageObject","inLanguage":"de","@id":"https:\/\/ses-creative.com\/de\/produkt\/bluey-haemmerchen-tick\/#primaryimage","url":"https:\/\/ses-creative.com\/wp-content\/uploads\/2026\/01\/140941.jpg","contentUrl":"https:\/\/ses-creative.com\/wp-content\/uploads\/2026\/01\/140941.jpg","width":1000,"height":1000},{"@type":"BreadcrumbList","@id":"https:\/\/ses-creative.com\/de\/produkt\/bluey-haemmerchen-tick\/#breadcrumb","itemListElement":[{"@type":"ListItem","position":1,"name":"Shop","item":"https:\/\/ses-creative.com\/de\/shop\/"},{"@type":"ListItem","position":2,"name":"Basteln","item":"https:\/\/ses-creative.com\/de\/product-categorie\/basteln\/"},{"@type":"ListItem","position":3,"name":"Bluey &#8211; H\u00e4mmerchen Tick"}]},{"@type":"WebSite","@id":"https:\/\/ses-creative.com\/#website","url":"https:\/\/ses-creative.com\/","name":"SES Creative","description":"","publisher":{"@id":"https:\/\/ses-creative.com\/#organization"},"potentialAction":[{"@type":"SearchAction","target":{"@type":"EntryPoint","urlTemplate":"https:\/\/ses-creative.com\/?s={search_term_string}"},"query-input":{"@type":"PropertyValueSpecification","valueRequired":true,"valueName":"search_term_string"}}],"inLanguage":"de"},{"@type":"Organization","@id":"https:\/\/ses-creative.com\/#organization","name":"SES Creative","url":"https:\/\/ses-creative.com\/","logo":{"@type":"ImageObject","inLanguage":"de","@id":"https:\/\/ses-creative.com\/#\/schema\/logo\/image\/","url":"https:\/\/ses-creative.com\/wp-content\/uploads\/2025\/10\/ses-creative-logo.jpg","contentUrl":"https:\/\/ses-creative.com\/wp-content\/uploads\/2025\/10\/ses-creative-logo.jpg","width":2037,"height":2037,"caption":"SES Creative"},"image":{"@id":"https:\/\/ses-creative.com\/#\/schema\/logo\/image\/"}}]}},"_links":{"self":[{"href":"https:\/\/ses-creative.com\/de\/wp-json\/wp\/v2\/product\/114664","targetHints":{"allow":["GET"]}}],"collection":[{"href":"https:\/\/ses-creative.com\/de\/wp-json\/wp\/v2\/product"}],"about":[{"href":"https:\/\/ses-creative.com\/de\/wp-json\/wp\/v2\/types\/product"}],"replies":[{"embeddable":true,"href":"https:\/\/ses-creative.com\/de\/wp-json\/wp\/v2\/comments?post=114664"}],"wp:featuredmedia":[{"embeddable":true,"href":"https:\/\/ses-creative.com\/de\/wp-json\/wp\/v2\/media\/102016"}],"wp:attachment":[{"href":"https:\/\/ses-creative.com\/de\/wp-json\/wp\/v2\/media?parent=114664"}],"wp:term":[{"taxonomy":"product_brand","embeddable":true,"href":"https:\/\/ses-creative.com\/de\/wp-json\/wp\/v2\/product_brand?post=114664"},{"taxonomy":"product_cat","embeddable":true,"href":"https:\/\/ses-creative.com\/de\/wp-json\/wp\/v2\/product_cat?post=114664"},{"taxonomy":"product_tag","embeddable":true,"href":"https:\/\/ses-creative.com\/de\/wp-json\/wp\/v2\/product_tag?post=114664"}],"curies":[{"name":"wp","href":"https:\/\/api.w.org\/{rel}","templated":true}]}}