











{"id":114661,"date":"2026-02-05T13:52:38","date_gmt":"2026-02-05T13:52:38","guid":{"rendered":"https:\/\/ses-creative.com\/?post_type=product&#038;p=114661"},"modified":"2026-02-06T09:51:35","modified_gmt":"2026-02-06T09:51:35","slug":"bluey-fingerabdruck-kunstwerk","status":"publish","type":"product","link":"https:\/\/ses-creative.com\/de\/produkt\/bluey-fingerabdruck-kunstwerk\/","title":{"rendered":"Bluey &#8211; Fingerabdruck Kunstwerk"},"content":{"rendered":"<p>Entdecke kreativen Spa\u00df mit dem SES Creative Bluey Fingerprint Paint Artwork Set! Verziere 10 fr\u00f6hliche Malvorlagen von Bluey und Bingo mit sicherer, glutenfreier und abwaschbarer Fingerfarbe in 3 Farben. Das Set ist f\u00fcr Kinder ab 2 Jahren geeignet und f\u00f6rdert die spielerische Entwicklung von Kreativit\u00e4t und Feinmotorik. Ideal zum gemeinsamen Basteln oder zum Selbstentdecken. Mit dem SES Creative Bluey Fingerprint Paint Artwork Set wird jede Kreation zu einem Kunstwerk, auf das man stolz sein kann!<\/p>\n","protected":false},"excerpt":{"rendered":"<p>Entdecke kreativen Spa\u00df mit dem SES Creative Bluey Fingerprint Paint Artwork Set! Verziere 10 fr\u00f6hliche Malvorlagen von Bluey und Bingo mit sicherer, glutenfreier und abwaschbarer Fingerfarbe in 3 Farben. Das Set ist f\u00fcr Kinder ab 2 Jahren geeignet und f\u00f6rdert die spielerische Entwicklung von Kreativit\u00e4t und Feinmotorik. Ideal zum gemeinsamen Basteln oder zum Selbstentdecken. Mit [&hellip;]<\/p>\n","protected":false},"featured_media":101936,"comment_status":"closed","ping_status":"closed","template":"","meta":{"_acf_changed":false},"product_brand":[],"product_cat":[116],"product_tag":[],"class_list":{"0":"post-114661","1":"product","2":"type-product","3":"status-publish","4":"has-post-thumbnail","6":"product_cat-baby-kleinkind","7":"pa_collecties-bluey","8":"pa_leeftijd-filter-0-2-jahre","9":"pa_meest-populair-bij-jungen-maedchen","11":"first","12":"instock","13":"shipping-taxable","14":"product-type-simple"},"acf":[],"yoast_head":"<!-- This site is optimized with the Yoast SEO plugin v27.2 - https:\/\/yoast.com\/product\/yoast-seo-wordpress\/ -->\n<title>Bluey - Fingerabdruck Kunstwerk - SES Creative<\/title>\n<meta name=\"robots\" content=\"index, follow, max-snippet:-1, max-image-preview:large, max-video-preview:-1\" \/>\n<link rel=\"canonical\" href=\"https:\/\/ses-creative.com\/de\/produkt\/bluey-fingerabdruck-kunstwerk\/\" \/>\n<meta property=\"og:locale\" content=\"de_DE\" \/>\n<meta property=\"og:type\" content=\"article\" \/>\n<meta property=\"og:title\" content=\"Bluey - Fingerabdruck Kunstwerk - SES Creative\" \/>\n<meta property=\"og:description\" content=\"Entdecke kreativen Spa\u00df mit dem SES Creative Bluey Fingerprint Paint Artwork Set! Verziere 10 fr\u00f6hliche Malvorlagen von Bluey und Bingo mit sicherer, glutenfreier und abwaschbarer Fingerfarbe in 3 Farben. Das Set ist f\u00fcr Kinder ab 2 Jahren geeignet und f\u00f6rdert die spielerische Entwicklung von Kreativit\u00e4t und Feinmotorik. Ideal zum gemeinsamen Basteln oder zum Selbstentdecken. Mit [&hellip;]\" \/>\n<meta property=\"og:url\" content=\"https:\/\/ses-creative.com\/de\/produkt\/bluey-fingerabdruck-kunstwerk\/\" \/>\n<meta property=\"og:site_name\" content=\"SES Creative\" \/>\n<meta property=\"article:modified_time\" content=\"2026-02-06T09:51:35+00:00\" \/>\n<meta name=\"twitter:card\" content=\"summary_large_image\" \/>\n<script type=\"application\/ld+json\" class=\"yoast-schema-graph\">{\"@context\":\"https:\/\/schema.org\",\"@graph\":[{\"@type\":\"WebPage\",\"@id\":\"https:\/\/ses-creative.com\/de\/produkt\/bluey-fingerabdruck-kunstwerk\/\",\"url\":\"https:\/\/ses-creative.com\/de\/produkt\/bluey-fingerabdruck-kunstwerk\/\",\"name\":\"Bluey - Fingerabdruck Kunstwerk - SES Creative\",\"isPartOf\":{\"@id\":\"https:\/\/ses-creative.com\/#website\"},\"primaryImageOfPage\":{\"@id\":\"https:\/\/ses-creative.com\/de\/produkt\/bluey-fingerabdruck-kunstwerk\/#primaryimage\"},\"image\":{\"@id\":\"https:\/\/ses-creative.com\/de\/produkt\/bluey-fingerabdruck-kunstwerk\/#primaryimage\"},\"thumbnailUrl\":\"https:\/\/ses-creative.com\/wp-content\/uploads\/2026\/01\/140911.jpg\",\"datePublished\":\"2026-02-05T13:52:38+00:00\",\"dateModified\":\"2026-02-06T09:51:35+00:00\",\"breadcrumb\":{\"@id\":\"https:\/\/ses-creative.com\/de\/produkt\/bluey-fingerabdruck-kunstwerk\/#breadcrumb\"},\"inLanguage\":\"de\",\"potentialAction\":[{\"@type\":\"ReadAction\",\"target\":[\"https:\/\/ses-creative.com\/de\/produkt\/bluey-fingerabdruck-kunstwerk\/\"]}]},{\"@type\":\"ImageObject\",\"inLanguage\":\"de\",\"@id\":\"https:\/\/ses-creative.com\/de\/produkt\/bluey-fingerabdruck-kunstwerk\/#primaryimage\",\"url\":\"https:\/\/ses-creative.com\/wp-content\/uploads\/2026\/01\/140911.jpg\",\"contentUrl\":\"https:\/\/ses-creative.com\/wp-content\/uploads\/2026\/01\/140911.jpg\",\"width\":1000,\"height\":1000},{\"@type\":\"BreadcrumbList\",\"@id\":\"https:\/\/ses-creative.com\/de\/produkt\/bluey-fingerabdruck-kunstwerk\/#breadcrumb\",\"itemListElement\":[{\"@type\":\"ListItem\",\"position\":1,\"name\":\"Shop\",\"item\":\"https:\/\/ses-creative.com\/de\/shop\/\"},{\"@type\":\"ListItem\",\"position\":2,\"name\":\"Baby &amp; Kleinkind\",\"item\":\"https:\/\/ses-creative.com\/de\/product-categorie\/baby-kleinkind\/\"},{\"@type\":\"ListItem\",\"position\":3,\"name\":\"Bluey &#8211; Fingerabdruck Kunstwerk\"}]},{\"@type\":\"WebSite\",\"@id\":\"https:\/\/ses-creative.com\/#website\",\"url\":\"https:\/\/ses-creative.com\/\",\"name\":\"SES Creative\",\"description\":\"\",\"publisher\":{\"@id\":\"https:\/\/ses-creative.com\/#organization\"},\"potentialAction\":[{\"@type\":\"SearchAction\",\"target\":{\"@type\":\"EntryPoint\",\"urlTemplate\":\"https:\/\/ses-creative.com\/?s={search_term_string}\"},\"query-input\":{\"@type\":\"PropertyValueSpecification\",\"valueRequired\":true,\"valueName\":\"search_term_string\"}}],\"inLanguage\":\"de\"},{\"@type\":\"Organization\",\"@id\":\"https:\/\/ses-creative.com\/#organization\",\"name\":\"SES Creative\",\"url\":\"https:\/\/ses-creative.com\/\",\"logo\":{\"@type\":\"ImageObject\",\"inLanguage\":\"de\",\"@id\":\"https:\/\/ses-creative.com\/#\/schema\/logo\/image\/\",\"url\":\"https:\/\/ses-creative.com\/wp-content\/uploads\/2025\/10\/ses-creative-logo.jpg\",\"contentUrl\":\"https:\/\/ses-creative.com\/wp-content\/uploads\/2025\/10\/ses-creative-logo.jpg\",\"width\":2037,\"height\":2037,\"caption\":\"SES Creative\"},\"image\":{\"@id\":\"https:\/\/ses-creative.com\/#\/schema\/logo\/image\/\"}}]}<\/script>\n<!-- \/ Yoast SEO plugin. -->","yoast_head_json":{"title":"Bluey - Fingerabdruck Kunstwerk - SES Creative","robots":{"index":"index","follow":"follow","max-snippet":"max-snippet:-1","max-image-preview":"max-image-preview:large","max-video-preview":"max-video-preview:-1"},"canonical":"https:\/\/ses-creative.com\/de\/produkt\/bluey-fingerabdruck-kunstwerk\/","og_locale":"de_DE","og_type":"article","og_title":"Bluey - Fingerabdruck Kunstwerk - SES Creative","og_description":"Entdecke kreativen Spa\u00df mit dem SES Creative Bluey Fingerprint Paint Artwork Set! Verziere 10 fr\u00f6hliche Malvorlagen von Bluey und Bingo mit sicherer, glutenfreier und abwaschbarer Fingerfarbe in 3 Farben. Das Set ist f\u00fcr Kinder ab 2 Jahren geeignet und f\u00f6rdert die spielerische Entwicklung von Kreativit\u00e4t und Feinmotorik. Ideal zum gemeinsamen Basteln oder zum Selbstentdecken. Mit [&hellip;]","og_url":"https:\/\/ses-creative.com\/de\/produkt\/bluey-fingerabdruck-kunstwerk\/","og_site_name":"SES Creative","article_modified_time":"2026-02-06T09:51:35+00:00","twitter_card":"summary_large_image","schema":{"@context":"https:\/\/schema.org","@graph":[{"@type":"WebPage","@id":"https:\/\/ses-creative.com\/de\/produkt\/bluey-fingerabdruck-kunstwerk\/","url":"https:\/\/ses-creative.com\/de\/produkt\/bluey-fingerabdruck-kunstwerk\/","name":"Bluey - Fingerabdruck Kunstwerk - SES Creative","isPartOf":{"@id":"https:\/\/ses-creative.com\/#website"},"primaryImageOfPage":{"@id":"https:\/\/ses-creative.com\/de\/produkt\/bluey-fingerabdruck-kunstwerk\/#primaryimage"},"image":{"@id":"https:\/\/ses-creative.com\/de\/produkt\/bluey-fingerabdruck-kunstwerk\/#primaryimage"},"thumbnailUrl":"https:\/\/ses-creative.com\/wp-content\/uploads\/2026\/01\/140911.jpg","datePublished":"2026-02-05T13:52:38+00:00","dateModified":"2026-02-06T09:51:35+00:00","breadcrumb":{"@id":"https:\/\/ses-creative.com\/de\/produkt\/bluey-fingerabdruck-kunstwerk\/#breadcrumb"},"inLanguage":"de","potentialAction":[{"@type":"ReadAction","target":["https:\/\/ses-creative.com\/de\/produkt\/bluey-fingerabdruck-kunstwerk\/"]}]},{"@type":"ImageObject","inLanguage":"de","@id":"https:\/\/ses-creative.com\/de\/produkt\/bluey-fingerabdruck-kunstwerk\/#primaryimage","url":"https:\/\/ses-creative.com\/wp-content\/uploads\/2026\/01\/140911.jpg","contentUrl":"https:\/\/ses-creative.com\/wp-content\/uploads\/2026\/01\/140911.jpg","width":1000,"height":1000},{"@type":"BreadcrumbList","@id":"https:\/\/ses-creative.com\/de\/produkt\/bluey-fingerabdruck-kunstwerk\/#breadcrumb","itemListElement":[{"@type":"ListItem","position":1,"name":"Shop","item":"https:\/\/ses-creative.com\/de\/shop\/"},{"@type":"ListItem","position":2,"name":"Baby &amp; Kleinkind","item":"https:\/\/ses-creative.com\/de\/product-categorie\/baby-kleinkind\/"},{"@type":"ListItem","position":3,"name":"Bluey &#8211; Fingerabdruck Kunstwerk"}]},{"@type":"WebSite","@id":"https:\/\/ses-creative.com\/#website","url":"https:\/\/ses-creative.com\/","name":"SES Creative","description":"","publisher":{"@id":"https:\/\/ses-creative.com\/#organization"},"potentialAction":[{"@type":"SearchAction","target":{"@type":"EntryPoint","urlTemplate":"https:\/\/ses-creative.com\/?s={search_term_string}"},"query-input":{"@type":"PropertyValueSpecification","valueRequired":true,"valueName":"search_term_string"}}],"inLanguage":"de"},{"@type":"Organization","@id":"https:\/\/ses-creative.com\/#organization","name":"SES Creative","url":"https:\/\/ses-creative.com\/","logo":{"@type":"ImageObject","inLanguage":"de","@id":"https:\/\/ses-creative.com\/#\/schema\/logo\/image\/","url":"https:\/\/ses-creative.com\/wp-content\/uploads\/2025\/10\/ses-creative-logo.jpg","contentUrl":"https:\/\/ses-creative.com\/wp-content\/uploads\/2025\/10\/ses-creative-logo.jpg","width":2037,"height":2037,"caption":"SES Creative"},"image":{"@id":"https:\/\/ses-creative.com\/#\/schema\/logo\/image\/"}}]}},"_links":{"self":[{"href":"https:\/\/ses-creative.com\/de\/wp-json\/wp\/v2\/product\/114661","targetHints":{"allow":["GET"]}}],"collection":[{"href":"https:\/\/ses-creative.com\/de\/wp-json\/wp\/v2\/product"}],"about":[{"href":"https:\/\/ses-creative.com\/de\/wp-json\/wp\/v2\/types\/product"}],"replies":[{"embeddable":true,"href":"https:\/\/ses-creative.com\/de\/wp-json\/wp\/v2\/comments?post=114661"}],"wp:featuredmedia":[{"embeddable":true,"href":"https:\/\/ses-creative.com\/de\/wp-json\/wp\/v2\/media\/101936"}],"wp:attachment":[{"href":"https:\/\/ses-creative.com\/de\/wp-json\/wp\/v2\/media?parent=114661"}],"wp:term":[{"taxonomy":"product_brand","embeddable":true,"href":"https:\/\/ses-creative.com\/de\/wp-json\/wp\/v2\/product_brand?post=114661"},{"taxonomy":"product_cat","embeddable":true,"href":"https:\/\/ses-creative.com\/de\/wp-json\/wp\/v2\/product_cat?post=114661"},{"taxonomy":"product_tag","embeddable":true,"href":"https:\/\/ses-creative.com\/de\/wp-json\/wp\/v2\/product_tag?post=114661"}],"curies":[{"name":"wp","href":"https:\/\/api.w.org\/{rel}","templated":true}]}}