











{"id":114659,"date":"2026-02-05T13:52:38","date_gmt":"2026-02-05T13:52:38","guid":{"rendered":"https:\/\/ses-creative.com\/?post_type=product&#038;p=114659"},"modified":"2026-02-06T09:51:35","modified_gmt":"2026-02-06T09:51:35","slug":"paw-patrol-ich-lerne-farben-und-formen","status":"publish","type":"product","link":"https:\/\/ses-creative.com\/de\/produkt\/paw-patrol-ich-lerne-farben-und-formen\/","title":{"rendered":"Paw Patrol &#8211; Ich lerne Farben und Formen"},"content":{"rendered":"<p>Paw Patrol \u2013 Ich lerne Farben und Formen: Spielerisch lernen und basteln mit deinen Helden!<\/p>\n<p>Mit dem Paw Patrol \u2013 Ich lerne Farben und Formen Set von SES Creative wird Lernen zum Vergn\u00fcgen. Kinder erkennen Formen, Farben und Muster, w\u00e4hrend sie fr\u00f6hliche Bastelvorlagen ihrer Lieblingshelden von Paw Patrol verzieren. Die Schaumstoffformen sind selbstklebend, sodass kein Kleber erforderlich ist. Einfach aufkleben, entdecken und stolz auf das Ergebnis sein.<\/p>\n<p>Was dieses Set so toll macht<\/p>\n<p>Basteln mit den bekannten Paw Patrol-Figuren wie Chase, Marshall, Rubble und Skye<\/p>\n<p>Gro\u00dfe illustrierte Karten mit klaren Anweisungen, wo die Formen aufgeklebt werden k\u00f6nnen<\/p>\n<p>Spielerisches Erkennen und Zuordnen von Farben und Formen<\/p>\n<p>F\u00f6rdert die Feinmotorik und die Hand-Augen-Koordination<\/p>\n<p>Selbstklebende Schaumstoffformen, also kein Kleckern mit Klebstoff<\/p>\n<p>Lernen durch Basteln<\/p>\n<p>Das Paw Patrol \u2013 Ich lerne Farben und Formen-Set hilft kleinen Kindern, spielerisch neue F\u00e4higkeiten zu entdecken. Durch Kleben, Vergleichen und Kombinieren trainieren sie ihre Konzentration und lernen logisches Denken. Das Ergebnis ist nicht nur lehrreich, sondern auch ein farbenfrohes Kunstwerk, auf das sie stolz sein k\u00f6nnen.<\/p>\n<p>Inhalt des Sets<\/p>\n<p>Selbstklebende Schaumstoffformen rot<\/p>\n<p>Selbstklebende Schaumstoffformen gelb<\/p>\n<p>Selbstklebende Schaumstoffformen blau<\/p>\n<p>Selbstklebende Schaumstoffformen rosa<\/p>\n<p>4 Paw Patrol-Mosaikkarten<\/p>\n<p>Warum SES Creative w\u00e4hlen?<\/p>\n<p>Bei SES Creative legen wir gro\u00dfen Wert auf Sicherheit und Qualit\u00e4t. Alle unsere Produkte werden in unserer eigenen Fabrik in den Niederlanden sorgf\u00e4ltig entwickelt und getestet und entsprechen den strengsten europ\u00e4ischen Sicherheitsnormen. SES Creative steht f\u00fcr Kreativit\u00e4t, Spa\u00df und Entwicklung, damit Kinder stolz auf das sein k\u00f6nnen, was sie herstellen.<\/p>\n<p>Lernen, kleben und spielen mit Paw Patrol<\/p>\n<p>Entdecken Sie, wie viel Spa\u00df Lernen mit dem Paw Patrol \u2013 Ich lerne Farben und Formen-Set von SES Creative machen kann. Eine perfekte Kombination aus Spielen, Basteln und Lernen: mit den s\u00fc\u00dfesten Welpen der Welt!<\/p>\n","protected":false},"excerpt":{"rendered":"<p>Paw Patrol \u2013 Ich lerne Farben und Formen: Spielerisch lernen und basteln mit deinen Helden! Mit dem Paw Patrol \u2013 Ich lerne Farben und Formen Set von SES Creative wird Lernen zum Vergn\u00fcgen. Kinder erkennen Formen, Farben und Muster, w\u00e4hrend sie fr\u00f6hliche Bastelvorlagen ihrer Lieblingshelden von Paw Patrol verzieren. Die Schaumstoffformen sind selbstklebend, sodass kein [&hellip;]<\/p>\n","protected":false},"featured_media":107444,"comment_status":"closed","ping_status":"closed","template":"","meta":{"_acf_changed":false},"product_brand":[],"product_cat":[115],"product_tag":[],"class_list":{"0":"post-114659","1":"product","2":"type-product","3":"status-publish","4":"has-post-thumbnail","6":"product_cat-basteln","7":"pa_collecties-paw-patrol","8":"pa_leeftijd-filter-3-4-jahre","9":"pa_meest-populair-bij-jungen-maedchen","11":"first","12":"instock","13":"shipping-taxable","14":"product-type-simple"},"acf":[],"yoast_head":"<!-- This site is optimized with the Yoast SEO plugin v27.2 - https:\/\/yoast.com\/product\/yoast-seo-wordpress\/ -->\n<title>Paw Patrol - Ich lerne Farben und Formen - SES Creative<\/title>\n<meta name=\"robots\" content=\"index, follow, max-snippet:-1, max-image-preview:large, max-video-preview:-1\" \/>\n<link rel=\"canonical\" href=\"https:\/\/ses-creative.com\/de\/produkt\/paw-patrol-ich-lerne-farben-und-formen\/\" \/>\n<meta property=\"og:locale\" content=\"de_DE\" \/>\n<meta property=\"og:type\" content=\"article\" \/>\n<meta property=\"og:title\" content=\"Paw Patrol - Ich lerne Farben und Formen - SES Creative\" \/>\n<meta property=\"og:description\" content=\"Paw Patrol \u2013 Ich lerne Farben und Formen: Spielerisch lernen und basteln mit deinen Helden! Mit dem Paw Patrol \u2013 Ich lerne Farben und Formen Set von SES Creative wird Lernen zum Vergn\u00fcgen. Kinder erkennen Formen, Farben und Muster, w\u00e4hrend sie fr\u00f6hliche Bastelvorlagen ihrer Lieblingshelden von Paw Patrol verzieren. Die Schaumstoffformen sind selbstklebend, sodass kein [&hellip;]\" \/>\n<meta property=\"og:url\" content=\"https:\/\/ses-creative.com\/de\/produkt\/paw-patrol-ich-lerne-farben-und-formen\/\" \/>\n<meta property=\"og:site_name\" content=\"SES Creative\" \/>\n<meta property=\"article:modified_time\" content=\"2026-02-06T09:51:35+00:00\" \/>\n<meta name=\"twitter:card\" content=\"summary_large_image\" \/>\n<meta name=\"twitter:label1\" content=\"Gesch\u00e4tzte Lesezeit\" \/>\n\t<meta name=\"twitter:data1\" content=\"1\u00a0Minute\" \/>\n<script type=\"application\/ld+json\" class=\"yoast-schema-graph\">{\"@context\":\"https:\/\/schema.org\",\"@graph\":[{\"@type\":\"WebPage\",\"@id\":\"https:\/\/ses-creative.com\/de\/produkt\/paw-patrol-ich-lerne-farben-und-formen\/\",\"url\":\"https:\/\/ses-creative.com\/de\/produkt\/paw-patrol-ich-lerne-farben-und-formen\/\",\"name\":\"Paw Patrol - Ich lerne Farben und Formen - SES Creative\",\"isPartOf\":{\"@id\":\"https:\/\/ses-creative.com\/#website\"},\"primaryImageOfPage\":{\"@id\":\"https:\/\/ses-creative.com\/de\/produkt\/paw-patrol-ich-lerne-farben-und-formen\/#primaryimage\"},\"image\":{\"@id\":\"https:\/\/ses-creative.com\/de\/produkt\/paw-patrol-ich-lerne-farben-und-formen\/#primaryimage\"},\"thumbnailUrl\":\"https:\/\/ses-creative.com\/wp-content\/uploads\/2026\/01\/140841-1.jpg\",\"datePublished\":\"2026-02-05T13:52:38+00:00\",\"dateModified\":\"2026-02-06T09:51:35+00:00\",\"breadcrumb\":{\"@id\":\"https:\/\/ses-creative.com\/de\/produkt\/paw-patrol-ich-lerne-farben-und-formen\/#breadcrumb\"},\"inLanguage\":\"de\",\"potentialAction\":[{\"@type\":\"ReadAction\",\"target\":[\"https:\/\/ses-creative.com\/de\/produkt\/paw-patrol-ich-lerne-farben-und-formen\/\"]}]},{\"@type\":\"ImageObject\",\"inLanguage\":\"de\",\"@id\":\"https:\/\/ses-creative.com\/de\/produkt\/paw-patrol-ich-lerne-farben-und-formen\/#primaryimage\",\"url\":\"https:\/\/ses-creative.com\/wp-content\/uploads\/2026\/01\/140841-1.jpg\",\"contentUrl\":\"https:\/\/ses-creative.com\/wp-content\/uploads\/2026\/01\/140841-1.jpg\",\"width\":1000,\"height\":1000},{\"@type\":\"BreadcrumbList\",\"@id\":\"https:\/\/ses-creative.com\/de\/produkt\/paw-patrol-ich-lerne-farben-und-formen\/#breadcrumb\",\"itemListElement\":[{\"@type\":\"ListItem\",\"position\":1,\"name\":\"Shop\",\"item\":\"https:\/\/ses-creative.com\/de\/shop\/\"},{\"@type\":\"ListItem\",\"position\":2,\"name\":\"Basteln\",\"item\":\"https:\/\/ses-creative.com\/de\/product-categorie\/basteln\/\"},{\"@type\":\"ListItem\",\"position\":3,\"name\":\"Paw Patrol &#8211; Ich lerne Farben und Formen\"}]},{\"@type\":\"WebSite\",\"@id\":\"https:\/\/ses-creative.com\/#website\",\"url\":\"https:\/\/ses-creative.com\/\",\"name\":\"SES Creative\",\"description\":\"\",\"publisher\":{\"@id\":\"https:\/\/ses-creative.com\/#organization\"},\"potentialAction\":[{\"@type\":\"SearchAction\",\"target\":{\"@type\":\"EntryPoint\",\"urlTemplate\":\"https:\/\/ses-creative.com\/?s={search_term_string}\"},\"query-input\":{\"@type\":\"PropertyValueSpecification\",\"valueRequired\":true,\"valueName\":\"search_term_string\"}}],\"inLanguage\":\"de\"},{\"@type\":\"Organization\",\"@id\":\"https:\/\/ses-creative.com\/#organization\",\"name\":\"SES Creative\",\"url\":\"https:\/\/ses-creative.com\/\",\"logo\":{\"@type\":\"ImageObject\",\"inLanguage\":\"de\",\"@id\":\"https:\/\/ses-creative.com\/#\/schema\/logo\/image\/\",\"url\":\"https:\/\/ses-creative.com\/wp-content\/uploads\/2025\/10\/ses-creative-logo.jpg\",\"contentUrl\":\"https:\/\/ses-creative.com\/wp-content\/uploads\/2025\/10\/ses-creative-logo.jpg\",\"width\":2037,\"height\":2037,\"caption\":\"SES Creative\"},\"image\":{\"@id\":\"https:\/\/ses-creative.com\/#\/schema\/logo\/image\/\"}}]}<\/script>\n<!-- \/ Yoast SEO plugin. -->","yoast_head_json":{"title":"Paw Patrol - Ich lerne Farben und Formen - SES Creative","robots":{"index":"index","follow":"follow","max-snippet":"max-snippet:-1","max-image-preview":"max-image-preview:large","max-video-preview":"max-video-preview:-1"},"canonical":"https:\/\/ses-creative.com\/de\/produkt\/paw-patrol-ich-lerne-farben-und-formen\/","og_locale":"de_DE","og_type":"article","og_title":"Paw Patrol - Ich lerne Farben und Formen - SES Creative","og_description":"Paw Patrol \u2013 Ich lerne Farben und Formen: Spielerisch lernen und basteln mit deinen Helden! Mit dem Paw Patrol \u2013 Ich lerne Farben und Formen Set von SES Creative wird Lernen zum Vergn\u00fcgen. Kinder erkennen Formen, Farben und Muster, w\u00e4hrend sie fr\u00f6hliche Bastelvorlagen ihrer Lieblingshelden von Paw Patrol verzieren. Die Schaumstoffformen sind selbstklebend, sodass kein [&hellip;]","og_url":"https:\/\/ses-creative.com\/de\/produkt\/paw-patrol-ich-lerne-farben-und-formen\/","og_site_name":"SES Creative","article_modified_time":"2026-02-06T09:51:35+00:00","twitter_card":"summary_large_image","twitter_misc":{"Gesch\u00e4tzte Lesezeit":"1\u00a0Minute"},"schema":{"@context":"https:\/\/schema.org","@graph":[{"@type":"WebPage","@id":"https:\/\/ses-creative.com\/de\/produkt\/paw-patrol-ich-lerne-farben-und-formen\/","url":"https:\/\/ses-creative.com\/de\/produkt\/paw-patrol-ich-lerne-farben-und-formen\/","name":"Paw Patrol - Ich lerne Farben und Formen - SES Creative","isPartOf":{"@id":"https:\/\/ses-creative.com\/#website"},"primaryImageOfPage":{"@id":"https:\/\/ses-creative.com\/de\/produkt\/paw-patrol-ich-lerne-farben-und-formen\/#primaryimage"},"image":{"@id":"https:\/\/ses-creative.com\/de\/produkt\/paw-patrol-ich-lerne-farben-und-formen\/#primaryimage"},"thumbnailUrl":"https:\/\/ses-creative.com\/wp-content\/uploads\/2026\/01\/140841-1.jpg","datePublished":"2026-02-05T13:52:38+00:00","dateModified":"2026-02-06T09:51:35+00:00","breadcrumb":{"@id":"https:\/\/ses-creative.com\/de\/produkt\/paw-patrol-ich-lerne-farben-und-formen\/#breadcrumb"},"inLanguage":"de","potentialAction":[{"@type":"ReadAction","target":["https:\/\/ses-creative.com\/de\/produkt\/paw-patrol-ich-lerne-farben-und-formen\/"]}]},{"@type":"ImageObject","inLanguage":"de","@id":"https:\/\/ses-creative.com\/de\/produkt\/paw-patrol-ich-lerne-farben-und-formen\/#primaryimage","url":"https:\/\/ses-creative.com\/wp-content\/uploads\/2026\/01\/140841-1.jpg","contentUrl":"https:\/\/ses-creative.com\/wp-content\/uploads\/2026\/01\/140841-1.jpg","width":1000,"height":1000},{"@type":"BreadcrumbList","@id":"https:\/\/ses-creative.com\/de\/produkt\/paw-patrol-ich-lerne-farben-und-formen\/#breadcrumb","itemListElement":[{"@type":"ListItem","position":1,"name":"Shop","item":"https:\/\/ses-creative.com\/de\/shop\/"},{"@type":"ListItem","position":2,"name":"Basteln","item":"https:\/\/ses-creative.com\/de\/product-categorie\/basteln\/"},{"@type":"ListItem","position":3,"name":"Paw Patrol &#8211; Ich lerne Farben und Formen"}]},{"@type":"WebSite","@id":"https:\/\/ses-creative.com\/#website","url":"https:\/\/ses-creative.com\/","name":"SES Creative","description":"","publisher":{"@id":"https:\/\/ses-creative.com\/#organization"},"potentialAction":[{"@type":"SearchAction","target":{"@type":"EntryPoint","urlTemplate":"https:\/\/ses-creative.com\/?s={search_term_string}"},"query-input":{"@type":"PropertyValueSpecification","valueRequired":true,"valueName":"search_term_string"}}],"inLanguage":"de"},{"@type":"Organization","@id":"https:\/\/ses-creative.com\/#organization","name":"SES Creative","url":"https:\/\/ses-creative.com\/","logo":{"@type":"ImageObject","inLanguage":"de","@id":"https:\/\/ses-creative.com\/#\/schema\/logo\/image\/","url":"https:\/\/ses-creative.com\/wp-content\/uploads\/2025\/10\/ses-creative-logo.jpg","contentUrl":"https:\/\/ses-creative.com\/wp-content\/uploads\/2025\/10\/ses-creative-logo.jpg","width":2037,"height":2037,"caption":"SES Creative"},"image":{"@id":"https:\/\/ses-creative.com\/#\/schema\/logo\/image\/"}}]}},"_links":{"self":[{"href":"https:\/\/ses-creative.com\/de\/wp-json\/wp\/v2\/product\/114659","targetHints":{"allow":["GET"]}}],"collection":[{"href":"https:\/\/ses-creative.com\/de\/wp-json\/wp\/v2\/product"}],"about":[{"href":"https:\/\/ses-creative.com\/de\/wp-json\/wp\/v2\/types\/product"}],"replies":[{"embeddable":true,"href":"https:\/\/ses-creative.com\/de\/wp-json\/wp\/v2\/comments?post=114659"}],"wp:featuredmedia":[{"embeddable":true,"href":"https:\/\/ses-creative.com\/de\/wp-json\/wp\/v2\/media\/107444"}],"wp:attachment":[{"href":"https:\/\/ses-creative.com\/de\/wp-json\/wp\/v2\/media?parent=114659"}],"wp:term":[{"taxonomy":"product_brand","embeddable":true,"href":"https:\/\/ses-creative.com\/de\/wp-json\/wp\/v2\/product_brand?post=114659"},{"taxonomy":"product_cat","embeddable":true,"href":"https:\/\/ses-creative.com\/de\/wp-json\/wp\/v2\/product_cat?post=114659"},{"taxonomy":"product_tag","embeddable":true,"href":"https:\/\/ses-creative.com\/de\/wp-json\/wp\/v2\/product_tag?post=114659"}],"curies":[{"name":"wp","href":"https:\/\/api.w.org\/{rel}","templated":true}]}}