











{"id":114656,"date":"2026-02-05T13:52:37","date_gmt":"2026-02-05T13:52:37","guid":{"rendered":"https:\/\/ses-creative.com\/?post_type=product&#038;p=114656"},"modified":"2026-02-06T09:51:35","modified_gmt":"2026-02-06T09:51:35","slug":"paw-patrol-malen-mit-wasser","status":"publish","type":"product","link":"https:\/\/ses-creative.com\/de\/produkt\/paw-patrol-malen-mit-wasser\/","title":{"rendered":"Paw Patrol &#8211; Malen mit Wasser"},"content":{"rendered":"<p>Paw Patrol \u2013 Malen mit Wasser: Magischer Spa\u00df ohne Kleckern!<\/p>\n<p>Mit dem Paw Patrol \u2013 Malen mit Wasser-Set von SES Creative entdecken selbst die Kleinsten, wie viel Spa\u00df Malen machen kann! Verwenden Sie den sicheren Pinsel und ein wenig Wasser, um die Karten zum Leben zu erwecken. Sobald das Wasser das Papier ber\u00fchrt, erscheinen die fr\u00f6hlichen Paw Patrol-Bilder in leuchtenden Farben. Wenn die Karten wieder trocknen, verschwinden die Farben und der Spa\u00df kann von vorne beginnen!<\/p>\n<p>Was dieses Set so toll macht<\/p>\n<p>Magisches Malen ohne Farbe, die Bilder erscheinen nur mit Wasser<\/p>\n<p>Kreatives Gestalten mit den beliebten Figuren von Paw Patrol<\/p>\n<p>Wiederverwendbare Karten: trocknen wieder wei\u00df und k\u00f6nnen immer wieder verwendet werden<\/p>\n<p>Geeignet f\u00fcr sehr kleine Kinder ab 1 Jahr<\/p>\n<p>Keine Verschmutzungen, Malen nur mit Wasser<\/p>\n<p>Magischer Farbspass f\u00fcr kleine K\u00fcnstler<\/p>\n<p>Das Paw Patrol \u2013 Malen mit Wasser-Set ist ideal f\u00fcr kleine Kinder, die gerne kreativ sind. Es ist sicher, einfach und sorgt jedes Mal f\u00fcr Staunen. Perfekt, um spielerisch die Feinmotorik zu f\u00f6rdern und Spa\u00df mit ihren Lieblingshelden von Paw Patrol zu haben.<\/p>\n<p>Inhalt des Sets<\/p>\n<p>Sicherer Pinsel<\/p>\n<p>4 Druckkarten mit Paw Patrol-Motiven<\/p>\n<p>Warum SES Creative w\u00e4hlen?<\/p>\n<p>Bei SES Creative legen wir gro\u00dfen Wert auf Sicherheit und Qualit\u00e4t. Alle unsere Produkte werden in unserer eigenen Fabrik in den Niederlanden sorgf\u00e4ltig entwickelt und getestet und entsprechen den strengsten europ\u00e4ischen Sicherheitsnormen. SES Creative steht f\u00fcr Kreativit\u00e4t, Spa\u00df und Entwicklung, damit Kinder stolz auf das sein k\u00f6nnen, was sie herstellen.<\/p>\n<p>Entdecken Sie den magischen Spa\u00df am Ausmalen!<\/p>\n<p>Malen Sie immer wieder mit Wasser und erleben Sie endlose kreative Abenteuer mit dem Paw Patrol \u2013 Malen mit Wasser-Set von SES Creative!<\/p>\n","protected":false},"excerpt":{"rendered":"<p>Paw Patrol \u2013 Malen mit Wasser: Magischer Spa\u00df ohne Kleckern! Mit dem Paw Patrol \u2013 Malen mit Wasser-Set von SES Creative entdecken selbst die Kleinsten, wie viel Spa\u00df Malen machen kann! Verwenden Sie den sicheren Pinsel und ein wenig Wasser, um die Karten zum Leben zu erwecken. Sobald das Wasser das Papier ber\u00fchrt, erscheinen die [&hellip;]<\/p>\n","protected":false},"featured_media":107429,"comment_status":"closed","ping_status":"closed","template":"","meta":{"_acf_changed":false},"product_brand":[],"product_cat":[116],"product_tag":[],"class_list":{"0":"post-114656","1":"product","2":"type-product","3":"status-publish","4":"has-post-thumbnail","6":"product_cat-baby-kleinkind","7":"pa_collecties-paw-patrol","8":"pa_leeftijd-filter-0-2-jahre","9":"pa_meest-populair-bij-jungen-maedchen","11":"first","12":"instock","13":"shipping-taxable","14":"product-type-simple"},"acf":[],"yoast_head":"<!-- This site is optimized with the Yoast SEO plugin v27.2 - https:\/\/yoast.com\/product\/yoast-seo-wordpress\/ -->\n<title>Paw Patrol - Malen mit Wasser - SES Creative<\/title>\n<meta name=\"robots\" content=\"index, follow, max-snippet:-1, max-image-preview:large, max-video-preview:-1\" \/>\n<link rel=\"canonical\" href=\"https:\/\/ses-creative.com\/de\/produkt\/paw-patrol-malen-mit-wasser\/\" \/>\n<meta property=\"og:locale\" content=\"de_DE\" \/>\n<meta property=\"og:type\" content=\"article\" \/>\n<meta property=\"og:title\" content=\"Paw Patrol - Malen mit Wasser - SES Creative\" \/>\n<meta property=\"og:description\" content=\"Paw Patrol \u2013 Malen mit Wasser: Magischer Spa\u00df ohne Kleckern! Mit dem Paw Patrol \u2013 Malen mit Wasser-Set von SES Creative entdecken selbst die Kleinsten, wie viel Spa\u00df Malen machen kann! Verwenden Sie den sicheren Pinsel und ein wenig Wasser, um die Karten zum Leben zu erwecken. Sobald das Wasser das Papier ber\u00fchrt, erscheinen die [&hellip;]\" \/>\n<meta property=\"og:url\" content=\"https:\/\/ses-creative.com\/de\/produkt\/paw-patrol-malen-mit-wasser\/\" \/>\n<meta property=\"og:site_name\" content=\"SES Creative\" \/>\n<meta property=\"article:modified_time\" content=\"2026-02-06T09:51:35+00:00\" \/>\n<meta name=\"twitter:card\" content=\"summary_large_image\" \/>\n<meta name=\"twitter:label1\" content=\"Gesch\u00e4tzte Lesezeit\" \/>\n\t<meta name=\"twitter:data1\" content=\"1\u00a0Minute\" \/>\n<script type=\"application\/ld+json\" class=\"yoast-schema-graph\">{\"@context\":\"https:\/\/schema.org\",\"@graph\":[{\"@type\":\"WebPage\",\"@id\":\"https:\/\/ses-creative.com\/de\/produkt\/paw-patrol-malen-mit-wasser\/\",\"url\":\"https:\/\/ses-creative.com\/de\/produkt\/paw-patrol-malen-mit-wasser\/\",\"name\":\"Paw Patrol - Malen mit Wasser - SES Creative\",\"isPartOf\":{\"@id\":\"https:\/\/ses-creative.com\/#website\"},\"primaryImageOfPage\":{\"@id\":\"https:\/\/ses-creative.com\/de\/produkt\/paw-patrol-malen-mit-wasser\/#primaryimage\"},\"image\":{\"@id\":\"https:\/\/ses-creative.com\/de\/produkt\/paw-patrol-malen-mit-wasser\/#primaryimage\"},\"thumbnailUrl\":\"https:\/\/ses-creative.com\/wp-content\/uploads\/2026\/01\/140811-1.jpg\",\"datePublished\":\"2026-02-05T13:52:37+00:00\",\"dateModified\":\"2026-02-06T09:51:35+00:00\",\"breadcrumb\":{\"@id\":\"https:\/\/ses-creative.com\/de\/produkt\/paw-patrol-malen-mit-wasser\/#breadcrumb\"},\"inLanguage\":\"de\",\"potentialAction\":[{\"@type\":\"ReadAction\",\"target\":[\"https:\/\/ses-creative.com\/de\/produkt\/paw-patrol-malen-mit-wasser\/\"]}]},{\"@type\":\"ImageObject\",\"inLanguage\":\"de\",\"@id\":\"https:\/\/ses-creative.com\/de\/produkt\/paw-patrol-malen-mit-wasser\/#primaryimage\",\"url\":\"https:\/\/ses-creative.com\/wp-content\/uploads\/2026\/01\/140811-1.jpg\",\"contentUrl\":\"https:\/\/ses-creative.com\/wp-content\/uploads\/2026\/01\/140811-1.jpg\",\"width\":1000,\"height\":1000},{\"@type\":\"BreadcrumbList\",\"@id\":\"https:\/\/ses-creative.com\/de\/produkt\/paw-patrol-malen-mit-wasser\/#breadcrumb\",\"itemListElement\":[{\"@type\":\"ListItem\",\"position\":1,\"name\":\"Shop\",\"item\":\"https:\/\/ses-creative.com\/de\/shop\/\"},{\"@type\":\"ListItem\",\"position\":2,\"name\":\"Baby &amp; Kleinkind\",\"item\":\"https:\/\/ses-creative.com\/de\/product-categorie\/baby-kleinkind\/\"},{\"@type\":\"ListItem\",\"position\":3,\"name\":\"Paw Patrol &#8211; Malen mit Wasser\"}]},{\"@type\":\"WebSite\",\"@id\":\"https:\/\/ses-creative.com\/#website\",\"url\":\"https:\/\/ses-creative.com\/\",\"name\":\"SES Creative\",\"description\":\"\",\"publisher\":{\"@id\":\"https:\/\/ses-creative.com\/#organization\"},\"potentialAction\":[{\"@type\":\"SearchAction\",\"target\":{\"@type\":\"EntryPoint\",\"urlTemplate\":\"https:\/\/ses-creative.com\/?s={search_term_string}\"},\"query-input\":{\"@type\":\"PropertyValueSpecification\",\"valueRequired\":true,\"valueName\":\"search_term_string\"}}],\"inLanguage\":\"de\"},{\"@type\":\"Organization\",\"@id\":\"https:\/\/ses-creative.com\/#organization\",\"name\":\"SES Creative\",\"url\":\"https:\/\/ses-creative.com\/\",\"logo\":{\"@type\":\"ImageObject\",\"inLanguage\":\"de\",\"@id\":\"https:\/\/ses-creative.com\/#\/schema\/logo\/image\/\",\"url\":\"https:\/\/ses-creative.com\/wp-content\/uploads\/2025\/10\/ses-creative-logo.jpg\",\"contentUrl\":\"https:\/\/ses-creative.com\/wp-content\/uploads\/2025\/10\/ses-creative-logo.jpg\",\"width\":2037,\"height\":2037,\"caption\":\"SES Creative\"},\"image\":{\"@id\":\"https:\/\/ses-creative.com\/#\/schema\/logo\/image\/\"}}]}<\/script>\n<!-- \/ Yoast SEO plugin. -->","yoast_head_json":{"title":"Paw Patrol - Malen mit Wasser - SES Creative","robots":{"index":"index","follow":"follow","max-snippet":"max-snippet:-1","max-image-preview":"max-image-preview:large","max-video-preview":"max-video-preview:-1"},"canonical":"https:\/\/ses-creative.com\/de\/produkt\/paw-patrol-malen-mit-wasser\/","og_locale":"de_DE","og_type":"article","og_title":"Paw Patrol - Malen mit Wasser - SES Creative","og_description":"Paw Patrol \u2013 Malen mit Wasser: Magischer Spa\u00df ohne Kleckern! Mit dem Paw Patrol \u2013 Malen mit Wasser-Set von SES Creative entdecken selbst die Kleinsten, wie viel Spa\u00df Malen machen kann! Verwenden Sie den sicheren Pinsel und ein wenig Wasser, um die Karten zum Leben zu erwecken. Sobald das Wasser das Papier ber\u00fchrt, erscheinen die [&hellip;]","og_url":"https:\/\/ses-creative.com\/de\/produkt\/paw-patrol-malen-mit-wasser\/","og_site_name":"SES Creative","article_modified_time":"2026-02-06T09:51:35+00:00","twitter_card":"summary_large_image","twitter_misc":{"Gesch\u00e4tzte Lesezeit":"1\u00a0Minute"},"schema":{"@context":"https:\/\/schema.org","@graph":[{"@type":"WebPage","@id":"https:\/\/ses-creative.com\/de\/produkt\/paw-patrol-malen-mit-wasser\/","url":"https:\/\/ses-creative.com\/de\/produkt\/paw-patrol-malen-mit-wasser\/","name":"Paw Patrol - Malen mit Wasser - SES Creative","isPartOf":{"@id":"https:\/\/ses-creative.com\/#website"},"primaryImageOfPage":{"@id":"https:\/\/ses-creative.com\/de\/produkt\/paw-patrol-malen-mit-wasser\/#primaryimage"},"image":{"@id":"https:\/\/ses-creative.com\/de\/produkt\/paw-patrol-malen-mit-wasser\/#primaryimage"},"thumbnailUrl":"https:\/\/ses-creative.com\/wp-content\/uploads\/2026\/01\/140811-1.jpg","datePublished":"2026-02-05T13:52:37+00:00","dateModified":"2026-02-06T09:51:35+00:00","breadcrumb":{"@id":"https:\/\/ses-creative.com\/de\/produkt\/paw-patrol-malen-mit-wasser\/#breadcrumb"},"inLanguage":"de","potentialAction":[{"@type":"ReadAction","target":["https:\/\/ses-creative.com\/de\/produkt\/paw-patrol-malen-mit-wasser\/"]}]},{"@type":"ImageObject","inLanguage":"de","@id":"https:\/\/ses-creative.com\/de\/produkt\/paw-patrol-malen-mit-wasser\/#primaryimage","url":"https:\/\/ses-creative.com\/wp-content\/uploads\/2026\/01\/140811-1.jpg","contentUrl":"https:\/\/ses-creative.com\/wp-content\/uploads\/2026\/01\/140811-1.jpg","width":1000,"height":1000},{"@type":"BreadcrumbList","@id":"https:\/\/ses-creative.com\/de\/produkt\/paw-patrol-malen-mit-wasser\/#breadcrumb","itemListElement":[{"@type":"ListItem","position":1,"name":"Shop","item":"https:\/\/ses-creative.com\/de\/shop\/"},{"@type":"ListItem","position":2,"name":"Baby &amp; Kleinkind","item":"https:\/\/ses-creative.com\/de\/product-categorie\/baby-kleinkind\/"},{"@type":"ListItem","position":3,"name":"Paw Patrol &#8211; Malen mit Wasser"}]},{"@type":"WebSite","@id":"https:\/\/ses-creative.com\/#website","url":"https:\/\/ses-creative.com\/","name":"SES Creative","description":"","publisher":{"@id":"https:\/\/ses-creative.com\/#organization"},"potentialAction":[{"@type":"SearchAction","target":{"@type":"EntryPoint","urlTemplate":"https:\/\/ses-creative.com\/?s={search_term_string}"},"query-input":{"@type":"PropertyValueSpecification","valueRequired":true,"valueName":"search_term_string"}}],"inLanguage":"de"},{"@type":"Organization","@id":"https:\/\/ses-creative.com\/#organization","name":"SES Creative","url":"https:\/\/ses-creative.com\/","logo":{"@type":"ImageObject","inLanguage":"de","@id":"https:\/\/ses-creative.com\/#\/schema\/logo\/image\/","url":"https:\/\/ses-creative.com\/wp-content\/uploads\/2025\/10\/ses-creative-logo.jpg","contentUrl":"https:\/\/ses-creative.com\/wp-content\/uploads\/2025\/10\/ses-creative-logo.jpg","width":2037,"height":2037,"caption":"SES Creative"},"image":{"@id":"https:\/\/ses-creative.com\/#\/schema\/logo\/image\/"}}]}},"_links":{"self":[{"href":"https:\/\/ses-creative.com\/de\/wp-json\/wp\/v2\/product\/114656","targetHints":{"allow":["GET"]}}],"collection":[{"href":"https:\/\/ses-creative.com\/de\/wp-json\/wp\/v2\/product"}],"about":[{"href":"https:\/\/ses-creative.com\/de\/wp-json\/wp\/v2\/types\/product"}],"replies":[{"embeddable":true,"href":"https:\/\/ses-creative.com\/de\/wp-json\/wp\/v2\/comments?post=114656"}],"wp:featuredmedia":[{"embeddable":true,"href":"https:\/\/ses-creative.com\/de\/wp-json\/wp\/v2\/media\/107429"}],"wp:attachment":[{"href":"https:\/\/ses-creative.com\/de\/wp-json\/wp\/v2\/media?parent=114656"}],"wp:term":[{"taxonomy":"product_brand","embeddable":true,"href":"https:\/\/ses-creative.com\/de\/wp-json\/wp\/v2\/product_brand?post=114656"},{"taxonomy":"product_cat","embeddable":true,"href":"https:\/\/ses-creative.com\/de\/wp-json\/wp\/v2\/product_cat?post=114656"},{"taxonomy":"product_tag","embeddable":true,"href":"https:\/\/ses-creative.com\/de\/wp-json\/wp\/v2\/product_tag?post=114656"}],"curies":[{"name":"wp","href":"https:\/\/api.w.org\/{rel}","templated":true}]}}