











{"id":114655,"date":"2026-02-05T13:52:37","date_gmt":"2026-02-05T13:52:37","guid":{"rendered":"https:\/\/ses-creative.com\/?post_type=product&#038;p=114655"},"modified":"2026-02-06T09:51:35","modified_gmt":"2026-02-06T09:51:35","slug":"brix-junior-kreationen","status":"publish","type":"product","link":"https:\/\/ses-creative.com\/de\/produkt\/brix-junior-kreationen\/","title":{"rendered":"Brix junior &#8211; Kreationen"},"content":{"rendered":"<p>BRIX Junior \u2013 Creations: Bauen, fantasieren und entdecken!<\/p>\n<p>Mit dem BRIX Junior \u2013 Creations-Set von SES Creative lernen Kinder auf spielerische Weise, wie sie selbst Konstruktionen bauen k\u00f6nnen. Mit dem Holzhammer und den Kunststoffstiften und -n\u00e4geln verbinden sie die Holzteile zu fr\u00f6hlichen Figuren und Fahrzeugen. Dank der klaren Anleitung k\u00f6nnen sie Beispiele einfach nachbauen, aber es gibt auch viel Raum zum Experimentieren. Fantasie, Kreativit\u00e4t und Geschicklichkeit vereinen sich in diesem vielseitigen Baukasten.<\/p>\n<p>Was dieses Set so gro\u00dfartig macht<\/p>\n<p>Der Baumeister schafft sch\u00f6ne Kreationen mit verschiedenen Formen und Materialien. <\/p>\n<p>F\u00f6rdert das Selbstvertrauen, da Kinder ihre eigenen L\u00f6sungen entwickeln<br \/>\nModulares Design, das mit dem Kind mitw\u00e4chst, von einfachen Stapelkonstruktionen bis hin zu komplexen Bauwerken<\/p>\n<p>Unendliche M\u00f6glichkeiten, eigene Kreationen zu bauen, von Fantasiefiguren bis hin zu Fahrzeugen<\/p>\n<p>Hergestellt aus nachhaltigem Holz mit p\u00e4dagogischem Wert, perfekt f\u00fcr bewusste Eltern<\/p>\n<p>Bauen mit Fantasie<\/p>\n<p>Das BRIX Junior \u2013 Creations Set l\u00e4sst Kinder erleben, wie viel Spa\u00df es macht, selbst etwas zu bauen. Sie lernen Schritt f\u00fcr Schritt das Zimmern und Bauen, w\u00e4hrend sie ihre Fantasie nutzen, um immer wieder etwas Neues zu erschaffen. Das robuste Holz und die sicheren Kunststoffteile machen dieses Spielzeug langlebig, zuverl\u00e4ssig und sorgen f\u00fcr endlosen Spielspa\u00df.<\/p>\n<p>Inhalt des Sets<\/p>\n<p>46 Holzteile<\/p>\n<p>Holzhammer<\/p>\n<p>Kunststoff-Verbindungsstifte<\/p>\n<p>Anleitung<\/p>\n<p>Warum SES Creative w\u00e4hlen?<\/p>\n<p>Bei SES Creative legen wir gro\u00dfen Wert auf Sicherheit und Qualit\u00e4t. Alle unsere Produkte werden mit Sorgfalt entwickelt und in unserer eigenen Fabrik in den Niederlanden gem\u00e4\u00df den strengsten europ\u00e4ischen Sicherheitsnormen getestet. SES Creative steht f\u00fcr Kreativit\u00e4t, Spa\u00df und Entwicklung, damit Kinder stolz auf das sein k\u00f6nnen, was sie herstellen.<\/p>\n<p>Bauen Sie, was Sie wollen<\/p>\n<p>Mit dem BRIX Junior \u2013 Creations Set von SES Creative bauen Kinder ihre eigene Fantasiewelt. Bauen, entdecken und stolz auf deine Kreationen sein \u2013 alles ist m\u00f6glich!<\/p>\n","protected":false},"excerpt":{"rendered":"<p>BRIX Junior \u2013 Creations: Bauen, fantasieren und entdecken! Mit dem BRIX Junior \u2013 Creations-Set von SES Creative lernen Kinder auf spielerische Weise, wie sie selbst Konstruktionen bauen k\u00f6nnen. Mit dem Holzhammer und den Kunststoffstiften und -n\u00e4geln verbinden sie die Holzteile zu fr\u00f6hlichen Figuren und Fahrzeugen. Dank der klaren Anleitung k\u00f6nnen sie Beispiele einfach nachbauen, aber [&hellip;]<\/p>\n","protected":false},"featured_media":107424,"comment_status":"closed","ping_status":"closed","template":"","meta":{"_acf_changed":false},"product_brand":[],"product_cat":[115],"product_tag":[],"class_list":{"0":"post-114655","1":"product","2":"type-product","3":"status-publish","4":"has-post-thumbnail","6":"product_cat-basteln","7":"pa_collecties-brix","8":"pa_leeftijd-filter-3-4-jahre","9":"pa_meest-populair-bij-jungen-maedchen","11":"first","12":"instock","13":"shipping-taxable","14":"product-type-simple"},"acf":[],"yoast_head":"<!-- This site is optimized with the Yoast SEO plugin v27.2 - https:\/\/yoast.com\/product\/yoast-seo-wordpress\/ -->\n<title>Brix junior - Kreationen - SES Creative<\/title>\n<meta name=\"robots\" content=\"index, follow, max-snippet:-1, max-image-preview:large, max-video-preview:-1\" \/>\n<link rel=\"canonical\" href=\"https:\/\/ses-creative.com\/de\/produkt\/brix-junior-kreationen\/\" \/>\n<meta property=\"og:locale\" content=\"de_DE\" \/>\n<meta property=\"og:type\" content=\"article\" \/>\n<meta property=\"og:title\" content=\"Brix junior - Kreationen - SES Creative\" \/>\n<meta property=\"og:description\" content=\"BRIX Junior \u2013 Creations: Bauen, fantasieren und entdecken! Mit dem BRIX Junior \u2013 Creations-Set von SES Creative lernen Kinder auf spielerische Weise, wie sie selbst Konstruktionen bauen k\u00f6nnen. Mit dem Holzhammer und den Kunststoffstiften und -n\u00e4geln verbinden sie die Holzteile zu fr\u00f6hlichen Figuren und Fahrzeugen. Dank der klaren Anleitung k\u00f6nnen sie Beispiele einfach nachbauen, aber [&hellip;]\" \/>\n<meta property=\"og:url\" content=\"https:\/\/ses-creative.com\/de\/produkt\/brix-junior-kreationen\/\" \/>\n<meta property=\"og:site_name\" content=\"SES Creative\" \/>\n<meta property=\"article:modified_time\" content=\"2026-02-06T09:51:35+00:00\" \/>\n<meta name=\"twitter:card\" content=\"summary_large_image\" \/>\n<meta name=\"twitter:label1\" content=\"Gesch\u00e4tzte Lesezeit\" \/>\n\t<meta name=\"twitter:data1\" content=\"2\u00a0Minuten\" \/>\n<script type=\"application\/ld+json\" class=\"yoast-schema-graph\">{\"@context\":\"https:\/\/schema.org\",\"@graph\":[{\"@type\":\"WebPage\",\"@id\":\"https:\/\/ses-creative.com\/de\/produkt\/brix-junior-kreationen\/\",\"url\":\"https:\/\/ses-creative.com\/de\/produkt\/brix-junior-kreationen\/\",\"name\":\"Brix junior - Kreationen - SES Creative\",\"isPartOf\":{\"@id\":\"https:\/\/ses-creative.com\/#website\"},\"primaryImageOfPage\":{\"@id\":\"https:\/\/ses-creative.com\/de\/produkt\/brix-junior-kreationen\/#primaryimage\"},\"image\":{\"@id\":\"https:\/\/ses-creative.com\/de\/produkt\/brix-junior-kreationen\/#primaryimage\"},\"thumbnailUrl\":\"https:\/\/ses-creative.com\/wp-content\/uploads\/2026\/01\/140731-1.jpg\",\"datePublished\":\"2026-02-05T13:52:37+00:00\",\"dateModified\":\"2026-02-06T09:51:35+00:00\",\"breadcrumb\":{\"@id\":\"https:\/\/ses-creative.com\/de\/produkt\/brix-junior-kreationen\/#breadcrumb\"},\"inLanguage\":\"de\",\"potentialAction\":[{\"@type\":\"ReadAction\",\"target\":[\"https:\/\/ses-creative.com\/de\/produkt\/brix-junior-kreationen\/\"]}]},{\"@type\":\"ImageObject\",\"inLanguage\":\"de\",\"@id\":\"https:\/\/ses-creative.com\/de\/produkt\/brix-junior-kreationen\/#primaryimage\",\"url\":\"https:\/\/ses-creative.com\/wp-content\/uploads\/2026\/01\/140731-1.jpg\",\"contentUrl\":\"https:\/\/ses-creative.com\/wp-content\/uploads\/2026\/01\/140731-1.jpg\",\"width\":1000,\"height\":1000},{\"@type\":\"BreadcrumbList\",\"@id\":\"https:\/\/ses-creative.com\/de\/produkt\/brix-junior-kreationen\/#breadcrumb\",\"itemListElement\":[{\"@type\":\"ListItem\",\"position\":1,\"name\":\"Shop\",\"item\":\"https:\/\/ses-creative.com\/de\/shop\/\"},{\"@type\":\"ListItem\",\"position\":2,\"name\":\"Basteln\",\"item\":\"https:\/\/ses-creative.com\/de\/product-categorie\/basteln\/\"},{\"@type\":\"ListItem\",\"position\":3,\"name\":\"Brix junior &#8211; Kreationen\"}]},{\"@type\":\"WebSite\",\"@id\":\"https:\/\/ses-creative.com\/#website\",\"url\":\"https:\/\/ses-creative.com\/\",\"name\":\"SES Creative\",\"description\":\"\",\"publisher\":{\"@id\":\"https:\/\/ses-creative.com\/#organization\"},\"potentialAction\":[{\"@type\":\"SearchAction\",\"target\":{\"@type\":\"EntryPoint\",\"urlTemplate\":\"https:\/\/ses-creative.com\/?s={search_term_string}\"},\"query-input\":{\"@type\":\"PropertyValueSpecification\",\"valueRequired\":true,\"valueName\":\"search_term_string\"}}],\"inLanguage\":\"de\"},{\"@type\":\"Organization\",\"@id\":\"https:\/\/ses-creative.com\/#organization\",\"name\":\"SES Creative\",\"url\":\"https:\/\/ses-creative.com\/\",\"logo\":{\"@type\":\"ImageObject\",\"inLanguage\":\"de\",\"@id\":\"https:\/\/ses-creative.com\/#\/schema\/logo\/image\/\",\"url\":\"https:\/\/ses-creative.com\/wp-content\/uploads\/2025\/10\/ses-creative-logo.jpg\",\"contentUrl\":\"https:\/\/ses-creative.com\/wp-content\/uploads\/2025\/10\/ses-creative-logo.jpg\",\"width\":2037,\"height\":2037,\"caption\":\"SES Creative\"},\"image\":{\"@id\":\"https:\/\/ses-creative.com\/#\/schema\/logo\/image\/\"}}]}<\/script>\n<!-- \/ Yoast SEO plugin. -->","yoast_head_json":{"title":"Brix junior - Kreationen - SES Creative","robots":{"index":"index","follow":"follow","max-snippet":"max-snippet:-1","max-image-preview":"max-image-preview:large","max-video-preview":"max-video-preview:-1"},"canonical":"https:\/\/ses-creative.com\/de\/produkt\/brix-junior-kreationen\/","og_locale":"de_DE","og_type":"article","og_title":"Brix junior - Kreationen - SES Creative","og_description":"BRIX Junior \u2013 Creations: Bauen, fantasieren und entdecken! Mit dem BRIX Junior \u2013 Creations-Set von SES Creative lernen Kinder auf spielerische Weise, wie sie selbst Konstruktionen bauen k\u00f6nnen. Mit dem Holzhammer und den Kunststoffstiften und -n\u00e4geln verbinden sie die Holzteile zu fr\u00f6hlichen Figuren und Fahrzeugen. Dank der klaren Anleitung k\u00f6nnen sie Beispiele einfach nachbauen, aber [&hellip;]","og_url":"https:\/\/ses-creative.com\/de\/produkt\/brix-junior-kreationen\/","og_site_name":"SES Creative","article_modified_time":"2026-02-06T09:51:35+00:00","twitter_card":"summary_large_image","twitter_misc":{"Gesch\u00e4tzte Lesezeit":"2\u00a0Minuten"},"schema":{"@context":"https:\/\/schema.org","@graph":[{"@type":"WebPage","@id":"https:\/\/ses-creative.com\/de\/produkt\/brix-junior-kreationen\/","url":"https:\/\/ses-creative.com\/de\/produkt\/brix-junior-kreationen\/","name":"Brix junior - Kreationen - SES Creative","isPartOf":{"@id":"https:\/\/ses-creative.com\/#website"},"primaryImageOfPage":{"@id":"https:\/\/ses-creative.com\/de\/produkt\/brix-junior-kreationen\/#primaryimage"},"image":{"@id":"https:\/\/ses-creative.com\/de\/produkt\/brix-junior-kreationen\/#primaryimage"},"thumbnailUrl":"https:\/\/ses-creative.com\/wp-content\/uploads\/2026\/01\/140731-1.jpg","datePublished":"2026-02-05T13:52:37+00:00","dateModified":"2026-02-06T09:51:35+00:00","breadcrumb":{"@id":"https:\/\/ses-creative.com\/de\/produkt\/brix-junior-kreationen\/#breadcrumb"},"inLanguage":"de","potentialAction":[{"@type":"ReadAction","target":["https:\/\/ses-creative.com\/de\/produkt\/brix-junior-kreationen\/"]}]},{"@type":"ImageObject","inLanguage":"de","@id":"https:\/\/ses-creative.com\/de\/produkt\/brix-junior-kreationen\/#primaryimage","url":"https:\/\/ses-creative.com\/wp-content\/uploads\/2026\/01\/140731-1.jpg","contentUrl":"https:\/\/ses-creative.com\/wp-content\/uploads\/2026\/01\/140731-1.jpg","width":1000,"height":1000},{"@type":"BreadcrumbList","@id":"https:\/\/ses-creative.com\/de\/produkt\/brix-junior-kreationen\/#breadcrumb","itemListElement":[{"@type":"ListItem","position":1,"name":"Shop","item":"https:\/\/ses-creative.com\/de\/shop\/"},{"@type":"ListItem","position":2,"name":"Basteln","item":"https:\/\/ses-creative.com\/de\/product-categorie\/basteln\/"},{"@type":"ListItem","position":3,"name":"Brix junior &#8211; Kreationen"}]},{"@type":"WebSite","@id":"https:\/\/ses-creative.com\/#website","url":"https:\/\/ses-creative.com\/","name":"SES Creative","description":"","publisher":{"@id":"https:\/\/ses-creative.com\/#organization"},"potentialAction":[{"@type":"SearchAction","target":{"@type":"EntryPoint","urlTemplate":"https:\/\/ses-creative.com\/?s={search_term_string}"},"query-input":{"@type":"PropertyValueSpecification","valueRequired":true,"valueName":"search_term_string"}}],"inLanguage":"de"},{"@type":"Organization","@id":"https:\/\/ses-creative.com\/#organization","name":"SES Creative","url":"https:\/\/ses-creative.com\/","logo":{"@type":"ImageObject","inLanguage":"de","@id":"https:\/\/ses-creative.com\/#\/schema\/logo\/image\/","url":"https:\/\/ses-creative.com\/wp-content\/uploads\/2025\/10\/ses-creative-logo.jpg","contentUrl":"https:\/\/ses-creative.com\/wp-content\/uploads\/2025\/10\/ses-creative-logo.jpg","width":2037,"height":2037,"caption":"SES Creative"},"image":{"@id":"https:\/\/ses-creative.com\/#\/schema\/logo\/image\/"}}]}},"_links":{"self":[{"href":"https:\/\/ses-creative.com\/de\/wp-json\/wp\/v2\/product\/114655","targetHints":{"allow":["GET"]}}],"collection":[{"href":"https:\/\/ses-creative.com\/de\/wp-json\/wp\/v2\/product"}],"about":[{"href":"https:\/\/ses-creative.com\/de\/wp-json\/wp\/v2\/types\/product"}],"replies":[{"embeddable":true,"href":"https:\/\/ses-creative.com\/de\/wp-json\/wp\/v2\/comments?post=114655"}],"wp:featuredmedia":[{"embeddable":true,"href":"https:\/\/ses-creative.com\/de\/wp-json\/wp\/v2\/media\/107424"}],"wp:attachment":[{"href":"https:\/\/ses-creative.com\/de\/wp-json\/wp\/v2\/media?parent=114655"}],"wp:term":[{"taxonomy":"product_brand","embeddable":true,"href":"https:\/\/ses-creative.com\/de\/wp-json\/wp\/v2\/product_brand?post=114655"},{"taxonomy":"product_cat","embeddable":true,"href":"https:\/\/ses-creative.com\/de\/wp-json\/wp\/v2\/product_cat?post=114655"},{"taxonomy":"product_tag","embeddable":true,"href":"https:\/\/ses-creative.com\/de\/wp-json\/wp\/v2\/product_tag?post=114655"}],"curies":[{"name":"wp","href":"https:\/\/api.w.org\/{rel}","templated":true}]}}