











{"id":114652,"date":"2026-02-05T13:52:37","date_gmt":"2026-02-05T13:52:37","guid":{"rendered":"https:\/\/ses-creative.com\/?post_type=product&#038;p=114652"},"modified":"2026-02-06T09:51:35","modified_gmt":"2026-02-06T09:51:35","slug":"montessori-tierformen-nachbilden","status":"publish","type":"product","link":"https:\/\/ses-creative.com\/de\/produkt\/montessori-tierformen-nachbilden\/","title":{"rendered":"Montessori &#8211; Tierformen nachbilden"},"content":{"rendered":"<p>Bauen Sie mit Tierformen zum Nachlegen niedliche Tiere und verspielte Figuren. Folgen Sie den Aufgabenkarten oder entwerfen Sie frei: So wachsen r\u00e4umliches Vorstellungsverm\u00f6gen, Konzentration und Kreativit\u00e4t Hand in Hand.<\/p>\n<p>Was dieses Set so toll macht<br \/>\n 7 Tierk\u00f6pfe + 30 Holzformen f\u00fcr unendliche Kombinationsm\u00f6glichkeiten<\/p>\n<p> 18 Aufgabenkarten: von einfach bis anspruchsvoll<\/p>\n<p>F\u00f6rdert r\u00e4umliches Vorstellungsverm\u00f6gen, Form- und Farberkennung<br \/>\n F\u00f6rdert die Feinmotorik und Konzentration<\/p>\n<p> Freies Spielen oder Nachahmen \u2013 beides f\u00fchrt zu schnellen, sichtbaren Ergebnissen<\/p>\n<p>Stapeln, nachlegen &amp; entwerfen<br \/>\nKinder erleben, wie Formen zu neuen Figuren werden. Erfolgsmomente folgen schnell aufeinander \u2013 das motiviert zum Weiterbauen.<\/p>\n<p>Inhalt des Sets<br \/>\n7 Tierk\u00f6pfe aus Holz<\/p>\n<p>30 bunte Holzformen<\/p>\n<p>18 Aufgaben-\/Spielkarten<\/p>\n<p>Warum SES Creative?<br \/>\nBei SES Creative entwickeln wir Spielzeug, das Kindern beim Wachsen hilft. Unsere Produkte f\u00f6rdern Kreativit\u00e4t, Selbstvertrauen und Entwicklung \u2013 immer sicher, verantwortungsbewusst und unterhaltsam. Seit mehr als 50 Jahren stellen wir nachhaltiges Spielzeug her, das mit Stolz in den Niederlanden entworfen und produziert wird.<\/p>\n<p>Los geht&#8217;s!<br \/>\nBestellen Sie jetzt Montessori Tierformen Nachlegen und lassen Sie Kinder bauen, entdecken und stolz pr\u00e4sentieren!<\/p>\n","protected":false},"excerpt":{"rendered":"<p>Bauen Sie mit Tierformen zum Nachlegen niedliche Tiere und verspielte Figuren. Folgen Sie den Aufgabenkarten oder entwerfen Sie frei: So wachsen r\u00e4umliches Vorstellungsverm\u00f6gen, Konzentration und Kreativit\u00e4t Hand in Hand. Was dieses Set so toll macht 7 Tierk\u00f6pfe + 30 Holzformen f\u00fcr unendliche Kombinationsm\u00f6glichkeiten 18 Aufgabenkarten: von einfach bis anspruchsvoll F\u00f6rdert r\u00e4umliches Vorstellungsverm\u00f6gen, Form- und Farberkennung [&hellip;]<\/p>\n","protected":false},"featured_media":101748,"comment_status":"closed","ping_status":"closed","template":"","meta":{"_acf_changed":false},"product_brand":[],"product_cat":[115],"product_tag":[],"class_list":{"0":"post-114652","1":"product","2":"type-product","3":"status-publish","4":"has-post-thumbnail","6":"product_cat-basteln","7":"pa_collecties-montessori","8":"pa_leeftijd-filter-3-4-jahre","9":"pa_meest-populair-bij-jungen-maedchen","11":"first","12":"instock","13":"shipping-taxable","14":"product-type-simple"},"acf":[],"yoast_head":"<!-- This site is optimized with the Yoast SEO plugin v27.5 - https:\/\/yoast.com\/product\/yoast-seo-wordpress\/ -->\n<title>Montessori - Tierformen nachbilden - SES Creative<\/title>\n<meta name=\"robots\" content=\"index, follow, max-snippet:-1, max-image-preview:large, max-video-preview:-1\" \/>\n<link rel=\"canonical\" href=\"https:\/\/ses-creative.com\/de\/produkt\/montessori-tierformen-nachbilden\/\" \/>\n<meta property=\"og:locale\" content=\"de_DE\" \/>\n<meta property=\"og:type\" content=\"article\" \/>\n<meta property=\"og:title\" content=\"Montessori - Tierformen nachbilden - SES Creative\" \/>\n<meta property=\"og:description\" content=\"Bauen Sie mit Tierformen zum Nachlegen niedliche Tiere und verspielte Figuren. Folgen Sie den Aufgabenkarten oder entwerfen Sie frei: So wachsen r\u00e4umliches Vorstellungsverm\u00f6gen, Konzentration und Kreativit\u00e4t Hand in Hand. Was dieses Set so toll macht 7 Tierk\u00f6pfe + 30 Holzformen f\u00fcr unendliche Kombinationsm\u00f6glichkeiten 18 Aufgabenkarten: von einfach bis anspruchsvoll F\u00f6rdert r\u00e4umliches Vorstellungsverm\u00f6gen, Form- und Farberkennung [&hellip;]\" \/>\n<meta property=\"og:url\" content=\"https:\/\/ses-creative.com\/de\/produkt\/montessori-tierformen-nachbilden\/\" \/>\n<meta property=\"og:site_name\" content=\"SES Creative\" \/>\n<meta property=\"article:modified_time\" content=\"2026-02-06T09:51:35+00:00\" \/>\n<meta name=\"twitter:card\" content=\"summary_large_image\" \/>\n<meta name=\"twitter:label1\" content=\"Gesch\u00e4tzte Lesezeit\" \/>\n\t<meta name=\"twitter:data1\" content=\"1\u00a0Minute\" \/>\n<script type=\"application\/ld+json\" class=\"yoast-schema-graph\">{\"@context\":\"https:\\\/\\\/schema.org\",\"@graph\":[{\"@type\":\"WebPage\",\"@id\":\"https:\\\/\\\/ses-creative.com\\\/de\\\/produkt\\\/montessori-tierformen-nachbilden\\\/\",\"url\":\"https:\\\/\\\/ses-creative.com\\\/de\\\/produkt\\\/montessori-tierformen-nachbilden\\\/\",\"name\":\"Montessori - Tierformen nachbilden - SES Creative\",\"isPartOf\":{\"@id\":\"https:\\\/\\\/ses-creative.com\\\/#website\"},\"primaryImageOfPage\":{\"@id\":\"https:\\\/\\\/ses-creative.com\\\/de\\\/produkt\\\/montessori-tierformen-nachbilden\\\/#primaryimage\"},\"image\":{\"@id\":\"https:\\\/\\\/ses-creative.com\\\/de\\\/produkt\\\/montessori-tierformen-nachbilden\\\/#primaryimage\"},\"thumbnailUrl\":\"https:\\\/\\\/ses-creative.com\\\/wp-content\\\/uploads\\\/2026\\\/01\\\/140631.jpg\",\"datePublished\":\"2026-02-05T13:52:37+00:00\",\"dateModified\":\"2026-02-06T09:51:35+00:00\",\"breadcrumb\":{\"@id\":\"https:\\\/\\\/ses-creative.com\\\/de\\\/produkt\\\/montessori-tierformen-nachbilden\\\/#breadcrumb\"},\"inLanguage\":\"de\",\"potentialAction\":[{\"@type\":\"ReadAction\",\"target\":[\"https:\\\/\\\/ses-creative.com\\\/de\\\/produkt\\\/montessori-tierformen-nachbilden\\\/\"]}]},{\"@type\":\"ImageObject\",\"inLanguage\":\"de\",\"@id\":\"https:\\\/\\\/ses-creative.com\\\/de\\\/produkt\\\/montessori-tierformen-nachbilden\\\/#primaryimage\",\"url\":\"https:\\\/\\\/ses-creative.com\\\/wp-content\\\/uploads\\\/2026\\\/01\\\/140631.jpg\",\"contentUrl\":\"https:\\\/\\\/ses-creative.com\\\/wp-content\\\/uploads\\\/2026\\\/01\\\/140631.jpg\",\"width\":1000,\"height\":1000},{\"@type\":\"BreadcrumbList\",\"@id\":\"https:\\\/\\\/ses-creative.com\\\/de\\\/produkt\\\/montessori-tierformen-nachbilden\\\/#breadcrumb\",\"itemListElement\":[{\"@type\":\"ListItem\",\"position\":1,\"name\":\"Shop\",\"item\":\"https:\\\/\\\/ses-creative.com\\\/de\\\/shop\\\/\"},{\"@type\":\"ListItem\",\"position\":2,\"name\":\"Basteln\",\"item\":\"https:\\\/\\\/ses-creative.com\\\/de\\\/product-categorie\\\/basteln\\\/\"},{\"@type\":\"ListItem\",\"position\":3,\"name\":\"Montessori &#8211; Tierformen nachbilden\"}]},{\"@type\":\"WebSite\",\"@id\":\"https:\\\/\\\/ses-creative.com\\\/#website\",\"url\":\"https:\\\/\\\/ses-creative.com\\\/\",\"name\":\"SES Creative\",\"description\":\"\",\"publisher\":{\"@id\":\"https:\\\/\\\/ses-creative.com\\\/#organization\"},\"potentialAction\":[{\"@type\":\"SearchAction\",\"target\":{\"@type\":\"EntryPoint\",\"urlTemplate\":\"https:\\\/\\\/ses-creative.com\\\/?s={search_term_string}\"},\"query-input\":{\"@type\":\"PropertyValueSpecification\",\"valueRequired\":true,\"valueName\":\"search_term_string\"}}],\"inLanguage\":\"de\"},{\"@type\":\"Organization\",\"@id\":\"https:\\\/\\\/ses-creative.com\\\/#organization\",\"name\":\"SES Creative\",\"url\":\"https:\\\/\\\/ses-creative.com\\\/\",\"logo\":{\"@type\":\"ImageObject\",\"inLanguage\":\"de\",\"@id\":\"https:\\\/\\\/ses-creative.com\\\/#\\\/schema\\\/logo\\\/image\\\/\",\"url\":\"https:\\\/\\\/ses-creative.com\\\/wp-content\\\/uploads\\\/2025\\\/10\\\/ses-creative-logo.jpg\",\"contentUrl\":\"https:\\\/\\\/ses-creative.com\\\/wp-content\\\/uploads\\\/2025\\\/10\\\/ses-creative-logo.jpg\",\"width\":2037,\"height\":2037,\"caption\":\"SES Creative\"},\"image\":{\"@id\":\"https:\\\/\\\/ses-creative.com\\\/#\\\/schema\\\/logo\\\/image\\\/\"}}]}<\/script>\n<!-- \/ Yoast SEO plugin. -->","yoast_head_json":{"title":"Montessori - Tierformen nachbilden - SES Creative","robots":{"index":"index","follow":"follow","max-snippet":"max-snippet:-1","max-image-preview":"max-image-preview:large","max-video-preview":"max-video-preview:-1"},"canonical":"https:\/\/ses-creative.com\/de\/produkt\/montessori-tierformen-nachbilden\/","og_locale":"de_DE","og_type":"article","og_title":"Montessori - Tierformen nachbilden - SES Creative","og_description":"Bauen Sie mit Tierformen zum Nachlegen niedliche Tiere und verspielte Figuren. Folgen Sie den Aufgabenkarten oder entwerfen Sie frei: So wachsen r\u00e4umliches Vorstellungsverm\u00f6gen, Konzentration und Kreativit\u00e4t Hand in Hand. Was dieses Set so toll macht 7 Tierk\u00f6pfe + 30 Holzformen f\u00fcr unendliche Kombinationsm\u00f6glichkeiten 18 Aufgabenkarten: von einfach bis anspruchsvoll F\u00f6rdert r\u00e4umliches Vorstellungsverm\u00f6gen, Form- und Farberkennung [&hellip;]","og_url":"https:\/\/ses-creative.com\/de\/produkt\/montessori-tierformen-nachbilden\/","og_site_name":"SES Creative","article_modified_time":"2026-02-06T09:51:35+00:00","twitter_card":"summary_large_image","twitter_misc":{"Gesch\u00e4tzte Lesezeit":"1\u00a0Minute"},"schema":{"@context":"https:\/\/schema.org","@graph":[{"@type":"WebPage","@id":"https:\/\/ses-creative.com\/de\/produkt\/montessori-tierformen-nachbilden\/","url":"https:\/\/ses-creative.com\/de\/produkt\/montessori-tierformen-nachbilden\/","name":"Montessori - Tierformen nachbilden - SES Creative","isPartOf":{"@id":"https:\/\/ses-creative.com\/#website"},"primaryImageOfPage":{"@id":"https:\/\/ses-creative.com\/de\/produkt\/montessori-tierformen-nachbilden\/#primaryimage"},"image":{"@id":"https:\/\/ses-creative.com\/de\/produkt\/montessori-tierformen-nachbilden\/#primaryimage"},"thumbnailUrl":"https:\/\/ses-creative.com\/wp-content\/uploads\/2026\/01\/140631.jpg","datePublished":"2026-02-05T13:52:37+00:00","dateModified":"2026-02-06T09:51:35+00:00","breadcrumb":{"@id":"https:\/\/ses-creative.com\/de\/produkt\/montessori-tierformen-nachbilden\/#breadcrumb"},"inLanguage":"de","potentialAction":[{"@type":"ReadAction","target":["https:\/\/ses-creative.com\/de\/produkt\/montessori-tierformen-nachbilden\/"]}]},{"@type":"ImageObject","inLanguage":"de","@id":"https:\/\/ses-creative.com\/de\/produkt\/montessori-tierformen-nachbilden\/#primaryimage","url":"https:\/\/ses-creative.com\/wp-content\/uploads\/2026\/01\/140631.jpg","contentUrl":"https:\/\/ses-creative.com\/wp-content\/uploads\/2026\/01\/140631.jpg","width":1000,"height":1000},{"@type":"BreadcrumbList","@id":"https:\/\/ses-creative.com\/de\/produkt\/montessori-tierformen-nachbilden\/#breadcrumb","itemListElement":[{"@type":"ListItem","position":1,"name":"Shop","item":"https:\/\/ses-creative.com\/de\/shop\/"},{"@type":"ListItem","position":2,"name":"Basteln","item":"https:\/\/ses-creative.com\/de\/product-categorie\/basteln\/"},{"@type":"ListItem","position":3,"name":"Montessori &#8211; Tierformen nachbilden"}]},{"@type":"WebSite","@id":"https:\/\/ses-creative.com\/#website","url":"https:\/\/ses-creative.com\/","name":"SES Creative","description":"","publisher":{"@id":"https:\/\/ses-creative.com\/#organization"},"potentialAction":[{"@type":"SearchAction","target":{"@type":"EntryPoint","urlTemplate":"https:\/\/ses-creative.com\/?s={search_term_string}"},"query-input":{"@type":"PropertyValueSpecification","valueRequired":true,"valueName":"search_term_string"}}],"inLanguage":"de"},{"@type":"Organization","@id":"https:\/\/ses-creative.com\/#organization","name":"SES Creative","url":"https:\/\/ses-creative.com\/","logo":{"@type":"ImageObject","inLanguage":"de","@id":"https:\/\/ses-creative.com\/#\/schema\/logo\/image\/","url":"https:\/\/ses-creative.com\/wp-content\/uploads\/2025\/10\/ses-creative-logo.jpg","contentUrl":"https:\/\/ses-creative.com\/wp-content\/uploads\/2025\/10\/ses-creative-logo.jpg","width":2037,"height":2037,"caption":"SES Creative"},"image":{"@id":"https:\/\/ses-creative.com\/#\/schema\/logo\/image\/"}}]}},"_links":{"self":[{"href":"https:\/\/ses-creative.com\/de\/wp-json\/wp\/v2\/product\/114652","targetHints":{"allow":["GET"]}}],"collection":[{"href":"https:\/\/ses-creative.com\/de\/wp-json\/wp\/v2\/product"}],"about":[{"href":"https:\/\/ses-creative.com\/de\/wp-json\/wp\/v2\/types\/product"}],"replies":[{"embeddable":true,"href":"https:\/\/ses-creative.com\/de\/wp-json\/wp\/v2\/comments?post=114652"}],"wp:featuredmedia":[{"embeddable":true,"href":"https:\/\/ses-creative.com\/de\/wp-json\/wp\/v2\/media\/101748"}],"wp:attachment":[{"href":"https:\/\/ses-creative.com\/de\/wp-json\/wp\/v2\/media?parent=114652"}],"wp:term":[{"taxonomy":"product_brand","embeddable":true,"href":"https:\/\/ses-creative.com\/de\/wp-json\/wp\/v2\/product_brand?post=114652"},{"taxonomy":"product_cat","embeddable":true,"href":"https:\/\/ses-creative.com\/de\/wp-json\/wp\/v2\/product_cat?post=114652"},{"taxonomy":"product_tag","embeddable":true,"href":"https:\/\/ses-creative.com\/de\/wp-json\/wp\/v2\/product_tag?post=114652"}],"curies":[{"name":"wp","href":"https:\/\/api.w.org\/{rel}","templated":true}]}}