











{"id":114647,"date":"2026-02-05T13:52:36","date_gmt":"2026-02-05T13:52:36","guid":{"rendered":"https:\/\/ses-creative.com\/?post_type=product&#038;p=114647"},"modified":"2026-02-06T09:51:34","modified_gmt":"2026-02-06T09:51:34","slug":"soft-loom-armbaender","status":"publish","type":"product","link":"https:\/\/ses-creative.com\/de\/produkt\/soft-loom-armbaender\/","title":{"rendered":"Soft Loom Armb\u00e4nder"},"content":{"rendered":"<p>Soft Loom \u2013 Armb\u00e4nder<\/p>\n<p>Mit diesem fr\u00f6hlichen Bastelset k\u00f6nnen Kinder ab 4 Jahren bunte Armb\u00e4nder aus weichen Gummib\u00e4ndern selbst herstellen. Dank des niedlichen Holz-Strickp\u00fcppchens in Kaninchenform ist das Loomen einfach und macht Spa\u00df. Die Armb\u00e4nder werden mit den beiliegenden Blumenanh\u00e4ngern f\u00fcr einen extra fr\u00f6hlichen Akzent verziert.<\/p>\n<p>Warum dieses Set gro\u00dfartig ist<\/p>\n<p>Loom-Armb\u00e4nder aus gr\u00f6\u00dferen, weichen Gummib\u00e4ndern \u2013 ideal f\u00fcr kleine Kinder.<\/p>\n<p>Praktisches Holz-Strickp\u00fcppchen in Kaninchenform f\u00fcr einfaches Loomen.<\/p>\n<p>Blumenanh\u00e4nger dienen als Verschluss und sch\u00f6ne Verzierung.<\/p>\n<p>Enth\u00e4lt 100 Gummib\u00e4nder in f\u00fcnf fr\u00f6hlichen Farben zum Kombinieren.<\/p>\n<p>Elastische B\u00e4nder sorgen daf\u00fcr, dass die Armb\u00e4nder immer passen.<\/p>\n<p>Kreativ verzieren und kombinieren<br \/>\nMit Soft Loom \u2013 Armb\u00e4nder erleben Kinder endlosen Bastelspa\u00df. Sie w\u00e4hlen ihre Lieblingsfarben, gestalten individuelle Muster und runden alles mit bunten Blumenanh\u00e4ngern ab. Das Ergebnis ist jedes Mal ein pers\u00f6nliches Armband zum Tragen oder Verschenken. Perfekt f\u00fcr gem\u00fctliche Bastelnachmittage allein oder gemeinsam.<\/p>\n<p>Inhalt des Sets<\/p>\n<p>100 weiche Gummib\u00e4nder in 5 Farben<\/p>\n<p>Blumenanh\u00e4nger Gr\u00fcn<\/p>\n<p>Blumenanh\u00e4nger Blau<\/p>\n<p>Blumenanh\u00e4nger Rosa<\/p>\n<p>Blumenanh\u00e4nger Lila<\/p>\n<p>Blumenanh\u00e4nger Wei\u00df<\/p>\n<p>Holz-Strickp\u00fcppchen Kaninchen<\/p>\n<p>Anleitung<\/p>\n<p>Warum SES Creative w\u00e4hlen<br \/>\nBei SES Creative ist Sicherheit sehr wichtig. Deshalb werden die Produkte in unserer Fabrik in den Niederlanden hergestellt und nach den strengsten europ\u00e4ischen Sicherheitsnormen gepr\u00fcft. SES Creative Spielzeug sorgt f\u00fcr Spa\u00df und ist so gestaltet, dass Kinder stolz auf ihre Werke sein k\u00f6nnen, was Kreativit\u00e4t und Entwicklung f\u00f6rdert.<\/p>\n<p>Gestalten Sie die fr\u00f6hlichsten Armb\u00e4nder mit diesem bunten Soft Loom-Set!<\/p>\n","protected":false},"excerpt":{"rendered":"<p>Soft Loom \u2013 Armb\u00e4nder Mit diesem fr\u00f6hlichen Bastelset k\u00f6nnen Kinder ab 4 Jahren bunte Armb\u00e4nder aus weichen Gummib\u00e4ndern selbst herstellen. Dank des niedlichen Holz-Strickp\u00fcppchens in Kaninchenform ist das Loomen einfach und macht Spa\u00df. Die Armb\u00e4nder werden mit den beiliegenden Blumenanh\u00e4ngern f\u00fcr einen extra fr\u00f6hlichen Akzent verziert. Warum dieses Set gro\u00dfartig ist Loom-Armb\u00e4nder aus gr\u00f6\u00dferen, weichen [&hellip;]<\/p>\n","protected":false},"featured_media":107399,"comment_status":"closed","ping_status":"closed","template":"","meta":{"_acf_changed":false},"product_brand":[],"product_cat":[115],"product_tag":[],"class_list":{"0":"post-114647","1":"product","2":"type-product","3":"status-publish","4":"has-post-thumbnail","6":"product_cat-basteln","7":"pa_leeftijd-filter-3-4-jahre","8":"pa_meest-populair-bij-jungen-maedchen","10":"first","11":"instock","12":"shipping-taxable","13":"product-type-simple"},"acf":[],"yoast_head":"<!-- This site is optimized with the Yoast SEO plugin v27.2 - https:\/\/yoast.com\/product\/yoast-seo-wordpress\/ -->\n<title>Soft Loom Armb\u00e4nder - SES Creative<\/title>\n<meta name=\"robots\" content=\"index, follow, max-snippet:-1, max-image-preview:large, max-video-preview:-1\" \/>\n<link rel=\"canonical\" href=\"https:\/\/ses-creative.com\/de\/produkt\/soft-loom-armbaender\/\" \/>\n<meta property=\"og:locale\" content=\"de_DE\" \/>\n<meta property=\"og:type\" content=\"article\" \/>\n<meta property=\"og:title\" content=\"Soft Loom Armb\u00e4nder - SES Creative\" \/>\n<meta property=\"og:description\" content=\"Soft Loom \u2013 Armb\u00e4nder Mit diesem fr\u00f6hlichen Bastelset k\u00f6nnen Kinder ab 4 Jahren bunte Armb\u00e4nder aus weichen Gummib\u00e4ndern selbst herstellen. Dank des niedlichen Holz-Strickp\u00fcppchens in Kaninchenform ist das Loomen einfach und macht Spa\u00df. Die Armb\u00e4nder werden mit den beiliegenden Blumenanh\u00e4ngern f\u00fcr einen extra fr\u00f6hlichen Akzent verziert. Warum dieses Set gro\u00dfartig ist Loom-Armb\u00e4nder aus gr\u00f6\u00dferen, weichen [&hellip;]\" \/>\n<meta property=\"og:url\" content=\"https:\/\/ses-creative.com\/de\/produkt\/soft-loom-armbaender\/\" \/>\n<meta property=\"og:site_name\" content=\"SES Creative\" \/>\n<meta property=\"article:modified_time\" content=\"2026-02-06T09:51:34+00:00\" \/>\n<meta name=\"twitter:card\" content=\"summary_large_image\" \/>\n<meta name=\"twitter:label1\" content=\"Gesch\u00e4tzte Lesezeit\" \/>\n\t<meta name=\"twitter:data1\" content=\"1\u00a0Minute\" \/>\n<script type=\"application\/ld+json\" class=\"yoast-schema-graph\">{\"@context\":\"https:\/\/schema.org\",\"@graph\":[{\"@type\":\"WebPage\",\"@id\":\"https:\/\/ses-creative.com\/de\/produkt\/soft-loom-armbaender\/\",\"url\":\"https:\/\/ses-creative.com\/de\/produkt\/soft-loom-armbaender\/\",\"name\":\"Soft Loom Armb\u00e4nder - SES Creative\",\"isPartOf\":{\"@id\":\"https:\/\/ses-creative.com\/#website\"},\"primaryImageOfPage\":{\"@id\":\"https:\/\/ses-creative.com\/de\/produkt\/soft-loom-armbaender\/#primaryimage\"},\"image\":{\"@id\":\"https:\/\/ses-creative.com\/de\/produkt\/soft-loom-armbaender\/#primaryimage\"},\"thumbnailUrl\":\"https:\/\/ses-creative.com\/wp-content\/uploads\/2026\/01\/140531-1.jpg\",\"datePublished\":\"2026-02-05T13:52:36+00:00\",\"dateModified\":\"2026-02-06T09:51:34+00:00\",\"breadcrumb\":{\"@id\":\"https:\/\/ses-creative.com\/de\/produkt\/soft-loom-armbaender\/#breadcrumb\"},\"inLanguage\":\"de\",\"potentialAction\":[{\"@type\":\"ReadAction\",\"target\":[\"https:\/\/ses-creative.com\/de\/produkt\/soft-loom-armbaender\/\"]}]},{\"@type\":\"ImageObject\",\"inLanguage\":\"de\",\"@id\":\"https:\/\/ses-creative.com\/de\/produkt\/soft-loom-armbaender\/#primaryimage\",\"url\":\"https:\/\/ses-creative.com\/wp-content\/uploads\/2026\/01\/140531-1.jpg\",\"contentUrl\":\"https:\/\/ses-creative.com\/wp-content\/uploads\/2026\/01\/140531-1.jpg\",\"width\":1000,\"height\":1000},{\"@type\":\"BreadcrumbList\",\"@id\":\"https:\/\/ses-creative.com\/de\/produkt\/soft-loom-armbaender\/#breadcrumb\",\"itemListElement\":[{\"@type\":\"ListItem\",\"position\":1,\"name\":\"Shop\",\"item\":\"https:\/\/ses-creative.com\/de\/shop\/\"},{\"@type\":\"ListItem\",\"position\":2,\"name\":\"Basteln\",\"item\":\"https:\/\/ses-creative.com\/de\/product-categorie\/basteln\/\"},{\"@type\":\"ListItem\",\"position\":3,\"name\":\"Soft Loom Armb\u00e4nder\"}]},{\"@type\":\"WebSite\",\"@id\":\"https:\/\/ses-creative.com\/#website\",\"url\":\"https:\/\/ses-creative.com\/\",\"name\":\"SES Creative\",\"description\":\"\",\"publisher\":{\"@id\":\"https:\/\/ses-creative.com\/#organization\"},\"potentialAction\":[{\"@type\":\"SearchAction\",\"target\":{\"@type\":\"EntryPoint\",\"urlTemplate\":\"https:\/\/ses-creative.com\/?s={search_term_string}\"},\"query-input\":{\"@type\":\"PropertyValueSpecification\",\"valueRequired\":true,\"valueName\":\"search_term_string\"}}],\"inLanguage\":\"de\"},{\"@type\":\"Organization\",\"@id\":\"https:\/\/ses-creative.com\/#organization\",\"name\":\"SES Creative\",\"url\":\"https:\/\/ses-creative.com\/\",\"logo\":{\"@type\":\"ImageObject\",\"inLanguage\":\"de\",\"@id\":\"https:\/\/ses-creative.com\/#\/schema\/logo\/image\/\",\"url\":\"https:\/\/ses-creative.com\/wp-content\/uploads\/2025\/10\/ses-creative-logo.jpg\",\"contentUrl\":\"https:\/\/ses-creative.com\/wp-content\/uploads\/2025\/10\/ses-creative-logo.jpg\",\"width\":2037,\"height\":2037,\"caption\":\"SES Creative\"},\"image\":{\"@id\":\"https:\/\/ses-creative.com\/#\/schema\/logo\/image\/\"}}]}<\/script>\n<!-- \/ Yoast SEO plugin. -->","yoast_head_json":{"title":"Soft Loom Armb\u00e4nder - SES Creative","robots":{"index":"index","follow":"follow","max-snippet":"max-snippet:-1","max-image-preview":"max-image-preview:large","max-video-preview":"max-video-preview:-1"},"canonical":"https:\/\/ses-creative.com\/de\/produkt\/soft-loom-armbaender\/","og_locale":"de_DE","og_type":"article","og_title":"Soft Loom Armb\u00e4nder - SES Creative","og_description":"Soft Loom \u2013 Armb\u00e4nder Mit diesem fr\u00f6hlichen Bastelset k\u00f6nnen Kinder ab 4 Jahren bunte Armb\u00e4nder aus weichen Gummib\u00e4ndern selbst herstellen. Dank des niedlichen Holz-Strickp\u00fcppchens in Kaninchenform ist das Loomen einfach und macht Spa\u00df. Die Armb\u00e4nder werden mit den beiliegenden Blumenanh\u00e4ngern f\u00fcr einen extra fr\u00f6hlichen Akzent verziert. Warum dieses Set gro\u00dfartig ist Loom-Armb\u00e4nder aus gr\u00f6\u00dferen, weichen [&hellip;]","og_url":"https:\/\/ses-creative.com\/de\/produkt\/soft-loom-armbaender\/","og_site_name":"SES Creative","article_modified_time":"2026-02-06T09:51:34+00:00","twitter_card":"summary_large_image","twitter_misc":{"Gesch\u00e4tzte Lesezeit":"1\u00a0Minute"},"schema":{"@context":"https:\/\/schema.org","@graph":[{"@type":"WebPage","@id":"https:\/\/ses-creative.com\/de\/produkt\/soft-loom-armbaender\/","url":"https:\/\/ses-creative.com\/de\/produkt\/soft-loom-armbaender\/","name":"Soft Loom Armb\u00e4nder - SES Creative","isPartOf":{"@id":"https:\/\/ses-creative.com\/#website"},"primaryImageOfPage":{"@id":"https:\/\/ses-creative.com\/de\/produkt\/soft-loom-armbaender\/#primaryimage"},"image":{"@id":"https:\/\/ses-creative.com\/de\/produkt\/soft-loom-armbaender\/#primaryimage"},"thumbnailUrl":"https:\/\/ses-creative.com\/wp-content\/uploads\/2026\/01\/140531-1.jpg","datePublished":"2026-02-05T13:52:36+00:00","dateModified":"2026-02-06T09:51:34+00:00","breadcrumb":{"@id":"https:\/\/ses-creative.com\/de\/produkt\/soft-loom-armbaender\/#breadcrumb"},"inLanguage":"de","potentialAction":[{"@type":"ReadAction","target":["https:\/\/ses-creative.com\/de\/produkt\/soft-loom-armbaender\/"]}]},{"@type":"ImageObject","inLanguage":"de","@id":"https:\/\/ses-creative.com\/de\/produkt\/soft-loom-armbaender\/#primaryimage","url":"https:\/\/ses-creative.com\/wp-content\/uploads\/2026\/01\/140531-1.jpg","contentUrl":"https:\/\/ses-creative.com\/wp-content\/uploads\/2026\/01\/140531-1.jpg","width":1000,"height":1000},{"@type":"BreadcrumbList","@id":"https:\/\/ses-creative.com\/de\/produkt\/soft-loom-armbaender\/#breadcrumb","itemListElement":[{"@type":"ListItem","position":1,"name":"Shop","item":"https:\/\/ses-creative.com\/de\/shop\/"},{"@type":"ListItem","position":2,"name":"Basteln","item":"https:\/\/ses-creative.com\/de\/product-categorie\/basteln\/"},{"@type":"ListItem","position":3,"name":"Soft Loom Armb\u00e4nder"}]},{"@type":"WebSite","@id":"https:\/\/ses-creative.com\/#website","url":"https:\/\/ses-creative.com\/","name":"SES Creative","description":"","publisher":{"@id":"https:\/\/ses-creative.com\/#organization"},"potentialAction":[{"@type":"SearchAction","target":{"@type":"EntryPoint","urlTemplate":"https:\/\/ses-creative.com\/?s={search_term_string}"},"query-input":{"@type":"PropertyValueSpecification","valueRequired":true,"valueName":"search_term_string"}}],"inLanguage":"de"},{"@type":"Organization","@id":"https:\/\/ses-creative.com\/#organization","name":"SES Creative","url":"https:\/\/ses-creative.com\/","logo":{"@type":"ImageObject","inLanguage":"de","@id":"https:\/\/ses-creative.com\/#\/schema\/logo\/image\/","url":"https:\/\/ses-creative.com\/wp-content\/uploads\/2025\/10\/ses-creative-logo.jpg","contentUrl":"https:\/\/ses-creative.com\/wp-content\/uploads\/2025\/10\/ses-creative-logo.jpg","width":2037,"height":2037,"caption":"SES Creative"},"image":{"@id":"https:\/\/ses-creative.com\/#\/schema\/logo\/image\/"}}]}},"_links":{"self":[{"href":"https:\/\/ses-creative.com\/de\/wp-json\/wp\/v2\/product\/114647","targetHints":{"allow":["GET"]}}],"collection":[{"href":"https:\/\/ses-creative.com\/de\/wp-json\/wp\/v2\/product"}],"about":[{"href":"https:\/\/ses-creative.com\/de\/wp-json\/wp\/v2\/types\/product"}],"replies":[{"embeddable":true,"href":"https:\/\/ses-creative.com\/de\/wp-json\/wp\/v2\/comments?post=114647"}],"wp:featuredmedia":[{"embeddable":true,"href":"https:\/\/ses-creative.com\/de\/wp-json\/wp\/v2\/media\/107399"}],"wp:attachment":[{"href":"https:\/\/ses-creative.com\/de\/wp-json\/wp\/v2\/media?parent=114647"}],"wp:term":[{"taxonomy":"product_brand","embeddable":true,"href":"https:\/\/ses-creative.com\/de\/wp-json\/wp\/v2\/product_brand?post=114647"},{"taxonomy":"product_cat","embeddable":true,"href":"https:\/\/ses-creative.com\/de\/wp-json\/wp\/v2\/product_cat?post=114647"},{"taxonomy":"product_tag","embeddable":true,"href":"https:\/\/ses-creative.com\/de\/wp-json\/wp\/v2\/product_tag?post=114647"}],"curies":[{"name":"wp","href":"https:\/\/api.w.org\/{rel}","templated":true}]}}