











{"id":114646,"date":"2026-02-05T13:52:36","date_gmt":"2026-02-05T13:52:36","guid":{"rendered":"https:\/\/ses-creative.com\/?post_type=product&#038;p=114646"},"modified":"2026-02-06T09:51:34","modified_gmt":"2026-02-06T09:51:34","slug":"gliederschmuck","status":"publish","type":"product","link":"https:\/\/ses-creative.com\/de\/produkt\/gliederschmuck\/","title":{"rendered":"Gliederschmuck"},"content":{"rendered":"<p>Lassen Sie kleine Designer mit Schmuckanh\u00e4ngern gl\u00e4nzen! 300 fr\u00f6hliche Anh\u00e4nger in verschiedenen Formen lassen sich ganz einfach miteinander verbinden. So k\u00f6nnen Sie im Handumdrehen Armb\u00e4nder und Halsketten entwerfen \u2013 und sie genauso einfach wieder auseinandernehmen, um einen neuen Look zu kreieren.<\/p>\n<p>Was dieses Set so toll macht<br \/>\n 300 Glieder in Stern-, Herz- und Kreisform<\/p>\n<p> Klick &#038; fertig: ohne Werkzeug oder Draht<\/p>\n<p> Unendliche Kombinationsm\u00f6glichkeiten mit Farben und Formen<\/p>\n<p> F\u00f6rdert Kreativit\u00e4t, Feinmotorik und Selbstentfaltung<\/p>\n<p>Ideal f\u00fcr Spielverabredungen und Partys (gemeinsames Entwerfen macht doppelt so viel Spa\u00df)<\/p>\n<p>Mixen, kombinieren, individuell gestalten<br \/>\nHeute bunt und verspielt, morgen minimalistisch: Kinder wechseln im Handumdrehen ihren Stil und gestalten Schmuck, auf den sie stolz sind (und den sie gerne mit Freunden teilen).<\/p>\n<p>Inhalt des Sets<br \/>\n300 Gliederanh\u00e4nger in verschiedenen Farben (Sterne, Herzen, Kreise)<\/p>\n<p>Warum SES Creative<br \/>\nBei SES Creative entwickeln wir Spielzeug, das Kindern beim Wachsen hilft. Unsere Produkte f\u00f6rdern Kreativit\u00e4t, Selbstvertrauen und Entwicklung \u2013 immer sicher, verantwortungsbewusst und unterhaltsam. Seit mehr als 50 Jahren stellen wir nachhaltiges Spielzeug her, das mit Stolz in den Niederlanden entworfen und produziert wird.<\/p>\n<p>Los geht&#8217;s!<br \/>\nBestellen Sie jetzt das Schmuckanh\u00e4nger-Set und kreieren Sie immer wieder neue Armb\u00e4nder und Halsketten!<\/p>\n","protected":false},"excerpt":{"rendered":"<p>Lassen Sie kleine Designer mit Schmuckanh\u00e4ngern gl\u00e4nzen! 300 fr\u00f6hliche Anh\u00e4nger in verschiedenen Formen lassen sich ganz einfach miteinander verbinden. So k\u00f6nnen Sie im Handumdrehen Armb\u00e4nder und Halsketten entwerfen \u2013 und sie genauso einfach wieder auseinandernehmen, um einen neuen Look zu kreieren. Was dieses Set so toll macht 300 Glieder in Stern-, Herz- und Kreisform Klick [&hellip;]<\/p>\n","protected":false},"featured_media":101628,"comment_status":"closed","ping_status":"closed","template":"","meta":{"_acf_changed":false},"product_brand":[],"product_cat":[115],"product_tag":[],"class_list":{"0":"post-114646","1":"product","2":"type-product","3":"status-publish","4":"has-post-thumbnail","6":"product_cat-basteln","7":"pa_leeftijd-filter-3-4-jahre","8":"pa_meest-populair-bij-jungen-maedchen","10":"first","11":"instock","12":"shipping-taxable","13":"product-type-simple"},"acf":[],"yoast_head":"<!-- This site is optimized with the Yoast SEO plugin v27.2 - https:\/\/yoast.com\/product\/yoast-seo-wordpress\/ -->\n<title>Gliederschmuck - SES Creative<\/title>\n<meta name=\"robots\" content=\"index, follow, max-snippet:-1, max-image-preview:large, max-video-preview:-1\" \/>\n<link rel=\"canonical\" href=\"https:\/\/ses-creative.com\/de\/produkt\/gliederschmuck\/\" \/>\n<meta property=\"og:locale\" content=\"de_DE\" \/>\n<meta property=\"og:type\" content=\"article\" \/>\n<meta property=\"og:title\" content=\"Gliederschmuck - SES Creative\" \/>\n<meta property=\"og:description\" content=\"Lassen Sie kleine Designer mit Schmuckanh\u00e4ngern gl\u00e4nzen! 300 fr\u00f6hliche Anh\u00e4nger in verschiedenen Formen lassen sich ganz einfach miteinander verbinden. So k\u00f6nnen Sie im Handumdrehen Armb\u00e4nder und Halsketten entwerfen \u2013 und sie genauso einfach wieder auseinandernehmen, um einen neuen Look zu kreieren. Was dieses Set so toll macht 300 Glieder in Stern-, Herz- und Kreisform Klick [&hellip;]\" \/>\n<meta property=\"og:url\" content=\"https:\/\/ses-creative.com\/de\/produkt\/gliederschmuck\/\" \/>\n<meta property=\"og:site_name\" content=\"SES Creative\" \/>\n<meta property=\"article:modified_time\" content=\"2026-02-06T09:51:34+00:00\" \/>\n<meta name=\"twitter:card\" content=\"summary_large_image\" \/>\n<meta name=\"twitter:label1\" content=\"Gesch\u00e4tzte Lesezeit\" \/>\n\t<meta name=\"twitter:data1\" content=\"1\u00a0Minute\" \/>\n<script type=\"application\/ld+json\" class=\"yoast-schema-graph\">{\"@context\":\"https:\/\/schema.org\",\"@graph\":[{\"@type\":\"WebPage\",\"@id\":\"https:\/\/ses-creative.com\/de\/produkt\/gliederschmuck\/\",\"url\":\"https:\/\/ses-creative.com\/de\/produkt\/gliederschmuck\/\",\"name\":\"Gliederschmuck - SES Creative\",\"isPartOf\":{\"@id\":\"https:\/\/ses-creative.com\/#website\"},\"primaryImageOfPage\":{\"@id\":\"https:\/\/ses-creative.com\/de\/produkt\/gliederschmuck\/#primaryimage\"},\"image\":{\"@id\":\"https:\/\/ses-creative.com\/de\/produkt\/gliederschmuck\/#primaryimage\"},\"thumbnailUrl\":\"https:\/\/ses-creative.com\/wp-content\/uploads\/2026\/01\/140521.jpg\",\"datePublished\":\"2026-02-05T13:52:36+00:00\",\"dateModified\":\"2026-02-06T09:51:34+00:00\",\"breadcrumb\":{\"@id\":\"https:\/\/ses-creative.com\/de\/produkt\/gliederschmuck\/#breadcrumb\"},\"inLanguage\":\"de\",\"potentialAction\":[{\"@type\":\"ReadAction\",\"target\":[\"https:\/\/ses-creative.com\/de\/produkt\/gliederschmuck\/\"]}]},{\"@type\":\"ImageObject\",\"inLanguage\":\"de\",\"@id\":\"https:\/\/ses-creative.com\/de\/produkt\/gliederschmuck\/#primaryimage\",\"url\":\"https:\/\/ses-creative.com\/wp-content\/uploads\/2026\/01\/140521.jpg\",\"contentUrl\":\"https:\/\/ses-creative.com\/wp-content\/uploads\/2026\/01\/140521.jpg\",\"width\":1000,\"height\":1000},{\"@type\":\"BreadcrumbList\",\"@id\":\"https:\/\/ses-creative.com\/de\/produkt\/gliederschmuck\/#breadcrumb\",\"itemListElement\":[{\"@type\":\"ListItem\",\"position\":1,\"name\":\"Shop\",\"item\":\"https:\/\/ses-creative.com\/de\/shop\/\"},{\"@type\":\"ListItem\",\"position\":2,\"name\":\"Basteln\",\"item\":\"https:\/\/ses-creative.com\/de\/product-categorie\/basteln\/\"},{\"@type\":\"ListItem\",\"position\":3,\"name\":\"Gliederschmuck\"}]},{\"@type\":\"WebSite\",\"@id\":\"https:\/\/ses-creative.com\/#website\",\"url\":\"https:\/\/ses-creative.com\/\",\"name\":\"SES Creative\",\"description\":\"\",\"publisher\":{\"@id\":\"https:\/\/ses-creative.com\/#organization\"},\"potentialAction\":[{\"@type\":\"SearchAction\",\"target\":{\"@type\":\"EntryPoint\",\"urlTemplate\":\"https:\/\/ses-creative.com\/?s={search_term_string}\"},\"query-input\":{\"@type\":\"PropertyValueSpecification\",\"valueRequired\":true,\"valueName\":\"search_term_string\"}}],\"inLanguage\":\"de\"},{\"@type\":\"Organization\",\"@id\":\"https:\/\/ses-creative.com\/#organization\",\"name\":\"SES Creative\",\"url\":\"https:\/\/ses-creative.com\/\",\"logo\":{\"@type\":\"ImageObject\",\"inLanguage\":\"de\",\"@id\":\"https:\/\/ses-creative.com\/#\/schema\/logo\/image\/\",\"url\":\"https:\/\/ses-creative.com\/wp-content\/uploads\/2025\/10\/ses-creative-logo.jpg\",\"contentUrl\":\"https:\/\/ses-creative.com\/wp-content\/uploads\/2025\/10\/ses-creative-logo.jpg\",\"width\":2037,\"height\":2037,\"caption\":\"SES Creative\"},\"image\":{\"@id\":\"https:\/\/ses-creative.com\/#\/schema\/logo\/image\/\"}}]}<\/script>\n<!-- \/ Yoast SEO plugin. -->","yoast_head_json":{"title":"Gliederschmuck - SES Creative","robots":{"index":"index","follow":"follow","max-snippet":"max-snippet:-1","max-image-preview":"max-image-preview:large","max-video-preview":"max-video-preview:-1"},"canonical":"https:\/\/ses-creative.com\/de\/produkt\/gliederschmuck\/","og_locale":"de_DE","og_type":"article","og_title":"Gliederschmuck - SES Creative","og_description":"Lassen Sie kleine Designer mit Schmuckanh\u00e4ngern gl\u00e4nzen! 300 fr\u00f6hliche Anh\u00e4nger in verschiedenen Formen lassen sich ganz einfach miteinander verbinden. So k\u00f6nnen Sie im Handumdrehen Armb\u00e4nder und Halsketten entwerfen \u2013 und sie genauso einfach wieder auseinandernehmen, um einen neuen Look zu kreieren. Was dieses Set so toll macht 300 Glieder in Stern-, Herz- und Kreisform Klick [&hellip;]","og_url":"https:\/\/ses-creative.com\/de\/produkt\/gliederschmuck\/","og_site_name":"SES Creative","article_modified_time":"2026-02-06T09:51:34+00:00","twitter_card":"summary_large_image","twitter_misc":{"Gesch\u00e4tzte Lesezeit":"1\u00a0Minute"},"schema":{"@context":"https:\/\/schema.org","@graph":[{"@type":"WebPage","@id":"https:\/\/ses-creative.com\/de\/produkt\/gliederschmuck\/","url":"https:\/\/ses-creative.com\/de\/produkt\/gliederschmuck\/","name":"Gliederschmuck - SES Creative","isPartOf":{"@id":"https:\/\/ses-creative.com\/#website"},"primaryImageOfPage":{"@id":"https:\/\/ses-creative.com\/de\/produkt\/gliederschmuck\/#primaryimage"},"image":{"@id":"https:\/\/ses-creative.com\/de\/produkt\/gliederschmuck\/#primaryimage"},"thumbnailUrl":"https:\/\/ses-creative.com\/wp-content\/uploads\/2026\/01\/140521.jpg","datePublished":"2026-02-05T13:52:36+00:00","dateModified":"2026-02-06T09:51:34+00:00","breadcrumb":{"@id":"https:\/\/ses-creative.com\/de\/produkt\/gliederschmuck\/#breadcrumb"},"inLanguage":"de","potentialAction":[{"@type":"ReadAction","target":["https:\/\/ses-creative.com\/de\/produkt\/gliederschmuck\/"]}]},{"@type":"ImageObject","inLanguage":"de","@id":"https:\/\/ses-creative.com\/de\/produkt\/gliederschmuck\/#primaryimage","url":"https:\/\/ses-creative.com\/wp-content\/uploads\/2026\/01\/140521.jpg","contentUrl":"https:\/\/ses-creative.com\/wp-content\/uploads\/2026\/01\/140521.jpg","width":1000,"height":1000},{"@type":"BreadcrumbList","@id":"https:\/\/ses-creative.com\/de\/produkt\/gliederschmuck\/#breadcrumb","itemListElement":[{"@type":"ListItem","position":1,"name":"Shop","item":"https:\/\/ses-creative.com\/de\/shop\/"},{"@type":"ListItem","position":2,"name":"Basteln","item":"https:\/\/ses-creative.com\/de\/product-categorie\/basteln\/"},{"@type":"ListItem","position":3,"name":"Gliederschmuck"}]},{"@type":"WebSite","@id":"https:\/\/ses-creative.com\/#website","url":"https:\/\/ses-creative.com\/","name":"SES Creative","description":"","publisher":{"@id":"https:\/\/ses-creative.com\/#organization"},"potentialAction":[{"@type":"SearchAction","target":{"@type":"EntryPoint","urlTemplate":"https:\/\/ses-creative.com\/?s={search_term_string}"},"query-input":{"@type":"PropertyValueSpecification","valueRequired":true,"valueName":"search_term_string"}}],"inLanguage":"de"},{"@type":"Organization","@id":"https:\/\/ses-creative.com\/#organization","name":"SES Creative","url":"https:\/\/ses-creative.com\/","logo":{"@type":"ImageObject","inLanguage":"de","@id":"https:\/\/ses-creative.com\/#\/schema\/logo\/image\/","url":"https:\/\/ses-creative.com\/wp-content\/uploads\/2025\/10\/ses-creative-logo.jpg","contentUrl":"https:\/\/ses-creative.com\/wp-content\/uploads\/2025\/10\/ses-creative-logo.jpg","width":2037,"height":2037,"caption":"SES Creative"},"image":{"@id":"https:\/\/ses-creative.com\/#\/schema\/logo\/image\/"}}]}},"_links":{"self":[{"href":"https:\/\/ses-creative.com\/de\/wp-json\/wp\/v2\/product\/114646","targetHints":{"allow":["GET"]}}],"collection":[{"href":"https:\/\/ses-creative.com\/de\/wp-json\/wp\/v2\/product"}],"about":[{"href":"https:\/\/ses-creative.com\/de\/wp-json\/wp\/v2\/types\/product"}],"replies":[{"embeddable":true,"href":"https:\/\/ses-creative.com\/de\/wp-json\/wp\/v2\/comments?post=114646"}],"wp:featuredmedia":[{"embeddable":true,"href":"https:\/\/ses-creative.com\/de\/wp-json\/wp\/v2\/media\/101628"}],"wp:attachment":[{"href":"https:\/\/ses-creative.com\/de\/wp-json\/wp\/v2\/media?parent=114646"}],"wp:term":[{"taxonomy":"product_brand","embeddable":true,"href":"https:\/\/ses-creative.com\/de\/wp-json\/wp\/v2\/product_brand?post=114646"},{"taxonomy":"product_cat","embeddable":true,"href":"https:\/\/ses-creative.com\/de\/wp-json\/wp\/v2\/product_cat?post=114646"},{"taxonomy":"product_tag","embeddable":true,"href":"https:\/\/ses-creative.com\/de\/wp-json\/wp\/v2\/product_tag?post=114646"}],"curies":[{"name":"wp","href":"https:\/\/api.w.org\/{rel}","templated":true}]}}