











{"id":114644,"date":"2026-02-05T13:52:36","date_gmt":"2026-02-05T13:52:36","guid":{"rendered":"https:\/\/ses-creative.com\/?post_type=product&#038;p=114644"},"modified":"2026-02-06T09:51:34","modified_gmt":"2026-02-06T09:51:34","slug":"ohrringe-zum-aufkleben","status":"publish","type":"product","link":"https:\/\/ses-creative.com\/de\/produkt\/ohrringe-zum-aufkleben\/","title":{"rendered":"Ohrringe zum Aufkleben"},"content":{"rendered":"<p>Verleihen Sie mit den Stickerohrringen von SES Creative einen Hauch von Glitzer und Spa\u00df! Dieses Set enth\u00e4lt 80 farbenfrohe Ohrring-Sticker in fr\u00f6hlichen Designs wie Herzen, Sternen, Blumen und mehr. Perfekt f\u00fcr Kinder, die mit ihrem Stil experimentieren m\u00f6chten \u2013 ohne Ohrl\u00f6cher und ohne Aufwand.<\/p>\n<p>Warum dieses Set so toll ist:<br \/>\n 80 selbstklebende Ohrringe in verschiedenen Motiven<\/p>\n<p> Sicher und hautfreundlich \u2013 keine Piercings erforderlich<\/p>\n<p> Ideal f\u00fcr Kost\u00fcmpartys, Feste und den t\u00e4glichen Spa\u00df<\/p>\n<p> F\u00f6rdert Kreativit\u00e4t und Selbstentfaltung<br \/>\n Perfekt f\u00fcr Kinder ab 3 Jahren<br \/>\nWie funktioniert es?<br \/>\nW\u00e4hle dein Lieblingsdesign, klebe den Ohrring auf dein Ohr und kombiniere ihn nach Herzenslust mit deinem Outfit. Fertig? Ziehe sie vorsichtig ab \u2013 so kannst du dir am n\u00e4chsten Tag einen neuen Look aussuchen!<\/p>\n<p>Mit diesen Stickerohrringen kann sich jedes Kind f\u00fcr einen Moment wie eine Prinzessin, ein Popstar oder ein Model auf dem Laufsteg f\u00fchlen. Ein farbenfrohes Accessoire f\u00fcr endlosen Spielspa\u00df!<\/p>\n","protected":false},"excerpt":{"rendered":"<p>Verleihen Sie mit den Stickerohrringen von SES Creative einen Hauch von Glitzer und Spa\u00df! Dieses Set enth\u00e4lt 80 farbenfrohe Ohrring-Sticker in fr\u00f6hlichen Designs wie Herzen, Sternen, Blumen und mehr. Perfekt f\u00fcr Kinder, die mit ihrem Stil experimentieren m\u00f6chten \u2013 ohne Ohrl\u00f6cher und ohne Aufwand. Warum dieses Set so toll ist: 80 selbstklebende Ohrringe in verschiedenen [&hellip;]<\/p>\n","protected":false},"featured_media":101588,"comment_status":"closed","ping_status":"closed","template":"","meta":{"_acf_changed":false},"product_brand":[],"product_cat":[115],"product_tag":[],"class_list":{"0":"post-114644","1":"product","2":"type-product","3":"status-publish","4":"has-post-thumbnail","6":"product_cat-basteln","7":"pa_leeftijd-filter-3-4-jahre","8":"pa_meest-populair-bij-jungen-maedchen","10":"first","11":"instock","12":"shipping-taxable","13":"product-type-simple"},"acf":[],"yoast_head":"<!-- This site is optimized with the Yoast SEO plugin v27.2 - https:\/\/yoast.com\/product\/yoast-seo-wordpress\/ -->\n<title>Ohrringe zum Aufkleben - SES Creative<\/title>\n<meta name=\"robots\" content=\"index, follow, max-snippet:-1, max-image-preview:large, max-video-preview:-1\" \/>\n<link rel=\"canonical\" href=\"https:\/\/ses-creative.com\/de\/produkt\/ohrringe-zum-aufkleben\/\" \/>\n<meta property=\"og:locale\" content=\"de_DE\" \/>\n<meta property=\"og:type\" content=\"article\" \/>\n<meta property=\"og:title\" content=\"Ohrringe zum Aufkleben - SES Creative\" \/>\n<meta property=\"og:description\" content=\"Verleihen Sie mit den Stickerohrringen von SES Creative einen Hauch von Glitzer und Spa\u00df! Dieses Set enth\u00e4lt 80 farbenfrohe Ohrring-Sticker in fr\u00f6hlichen Designs wie Herzen, Sternen, Blumen und mehr. Perfekt f\u00fcr Kinder, die mit ihrem Stil experimentieren m\u00f6chten \u2013 ohne Ohrl\u00f6cher und ohne Aufwand. Warum dieses Set so toll ist: 80 selbstklebende Ohrringe in verschiedenen [&hellip;]\" \/>\n<meta property=\"og:url\" content=\"https:\/\/ses-creative.com\/de\/produkt\/ohrringe-zum-aufkleben\/\" \/>\n<meta property=\"og:site_name\" content=\"SES Creative\" \/>\n<meta property=\"article:modified_time\" content=\"2026-02-06T09:51:34+00:00\" \/>\n<meta name=\"twitter:card\" content=\"summary_large_image\" \/>\n<meta name=\"twitter:label1\" content=\"Gesch\u00e4tzte Lesezeit\" \/>\n\t<meta name=\"twitter:data1\" content=\"1\u00a0Minute\" \/>\n<script type=\"application\/ld+json\" class=\"yoast-schema-graph\">{\"@context\":\"https:\/\/schema.org\",\"@graph\":[{\"@type\":\"WebPage\",\"@id\":\"https:\/\/ses-creative.com\/de\/produkt\/ohrringe-zum-aufkleben\/\",\"url\":\"https:\/\/ses-creative.com\/de\/produkt\/ohrringe-zum-aufkleben\/\",\"name\":\"Ohrringe zum Aufkleben - SES Creative\",\"isPartOf\":{\"@id\":\"https:\/\/ses-creative.com\/#website\"},\"primaryImageOfPage\":{\"@id\":\"https:\/\/ses-creative.com\/de\/produkt\/ohrringe-zum-aufkleben\/#primaryimage\"},\"image\":{\"@id\":\"https:\/\/ses-creative.com\/de\/produkt\/ohrringe-zum-aufkleben\/#primaryimage\"},\"thumbnailUrl\":\"https:\/\/ses-creative.com\/wp-content\/uploads\/2026\/01\/140491.jpg\",\"datePublished\":\"2026-02-05T13:52:36+00:00\",\"dateModified\":\"2026-02-06T09:51:34+00:00\",\"breadcrumb\":{\"@id\":\"https:\/\/ses-creative.com\/de\/produkt\/ohrringe-zum-aufkleben\/#breadcrumb\"},\"inLanguage\":\"de\",\"potentialAction\":[{\"@type\":\"ReadAction\",\"target\":[\"https:\/\/ses-creative.com\/de\/produkt\/ohrringe-zum-aufkleben\/\"]}]},{\"@type\":\"ImageObject\",\"inLanguage\":\"de\",\"@id\":\"https:\/\/ses-creative.com\/de\/produkt\/ohrringe-zum-aufkleben\/#primaryimage\",\"url\":\"https:\/\/ses-creative.com\/wp-content\/uploads\/2026\/01\/140491.jpg\",\"contentUrl\":\"https:\/\/ses-creative.com\/wp-content\/uploads\/2026\/01\/140491.jpg\",\"width\":1000,\"height\":1000},{\"@type\":\"BreadcrumbList\",\"@id\":\"https:\/\/ses-creative.com\/de\/produkt\/ohrringe-zum-aufkleben\/#breadcrumb\",\"itemListElement\":[{\"@type\":\"ListItem\",\"position\":1,\"name\":\"Shop\",\"item\":\"https:\/\/ses-creative.com\/de\/shop\/\"},{\"@type\":\"ListItem\",\"position\":2,\"name\":\"Basteln\",\"item\":\"https:\/\/ses-creative.com\/de\/product-categorie\/basteln\/\"},{\"@type\":\"ListItem\",\"position\":3,\"name\":\"Ohrringe zum Aufkleben\"}]},{\"@type\":\"WebSite\",\"@id\":\"https:\/\/ses-creative.com\/#website\",\"url\":\"https:\/\/ses-creative.com\/\",\"name\":\"SES Creative\",\"description\":\"\",\"publisher\":{\"@id\":\"https:\/\/ses-creative.com\/#organization\"},\"potentialAction\":[{\"@type\":\"SearchAction\",\"target\":{\"@type\":\"EntryPoint\",\"urlTemplate\":\"https:\/\/ses-creative.com\/?s={search_term_string}\"},\"query-input\":{\"@type\":\"PropertyValueSpecification\",\"valueRequired\":true,\"valueName\":\"search_term_string\"}}],\"inLanguage\":\"de\"},{\"@type\":\"Organization\",\"@id\":\"https:\/\/ses-creative.com\/#organization\",\"name\":\"SES Creative\",\"url\":\"https:\/\/ses-creative.com\/\",\"logo\":{\"@type\":\"ImageObject\",\"inLanguage\":\"de\",\"@id\":\"https:\/\/ses-creative.com\/#\/schema\/logo\/image\/\",\"url\":\"https:\/\/ses-creative.com\/wp-content\/uploads\/2025\/10\/ses-creative-logo.jpg\",\"contentUrl\":\"https:\/\/ses-creative.com\/wp-content\/uploads\/2025\/10\/ses-creative-logo.jpg\",\"width\":2037,\"height\":2037,\"caption\":\"SES Creative\"},\"image\":{\"@id\":\"https:\/\/ses-creative.com\/#\/schema\/logo\/image\/\"}}]}<\/script>\n<!-- \/ Yoast SEO plugin. -->","yoast_head_json":{"title":"Ohrringe zum Aufkleben - SES Creative","robots":{"index":"index","follow":"follow","max-snippet":"max-snippet:-1","max-image-preview":"max-image-preview:large","max-video-preview":"max-video-preview:-1"},"canonical":"https:\/\/ses-creative.com\/de\/produkt\/ohrringe-zum-aufkleben\/","og_locale":"de_DE","og_type":"article","og_title":"Ohrringe zum Aufkleben - SES Creative","og_description":"Verleihen Sie mit den Stickerohrringen von SES Creative einen Hauch von Glitzer und Spa\u00df! Dieses Set enth\u00e4lt 80 farbenfrohe Ohrring-Sticker in fr\u00f6hlichen Designs wie Herzen, Sternen, Blumen und mehr. Perfekt f\u00fcr Kinder, die mit ihrem Stil experimentieren m\u00f6chten \u2013 ohne Ohrl\u00f6cher und ohne Aufwand. Warum dieses Set so toll ist: 80 selbstklebende Ohrringe in verschiedenen [&hellip;]","og_url":"https:\/\/ses-creative.com\/de\/produkt\/ohrringe-zum-aufkleben\/","og_site_name":"SES Creative","article_modified_time":"2026-02-06T09:51:34+00:00","twitter_card":"summary_large_image","twitter_misc":{"Gesch\u00e4tzte Lesezeit":"1\u00a0Minute"},"schema":{"@context":"https:\/\/schema.org","@graph":[{"@type":"WebPage","@id":"https:\/\/ses-creative.com\/de\/produkt\/ohrringe-zum-aufkleben\/","url":"https:\/\/ses-creative.com\/de\/produkt\/ohrringe-zum-aufkleben\/","name":"Ohrringe zum Aufkleben - SES Creative","isPartOf":{"@id":"https:\/\/ses-creative.com\/#website"},"primaryImageOfPage":{"@id":"https:\/\/ses-creative.com\/de\/produkt\/ohrringe-zum-aufkleben\/#primaryimage"},"image":{"@id":"https:\/\/ses-creative.com\/de\/produkt\/ohrringe-zum-aufkleben\/#primaryimage"},"thumbnailUrl":"https:\/\/ses-creative.com\/wp-content\/uploads\/2026\/01\/140491.jpg","datePublished":"2026-02-05T13:52:36+00:00","dateModified":"2026-02-06T09:51:34+00:00","breadcrumb":{"@id":"https:\/\/ses-creative.com\/de\/produkt\/ohrringe-zum-aufkleben\/#breadcrumb"},"inLanguage":"de","potentialAction":[{"@type":"ReadAction","target":["https:\/\/ses-creative.com\/de\/produkt\/ohrringe-zum-aufkleben\/"]}]},{"@type":"ImageObject","inLanguage":"de","@id":"https:\/\/ses-creative.com\/de\/produkt\/ohrringe-zum-aufkleben\/#primaryimage","url":"https:\/\/ses-creative.com\/wp-content\/uploads\/2026\/01\/140491.jpg","contentUrl":"https:\/\/ses-creative.com\/wp-content\/uploads\/2026\/01\/140491.jpg","width":1000,"height":1000},{"@type":"BreadcrumbList","@id":"https:\/\/ses-creative.com\/de\/produkt\/ohrringe-zum-aufkleben\/#breadcrumb","itemListElement":[{"@type":"ListItem","position":1,"name":"Shop","item":"https:\/\/ses-creative.com\/de\/shop\/"},{"@type":"ListItem","position":2,"name":"Basteln","item":"https:\/\/ses-creative.com\/de\/product-categorie\/basteln\/"},{"@type":"ListItem","position":3,"name":"Ohrringe zum Aufkleben"}]},{"@type":"WebSite","@id":"https:\/\/ses-creative.com\/#website","url":"https:\/\/ses-creative.com\/","name":"SES Creative","description":"","publisher":{"@id":"https:\/\/ses-creative.com\/#organization"},"potentialAction":[{"@type":"SearchAction","target":{"@type":"EntryPoint","urlTemplate":"https:\/\/ses-creative.com\/?s={search_term_string}"},"query-input":{"@type":"PropertyValueSpecification","valueRequired":true,"valueName":"search_term_string"}}],"inLanguage":"de"},{"@type":"Organization","@id":"https:\/\/ses-creative.com\/#organization","name":"SES Creative","url":"https:\/\/ses-creative.com\/","logo":{"@type":"ImageObject","inLanguage":"de","@id":"https:\/\/ses-creative.com\/#\/schema\/logo\/image\/","url":"https:\/\/ses-creative.com\/wp-content\/uploads\/2025\/10\/ses-creative-logo.jpg","contentUrl":"https:\/\/ses-creative.com\/wp-content\/uploads\/2025\/10\/ses-creative-logo.jpg","width":2037,"height":2037,"caption":"SES Creative"},"image":{"@id":"https:\/\/ses-creative.com\/#\/schema\/logo\/image\/"}}]}},"_links":{"self":[{"href":"https:\/\/ses-creative.com\/de\/wp-json\/wp\/v2\/product\/114644","targetHints":{"allow":["GET"]}}],"collection":[{"href":"https:\/\/ses-creative.com\/de\/wp-json\/wp\/v2\/product"}],"about":[{"href":"https:\/\/ses-creative.com\/de\/wp-json\/wp\/v2\/types\/product"}],"replies":[{"embeddable":true,"href":"https:\/\/ses-creative.com\/de\/wp-json\/wp\/v2\/comments?post=114644"}],"wp:featuredmedia":[{"embeddable":true,"href":"https:\/\/ses-creative.com\/de\/wp-json\/wp\/v2\/media\/101588"}],"wp:attachment":[{"href":"https:\/\/ses-creative.com\/de\/wp-json\/wp\/v2\/media?parent=114644"}],"wp:term":[{"taxonomy":"product_brand","embeddable":true,"href":"https:\/\/ses-creative.com\/de\/wp-json\/wp\/v2\/product_brand?post=114644"},{"taxonomy":"product_cat","embeddable":true,"href":"https:\/\/ses-creative.com\/de\/wp-json\/wp\/v2\/product_cat?post=114644"},{"taxonomy":"product_tag","embeddable":true,"href":"https:\/\/ses-creative.com\/de\/wp-json\/wp\/v2\/product_tag?post=114644"}],"curies":[{"name":"wp","href":"https:\/\/api.w.org\/{rel}","templated":true}]}}