











{"id":114643,"date":"2026-02-05T13:52:36","date_gmt":"2026-02-05T13:52:36","guid":{"rendered":"https:\/\/ses-creative.com\/?post_type=product&#038;p=114643"},"modified":"2026-02-06T09:51:34","modified_gmt":"2026-02-06T09:51:34","slug":"diamanttaenzer","status":"publish","type":"product","link":"https:\/\/ses-creative.com\/de\/produkt\/diamanttaenzer\/","title":{"rendered":"Diamantt\u00e4nzer"},"content":{"rendered":"<p>Tauchen Sie ein in eine funkelnde Welt der Kreativit\u00e4t mit dem Set \u201eDiamant-T\u00e4nzer\u201d von SES Creative! Mit diesem bezaubernden Bastelset k\u00f6nnen Kinder ihre eigenen 3D-Tanzfiguren basteln \u2013 darunter eine verspielte Katze, ein fr\u00f6hliches Schaf und ein charmanter Fuchs \u2013 und sie mit gro\u00dfen, bunten Diamantstickern verzieren. Drehen Sie die Figuren und sehen Sie, wie sie wirklich tanzen!<\/p>\n<p>Was macht dieses Set so toll?<br \/>\n 65 gro\u00dfe Diamantsticker in leuchtenden Farben<\/p>\n<p> 3D-Papierfiguren, die sich wirklich drehen und bewegen<\/p>\n<p> F\u00f6rdert Kreativit\u00e4t, Feinmotorik und Hand-Augen-Koordination<\/p>\n<p> Perfekt f\u00fcr Kinder ab 3 Jahren<br \/>\n Spa\u00df als Einzelaktivit\u00e4t oder gemeinsam mit Freunden und Familie<\/p>\n<p>Inhalt des Sets:<br \/>\n3 Papiertanzfiguren (Katze, Schaf, Fuchs)<\/p>\n<p>65 selbstklebende Diamantaufkleber<\/p>\n<p>Montageanleitung<\/p>\n<p>Wie funktioniert es?<br \/>\nMontieren Sie die Papierfiguren einfach gem\u00e4\u00df der Anleitung, kleben Sie die Diamantaufkleber auf und erwecken Sie Ihre Kreationen zum Leben. Stellen Sie sie als Dekoration auf oder lassen Sie sie tanzen, um einen magischen Effekt zu erzielen.<\/p>\n<p>Warum SES Creative w\u00e4hlen?<br \/>\nMit diesem Set verbinden Kinder Bastelspa\u00df mit fantasievollem Spielen. Die gro\u00dfen Aufkleber sind perfekt f\u00fcr kleine H\u00e4nde und machen es einfach, wundersch\u00f6ne Ergebnisse zu erzielen.<\/p>\n<p>Holen Sie sich das Diamant-T\u00e4nzer-Set nach Hause und lassen Sie den Diamant-Tanz beginnen!<\/p>\n","protected":false},"excerpt":{"rendered":"<p>Tauchen Sie ein in eine funkelnde Welt der Kreativit\u00e4t mit dem Set \u201eDiamant-T\u00e4nzer\u201d von SES Creative! Mit diesem bezaubernden Bastelset k\u00f6nnen Kinder ihre eigenen 3D-Tanzfiguren basteln \u2013 darunter eine verspielte Katze, ein fr\u00f6hliches Schaf und ein charmanter Fuchs \u2013 und sie mit gro\u00dfen, bunten Diamantstickern verzieren. Drehen Sie die Figuren und sehen Sie, wie sie [&hellip;]<\/p>\n","protected":false},"featured_media":101568,"comment_status":"closed","ping_status":"closed","template":"","meta":{"_acf_changed":false},"product_brand":[],"product_cat":[115],"product_tag":[],"class_list":{"0":"post-114643","1":"product","2":"type-product","3":"status-publish","4":"has-post-thumbnail","6":"product_cat-basteln","7":"pa_leeftijd-filter-3-4-jahre","8":"pa_meest-populair-bij-jungen-maedchen","10":"first","11":"instock","12":"shipping-taxable","13":"product-type-simple"},"acf":[],"yoast_head":"<!-- This site is optimized with the Yoast SEO plugin v27.2 - https:\/\/yoast.com\/product\/yoast-seo-wordpress\/ -->\n<title>Diamantt\u00e4nzer - SES Creative<\/title>\n<meta name=\"robots\" content=\"index, follow, max-snippet:-1, max-image-preview:large, max-video-preview:-1\" \/>\n<link rel=\"canonical\" href=\"https:\/\/ses-creative.com\/de\/produkt\/diamanttaenzer\/\" \/>\n<meta property=\"og:locale\" content=\"de_DE\" \/>\n<meta property=\"og:type\" content=\"article\" \/>\n<meta property=\"og:title\" content=\"Diamantt\u00e4nzer - SES Creative\" \/>\n<meta property=\"og:description\" content=\"Tauchen Sie ein in eine funkelnde Welt der Kreativit\u00e4t mit dem Set \u201eDiamant-T\u00e4nzer\u201d von SES Creative! Mit diesem bezaubernden Bastelset k\u00f6nnen Kinder ihre eigenen 3D-Tanzfiguren basteln \u2013 darunter eine verspielte Katze, ein fr\u00f6hliches Schaf und ein charmanter Fuchs \u2013 und sie mit gro\u00dfen, bunten Diamantstickern verzieren. Drehen Sie die Figuren und sehen Sie, wie sie [&hellip;]\" \/>\n<meta property=\"og:url\" content=\"https:\/\/ses-creative.com\/de\/produkt\/diamanttaenzer\/\" \/>\n<meta property=\"og:site_name\" content=\"SES Creative\" \/>\n<meta property=\"article:modified_time\" content=\"2026-02-06T09:51:34+00:00\" \/>\n<meta name=\"twitter:card\" content=\"summary_large_image\" \/>\n<meta name=\"twitter:label1\" content=\"Gesch\u00e4tzte Lesezeit\" \/>\n\t<meta name=\"twitter:data1\" content=\"1\u00a0Minute\" \/>\n<script type=\"application\/ld+json\" class=\"yoast-schema-graph\">{\"@context\":\"https:\/\/schema.org\",\"@graph\":[{\"@type\":\"WebPage\",\"@id\":\"https:\/\/ses-creative.com\/de\/produkt\/diamanttaenzer\/\",\"url\":\"https:\/\/ses-creative.com\/de\/produkt\/diamanttaenzer\/\",\"name\":\"Diamantt\u00e4nzer - SES Creative\",\"isPartOf\":{\"@id\":\"https:\/\/ses-creative.com\/#website\"},\"primaryImageOfPage\":{\"@id\":\"https:\/\/ses-creative.com\/de\/produkt\/diamanttaenzer\/#primaryimage\"},\"image\":{\"@id\":\"https:\/\/ses-creative.com\/de\/produkt\/diamanttaenzer\/#primaryimage\"},\"thumbnailUrl\":\"https:\/\/ses-creative.com\/wp-content\/uploads\/2026\/01\/140481.jpg\",\"datePublished\":\"2026-02-05T13:52:36+00:00\",\"dateModified\":\"2026-02-06T09:51:34+00:00\",\"breadcrumb\":{\"@id\":\"https:\/\/ses-creative.com\/de\/produkt\/diamanttaenzer\/#breadcrumb\"},\"inLanguage\":\"de\",\"potentialAction\":[{\"@type\":\"ReadAction\",\"target\":[\"https:\/\/ses-creative.com\/de\/produkt\/diamanttaenzer\/\"]}]},{\"@type\":\"ImageObject\",\"inLanguage\":\"de\",\"@id\":\"https:\/\/ses-creative.com\/de\/produkt\/diamanttaenzer\/#primaryimage\",\"url\":\"https:\/\/ses-creative.com\/wp-content\/uploads\/2026\/01\/140481.jpg\",\"contentUrl\":\"https:\/\/ses-creative.com\/wp-content\/uploads\/2026\/01\/140481.jpg\",\"width\":1000,\"height\":1000},{\"@type\":\"BreadcrumbList\",\"@id\":\"https:\/\/ses-creative.com\/de\/produkt\/diamanttaenzer\/#breadcrumb\",\"itemListElement\":[{\"@type\":\"ListItem\",\"position\":1,\"name\":\"Shop\",\"item\":\"https:\/\/ses-creative.com\/de\/shop\/\"},{\"@type\":\"ListItem\",\"position\":2,\"name\":\"Basteln\",\"item\":\"https:\/\/ses-creative.com\/de\/product-categorie\/basteln\/\"},{\"@type\":\"ListItem\",\"position\":3,\"name\":\"Diamantt\u00e4nzer\"}]},{\"@type\":\"WebSite\",\"@id\":\"https:\/\/ses-creative.com\/#website\",\"url\":\"https:\/\/ses-creative.com\/\",\"name\":\"SES Creative\",\"description\":\"\",\"publisher\":{\"@id\":\"https:\/\/ses-creative.com\/#organization\"},\"potentialAction\":[{\"@type\":\"SearchAction\",\"target\":{\"@type\":\"EntryPoint\",\"urlTemplate\":\"https:\/\/ses-creative.com\/?s={search_term_string}\"},\"query-input\":{\"@type\":\"PropertyValueSpecification\",\"valueRequired\":true,\"valueName\":\"search_term_string\"}}],\"inLanguage\":\"de\"},{\"@type\":\"Organization\",\"@id\":\"https:\/\/ses-creative.com\/#organization\",\"name\":\"SES Creative\",\"url\":\"https:\/\/ses-creative.com\/\",\"logo\":{\"@type\":\"ImageObject\",\"inLanguage\":\"de\",\"@id\":\"https:\/\/ses-creative.com\/#\/schema\/logo\/image\/\",\"url\":\"https:\/\/ses-creative.com\/wp-content\/uploads\/2025\/10\/ses-creative-logo.jpg\",\"contentUrl\":\"https:\/\/ses-creative.com\/wp-content\/uploads\/2025\/10\/ses-creative-logo.jpg\",\"width\":2037,\"height\":2037,\"caption\":\"SES Creative\"},\"image\":{\"@id\":\"https:\/\/ses-creative.com\/#\/schema\/logo\/image\/\"}}]}<\/script>\n<!-- \/ Yoast SEO plugin. -->","yoast_head_json":{"title":"Diamantt\u00e4nzer - SES Creative","robots":{"index":"index","follow":"follow","max-snippet":"max-snippet:-1","max-image-preview":"max-image-preview:large","max-video-preview":"max-video-preview:-1"},"canonical":"https:\/\/ses-creative.com\/de\/produkt\/diamanttaenzer\/","og_locale":"de_DE","og_type":"article","og_title":"Diamantt\u00e4nzer - SES Creative","og_description":"Tauchen Sie ein in eine funkelnde Welt der Kreativit\u00e4t mit dem Set \u201eDiamant-T\u00e4nzer\u201d von SES Creative! Mit diesem bezaubernden Bastelset k\u00f6nnen Kinder ihre eigenen 3D-Tanzfiguren basteln \u2013 darunter eine verspielte Katze, ein fr\u00f6hliches Schaf und ein charmanter Fuchs \u2013 und sie mit gro\u00dfen, bunten Diamantstickern verzieren. Drehen Sie die Figuren und sehen Sie, wie sie [&hellip;]","og_url":"https:\/\/ses-creative.com\/de\/produkt\/diamanttaenzer\/","og_site_name":"SES Creative","article_modified_time":"2026-02-06T09:51:34+00:00","twitter_card":"summary_large_image","twitter_misc":{"Gesch\u00e4tzte Lesezeit":"1\u00a0Minute"},"schema":{"@context":"https:\/\/schema.org","@graph":[{"@type":"WebPage","@id":"https:\/\/ses-creative.com\/de\/produkt\/diamanttaenzer\/","url":"https:\/\/ses-creative.com\/de\/produkt\/diamanttaenzer\/","name":"Diamantt\u00e4nzer - SES Creative","isPartOf":{"@id":"https:\/\/ses-creative.com\/#website"},"primaryImageOfPage":{"@id":"https:\/\/ses-creative.com\/de\/produkt\/diamanttaenzer\/#primaryimage"},"image":{"@id":"https:\/\/ses-creative.com\/de\/produkt\/diamanttaenzer\/#primaryimage"},"thumbnailUrl":"https:\/\/ses-creative.com\/wp-content\/uploads\/2026\/01\/140481.jpg","datePublished":"2026-02-05T13:52:36+00:00","dateModified":"2026-02-06T09:51:34+00:00","breadcrumb":{"@id":"https:\/\/ses-creative.com\/de\/produkt\/diamanttaenzer\/#breadcrumb"},"inLanguage":"de","potentialAction":[{"@type":"ReadAction","target":["https:\/\/ses-creative.com\/de\/produkt\/diamanttaenzer\/"]}]},{"@type":"ImageObject","inLanguage":"de","@id":"https:\/\/ses-creative.com\/de\/produkt\/diamanttaenzer\/#primaryimage","url":"https:\/\/ses-creative.com\/wp-content\/uploads\/2026\/01\/140481.jpg","contentUrl":"https:\/\/ses-creative.com\/wp-content\/uploads\/2026\/01\/140481.jpg","width":1000,"height":1000},{"@type":"BreadcrumbList","@id":"https:\/\/ses-creative.com\/de\/produkt\/diamanttaenzer\/#breadcrumb","itemListElement":[{"@type":"ListItem","position":1,"name":"Shop","item":"https:\/\/ses-creative.com\/de\/shop\/"},{"@type":"ListItem","position":2,"name":"Basteln","item":"https:\/\/ses-creative.com\/de\/product-categorie\/basteln\/"},{"@type":"ListItem","position":3,"name":"Diamantt\u00e4nzer"}]},{"@type":"WebSite","@id":"https:\/\/ses-creative.com\/#website","url":"https:\/\/ses-creative.com\/","name":"SES Creative","description":"","publisher":{"@id":"https:\/\/ses-creative.com\/#organization"},"potentialAction":[{"@type":"SearchAction","target":{"@type":"EntryPoint","urlTemplate":"https:\/\/ses-creative.com\/?s={search_term_string}"},"query-input":{"@type":"PropertyValueSpecification","valueRequired":true,"valueName":"search_term_string"}}],"inLanguage":"de"},{"@type":"Organization","@id":"https:\/\/ses-creative.com\/#organization","name":"SES Creative","url":"https:\/\/ses-creative.com\/","logo":{"@type":"ImageObject","inLanguage":"de","@id":"https:\/\/ses-creative.com\/#\/schema\/logo\/image\/","url":"https:\/\/ses-creative.com\/wp-content\/uploads\/2025\/10\/ses-creative-logo.jpg","contentUrl":"https:\/\/ses-creative.com\/wp-content\/uploads\/2025\/10\/ses-creative-logo.jpg","width":2037,"height":2037,"caption":"SES Creative"},"image":{"@id":"https:\/\/ses-creative.com\/#\/schema\/logo\/image\/"}}]}},"_links":{"self":[{"href":"https:\/\/ses-creative.com\/de\/wp-json\/wp\/v2\/product\/114643","targetHints":{"allow":["GET"]}}],"collection":[{"href":"https:\/\/ses-creative.com\/de\/wp-json\/wp\/v2\/product"}],"about":[{"href":"https:\/\/ses-creative.com\/de\/wp-json\/wp\/v2\/types\/product"}],"replies":[{"embeddable":true,"href":"https:\/\/ses-creative.com\/de\/wp-json\/wp\/v2\/comments?post=114643"}],"wp:featuredmedia":[{"embeddable":true,"href":"https:\/\/ses-creative.com\/de\/wp-json\/wp\/v2\/media\/101568"}],"wp:attachment":[{"href":"https:\/\/ses-creative.com\/de\/wp-json\/wp\/v2\/media?parent=114643"}],"wp:term":[{"taxonomy":"product_brand","embeddable":true,"href":"https:\/\/ses-creative.com\/de\/wp-json\/wp\/v2\/product_brand?post=114643"},{"taxonomy":"product_cat","embeddable":true,"href":"https:\/\/ses-creative.com\/de\/wp-json\/wp\/v2\/product_cat?post=114643"},{"taxonomy":"product_tag","embeddable":true,"href":"https:\/\/ses-creative.com\/de\/wp-json\/wp\/v2\/product_tag?post=114643"}],"curies":[{"name":"wp","href":"https:\/\/api.w.org\/{rel}","templated":true}]}}