











{"id":114642,"date":"2026-02-05T13:52:36","date_gmt":"2026-02-05T13:52:36","guid":{"rendered":"https:\/\/ses-creative.com\/?post_type=product&#038;p=114642"},"modified":"2026-02-06T09:51:34","modified_gmt":"2026-02-06T09:51:34","slug":"perlenarmbaender","status":"publish","type":"product","link":"https:\/\/ses-creative.com\/de\/produkt\/perlenarmbaender\/","title":{"rendered":"Perlenarmb\u00e4nder"},"content":{"rendered":"<p>Dieses kreative SES Creative Set erm\u00f6glicht es Kindern von 3 bis 6 Jahren, ihre eigenen Armb\u00e4nder ganz einfach herzustellen. Es enth\u00e4lt 3 bunte Schn\u00fcre, 3 Schiebeverschl\u00fcsse, verschiedene Perlen (rund, Herzen, Sterne) und Glitzersticker. Jedes Kind kann seine Kreationen ohne Kleber oder Hilfe anpassen und zusammenstellen, wodurch Autonomie und Stolz gef\u00f6rdert werden. Diese ruhige Aktivit\u00e4t st\u00e4rkt die Feinmotorik, die Hand-Auge-Koordination und die Fantasie. Die Materialien sind f\u00fcr kleine H\u00e4nde geeignet und gew\u00e4hrleisten eine sichere Handhabung. Hergestellt in Enschede, ist dieses Set 100 % CO\u2082-neutral und entspricht den Qualit\u00e4tsstandards von SES Creative.<\/p>\n","protected":false},"excerpt":{"rendered":"<p>Dieses kreative SES Creative Set erm\u00f6glicht es Kindern von 3 bis 6 Jahren, ihre eigenen Armb\u00e4nder ganz einfach herzustellen. Es enth\u00e4lt 3 bunte Schn\u00fcre, 3 Schiebeverschl\u00fcsse, verschiedene Perlen (rund, Herzen, Sterne) und Glitzersticker. Jedes Kind kann seine Kreationen ohne Kleber oder Hilfe anpassen und zusammenstellen, wodurch Autonomie und Stolz gef\u00f6rdert werden. Diese ruhige Aktivit\u00e4t st\u00e4rkt [&hellip;]<\/p>\n","protected":false},"featured_media":101548,"comment_status":"closed","ping_status":"closed","template":"","meta":{"_acf_changed":false},"product_brand":[],"product_cat":[115],"product_tag":[],"class_list":{"0":"post-114642","1":"product","2":"type-product","3":"status-publish","4":"has-post-thumbnail","6":"product_cat-basteln","7":"pa_leeftijd-filter-3-4-jahre","8":"pa_meest-populair-bij-jungen-maedchen","10":"first","11":"instock","12":"shipping-taxable","13":"product-type-simple"},"acf":[],"yoast_head":"<!-- This site is optimized with the Yoast SEO plugin v27.2 - https:\/\/yoast.com\/product\/yoast-seo-wordpress\/ -->\n<title>Perlenarmb\u00e4nder - SES Creative<\/title>\n<meta name=\"robots\" content=\"index, follow, max-snippet:-1, max-image-preview:large, max-video-preview:-1\" \/>\n<link rel=\"canonical\" href=\"https:\/\/ses-creative.com\/de\/produkt\/perlenarmbaender\/\" \/>\n<meta property=\"og:locale\" content=\"de_DE\" \/>\n<meta property=\"og:type\" content=\"article\" \/>\n<meta property=\"og:title\" content=\"Perlenarmb\u00e4nder - SES Creative\" \/>\n<meta property=\"og:description\" content=\"Dieses kreative SES Creative Set erm\u00f6glicht es Kindern von 3 bis 6 Jahren, ihre eigenen Armb\u00e4nder ganz einfach herzustellen. Es enth\u00e4lt 3 bunte Schn\u00fcre, 3 Schiebeverschl\u00fcsse, verschiedene Perlen (rund, Herzen, Sterne) und Glitzersticker. Jedes Kind kann seine Kreationen ohne Kleber oder Hilfe anpassen und zusammenstellen, wodurch Autonomie und Stolz gef\u00f6rdert werden. Diese ruhige Aktivit\u00e4t st\u00e4rkt [&hellip;]\" \/>\n<meta property=\"og:url\" content=\"https:\/\/ses-creative.com\/de\/produkt\/perlenarmbaender\/\" \/>\n<meta property=\"og:site_name\" content=\"SES Creative\" \/>\n<meta property=\"article:modified_time\" content=\"2026-02-06T09:51:34+00:00\" \/>\n<meta name=\"twitter:card\" content=\"summary_large_image\" \/>\n<script type=\"application\/ld+json\" class=\"yoast-schema-graph\">{\"@context\":\"https:\/\/schema.org\",\"@graph\":[{\"@type\":\"WebPage\",\"@id\":\"https:\/\/ses-creative.com\/de\/produkt\/perlenarmbaender\/\",\"url\":\"https:\/\/ses-creative.com\/de\/produkt\/perlenarmbaender\/\",\"name\":\"Perlenarmb\u00e4nder - SES Creative\",\"isPartOf\":{\"@id\":\"https:\/\/ses-creative.com\/#website\"},\"primaryImageOfPage\":{\"@id\":\"https:\/\/ses-creative.com\/de\/produkt\/perlenarmbaender\/#primaryimage\"},\"image\":{\"@id\":\"https:\/\/ses-creative.com\/de\/produkt\/perlenarmbaender\/#primaryimage\"},\"thumbnailUrl\":\"https:\/\/ses-creative.com\/wp-content\/uploads\/2026\/01\/140471.jpg\",\"datePublished\":\"2026-02-05T13:52:36+00:00\",\"dateModified\":\"2026-02-06T09:51:34+00:00\",\"breadcrumb\":{\"@id\":\"https:\/\/ses-creative.com\/de\/produkt\/perlenarmbaender\/#breadcrumb\"},\"inLanguage\":\"de\",\"potentialAction\":[{\"@type\":\"ReadAction\",\"target\":[\"https:\/\/ses-creative.com\/de\/produkt\/perlenarmbaender\/\"]}]},{\"@type\":\"ImageObject\",\"inLanguage\":\"de\",\"@id\":\"https:\/\/ses-creative.com\/de\/produkt\/perlenarmbaender\/#primaryimage\",\"url\":\"https:\/\/ses-creative.com\/wp-content\/uploads\/2026\/01\/140471.jpg\",\"contentUrl\":\"https:\/\/ses-creative.com\/wp-content\/uploads\/2026\/01\/140471.jpg\",\"width\":1000,\"height\":1000},{\"@type\":\"BreadcrumbList\",\"@id\":\"https:\/\/ses-creative.com\/de\/produkt\/perlenarmbaender\/#breadcrumb\",\"itemListElement\":[{\"@type\":\"ListItem\",\"position\":1,\"name\":\"Shop\",\"item\":\"https:\/\/ses-creative.com\/de\/shop\/\"},{\"@type\":\"ListItem\",\"position\":2,\"name\":\"Basteln\",\"item\":\"https:\/\/ses-creative.com\/de\/product-categorie\/basteln\/\"},{\"@type\":\"ListItem\",\"position\":3,\"name\":\"Perlenarmb\u00e4nder\"}]},{\"@type\":\"WebSite\",\"@id\":\"https:\/\/ses-creative.com\/#website\",\"url\":\"https:\/\/ses-creative.com\/\",\"name\":\"SES Creative\",\"description\":\"\",\"publisher\":{\"@id\":\"https:\/\/ses-creative.com\/#organization\"},\"potentialAction\":[{\"@type\":\"SearchAction\",\"target\":{\"@type\":\"EntryPoint\",\"urlTemplate\":\"https:\/\/ses-creative.com\/?s={search_term_string}\"},\"query-input\":{\"@type\":\"PropertyValueSpecification\",\"valueRequired\":true,\"valueName\":\"search_term_string\"}}],\"inLanguage\":\"de\"},{\"@type\":\"Organization\",\"@id\":\"https:\/\/ses-creative.com\/#organization\",\"name\":\"SES Creative\",\"url\":\"https:\/\/ses-creative.com\/\",\"logo\":{\"@type\":\"ImageObject\",\"inLanguage\":\"de\",\"@id\":\"https:\/\/ses-creative.com\/#\/schema\/logo\/image\/\",\"url\":\"https:\/\/ses-creative.com\/wp-content\/uploads\/2025\/10\/ses-creative-logo.jpg\",\"contentUrl\":\"https:\/\/ses-creative.com\/wp-content\/uploads\/2025\/10\/ses-creative-logo.jpg\",\"width\":2037,\"height\":2037,\"caption\":\"SES Creative\"},\"image\":{\"@id\":\"https:\/\/ses-creative.com\/#\/schema\/logo\/image\/\"}}]}<\/script>\n<!-- \/ Yoast SEO plugin. -->","yoast_head_json":{"title":"Perlenarmb\u00e4nder - SES Creative","robots":{"index":"index","follow":"follow","max-snippet":"max-snippet:-1","max-image-preview":"max-image-preview:large","max-video-preview":"max-video-preview:-1"},"canonical":"https:\/\/ses-creative.com\/de\/produkt\/perlenarmbaender\/","og_locale":"de_DE","og_type":"article","og_title":"Perlenarmb\u00e4nder - SES Creative","og_description":"Dieses kreative SES Creative Set erm\u00f6glicht es Kindern von 3 bis 6 Jahren, ihre eigenen Armb\u00e4nder ganz einfach herzustellen. Es enth\u00e4lt 3 bunte Schn\u00fcre, 3 Schiebeverschl\u00fcsse, verschiedene Perlen (rund, Herzen, Sterne) und Glitzersticker. Jedes Kind kann seine Kreationen ohne Kleber oder Hilfe anpassen und zusammenstellen, wodurch Autonomie und Stolz gef\u00f6rdert werden. Diese ruhige Aktivit\u00e4t st\u00e4rkt [&hellip;]","og_url":"https:\/\/ses-creative.com\/de\/produkt\/perlenarmbaender\/","og_site_name":"SES Creative","article_modified_time":"2026-02-06T09:51:34+00:00","twitter_card":"summary_large_image","schema":{"@context":"https:\/\/schema.org","@graph":[{"@type":"WebPage","@id":"https:\/\/ses-creative.com\/de\/produkt\/perlenarmbaender\/","url":"https:\/\/ses-creative.com\/de\/produkt\/perlenarmbaender\/","name":"Perlenarmb\u00e4nder - SES Creative","isPartOf":{"@id":"https:\/\/ses-creative.com\/#website"},"primaryImageOfPage":{"@id":"https:\/\/ses-creative.com\/de\/produkt\/perlenarmbaender\/#primaryimage"},"image":{"@id":"https:\/\/ses-creative.com\/de\/produkt\/perlenarmbaender\/#primaryimage"},"thumbnailUrl":"https:\/\/ses-creative.com\/wp-content\/uploads\/2026\/01\/140471.jpg","datePublished":"2026-02-05T13:52:36+00:00","dateModified":"2026-02-06T09:51:34+00:00","breadcrumb":{"@id":"https:\/\/ses-creative.com\/de\/produkt\/perlenarmbaender\/#breadcrumb"},"inLanguage":"de","potentialAction":[{"@type":"ReadAction","target":["https:\/\/ses-creative.com\/de\/produkt\/perlenarmbaender\/"]}]},{"@type":"ImageObject","inLanguage":"de","@id":"https:\/\/ses-creative.com\/de\/produkt\/perlenarmbaender\/#primaryimage","url":"https:\/\/ses-creative.com\/wp-content\/uploads\/2026\/01\/140471.jpg","contentUrl":"https:\/\/ses-creative.com\/wp-content\/uploads\/2026\/01\/140471.jpg","width":1000,"height":1000},{"@type":"BreadcrumbList","@id":"https:\/\/ses-creative.com\/de\/produkt\/perlenarmbaender\/#breadcrumb","itemListElement":[{"@type":"ListItem","position":1,"name":"Shop","item":"https:\/\/ses-creative.com\/de\/shop\/"},{"@type":"ListItem","position":2,"name":"Basteln","item":"https:\/\/ses-creative.com\/de\/product-categorie\/basteln\/"},{"@type":"ListItem","position":3,"name":"Perlenarmb\u00e4nder"}]},{"@type":"WebSite","@id":"https:\/\/ses-creative.com\/#website","url":"https:\/\/ses-creative.com\/","name":"SES Creative","description":"","publisher":{"@id":"https:\/\/ses-creative.com\/#organization"},"potentialAction":[{"@type":"SearchAction","target":{"@type":"EntryPoint","urlTemplate":"https:\/\/ses-creative.com\/?s={search_term_string}"},"query-input":{"@type":"PropertyValueSpecification","valueRequired":true,"valueName":"search_term_string"}}],"inLanguage":"de"},{"@type":"Organization","@id":"https:\/\/ses-creative.com\/#organization","name":"SES Creative","url":"https:\/\/ses-creative.com\/","logo":{"@type":"ImageObject","inLanguage":"de","@id":"https:\/\/ses-creative.com\/#\/schema\/logo\/image\/","url":"https:\/\/ses-creative.com\/wp-content\/uploads\/2025\/10\/ses-creative-logo.jpg","contentUrl":"https:\/\/ses-creative.com\/wp-content\/uploads\/2025\/10\/ses-creative-logo.jpg","width":2037,"height":2037,"caption":"SES Creative"},"image":{"@id":"https:\/\/ses-creative.com\/#\/schema\/logo\/image\/"}}]}},"_links":{"self":[{"href":"https:\/\/ses-creative.com\/de\/wp-json\/wp\/v2\/product\/114642","targetHints":{"allow":["GET"]}}],"collection":[{"href":"https:\/\/ses-creative.com\/de\/wp-json\/wp\/v2\/product"}],"about":[{"href":"https:\/\/ses-creative.com\/de\/wp-json\/wp\/v2\/types\/product"}],"replies":[{"embeddable":true,"href":"https:\/\/ses-creative.com\/de\/wp-json\/wp\/v2\/comments?post=114642"}],"wp:featuredmedia":[{"embeddable":true,"href":"https:\/\/ses-creative.com\/de\/wp-json\/wp\/v2\/media\/101548"}],"wp:attachment":[{"href":"https:\/\/ses-creative.com\/de\/wp-json\/wp\/v2\/media?parent=114642"}],"wp:term":[{"taxonomy":"product_brand","embeddable":true,"href":"https:\/\/ses-creative.com\/de\/wp-json\/wp\/v2\/product_brand?post=114642"},{"taxonomy":"product_cat","embeddable":true,"href":"https:\/\/ses-creative.com\/de\/wp-json\/wp\/v2\/product_cat?post=114642"},{"taxonomy":"product_tag","embeddable":true,"href":"https:\/\/ses-creative.com\/de\/wp-json\/wp\/v2\/product_tag?post=114642"}],"curies":[{"name":"wp","href":"https:\/\/api.w.org\/{rel}","templated":true}]}}