











{"id":114641,"date":"2026-02-05T13:52:36","date_gmt":"2026-02-05T13:52:36","guid":{"rendered":"https:\/\/ses-creative.com\/?post_type=product&#038;p=114641"},"modified":"2026-02-06T09:51:34","modified_gmt":"2026-02-06T09:51:34","slug":"mosaik-steckplatte-kompakt","status":"publish","type":"product","link":"https:\/\/ses-creative.com\/de\/produkt\/mosaik-steckplatte-kompakt\/","title":{"rendered":"Mosaik-Steckplatte kompakt"},"content":{"rendered":"<p>Die kompakte Mosaiktafel von SES Creative erm\u00f6glicht es Kindern von 3 bis 6 Jahren, ihre Kreativit\u00e4t und Feinmotorik zu entwickeln. Das Set enth\u00e4lt eine Lochplatte und \u00fcber 100 bunte Steckstifte (Rot, Blau, Gelb, Gr\u00fcn), die frei eingesetzt werden k\u00f6nnen, um unz\u00e4hlige Muster zu gestalten. Die Stifte lassen sich beliebig herausnehmen und wieder einsetzen, was die Selbstkorrektur, Autonomie und Experimentierfreude f\u00f6rdert. Dieses Spiel ohne Kleber und Papier bietet eine saubere, sichere und anregende Aktivit\u00e4t, die f\u00fcr kleine H\u00e4nde geeignet ist und sowohl zu Hause als auch in der Schule genutzt werden kann. Es unterst\u00fctzt die Entwicklung der Hand-Auge-Koordination, die Farberkennung und die r\u00e4umliche Logik. Hergestellt in Enschede, Niederlande, ist dieses Set CO\u2082-neutral und entspricht den Qualit\u00e4tsstandards von SES Creative, dem Spezialisten f\u00fcr p\u00e4dagogisches Spielzeug seit 1972.<\/p>\n","protected":false},"excerpt":{"rendered":"<p>Die kompakte Mosaiktafel von SES Creative erm\u00f6glicht es Kindern von 3 bis 6 Jahren, ihre Kreativit\u00e4t und Feinmotorik zu entwickeln. Das Set enth\u00e4lt eine Lochplatte und \u00fcber 100 bunte Steckstifte (Rot, Blau, Gelb, Gr\u00fcn), die frei eingesetzt werden k\u00f6nnen, um unz\u00e4hlige Muster zu gestalten. Die Stifte lassen sich beliebig herausnehmen und wieder einsetzen, was die [&hellip;]<\/p>\n","protected":false},"featured_media":101528,"comment_status":"closed","ping_status":"closed","template":"","meta":{"_acf_changed":false},"product_brand":[],"product_cat":[115],"product_tag":[],"class_list":{"0":"post-114641","1":"product","2":"type-product","3":"status-publish","4":"has-post-thumbnail","6":"product_cat-basteln","7":"pa_collecties-montessori","8":"pa_leeftijd-filter-3-4-jahre","9":"pa_meest-populair-bij-jungen-maedchen","11":"first","12":"instock","13":"shipping-taxable","14":"product-type-simple"},"acf":[],"yoast_head":"<!-- This site is optimized with the Yoast SEO plugin v27.2 - https:\/\/yoast.com\/product\/yoast-seo-wordpress\/ -->\n<title>Mosaik-Steckplatte kompakt - SES Creative<\/title>\n<meta name=\"robots\" content=\"index, follow, max-snippet:-1, max-image-preview:large, max-video-preview:-1\" \/>\n<link rel=\"canonical\" href=\"https:\/\/ses-creative.com\/de\/produkt\/mosaik-steckplatte-kompakt\/\" \/>\n<meta property=\"og:locale\" content=\"de_DE\" \/>\n<meta property=\"og:type\" content=\"article\" \/>\n<meta property=\"og:title\" content=\"Mosaik-Steckplatte kompakt - SES Creative\" \/>\n<meta property=\"og:description\" content=\"Die kompakte Mosaiktafel von SES Creative erm\u00f6glicht es Kindern von 3 bis 6 Jahren, ihre Kreativit\u00e4t und Feinmotorik zu entwickeln. Das Set enth\u00e4lt eine Lochplatte und \u00fcber 100 bunte Steckstifte (Rot, Blau, Gelb, Gr\u00fcn), die frei eingesetzt werden k\u00f6nnen, um unz\u00e4hlige Muster zu gestalten. Die Stifte lassen sich beliebig herausnehmen und wieder einsetzen, was die [&hellip;]\" \/>\n<meta property=\"og:url\" content=\"https:\/\/ses-creative.com\/de\/produkt\/mosaik-steckplatte-kompakt\/\" \/>\n<meta property=\"og:site_name\" content=\"SES Creative\" \/>\n<meta property=\"article:modified_time\" content=\"2026-02-06T09:51:34+00:00\" \/>\n<meta name=\"twitter:card\" content=\"summary_large_image\" \/>\n<meta name=\"twitter:label1\" content=\"Gesch\u00e4tzte Lesezeit\" \/>\n\t<meta name=\"twitter:data1\" content=\"1\u00a0Minute\" \/>\n<script type=\"application\/ld+json\" class=\"yoast-schema-graph\">{\"@context\":\"https:\/\/schema.org\",\"@graph\":[{\"@type\":\"WebPage\",\"@id\":\"https:\/\/ses-creative.com\/de\/produkt\/mosaik-steckplatte-kompakt\/\",\"url\":\"https:\/\/ses-creative.com\/de\/produkt\/mosaik-steckplatte-kompakt\/\",\"name\":\"Mosaik-Steckplatte kompakt - SES Creative\",\"isPartOf\":{\"@id\":\"https:\/\/ses-creative.com\/#website\"},\"primaryImageOfPage\":{\"@id\":\"https:\/\/ses-creative.com\/de\/produkt\/mosaik-steckplatte-kompakt\/#primaryimage\"},\"image\":{\"@id\":\"https:\/\/ses-creative.com\/de\/produkt\/mosaik-steckplatte-kompakt\/#primaryimage\"},\"thumbnailUrl\":\"https:\/\/ses-creative.com\/wp-content\/uploads\/2026\/01\/140461.jpg\",\"datePublished\":\"2026-02-05T13:52:36+00:00\",\"dateModified\":\"2026-02-06T09:51:34+00:00\",\"breadcrumb\":{\"@id\":\"https:\/\/ses-creative.com\/de\/produkt\/mosaik-steckplatte-kompakt\/#breadcrumb\"},\"inLanguage\":\"de\",\"potentialAction\":[{\"@type\":\"ReadAction\",\"target\":[\"https:\/\/ses-creative.com\/de\/produkt\/mosaik-steckplatte-kompakt\/\"]}]},{\"@type\":\"ImageObject\",\"inLanguage\":\"de\",\"@id\":\"https:\/\/ses-creative.com\/de\/produkt\/mosaik-steckplatte-kompakt\/#primaryimage\",\"url\":\"https:\/\/ses-creative.com\/wp-content\/uploads\/2026\/01\/140461.jpg\",\"contentUrl\":\"https:\/\/ses-creative.com\/wp-content\/uploads\/2026\/01\/140461.jpg\",\"width\":1000,\"height\":1000},{\"@type\":\"BreadcrumbList\",\"@id\":\"https:\/\/ses-creative.com\/de\/produkt\/mosaik-steckplatte-kompakt\/#breadcrumb\",\"itemListElement\":[{\"@type\":\"ListItem\",\"position\":1,\"name\":\"Shop\",\"item\":\"https:\/\/ses-creative.com\/de\/shop\/\"},{\"@type\":\"ListItem\",\"position\":2,\"name\":\"Basteln\",\"item\":\"https:\/\/ses-creative.com\/de\/product-categorie\/basteln\/\"},{\"@type\":\"ListItem\",\"position\":3,\"name\":\"Mosaik-Steckplatte kompakt\"}]},{\"@type\":\"WebSite\",\"@id\":\"https:\/\/ses-creative.com\/#website\",\"url\":\"https:\/\/ses-creative.com\/\",\"name\":\"SES Creative\",\"description\":\"\",\"publisher\":{\"@id\":\"https:\/\/ses-creative.com\/#organization\"},\"potentialAction\":[{\"@type\":\"SearchAction\",\"target\":{\"@type\":\"EntryPoint\",\"urlTemplate\":\"https:\/\/ses-creative.com\/?s={search_term_string}\"},\"query-input\":{\"@type\":\"PropertyValueSpecification\",\"valueRequired\":true,\"valueName\":\"search_term_string\"}}],\"inLanguage\":\"de\"},{\"@type\":\"Organization\",\"@id\":\"https:\/\/ses-creative.com\/#organization\",\"name\":\"SES Creative\",\"url\":\"https:\/\/ses-creative.com\/\",\"logo\":{\"@type\":\"ImageObject\",\"inLanguage\":\"de\",\"@id\":\"https:\/\/ses-creative.com\/#\/schema\/logo\/image\/\",\"url\":\"https:\/\/ses-creative.com\/wp-content\/uploads\/2025\/10\/ses-creative-logo.jpg\",\"contentUrl\":\"https:\/\/ses-creative.com\/wp-content\/uploads\/2025\/10\/ses-creative-logo.jpg\",\"width\":2037,\"height\":2037,\"caption\":\"SES Creative\"},\"image\":{\"@id\":\"https:\/\/ses-creative.com\/#\/schema\/logo\/image\/\"}}]}<\/script>\n<!-- \/ Yoast SEO plugin. -->","yoast_head_json":{"title":"Mosaik-Steckplatte kompakt - SES Creative","robots":{"index":"index","follow":"follow","max-snippet":"max-snippet:-1","max-image-preview":"max-image-preview:large","max-video-preview":"max-video-preview:-1"},"canonical":"https:\/\/ses-creative.com\/de\/produkt\/mosaik-steckplatte-kompakt\/","og_locale":"de_DE","og_type":"article","og_title":"Mosaik-Steckplatte kompakt - SES Creative","og_description":"Die kompakte Mosaiktafel von SES Creative erm\u00f6glicht es Kindern von 3 bis 6 Jahren, ihre Kreativit\u00e4t und Feinmotorik zu entwickeln. Das Set enth\u00e4lt eine Lochplatte und \u00fcber 100 bunte Steckstifte (Rot, Blau, Gelb, Gr\u00fcn), die frei eingesetzt werden k\u00f6nnen, um unz\u00e4hlige Muster zu gestalten. Die Stifte lassen sich beliebig herausnehmen und wieder einsetzen, was die [&hellip;]","og_url":"https:\/\/ses-creative.com\/de\/produkt\/mosaik-steckplatte-kompakt\/","og_site_name":"SES Creative","article_modified_time":"2026-02-06T09:51:34+00:00","twitter_card":"summary_large_image","twitter_misc":{"Gesch\u00e4tzte Lesezeit":"1\u00a0Minute"},"schema":{"@context":"https:\/\/schema.org","@graph":[{"@type":"WebPage","@id":"https:\/\/ses-creative.com\/de\/produkt\/mosaik-steckplatte-kompakt\/","url":"https:\/\/ses-creative.com\/de\/produkt\/mosaik-steckplatte-kompakt\/","name":"Mosaik-Steckplatte kompakt - SES Creative","isPartOf":{"@id":"https:\/\/ses-creative.com\/#website"},"primaryImageOfPage":{"@id":"https:\/\/ses-creative.com\/de\/produkt\/mosaik-steckplatte-kompakt\/#primaryimage"},"image":{"@id":"https:\/\/ses-creative.com\/de\/produkt\/mosaik-steckplatte-kompakt\/#primaryimage"},"thumbnailUrl":"https:\/\/ses-creative.com\/wp-content\/uploads\/2026\/01\/140461.jpg","datePublished":"2026-02-05T13:52:36+00:00","dateModified":"2026-02-06T09:51:34+00:00","breadcrumb":{"@id":"https:\/\/ses-creative.com\/de\/produkt\/mosaik-steckplatte-kompakt\/#breadcrumb"},"inLanguage":"de","potentialAction":[{"@type":"ReadAction","target":["https:\/\/ses-creative.com\/de\/produkt\/mosaik-steckplatte-kompakt\/"]}]},{"@type":"ImageObject","inLanguage":"de","@id":"https:\/\/ses-creative.com\/de\/produkt\/mosaik-steckplatte-kompakt\/#primaryimage","url":"https:\/\/ses-creative.com\/wp-content\/uploads\/2026\/01\/140461.jpg","contentUrl":"https:\/\/ses-creative.com\/wp-content\/uploads\/2026\/01\/140461.jpg","width":1000,"height":1000},{"@type":"BreadcrumbList","@id":"https:\/\/ses-creative.com\/de\/produkt\/mosaik-steckplatte-kompakt\/#breadcrumb","itemListElement":[{"@type":"ListItem","position":1,"name":"Shop","item":"https:\/\/ses-creative.com\/de\/shop\/"},{"@type":"ListItem","position":2,"name":"Basteln","item":"https:\/\/ses-creative.com\/de\/product-categorie\/basteln\/"},{"@type":"ListItem","position":3,"name":"Mosaik-Steckplatte kompakt"}]},{"@type":"WebSite","@id":"https:\/\/ses-creative.com\/#website","url":"https:\/\/ses-creative.com\/","name":"SES Creative","description":"","publisher":{"@id":"https:\/\/ses-creative.com\/#organization"},"potentialAction":[{"@type":"SearchAction","target":{"@type":"EntryPoint","urlTemplate":"https:\/\/ses-creative.com\/?s={search_term_string}"},"query-input":{"@type":"PropertyValueSpecification","valueRequired":true,"valueName":"search_term_string"}}],"inLanguage":"de"},{"@type":"Organization","@id":"https:\/\/ses-creative.com\/#organization","name":"SES Creative","url":"https:\/\/ses-creative.com\/","logo":{"@type":"ImageObject","inLanguage":"de","@id":"https:\/\/ses-creative.com\/#\/schema\/logo\/image\/","url":"https:\/\/ses-creative.com\/wp-content\/uploads\/2025\/10\/ses-creative-logo.jpg","contentUrl":"https:\/\/ses-creative.com\/wp-content\/uploads\/2025\/10\/ses-creative-logo.jpg","width":2037,"height":2037,"caption":"SES Creative"},"image":{"@id":"https:\/\/ses-creative.com\/#\/schema\/logo\/image\/"}}]}},"_links":{"self":[{"href":"https:\/\/ses-creative.com\/de\/wp-json\/wp\/v2\/product\/114641","targetHints":{"allow":["GET"]}}],"collection":[{"href":"https:\/\/ses-creative.com\/de\/wp-json\/wp\/v2\/product"}],"about":[{"href":"https:\/\/ses-creative.com\/de\/wp-json\/wp\/v2\/types\/product"}],"replies":[{"embeddable":true,"href":"https:\/\/ses-creative.com\/de\/wp-json\/wp\/v2\/comments?post=114641"}],"wp:featuredmedia":[{"embeddable":true,"href":"https:\/\/ses-creative.com\/de\/wp-json\/wp\/v2\/media\/101528"}],"wp:attachment":[{"href":"https:\/\/ses-creative.com\/de\/wp-json\/wp\/v2\/media?parent=114641"}],"wp:term":[{"taxonomy":"product_brand","embeddable":true,"href":"https:\/\/ses-creative.com\/de\/wp-json\/wp\/v2\/product_brand?post=114641"},{"taxonomy":"product_cat","embeddable":true,"href":"https:\/\/ses-creative.com\/de\/wp-json\/wp\/v2\/product_cat?post=114641"},{"taxonomy":"product_tag","embeddable":true,"href":"https:\/\/ses-creative.com\/de\/wp-json\/wp\/v2\/product_tag?post=114641"}],"curies":[{"name":"wp","href":"https:\/\/api.w.org\/{rel}","templated":true}]}}