











{"id":114640,"date":"2026-02-05T13:52:36","date_gmt":"2026-02-05T13:52:36","guid":{"rendered":"https:\/\/ses-creative.com\/?post_type=product&#038;p=114640"},"modified":"2026-02-06T09:51:34","modified_gmt":"2026-02-06T09:51:34","slug":"junge-ingenieure-dinos","status":"publish","type":"product","link":"https:\/\/ses-creative.com\/de\/produkt\/junge-ingenieure-dinos\/","title":{"rendered":"Junge Ingenieure &#8211; Dinos"},"content":{"rendered":"<p>Bauen, basteln und entdecken Sie mit dem Set \u201eJunge Ingenieure Dinos\u201c von SES Creative! Mit diesem Papierkonstruktionsset k\u00f6nnen Kinder ihre eigenen beweglichen Dinosaurier und Baufahrzeuge basteln. Eine ideale Kombination aus Basteln, Bauen und Spielen \u2013 perfekt f\u00fcr junge Baumeister mit viel Fantasie.<\/p>\n<p>Was macht dieses Set so toll?<br \/>\n Bauen Sie selbst 4 bewegliche Dinosaurier \u2013 komplett mit Papierteilen<\/p>\n<p> Inklusive 6 Filzstiften \u2013 male deine Kreationen ganz nach deinen Vorstellungen aus<\/p>\n<p> Bewegliche Teile \u2013 erwecke deine Dinosaurier zum Leben<\/p>\n<p> F\u00f6rdert die Feinmotorik und das probleml\u00f6sende Denken<\/p>\n<p> Geeignet ab 3 Jahren<\/p>\n<p>Baue und bemale deine eigenen Dinosaurier<br \/>\nMit der verst\u00e4ndlichen Anleitung kannst du die Papierteile Schritt f\u00fcr Schritt zusammenbauen. Anschlie\u00dfend kannst du deinen Dinosauriern mit den mitgelieferten Filzstiften einen einzigartigen Look verleihen. Dank der beweglichen Elemente kannst du sofort damit spielen.<\/p>\n<p>Inhalt des Sets:<br \/>\nPapiermalvorlagen &amp; Konstruktionsteile<\/p>\n<p>6 Filzstifte<\/p>\n<p>Anleitung<\/p>\n<p>Warum SES Creative w\u00e4hlen?<br \/>\nSES Creative steht f\u00fcr sicheres, lehrreiches und kreatives Spielzeug. Dieses Set bietet Kindern eine herausfordernde Aktivit\u00e4t, die sowohl ihre Konstruktionsf\u00e4higkeiten als auch ihre Kreativit\u00e4t f\u00f6rdert.<\/p>\n<p>Bereit zum Bauen?<br \/>\nBestellen Sie jetzt das Set \u201eJunge Ingenieure \u2013 Dinosaurier\u201c von SES Creative und erwecken Sie Ihre eigene pr\u00e4historische Welt zum Leben!<\/p>\n","protected":false},"excerpt":{"rendered":"<p>Bauen, basteln und entdecken Sie mit dem Set \u201eJunge Ingenieure Dinos\u201c von SES Creative! Mit diesem Papierkonstruktionsset k\u00f6nnen Kinder ihre eigenen beweglichen Dinosaurier und Baufahrzeuge basteln. Eine ideale Kombination aus Basteln, Bauen und Spielen \u2013 perfekt f\u00fcr junge Baumeister mit viel Fantasie. Was macht dieses Set so toll? Bauen Sie selbst 4 bewegliche Dinosaurier \u2013 [&hellip;]<\/p>\n","protected":false},"featured_media":101508,"comment_status":"closed","ping_status":"closed","template":"","meta":{"_acf_changed":false},"product_brand":[],"product_cat":[115],"product_tag":[],"class_list":{"0":"post-114640","1":"product","2":"type-product","3":"status-publish","4":"has-post-thumbnail","6":"product_cat-basteln","7":"pa_leeftijd-filter-3-4-jahre","8":"pa_meest-populair-bij-jungen-maedchen","10":"first","11":"instock","12":"shipping-taxable","13":"product-type-simple"},"acf":[],"yoast_head":"<!-- This site is optimized with the Yoast SEO plugin v27.2 - https:\/\/yoast.com\/product\/yoast-seo-wordpress\/ -->\n<title>Junge Ingenieure - Dinos - SES Creative<\/title>\n<meta name=\"robots\" content=\"index, follow, max-snippet:-1, max-image-preview:large, max-video-preview:-1\" \/>\n<link rel=\"canonical\" href=\"https:\/\/ses-creative.com\/de\/produkt\/junge-ingenieure-dinos\/\" \/>\n<meta property=\"og:locale\" content=\"de_DE\" \/>\n<meta property=\"og:type\" content=\"article\" \/>\n<meta property=\"og:title\" content=\"Junge Ingenieure - Dinos - SES Creative\" \/>\n<meta property=\"og:description\" content=\"Bauen, basteln und entdecken Sie mit dem Set \u201eJunge Ingenieure Dinos\u201c von SES Creative! Mit diesem Papierkonstruktionsset k\u00f6nnen Kinder ihre eigenen beweglichen Dinosaurier und Baufahrzeuge basteln. Eine ideale Kombination aus Basteln, Bauen und Spielen \u2013 perfekt f\u00fcr junge Baumeister mit viel Fantasie. Was macht dieses Set so toll? Bauen Sie selbst 4 bewegliche Dinosaurier \u2013 [&hellip;]\" \/>\n<meta property=\"og:url\" content=\"https:\/\/ses-creative.com\/de\/produkt\/junge-ingenieure-dinos\/\" \/>\n<meta property=\"og:site_name\" content=\"SES Creative\" \/>\n<meta property=\"article:modified_time\" content=\"2026-02-06T09:51:34+00:00\" \/>\n<meta name=\"twitter:card\" content=\"summary_large_image\" \/>\n<meta name=\"twitter:label1\" content=\"Gesch\u00e4tzte Lesezeit\" \/>\n\t<meta name=\"twitter:data1\" content=\"1\u00a0Minute\" \/>\n<script type=\"application\/ld+json\" class=\"yoast-schema-graph\">{\"@context\":\"https:\/\/schema.org\",\"@graph\":[{\"@type\":\"WebPage\",\"@id\":\"https:\/\/ses-creative.com\/de\/produkt\/junge-ingenieure-dinos\/\",\"url\":\"https:\/\/ses-creative.com\/de\/produkt\/junge-ingenieure-dinos\/\",\"name\":\"Junge Ingenieure - Dinos - SES Creative\",\"isPartOf\":{\"@id\":\"https:\/\/ses-creative.com\/#website\"},\"primaryImageOfPage\":{\"@id\":\"https:\/\/ses-creative.com\/de\/produkt\/junge-ingenieure-dinos\/#primaryimage\"},\"image\":{\"@id\":\"https:\/\/ses-creative.com\/de\/produkt\/junge-ingenieure-dinos\/#primaryimage\"},\"thumbnailUrl\":\"https:\/\/ses-creative.com\/wp-content\/uploads\/2026\/01\/140451.jpg\",\"datePublished\":\"2026-02-05T13:52:36+00:00\",\"dateModified\":\"2026-02-06T09:51:34+00:00\",\"breadcrumb\":{\"@id\":\"https:\/\/ses-creative.com\/de\/produkt\/junge-ingenieure-dinos\/#breadcrumb\"},\"inLanguage\":\"de\",\"potentialAction\":[{\"@type\":\"ReadAction\",\"target\":[\"https:\/\/ses-creative.com\/de\/produkt\/junge-ingenieure-dinos\/\"]}]},{\"@type\":\"ImageObject\",\"inLanguage\":\"de\",\"@id\":\"https:\/\/ses-creative.com\/de\/produkt\/junge-ingenieure-dinos\/#primaryimage\",\"url\":\"https:\/\/ses-creative.com\/wp-content\/uploads\/2026\/01\/140451.jpg\",\"contentUrl\":\"https:\/\/ses-creative.com\/wp-content\/uploads\/2026\/01\/140451.jpg\",\"width\":1000,\"height\":1000},{\"@type\":\"BreadcrumbList\",\"@id\":\"https:\/\/ses-creative.com\/de\/produkt\/junge-ingenieure-dinos\/#breadcrumb\",\"itemListElement\":[{\"@type\":\"ListItem\",\"position\":1,\"name\":\"Shop\",\"item\":\"https:\/\/ses-creative.com\/de\/shop\/\"},{\"@type\":\"ListItem\",\"position\":2,\"name\":\"Basteln\",\"item\":\"https:\/\/ses-creative.com\/de\/product-categorie\/basteln\/\"},{\"@type\":\"ListItem\",\"position\":3,\"name\":\"Junge Ingenieure &#8211; Dinos\"}]},{\"@type\":\"WebSite\",\"@id\":\"https:\/\/ses-creative.com\/#website\",\"url\":\"https:\/\/ses-creative.com\/\",\"name\":\"SES Creative\",\"description\":\"\",\"publisher\":{\"@id\":\"https:\/\/ses-creative.com\/#organization\"},\"potentialAction\":[{\"@type\":\"SearchAction\",\"target\":{\"@type\":\"EntryPoint\",\"urlTemplate\":\"https:\/\/ses-creative.com\/?s={search_term_string}\"},\"query-input\":{\"@type\":\"PropertyValueSpecification\",\"valueRequired\":true,\"valueName\":\"search_term_string\"}}],\"inLanguage\":\"de\"},{\"@type\":\"Organization\",\"@id\":\"https:\/\/ses-creative.com\/#organization\",\"name\":\"SES Creative\",\"url\":\"https:\/\/ses-creative.com\/\",\"logo\":{\"@type\":\"ImageObject\",\"inLanguage\":\"de\",\"@id\":\"https:\/\/ses-creative.com\/#\/schema\/logo\/image\/\",\"url\":\"https:\/\/ses-creative.com\/wp-content\/uploads\/2025\/10\/ses-creative-logo.jpg\",\"contentUrl\":\"https:\/\/ses-creative.com\/wp-content\/uploads\/2025\/10\/ses-creative-logo.jpg\",\"width\":2037,\"height\":2037,\"caption\":\"SES Creative\"},\"image\":{\"@id\":\"https:\/\/ses-creative.com\/#\/schema\/logo\/image\/\"}}]}<\/script>\n<!-- \/ Yoast SEO plugin. -->","yoast_head_json":{"title":"Junge Ingenieure - Dinos - SES Creative","robots":{"index":"index","follow":"follow","max-snippet":"max-snippet:-1","max-image-preview":"max-image-preview:large","max-video-preview":"max-video-preview:-1"},"canonical":"https:\/\/ses-creative.com\/de\/produkt\/junge-ingenieure-dinos\/","og_locale":"de_DE","og_type":"article","og_title":"Junge Ingenieure - Dinos - SES Creative","og_description":"Bauen, basteln und entdecken Sie mit dem Set \u201eJunge Ingenieure Dinos\u201c von SES Creative! Mit diesem Papierkonstruktionsset k\u00f6nnen Kinder ihre eigenen beweglichen Dinosaurier und Baufahrzeuge basteln. Eine ideale Kombination aus Basteln, Bauen und Spielen \u2013 perfekt f\u00fcr junge Baumeister mit viel Fantasie. Was macht dieses Set so toll? Bauen Sie selbst 4 bewegliche Dinosaurier \u2013 [&hellip;]","og_url":"https:\/\/ses-creative.com\/de\/produkt\/junge-ingenieure-dinos\/","og_site_name":"SES Creative","article_modified_time":"2026-02-06T09:51:34+00:00","twitter_card":"summary_large_image","twitter_misc":{"Gesch\u00e4tzte Lesezeit":"1\u00a0Minute"},"schema":{"@context":"https:\/\/schema.org","@graph":[{"@type":"WebPage","@id":"https:\/\/ses-creative.com\/de\/produkt\/junge-ingenieure-dinos\/","url":"https:\/\/ses-creative.com\/de\/produkt\/junge-ingenieure-dinos\/","name":"Junge Ingenieure - Dinos - SES Creative","isPartOf":{"@id":"https:\/\/ses-creative.com\/#website"},"primaryImageOfPage":{"@id":"https:\/\/ses-creative.com\/de\/produkt\/junge-ingenieure-dinos\/#primaryimage"},"image":{"@id":"https:\/\/ses-creative.com\/de\/produkt\/junge-ingenieure-dinos\/#primaryimage"},"thumbnailUrl":"https:\/\/ses-creative.com\/wp-content\/uploads\/2026\/01\/140451.jpg","datePublished":"2026-02-05T13:52:36+00:00","dateModified":"2026-02-06T09:51:34+00:00","breadcrumb":{"@id":"https:\/\/ses-creative.com\/de\/produkt\/junge-ingenieure-dinos\/#breadcrumb"},"inLanguage":"de","potentialAction":[{"@type":"ReadAction","target":["https:\/\/ses-creative.com\/de\/produkt\/junge-ingenieure-dinos\/"]}]},{"@type":"ImageObject","inLanguage":"de","@id":"https:\/\/ses-creative.com\/de\/produkt\/junge-ingenieure-dinos\/#primaryimage","url":"https:\/\/ses-creative.com\/wp-content\/uploads\/2026\/01\/140451.jpg","contentUrl":"https:\/\/ses-creative.com\/wp-content\/uploads\/2026\/01\/140451.jpg","width":1000,"height":1000},{"@type":"BreadcrumbList","@id":"https:\/\/ses-creative.com\/de\/produkt\/junge-ingenieure-dinos\/#breadcrumb","itemListElement":[{"@type":"ListItem","position":1,"name":"Shop","item":"https:\/\/ses-creative.com\/de\/shop\/"},{"@type":"ListItem","position":2,"name":"Basteln","item":"https:\/\/ses-creative.com\/de\/product-categorie\/basteln\/"},{"@type":"ListItem","position":3,"name":"Junge Ingenieure &#8211; Dinos"}]},{"@type":"WebSite","@id":"https:\/\/ses-creative.com\/#website","url":"https:\/\/ses-creative.com\/","name":"SES Creative","description":"","publisher":{"@id":"https:\/\/ses-creative.com\/#organization"},"potentialAction":[{"@type":"SearchAction","target":{"@type":"EntryPoint","urlTemplate":"https:\/\/ses-creative.com\/?s={search_term_string}"},"query-input":{"@type":"PropertyValueSpecification","valueRequired":true,"valueName":"search_term_string"}}],"inLanguage":"de"},{"@type":"Organization","@id":"https:\/\/ses-creative.com\/#organization","name":"SES Creative","url":"https:\/\/ses-creative.com\/","logo":{"@type":"ImageObject","inLanguage":"de","@id":"https:\/\/ses-creative.com\/#\/schema\/logo\/image\/","url":"https:\/\/ses-creative.com\/wp-content\/uploads\/2025\/10\/ses-creative-logo.jpg","contentUrl":"https:\/\/ses-creative.com\/wp-content\/uploads\/2025\/10\/ses-creative-logo.jpg","width":2037,"height":2037,"caption":"SES Creative"},"image":{"@id":"https:\/\/ses-creative.com\/#\/schema\/logo\/image\/"}}]}},"_links":{"self":[{"href":"https:\/\/ses-creative.com\/de\/wp-json\/wp\/v2\/product\/114640","targetHints":{"allow":["GET"]}}],"collection":[{"href":"https:\/\/ses-creative.com\/de\/wp-json\/wp\/v2\/product"}],"about":[{"href":"https:\/\/ses-creative.com\/de\/wp-json\/wp\/v2\/types\/product"}],"replies":[{"embeddable":true,"href":"https:\/\/ses-creative.com\/de\/wp-json\/wp\/v2\/comments?post=114640"}],"wp:featuredmedia":[{"embeddable":true,"href":"https:\/\/ses-creative.com\/de\/wp-json\/wp\/v2\/media\/101508"}],"wp:attachment":[{"href":"https:\/\/ses-creative.com\/de\/wp-json\/wp\/v2\/media?parent=114640"}],"wp:term":[{"taxonomy":"product_brand","embeddable":true,"href":"https:\/\/ses-creative.com\/de\/wp-json\/wp\/v2\/product_brand?post=114640"},{"taxonomy":"product_cat","embeddable":true,"href":"https:\/\/ses-creative.com\/de\/wp-json\/wp\/v2\/product_cat?post=114640"},{"taxonomy":"product_tag","embeddable":true,"href":"https:\/\/ses-creative.com\/de\/wp-json\/wp\/v2\/product_tag?post=114640"}],"curies":[{"name":"wp","href":"https:\/\/api.w.org\/{rel}","templated":true}]}}