











{"id":114637,"date":"2026-02-05T13:52:35","date_gmt":"2026-02-05T13:52:35","guid":{"rendered":"https:\/\/ses-creative.com\/?post_type=product&#038;p=114637"},"modified":"2026-02-06T09:51:34","modified_gmt":"2026-02-06T09:51:34","slug":"ich-lerne-ausschneiden-und-aufkleben","status":"publish","type":"product","link":"https:\/\/ses-creative.com\/de\/produkt\/ich-lerne-ausschneiden-und-aufkleben\/","title":{"rendered":"Ich lerne Ausschneiden und Aufkleben"},"content":{"rendered":"<p>Entdecken Sie auf spielerische Weise die Welt des Bastelns mit dem Set \u201eIch lerne schneiden und kleben\u201d von SES Creative! Dieses komplette Einsteigerset hilft Kindern, sicher schneiden und kleben zu lernen und gleichzeitig ihre Kreativit\u00e4t und Feinmotorik zu entwickeln.<\/p>\n<p>Was macht dieses Set so toll?<br \/>\n 4 fr\u00f6hliche Schneidekarten \u2013 zum Erlernen des Schneidens von Formen<\/p>\n<p> 4 bunte Klebevorlagen \u2013 f\u00fcr die ersten Klebe-Projekte<\/p>\n<p> Sichere Kinderschere \u2013 speziell f\u00fcr kleine H\u00e4nde entwickelt<\/p>\n<p> F\u00f6rdert Kreativit\u00e4t und Motorik<\/p>\n<p> Geeignet ab 3 Jahren<\/p>\n<p>Schneiden und Kleben f\u00fcr Anf\u00e4nger<br \/>\nDie Karten in diesem Set sind so konzipiert, dass das Schneiden Schritt f\u00fcr Schritt erlernt werden kann. Kinder \u00fcben zun\u00e4chst mit geraden und einfachen Formen, um anschlie\u00dfend ihre Kreationen auf den Klebe-Karten zu befestigen. So wird jede \u00dcbung zu einem kleinen Kunstwerk.<\/p>\n<p>Inhalt des Sets:<br \/>\n4 bedruckte Schneidekarten<\/p>\n<p>4 bedruckte Plakkarten<\/p>\n<p>Sichere Kinderschere<\/p>\n<p>Fingerkleber<\/p>\n<p>Warum SES Creative w\u00e4hlen?<br \/>\nMit SES Creative Spielzeug entdecken Kinder auf sichere und spielerische Weise ihre kreativen Talente. Alle Produkte werden nachhaltig und verantwortungsbewusst in den Niederlanden hergestellt, sodass Eltern sich auf Qualit\u00e4t und Sicherheit verlassen k\u00f6nnen.<\/p>\n<p>Bastelspa\u00df vom ersten Schnitt an<br \/>\nBestellen Sie jetzt das Set \u201eIch lerne schneiden und kleben\u201d und geben Sie Kindern den perfekten Start in die Welt des Bastelns. Spielerisch lernen und Spa\u00df haben \u2013 darum geht es bei diesem Set!<\/p>\n","protected":false},"excerpt":{"rendered":"<p>Entdecken Sie auf spielerische Weise die Welt des Bastelns mit dem Set \u201eIch lerne schneiden und kleben\u201d von SES Creative! Dieses komplette Einsteigerset hilft Kindern, sicher schneiden und kleben zu lernen und gleichzeitig ihre Kreativit\u00e4t und Feinmotorik zu entwickeln. Was macht dieses Set so toll? 4 fr\u00f6hliche Schneidekarten \u2013 zum Erlernen des Schneidens von Formen [&hellip;]<\/p>\n","protected":false},"featured_media":101448,"comment_status":"closed","ping_status":"closed","template":"","meta":{"_acf_changed":false},"product_brand":[],"product_cat":[115],"product_tag":[],"class_list":{"0":"post-114637","1":"product","2":"type-product","3":"status-publish","4":"has-post-thumbnail","6":"product_cat-basteln","7":"pa_leeftijd-filter-3-4-jahre","8":"pa_meest-populair-bij-jungen-maedchen","10":"first","11":"instock","12":"shipping-taxable","13":"product-type-simple"},"acf":[],"yoast_head":"<!-- This site is optimized with the Yoast SEO plugin v27.2 - https:\/\/yoast.com\/product\/yoast-seo-wordpress\/ -->\n<title>Ich lerne Ausschneiden und Aufkleben - SES Creative<\/title>\n<meta name=\"robots\" content=\"index, follow, max-snippet:-1, max-image-preview:large, max-video-preview:-1\" \/>\n<link rel=\"canonical\" href=\"https:\/\/ses-creative.com\/de\/produkt\/ich-lerne-ausschneiden-und-aufkleben\/\" \/>\n<meta property=\"og:locale\" content=\"de_DE\" \/>\n<meta property=\"og:type\" content=\"article\" \/>\n<meta property=\"og:title\" content=\"Ich lerne Ausschneiden und Aufkleben - SES Creative\" \/>\n<meta property=\"og:description\" content=\"Entdecken Sie auf spielerische Weise die Welt des Bastelns mit dem Set \u201eIch lerne schneiden und kleben\u201d von SES Creative! Dieses komplette Einsteigerset hilft Kindern, sicher schneiden und kleben zu lernen und gleichzeitig ihre Kreativit\u00e4t und Feinmotorik zu entwickeln. Was macht dieses Set so toll? 4 fr\u00f6hliche Schneidekarten \u2013 zum Erlernen des Schneidens von Formen [&hellip;]\" \/>\n<meta property=\"og:url\" content=\"https:\/\/ses-creative.com\/de\/produkt\/ich-lerne-ausschneiden-und-aufkleben\/\" \/>\n<meta property=\"og:site_name\" content=\"SES Creative\" \/>\n<meta property=\"article:modified_time\" content=\"2026-02-06T09:51:34+00:00\" \/>\n<meta name=\"twitter:card\" content=\"summary_large_image\" \/>\n<meta name=\"twitter:label1\" content=\"Gesch\u00e4tzte Lesezeit\" \/>\n\t<meta name=\"twitter:data1\" content=\"1\u00a0Minute\" \/>\n<script type=\"application\/ld+json\" class=\"yoast-schema-graph\">{\"@context\":\"https:\/\/schema.org\",\"@graph\":[{\"@type\":\"WebPage\",\"@id\":\"https:\/\/ses-creative.com\/de\/produkt\/ich-lerne-ausschneiden-und-aufkleben\/\",\"url\":\"https:\/\/ses-creative.com\/de\/produkt\/ich-lerne-ausschneiden-und-aufkleben\/\",\"name\":\"Ich lerne Ausschneiden und Aufkleben - SES Creative\",\"isPartOf\":{\"@id\":\"https:\/\/ses-creative.com\/#website\"},\"primaryImageOfPage\":{\"@id\":\"https:\/\/ses-creative.com\/de\/produkt\/ich-lerne-ausschneiden-und-aufkleben\/#primaryimage\"},\"image\":{\"@id\":\"https:\/\/ses-creative.com\/de\/produkt\/ich-lerne-ausschneiden-und-aufkleben\/#primaryimage\"},\"thumbnailUrl\":\"https:\/\/ses-creative.com\/wp-content\/uploads\/2026\/01\/140421.jpg\",\"datePublished\":\"2026-02-05T13:52:35+00:00\",\"dateModified\":\"2026-02-06T09:51:34+00:00\",\"breadcrumb\":{\"@id\":\"https:\/\/ses-creative.com\/de\/produkt\/ich-lerne-ausschneiden-und-aufkleben\/#breadcrumb\"},\"inLanguage\":\"de\",\"potentialAction\":[{\"@type\":\"ReadAction\",\"target\":[\"https:\/\/ses-creative.com\/de\/produkt\/ich-lerne-ausschneiden-und-aufkleben\/\"]}]},{\"@type\":\"ImageObject\",\"inLanguage\":\"de\",\"@id\":\"https:\/\/ses-creative.com\/de\/produkt\/ich-lerne-ausschneiden-und-aufkleben\/#primaryimage\",\"url\":\"https:\/\/ses-creative.com\/wp-content\/uploads\/2026\/01\/140421.jpg\",\"contentUrl\":\"https:\/\/ses-creative.com\/wp-content\/uploads\/2026\/01\/140421.jpg\",\"width\":1000,\"height\":1000},{\"@type\":\"BreadcrumbList\",\"@id\":\"https:\/\/ses-creative.com\/de\/produkt\/ich-lerne-ausschneiden-und-aufkleben\/#breadcrumb\",\"itemListElement\":[{\"@type\":\"ListItem\",\"position\":1,\"name\":\"Shop\",\"item\":\"https:\/\/ses-creative.com\/de\/shop\/\"},{\"@type\":\"ListItem\",\"position\":2,\"name\":\"Basteln\",\"item\":\"https:\/\/ses-creative.com\/de\/product-categorie\/basteln\/\"},{\"@type\":\"ListItem\",\"position\":3,\"name\":\"Ich lerne Ausschneiden und Aufkleben\"}]},{\"@type\":\"WebSite\",\"@id\":\"https:\/\/ses-creative.com\/#website\",\"url\":\"https:\/\/ses-creative.com\/\",\"name\":\"SES Creative\",\"description\":\"\",\"publisher\":{\"@id\":\"https:\/\/ses-creative.com\/#organization\"},\"potentialAction\":[{\"@type\":\"SearchAction\",\"target\":{\"@type\":\"EntryPoint\",\"urlTemplate\":\"https:\/\/ses-creative.com\/?s={search_term_string}\"},\"query-input\":{\"@type\":\"PropertyValueSpecification\",\"valueRequired\":true,\"valueName\":\"search_term_string\"}}],\"inLanguage\":\"de\"},{\"@type\":\"Organization\",\"@id\":\"https:\/\/ses-creative.com\/#organization\",\"name\":\"SES Creative\",\"url\":\"https:\/\/ses-creative.com\/\",\"logo\":{\"@type\":\"ImageObject\",\"inLanguage\":\"de\",\"@id\":\"https:\/\/ses-creative.com\/#\/schema\/logo\/image\/\",\"url\":\"https:\/\/ses-creative.com\/wp-content\/uploads\/2025\/10\/ses-creative-logo.jpg\",\"contentUrl\":\"https:\/\/ses-creative.com\/wp-content\/uploads\/2025\/10\/ses-creative-logo.jpg\",\"width\":2037,\"height\":2037,\"caption\":\"SES Creative\"},\"image\":{\"@id\":\"https:\/\/ses-creative.com\/#\/schema\/logo\/image\/\"}}]}<\/script>\n<!-- \/ Yoast SEO plugin. -->","yoast_head_json":{"title":"Ich lerne Ausschneiden und Aufkleben - SES Creative","robots":{"index":"index","follow":"follow","max-snippet":"max-snippet:-1","max-image-preview":"max-image-preview:large","max-video-preview":"max-video-preview:-1"},"canonical":"https:\/\/ses-creative.com\/de\/produkt\/ich-lerne-ausschneiden-und-aufkleben\/","og_locale":"de_DE","og_type":"article","og_title":"Ich lerne Ausschneiden und Aufkleben - SES Creative","og_description":"Entdecken Sie auf spielerische Weise die Welt des Bastelns mit dem Set \u201eIch lerne schneiden und kleben\u201d von SES Creative! Dieses komplette Einsteigerset hilft Kindern, sicher schneiden und kleben zu lernen und gleichzeitig ihre Kreativit\u00e4t und Feinmotorik zu entwickeln. Was macht dieses Set so toll? 4 fr\u00f6hliche Schneidekarten \u2013 zum Erlernen des Schneidens von Formen [&hellip;]","og_url":"https:\/\/ses-creative.com\/de\/produkt\/ich-lerne-ausschneiden-und-aufkleben\/","og_site_name":"SES Creative","article_modified_time":"2026-02-06T09:51:34+00:00","twitter_card":"summary_large_image","twitter_misc":{"Gesch\u00e4tzte Lesezeit":"1\u00a0Minute"},"schema":{"@context":"https:\/\/schema.org","@graph":[{"@type":"WebPage","@id":"https:\/\/ses-creative.com\/de\/produkt\/ich-lerne-ausschneiden-und-aufkleben\/","url":"https:\/\/ses-creative.com\/de\/produkt\/ich-lerne-ausschneiden-und-aufkleben\/","name":"Ich lerne Ausschneiden und Aufkleben - SES Creative","isPartOf":{"@id":"https:\/\/ses-creative.com\/#website"},"primaryImageOfPage":{"@id":"https:\/\/ses-creative.com\/de\/produkt\/ich-lerne-ausschneiden-und-aufkleben\/#primaryimage"},"image":{"@id":"https:\/\/ses-creative.com\/de\/produkt\/ich-lerne-ausschneiden-und-aufkleben\/#primaryimage"},"thumbnailUrl":"https:\/\/ses-creative.com\/wp-content\/uploads\/2026\/01\/140421.jpg","datePublished":"2026-02-05T13:52:35+00:00","dateModified":"2026-02-06T09:51:34+00:00","breadcrumb":{"@id":"https:\/\/ses-creative.com\/de\/produkt\/ich-lerne-ausschneiden-und-aufkleben\/#breadcrumb"},"inLanguage":"de","potentialAction":[{"@type":"ReadAction","target":["https:\/\/ses-creative.com\/de\/produkt\/ich-lerne-ausschneiden-und-aufkleben\/"]}]},{"@type":"ImageObject","inLanguage":"de","@id":"https:\/\/ses-creative.com\/de\/produkt\/ich-lerne-ausschneiden-und-aufkleben\/#primaryimage","url":"https:\/\/ses-creative.com\/wp-content\/uploads\/2026\/01\/140421.jpg","contentUrl":"https:\/\/ses-creative.com\/wp-content\/uploads\/2026\/01\/140421.jpg","width":1000,"height":1000},{"@type":"BreadcrumbList","@id":"https:\/\/ses-creative.com\/de\/produkt\/ich-lerne-ausschneiden-und-aufkleben\/#breadcrumb","itemListElement":[{"@type":"ListItem","position":1,"name":"Shop","item":"https:\/\/ses-creative.com\/de\/shop\/"},{"@type":"ListItem","position":2,"name":"Basteln","item":"https:\/\/ses-creative.com\/de\/product-categorie\/basteln\/"},{"@type":"ListItem","position":3,"name":"Ich lerne Ausschneiden und Aufkleben"}]},{"@type":"WebSite","@id":"https:\/\/ses-creative.com\/#website","url":"https:\/\/ses-creative.com\/","name":"SES Creative","description":"","publisher":{"@id":"https:\/\/ses-creative.com\/#organization"},"potentialAction":[{"@type":"SearchAction","target":{"@type":"EntryPoint","urlTemplate":"https:\/\/ses-creative.com\/?s={search_term_string}"},"query-input":{"@type":"PropertyValueSpecification","valueRequired":true,"valueName":"search_term_string"}}],"inLanguage":"de"},{"@type":"Organization","@id":"https:\/\/ses-creative.com\/#organization","name":"SES Creative","url":"https:\/\/ses-creative.com\/","logo":{"@type":"ImageObject","inLanguage":"de","@id":"https:\/\/ses-creative.com\/#\/schema\/logo\/image\/","url":"https:\/\/ses-creative.com\/wp-content\/uploads\/2025\/10\/ses-creative-logo.jpg","contentUrl":"https:\/\/ses-creative.com\/wp-content\/uploads\/2025\/10\/ses-creative-logo.jpg","width":2037,"height":2037,"caption":"SES Creative"},"image":{"@id":"https:\/\/ses-creative.com\/#\/schema\/logo\/image\/"}}]}},"_links":{"self":[{"href":"https:\/\/ses-creative.com\/de\/wp-json\/wp\/v2\/product\/114637","targetHints":{"allow":["GET"]}}],"collection":[{"href":"https:\/\/ses-creative.com\/de\/wp-json\/wp\/v2\/product"}],"about":[{"href":"https:\/\/ses-creative.com\/de\/wp-json\/wp\/v2\/types\/product"}],"replies":[{"embeddable":true,"href":"https:\/\/ses-creative.com\/de\/wp-json\/wp\/v2\/comments?post=114637"}],"wp:featuredmedia":[{"embeddable":true,"href":"https:\/\/ses-creative.com\/de\/wp-json\/wp\/v2\/media\/101448"}],"wp:attachment":[{"href":"https:\/\/ses-creative.com\/de\/wp-json\/wp\/v2\/media?parent=114637"}],"wp:term":[{"taxonomy":"product_brand","embeddable":true,"href":"https:\/\/ses-creative.com\/de\/wp-json\/wp\/v2\/product_brand?post=114637"},{"taxonomy":"product_cat","embeddable":true,"href":"https:\/\/ses-creative.com\/de\/wp-json\/wp\/v2\/product_cat?post=114637"},{"taxonomy":"product_tag","embeddable":true,"href":"https:\/\/ses-creative.com\/de\/wp-json\/wp\/v2\/product_tag?post=114637"}],"curies":[{"name":"wp","href":"https:\/\/api.w.org\/{rel}","templated":true}]}}