











{"id":114635,"date":"2026-02-05T13:52:35","date_gmt":"2026-02-05T13:52:35","guid":{"rendered":"https:\/\/ses-creative.com\/?post_type=product&#038;p=114635"},"modified":"2026-02-06T09:51:34","modified_gmt":"2026-02-06T09:51:34","slug":"wichteltuer-inspired-by-nature","status":"publish","type":"product","link":"https:\/\/ses-creative.com\/de\/produkt\/wichteltuer-inspired-by-nature\/","title":{"rendered":"Wichtelt\u00fcr &#8211; Inspired by nature"},"content":{"rendered":"<p>Betreten Sie eine magische Welt mit dem Bastelset \u201eFee\u00ebndeuropening\u201c!<\/p>\n<p>Mit dem SES Creative Feent\u00fcr-Bastelset kannst du deine eigene zauberhafte Feent\u00fcr basteln, komplett mit Holzteilen und m\u00e4rchenhaften Dekorationen. Dieses kreative Set ist von der Natur inspiriert und entf\u00fchrt Kinder in eine Welt voller Magie, Fantasie und Geschichten. Perfekt f\u00fcr kleine K\u00fcnstler und Tr\u00e4umer ab 5 Jahren.<\/p>\n<p>Inhalt der Verpackung<\/p>\n<p>Mini-Holzt\u00fcr und Zubeh\u00f6r<\/p>\n<p>Kleber<\/p>\n<p>8 Buntstifte<\/p>\n<p>Aufkleberbogen mit m\u00e4rchenhaften Details<\/p>\n<p>Klare Schritt-f\u00fcr-Schritt-Anleitung<\/p>\n<p>Einzigartige Eigenschaften<\/p>\n<p>Inspiriert von der Natur und m\u00e4rchenhaften Fantasiewelten<\/p>\n<p>Enth\u00e4lt alles, was Sie f\u00fcr den sofortigen Start ben\u00f6tigen<\/p>\n<p>F\u00f6rdert Kreativit\u00e4t, Feinmotorik und fantasievolles Spielen<\/p>\n<p>Geeignet f\u00fcr Kinder ab 5 Jahren<\/p>\n<p>Jede Feent\u00fcr wird zu einem einzigartigen Kunstwerk<\/p>\n<p>Wie funktioniert das?<\/p>\n<p>Montieren Sie die Holzt\u00fcr und das Zubeh\u00f6r ganz einfach mit dem mitgelieferten Kleber. Dekorieren Sie anschlie\u00dfend Ihre Feent\u00fcr mit Buntstiften und Aufklebern. So entsteht ein magisches Tor, das zu endlosen Geschichten und Spielen einl\u00e4dt.<\/p>\n<p>Warum ist das perfekt f\u00fcr Sie?<\/p>\n<p>Dieses Set ist ideal f\u00fcr Kinder, die basteln und Magie lieben. Es bietet eine kreative Aktivit\u00e4t, die sowohl entspannend als auch lehrreich ist und bei der jedes Kind seine eigene einzigartige Fantasiewelt erschaffen kann.<\/p>\n<p>Beginnen Sie noch heute Ihr magisches Abenteuer!<\/p>\n<p>Treten Sie durch die Feent\u00fcr und entdecken Sie eine Welt voller Kreativit\u00e4t, Magie und Fantasie. Perfekt als Geschenk, Dekoration oder einfach f\u00fcr stundenlangen zauberhaften Bastelspa\u00df.<\/p>\n","protected":false},"excerpt":{"rendered":"<p>Betreten Sie eine magische Welt mit dem Bastelset \u201eFee\u00ebndeuropening\u201c! Mit dem SES Creative Feent\u00fcr-Bastelset kannst du deine eigene zauberhafte Feent\u00fcr basteln, komplett mit Holzteilen und m\u00e4rchenhaften Dekorationen. Dieses kreative Set ist von der Natur inspiriert und entf\u00fchrt Kinder in eine Welt voller Magie, Fantasie und Geschichten. Perfekt f\u00fcr kleine K\u00fcnstler und Tr\u00e4umer ab 5 Jahren. [&hellip;]<\/p>\n","protected":false},"featured_media":101408,"comment_status":"closed","ping_status":"closed","template":"","meta":{"_acf_changed":false},"product_brand":[],"product_cat":[115],"product_tag":[],"class_list":{"0":"post-114635","1":"product","2":"type-product","3":"status-publish","4":"has-post-thumbnail","6":"product_cat-basteln","7":"pa_leeftijd-filter-4-6-jahre","8":"pa_meest-populair-bij-jungen-maedchen","10":"first","11":"instock","12":"shipping-taxable","13":"product-type-simple"},"acf":[],"yoast_head":"<!-- This site is optimized with the Yoast SEO plugin v27.4 - https:\/\/yoast.com\/product\/yoast-seo-wordpress\/ -->\n<title>Wichtelt\u00fcr - Inspired by nature - SES Creative<\/title>\n<meta name=\"robots\" content=\"index, follow, max-snippet:-1, max-image-preview:large, max-video-preview:-1\" \/>\n<link rel=\"canonical\" href=\"https:\/\/ses-creative.com\/de\/produkt\/wichteltuer-inspired-by-nature\/\" \/>\n<meta property=\"og:locale\" content=\"de_DE\" \/>\n<meta property=\"og:type\" content=\"article\" \/>\n<meta property=\"og:title\" content=\"Wichtelt\u00fcr - Inspired by nature - SES Creative\" \/>\n<meta property=\"og:description\" content=\"Betreten Sie eine magische Welt mit dem Bastelset \u201eFee\u00ebndeuropening\u201c! Mit dem SES Creative Feent\u00fcr-Bastelset kannst du deine eigene zauberhafte Feent\u00fcr basteln, komplett mit Holzteilen und m\u00e4rchenhaften Dekorationen. Dieses kreative Set ist von der Natur inspiriert und entf\u00fchrt Kinder in eine Welt voller Magie, Fantasie und Geschichten. Perfekt f\u00fcr kleine K\u00fcnstler und Tr\u00e4umer ab 5 Jahren. [&hellip;]\" \/>\n<meta property=\"og:url\" content=\"https:\/\/ses-creative.com\/de\/produkt\/wichteltuer-inspired-by-nature\/\" \/>\n<meta property=\"og:site_name\" content=\"SES Creative\" \/>\n<meta property=\"article:modified_time\" content=\"2026-02-06T09:51:34+00:00\" \/>\n<meta name=\"twitter:card\" content=\"summary_large_image\" \/>\n<meta name=\"twitter:label1\" content=\"Gesch\u00e4tzte Lesezeit\" \/>\n\t<meta name=\"twitter:data1\" content=\"1\u00a0Minute\" \/>\n<script type=\"application\/ld+json\" class=\"yoast-schema-graph\">{\"@context\":\"https:\\\/\\\/schema.org\",\"@graph\":[{\"@type\":\"WebPage\",\"@id\":\"https:\\\/\\\/ses-creative.com\\\/de\\\/produkt\\\/wichteltuer-inspired-by-nature\\\/\",\"url\":\"https:\\\/\\\/ses-creative.com\\\/de\\\/produkt\\\/wichteltuer-inspired-by-nature\\\/\",\"name\":\"Wichtelt\u00fcr - Inspired by nature - SES Creative\",\"isPartOf\":{\"@id\":\"https:\\\/\\\/ses-creative.com\\\/#website\"},\"primaryImageOfPage\":{\"@id\":\"https:\\\/\\\/ses-creative.com\\\/de\\\/produkt\\\/wichteltuer-inspired-by-nature\\\/#primaryimage\"},\"image\":{\"@id\":\"https:\\\/\\\/ses-creative.com\\\/de\\\/produkt\\\/wichteltuer-inspired-by-nature\\\/#primaryimage\"},\"thumbnailUrl\":\"https:\\\/\\\/ses-creative.com\\\/wp-content\\\/uploads\\\/2026\\\/01\\\/140381.jpg\",\"datePublished\":\"2026-02-05T13:52:35+00:00\",\"dateModified\":\"2026-02-06T09:51:34+00:00\",\"breadcrumb\":{\"@id\":\"https:\\\/\\\/ses-creative.com\\\/de\\\/produkt\\\/wichteltuer-inspired-by-nature\\\/#breadcrumb\"},\"inLanguage\":\"de\",\"potentialAction\":[{\"@type\":\"ReadAction\",\"target\":[\"https:\\\/\\\/ses-creative.com\\\/de\\\/produkt\\\/wichteltuer-inspired-by-nature\\\/\"]}]},{\"@type\":\"ImageObject\",\"inLanguage\":\"de\",\"@id\":\"https:\\\/\\\/ses-creative.com\\\/de\\\/produkt\\\/wichteltuer-inspired-by-nature\\\/#primaryimage\",\"url\":\"https:\\\/\\\/ses-creative.com\\\/wp-content\\\/uploads\\\/2026\\\/01\\\/140381.jpg\",\"contentUrl\":\"https:\\\/\\\/ses-creative.com\\\/wp-content\\\/uploads\\\/2026\\\/01\\\/140381.jpg\",\"width\":1000,\"height\":1000},{\"@type\":\"BreadcrumbList\",\"@id\":\"https:\\\/\\\/ses-creative.com\\\/de\\\/produkt\\\/wichteltuer-inspired-by-nature\\\/#breadcrumb\",\"itemListElement\":[{\"@type\":\"ListItem\",\"position\":1,\"name\":\"Shop\",\"item\":\"https:\\\/\\\/ses-creative.com\\\/de\\\/shop\\\/\"},{\"@type\":\"ListItem\",\"position\":2,\"name\":\"Basteln\",\"item\":\"https:\\\/\\\/ses-creative.com\\\/de\\\/product-categorie\\\/basteln\\\/\"},{\"@type\":\"ListItem\",\"position\":3,\"name\":\"Wichtelt\u00fcr &#8211; Inspired by nature\"}]},{\"@type\":\"WebSite\",\"@id\":\"https:\\\/\\\/ses-creative.com\\\/#website\",\"url\":\"https:\\\/\\\/ses-creative.com\\\/\",\"name\":\"SES Creative\",\"description\":\"\",\"publisher\":{\"@id\":\"https:\\\/\\\/ses-creative.com\\\/#organization\"},\"potentialAction\":[{\"@type\":\"SearchAction\",\"target\":{\"@type\":\"EntryPoint\",\"urlTemplate\":\"https:\\\/\\\/ses-creative.com\\\/?s={search_term_string}\"},\"query-input\":{\"@type\":\"PropertyValueSpecification\",\"valueRequired\":true,\"valueName\":\"search_term_string\"}}],\"inLanguage\":\"de\"},{\"@type\":\"Organization\",\"@id\":\"https:\\\/\\\/ses-creative.com\\\/#organization\",\"name\":\"SES Creative\",\"url\":\"https:\\\/\\\/ses-creative.com\\\/\",\"logo\":{\"@type\":\"ImageObject\",\"inLanguage\":\"de\",\"@id\":\"https:\\\/\\\/ses-creative.com\\\/#\\\/schema\\\/logo\\\/image\\\/\",\"url\":\"https:\\\/\\\/ses-creative.com\\\/wp-content\\\/uploads\\\/2025\\\/10\\\/ses-creative-logo.jpg\",\"contentUrl\":\"https:\\\/\\\/ses-creative.com\\\/wp-content\\\/uploads\\\/2025\\\/10\\\/ses-creative-logo.jpg\",\"width\":2037,\"height\":2037,\"caption\":\"SES Creative\"},\"image\":{\"@id\":\"https:\\\/\\\/ses-creative.com\\\/#\\\/schema\\\/logo\\\/image\\\/\"}}]}<\/script>\n<!-- \/ Yoast SEO plugin. -->","yoast_head_json":{"title":"Wichtelt\u00fcr - Inspired by nature - SES Creative","robots":{"index":"index","follow":"follow","max-snippet":"max-snippet:-1","max-image-preview":"max-image-preview:large","max-video-preview":"max-video-preview:-1"},"canonical":"https:\/\/ses-creative.com\/de\/produkt\/wichteltuer-inspired-by-nature\/","og_locale":"de_DE","og_type":"article","og_title":"Wichtelt\u00fcr - Inspired by nature - SES Creative","og_description":"Betreten Sie eine magische Welt mit dem Bastelset \u201eFee\u00ebndeuropening\u201c! Mit dem SES Creative Feent\u00fcr-Bastelset kannst du deine eigene zauberhafte Feent\u00fcr basteln, komplett mit Holzteilen und m\u00e4rchenhaften Dekorationen. Dieses kreative Set ist von der Natur inspiriert und entf\u00fchrt Kinder in eine Welt voller Magie, Fantasie und Geschichten. Perfekt f\u00fcr kleine K\u00fcnstler und Tr\u00e4umer ab 5 Jahren. [&hellip;]","og_url":"https:\/\/ses-creative.com\/de\/produkt\/wichteltuer-inspired-by-nature\/","og_site_name":"SES Creative","article_modified_time":"2026-02-06T09:51:34+00:00","twitter_card":"summary_large_image","twitter_misc":{"Gesch\u00e4tzte Lesezeit":"1\u00a0Minute"},"schema":{"@context":"https:\/\/schema.org","@graph":[{"@type":"WebPage","@id":"https:\/\/ses-creative.com\/de\/produkt\/wichteltuer-inspired-by-nature\/","url":"https:\/\/ses-creative.com\/de\/produkt\/wichteltuer-inspired-by-nature\/","name":"Wichtelt\u00fcr - Inspired by nature - SES Creative","isPartOf":{"@id":"https:\/\/ses-creative.com\/#website"},"primaryImageOfPage":{"@id":"https:\/\/ses-creative.com\/de\/produkt\/wichteltuer-inspired-by-nature\/#primaryimage"},"image":{"@id":"https:\/\/ses-creative.com\/de\/produkt\/wichteltuer-inspired-by-nature\/#primaryimage"},"thumbnailUrl":"https:\/\/ses-creative.com\/wp-content\/uploads\/2026\/01\/140381.jpg","datePublished":"2026-02-05T13:52:35+00:00","dateModified":"2026-02-06T09:51:34+00:00","breadcrumb":{"@id":"https:\/\/ses-creative.com\/de\/produkt\/wichteltuer-inspired-by-nature\/#breadcrumb"},"inLanguage":"de","potentialAction":[{"@type":"ReadAction","target":["https:\/\/ses-creative.com\/de\/produkt\/wichteltuer-inspired-by-nature\/"]}]},{"@type":"ImageObject","inLanguage":"de","@id":"https:\/\/ses-creative.com\/de\/produkt\/wichteltuer-inspired-by-nature\/#primaryimage","url":"https:\/\/ses-creative.com\/wp-content\/uploads\/2026\/01\/140381.jpg","contentUrl":"https:\/\/ses-creative.com\/wp-content\/uploads\/2026\/01\/140381.jpg","width":1000,"height":1000},{"@type":"BreadcrumbList","@id":"https:\/\/ses-creative.com\/de\/produkt\/wichteltuer-inspired-by-nature\/#breadcrumb","itemListElement":[{"@type":"ListItem","position":1,"name":"Shop","item":"https:\/\/ses-creative.com\/de\/shop\/"},{"@type":"ListItem","position":2,"name":"Basteln","item":"https:\/\/ses-creative.com\/de\/product-categorie\/basteln\/"},{"@type":"ListItem","position":3,"name":"Wichtelt\u00fcr &#8211; Inspired by nature"}]},{"@type":"WebSite","@id":"https:\/\/ses-creative.com\/#website","url":"https:\/\/ses-creative.com\/","name":"SES Creative","description":"","publisher":{"@id":"https:\/\/ses-creative.com\/#organization"},"potentialAction":[{"@type":"SearchAction","target":{"@type":"EntryPoint","urlTemplate":"https:\/\/ses-creative.com\/?s={search_term_string}"},"query-input":{"@type":"PropertyValueSpecification","valueRequired":true,"valueName":"search_term_string"}}],"inLanguage":"de"},{"@type":"Organization","@id":"https:\/\/ses-creative.com\/#organization","name":"SES Creative","url":"https:\/\/ses-creative.com\/","logo":{"@type":"ImageObject","inLanguage":"de","@id":"https:\/\/ses-creative.com\/#\/schema\/logo\/image\/","url":"https:\/\/ses-creative.com\/wp-content\/uploads\/2025\/10\/ses-creative-logo.jpg","contentUrl":"https:\/\/ses-creative.com\/wp-content\/uploads\/2025\/10\/ses-creative-logo.jpg","width":2037,"height":2037,"caption":"SES Creative"},"image":{"@id":"https:\/\/ses-creative.com\/#\/schema\/logo\/image\/"}}]}},"_links":{"self":[{"href":"https:\/\/ses-creative.com\/de\/wp-json\/wp\/v2\/product\/114635","targetHints":{"allow":["GET"]}}],"collection":[{"href":"https:\/\/ses-creative.com\/de\/wp-json\/wp\/v2\/product"}],"about":[{"href":"https:\/\/ses-creative.com\/de\/wp-json\/wp\/v2\/types\/product"}],"replies":[{"embeddable":true,"href":"https:\/\/ses-creative.com\/de\/wp-json\/wp\/v2\/comments?post=114635"}],"wp:featuredmedia":[{"embeddable":true,"href":"https:\/\/ses-creative.com\/de\/wp-json\/wp\/v2\/media\/101408"}],"wp:attachment":[{"href":"https:\/\/ses-creative.com\/de\/wp-json\/wp\/v2\/media?parent=114635"}],"wp:term":[{"taxonomy":"product_brand","embeddable":true,"href":"https:\/\/ses-creative.com\/de\/wp-json\/wp\/v2\/product_brand?post=114635"},{"taxonomy":"product_cat","embeddable":true,"href":"https:\/\/ses-creative.com\/de\/wp-json\/wp\/v2\/product_cat?post=114635"},{"taxonomy":"product_tag","embeddable":true,"href":"https:\/\/ses-creative.com\/de\/wp-json\/wp\/v2\/product_tag?post=114635"}],"curies":[{"name":"wp","href":"https:\/\/api.w.org\/{rel}","templated":true}]}}