











{"id":114632,"date":"2026-02-05T13:52:35","date_gmt":"2026-02-05T13:52:35","guid":{"rendered":"https:\/\/ses-creative.com\/?post_type=product&#038;p=114632"},"modified":"2026-02-06T09:51:34","modified_gmt":"2026-02-06T09:51:34","slug":"holzschmetterlinge-dekorieren-inspired-by-nature","status":"publish","type":"product","link":"https:\/\/ses-creative.com\/de\/produkt\/holzschmetterlinge-dekorieren-inspired-by-nature\/","title":{"rendered":"Holzschmetterlinge dekorieren &#8211; Inspired by nature"},"content":{"rendered":"<p>Dekorieren Sie Ihre eigenen Holzschmetterlinge und erwecken Sie die Natur zum Leben!<\/p>\n<p>Mit dem SES Creative Holzschmetterlinge dekorieren Set kannst du wundersch\u00f6ne Schmetterlinge aus echtem Holz basteln. Setze sie einfach zusammen und erwecke sie mit den mitgelieferten Farben und Pinseln zum Leben. Perfekt f\u00fcr kreative Kinder ab 5 Jahren, die gerne basteln und naturinspirierte Kunstwerke schaffen m\u00f6chten.<\/p>\n<p>Inhalt der Verpackung:<\/p>\n<p>2 Holzplatten mit Schmetterlingsteilen<\/p>\n<p>6 Farben Farbe<\/p>\n<p>Pinsel<\/p>\n<p>Kleber<\/p>\n<p>Einzigartige Eigenschaften:<\/p>\n<p>Inspiriert von der Natur: Arbeiten mit echten Naturmaterialien<\/p>\n<p>Echtes Holz f\u00fcr eine nachhaltige und nat\u00fcrliche Ausstrahlung<\/p>\n<p>F\u00f6rdert Kreativit\u00e4t, Fantasie und Feinmotorik<\/p>\n<p>Alles, was Sie brauchen, ist im Set enthalten<\/p>\n<p>Geeignet f\u00fcr Kinder ab 5 Jahren<\/p>\n<p>Warum das so toll ist<br \/>\nMit diesem Set basteln Kinder nicht nur einen fr\u00f6hlichen Schmetterling, sondern auch ein Kunstwerk, auf das sie stolz sein k\u00f6nnen. Die Holzschmetterlinge sind stabil und eignen sich hervorragend als Dekoration oder Geschenk. Ideal f\u00fcr kreative Nachmittage, Spielverabredungen oder einfach zum Basteln.<\/p>\n<p>Beginnen Sie noch heute mit dem Verzieren Ihrer eigenen Schmetterlinge und entdecken Sie, wie viel Spa\u00df das Basteln mit nat\u00fcrlichen Materialien machen kann!<\/p>\n","protected":false},"excerpt":{"rendered":"<p>Dekorieren Sie Ihre eigenen Holzschmetterlinge und erwecken Sie die Natur zum Leben! Mit dem SES Creative Holzschmetterlinge dekorieren Set kannst du wundersch\u00f6ne Schmetterlinge aus echtem Holz basteln. Setze sie einfach zusammen und erwecke sie mit den mitgelieferten Farben und Pinseln zum Leben. Perfekt f\u00fcr kreative Kinder ab 5 Jahren, die gerne basteln und naturinspirierte Kunstwerke [&hellip;]<\/p>\n","protected":false},"featured_media":101368,"comment_status":"closed","ping_status":"closed","template":"","meta":{"_acf_changed":false},"product_brand":[],"product_cat":[115],"product_tag":[],"class_list":{"0":"post-114632","1":"product","2":"type-product","3":"status-publish","4":"has-post-thumbnail","6":"product_cat-basteln","7":"pa_leeftijd-filter-4-6-jahre","8":"pa_meest-populair-bij-jungen-maedchen","10":"first","11":"instock","12":"shipping-taxable","13":"product-type-simple"},"acf":[],"yoast_head":"<!-- This site is optimized with the Yoast SEO plugin v27.2 - https:\/\/yoast.com\/product\/yoast-seo-wordpress\/ -->\n<title>Holzschmetterlinge dekorieren - Inspired by nature - SES Creative<\/title>\n<meta name=\"robots\" content=\"index, follow, max-snippet:-1, max-image-preview:large, max-video-preview:-1\" \/>\n<link rel=\"canonical\" href=\"https:\/\/ses-creative.com\/de\/produkt\/holzschmetterlinge-dekorieren-inspired-by-nature\/\" \/>\n<meta property=\"og:locale\" content=\"de_DE\" \/>\n<meta property=\"og:type\" content=\"article\" \/>\n<meta property=\"og:title\" content=\"Holzschmetterlinge dekorieren - Inspired by nature - SES Creative\" \/>\n<meta property=\"og:description\" content=\"Dekorieren Sie Ihre eigenen Holzschmetterlinge und erwecken Sie die Natur zum Leben! Mit dem SES Creative Holzschmetterlinge dekorieren Set kannst du wundersch\u00f6ne Schmetterlinge aus echtem Holz basteln. Setze sie einfach zusammen und erwecke sie mit den mitgelieferten Farben und Pinseln zum Leben. Perfekt f\u00fcr kreative Kinder ab 5 Jahren, die gerne basteln und naturinspirierte Kunstwerke [&hellip;]\" \/>\n<meta property=\"og:url\" content=\"https:\/\/ses-creative.com\/de\/produkt\/holzschmetterlinge-dekorieren-inspired-by-nature\/\" \/>\n<meta property=\"og:site_name\" content=\"SES Creative\" \/>\n<meta property=\"article:modified_time\" content=\"2026-02-06T09:51:34+00:00\" \/>\n<meta name=\"twitter:card\" content=\"summary_large_image\" \/>\n<meta name=\"twitter:label1\" content=\"Gesch\u00e4tzte Lesezeit\" \/>\n\t<meta name=\"twitter:data1\" content=\"1\u00a0Minute\" \/>\n<script type=\"application\/ld+json\" class=\"yoast-schema-graph\">{\"@context\":\"https:\/\/schema.org\",\"@graph\":[{\"@type\":\"WebPage\",\"@id\":\"https:\/\/ses-creative.com\/de\/produkt\/holzschmetterlinge-dekorieren-inspired-by-nature\/\",\"url\":\"https:\/\/ses-creative.com\/de\/produkt\/holzschmetterlinge-dekorieren-inspired-by-nature\/\",\"name\":\"Holzschmetterlinge dekorieren - Inspired by nature - SES Creative\",\"isPartOf\":{\"@id\":\"https:\/\/ses-creative.com\/#website\"},\"primaryImageOfPage\":{\"@id\":\"https:\/\/ses-creative.com\/de\/produkt\/holzschmetterlinge-dekorieren-inspired-by-nature\/#primaryimage\"},\"image\":{\"@id\":\"https:\/\/ses-creative.com\/de\/produkt\/holzschmetterlinge-dekorieren-inspired-by-nature\/#primaryimage\"},\"thumbnailUrl\":\"https:\/\/ses-creative.com\/wp-content\/uploads\/2026\/01\/140351.jpg\",\"datePublished\":\"2026-02-05T13:52:35+00:00\",\"dateModified\":\"2026-02-06T09:51:34+00:00\",\"breadcrumb\":{\"@id\":\"https:\/\/ses-creative.com\/de\/produkt\/holzschmetterlinge-dekorieren-inspired-by-nature\/#breadcrumb\"},\"inLanguage\":\"de\",\"potentialAction\":[{\"@type\":\"ReadAction\",\"target\":[\"https:\/\/ses-creative.com\/de\/produkt\/holzschmetterlinge-dekorieren-inspired-by-nature\/\"]}]},{\"@type\":\"ImageObject\",\"inLanguage\":\"de\",\"@id\":\"https:\/\/ses-creative.com\/de\/produkt\/holzschmetterlinge-dekorieren-inspired-by-nature\/#primaryimage\",\"url\":\"https:\/\/ses-creative.com\/wp-content\/uploads\/2026\/01\/140351.jpg\",\"contentUrl\":\"https:\/\/ses-creative.com\/wp-content\/uploads\/2026\/01\/140351.jpg\",\"width\":1000,\"height\":1000},{\"@type\":\"BreadcrumbList\",\"@id\":\"https:\/\/ses-creative.com\/de\/produkt\/holzschmetterlinge-dekorieren-inspired-by-nature\/#breadcrumb\",\"itemListElement\":[{\"@type\":\"ListItem\",\"position\":1,\"name\":\"Shop\",\"item\":\"https:\/\/ses-creative.com\/de\/shop\/\"},{\"@type\":\"ListItem\",\"position\":2,\"name\":\"Basteln\",\"item\":\"https:\/\/ses-creative.com\/de\/product-categorie\/basteln\/\"},{\"@type\":\"ListItem\",\"position\":3,\"name\":\"Holzschmetterlinge dekorieren &#8211; Inspired by nature\"}]},{\"@type\":\"WebSite\",\"@id\":\"https:\/\/ses-creative.com\/#website\",\"url\":\"https:\/\/ses-creative.com\/\",\"name\":\"SES Creative\",\"description\":\"\",\"publisher\":{\"@id\":\"https:\/\/ses-creative.com\/#organization\"},\"potentialAction\":[{\"@type\":\"SearchAction\",\"target\":{\"@type\":\"EntryPoint\",\"urlTemplate\":\"https:\/\/ses-creative.com\/?s={search_term_string}\"},\"query-input\":{\"@type\":\"PropertyValueSpecification\",\"valueRequired\":true,\"valueName\":\"search_term_string\"}}],\"inLanguage\":\"de\"},{\"@type\":\"Organization\",\"@id\":\"https:\/\/ses-creative.com\/#organization\",\"name\":\"SES Creative\",\"url\":\"https:\/\/ses-creative.com\/\",\"logo\":{\"@type\":\"ImageObject\",\"inLanguage\":\"de\",\"@id\":\"https:\/\/ses-creative.com\/#\/schema\/logo\/image\/\",\"url\":\"https:\/\/ses-creative.com\/wp-content\/uploads\/2025\/10\/ses-creative-logo.jpg\",\"contentUrl\":\"https:\/\/ses-creative.com\/wp-content\/uploads\/2025\/10\/ses-creative-logo.jpg\",\"width\":2037,\"height\":2037,\"caption\":\"SES Creative\"},\"image\":{\"@id\":\"https:\/\/ses-creative.com\/#\/schema\/logo\/image\/\"}}]}<\/script>\n<!-- \/ Yoast SEO plugin. -->","yoast_head_json":{"title":"Holzschmetterlinge dekorieren - Inspired by nature - SES Creative","robots":{"index":"index","follow":"follow","max-snippet":"max-snippet:-1","max-image-preview":"max-image-preview:large","max-video-preview":"max-video-preview:-1"},"canonical":"https:\/\/ses-creative.com\/de\/produkt\/holzschmetterlinge-dekorieren-inspired-by-nature\/","og_locale":"de_DE","og_type":"article","og_title":"Holzschmetterlinge dekorieren - Inspired by nature - SES Creative","og_description":"Dekorieren Sie Ihre eigenen Holzschmetterlinge und erwecken Sie die Natur zum Leben! Mit dem SES Creative Holzschmetterlinge dekorieren Set kannst du wundersch\u00f6ne Schmetterlinge aus echtem Holz basteln. Setze sie einfach zusammen und erwecke sie mit den mitgelieferten Farben und Pinseln zum Leben. Perfekt f\u00fcr kreative Kinder ab 5 Jahren, die gerne basteln und naturinspirierte Kunstwerke [&hellip;]","og_url":"https:\/\/ses-creative.com\/de\/produkt\/holzschmetterlinge-dekorieren-inspired-by-nature\/","og_site_name":"SES Creative","article_modified_time":"2026-02-06T09:51:34+00:00","twitter_card":"summary_large_image","twitter_misc":{"Gesch\u00e4tzte Lesezeit":"1\u00a0Minute"},"schema":{"@context":"https:\/\/schema.org","@graph":[{"@type":"WebPage","@id":"https:\/\/ses-creative.com\/de\/produkt\/holzschmetterlinge-dekorieren-inspired-by-nature\/","url":"https:\/\/ses-creative.com\/de\/produkt\/holzschmetterlinge-dekorieren-inspired-by-nature\/","name":"Holzschmetterlinge dekorieren - Inspired by nature - SES Creative","isPartOf":{"@id":"https:\/\/ses-creative.com\/#website"},"primaryImageOfPage":{"@id":"https:\/\/ses-creative.com\/de\/produkt\/holzschmetterlinge-dekorieren-inspired-by-nature\/#primaryimage"},"image":{"@id":"https:\/\/ses-creative.com\/de\/produkt\/holzschmetterlinge-dekorieren-inspired-by-nature\/#primaryimage"},"thumbnailUrl":"https:\/\/ses-creative.com\/wp-content\/uploads\/2026\/01\/140351.jpg","datePublished":"2026-02-05T13:52:35+00:00","dateModified":"2026-02-06T09:51:34+00:00","breadcrumb":{"@id":"https:\/\/ses-creative.com\/de\/produkt\/holzschmetterlinge-dekorieren-inspired-by-nature\/#breadcrumb"},"inLanguage":"de","potentialAction":[{"@type":"ReadAction","target":["https:\/\/ses-creative.com\/de\/produkt\/holzschmetterlinge-dekorieren-inspired-by-nature\/"]}]},{"@type":"ImageObject","inLanguage":"de","@id":"https:\/\/ses-creative.com\/de\/produkt\/holzschmetterlinge-dekorieren-inspired-by-nature\/#primaryimage","url":"https:\/\/ses-creative.com\/wp-content\/uploads\/2026\/01\/140351.jpg","contentUrl":"https:\/\/ses-creative.com\/wp-content\/uploads\/2026\/01\/140351.jpg","width":1000,"height":1000},{"@type":"BreadcrumbList","@id":"https:\/\/ses-creative.com\/de\/produkt\/holzschmetterlinge-dekorieren-inspired-by-nature\/#breadcrumb","itemListElement":[{"@type":"ListItem","position":1,"name":"Shop","item":"https:\/\/ses-creative.com\/de\/shop\/"},{"@type":"ListItem","position":2,"name":"Basteln","item":"https:\/\/ses-creative.com\/de\/product-categorie\/basteln\/"},{"@type":"ListItem","position":3,"name":"Holzschmetterlinge dekorieren &#8211; Inspired by nature"}]},{"@type":"WebSite","@id":"https:\/\/ses-creative.com\/#website","url":"https:\/\/ses-creative.com\/","name":"SES Creative","description":"","publisher":{"@id":"https:\/\/ses-creative.com\/#organization"},"potentialAction":[{"@type":"SearchAction","target":{"@type":"EntryPoint","urlTemplate":"https:\/\/ses-creative.com\/?s={search_term_string}"},"query-input":{"@type":"PropertyValueSpecification","valueRequired":true,"valueName":"search_term_string"}}],"inLanguage":"de"},{"@type":"Organization","@id":"https:\/\/ses-creative.com\/#organization","name":"SES Creative","url":"https:\/\/ses-creative.com\/","logo":{"@type":"ImageObject","inLanguage":"de","@id":"https:\/\/ses-creative.com\/#\/schema\/logo\/image\/","url":"https:\/\/ses-creative.com\/wp-content\/uploads\/2025\/10\/ses-creative-logo.jpg","contentUrl":"https:\/\/ses-creative.com\/wp-content\/uploads\/2025\/10\/ses-creative-logo.jpg","width":2037,"height":2037,"caption":"SES Creative"},"image":{"@id":"https:\/\/ses-creative.com\/#\/schema\/logo\/image\/"}}]}},"_links":{"self":[{"href":"https:\/\/ses-creative.com\/de\/wp-json\/wp\/v2\/product\/114632","targetHints":{"allow":["GET"]}}],"collection":[{"href":"https:\/\/ses-creative.com\/de\/wp-json\/wp\/v2\/product"}],"about":[{"href":"https:\/\/ses-creative.com\/de\/wp-json\/wp\/v2\/types\/product"}],"replies":[{"embeddable":true,"href":"https:\/\/ses-creative.com\/de\/wp-json\/wp\/v2\/comments?post=114632"}],"wp:featuredmedia":[{"embeddable":true,"href":"https:\/\/ses-creative.com\/de\/wp-json\/wp\/v2\/media\/101368"}],"wp:attachment":[{"href":"https:\/\/ses-creative.com\/de\/wp-json\/wp\/v2\/media?parent=114632"}],"wp:term":[{"taxonomy":"product_brand","embeddable":true,"href":"https:\/\/ses-creative.com\/de\/wp-json\/wp\/v2\/product_brand?post=114632"},{"taxonomy":"product_cat","embeddable":true,"href":"https:\/\/ses-creative.com\/de\/wp-json\/wp\/v2\/product_cat?post=114632"},{"taxonomy":"product_tag","embeddable":true,"href":"https:\/\/ses-creative.com\/de\/wp-json\/wp\/v2\/product_tag?post=114632"}],"curies":[{"name":"wp","href":"https:\/\/api.w.org\/{rel}","templated":true}]}}