











{"id":114630,"date":"2026-02-05T13:52:34","date_gmt":"2026-02-05T13:52:34","guid":{"rendered":"https:\/\/ses-creative.com\/?post_type=product&#038;p=114630"},"modified":"2026-02-06T09:51:33","modified_gmt":"2026-02-06T09:51:33","slug":"steine-und-treibholz-dekorieren-inspired-by-nature","status":"publish","type":"product","link":"https:\/\/ses-creative.com\/de\/produkt\/steine-und-treibholz-dekorieren-inspired-by-nature\/","title":{"rendered":"Steine und Treibholz dekorieren &#8211; Inspired by nature"},"content":{"rendered":"<p>Steine und Treibholz dekorieren: Kreieren Sie Ihre eigenen nat\u00fcrlichen Kunstwerke!<\/p>\n<p>Mit dem Set \u201eSteine und Treibholz dekorieren\u201d von SES Creative kannst du Steine und Treibholz in wundersch\u00f6ne Kunstwerke verwandeln. Dieses von der Natur inspirierte Set enth\u00e4lt alles, was du brauchst, um echte Steine und Treibholz mit Farbe zu verzieren. Perfekt f\u00fcr kreative Kinder ab 5 Jahren, die gerne mit nat\u00fcrlichen Materialien basteln!<\/p>\n<p>Inhalt der Verpackung<\/p>\n<p>3 wei\u00dfe Steine<\/p>\n<p>Mischung aus Treibholz<\/p>\n<p>6 Farben Farbe<\/p>\n<p>Pinsel<\/p>\n<p>Rubbelaufkleber<\/p>\n<p>Warum dieses Set so toll ist<\/p>\n<p>Kombiniert Kreativit\u00e4t mit nat\u00fcrlichen Materialien<\/p>\n<p>Gut deckende Farbe f\u00fcr farbenfrohe und dauerhafte Ergebnisse<\/p>\n<p>F\u00f6rdert Fantasie, Motorik und Kunstsinn<\/p>\n<p>Inklusive Steinen und Treibholz f\u00fcr abwechslungsreiche Projekte<\/p>\n<p>Rubbelaufkleber machen das Dekorieren noch einfacher und machen noch mehr Spa\u00df<\/p>\n<p>Wie funktioniert es?<br \/>\nW\u00e4hlen Sie einen Stein oder ein St\u00fcck Treibholz aus, bemalen Sie es mit der mitgelieferten Farbe und f\u00fcgen Sie mit den Aufklebern Details hinzu. Lassen Sie Ihr Werk trocknen und bewundern Sie Ihr von der Natur inspiriertes Kunstwerk. Jedes St\u00fcck ist einzigartig und spiegelt Ihren pers\u00f6nlichen Stil wider.<\/p>\n<p>Bist du bereit, nat\u00fcrliche Kunst zu schaffen?<br \/>\nHolen Sie sich das Set \u201eSteine und Treibholz dekorieren\u201d von SES Creative und beginnen Sie noch heute mit der Gestaltung Ihrer eigenen Naturkunstwerke. Worauf warten Sie noch? Entdecken Sie die Sch\u00f6nheit von Steinen und Holz und schaffen Sie etwas, auf das Sie stolz sein k\u00f6nnen!<\/p>\n","protected":false},"excerpt":{"rendered":"<p>Steine und Treibholz dekorieren: Kreieren Sie Ihre eigenen nat\u00fcrlichen Kunstwerke! Mit dem Set \u201eSteine und Treibholz dekorieren\u201d von SES Creative kannst du Steine und Treibholz in wundersch\u00f6ne Kunstwerke verwandeln. Dieses von der Natur inspirierte Set enth\u00e4lt alles, was du brauchst, um echte Steine und Treibholz mit Farbe zu verzieren. Perfekt f\u00fcr kreative Kinder ab 5 [&hellip;]<\/p>\n","protected":false},"featured_media":95156,"comment_status":"closed","ping_status":"closed","template":"","meta":{"_acf_changed":false},"product_brand":[],"product_cat":[115],"product_tag":[],"class_list":{"0":"post-114630","1":"product","2":"type-product","3":"status-publish","4":"has-post-thumbnail","6":"product_cat-basteln","7":"pa_leeftijd-filter-4-6-jahre","8":"pa_meest-populair-bij-jungen-maedchen","10":"first","11":"instock","12":"shipping-taxable","13":"product-type-simple"},"acf":[],"yoast_head":"<!-- This site is optimized with the Yoast SEO plugin v27.2 - https:\/\/yoast.com\/product\/yoast-seo-wordpress\/ -->\n<title>Steine und Treibholz dekorieren - Inspired by nature - SES Creative<\/title>\n<meta name=\"robots\" content=\"index, follow, max-snippet:-1, max-image-preview:large, max-video-preview:-1\" \/>\n<link rel=\"canonical\" href=\"https:\/\/ses-creative.com\/de\/produkt\/steine-und-treibholz-dekorieren-inspired-by-nature\/\" \/>\n<meta property=\"og:locale\" content=\"de_DE\" \/>\n<meta property=\"og:type\" content=\"article\" \/>\n<meta property=\"og:title\" content=\"Steine und Treibholz dekorieren - Inspired by nature - SES Creative\" \/>\n<meta property=\"og:description\" content=\"Steine und Treibholz dekorieren: Kreieren Sie Ihre eigenen nat\u00fcrlichen Kunstwerke! Mit dem Set \u201eSteine und Treibholz dekorieren\u201d von SES Creative kannst du Steine und Treibholz in wundersch\u00f6ne Kunstwerke verwandeln. Dieses von der Natur inspirierte Set enth\u00e4lt alles, was du brauchst, um echte Steine und Treibholz mit Farbe zu verzieren. Perfekt f\u00fcr kreative Kinder ab 5 [&hellip;]\" \/>\n<meta property=\"og:url\" content=\"https:\/\/ses-creative.com\/de\/produkt\/steine-und-treibholz-dekorieren-inspired-by-nature\/\" \/>\n<meta property=\"og:site_name\" content=\"SES Creative\" \/>\n<meta property=\"article:modified_time\" content=\"2026-02-06T09:51:33+00:00\" \/>\n<meta name=\"twitter:card\" content=\"summary_large_image\" \/>\n<meta name=\"twitter:label1\" content=\"Gesch\u00e4tzte Lesezeit\" \/>\n\t<meta name=\"twitter:data1\" content=\"1\u00a0Minute\" \/>\n<script type=\"application\/ld+json\" class=\"yoast-schema-graph\">{\"@context\":\"https:\/\/schema.org\",\"@graph\":[{\"@type\":\"WebPage\",\"@id\":\"https:\/\/ses-creative.com\/de\/produkt\/steine-und-treibholz-dekorieren-inspired-by-nature\/\",\"url\":\"https:\/\/ses-creative.com\/de\/produkt\/steine-und-treibholz-dekorieren-inspired-by-nature\/\",\"name\":\"Steine und Treibholz dekorieren - Inspired by nature - SES Creative\",\"isPartOf\":{\"@id\":\"https:\/\/ses-creative.com\/#website\"},\"primaryImageOfPage\":{\"@id\":\"https:\/\/ses-creative.com\/de\/produkt\/steine-und-treibholz-dekorieren-inspired-by-nature\/#primaryimage\"},\"image\":{\"@id\":\"https:\/\/ses-creative.com\/de\/produkt\/steine-und-treibholz-dekorieren-inspired-by-nature\/#primaryimage\"},\"thumbnailUrl\":\"https:\/\/ses-creative.com\/wp-content\/uploads\/2026\/01\/140321.jpg\",\"datePublished\":\"2026-02-05T13:52:34+00:00\",\"dateModified\":\"2026-02-06T09:51:33+00:00\",\"breadcrumb\":{\"@id\":\"https:\/\/ses-creative.com\/de\/produkt\/steine-und-treibholz-dekorieren-inspired-by-nature\/#breadcrumb\"},\"inLanguage\":\"de\",\"potentialAction\":[{\"@type\":\"ReadAction\",\"target\":[\"https:\/\/ses-creative.com\/de\/produkt\/steine-und-treibholz-dekorieren-inspired-by-nature\/\"]}]},{\"@type\":\"ImageObject\",\"inLanguage\":\"de\",\"@id\":\"https:\/\/ses-creative.com\/de\/produkt\/steine-und-treibholz-dekorieren-inspired-by-nature\/#primaryimage\",\"url\":\"https:\/\/ses-creative.com\/wp-content\/uploads\/2026\/01\/140321.jpg\",\"contentUrl\":\"https:\/\/ses-creative.com\/wp-content\/uploads\/2026\/01\/140321.jpg\",\"width\":1000,\"height\":1000},{\"@type\":\"BreadcrumbList\",\"@id\":\"https:\/\/ses-creative.com\/de\/produkt\/steine-und-treibholz-dekorieren-inspired-by-nature\/#breadcrumb\",\"itemListElement\":[{\"@type\":\"ListItem\",\"position\":1,\"name\":\"Shop\",\"item\":\"https:\/\/ses-creative.com\/de\/shop\/\"},{\"@type\":\"ListItem\",\"position\":2,\"name\":\"Basteln\",\"item\":\"https:\/\/ses-creative.com\/de\/product-categorie\/basteln\/\"},{\"@type\":\"ListItem\",\"position\":3,\"name\":\"Steine und Treibholz dekorieren &#8211; Inspired by nature\"}]},{\"@type\":\"WebSite\",\"@id\":\"https:\/\/ses-creative.com\/#website\",\"url\":\"https:\/\/ses-creative.com\/\",\"name\":\"SES Creative\",\"description\":\"\",\"publisher\":{\"@id\":\"https:\/\/ses-creative.com\/#organization\"},\"potentialAction\":[{\"@type\":\"SearchAction\",\"target\":{\"@type\":\"EntryPoint\",\"urlTemplate\":\"https:\/\/ses-creative.com\/?s={search_term_string}\"},\"query-input\":{\"@type\":\"PropertyValueSpecification\",\"valueRequired\":true,\"valueName\":\"search_term_string\"}}],\"inLanguage\":\"de\"},{\"@type\":\"Organization\",\"@id\":\"https:\/\/ses-creative.com\/#organization\",\"name\":\"SES Creative\",\"url\":\"https:\/\/ses-creative.com\/\",\"logo\":{\"@type\":\"ImageObject\",\"inLanguage\":\"de\",\"@id\":\"https:\/\/ses-creative.com\/#\/schema\/logo\/image\/\",\"url\":\"https:\/\/ses-creative.com\/wp-content\/uploads\/2025\/10\/ses-creative-logo.jpg\",\"contentUrl\":\"https:\/\/ses-creative.com\/wp-content\/uploads\/2025\/10\/ses-creative-logo.jpg\",\"width\":2037,\"height\":2037,\"caption\":\"SES Creative\"},\"image\":{\"@id\":\"https:\/\/ses-creative.com\/#\/schema\/logo\/image\/\"}}]}<\/script>\n<!-- \/ Yoast SEO plugin. -->","yoast_head_json":{"title":"Steine und Treibholz dekorieren - Inspired by nature - SES Creative","robots":{"index":"index","follow":"follow","max-snippet":"max-snippet:-1","max-image-preview":"max-image-preview:large","max-video-preview":"max-video-preview:-1"},"canonical":"https:\/\/ses-creative.com\/de\/produkt\/steine-und-treibholz-dekorieren-inspired-by-nature\/","og_locale":"de_DE","og_type":"article","og_title":"Steine und Treibholz dekorieren - Inspired by nature - SES Creative","og_description":"Steine und Treibholz dekorieren: Kreieren Sie Ihre eigenen nat\u00fcrlichen Kunstwerke! Mit dem Set \u201eSteine und Treibholz dekorieren\u201d von SES Creative kannst du Steine und Treibholz in wundersch\u00f6ne Kunstwerke verwandeln. Dieses von der Natur inspirierte Set enth\u00e4lt alles, was du brauchst, um echte Steine und Treibholz mit Farbe zu verzieren. Perfekt f\u00fcr kreative Kinder ab 5 [&hellip;]","og_url":"https:\/\/ses-creative.com\/de\/produkt\/steine-und-treibholz-dekorieren-inspired-by-nature\/","og_site_name":"SES Creative","article_modified_time":"2026-02-06T09:51:33+00:00","twitter_card":"summary_large_image","twitter_misc":{"Gesch\u00e4tzte Lesezeit":"1\u00a0Minute"},"schema":{"@context":"https:\/\/schema.org","@graph":[{"@type":"WebPage","@id":"https:\/\/ses-creative.com\/de\/produkt\/steine-und-treibholz-dekorieren-inspired-by-nature\/","url":"https:\/\/ses-creative.com\/de\/produkt\/steine-und-treibholz-dekorieren-inspired-by-nature\/","name":"Steine und Treibholz dekorieren - Inspired by nature - SES Creative","isPartOf":{"@id":"https:\/\/ses-creative.com\/#website"},"primaryImageOfPage":{"@id":"https:\/\/ses-creative.com\/de\/produkt\/steine-und-treibholz-dekorieren-inspired-by-nature\/#primaryimage"},"image":{"@id":"https:\/\/ses-creative.com\/de\/produkt\/steine-und-treibholz-dekorieren-inspired-by-nature\/#primaryimage"},"thumbnailUrl":"https:\/\/ses-creative.com\/wp-content\/uploads\/2026\/01\/140321.jpg","datePublished":"2026-02-05T13:52:34+00:00","dateModified":"2026-02-06T09:51:33+00:00","breadcrumb":{"@id":"https:\/\/ses-creative.com\/de\/produkt\/steine-und-treibholz-dekorieren-inspired-by-nature\/#breadcrumb"},"inLanguage":"de","potentialAction":[{"@type":"ReadAction","target":["https:\/\/ses-creative.com\/de\/produkt\/steine-und-treibholz-dekorieren-inspired-by-nature\/"]}]},{"@type":"ImageObject","inLanguage":"de","@id":"https:\/\/ses-creative.com\/de\/produkt\/steine-und-treibholz-dekorieren-inspired-by-nature\/#primaryimage","url":"https:\/\/ses-creative.com\/wp-content\/uploads\/2026\/01\/140321.jpg","contentUrl":"https:\/\/ses-creative.com\/wp-content\/uploads\/2026\/01\/140321.jpg","width":1000,"height":1000},{"@type":"BreadcrumbList","@id":"https:\/\/ses-creative.com\/de\/produkt\/steine-und-treibholz-dekorieren-inspired-by-nature\/#breadcrumb","itemListElement":[{"@type":"ListItem","position":1,"name":"Shop","item":"https:\/\/ses-creative.com\/de\/shop\/"},{"@type":"ListItem","position":2,"name":"Basteln","item":"https:\/\/ses-creative.com\/de\/product-categorie\/basteln\/"},{"@type":"ListItem","position":3,"name":"Steine und Treibholz dekorieren &#8211; Inspired by nature"}]},{"@type":"WebSite","@id":"https:\/\/ses-creative.com\/#website","url":"https:\/\/ses-creative.com\/","name":"SES Creative","description":"","publisher":{"@id":"https:\/\/ses-creative.com\/#organization"},"potentialAction":[{"@type":"SearchAction","target":{"@type":"EntryPoint","urlTemplate":"https:\/\/ses-creative.com\/?s={search_term_string}"},"query-input":{"@type":"PropertyValueSpecification","valueRequired":true,"valueName":"search_term_string"}}],"inLanguage":"de"},{"@type":"Organization","@id":"https:\/\/ses-creative.com\/#organization","name":"SES Creative","url":"https:\/\/ses-creative.com\/","logo":{"@type":"ImageObject","inLanguage":"de","@id":"https:\/\/ses-creative.com\/#\/schema\/logo\/image\/","url":"https:\/\/ses-creative.com\/wp-content\/uploads\/2025\/10\/ses-creative-logo.jpg","contentUrl":"https:\/\/ses-creative.com\/wp-content\/uploads\/2025\/10\/ses-creative-logo.jpg","width":2037,"height":2037,"caption":"SES Creative"},"image":{"@id":"https:\/\/ses-creative.com\/#\/schema\/logo\/image\/"}}]}},"_links":{"self":[{"href":"https:\/\/ses-creative.com\/de\/wp-json\/wp\/v2\/product\/114630","targetHints":{"allow":["GET"]}}],"collection":[{"href":"https:\/\/ses-creative.com\/de\/wp-json\/wp\/v2\/product"}],"about":[{"href":"https:\/\/ses-creative.com\/de\/wp-json\/wp\/v2\/types\/product"}],"replies":[{"embeddable":true,"href":"https:\/\/ses-creative.com\/de\/wp-json\/wp\/v2\/comments?post=114630"}],"wp:featuredmedia":[{"embeddable":true,"href":"https:\/\/ses-creative.com\/de\/wp-json\/wp\/v2\/media\/95156"}],"wp:attachment":[{"href":"https:\/\/ses-creative.com\/de\/wp-json\/wp\/v2\/media?parent=114630"}],"wp:term":[{"taxonomy":"product_brand","embeddable":true,"href":"https:\/\/ses-creative.com\/de\/wp-json\/wp\/v2\/product_brand?post=114630"},{"taxonomy":"product_cat","embeddable":true,"href":"https:\/\/ses-creative.com\/de\/wp-json\/wp\/v2\/product_cat?post=114630"},{"taxonomy":"product_tag","embeddable":true,"href":"https:\/\/ses-creative.com\/de\/wp-json\/wp\/v2\/product_tag?post=114630"}],"curies":[{"name":"wp","href":"https:\/\/api.w.org\/{rel}","templated":true}]}}