











{"id":114628,"date":"2026-02-05T13:52:34","date_gmt":"2026-02-05T13:52:34","guid":{"rendered":"https:\/\/ses-creative.com\/?post_type=product&#038;p=114628"},"modified":"2026-02-06T09:51:32","modified_gmt":"2026-02-06T09:51:32","slug":"mega-edelsteine-diamond-painting","status":"publish","type":"product","link":"https:\/\/ses-creative.com\/de\/produkt\/mega-edelsteine-diamond-painting\/","title":{"rendered":"Mega Edelsteine Diamond Painting"},"content":{"rendered":"<p>Das Giant Gem Diamond Painting-Set von SES Creative ist eine kreative Mosaik-Aktivit\u00e4t, die bereits ab 3 Jahren geeignet ist. Mit 65 riesigen Diamantaufklebern dekorieren Kinder 6 illustrierte Karten mit Motiven wie Einh\u00f6rnern, Feen und lustigen Tieren. Jeder Diamant l\u00e4sst sich einfach mit der Hand platzieren \u2013 ganz ohne Kleber oder Werkzeuge \u2013 und f\u00f6rdert die intuitive Handhabung. Die Aktivit\u00e4t st\u00e4rkt Feinmotorik, visuelle Wahrnehmung, Selbstst\u00e4ndigkeit und Konzentration. Die Karten sind stabil, die Edelsteine repositionierbar und das Erlebnis ist f\u00fcr Kleinkinder besonders bereichernd. Dieses Set von SES Creative wird in Enschede (Niederlande) aus waschbaren, hypoallergenen Materialien hergestellt und ist 100 % CO\u2082-neutral. Ein edukatives und sensorisches Spiel, das Freude an Kreativit\u00e4t vermittelt, die Motorik entwickelt und die Magie von Farben und Formen schon im Kindergartenalter entdecken l\u00e4sst.<\/p>\n","protected":false},"excerpt":{"rendered":"<p>Das Giant Gem Diamond Painting-Set von SES Creative ist eine kreative Mosaik-Aktivit\u00e4t, die bereits ab 3 Jahren geeignet ist. Mit 65 riesigen Diamantaufklebern dekorieren Kinder 6 illustrierte Karten mit Motiven wie Einh\u00f6rnern, Feen und lustigen Tieren. Jeder Diamant l\u00e4sst sich einfach mit der Hand platzieren \u2013 ganz ohne Kleber oder Werkzeuge \u2013 und f\u00f6rdert die [&hellip;]<\/p>\n","protected":false},"featured_media":101328,"comment_status":"closed","ping_status":"closed","template":"","meta":{"_acf_changed":false},"product_brand":[],"product_cat":[115],"product_tag":[],"class_list":{"0":"post-114628","1":"product","2":"type-product","3":"status-publish","4":"has-post-thumbnail","6":"product_cat-basteln","7":"pa_leeftijd-filter-3-4-jahre","8":"pa_meest-populair-bij-jungen-maedchen","10":"first","11":"instock","12":"shipping-taxable","13":"product-type-simple"},"acf":[],"yoast_head":"<!-- This site is optimized with the Yoast SEO plugin v27.2 - https:\/\/yoast.com\/product\/yoast-seo-wordpress\/ -->\n<title>Mega Edelsteine Diamond Painting - SES Creative<\/title>\n<meta name=\"robots\" content=\"index, follow, max-snippet:-1, max-image-preview:large, max-video-preview:-1\" \/>\n<link rel=\"canonical\" href=\"https:\/\/ses-creative.com\/de\/produkt\/mega-edelsteine-diamond-painting\/\" \/>\n<meta property=\"og:locale\" content=\"de_DE\" \/>\n<meta property=\"og:type\" content=\"article\" \/>\n<meta property=\"og:title\" content=\"Mega Edelsteine Diamond Painting - SES Creative\" \/>\n<meta property=\"og:description\" content=\"Das Giant Gem Diamond Painting-Set von SES Creative ist eine kreative Mosaik-Aktivit\u00e4t, die bereits ab 3 Jahren geeignet ist. Mit 65 riesigen Diamantaufklebern dekorieren Kinder 6 illustrierte Karten mit Motiven wie Einh\u00f6rnern, Feen und lustigen Tieren. Jeder Diamant l\u00e4sst sich einfach mit der Hand platzieren \u2013 ganz ohne Kleber oder Werkzeuge \u2013 und f\u00f6rdert die [&hellip;]\" \/>\n<meta property=\"og:url\" content=\"https:\/\/ses-creative.com\/de\/produkt\/mega-edelsteine-diamond-painting\/\" \/>\n<meta property=\"og:site_name\" content=\"SES Creative\" \/>\n<meta property=\"article:modified_time\" content=\"2026-02-06T09:51:32+00:00\" \/>\n<meta name=\"twitter:card\" content=\"summary_large_image\" \/>\n<meta name=\"twitter:label1\" content=\"Gesch\u00e4tzte Lesezeit\" \/>\n\t<meta name=\"twitter:data1\" content=\"1\u00a0Minute\" \/>\n<script type=\"application\/ld+json\" class=\"yoast-schema-graph\">{\"@context\":\"https:\/\/schema.org\",\"@graph\":[{\"@type\":\"WebPage\",\"@id\":\"https:\/\/ses-creative.com\/de\/produkt\/mega-edelsteine-diamond-painting\/\",\"url\":\"https:\/\/ses-creative.com\/de\/produkt\/mega-edelsteine-diamond-painting\/\",\"name\":\"Mega Edelsteine Diamond Painting - SES Creative\",\"isPartOf\":{\"@id\":\"https:\/\/ses-creative.com\/#website\"},\"primaryImageOfPage\":{\"@id\":\"https:\/\/ses-creative.com\/de\/produkt\/mega-edelsteine-diamond-painting\/#primaryimage\"},\"image\":{\"@id\":\"https:\/\/ses-creative.com\/de\/produkt\/mega-edelsteine-diamond-painting\/#primaryimage\"},\"thumbnailUrl\":\"https:\/\/ses-creative.com\/wp-content\/uploads\/2026\/01\/140271.jpg\",\"datePublished\":\"2026-02-05T13:52:34+00:00\",\"dateModified\":\"2026-02-06T09:51:32+00:00\",\"breadcrumb\":{\"@id\":\"https:\/\/ses-creative.com\/de\/produkt\/mega-edelsteine-diamond-painting\/#breadcrumb\"},\"inLanguage\":\"de\",\"potentialAction\":[{\"@type\":\"ReadAction\",\"target\":[\"https:\/\/ses-creative.com\/de\/produkt\/mega-edelsteine-diamond-painting\/\"]}]},{\"@type\":\"ImageObject\",\"inLanguage\":\"de\",\"@id\":\"https:\/\/ses-creative.com\/de\/produkt\/mega-edelsteine-diamond-painting\/#primaryimage\",\"url\":\"https:\/\/ses-creative.com\/wp-content\/uploads\/2026\/01\/140271.jpg\",\"contentUrl\":\"https:\/\/ses-creative.com\/wp-content\/uploads\/2026\/01\/140271.jpg\",\"width\":1000,\"height\":1000},{\"@type\":\"BreadcrumbList\",\"@id\":\"https:\/\/ses-creative.com\/de\/produkt\/mega-edelsteine-diamond-painting\/#breadcrumb\",\"itemListElement\":[{\"@type\":\"ListItem\",\"position\":1,\"name\":\"Shop\",\"item\":\"https:\/\/ses-creative.com\/de\/shop\/\"},{\"@type\":\"ListItem\",\"position\":2,\"name\":\"Basteln\",\"item\":\"https:\/\/ses-creative.com\/de\/product-categorie\/basteln\/\"},{\"@type\":\"ListItem\",\"position\":3,\"name\":\"Mega Edelsteine Diamond Painting\"}]},{\"@type\":\"WebSite\",\"@id\":\"https:\/\/ses-creative.com\/#website\",\"url\":\"https:\/\/ses-creative.com\/\",\"name\":\"SES Creative\",\"description\":\"\",\"publisher\":{\"@id\":\"https:\/\/ses-creative.com\/#organization\"},\"potentialAction\":[{\"@type\":\"SearchAction\",\"target\":{\"@type\":\"EntryPoint\",\"urlTemplate\":\"https:\/\/ses-creative.com\/?s={search_term_string}\"},\"query-input\":{\"@type\":\"PropertyValueSpecification\",\"valueRequired\":true,\"valueName\":\"search_term_string\"}}],\"inLanguage\":\"de\"},{\"@type\":\"Organization\",\"@id\":\"https:\/\/ses-creative.com\/#organization\",\"name\":\"SES Creative\",\"url\":\"https:\/\/ses-creative.com\/\",\"logo\":{\"@type\":\"ImageObject\",\"inLanguage\":\"de\",\"@id\":\"https:\/\/ses-creative.com\/#\/schema\/logo\/image\/\",\"url\":\"https:\/\/ses-creative.com\/wp-content\/uploads\/2025\/10\/ses-creative-logo.jpg\",\"contentUrl\":\"https:\/\/ses-creative.com\/wp-content\/uploads\/2025\/10\/ses-creative-logo.jpg\",\"width\":2037,\"height\":2037,\"caption\":\"SES Creative\"},\"image\":{\"@id\":\"https:\/\/ses-creative.com\/#\/schema\/logo\/image\/\"}}]}<\/script>\n<!-- \/ Yoast SEO plugin. -->","yoast_head_json":{"title":"Mega Edelsteine Diamond Painting - SES Creative","robots":{"index":"index","follow":"follow","max-snippet":"max-snippet:-1","max-image-preview":"max-image-preview:large","max-video-preview":"max-video-preview:-1"},"canonical":"https:\/\/ses-creative.com\/de\/produkt\/mega-edelsteine-diamond-painting\/","og_locale":"de_DE","og_type":"article","og_title":"Mega Edelsteine Diamond Painting - SES Creative","og_description":"Das Giant Gem Diamond Painting-Set von SES Creative ist eine kreative Mosaik-Aktivit\u00e4t, die bereits ab 3 Jahren geeignet ist. Mit 65 riesigen Diamantaufklebern dekorieren Kinder 6 illustrierte Karten mit Motiven wie Einh\u00f6rnern, Feen und lustigen Tieren. Jeder Diamant l\u00e4sst sich einfach mit der Hand platzieren \u2013 ganz ohne Kleber oder Werkzeuge \u2013 und f\u00f6rdert die [&hellip;]","og_url":"https:\/\/ses-creative.com\/de\/produkt\/mega-edelsteine-diamond-painting\/","og_site_name":"SES Creative","article_modified_time":"2026-02-06T09:51:32+00:00","twitter_card":"summary_large_image","twitter_misc":{"Gesch\u00e4tzte Lesezeit":"1\u00a0Minute"},"schema":{"@context":"https:\/\/schema.org","@graph":[{"@type":"WebPage","@id":"https:\/\/ses-creative.com\/de\/produkt\/mega-edelsteine-diamond-painting\/","url":"https:\/\/ses-creative.com\/de\/produkt\/mega-edelsteine-diamond-painting\/","name":"Mega Edelsteine Diamond Painting - SES Creative","isPartOf":{"@id":"https:\/\/ses-creative.com\/#website"},"primaryImageOfPage":{"@id":"https:\/\/ses-creative.com\/de\/produkt\/mega-edelsteine-diamond-painting\/#primaryimage"},"image":{"@id":"https:\/\/ses-creative.com\/de\/produkt\/mega-edelsteine-diamond-painting\/#primaryimage"},"thumbnailUrl":"https:\/\/ses-creative.com\/wp-content\/uploads\/2026\/01\/140271.jpg","datePublished":"2026-02-05T13:52:34+00:00","dateModified":"2026-02-06T09:51:32+00:00","breadcrumb":{"@id":"https:\/\/ses-creative.com\/de\/produkt\/mega-edelsteine-diamond-painting\/#breadcrumb"},"inLanguage":"de","potentialAction":[{"@type":"ReadAction","target":["https:\/\/ses-creative.com\/de\/produkt\/mega-edelsteine-diamond-painting\/"]}]},{"@type":"ImageObject","inLanguage":"de","@id":"https:\/\/ses-creative.com\/de\/produkt\/mega-edelsteine-diamond-painting\/#primaryimage","url":"https:\/\/ses-creative.com\/wp-content\/uploads\/2026\/01\/140271.jpg","contentUrl":"https:\/\/ses-creative.com\/wp-content\/uploads\/2026\/01\/140271.jpg","width":1000,"height":1000},{"@type":"BreadcrumbList","@id":"https:\/\/ses-creative.com\/de\/produkt\/mega-edelsteine-diamond-painting\/#breadcrumb","itemListElement":[{"@type":"ListItem","position":1,"name":"Shop","item":"https:\/\/ses-creative.com\/de\/shop\/"},{"@type":"ListItem","position":2,"name":"Basteln","item":"https:\/\/ses-creative.com\/de\/product-categorie\/basteln\/"},{"@type":"ListItem","position":3,"name":"Mega Edelsteine Diamond Painting"}]},{"@type":"WebSite","@id":"https:\/\/ses-creative.com\/#website","url":"https:\/\/ses-creative.com\/","name":"SES Creative","description":"","publisher":{"@id":"https:\/\/ses-creative.com\/#organization"},"potentialAction":[{"@type":"SearchAction","target":{"@type":"EntryPoint","urlTemplate":"https:\/\/ses-creative.com\/?s={search_term_string}"},"query-input":{"@type":"PropertyValueSpecification","valueRequired":true,"valueName":"search_term_string"}}],"inLanguage":"de"},{"@type":"Organization","@id":"https:\/\/ses-creative.com\/#organization","name":"SES Creative","url":"https:\/\/ses-creative.com\/","logo":{"@type":"ImageObject","inLanguage":"de","@id":"https:\/\/ses-creative.com\/#\/schema\/logo\/image\/","url":"https:\/\/ses-creative.com\/wp-content\/uploads\/2025\/10\/ses-creative-logo.jpg","contentUrl":"https:\/\/ses-creative.com\/wp-content\/uploads\/2025\/10\/ses-creative-logo.jpg","width":2037,"height":2037,"caption":"SES Creative"},"image":{"@id":"https:\/\/ses-creative.com\/#\/schema\/logo\/image\/"}}]}},"_links":{"self":[{"href":"https:\/\/ses-creative.com\/de\/wp-json\/wp\/v2\/product\/114628","targetHints":{"allow":["GET"]}}],"collection":[{"href":"https:\/\/ses-creative.com\/de\/wp-json\/wp\/v2\/product"}],"about":[{"href":"https:\/\/ses-creative.com\/de\/wp-json\/wp\/v2\/types\/product"}],"replies":[{"embeddable":true,"href":"https:\/\/ses-creative.com\/de\/wp-json\/wp\/v2\/comments?post=114628"}],"wp:featuredmedia":[{"embeddable":true,"href":"https:\/\/ses-creative.com\/de\/wp-json\/wp\/v2\/media\/101328"}],"wp:attachment":[{"href":"https:\/\/ses-creative.com\/de\/wp-json\/wp\/v2\/media?parent=114628"}],"wp:term":[{"taxonomy":"product_brand","embeddable":true,"href":"https:\/\/ses-creative.com\/de\/wp-json\/wp\/v2\/product_brand?post=114628"},{"taxonomy":"product_cat","embeddable":true,"href":"https:\/\/ses-creative.com\/de\/wp-json\/wp\/v2\/product_cat?post=114628"},{"taxonomy":"product_tag","embeddable":true,"href":"https:\/\/ses-creative.com\/de\/wp-json\/wp\/v2\/product_tag?post=114628"}],"curies":[{"name":"wp","href":"https:\/\/api.w.org\/{rel}","templated":true}]}}